{"id":32031,"date":"2025-03-20T05:59:32","date_gmt":"2025-03-20T05:59:32","guid":{"rendered":"https:\/\/aigleshopping.ca\/produit\/mode-europeenne-et-americaine-pull-en-brocart-manches-longues-manteau-de-tricot-plus-size-top\/"},"modified":"2025-03-20T05:59:32","modified_gmt":"2025-03-20T05:59:32","slug":"mode-europeenne-et-americaine-pull-en-brocart-manches-longues-manteau-de-tricot-plus-size-top","status":"publish","type":"product","link":"https:\/\/aigleshopping.ca\/fr\/produit\/mode-europeenne-et-americaine-pull-en-brocart-manches-longues-manteau-de-tricot-plus-size-top\/","title":{"rendered":"Mode europ\u00e9enne et am\u00e9ricaine Pull en brocart Manches longues Manteau de tricot Plus Size Top"},"content":{"rendered":"<p> <b>Informations sur le produit :<\/b> <br \/> \u00c9paisseur : ordinaire <br \/> Nom du tissu : Coton <br \/> Couleur : kaki, gris <br \/> Composition du tissu principal : Coton <br \/> Convient aux personnes : Jeunes <br \/> Taille : S,M,L,XL,2XL,3XL,4XL,5XL <br \/> Version : Loose <br \/> Style : commuting   <\/p>\n<p> <\/p>\n<p><b>Taille :<\/b><br \/>\n<br \/> <br \/>\n<img decoding=\"async\" src=\"https:\/\/oss-cf.cjdropshipping.com\/product\/2025\/02\/22\/05\/bb484cd7-e63e-4028-b052-eb3057f8fcfa.jpg\" data-key=\"1\"> <\/p>\n<p> <\/p>\n<p> <\/p>\n<p><b>Note :<\/b> <\/p>\n<div>\n  1. Les tailles asiatiques sont 1 \u00e0 2 tailles plus petites que les tailles europ\u00e9ennes et am\u00e9ricaines. Choisissez la taille la plus grande si votre taille se situe entre deux tailles. Veuillez tenir compte d&rsquo;une diff\u00e9rence de 2 \u00e0 3 cm due aux mesures manuelles. 2. Si vous ne savez pas comment choisir votre taille, veuillez contacter notre service client\u00e8le. 3) Comme vous le savez, les ordinateurs affichent les couleurs diff\u00e9remment, la couleur de l&rsquo;article r\u00e9el peut varier l\u00e9g\u00e8rement par rapport aux images suivantes.<br \/>\n <br \/> <br \/>\n <b> <br \/> <\/b> <\/p>\n<div>\n  <b> <br \/> <\/b>\n <\/div>\n<div>\n  <b>Liste de colisage : <\/b><br \/>\n  <br \/> Pull x1  <\/p>\n<p> <\/p>\n<p> <\/p>\n<p>  <b>Image du produit<\/b><br \/>\n  <b>:<\/b> <\/p>\n<div>\n   <img decoding=\"async\" src=\"https:\/\/oss-cf.cjdropshipping.com\/product\/2025\/02\/23\/05\/06ae7fea-27a7-4552-ad0e-049fd2f6f539.jpg\" data-src=\"https:\/\/cbu01.alicdn.com\/img\/ibank\/O1CN01herdSw1ilykTJN2az_!!3527124454-0-cib.jpg\" data-key=\"2\" data-uploadossfail=\"false\"><br \/>\n   <img decoding=\"async\" src=\"https:\/\/oss-cf.cjdropshipping.com\/product\/2025\/02\/23\/05\/bd0ec937-418a-4427-9b45-59a9a834fbd8.jpg\" data-src=\"https:\/\/cbu01.alicdn.com\/img\/ibank\/O1CN01YMikzr1ilykVkqoru_!!3527124454-0-cib.jpg\" data-key=\"3\" data-uploadossfail=\"false\"><br \/>\n   <img decoding=\"async\" src=\"https:\/\/oss-cf.cjdropshipping.com\/product\/2025\/02\/23\/05\/52c8b35b-3714-4a3e-872d-ae0d2e410ff0.jpg\" data-src=\"https:\/\/cbu01.alicdn.com\/img\/ibank\/O1CN016pv4gD1ilykYR6iMY_!!3527124454-0-cib.jpg\" data-key=\"4\" data-uploadossfail=\"false\"><br \/>\n   <img decoding=\"async\" src=\"https:\/\/oss-cf.cjdropshipping.com\/product\/2025\/02\/23\/05\/8e60a92c-1f80-4b1d-8c8d-775d14fb37cd.jpg\" data-src=\"https:\/\/cbu01.alicdn.com\/img\/ibank\/O1CN01rtio7K1ilykWHdeM3_!!3527124454-0-cib.jpg\" data-key=\"5\" data-uploadossfail=\"false\">\n  <\/div>\n<\/p><\/div>\n<\/div>\n","protected":false},"excerpt":{"rendered":"<p>Informations sur le produit : \u00c9paisseur : ordinaire Nom du tissu : Coton Couleur : kaki, gris Composition du tissu principal : Coton Convient aux personnes : Jeunes Taille : S,M,L,XL,2XL,3XL,4XL,5XL Version : Loose Style : commuting Taille : Note : 1. Les tailles asiatiques sont 1 \u00e0 2 tailles plus petites que les tailles [&hellip;]<\/p>\n","protected":false},"featured_media":24356,"comment_status":"open","ping_status":"closed","template":"","meta":{"content-type":""},"product_brand":[],"product_cat":[691],"product_tag":[],"class_list":{"0":"post-32031","1":"product","2":"type-product","3":"status-publish","4":"has-post-thumbnail","6":"product_cat-sweatshirt-fr-2","8":"first","9":"instock","10":"taxable","11":"shipping-taxable","12":"purchasable","13":"product-type-variable","14":"add-to-wishlist-after_add_to_cart"},"yoast_head":"<!-- This site is optimized with the Yoast SEO plugin v27.4 - https:\/\/yoast.com\/product\/yoast-seo-wordpress\/ -->\n<title>Mode europ\u00e9enne et am\u00e9ricaine Pull en brocart Manches longues Manteau de tricot Plus Size Top - Aigle Shopping Canada<\/title>\n<meta name=\"robots\" content=\"index, follow, max-snippet:-1, max-image-preview:large, max-video-preview:-1\" \/>\n<link rel=\"canonical\" href=\"https:\/\/aigleshopping.ca\/fr\/produit\/mode-europeenne-et-americaine-pull-en-brocart-manches-longues-manteau-de-tricot-plus-size-top\/\" \/>\n<meta property=\"og:locale\" content=\"fr_FR\" \/>\n<meta property=\"og:type\" content=\"article\" \/>\n<meta property=\"og:title\" content=\"Mode europ\u00e9enne et am\u00e9ricaine Pull en brocart Manches longues Manteau de tricot Plus Size Top - Aigle Shopping Canada\" \/>\n<meta property=\"og:description\" content=\"Informations sur le produit : \u00c9paisseur : ordinaire Nom du tissu : Coton Couleur : kaki, gris Composition du tissu principal : Coton Convient aux personnes : Jeunes Taille : S,M,L,XL,2XL,3XL,4XL,5XL Version : Loose Style : commuting Taille : Note : 1. Les tailles asiatiques sont 1 \u00e0 2 tailles plus petites que les tailles [&hellip;]\" \/>\n<meta property=\"og:url\" content=\"https:\/\/aigleshopping.ca\/fr\/produit\/mode-europeenne-et-americaine-pull-en-brocart-manches-longues-manteau-de-tricot-plus-size-top\/\" \/>\n<meta property=\"og:site_name\" content=\"Aigle Shopping Canada\" \/>\n<meta property=\"og:image\" content=\"https:\/\/aigleshopping.ca\/wp-content\/uploads\/2025\/03\/bb207ee2-3c22-4b72-9408-74b848952366.jpg\" \/>\n\t<meta property=\"og:image:width\" content=\"1000\" \/>\n\t<meta property=\"og:image:height\" content=\"1000\" \/>\n\t<meta property=\"og:image:type\" content=\"image\/jpeg\" \/>\n<meta name=\"twitter:card\" content=\"summary_large_image\" \/>\n<meta name=\"twitter:label1\" content=\"Dur\u00e9e de lecture estim\u00e9e\" \/>\n\t<meta name=\"twitter:data1\" content=\"1 minute\" \/>\n<script type=\"application\/ld+json\" class=\"yoast-schema-graph\">{\"@context\":\"https:\\\/\\\/schema.org\",\"@graph\":[{\"@type\":\"WebPage\",\"@id\":\"https:\\\/\\\/aigleshopping.ca\\\/fr\\\/produit\\\/mode-europeenne-et-americaine-pull-en-brocart-manches-longues-manteau-de-tricot-plus-size-top\\\/\",\"url\":\"https:\\\/\\\/aigleshopping.ca\\\/fr\\\/produit\\\/mode-europeenne-et-americaine-pull-en-brocart-manches-longues-manteau-de-tricot-plus-size-top\\\/\",\"name\":\"Mode europ\u00e9enne et am\u00e9ricaine Pull en brocart Manches longues Manteau de tricot Plus Size Top - Aigle Shopping Canada\",\"isPartOf\":{\"@id\":\"https:\\\/\\\/aigleshopping.ca\\\/#website\"},\"primaryImageOfPage\":{\"@id\":\"https:\\\/\\\/aigleshopping.ca\\\/fr\\\/produit\\\/mode-europeenne-et-americaine-pull-en-brocart-manches-longues-manteau-de-tricot-plus-size-top\\\/#primaryimage\"},\"image\":{\"@id\":\"https:\\\/\\\/aigleshopping.ca\\\/fr\\\/produit\\\/mode-europeenne-et-americaine-pull-en-brocart-manches-longues-manteau-de-tricot-plus-size-top\\\/#primaryimage\"},\"thumbnailUrl\":\"https:\\\/\\\/aigleshopping.ca\\\/wp-content\\\/uploads\\\/2025\\\/03\\\/bb207ee2-3c22-4b72-9408-74b848952366.jpg\",\"datePublished\":\"2025-03-20T05:59:32+00:00\",\"breadcrumb\":{\"@id\":\"https:\\\/\\\/aigleshopping.ca\\\/fr\\\/produit\\\/mode-europeenne-et-americaine-pull-en-brocart-manches-longues-manteau-de-tricot-plus-size-top\\\/#breadcrumb\"},\"inLanguage\":\"fr-FR\",\"potentialAction\":[{\"@type\":\"ReadAction\",\"target\":[\"https:\\\/\\\/aigleshopping.ca\\\/fr\\\/produit\\\/mode-europeenne-et-americaine-pull-en-brocart-manches-longues-manteau-de-tricot-plus-size-top\\\/\"]}]},{\"@type\":\"ImageObject\",\"inLanguage\":\"fr-FR\",\"@id\":\"https:\\\/\\\/aigleshopping.ca\\\/fr\\\/produit\\\/mode-europeenne-et-americaine-pull-en-brocart-manches-longues-manteau-de-tricot-plus-size-top\\\/#primaryimage\",\"url\":\"https:\\\/\\\/aigleshopping.ca\\\/wp-content\\\/uploads\\\/2025\\\/03\\\/bb207ee2-3c22-4b72-9408-74b848952366.jpg\",\"contentUrl\":\"https:\\\/\\\/aigleshopping.ca\\\/wp-content\\\/uploads\\\/2025\\\/03\\\/bb207ee2-3c22-4b72-9408-74b848952366.jpg\",\"width\":1000,\"height\":1000},{\"@type\":\"BreadcrumbList\",\"@id\":\"https:\\\/\\\/aigleshopping.ca\\\/fr\\\/produit\\\/mode-europeenne-et-americaine-pull-en-brocart-manches-longues-manteau-de-tricot-plus-size-top\\\/#breadcrumb\",\"itemListElement\":[{\"@type\":\"ListItem\",\"position\":1,\"name\":\"Home\",\"item\":\"https:\\\/\\\/aigleshopping.ca\\\/fr\\\/home\\\/\"},{\"@type\":\"ListItem\",\"position\":2,\"name\":\"Products\",\"item\":\"https:\\\/\\\/aigleshopping.ca\\\/shop\\\/\"},{\"@type\":\"ListItem\",\"position\":3,\"name\":\"Mode europ\u00e9enne et am\u00e9ricaine Pull en brocart Manches longues Manteau de tricot Plus Size Top\"}]},{\"@type\":\"WebSite\",\"@id\":\"https:\\\/\\\/aigleshopping.ca\\\/#website\",\"url\":\"https:\\\/\\\/aigleshopping.ca\\\/\",\"name\":\"Aigle Shopping Canada\",\"description\":\"Au-del\u00e0 des fronti\u00e8res, pour vous offrir le\u00a0meilleur!\",\"publisher\":{\"@id\":\"https:\\\/\\\/aigleshopping.ca\\\/#organization\"},\"potentialAction\":[{\"@type\":\"SearchAction\",\"target\":{\"@type\":\"EntryPoint\",\"urlTemplate\":\"https:\\\/\\\/aigleshopping.ca\\\/?s={search_term_string}\"},\"query-input\":{\"@type\":\"PropertyValueSpecification\",\"valueRequired\":true,\"valueName\":\"search_term_string\"}}],\"inLanguage\":\"fr-FR\"},{\"@type\":\"Organization\",\"@id\":\"https:\\\/\\\/aigleshopping.ca\\\/#organization\",\"name\":\"Aigle Shopping Canada\",\"url\":\"https:\\\/\\\/aigleshopping.ca\\\/\",\"logo\":{\"@type\":\"ImageObject\",\"inLanguage\":\"fr-FR\",\"@id\":\"https:\\\/\\\/aigleshopping.ca\\\/#\\\/schema\\\/logo\\\/image\\\/\",\"url\":\"https:\\\/\\\/aigleshopping.ca\\\/wp-content\\\/uploads\\\/2025\\\/12\\\/logo_aigleshopping_ca.png\",\"contentUrl\":\"https:\\\/\\\/aigleshopping.ca\\\/wp-content\\\/uploads\\\/2025\\\/12\\\/logo_aigleshopping_ca.png\",\"width\":800,\"height\":233,\"caption\":\"Aigle Shopping Canada\"},\"image\":{\"@id\":\"https:\\\/\\\/aigleshopping.ca\\\/#\\\/schema\\\/logo\\\/image\\\/\"}}]}<\/script>\n<!-- \/ Yoast SEO plugin. -->","yoast_head_json":{"title":"Mode europ\u00e9enne et am\u00e9ricaine Pull en brocart Manches longues Manteau de tricot Plus Size Top - Aigle Shopping Canada","robots":{"index":"index","follow":"follow","max-snippet":"max-snippet:-1","max-image-preview":"max-image-preview:large","max-video-preview":"max-video-preview:-1"},"canonical":"https:\/\/aigleshopping.ca\/fr\/produit\/mode-europeenne-et-americaine-pull-en-brocart-manches-longues-manteau-de-tricot-plus-size-top\/","og_locale":"fr_FR","og_type":"article","og_title":"Mode europ\u00e9enne et am\u00e9ricaine Pull en brocart Manches longues Manteau de tricot Plus Size Top - Aigle Shopping Canada","og_description":"Informations sur le produit : \u00c9paisseur : ordinaire Nom du tissu : Coton Couleur : kaki, gris Composition du tissu principal : Coton Convient aux personnes : Jeunes Taille : S,M,L,XL,2XL,3XL,4XL,5XL Version : Loose Style : commuting Taille : Note : 1. Les tailles asiatiques sont 1 \u00e0 2 tailles plus petites que les tailles [&hellip;]","og_url":"https:\/\/aigleshopping.ca\/fr\/produit\/mode-europeenne-et-americaine-pull-en-brocart-manches-longues-manteau-de-tricot-plus-size-top\/","og_site_name":"Aigle Shopping Canada","og_image":[{"width":1000,"height":1000,"url":"https:\/\/aigleshopping.ca\/wp-content\/uploads\/2025\/03\/bb207ee2-3c22-4b72-9408-74b848952366.jpg","type":"image\/jpeg"}],"twitter_card":"summary_large_image","twitter_misc":{"Dur\u00e9e de lecture estim\u00e9e":"1 minute"},"schema":{"@context":"https:\/\/schema.org","@graph":[{"@type":"WebPage","@id":"https:\/\/aigleshopping.ca\/fr\/produit\/mode-europeenne-et-americaine-pull-en-brocart-manches-longues-manteau-de-tricot-plus-size-top\/","url":"https:\/\/aigleshopping.ca\/fr\/produit\/mode-europeenne-et-americaine-pull-en-brocart-manches-longues-manteau-de-tricot-plus-size-top\/","name":"Mode europ\u00e9enne et am\u00e9ricaine Pull en brocart Manches longues Manteau de tricot Plus Size Top - Aigle Shopping Canada","isPartOf":{"@id":"https:\/\/aigleshopping.ca\/#website"},"primaryImageOfPage":{"@id":"https:\/\/aigleshopping.ca\/fr\/produit\/mode-europeenne-et-americaine-pull-en-brocart-manches-longues-manteau-de-tricot-plus-size-top\/#primaryimage"},"image":{"@id":"https:\/\/aigleshopping.ca\/fr\/produit\/mode-europeenne-et-americaine-pull-en-brocart-manches-longues-manteau-de-tricot-plus-size-top\/#primaryimage"},"thumbnailUrl":"https:\/\/aigleshopping.ca\/wp-content\/uploads\/2025\/03\/bb207ee2-3c22-4b72-9408-74b848952366.jpg","datePublished":"2025-03-20T05:59:32+00:00","breadcrumb":{"@id":"https:\/\/aigleshopping.ca\/fr\/produit\/mode-europeenne-et-americaine-pull-en-brocart-manches-longues-manteau-de-tricot-plus-size-top\/#breadcrumb"},"inLanguage":"fr-FR","potentialAction":[{"@type":"ReadAction","target":["https:\/\/aigleshopping.ca\/fr\/produit\/mode-europeenne-et-americaine-pull-en-brocart-manches-longues-manteau-de-tricot-plus-size-top\/"]}]},{"@type":"ImageObject","inLanguage":"fr-FR","@id":"https:\/\/aigleshopping.ca\/fr\/produit\/mode-europeenne-et-americaine-pull-en-brocart-manches-longues-manteau-de-tricot-plus-size-top\/#primaryimage","url":"https:\/\/aigleshopping.ca\/wp-content\/uploads\/2025\/03\/bb207ee2-3c22-4b72-9408-74b848952366.jpg","contentUrl":"https:\/\/aigleshopping.ca\/wp-content\/uploads\/2025\/03\/bb207ee2-3c22-4b72-9408-74b848952366.jpg","width":1000,"height":1000},{"@type":"BreadcrumbList","@id":"https:\/\/aigleshopping.ca\/fr\/produit\/mode-europeenne-et-americaine-pull-en-brocart-manches-longues-manteau-de-tricot-plus-size-top\/#breadcrumb","itemListElement":[{"@type":"ListItem","position":1,"name":"Home","item":"https:\/\/aigleshopping.ca\/fr\/home\/"},{"@type":"ListItem","position":2,"name":"Products","item":"https:\/\/aigleshopping.ca\/shop\/"},{"@type":"ListItem","position":3,"name":"Mode europ\u00e9enne et am\u00e9ricaine Pull en brocart Manches longues Manteau de tricot Plus Size Top"}]},{"@type":"WebSite","@id":"https:\/\/aigleshopping.ca\/#website","url":"https:\/\/aigleshopping.ca\/","name":"Aigle Shopping Canada","description":"Au-del\u00e0 des fronti\u00e8res, pour vous offrir le\u00a0meilleur!","publisher":{"@id":"https:\/\/aigleshopping.ca\/#organization"},"potentialAction":[{"@type":"SearchAction","target":{"@type":"EntryPoint","urlTemplate":"https:\/\/aigleshopping.ca\/?s={search_term_string}"},"query-input":{"@type":"PropertyValueSpecification","valueRequired":true,"valueName":"search_term_string"}}],"inLanguage":"fr-FR"},{"@type":"Organization","@id":"https:\/\/aigleshopping.ca\/#organization","name":"Aigle Shopping Canada","url":"https:\/\/aigleshopping.ca\/","logo":{"@type":"ImageObject","inLanguage":"fr-FR","@id":"https:\/\/aigleshopping.ca\/#\/schema\/logo\/image\/","url":"https:\/\/aigleshopping.ca\/wp-content\/uploads\/2025\/12\/logo_aigleshopping_ca.png","contentUrl":"https:\/\/aigleshopping.ca\/wp-content\/uploads\/2025\/12\/logo_aigleshopping_ca.png","width":800,"height":233,"caption":"Aigle Shopping Canada"},"image":{"@id":"https:\/\/aigleshopping.ca\/#\/schema\/logo\/image\/"}}]}},"jetpack_sharing_enabled":true,"_links":{"self":[{"href":"https:\/\/aigleshopping.ca\/fr\/wp-json\/wp\/v2\/product\/32031","targetHints":{"allow":["GET"]}}],"collection":[{"href":"https:\/\/aigleshopping.ca\/fr\/wp-json\/wp\/v2\/product"}],"about":[{"href":"https:\/\/aigleshopping.ca\/fr\/wp-json\/wp\/v2\/types\/product"}],"replies":[{"embeddable":true,"href":"https:\/\/aigleshopping.ca\/fr\/wp-json\/wp\/v2\/comments?post=32031"}],"wp:featuredmedia":[{"embeddable":true,"href":"https:\/\/aigleshopping.ca\/fr\/wp-json\/wp\/v2\/media\/24356"}],"wp:attachment":[{"href":"https:\/\/aigleshopping.ca\/fr\/wp-json\/wp\/v2\/media?parent=32031"}],"wp:term":[{"taxonomy":"product_brand","embeddable":true,"href":"https:\/\/aigleshopping.ca\/fr\/wp-json\/wp\/v2\/product_brand?post=32031"},{"taxonomy":"product_cat","embeddable":true,"href":"https:\/\/aigleshopping.ca\/fr\/wp-json\/wp\/v2\/product_cat?post=32031"},{"taxonomy":"product_tag","embeddable":true,"href":"https:\/\/aigleshopping.ca\/fr\/wp-json\/wp\/v2\/product_tag?post=32031"}],"curies":[{"name":"wp","href":"https:\/\/api.w.org\/{rel}","templated":true}]}}