{"id":32040,"date":"2025-03-20T05:52:47","date_gmt":"2025-03-20T05:52:47","guid":{"rendered":"https:\/\/aigleshopping.ca\/produit\/veste-masculine-chaude-et-decontractee\/"},"modified":"2025-03-20T05:52:47","modified_gmt":"2025-03-20T05:52:47","slug":"veste-masculine-chaude-et-decontractee","status":"publish","type":"product","link":"https:\/\/aigleshopping.ca\/fr\/produit\/veste-masculine-chaude-et-decontractee\/","title":{"rendered":"Veste masculine chaude et d\u00e9contract\u00e9e"},"content":{"rendered":"<p> <b>Informations sur le produit :<\/b> <br \/> Tissu : pure laine (95% ou plus) <br \/> Style de base : Ville \u00e0 la mode <br \/> Type de manches : Regular <br \/> Convient \u00e0 : jeunes gens <br \/> Tailles :56,52,54,48,50,58 <br \/> Couleur : Marron camel caf\u00e9, noir gris   <\/p>\n<p><b>Note :<\/b> 1. les tailles asiatiques sont 1 \u00e0 2 tailles plus petites que les tailles europ\u00e9ennes et am\u00e9ricaines. Choisissez la taille la plus grande si votre taille se situe entre deux tailles. Veuillez tenir compte d&rsquo;une diff\u00e9rence de 2 \u00e0 3 cm due aux mesures manuelles. 2. Si vous ne savez pas comment choisir votre taille, veuillez contacter notre service client\u00e8le. 3) Comme vous le savez, les ordinateurs affichent les couleurs diff\u00e9remment, la couleur de l&rsquo;article r\u00e9el peut varier l\u00e9g\u00e8rement par rapport aux images suivantes.<br \/>\n<br \/> <br \/>\n<b>Liste d&#8217;emballage :  <\/b><br \/>\n<br \/>  TOP*1<br \/>\n<br \/> <br \/>\n<b>Image du produit :<\/b><br \/>\n<br \/> <br \/>\n<img decoding=\"async\" src=\"https:\/\/oss-cf.cjdropshipping.com\/product\/2024\/11\/11\/14\/141decfa-4644-4ba1-9a88-423a465bd50c_trans.jpeg\"><br \/>\n<img decoding=\"async\" src=\"https:\/\/oss-cf.cjdropshipping.com\/product\/2024\/11\/11\/14\/242887d5-9d6e-4d72-9ece-203d7190d286.jpg\"><br \/>\n<img decoding=\"async\" src=\"https:\/\/oss-cf.cjdropshipping.com\/product\/2024\/11\/11\/14\/5b0fb71b-8292-44c5-ba6e-7d1f9026c54a.jpg\"><br \/>\n<img decoding=\"async\" src=\"https:\/\/oss-cf.cjdropshipping.com\/product\/2024\/11\/11\/14\/4f7e341a-edd9-4ad9-a3dd-69504b4fdcdb.jpg\"><br \/>\n<img decoding=\"async\" src=\"https:\/\/oss-cf.cjdropshipping.com\/product\/2024\/11\/11\/14\/57ab9637-703f-47a7-be49-bd6225aa7aef.jpg\"><br \/>\n<img decoding=\"async\" src=\"https:\/\/oss-cf.cjdropshipping.com\/product\/2024\/11\/11\/14\/042e2495-a1ec-45f0-8349-cf70c983e115.jpg\"><\/p>\n","protected":false},"excerpt":{"rendered":"<p>Informations sur le produit : Tissu : pure laine (95% ou plus) Style de base : Ville \u00e0 la mode Type de manches : Regular Convient \u00e0 : jeunes gens Tailles :56,52,54,48,50,58 Couleur : Marron camel caf\u00e9, noir gris Note : 1. les tailles asiatiques sont 1 \u00e0 2 tailles plus petites que les tailles [&hellip;]<\/p>\n","protected":false},"featured_media":24032,"comment_status":"open","ping_status":"closed","template":"","meta":{"content-type":""},"product_brand":[],"product_cat":[691],"product_tag":[],"class_list":{"0":"post-32040","1":"product","2":"type-product","3":"status-publish","4":"has-post-thumbnail","6":"product_cat-sweatshirt-fr-2","8":"first","9":"instock","10":"taxable","11":"shipping-taxable","12":"purchasable","13":"product-type-variable","14":"add-to-wishlist-after_add_to_cart"},"yoast_head":"<!-- This site is optimized with the Yoast SEO plugin v27.4 - https:\/\/yoast.com\/product\/yoast-seo-wordpress\/ -->\n<title>Veste masculine chaude et d\u00e9contract\u00e9e - Aigle Shopping Canada<\/title>\n<meta name=\"robots\" content=\"index, follow, max-snippet:-1, max-image-preview:large, max-video-preview:-1\" \/>\n<link rel=\"canonical\" href=\"https:\/\/aigleshopping.ca\/fr\/produit\/veste-masculine-chaude-et-decontractee\/\" \/>\n<meta property=\"og:locale\" content=\"fr_FR\" \/>\n<meta property=\"og:type\" content=\"article\" \/>\n<meta property=\"og:title\" content=\"Veste masculine chaude et d\u00e9contract\u00e9e - Aigle Shopping Canada\" \/>\n<meta property=\"og:description\" content=\"Informations sur le produit : Tissu : pure laine (95% ou plus) Style de base : Ville \u00e0 la mode Type de manches : Regular Convient \u00e0 : jeunes gens Tailles :56,52,54,48,50,58 Couleur : Marron camel caf\u00e9, noir gris Note : 1. les tailles asiatiques sont 1 \u00e0 2 tailles plus petites que les tailles [&hellip;]\" \/>\n<meta property=\"og:url\" content=\"https:\/\/aigleshopping.ca\/fr\/produit\/veste-masculine-chaude-et-decontractee\/\" \/>\n<meta property=\"og:site_name\" content=\"Aigle Shopping Canada\" \/>\n<meta property=\"og:image\" content=\"https:\/\/aigleshopping.ca\/wp-content\/uploads\/2025\/03\/2ca2b2bd-7c58-4f41-bd6f-1954a8129b45.jpg\" \/>\n\t<meta property=\"og:image:width\" content=\"706\" \/>\n\t<meta property=\"og:image:height\" content=\"706\" \/>\n\t<meta property=\"og:image:type\" content=\"image\/jpeg\" \/>\n<meta name=\"twitter:card\" content=\"summary_large_image\" \/>\n<meta name=\"twitter:label1\" content=\"Dur\u00e9e de lecture estim\u00e9e\" \/>\n\t<meta name=\"twitter:data1\" content=\"1 minute\" \/>\n<script type=\"application\/ld+json\" class=\"yoast-schema-graph\">{\"@context\":\"https:\\\/\\\/schema.org\",\"@graph\":[{\"@type\":\"WebPage\",\"@id\":\"https:\\\/\\\/aigleshopping.ca\\\/fr\\\/produit\\\/veste-masculine-chaude-et-decontractee\\\/\",\"url\":\"https:\\\/\\\/aigleshopping.ca\\\/fr\\\/produit\\\/veste-masculine-chaude-et-decontractee\\\/\",\"name\":\"Veste masculine chaude et d\u00e9contract\u00e9e - Aigle Shopping Canada\",\"isPartOf\":{\"@id\":\"https:\\\/\\\/aigleshopping.ca\\\/#website\"},\"primaryImageOfPage\":{\"@id\":\"https:\\\/\\\/aigleshopping.ca\\\/fr\\\/produit\\\/veste-masculine-chaude-et-decontractee\\\/#primaryimage\"},\"image\":{\"@id\":\"https:\\\/\\\/aigleshopping.ca\\\/fr\\\/produit\\\/veste-masculine-chaude-et-decontractee\\\/#primaryimage\"},\"thumbnailUrl\":\"https:\\\/\\\/aigleshopping.ca\\\/wp-content\\\/uploads\\\/2025\\\/03\\\/2ca2b2bd-7c58-4f41-bd6f-1954a8129b45.jpg\",\"datePublished\":\"2025-03-20T05:52:47+00:00\",\"breadcrumb\":{\"@id\":\"https:\\\/\\\/aigleshopping.ca\\\/fr\\\/produit\\\/veste-masculine-chaude-et-decontractee\\\/#breadcrumb\"},\"inLanguage\":\"fr-FR\",\"potentialAction\":[{\"@type\":\"ReadAction\",\"target\":[\"https:\\\/\\\/aigleshopping.ca\\\/fr\\\/produit\\\/veste-masculine-chaude-et-decontractee\\\/\"]}]},{\"@type\":\"ImageObject\",\"inLanguage\":\"fr-FR\",\"@id\":\"https:\\\/\\\/aigleshopping.ca\\\/fr\\\/produit\\\/veste-masculine-chaude-et-decontractee\\\/#primaryimage\",\"url\":\"https:\\\/\\\/aigleshopping.ca\\\/wp-content\\\/uploads\\\/2025\\\/03\\\/2ca2b2bd-7c58-4f41-bd6f-1954a8129b45.jpg\",\"contentUrl\":\"https:\\\/\\\/aigleshopping.ca\\\/wp-content\\\/uploads\\\/2025\\\/03\\\/2ca2b2bd-7c58-4f41-bd6f-1954a8129b45.jpg\",\"width\":706,\"height\":706},{\"@type\":\"BreadcrumbList\",\"@id\":\"https:\\\/\\\/aigleshopping.ca\\\/fr\\\/produit\\\/veste-masculine-chaude-et-decontractee\\\/#breadcrumb\",\"itemListElement\":[{\"@type\":\"ListItem\",\"position\":1,\"name\":\"Home\",\"item\":\"https:\\\/\\\/aigleshopping.ca\\\/fr\\\/home\\\/\"},{\"@type\":\"ListItem\",\"position\":2,\"name\":\"Products\",\"item\":\"https:\\\/\\\/aigleshopping.ca\\\/shop\\\/\"},{\"@type\":\"ListItem\",\"position\":3,\"name\":\"Veste masculine chaude et d\u00e9contract\u00e9e\"}]},{\"@type\":\"WebSite\",\"@id\":\"https:\\\/\\\/aigleshopping.ca\\\/#website\",\"url\":\"https:\\\/\\\/aigleshopping.ca\\\/\",\"name\":\"Aigle Shopping Canada\",\"description\":\"Au-del\u00e0 des fronti\u00e8res, pour vous offrir le\u00a0meilleur!\",\"publisher\":{\"@id\":\"https:\\\/\\\/aigleshopping.ca\\\/#organization\"},\"potentialAction\":[{\"@type\":\"SearchAction\",\"target\":{\"@type\":\"EntryPoint\",\"urlTemplate\":\"https:\\\/\\\/aigleshopping.ca\\\/?s={search_term_string}\"},\"query-input\":{\"@type\":\"PropertyValueSpecification\",\"valueRequired\":true,\"valueName\":\"search_term_string\"}}],\"inLanguage\":\"fr-FR\"},{\"@type\":\"Organization\",\"@id\":\"https:\\\/\\\/aigleshopping.ca\\\/#organization\",\"name\":\"Aigle Shopping Canada\",\"url\":\"https:\\\/\\\/aigleshopping.ca\\\/\",\"logo\":{\"@type\":\"ImageObject\",\"inLanguage\":\"fr-FR\",\"@id\":\"https:\\\/\\\/aigleshopping.ca\\\/#\\\/schema\\\/logo\\\/image\\\/\",\"url\":\"https:\\\/\\\/aigleshopping.ca\\\/wp-content\\\/uploads\\\/2025\\\/12\\\/logo_aigleshopping_ca.png\",\"contentUrl\":\"https:\\\/\\\/aigleshopping.ca\\\/wp-content\\\/uploads\\\/2025\\\/12\\\/logo_aigleshopping_ca.png\",\"width\":800,\"height\":233,\"caption\":\"Aigle Shopping Canada\"},\"image\":{\"@id\":\"https:\\\/\\\/aigleshopping.ca\\\/#\\\/schema\\\/logo\\\/image\\\/\"}}]}<\/script>\n<!-- \/ Yoast SEO plugin. -->","yoast_head_json":{"title":"Veste masculine chaude et d\u00e9contract\u00e9e - Aigle Shopping Canada","robots":{"index":"index","follow":"follow","max-snippet":"max-snippet:-1","max-image-preview":"max-image-preview:large","max-video-preview":"max-video-preview:-1"},"canonical":"https:\/\/aigleshopping.ca\/fr\/produit\/veste-masculine-chaude-et-decontractee\/","og_locale":"fr_FR","og_type":"article","og_title":"Veste masculine chaude et d\u00e9contract\u00e9e - Aigle Shopping Canada","og_description":"Informations sur le produit : Tissu : pure laine (95% ou plus) Style de base : Ville \u00e0 la mode Type de manches : Regular Convient \u00e0 : jeunes gens Tailles :56,52,54,48,50,58 Couleur : Marron camel caf\u00e9, noir gris Note : 1. les tailles asiatiques sont 1 \u00e0 2 tailles plus petites que les tailles [&hellip;]","og_url":"https:\/\/aigleshopping.ca\/fr\/produit\/veste-masculine-chaude-et-decontractee\/","og_site_name":"Aigle Shopping Canada","og_image":[{"width":706,"height":706,"url":"https:\/\/aigleshopping.ca\/wp-content\/uploads\/2025\/03\/2ca2b2bd-7c58-4f41-bd6f-1954a8129b45.jpg","type":"image\/jpeg"}],"twitter_card":"summary_large_image","twitter_misc":{"Dur\u00e9e de lecture estim\u00e9e":"1 minute"},"schema":{"@context":"https:\/\/schema.org","@graph":[{"@type":"WebPage","@id":"https:\/\/aigleshopping.ca\/fr\/produit\/veste-masculine-chaude-et-decontractee\/","url":"https:\/\/aigleshopping.ca\/fr\/produit\/veste-masculine-chaude-et-decontractee\/","name":"Veste masculine chaude et d\u00e9contract\u00e9e - Aigle Shopping Canada","isPartOf":{"@id":"https:\/\/aigleshopping.ca\/#website"},"primaryImageOfPage":{"@id":"https:\/\/aigleshopping.ca\/fr\/produit\/veste-masculine-chaude-et-decontractee\/#primaryimage"},"image":{"@id":"https:\/\/aigleshopping.ca\/fr\/produit\/veste-masculine-chaude-et-decontractee\/#primaryimage"},"thumbnailUrl":"https:\/\/aigleshopping.ca\/wp-content\/uploads\/2025\/03\/2ca2b2bd-7c58-4f41-bd6f-1954a8129b45.jpg","datePublished":"2025-03-20T05:52:47+00:00","breadcrumb":{"@id":"https:\/\/aigleshopping.ca\/fr\/produit\/veste-masculine-chaude-et-decontractee\/#breadcrumb"},"inLanguage":"fr-FR","potentialAction":[{"@type":"ReadAction","target":["https:\/\/aigleshopping.ca\/fr\/produit\/veste-masculine-chaude-et-decontractee\/"]}]},{"@type":"ImageObject","inLanguage":"fr-FR","@id":"https:\/\/aigleshopping.ca\/fr\/produit\/veste-masculine-chaude-et-decontractee\/#primaryimage","url":"https:\/\/aigleshopping.ca\/wp-content\/uploads\/2025\/03\/2ca2b2bd-7c58-4f41-bd6f-1954a8129b45.jpg","contentUrl":"https:\/\/aigleshopping.ca\/wp-content\/uploads\/2025\/03\/2ca2b2bd-7c58-4f41-bd6f-1954a8129b45.jpg","width":706,"height":706},{"@type":"BreadcrumbList","@id":"https:\/\/aigleshopping.ca\/fr\/produit\/veste-masculine-chaude-et-decontractee\/#breadcrumb","itemListElement":[{"@type":"ListItem","position":1,"name":"Home","item":"https:\/\/aigleshopping.ca\/fr\/home\/"},{"@type":"ListItem","position":2,"name":"Products","item":"https:\/\/aigleshopping.ca\/shop\/"},{"@type":"ListItem","position":3,"name":"Veste masculine chaude et d\u00e9contract\u00e9e"}]},{"@type":"WebSite","@id":"https:\/\/aigleshopping.ca\/#website","url":"https:\/\/aigleshopping.ca\/","name":"Aigle Shopping Canada","description":"Au-del\u00e0 des fronti\u00e8res, pour vous offrir le\u00a0meilleur!","publisher":{"@id":"https:\/\/aigleshopping.ca\/#organization"},"potentialAction":[{"@type":"SearchAction","target":{"@type":"EntryPoint","urlTemplate":"https:\/\/aigleshopping.ca\/?s={search_term_string}"},"query-input":{"@type":"PropertyValueSpecification","valueRequired":true,"valueName":"search_term_string"}}],"inLanguage":"fr-FR"},{"@type":"Organization","@id":"https:\/\/aigleshopping.ca\/#organization","name":"Aigle Shopping Canada","url":"https:\/\/aigleshopping.ca\/","logo":{"@type":"ImageObject","inLanguage":"fr-FR","@id":"https:\/\/aigleshopping.ca\/#\/schema\/logo\/image\/","url":"https:\/\/aigleshopping.ca\/wp-content\/uploads\/2025\/12\/logo_aigleshopping_ca.png","contentUrl":"https:\/\/aigleshopping.ca\/wp-content\/uploads\/2025\/12\/logo_aigleshopping_ca.png","width":800,"height":233,"caption":"Aigle Shopping Canada"},"image":{"@id":"https:\/\/aigleshopping.ca\/#\/schema\/logo\/image\/"}}]}},"jetpack_sharing_enabled":true,"_links":{"self":[{"href":"https:\/\/aigleshopping.ca\/fr\/wp-json\/wp\/v2\/product\/32040","targetHints":{"allow":["GET"]}}],"collection":[{"href":"https:\/\/aigleshopping.ca\/fr\/wp-json\/wp\/v2\/product"}],"about":[{"href":"https:\/\/aigleshopping.ca\/fr\/wp-json\/wp\/v2\/types\/product"}],"replies":[{"embeddable":true,"href":"https:\/\/aigleshopping.ca\/fr\/wp-json\/wp\/v2\/comments?post=32040"}],"wp:featuredmedia":[{"embeddable":true,"href":"https:\/\/aigleshopping.ca\/fr\/wp-json\/wp\/v2\/media\/24032"}],"wp:attachment":[{"href":"https:\/\/aigleshopping.ca\/fr\/wp-json\/wp\/v2\/media?parent=32040"}],"wp:term":[{"taxonomy":"product_brand","embeddable":true,"href":"https:\/\/aigleshopping.ca\/fr\/wp-json\/wp\/v2\/product_brand?post=32040"},{"taxonomy":"product_cat","embeddable":true,"href":"https:\/\/aigleshopping.ca\/fr\/wp-json\/wp\/v2\/product_cat?post=32040"},{"taxonomy":"product_tag","embeddable":true,"href":"https:\/\/aigleshopping.ca\/fr\/wp-json\/wp\/v2\/product_tag?post=32040"}],"curies":[{"name":"wp","href":"https:\/\/api.w.org\/{rel}","templated":true}]}}