{"id":32138,"date":"2025-03-20T05:39:25","date_gmt":"2025-03-20T05:39:25","guid":{"rendered":"https:\/\/aigleshopping.ca\/produit\/american-style-retro-pullover-men-fashion-brands-loose-pockets-all-match-casual-sweater\/"},"modified":"2025-03-20T05:39:25","modified_gmt":"2025-03-20T05:39:25","slug":"american-style-retro-pullover-men-fashion-brands-loose-pockets-all-match-casual-sweater","status":"publish","type":"product","link":"https:\/\/aigleshopping.ca\/fr\/produit\/american-style-retro-pullover-men-fashion-brands-loose-pockets-all-match-casual-sweater\/","title":{"rendered":"American Style Retro Pullover Men Fashion Brands Loose Pockets All-match Casual Sweater"},"content":{"rendered":"<p> <b>Informations sur le produit :<\/b> <br \/> Couleur : bleu fonc\u00e9, beige, noir, vert arm\u00e9e <br \/> Convient aux personnes : Adolescents <br \/> Taille : M, L, XL, XXL, XXXL <br \/> Version : Loose <br \/> Style : pull-over <br \/> \u00c9paisseur : ordinaire <br \/> Nom du tissu : m\u00e9lange de coton <br \/> Composition principale du tissu : fibre acrylique <br \/> Sexe applicable : Homme <br \/> Groupe d&rsquo;\u00e2ge concern\u00e9 : Adulte <br \/> Avec ou sans capuche : Capuche ou non : <br \/> Longueur des manches : manches longues <br \/> Saison appropri\u00e9e : Hiver <br \/> Style : Mode jeune  <\/p>\n<p><b>Note :<\/b> 1. les tailles asiatiques sont 1 \u00e0 2 tailles plus petites que les tailles europ\u00e9ennes et am\u00e9ricaines. Choisissez la taille la plus grande si votre taille se situe entre deux tailles. Veuillez tenir compte d&rsquo;une diff\u00e9rence de 2 \u00e0 3 cm due aux mesures manuelles. 2. Si vous ne savez pas comment choisir votre taille, veuillez contacter notre service client\u00e8le. 3) Comme vous le savez, les ordinateurs affichent les couleurs diff\u00e9remment, la couleur de l&rsquo;article r\u00e9el peut varier l\u00e9g\u00e8rement par rapport aux images suivantes.<br \/>\n<br \/> <br \/>\n<b>Liste d&#8217;emballage :  <\/b><br \/>\n<br \/>  Pull*1pcs<br \/>\n<br \/> <br \/>\n<b>Image du produit :<\/b><br \/>\n<br \/> <br \/>\n<img decoding=\"async\" src=\"https:\/\/oss-cf.cjdropshipping.com\/product\/2025\/02\/11\/01\/2a2966f8-6136-4709-a0bd-12ed098d0e9a_trans.jpeg\" data-key=\"1\"><br \/>\n<img decoding=\"async\" src=\"https:\/\/oss-cf.cjdropshipping.com\/product\/2025\/02\/11\/07\/a572cbae-4057-4d91-8b9e-d9822be37079.jpg\" data-src=\"https:\/\/cbu01.alicdn.com\/img\/ibank\/O1CN01pZqJuI1uVI2TtPFo4_!!2208682256042-0-cib.jpg\" data-key=\"2\" data-uploadossfail=\"false\"><br \/>\n<img decoding=\"async\" src=\"https:\/\/oss-cf.cjdropshipping.com\/product\/2025\/02\/11\/07\/e9e1243b-3859-4673-86fa-44058745ff56.jpg\" data-src=\"https:\/\/cbu01.alicdn.com\/img\/ibank\/O1CN01YFoCsa1uVI2Tna0fD_!!2208682256042-0-cib.jpg\" data-key=\"3\" data-uploadossfail=\"false\"><br \/>\n<img decoding=\"async\" src=\"https:\/\/oss-cf.cjdropshipping.com\/product\/2025\/02\/11\/07\/a6ef4977-90ab-46c3-be5b-2dccfcb9e0fe.jpg\" data-src=\"https:\/\/cbu01.alicdn.com\/img\/ibank\/O1CN01qaHjxU1uVI2U2YSYa_!!2208682256042-0-cib.jpg\" data-key=\"4\" data-uploadossfail=\"false\"><br \/>\n<img decoding=\"async\" src=\"https:\/\/oss-cf.cjdropshipping.com\/product\/2025\/02\/11\/07\/186a72b7-7a2a-4cda-ae66-0df89a95dd1b.jpg\" data-src=\"https:\/\/cbu01.alicdn.com\/img\/ibank\/O1CN01dosRrf1uVI2U2X3C4_!!2208682256042-0-cib.jpg\" data-key=\"5\" data-uploadossfail=\"false\"><br \/>\n<img decoding=\"async\" src=\"https:\/\/oss-cf.cjdropshipping.com\/product\/2025\/02\/11\/07\/ca97294b-18d7-4bcd-9baf-b83cf11ff30f.jpg\" data-src=\"https:\/\/cbu01.alicdn.com\/img\/ibank\/O1CN01wLtkrb1uVI2TKEvUP_!!2208682256042-0-cib.jpg\" data-key=\"6\" data-uploadossfail=\"false\"><br \/>\n<img decoding=\"async\" src=\"https:\/\/oss-cf.cjdropshipping.com\/product\/2025\/02\/11\/07\/87397e2e-0d0d-4bff-bd22-74f63cedb7b6.jpg\" data-src=\"https:\/\/cbu01.alicdn.com\/img\/ibank\/O1CN01Gtu3Zr1uVI2UU77V1_!!2208682256042-0-cib.jpg\" data-key=\"7\" data-uploadossfail=\"false\"><br \/>\n<img decoding=\"async\" src=\"https:\/\/oss-cf.cjdropshipping.com\/product\/2025\/02\/11\/07\/b85cca5c-61a6-4303-8dab-5b7fbe05ac27.jpg\" data-src=\"https:\/\/cbu01.alicdn.com\/img\/ibank\/O1CN01Brz75M1uVI2TncpIY_!!2208682256042-0-cib.jpg\" data-key=\"8\" data-uploadossfail=\"false\"><br \/>\n<img decoding=\"async\" src=\"https:\/\/oss-cf.cjdropshipping.com\/product\/2025\/02\/11\/07\/80b5ada9-1cca-4dac-b464-bdca07ed616f.jpg\" data-src=\"https:\/\/cbu01.alicdn.com\/img\/ibank\/O1CN01KNMlnY1uVI2WC0XpS_!!2208682256042-0-cib.jpg\" data-key=\"9\" data-uploadossfail=\"false\"><br \/>\n<img decoding=\"async\" src=\"https:\/\/oss-cf.cjdropshipping.com\/product\/2025\/02\/11\/07\/639ad4bd-4a88-4986-a958-2518dded2699.jpg\" data-src=\"https:\/\/cbu01.alicdn.com\/img\/ibank\/O1CN013XNKVV1uVI2VYCg0L_!!2208682256042-0-cib.jpg\" data-key=\"10\" data-uploadossfail=\"false\"><br \/>\n<img decoding=\"async\" src=\"https:\/\/oss-cf.cjdropshipping.com\/product\/2025\/02\/11\/07\/4fd388fd-797c-4e9f-a42e-21b7183fc726.jpg\" data-src=\"https:\/\/cbu01.alicdn.com\/img\/ibank\/O1CN010b5inZ1uVI2U2Yzmo_!!2208682256042-0-cib.jpg\" data-key=\"11\" data-uploadossfail=\"false\"><\/p>\n","protected":false},"excerpt":{"rendered":"<p>Informations sur le produit : Couleur : bleu fonc\u00e9, beige, noir, vert arm\u00e9e Convient aux personnes : Adolescents Taille : M, L, XL, XXL, XXXL Version : Loose Style : pull-over \u00c9paisseur : ordinaire Nom du tissu : m\u00e9lange de coton Composition principale du tissu : fibre acrylique Sexe applicable : Homme Groupe d&rsquo;\u00e2ge concern\u00e9 [&hellip;]<\/p>\n","protected":false},"featured_media":23278,"comment_status":"open","ping_status":"closed","template":"","meta":{"content-type":""},"product_brand":[],"product_cat":[691],"product_tag":[],"class_list":{"0":"post-32138","1":"product","2":"type-product","3":"status-publish","4":"has-post-thumbnail","6":"product_cat-sweatshirt-fr-2","8":"first","9":"instock","10":"taxable","11":"shipping-taxable","12":"purchasable","13":"product-type-variable","14":"add-to-wishlist-after_add_to_cart"},"yoast_head":"<!-- This site is optimized with the Yoast SEO plugin v27.4 - https:\/\/yoast.com\/product\/yoast-seo-wordpress\/ -->\n<title>American Style Retro Pullover Men Fashion Brands Loose Pockets All-match Casual Sweater - Aigle Shopping Canada<\/title>\n<meta name=\"robots\" content=\"index, follow, max-snippet:-1, max-image-preview:large, max-video-preview:-1\" \/>\n<link rel=\"canonical\" href=\"https:\/\/aigleshopping.ca\/fr\/produit\/american-style-retro-pullover-men-fashion-brands-loose-pockets-all-match-casual-sweater\/\" \/>\n<meta property=\"og:locale\" content=\"fr_FR\" \/>\n<meta property=\"og:type\" content=\"article\" \/>\n<meta property=\"og:title\" content=\"American Style Retro Pullover Men Fashion Brands Loose Pockets All-match Casual Sweater - Aigle Shopping Canada\" \/>\n<meta property=\"og:description\" content=\"Informations sur le produit : Couleur : bleu fonc\u00e9, beige, noir, vert arm\u00e9e Convient aux personnes : Adolescents Taille : M, L, XL, XXL, XXXL Version : Loose Style : pull-over \u00c9paisseur : ordinaire Nom du tissu : m\u00e9lange de coton Composition principale du tissu : fibre acrylique Sexe applicable : Homme Groupe d&rsquo;\u00e2ge concern\u00e9 [&hellip;]\" \/>\n<meta property=\"og:url\" content=\"https:\/\/aigleshopping.ca\/fr\/produit\/american-style-retro-pullover-men-fashion-brands-loose-pockets-all-match-casual-sweater\/\" \/>\n<meta property=\"og:site_name\" content=\"Aigle Shopping Canada\" \/>\n<meta property=\"og:image\" content=\"https:\/\/aigleshopping.ca\/wp-content\/uploads\/2025\/03\/O1CN01cUgk5c1uVI2Rx6TN5_2208682256042-0-cib.jpg\" \/>\n\t<meta property=\"og:image:width\" content=\"800\" \/>\n\t<meta property=\"og:image:height\" content=\"800\" \/>\n\t<meta property=\"og:image:type\" content=\"image\/jpeg\" \/>\n<meta name=\"twitter:card\" content=\"summary_large_image\" \/>\n<meta name=\"twitter:label1\" content=\"Dur\u00e9e de lecture estim\u00e9e\" \/>\n\t<meta name=\"twitter:data1\" content=\"1 minute\" \/>\n<script type=\"application\/ld+json\" class=\"yoast-schema-graph\">{\"@context\":\"https:\\\/\\\/schema.org\",\"@graph\":[{\"@type\":\"WebPage\",\"@id\":\"https:\\\/\\\/aigleshopping.ca\\\/fr\\\/produit\\\/american-style-retro-pullover-men-fashion-brands-loose-pockets-all-match-casual-sweater\\\/\",\"url\":\"https:\\\/\\\/aigleshopping.ca\\\/fr\\\/produit\\\/american-style-retro-pullover-men-fashion-brands-loose-pockets-all-match-casual-sweater\\\/\",\"name\":\"American Style Retro Pullover Men Fashion Brands Loose Pockets All-match Casual Sweater - Aigle Shopping Canada\",\"isPartOf\":{\"@id\":\"https:\\\/\\\/aigleshopping.ca\\\/#website\"},\"primaryImageOfPage\":{\"@id\":\"https:\\\/\\\/aigleshopping.ca\\\/fr\\\/produit\\\/american-style-retro-pullover-men-fashion-brands-loose-pockets-all-match-casual-sweater\\\/#primaryimage\"},\"image\":{\"@id\":\"https:\\\/\\\/aigleshopping.ca\\\/fr\\\/produit\\\/american-style-retro-pullover-men-fashion-brands-loose-pockets-all-match-casual-sweater\\\/#primaryimage\"},\"thumbnailUrl\":\"https:\\\/\\\/aigleshopping.ca\\\/wp-content\\\/uploads\\\/2025\\\/03\\\/O1CN01cUgk5c1uVI2Rx6TN5_2208682256042-0-cib.jpg\",\"datePublished\":\"2025-03-20T05:39:25+00:00\",\"breadcrumb\":{\"@id\":\"https:\\\/\\\/aigleshopping.ca\\\/fr\\\/produit\\\/american-style-retro-pullover-men-fashion-brands-loose-pockets-all-match-casual-sweater\\\/#breadcrumb\"},\"inLanguage\":\"fr-FR\",\"potentialAction\":[{\"@type\":\"ReadAction\",\"target\":[\"https:\\\/\\\/aigleshopping.ca\\\/fr\\\/produit\\\/american-style-retro-pullover-men-fashion-brands-loose-pockets-all-match-casual-sweater\\\/\"]}]},{\"@type\":\"ImageObject\",\"inLanguage\":\"fr-FR\",\"@id\":\"https:\\\/\\\/aigleshopping.ca\\\/fr\\\/produit\\\/american-style-retro-pullover-men-fashion-brands-loose-pockets-all-match-casual-sweater\\\/#primaryimage\",\"url\":\"https:\\\/\\\/aigleshopping.ca\\\/wp-content\\\/uploads\\\/2025\\\/03\\\/O1CN01cUgk5c1uVI2Rx6TN5_2208682256042-0-cib.jpg\",\"contentUrl\":\"https:\\\/\\\/aigleshopping.ca\\\/wp-content\\\/uploads\\\/2025\\\/03\\\/O1CN01cUgk5c1uVI2Rx6TN5_2208682256042-0-cib.jpg\",\"width\":800,\"height\":800},{\"@type\":\"BreadcrumbList\",\"@id\":\"https:\\\/\\\/aigleshopping.ca\\\/fr\\\/produit\\\/american-style-retro-pullover-men-fashion-brands-loose-pockets-all-match-casual-sweater\\\/#breadcrumb\",\"itemListElement\":[{\"@type\":\"ListItem\",\"position\":1,\"name\":\"Home\",\"item\":\"https:\\\/\\\/aigleshopping.ca\\\/fr\\\/home\\\/\"},{\"@type\":\"ListItem\",\"position\":2,\"name\":\"Products\",\"item\":\"https:\\\/\\\/aigleshopping.ca\\\/shop\\\/\"},{\"@type\":\"ListItem\",\"position\":3,\"name\":\"American Style Retro Pullover Men Fashion Brands Loose Pockets All-match Casual Sweater\"}]},{\"@type\":\"WebSite\",\"@id\":\"https:\\\/\\\/aigleshopping.ca\\\/#website\",\"url\":\"https:\\\/\\\/aigleshopping.ca\\\/\",\"name\":\"Aigle Shopping Canada\",\"description\":\"Au-del\u00e0 des fronti\u00e8res, pour vous offrir le\u00a0meilleur!\",\"publisher\":{\"@id\":\"https:\\\/\\\/aigleshopping.ca\\\/#organization\"},\"potentialAction\":[{\"@type\":\"SearchAction\",\"target\":{\"@type\":\"EntryPoint\",\"urlTemplate\":\"https:\\\/\\\/aigleshopping.ca\\\/?s={search_term_string}\"},\"query-input\":{\"@type\":\"PropertyValueSpecification\",\"valueRequired\":true,\"valueName\":\"search_term_string\"}}],\"inLanguage\":\"fr-FR\"},{\"@type\":\"Organization\",\"@id\":\"https:\\\/\\\/aigleshopping.ca\\\/#organization\",\"name\":\"Aigle Shopping Canada\",\"url\":\"https:\\\/\\\/aigleshopping.ca\\\/\",\"logo\":{\"@type\":\"ImageObject\",\"inLanguage\":\"fr-FR\",\"@id\":\"https:\\\/\\\/aigleshopping.ca\\\/#\\\/schema\\\/logo\\\/image\\\/\",\"url\":\"https:\\\/\\\/aigleshopping.ca\\\/wp-content\\\/uploads\\\/2025\\\/12\\\/logo_aigleshopping_ca.png\",\"contentUrl\":\"https:\\\/\\\/aigleshopping.ca\\\/wp-content\\\/uploads\\\/2025\\\/12\\\/logo_aigleshopping_ca.png\",\"width\":800,\"height\":233,\"caption\":\"Aigle Shopping Canada\"},\"image\":{\"@id\":\"https:\\\/\\\/aigleshopping.ca\\\/#\\\/schema\\\/logo\\\/image\\\/\"}}]}<\/script>\n<!-- \/ Yoast SEO plugin. -->","yoast_head_json":{"title":"American Style Retro Pullover Men Fashion Brands Loose Pockets All-match Casual Sweater - Aigle Shopping Canada","robots":{"index":"index","follow":"follow","max-snippet":"max-snippet:-1","max-image-preview":"max-image-preview:large","max-video-preview":"max-video-preview:-1"},"canonical":"https:\/\/aigleshopping.ca\/fr\/produit\/american-style-retro-pullover-men-fashion-brands-loose-pockets-all-match-casual-sweater\/","og_locale":"fr_FR","og_type":"article","og_title":"American Style Retro Pullover Men Fashion Brands Loose Pockets All-match Casual Sweater - Aigle Shopping Canada","og_description":"Informations sur le produit : Couleur : bleu fonc\u00e9, beige, noir, vert arm\u00e9e Convient aux personnes : Adolescents Taille : M, L, XL, XXL, XXXL Version : Loose Style : pull-over \u00c9paisseur : ordinaire Nom du tissu : m\u00e9lange de coton Composition principale du tissu : fibre acrylique Sexe applicable : Homme Groupe d&rsquo;\u00e2ge concern\u00e9 [&hellip;]","og_url":"https:\/\/aigleshopping.ca\/fr\/produit\/american-style-retro-pullover-men-fashion-brands-loose-pockets-all-match-casual-sweater\/","og_site_name":"Aigle Shopping Canada","og_image":[{"width":800,"height":800,"url":"https:\/\/aigleshopping.ca\/wp-content\/uploads\/2025\/03\/O1CN01cUgk5c1uVI2Rx6TN5_2208682256042-0-cib.jpg","type":"image\/jpeg"}],"twitter_card":"summary_large_image","twitter_misc":{"Dur\u00e9e de lecture estim\u00e9e":"1 minute"},"schema":{"@context":"https:\/\/schema.org","@graph":[{"@type":"WebPage","@id":"https:\/\/aigleshopping.ca\/fr\/produit\/american-style-retro-pullover-men-fashion-brands-loose-pockets-all-match-casual-sweater\/","url":"https:\/\/aigleshopping.ca\/fr\/produit\/american-style-retro-pullover-men-fashion-brands-loose-pockets-all-match-casual-sweater\/","name":"American Style Retro Pullover Men Fashion Brands Loose Pockets All-match Casual Sweater - Aigle Shopping Canada","isPartOf":{"@id":"https:\/\/aigleshopping.ca\/#website"},"primaryImageOfPage":{"@id":"https:\/\/aigleshopping.ca\/fr\/produit\/american-style-retro-pullover-men-fashion-brands-loose-pockets-all-match-casual-sweater\/#primaryimage"},"image":{"@id":"https:\/\/aigleshopping.ca\/fr\/produit\/american-style-retro-pullover-men-fashion-brands-loose-pockets-all-match-casual-sweater\/#primaryimage"},"thumbnailUrl":"https:\/\/aigleshopping.ca\/wp-content\/uploads\/2025\/03\/O1CN01cUgk5c1uVI2Rx6TN5_2208682256042-0-cib.jpg","datePublished":"2025-03-20T05:39:25+00:00","breadcrumb":{"@id":"https:\/\/aigleshopping.ca\/fr\/produit\/american-style-retro-pullover-men-fashion-brands-loose-pockets-all-match-casual-sweater\/#breadcrumb"},"inLanguage":"fr-FR","potentialAction":[{"@type":"ReadAction","target":["https:\/\/aigleshopping.ca\/fr\/produit\/american-style-retro-pullover-men-fashion-brands-loose-pockets-all-match-casual-sweater\/"]}]},{"@type":"ImageObject","inLanguage":"fr-FR","@id":"https:\/\/aigleshopping.ca\/fr\/produit\/american-style-retro-pullover-men-fashion-brands-loose-pockets-all-match-casual-sweater\/#primaryimage","url":"https:\/\/aigleshopping.ca\/wp-content\/uploads\/2025\/03\/O1CN01cUgk5c1uVI2Rx6TN5_2208682256042-0-cib.jpg","contentUrl":"https:\/\/aigleshopping.ca\/wp-content\/uploads\/2025\/03\/O1CN01cUgk5c1uVI2Rx6TN5_2208682256042-0-cib.jpg","width":800,"height":800},{"@type":"BreadcrumbList","@id":"https:\/\/aigleshopping.ca\/fr\/produit\/american-style-retro-pullover-men-fashion-brands-loose-pockets-all-match-casual-sweater\/#breadcrumb","itemListElement":[{"@type":"ListItem","position":1,"name":"Home","item":"https:\/\/aigleshopping.ca\/fr\/home\/"},{"@type":"ListItem","position":2,"name":"Products","item":"https:\/\/aigleshopping.ca\/shop\/"},{"@type":"ListItem","position":3,"name":"American Style Retro Pullover Men Fashion Brands Loose Pockets All-match Casual Sweater"}]},{"@type":"WebSite","@id":"https:\/\/aigleshopping.ca\/#website","url":"https:\/\/aigleshopping.ca\/","name":"Aigle Shopping Canada","description":"Au-del\u00e0 des fronti\u00e8res, pour vous offrir le\u00a0meilleur!","publisher":{"@id":"https:\/\/aigleshopping.ca\/#organization"},"potentialAction":[{"@type":"SearchAction","target":{"@type":"EntryPoint","urlTemplate":"https:\/\/aigleshopping.ca\/?s={search_term_string}"},"query-input":{"@type":"PropertyValueSpecification","valueRequired":true,"valueName":"search_term_string"}}],"inLanguage":"fr-FR"},{"@type":"Organization","@id":"https:\/\/aigleshopping.ca\/#organization","name":"Aigle Shopping Canada","url":"https:\/\/aigleshopping.ca\/","logo":{"@type":"ImageObject","inLanguage":"fr-FR","@id":"https:\/\/aigleshopping.ca\/#\/schema\/logo\/image\/","url":"https:\/\/aigleshopping.ca\/wp-content\/uploads\/2025\/12\/logo_aigleshopping_ca.png","contentUrl":"https:\/\/aigleshopping.ca\/wp-content\/uploads\/2025\/12\/logo_aigleshopping_ca.png","width":800,"height":233,"caption":"Aigle Shopping Canada"},"image":{"@id":"https:\/\/aigleshopping.ca\/#\/schema\/logo\/image\/"}}]}},"jetpack_sharing_enabled":true,"_links":{"self":[{"href":"https:\/\/aigleshopping.ca\/fr\/wp-json\/wp\/v2\/product\/32138","targetHints":{"allow":["GET"]}}],"collection":[{"href":"https:\/\/aigleshopping.ca\/fr\/wp-json\/wp\/v2\/product"}],"about":[{"href":"https:\/\/aigleshopping.ca\/fr\/wp-json\/wp\/v2\/types\/product"}],"replies":[{"embeddable":true,"href":"https:\/\/aigleshopping.ca\/fr\/wp-json\/wp\/v2\/comments?post=32138"}],"wp:featuredmedia":[{"embeddable":true,"href":"https:\/\/aigleshopping.ca\/fr\/wp-json\/wp\/v2\/media\/23278"}],"wp:attachment":[{"href":"https:\/\/aigleshopping.ca\/fr\/wp-json\/wp\/v2\/media?parent=32138"}],"wp:term":[{"taxonomy":"product_brand","embeddable":true,"href":"https:\/\/aigleshopping.ca\/fr\/wp-json\/wp\/v2\/product_brand?post=32138"},{"taxonomy":"product_cat","embeddable":true,"href":"https:\/\/aigleshopping.ca\/fr\/wp-json\/wp\/v2\/product_cat?post=32138"},{"taxonomy":"product_tag","embeddable":true,"href":"https:\/\/aigleshopping.ca\/fr\/wp-json\/wp\/v2\/product_tag?post=32138"}],"curies":[{"name":"wp","href":"https:\/\/api.w.org\/{rel}","templated":true}]}}