{"id":32177,"date":"2025-03-20T05:43:35","date_gmt":"2025-03-20T05:43:35","guid":{"rendered":"https:\/\/aigleshopping.ca\/produit\/autumn-new-round-neck-pullover-base-autumn-new-mens-sweater\/"},"modified":"2025-03-20T05:43:35","modified_gmt":"2025-03-20T05:43:35","slug":"autumn-new-round-neck-pullover-base-autumn-new-mens-sweater","status":"publish","type":"product","link":"https:\/\/aigleshopping.ca\/fr\/produit\/autumn-new-round-neck-pullover-base-autumn-new-mens-sweater\/","title":{"rendered":"Autumn New Round Neck Pullover Base Autumn New Men&rsquo;s Sweater"},"content":{"rendered":"<p> <b>Informations sur le produit :<\/b> <br \/> Couleur : blanc, gris, noir, kaki  <br \/>  Convient aux personnes : Jeunes  <br \/>  Taille : M,XXXL,L,XXL,XL  <br \/>  Version : slim fit  <br \/>  Style : pull-over  <br \/>  \u00c9paisseur : ordinaire  <br \/>  Nom du tissu : m\u00e9lange de fibres chimiques  <br \/>  Sc\u00e9narios applicables : Loisirs  <br \/>  Personnes concern\u00e9es : Jeunes  <br \/>  Composition du tissu principal : Fibre de polyester (polyester)  <br \/>  Sexe applicable : Homme  <br \/>  Groupe d&rsquo;\u00e2ge concern\u00e9 : Adulte  <br \/>  Longueur des manches : manches longues  <br \/>  Saison appropri\u00e9e : Automne  <br \/>  Style : Grand public  <br \/>  Proc\u00e9d\u00e9 : traitement sans repassage   <\/p>\n<p><b>Taille :<\/b><br \/>\n<br \/> <br \/>\n<img decoding=\"async\" src=\"https:\/\/oss-cf.cjdropshipping.com\/product\/2024\/12\/17\/11\/d3fa16bd-b8b9-489e-b9c0-b7725b4859cd.jpeg?x-oss-process=image\/quality,q_100\"> <\/p>\n<p><b>Note :<\/b> <\/p>\n<p>  1. Les tailles asiatiques sont 1 \u00e0 2 tailles plus petites que les tailles europ\u00e9ennes et am\u00e9ricaines. Choisissez la taille la plus grande si votre taille se situe entre deux tailles. Veuillez tenir compte d&rsquo;une diff\u00e9rence de 2 \u00e0 3 cm due aux mesures manuelles. 2. Si vous ne savez pas comment choisir votre taille, veuillez contacter notre service client\u00e8le. 3) Comme vous le savez, les ordinateurs affichent les couleurs diff\u00e9remment, la couleur de l&rsquo;article r\u00e9el peut varier l\u00e9g\u00e8rement par rapport aux images suivantes.      <\/p>\n<p> <br \/>\n<b>Liste d&#8217;emballage :  <\/b><br \/>\n<br \/>  Chandail*1<br \/>\n <\/p>\n<p><b>Image du produit :<\/b><br \/>\n<br \/> <br \/>\n<img decoding=\"async\" src=\"https:\/\/oss-cf.cjdropshipping.com\/product\/2024\/12\/17\/11\/1fedf37f-e4ba-4021-a4ae-17aa41b9c8db_trans.jpeg\"><br \/>\n<img decoding=\"async\" src=\"https:\/\/oss-cf.cjdropshipping.com\/product\/2024\/12\/17\/11\/0906d1f7-7bab-4dbd-a019-79b8d887dc8e_trans.jpeg\"><br \/>\n<img decoding=\"async\" src=\"https:\/\/oss-cf.cjdropshipping.com\/product\/2024\/12\/17\/11\/de9fcb9b-ba4d-42b0-8383-f791da8b9b3b_trans.jpeg\"><br \/>\n<img decoding=\"async\" src=\"https:\/\/oss-cf.cjdropshipping.com\/product\/2024\/12\/17\/11\/1d243b41-426e-436e-bea9-1a31502855da_trans.jpeg\"><br \/>\n<img decoding=\"async\" src=\"https:\/\/oss-cf.cjdropshipping.com\/product\/2024\/12\/17\/11\/92dd78c3-34d8-4cfa-8319-729d22238e79_trans.jpeg\"><br \/>\n<img decoding=\"async\" src=\"https:\/\/oss-cf.cjdropshipping.com\/product\/2024\/12\/17\/11\/b0dd0662-96ae-4550-9ab2-10b336857a7c_trans.jpeg\"><br \/>\n<img decoding=\"async\" src=\"https:\/\/oss-cf.cjdropshipping.com\/product\/2024\/12\/17\/11\/ba3c2346-9a39-4907-94b7-5d871160022b_trans.jpeg\"><br \/>\n<img decoding=\"async\" src=\"https:\/\/oss-cf.cjdropshipping.com\/product\/2024\/12\/17\/11\/b330f73c-6d50-4e7f-8030-73cc5a9143fa_trans.jpeg\"><br \/>\n<img decoding=\"async\" src=\"https:\/\/oss-cf.cjdropshipping.com\/product\/2024\/12\/17\/11\/6d10ba5d-d635-42a4-9306-dfcfb734f4ed_trans.jpeg\"><br \/>\n<img decoding=\"async\" src=\"https:\/\/oss-cf.cjdropshipping.com\/product\/2024\/12\/17\/11\/d36e1403-b2d7-4f86-8c37-c45b4d4f8e94_trans.jpeg\"><br \/>\n<img decoding=\"async\" src=\"https:\/\/oss-cf.cjdropshipping.com\/product\/2024\/12\/17\/11\/e4f95603-b653-4a2a-962f-f8121b93374f_trans.jpeg\"><br \/>\n<img decoding=\"async\" src=\"https:\/\/oss-cf.cjdropshipping.com\/product\/2024\/12\/17\/11\/f552ae8e-0d9b-402b-bc4a-37f89391dd04_trans.jpeg\"><\/p>\n","protected":false},"excerpt":{"rendered":"<p>Informations sur le produit : Couleur : blanc, gris, noir, kaki Convient aux personnes : Jeunes Taille : M,XXXL,L,XXL,XL Version : slim fit Style : pull-over \u00c9paisseur : ordinaire Nom du tissu : m\u00e9lange de fibres chimiques Sc\u00e9narios applicables : Loisirs Personnes concern\u00e9es : Jeunes Composition du tissu principal : Fibre de polyester (polyester) Sexe [&hellip;]<\/p>\n","protected":false},"featured_media":23532,"comment_status":"open","ping_status":"closed","template":"","meta":{"content-type":""},"product_brand":[],"product_cat":[691],"product_tag":[],"class_list":{"0":"post-32177","1":"product","2":"type-product","3":"status-publish","4":"has-post-thumbnail","6":"product_cat-sweatshirt-fr-2","8":"first","9":"instock","10":"taxable","11":"shipping-taxable","12":"purchasable","13":"product-type-variable","14":"add-to-wishlist-after_add_to_cart"},"yoast_head":"<!-- This site is optimized with the Yoast SEO plugin v27.4 - https:\/\/yoast.com\/product\/yoast-seo-wordpress\/ -->\n<title>Autumn New Round Neck Pullover Base Autumn New Men&#039;s Sweater - Aigle Shopping Canada<\/title>\n<meta name=\"robots\" content=\"index, follow, max-snippet:-1, max-image-preview:large, max-video-preview:-1\" \/>\n<link rel=\"canonical\" href=\"https:\/\/aigleshopping.ca\/fr\/produit\/autumn-new-round-neck-pullover-base-autumn-new-mens-sweater\/\" \/>\n<meta property=\"og:locale\" content=\"fr_FR\" \/>\n<meta property=\"og:type\" content=\"article\" \/>\n<meta property=\"og:title\" content=\"Autumn New Round Neck Pullover Base Autumn New Men&#039;s Sweater - Aigle Shopping Canada\" \/>\n<meta property=\"og:description\" content=\"Informations sur le produit : Couleur : blanc, gris, noir, kaki Convient aux personnes : Jeunes Taille : M,XXXL,L,XXL,XL Version : slim fit Style : pull-over \u00c9paisseur : ordinaire Nom du tissu : m\u00e9lange de fibres chimiques Sc\u00e9narios applicables : Loisirs Personnes concern\u00e9es : Jeunes Composition du tissu principal : Fibre de polyester (polyester) Sexe [&hellip;]\" \/>\n<meta property=\"og:url\" content=\"https:\/\/aigleshopping.ca\/fr\/produit\/autumn-new-round-neck-pullover-base-autumn-new-mens-sweater\/\" \/>\n<meta property=\"og:site_name\" content=\"Aigle Shopping Canada\" \/>\n<meta property=\"og:image\" content=\"https:\/\/aigleshopping.ca\/wp-content\/uploads\/2025\/03\/a74cb9a8-e7d5-4a36-81bc-721d28260e5d.jpg\" \/>\n\t<meta property=\"og:image:width\" content=\"800\" \/>\n\t<meta property=\"og:image:height\" content=\"800\" \/>\n\t<meta property=\"og:image:type\" content=\"image\/jpeg\" \/>\n<meta name=\"twitter:card\" content=\"summary_large_image\" \/>\n<meta name=\"twitter:label1\" content=\"Dur\u00e9e de lecture estim\u00e9e\" \/>\n\t<meta name=\"twitter:data1\" content=\"1 minute\" \/>\n<script type=\"application\/ld+json\" class=\"yoast-schema-graph\">{\"@context\":\"https:\\\/\\\/schema.org\",\"@graph\":[{\"@type\":\"WebPage\",\"@id\":\"https:\\\/\\\/aigleshopping.ca\\\/fr\\\/produit\\\/autumn-new-round-neck-pullover-base-autumn-new-mens-sweater\\\/\",\"url\":\"https:\\\/\\\/aigleshopping.ca\\\/fr\\\/produit\\\/autumn-new-round-neck-pullover-base-autumn-new-mens-sweater\\\/\",\"name\":\"Autumn New Round Neck Pullover Base Autumn New Men's Sweater - Aigle Shopping Canada\",\"isPartOf\":{\"@id\":\"https:\\\/\\\/aigleshopping.ca\\\/#website\"},\"primaryImageOfPage\":{\"@id\":\"https:\\\/\\\/aigleshopping.ca\\\/fr\\\/produit\\\/autumn-new-round-neck-pullover-base-autumn-new-mens-sweater\\\/#primaryimage\"},\"image\":{\"@id\":\"https:\\\/\\\/aigleshopping.ca\\\/fr\\\/produit\\\/autumn-new-round-neck-pullover-base-autumn-new-mens-sweater\\\/#primaryimage\"},\"thumbnailUrl\":\"https:\\\/\\\/aigleshopping.ca\\\/wp-content\\\/uploads\\\/2025\\\/03\\\/a74cb9a8-e7d5-4a36-81bc-721d28260e5d.jpg\",\"datePublished\":\"2025-03-20T05:43:35+00:00\",\"breadcrumb\":{\"@id\":\"https:\\\/\\\/aigleshopping.ca\\\/fr\\\/produit\\\/autumn-new-round-neck-pullover-base-autumn-new-mens-sweater\\\/#breadcrumb\"},\"inLanguage\":\"fr-FR\",\"potentialAction\":[{\"@type\":\"ReadAction\",\"target\":[\"https:\\\/\\\/aigleshopping.ca\\\/fr\\\/produit\\\/autumn-new-round-neck-pullover-base-autumn-new-mens-sweater\\\/\"]}]},{\"@type\":\"ImageObject\",\"inLanguage\":\"fr-FR\",\"@id\":\"https:\\\/\\\/aigleshopping.ca\\\/fr\\\/produit\\\/autumn-new-round-neck-pullover-base-autumn-new-mens-sweater\\\/#primaryimage\",\"url\":\"https:\\\/\\\/aigleshopping.ca\\\/wp-content\\\/uploads\\\/2025\\\/03\\\/a74cb9a8-e7d5-4a36-81bc-721d28260e5d.jpg\",\"contentUrl\":\"https:\\\/\\\/aigleshopping.ca\\\/wp-content\\\/uploads\\\/2025\\\/03\\\/a74cb9a8-e7d5-4a36-81bc-721d28260e5d.jpg\",\"width\":800,\"height\":800},{\"@type\":\"BreadcrumbList\",\"@id\":\"https:\\\/\\\/aigleshopping.ca\\\/fr\\\/produit\\\/autumn-new-round-neck-pullover-base-autumn-new-mens-sweater\\\/#breadcrumb\",\"itemListElement\":[{\"@type\":\"ListItem\",\"position\":1,\"name\":\"Home\",\"item\":\"https:\\\/\\\/aigleshopping.ca\\\/fr\\\/home\\\/\"},{\"@type\":\"ListItem\",\"position\":2,\"name\":\"Products\",\"item\":\"https:\\\/\\\/aigleshopping.ca\\\/shop\\\/\"},{\"@type\":\"ListItem\",\"position\":3,\"name\":\"Autumn New Round Neck Pullover Base Autumn New Men&#8217;s Sweater\"}]},{\"@type\":\"WebSite\",\"@id\":\"https:\\\/\\\/aigleshopping.ca\\\/#website\",\"url\":\"https:\\\/\\\/aigleshopping.ca\\\/\",\"name\":\"Aigle Shopping Canada\",\"description\":\"Au-del\u00e0 des fronti\u00e8res, pour vous offrir le\u00a0meilleur!\",\"publisher\":{\"@id\":\"https:\\\/\\\/aigleshopping.ca\\\/#organization\"},\"potentialAction\":[{\"@type\":\"SearchAction\",\"target\":{\"@type\":\"EntryPoint\",\"urlTemplate\":\"https:\\\/\\\/aigleshopping.ca\\\/?s={search_term_string}\"},\"query-input\":{\"@type\":\"PropertyValueSpecification\",\"valueRequired\":true,\"valueName\":\"search_term_string\"}}],\"inLanguage\":\"fr-FR\"},{\"@type\":\"Organization\",\"@id\":\"https:\\\/\\\/aigleshopping.ca\\\/#organization\",\"name\":\"Aigle Shopping Canada\",\"url\":\"https:\\\/\\\/aigleshopping.ca\\\/\",\"logo\":{\"@type\":\"ImageObject\",\"inLanguage\":\"fr-FR\",\"@id\":\"https:\\\/\\\/aigleshopping.ca\\\/#\\\/schema\\\/logo\\\/image\\\/\",\"url\":\"https:\\\/\\\/aigleshopping.ca\\\/wp-content\\\/uploads\\\/2025\\\/12\\\/logo_aigleshopping_ca.png\",\"contentUrl\":\"https:\\\/\\\/aigleshopping.ca\\\/wp-content\\\/uploads\\\/2025\\\/12\\\/logo_aigleshopping_ca.png\",\"width\":800,\"height\":233,\"caption\":\"Aigle Shopping Canada\"},\"image\":{\"@id\":\"https:\\\/\\\/aigleshopping.ca\\\/#\\\/schema\\\/logo\\\/image\\\/\"}}]}<\/script>\n<!-- \/ Yoast SEO plugin. -->","yoast_head_json":{"title":"Autumn New Round Neck Pullover Base Autumn New Men's Sweater - Aigle Shopping Canada","robots":{"index":"index","follow":"follow","max-snippet":"max-snippet:-1","max-image-preview":"max-image-preview:large","max-video-preview":"max-video-preview:-1"},"canonical":"https:\/\/aigleshopping.ca\/fr\/produit\/autumn-new-round-neck-pullover-base-autumn-new-mens-sweater\/","og_locale":"fr_FR","og_type":"article","og_title":"Autumn New Round Neck Pullover Base Autumn New Men's Sweater - Aigle Shopping Canada","og_description":"Informations sur le produit : Couleur : blanc, gris, noir, kaki Convient aux personnes : Jeunes Taille : M,XXXL,L,XXL,XL Version : slim fit Style : pull-over \u00c9paisseur : ordinaire Nom du tissu : m\u00e9lange de fibres chimiques Sc\u00e9narios applicables : Loisirs Personnes concern\u00e9es : Jeunes Composition du tissu principal : Fibre de polyester (polyester) Sexe [&hellip;]","og_url":"https:\/\/aigleshopping.ca\/fr\/produit\/autumn-new-round-neck-pullover-base-autumn-new-mens-sweater\/","og_site_name":"Aigle Shopping Canada","og_image":[{"width":800,"height":800,"url":"https:\/\/aigleshopping.ca\/wp-content\/uploads\/2025\/03\/a74cb9a8-e7d5-4a36-81bc-721d28260e5d.jpg","type":"image\/jpeg"}],"twitter_card":"summary_large_image","twitter_misc":{"Dur\u00e9e de lecture estim\u00e9e":"1 minute"},"schema":{"@context":"https:\/\/schema.org","@graph":[{"@type":"WebPage","@id":"https:\/\/aigleshopping.ca\/fr\/produit\/autumn-new-round-neck-pullover-base-autumn-new-mens-sweater\/","url":"https:\/\/aigleshopping.ca\/fr\/produit\/autumn-new-round-neck-pullover-base-autumn-new-mens-sweater\/","name":"Autumn New Round Neck Pullover Base Autumn New Men's Sweater - Aigle Shopping Canada","isPartOf":{"@id":"https:\/\/aigleshopping.ca\/#website"},"primaryImageOfPage":{"@id":"https:\/\/aigleshopping.ca\/fr\/produit\/autumn-new-round-neck-pullover-base-autumn-new-mens-sweater\/#primaryimage"},"image":{"@id":"https:\/\/aigleshopping.ca\/fr\/produit\/autumn-new-round-neck-pullover-base-autumn-new-mens-sweater\/#primaryimage"},"thumbnailUrl":"https:\/\/aigleshopping.ca\/wp-content\/uploads\/2025\/03\/a74cb9a8-e7d5-4a36-81bc-721d28260e5d.jpg","datePublished":"2025-03-20T05:43:35+00:00","breadcrumb":{"@id":"https:\/\/aigleshopping.ca\/fr\/produit\/autumn-new-round-neck-pullover-base-autumn-new-mens-sweater\/#breadcrumb"},"inLanguage":"fr-FR","potentialAction":[{"@type":"ReadAction","target":["https:\/\/aigleshopping.ca\/fr\/produit\/autumn-new-round-neck-pullover-base-autumn-new-mens-sweater\/"]}]},{"@type":"ImageObject","inLanguage":"fr-FR","@id":"https:\/\/aigleshopping.ca\/fr\/produit\/autumn-new-round-neck-pullover-base-autumn-new-mens-sweater\/#primaryimage","url":"https:\/\/aigleshopping.ca\/wp-content\/uploads\/2025\/03\/a74cb9a8-e7d5-4a36-81bc-721d28260e5d.jpg","contentUrl":"https:\/\/aigleshopping.ca\/wp-content\/uploads\/2025\/03\/a74cb9a8-e7d5-4a36-81bc-721d28260e5d.jpg","width":800,"height":800},{"@type":"BreadcrumbList","@id":"https:\/\/aigleshopping.ca\/fr\/produit\/autumn-new-round-neck-pullover-base-autumn-new-mens-sweater\/#breadcrumb","itemListElement":[{"@type":"ListItem","position":1,"name":"Home","item":"https:\/\/aigleshopping.ca\/fr\/home\/"},{"@type":"ListItem","position":2,"name":"Products","item":"https:\/\/aigleshopping.ca\/shop\/"},{"@type":"ListItem","position":3,"name":"Autumn New Round Neck Pullover Base Autumn New Men&#8217;s Sweater"}]},{"@type":"WebSite","@id":"https:\/\/aigleshopping.ca\/#website","url":"https:\/\/aigleshopping.ca\/","name":"Aigle Shopping Canada","description":"Au-del\u00e0 des fronti\u00e8res, pour vous offrir le\u00a0meilleur!","publisher":{"@id":"https:\/\/aigleshopping.ca\/#organization"},"potentialAction":[{"@type":"SearchAction","target":{"@type":"EntryPoint","urlTemplate":"https:\/\/aigleshopping.ca\/?s={search_term_string}"},"query-input":{"@type":"PropertyValueSpecification","valueRequired":true,"valueName":"search_term_string"}}],"inLanguage":"fr-FR"},{"@type":"Organization","@id":"https:\/\/aigleshopping.ca\/#organization","name":"Aigle Shopping Canada","url":"https:\/\/aigleshopping.ca\/","logo":{"@type":"ImageObject","inLanguage":"fr-FR","@id":"https:\/\/aigleshopping.ca\/#\/schema\/logo\/image\/","url":"https:\/\/aigleshopping.ca\/wp-content\/uploads\/2025\/12\/logo_aigleshopping_ca.png","contentUrl":"https:\/\/aigleshopping.ca\/wp-content\/uploads\/2025\/12\/logo_aigleshopping_ca.png","width":800,"height":233,"caption":"Aigle Shopping Canada"},"image":{"@id":"https:\/\/aigleshopping.ca\/#\/schema\/logo\/image\/"}}]}},"jetpack_sharing_enabled":true,"_links":{"self":[{"href":"https:\/\/aigleshopping.ca\/fr\/wp-json\/wp\/v2\/product\/32177","targetHints":{"allow":["GET"]}}],"collection":[{"href":"https:\/\/aigleshopping.ca\/fr\/wp-json\/wp\/v2\/product"}],"about":[{"href":"https:\/\/aigleshopping.ca\/fr\/wp-json\/wp\/v2\/types\/product"}],"replies":[{"embeddable":true,"href":"https:\/\/aigleshopping.ca\/fr\/wp-json\/wp\/v2\/comments?post=32177"}],"wp:featuredmedia":[{"embeddable":true,"href":"https:\/\/aigleshopping.ca\/fr\/wp-json\/wp\/v2\/media\/23532"}],"wp:attachment":[{"href":"https:\/\/aigleshopping.ca\/fr\/wp-json\/wp\/v2\/media?parent=32177"}],"wp:term":[{"taxonomy":"product_brand","embeddable":true,"href":"https:\/\/aigleshopping.ca\/fr\/wp-json\/wp\/v2\/product_brand?post=32177"},{"taxonomy":"product_cat","embeddable":true,"href":"https:\/\/aigleshopping.ca\/fr\/wp-json\/wp\/v2\/product_cat?post=32177"},{"taxonomy":"product_tag","embeddable":true,"href":"https:\/\/aigleshopping.ca\/fr\/wp-json\/wp\/v2\/product_tag?post=32177"}],"curies":[{"name":"wp","href":"https:\/\/api.w.org\/{rel}","templated":true}]}}