{"id":32198,"date":"2025-03-20T05:44:37","date_gmt":"2025-03-20T05:44:37","guid":{"rendered":"https:\/\/aigleshopping.ca\/produit\/cardigan-manteau-hommes-printemps-et-automne-tendance-loose\/"},"modified":"2025-03-20T05:44:37","modified_gmt":"2025-03-20T05:44:37","slug":"cardigan-manteau-hommes-printemps-et-automne-tendance-loose","status":"publish","type":"product","link":"https:\/\/aigleshopping.ca\/fr\/produit\/cardigan-manteau-hommes-printemps-et-automne-tendance-loose\/","title":{"rendered":"Cardigan Manteau Hommes Printemps et Automne Tendance Loose"},"content":{"rendered":"<p> <b>Informations sur le produit :<\/b> <br \/> Couleur : LO6602 gris fonc\u00e9, LO6602 noir, LO6602 rouge vin, LO6602 bleu marine, LO6602 bleu ciel <br \/> Taille : M (environ 45,00 kg \u00e0 porter), L (environ 55,00 kg \u00e0 porter), XL (environ 65,00 kg \u00e0 porter), 2XL (environ 75,00 kg \u00e0 porter), 3XL (environ 82,50 kg \u00e0 porter) <br \/> Version : Loose <br \/> Style : Cardigan <br \/> Composition du tissu principal : Fibre de polyester (polyester) <br \/> Longueur des manches : manches longues  <\/p>\n<p><b>Note :<\/b> <\/p>\n<p>  1. Les tailles asiatiques sont 1 \u00e0 2 tailles plus petites que les tailles europ\u00e9ennes et am\u00e9ricaines. Choisissez la taille la plus grande si votre taille se situe entre deux tailles. Veuillez tenir compte d&rsquo;une diff\u00e9rence de 2 \u00e0 3 cm due aux mesures manuelles. 2. Si vous ne savez pas comment choisir votre taille, veuillez contacter notre service client\u00e8le. 3) Comme vous le savez, les ordinateurs affichent les couleurs diff\u00e9remment, la couleur de l&rsquo;article r\u00e9el peut varier l\u00e9g\u00e8rement par rapport aux images suivantes.      <\/p>\n<p> <br \/>\n<b>Liste d&#8217;emballage :  <\/b><br \/>\n<br \/>  Haut*1<br \/>\n <\/p>\n<p><b>Image du produit :<\/b><br \/>\n<br \/> <br \/>\n<img decoding=\"async\" src=\"https:\/\/oss-cf.cjdropshipping.com\/product\/2024\/12\/08\/07\/f3395687-834c-4367-818d-de8dda5161f2_trans.jpeg\"><br \/>\n<img decoding=\"async\" src=\"https:\/\/oss-cf.cjdropshipping.com\/product\/2024\/12\/08\/07\/b972181c-bf08-436d-a15b-8dfb717330ce.jpg\"><br \/>\n<img decoding=\"async\" src=\"https:\/\/oss-cf.cjdropshipping.com\/product\/2024\/12\/08\/07\/35e37358-0f1a-4222-8bcb-9d14db802408.jpg\"><br \/>\n<img decoding=\"async\" src=\"https:\/\/oss-cf.cjdropshipping.com\/product\/2024\/12\/08\/07\/7f34aef0-4661-4cd9-9ea6-bdc4458b0b9a.jpg\"><br \/>\n<img decoding=\"async\" src=\"https:\/\/oss-cf.cjdropshipping.com\/product\/2024\/12\/08\/07\/12c77f6d-a568-48bc-84bb-30fdb71eddf0.jpg\"><br \/>\n<img decoding=\"async\" src=\"https:\/\/oss-cf.cjdropshipping.com\/product\/2024\/12\/08\/07\/b9ea61f6-a754-4fb3-bee6-6a0021251146.jpg\"><\/p>\n","protected":false},"excerpt":{"rendered":"<p>Informations sur le produit : Couleur : LO6602 gris fonc\u00e9, LO6602 noir, LO6602 rouge vin, LO6602 bleu marine, LO6602 bleu ciel Taille : M (environ 45,00 kg \u00e0 porter), L (environ 55,00 kg \u00e0 porter), XL (environ 65,00 kg \u00e0 porter), 2XL (environ 75,00 kg \u00e0 porter), 3XL (environ 82,50 kg \u00e0 porter) Version : [&hellip;]<\/p>\n","protected":false},"featured_media":23590,"comment_status":"open","ping_status":"closed","template":"","meta":{"content-type":""},"product_brand":[],"product_cat":[691],"product_tag":[],"class_list":{"0":"post-32198","1":"product","2":"type-product","3":"status-publish","4":"has-post-thumbnail","6":"product_cat-sweatshirt-fr-2","8":"first","9":"instock","10":"taxable","11":"shipping-taxable","12":"purchasable","13":"product-type-variable","14":"add-to-wishlist-after_add_to_cart"},"yoast_head":"<!-- This site is optimized with the Yoast SEO plugin v27.4 - https:\/\/yoast.com\/product\/yoast-seo-wordpress\/ -->\n<title>Cardigan Manteau Hommes Printemps et Automne Tendance Loose - Aigle Shopping Canada<\/title>\n<meta name=\"robots\" content=\"index, follow, max-snippet:-1, max-image-preview:large, max-video-preview:-1\" \/>\n<link rel=\"canonical\" href=\"https:\/\/aigleshopping.ca\/fr\/produit\/cardigan-manteau-hommes-printemps-et-automne-tendance-loose\/\" \/>\n<meta property=\"og:locale\" content=\"fr_FR\" \/>\n<meta property=\"og:type\" content=\"article\" \/>\n<meta property=\"og:title\" content=\"Cardigan Manteau Hommes Printemps et Automne Tendance Loose - Aigle Shopping Canada\" \/>\n<meta property=\"og:description\" content=\"Informations sur le produit : Couleur : LO6602 gris fonc\u00e9, LO6602 noir, LO6602 rouge vin, LO6602 bleu marine, LO6602 bleu ciel Taille : M (environ 45,00 kg \u00e0 porter), L (environ 55,00 kg \u00e0 porter), XL (environ 65,00 kg \u00e0 porter), 2XL (environ 75,00 kg \u00e0 porter), 3XL (environ 82,50 kg \u00e0 porter) Version : [&hellip;]\" \/>\n<meta property=\"og:url\" content=\"https:\/\/aigleshopping.ca\/fr\/produit\/cardigan-manteau-hommes-printemps-et-automne-tendance-loose\/\" \/>\n<meta property=\"og:site_name\" content=\"Aigle Shopping Canada\" \/>\n<meta property=\"og:image\" content=\"https:\/\/aigleshopping.ca\/wp-content\/uploads\/2025\/03\/6f1223dc-9008-4a1f-8580-e6e8a91ec027.jpg\" \/>\n\t<meta property=\"og:image:width\" content=\"800\" \/>\n\t<meta property=\"og:image:height\" content=\"800\" \/>\n\t<meta property=\"og:image:type\" content=\"image\/jpeg\" \/>\n<meta name=\"twitter:card\" content=\"summary_large_image\" \/>\n<meta name=\"twitter:label1\" content=\"Dur\u00e9e de lecture estim\u00e9e\" \/>\n\t<meta name=\"twitter:data1\" content=\"1 minute\" \/>\n<script type=\"application\/ld+json\" class=\"yoast-schema-graph\">{\"@context\":\"https:\\\/\\\/schema.org\",\"@graph\":[{\"@type\":\"WebPage\",\"@id\":\"https:\\\/\\\/aigleshopping.ca\\\/fr\\\/produit\\\/cardigan-manteau-hommes-printemps-et-automne-tendance-loose\\\/\",\"url\":\"https:\\\/\\\/aigleshopping.ca\\\/fr\\\/produit\\\/cardigan-manteau-hommes-printemps-et-automne-tendance-loose\\\/\",\"name\":\"Cardigan Manteau Hommes Printemps et Automne Tendance Loose - Aigle Shopping Canada\",\"isPartOf\":{\"@id\":\"https:\\\/\\\/aigleshopping.ca\\\/#website\"},\"primaryImageOfPage\":{\"@id\":\"https:\\\/\\\/aigleshopping.ca\\\/fr\\\/produit\\\/cardigan-manteau-hommes-printemps-et-automne-tendance-loose\\\/#primaryimage\"},\"image\":{\"@id\":\"https:\\\/\\\/aigleshopping.ca\\\/fr\\\/produit\\\/cardigan-manteau-hommes-printemps-et-automne-tendance-loose\\\/#primaryimage\"},\"thumbnailUrl\":\"https:\\\/\\\/aigleshopping.ca\\\/wp-content\\\/uploads\\\/2025\\\/03\\\/6f1223dc-9008-4a1f-8580-e6e8a91ec027.jpg\",\"datePublished\":\"2025-03-20T05:44:37+00:00\",\"breadcrumb\":{\"@id\":\"https:\\\/\\\/aigleshopping.ca\\\/fr\\\/produit\\\/cardigan-manteau-hommes-printemps-et-automne-tendance-loose\\\/#breadcrumb\"},\"inLanguage\":\"fr-FR\",\"potentialAction\":[{\"@type\":\"ReadAction\",\"target\":[\"https:\\\/\\\/aigleshopping.ca\\\/fr\\\/produit\\\/cardigan-manteau-hommes-printemps-et-automne-tendance-loose\\\/\"]}]},{\"@type\":\"ImageObject\",\"inLanguage\":\"fr-FR\",\"@id\":\"https:\\\/\\\/aigleshopping.ca\\\/fr\\\/produit\\\/cardigan-manteau-hommes-printemps-et-automne-tendance-loose\\\/#primaryimage\",\"url\":\"https:\\\/\\\/aigleshopping.ca\\\/wp-content\\\/uploads\\\/2025\\\/03\\\/6f1223dc-9008-4a1f-8580-e6e8a91ec027.jpg\",\"contentUrl\":\"https:\\\/\\\/aigleshopping.ca\\\/wp-content\\\/uploads\\\/2025\\\/03\\\/6f1223dc-9008-4a1f-8580-e6e8a91ec027.jpg\",\"width\":800,\"height\":800},{\"@type\":\"BreadcrumbList\",\"@id\":\"https:\\\/\\\/aigleshopping.ca\\\/fr\\\/produit\\\/cardigan-manteau-hommes-printemps-et-automne-tendance-loose\\\/#breadcrumb\",\"itemListElement\":[{\"@type\":\"ListItem\",\"position\":1,\"name\":\"Home\",\"item\":\"https:\\\/\\\/aigleshopping.ca\\\/fr\\\/home\\\/\"},{\"@type\":\"ListItem\",\"position\":2,\"name\":\"Products\",\"item\":\"https:\\\/\\\/aigleshopping.ca\\\/shop\\\/\"},{\"@type\":\"ListItem\",\"position\":3,\"name\":\"Cardigan Manteau Hommes Printemps et Automne Tendance Loose\"}]},{\"@type\":\"WebSite\",\"@id\":\"https:\\\/\\\/aigleshopping.ca\\\/#website\",\"url\":\"https:\\\/\\\/aigleshopping.ca\\\/\",\"name\":\"Aigle Shopping Canada\",\"description\":\"Au-del\u00e0 des fronti\u00e8res, pour vous offrir le\u00a0meilleur!\",\"publisher\":{\"@id\":\"https:\\\/\\\/aigleshopping.ca\\\/#organization\"},\"potentialAction\":[{\"@type\":\"SearchAction\",\"target\":{\"@type\":\"EntryPoint\",\"urlTemplate\":\"https:\\\/\\\/aigleshopping.ca\\\/?s={search_term_string}\"},\"query-input\":{\"@type\":\"PropertyValueSpecification\",\"valueRequired\":true,\"valueName\":\"search_term_string\"}}],\"inLanguage\":\"fr-FR\"},{\"@type\":\"Organization\",\"@id\":\"https:\\\/\\\/aigleshopping.ca\\\/#organization\",\"name\":\"Aigle Shopping Canada\",\"url\":\"https:\\\/\\\/aigleshopping.ca\\\/\",\"logo\":{\"@type\":\"ImageObject\",\"inLanguage\":\"fr-FR\",\"@id\":\"https:\\\/\\\/aigleshopping.ca\\\/#\\\/schema\\\/logo\\\/image\\\/\",\"url\":\"https:\\\/\\\/aigleshopping.ca\\\/wp-content\\\/uploads\\\/2025\\\/12\\\/logo_aigleshopping_ca.png\",\"contentUrl\":\"https:\\\/\\\/aigleshopping.ca\\\/wp-content\\\/uploads\\\/2025\\\/12\\\/logo_aigleshopping_ca.png\",\"width\":800,\"height\":233,\"caption\":\"Aigle Shopping Canada\"},\"image\":{\"@id\":\"https:\\\/\\\/aigleshopping.ca\\\/#\\\/schema\\\/logo\\\/image\\\/\"}}]}<\/script>\n<!-- \/ Yoast SEO plugin. -->","yoast_head_json":{"title":"Cardigan Manteau Hommes Printemps et Automne Tendance Loose - Aigle Shopping Canada","robots":{"index":"index","follow":"follow","max-snippet":"max-snippet:-1","max-image-preview":"max-image-preview:large","max-video-preview":"max-video-preview:-1"},"canonical":"https:\/\/aigleshopping.ca\/fr\/produit\/cardigan-manteau-hommes-printemps-et-automne-tendance-loose\/","og_locale":"fr_FR","og_type":"article","og_title":"Cardigan Manteau Hommes Printemps et Automne Tendance Loose - Aigle Shopping Canada","og_description":"Informations sur le produit : Couleur : LO6602 gris fonc\u00e9, LO6602 noir, LO6602 rouge vin, LO6602 bleu marine, LO6602 bleu ciel Taille : M (environ 45,00 kg \u00e0 porter), L (environ 55,00 kg \u00e0 porter), XL (environ 65,00 kg \u00e0 porter), 2XL (environ 75,00 kg \u00e0 porter), 3XL (environ 82,50 kg \u00e0 porter) Version : [&hellip;]","og_url":"https:\/\/aigleshopping.ca\/fr\/produit\/cardigan-manteau-hommes-printemps-et-automne-tendance-loose\/","og_site_name":"Aigle Shopping Canada","og_image":[{"width":800,"height":800,"url":"https:\/\/aigleshopping.ca\/wp-content\/uploads\/2025\/03\/6f1223dc-9008-4a1f-8580-e6e8a91ec027.jpg","type":"image\/jpeg"}],"twitter_card":"summary_large_image","twitter_misc":{"Dur\u00e9e de lecture estim\u00e9e":"1 minute"},"schema":{"@context":"https:\/\/schema.org","@graph":[{"@type":"WebPage","@id":"https:\/\/aigleshopping.ca\/fr\/produit\/cardigan-manteau-hommes-printemps-et-automne-tendance-loose\/","url":"https:\/\/aigleshopping.ca\/fr\/produit\/cardigan-manteau-hommes-printemps-et-automne-tendance-loose\/","name":"Cardigan Manteau Hommes Printemps et Automne Tendance Loose - Aigle Shopping Canada","isPartOf":{"@id":"https:\/\/aigleshopping.ca\/#website"},"primaryImageOfPage":{"@id":"https:\/\/aigleshopping.ca\/fr\/produit\/cardigan-manteau-hommes-printemps-et-automne-tendance-loose\/#primaryimage"},"image":{"@id":"https:\/\/aigleshopping.ca\/fr\/produit\/cardigan-manteau-hommes-printemps-et-automne-tendance-loose\/#primaryimage"},"thumbnailUrl":"https:\/\/aigleshopping.ca\/wp-content\/uploads\/2025\/03\/6f1223dc-9008-4a1f-8580-e6e8a91ec027.jpg","datePublished":"2025-03-20T05:44:37+00:00","breadcrumb":{"@id":"https:\/\/aigleshopping.ca\/fr\/produit\/cardigan-manteau-hommes-printemps-et-automne-tendance-loose\/#breadcrumb"},"inLanguage":"fr-FR","potentialAction":[{"@type":"ReadAction","target":["https:\/\/aigleshopping.ca\/fr\/produit\/cardigan-manteau-hommes-printemps-et-automne-tendance-loose\/"]}]},{"@type":"ImageObject","inLanguage":"fr-FR","@id":"https:\/\/aigleshopping.ca\/fr\/produit\/cardigan-manteau-hommes-printemps-et-automne-tendance-loose\/#primaryimage","url":"https:\/\/aigleshopping.ca\/wp-content\/uploads\/2025\/03\/6f1223dc-9008-4a1f-8580-e6e8a91ec027.jpg","contentUrl":"https:\/\/aigleshopping.ca\/wp-content\/uploads\/2025\/03\/6f1223dc-9008-4a1f-8580-e6e8a91ec027.jpg","width":800,"height":800},{"@type":"BreadcrumbList","@id":"https:\/\/aigleshopping.ca\/fr\/produit\/cardigan-manteau-hommes-printemps-et-automne-tendance-loose\/#breadcrumb","itemListElement":[{"@type":"ListItem","position":1,"name":"Home","item":"https:\/\/aigleshopping.ca\/fr\/home\/"},{"@type":"ListItem","position":2,"name":"Products","item":"https:\/\/aigleshopping.ca\/shop\/"},{"@type":"ListItem","position":3,"name":"Cardigan Manteau Hommes Printemps et Automne Tendance Loose"}]},{"@type":"WebSite","@id":"https:\/\/aigleshopping.ca\/#website","url":"https:\/\/aigleshopping.ca\/","name":"Aigle Shopping Canada","description":"Au-del\u00e0 des fronti\u00e8res, pour vous offrir le\u00a0meilleur!","publisher":{"@id":"https:\/\/aigleshopping.ca\/#organization"},"potentialAction":[{"@type":"SearchAction","target":{"@type":"EntryPoint","urlTemplate":"https:\/\/aigleshopping.ca\/?s={search_term_string}"},"query-input":{"@type":"PropertyValueSpecification","valueRequired":true,"valueName":"search_term_string"}}],"inLanguage":"fr-FR"},{"@type":"Organization","@id":"https:\/\/aigleshopping.ca\/#organization","name":"Aigle Shopping Canada","url":"https:\/\/aigleshopping.ca\/","logo":{"@type":"ImageObject","inLanguage":"fr-FR","@id":"https:\/\/aigleshopping.ca\/#\/schema\/logo\/image\/","url":"https:\/\/aigleshopping.ca\/wp-content\/uploads\/2025\/12\/logo_aigleshopping_ca.png","contentUrl":"https:\/\/aigleshopping.ca\/wp-content\/uploads\/2025\/12\/logo_aigleshopping_ca.png","width":800,"height":233,"caption":"Aigle Shopping Canada"},"image":{"@id":"https:\/\/aigleshopping.ca\/#\/schema\/logo\/image\/"}}]}},"jetpack_sharing_enabled":true,"_links":{"self":[{"href":"https:\/\/aigleshopping.ca\/fr\/wp-json\/wp\/v2\/product\/32198","targetHints":{"allow":["GET"]}}],"collection":[{"href":"https:\/\/aigleshopping.ca\/fr\/wp-json\/wp\/v2\/product"}],"about":[{"href":"https:\/\/aigleshopping.ca\/fr\/wp-json\/wp\/v2\/types\/product"}],"replies":[{"embeddable":true,"href":"https:\/\/aigleshopping.ca\/fr\/wp-json\/wp\/v2\/comments?post=32198"}],"wp:featuredmedia":[{"embeddable":true,"href":"https:\/\/aigleshopping.ca\/fr\/wp-json\/wp\/v2\/media\/23590"}],"wp:attachment":[{"href":"https:\/\/aigleshopping.ca\/fr\/wp-json\/wp\/v2\/media?parent=32198"}],"wp:term":[{"taxonomy":"product_brand","embeddable":true,"href":"https:\/\/aigleshopping.ca\/fr\/wp-json\/wp\/v2\/product_brand?post=32198"},{"taxonomy":"product_cat","embeddable":true,"href":"https:\/\/aigleshopping.ca\/fr\/wp-json\/wp\/v2\/product_cat?post=32198"},{"taxonomy":"product_tag","embeddable":true,"href":"https:\/\/aigleshopping.ca\/fr\/wp-json\/wp\/v2\/product_tag?post=32198"}],"curies":[{"name":"wp","href":"https:\/\/api.w.org\/{rel}","templated":true}]}}