{"id":32224,"date":"2025-03-20T05:46:00","date_gmt":"2025-03-20T05:46:00","guid":{"rendered":"https:\/\/aigleshopping.ca\/produit\/cardigan-en-cachemire-manteau-en-cachemire-a-demi-bouton-a-col-roule-pour-hommes\/"},"modified":"2025-03-20T05:46:00","modified_gmt":"2025-03-20T05:46:00","slug":"cardigan-en-cachemire-manteau-en-cachemire-a-demi-bouton-a-col-roule-pour-hommes","status":"publish","type":"product","link":"https:\/\/aigleshopping.ca\/fr\/produit\/cardigan-en-cachemire-manteau-en-cachemire-a-demi-bouton-a-col-roule-pour-hommes\/","title":{"rendered":"Cardigan en cachemire Manteau en cachemire \u00e0 demi-bouton \u00e0 col roul\u00e9 pour hommes"},"content":{"rendered":"<p> <b>Informations sur le produit :<\/b> <br \/> Couleur : camel, gris, bleu silencieux <br \/> Taille : S,M,L,XL,XXL,XXXL <br \/> Version : Loose <br \/> Style : Cardigan <br \/> \u00c9paisseur du fil de laine : fil fin <br \/> Sc\u00e9narios d&rsquo;application : Loisirs <br \/> Population concern\u00e9e : Taille plus   <\/p>\n<p><b>Note :<\/b> 1. les tailles asiatiques sont 1 \u00e0 2 tailles plus petites que les tailles europ\u00e9ennes et am\u00e9ricaines. Choisissez la taille la plus grande si votre taille se situe entre deux tailles. Veuillez tenir compte d&rsquo;une diff\u00e9rence de 2 \u00e0 3 cm due aux mesures manuelles. 2. Si vous ne savez pas comment choisir votre taille, veuillez contacter notre service client\u00e8le. 3) Comme vous le savez, les ordinateurs affichent les couleurs diff\u00e9remment, la couleur de l&rsquo;article r\u00e9el peut varier l\u00e9g\u00e8rement par rapport aux images suivantes.<br \/>\n<br \/> <br \/>\n<b>Liste d&#8217;emballage :  <\/b><br \/>\n<br \/>  TOP*1<br \/>\n<br \/> <br \/>\n<b>Image du produit :<\/b><br \/>\n<br \/> <br \/>\n<img decoding=\"async\" src=\"https:\/\/oss-cf.cjdropshipping.com\/product\/2025\/02\/13\/07\/362a9037-0773-4f2a-8b2a-9e03295a10d4_trans.jpeg\"><br \/>\n<img decoding=\"async\" src=\"https:\/\/oss-cf.cjdropshipping.com\/product\/2025\/02\/13\/07\/6f1b857c-4197-43af-b6b2-fb7c271c261c.jpg\"><br \/>\n<img decoding=\"async\" src=\"https:\/\/oss-cf.cjdropshipping.com\/product\/2025\/02\/13\/07\/ec10e765-d993-4c74-a398-af8b89db7340.jpg\"><br \/>\n<img decoding=\"async\" src=\"https:\/\/oss-cf.cjdropshipping.com\/product\/2025\/02\/13\/07\/f1f1cfce-c431-43d3-92be-e5f4be851235.jpg\"><br \/>\n<img decoding=\"async\" src=\"https:\/\/oss-cf.cjdropshipping.com\/product\/2025\/02\/13\/07\/39452b57-4968-4f17-886d-caf0ff6cf64b.jpg\"><br \/>\n<img decoding=\"async\" src=\"https:\/\/oss-cf.cjdropshipping.com\/product\/2025\/02\/13\/07\/466a7d60-84cd-4b03-9a93-62e9c6196619.jpg\"><\/p>\n","protected":false},"excerpt":{"rendered":"<p>Informations sur le produit : Couleur : camel, gris, bleu silencieux Taille : S,M,L,XL,XXL,XXXL Version : Loose Style : Cardigan \u00c9paisseur du fil de laine : fil fin Sc\u00e9narios d&rsquo;application : Loisirs Population concern\u00e9e : Taille plus Note : 1. les tailles asiatiques sont 1 \u00e0 2 tailles plus petites que les tailles europ\u00e9ennes et [&hellip;]<\/p>\n","protected":false},"featured_media":23672,"comment_status":"open","ping_status":"closed","template":"","meta":{"content-type":""},"product_brand":[],"product_cat":[691],"product_tag":[],"class_list":{"0":"post-32224","1":"product","2":"type-product","3":"status-publish","4":"has-post-thumbnail","6":"product_cat-sweatshirt-fr-2","8":"first","9":"instock","10":"taxable","11":"shipping-taxable","12":"purchasable","13":"product-type-variable","14":"add-to-wishlist-after_add_to_cart"},"yoast_head":"<!-- This site is optimized with the Yoast SEO plugin v27.3 - https:\/\/yoast.com\/product\/yoast-seo-wordpress\/ -->\n<title>Cardigan en cachemire Manteau en cachemire \u00e0 demi-bouton \u00e0 col roul\u00e9 pour hommes - Aigle Shopping Canada<\/title>\n<meta name=\"robots\" content=\"index, follow, max-snippet:-1, max-image-preview:large, max-video-preview:-1\" \/>\n<link rel=\"canonical\" href=\"https:\/\/aigleshopping.ca\/fr\/produit\/cardigan-en-cachemire-manteau-en-cachemire-a-demi-bouton-a-col-roule-pour-hommes\/\" \/>\n<meta property=\"og:locale\" content=\"fr_FR\" \/>\n<meta property=\"og:type\" content=\"article\" \/>\n<meta property=\"og:title\" content=\"Cardigan en cachemire Manteau en cachemire \u00e0 demi-bouton \u00e0 col roul\u00e9 pour hommes - Aigle Shopping Canada\" \/>\n<meta property=\"og:description\" content=\"Informations sur le produit : Couleur : camel, gris, bleu silencieux Taille : S,M,L,XL,XXL,XXXL Version : Loose Style : Cardigan \u00c9paisseur du fil de laine : fil fin Sc\u00e9narios d&rsquo;application : Loisirs Population concern\u00e9e : Taille plus Note : 1. les tailles asiatiques sont 1 \u00e0 2 tailles plus petites que les tailles europ\u00e9ennes et [&hellip;]\" \/>\n<meta property=\"og:url\" content=\"https:\/\/aigleshopping.ca\/fr\/produit\/cardigan-en-cachemire-manteau-en-cachemire-a-demi-bouton-a-col-roule-pour-hommes\/\" \/>\n<meta property=\"og:site_name\" content=\"Aigle Shopping Canada\" \/>\n<meta property=\"og:image\" content=\"https:\/\/aigleshopping.ca\/wp-content\/uploads\/2025\/03\/O1CN01wKi0Fn1tRKrhNgOUN_2550425898-0-cib.jpg\" \/>\n\t<meta property=\"og:image:width\" content=\"800\" \/>\n\t<meta property=\"og:image:height\" content=\"800\" \/>\n\t<meta property=\"og:image:type\" content=\"image\/jpeg\" \/>\n<meta name=\"twitter:card\" content=\"summary_large_image\" \/>\n<meta name=\"twitter:label1\" content=\"Dur\u00e9e de lecture estim\u00e9e\" \/>\n\t<meta name=\"twitter:data1\" content=\"1 minute\" \/>\n<script type=\"application\/ld+json\" class=\"yoast-schema-graph\">{\"@context\":\"https:\\\/\\\/schema.org\",\"@graph\":[{\"@type\":\"WebPage\",\"@id\":\"https:\\\/\\\/aigleshopping.ca\\\/fr\\\/produit\\\/cardigan-en-cachemire-manteau-en-cachemire-a-demi-bouton-a-col-roule-pour-hommes\\\/\",\"url\":\"https:\\\/\\\/aigleshopping.ca\\\/fr\\\/produit\\\/cardigan-en-cachemire-manteau-en-cachemire-a-demi-bouton-a-col-roule-pour-hommes\\\/\",\"name\":\"Cardigan en cachemire Manteau en cachemire \u00e0 demi-bouton \u00e0 col roul\u00e9 pour hommes - Aigle Shopping Canada\",\"isPartOf\":{\"@id\":\"https:\\\/\\\/aigleshopping.ca\\\/#website\"},\"primaryImageOfPage\":{\"@id\":\"https:\\\/\\\/aigleshopping.ca\\\/fr\\\/produit\\\/cardigan-en-cachemire-manteau-en-cachemire-a-demi-bouton-a-col-roule-pour-hommes\\\/#primaryimage\"},\"image\":{\"@id\":\"https:\\\/\\\/aigleshopping.ca\\\/fr\\\/produit\\\/cardigan-en-cachemire-manteau-en-cachemire-a-demi-bouton-a-col-roule-pour-hommes\\\/#primaryimage\"},\"thumbnailUrl\":\"https:\\\/\\\/aigleshopping.ca\\\/wp-content\\\/uploads\\\/2025\\\/03\\\/O1CN01wKi0Fn1tRKrhNgOUN_2550425898-0-cib.jpg\",\"datePublished\":\"2025-03-20T05:46:00+00:00\",\"breadcrumb\":{\"@id\":\"https:\\\/\\\/aigleshopping.ca\\\/fr\\\/produit\\\/cardigan-en-cachemire-manteau-en-cachemire-a-demi-bouton-a-col-roule-pour-hommes\\\/#breadcrumb\"},\"inLanguage\":\"fr-FR\",\"potentialAction\":[{\"@type\":\"ReadAction\",\"target\":[\"https:\\\/\\\/aigleshopping.ca\\\/fr\\\/produit\\\/cardigan-en-cachemire-manteau-en-cachemire-a-demi-bouton-a-col-roule-pour-hommes\\\/\"]}]},{\"@type\":\"ImageObject\",\"inLanguage\":\"fr-FR\",\"@id\":\"https:\\\/\\\/aigleshopping.ca\\\/fr\\\/produit\\\/cardigan-en-cachemire-manteau-en-cachemire-a-demi-bouton-a-col-roule-pour-hommes\\\/#primaryimage\",\"url\":\"https:\\\/\\\/aigleshopping.ca\\\/wp-content\\\/uploads\\\/2025\\\/03\\\/O1CN01wKi0Fn1tRKrhNgOUN_2550425898-0-cib.jpg\",\"contentUrl\":\"https:\\\/\\\/aigleshopping.ca\\\/wp-content\\\/uploads\\\/2025\\\/03\\\/O1CN01wKi0Fn1tRKrhNgOUN_2550425898-0-cib.jpg\",\"width\":800,\"height\":800},{\"@type\":\"BreadcrumbList\",\"@id\":\"https:\\\/\\\/aigleshopping.ca\\\/fr\\\/produit\\\/cardigan-en-cachemire-manteau-en-cachemire-a-demi-bouton-a-col-roule-pour-hommes\\\/#breadcrumb\",\"itemListElement\":[{\"@type\":\"ListItem\",\"position\":1,\"name\":\"Home\",\"item\":\"https:\\\/\\\/aigleshopping.ca\\\/fr\\\/home\\\/\"},{\"@type\":\"ListItem\",\"position\":2,\"name\":\"Products\",\"item\":\"https:\\\/\\\/aigleshopping.ca\\\/shop\\\/\"},{\"@type\":\"ListItem\",\"position\":3,\"name\":\"Cardigan en cachemire Manteau en cachemire \u00e0 demi-bouton \u00e0 col roul\u00e9 pour hommes\"}]},{\"@type\":\"WebSite\",\"@id\":\"https:\\\/\\\/aigleshopping.ca\\\/#website\",\"url\":\"https:\\\/\\\/aigleshopping.ca\\\/\",\"name\":\"Aigle Shopping Canada\",\"description\":\"Au-del\u00e0 des fronti\u00e8res, pour vous offrir le\u00a0meilleur!\",\"publisher\":{\"@id\":\"https:\\\/\\\/aigleshopping.ca\\\/#organization\"},\"potentialAction\":[{\"@type\":\"SearchAction\",\"target\":{\"@type\":\"EntryPoint\",\"urlTemplate\":\"https:\\\/\\\/aigleshopping.ca\\\/?s={search_term_string}\"},\"query-input\":{\"@type\":\"PropertyValueSpecification\",\"valueRequired\":true,\"valueName\":\"search_term_string\"}}],\"inLanguage\":\"fr-FR\"},{\"@type\":\"Organization\",\"@id\":\"https:\\\/\\\/aigleshopping.ca\\\/#organization\",\"name\":\"Aigle Shopping Canada\",\"url\":\"https:\\\/\\\/aigleshopping.ca\\\/\",\"logo\":{\"@type\":\"ImageObject\",\"inLanguage\":\"fr-FR\",\"@id\":\"https:\\\/\\\/aigleshopping.ca\\\/#\\\/schema\\\/logo\\\/image\\\/\",\"url\":\"https:\\\/\\\/aigleshopping.ca\\\/wp-content\\\/uploads\\\/2025\\\/12\\\/logo_aigleshopping_ca.png\",\"contentUrl\":\"https:\\\/\\\/aigleshopping.ca\\\/wp-content\\\/uploads\\\/2025\\\/12\\\/logo_aigleshopping_ca.png\",\"width\":800,\"height\":233,\"caption\":\"Aigle Shopping Canada\"},\"image\":{\"@id\":\"https:\\\/\\\/aigleshopping.ca\\\/#\\\/schema\\\/logo\\\/image\\\/\"}}]}<\/script>\n<!-- \/ Yoast SEO plugin. -->","yoast_head_json":{"title":"Cardigan en cachemire Manteau en cachemire \u00e0 demi-bouton \u00e0 col roul\u00e9 pour hommes - Aigle Shopping Canada","robots":{"index":"index","follow":"follow","max-snippet":"max-snippet:-1","max-image-preview":"max-image-preview:large","max-video-preview":"max-video-preview:-1"},"canonical":"https:\/\/aigleshopping.ca\/fr\/produit\/cardigan-en-cachemire-manteau-en-cachemire-a-demi-bouton-a-col-roule-pour-hommes\/","og_locale":"fr_FR","og_type":"article","og_title":"Cardigan en cachemire Manteau en cachemire \u00e0 demi-bouton \u00e0 col roul\u00e9 pour hommes - Aigle Shopping Canada","og_description":"Informations sur le produit : Couleur : camel, gris, bleu silencieux Taille : S,M,L,XL,XXL,XXXL Version : Loose Style : Cardigan \u00c9paisseur du fil de laine : fil fin Sc\u00e9narios d&rsquo;application : Loisirs Population concern\u00e9e : Taille plus Note : 1. les tailles asiatiques sont 1 \u00e0 2 tailles plus petites que les tailles europ\u00e9ennes et [&hellip;]","og_url":"https:\/\/aigleshopping.ca\/fr\/produit\/cardigan-en-cachemire-manteau-en-cachemire-a-demi-bouton-a-col-roule-pour-hommes\/","og_site_name":"Aigle Shopping Canada","og_image":[{"width":800,"height":800,"url":"https:\/\/aigleshopping.ca\/wp-content\/uploads\/2025\/03\/O1CN01wKi0Fn1tRKrhNgOUN_2550425898-0-cib.jpg","type":"image\/jpeg"}],"twitter_card":"summary_large_image","twitter_misc":{"Dur\u00e9e de lecture estim\u00e9e":"1 minute"},"schema":{"@context":"https:\/\/schema.org","@graph":[{"@type":"WebPage","@id":"https:\/\/aigleshopping.ca\/fr\/produit\/cardigan-en-cachemire-manteau-en-cachemire-a-demi-bouton-a-col-roule-pour-hommes\/","url":"https:\/\/aigleshopping.ca\/fr\/produit\/cardigan-en-cachemire-manteau-en-cachemire-a-demi-bouton-a-col-roule-pour-hommes\/","name":"Cardigan en cachemire Manteau en cachemire \u00e0 demi-bouton \u00e0 col roul\u00e9 pour hommes - Aigle Shopping Canada","isPartOf":{"@id":"https:\/\/aigleshopping.ca\/#website"},"primaryImageOfPage":{"@id":"https:\/\/aigleshopping.ca\/fr\/produit\/cardigan-en-cachemire-manteau-en-cachemire-a-demi-bouton-a-col-roule-pour-hommes\/#primaryimage"},"image":{"@id":"https:\/\/aigleshopping.ca\/fr\/produit\/cardigan-en-cachemire-manteau-en-cachemire-a-demi-bouton-a-col-roule-pour-hommes\/#primaryimage"},"thumbnailUrl":"https:\/\/aigleshopping.ca\/wp-content\/uploads\/2025\/03\/O1CN01wKi0Fn1tRKrhNgOUN_2550425898-0-cib.jpg","datePublished":"2025-03-20T05:46:00+00:00","breadcrumb":{"@id":"https:\/\/aigleshopping.ca\/fr\/produit\/cardigan-en-cachemire-manteau-en-cachemire-a-demi-bouton-a-col-roule-pour-hommes\/#breadcrumb"},"inLanguage":"fr-FR","potentialAction":[{"@type":"ReadAction","target":["https:\/\/aigleshopping.ca\/fr\/produit\/cardigan-en-cachemire-manteau-en-cachemire-a-demi-bouton-a-col-roule-pour-hommes\/"]}]},{"@type":"ImageObject","inLanguage":"fr-FR","@id":"https:\/\/aigleshopping.ca\/fr\/produit\/cardigan-en-cachemire-manteau-en-cachemire-a-demi-bouton-a-col-roule-pour-hommes\/#primaryimage","url":"https:\/\/aigleshopping.ca\/wp-content\/uploads\/2025\/03\/O1CN01wKi0Fn1tRKrhNgOUN_2550425898-0-cib.jpg","contentUrl":"https:\/\/aigleshopping.ca\/wp-content\/uploads\/2025\/03\/O1CN01wKi0Fn1tRKrhNgOUN_2550425898-0-cib.jpg","width":800,"height":800},{"@type":"BreadcrumbList","@id":"https:\/\/aigleshopping.ca\/fr\/produit\/cardigan-en-cachemire-manteau-en-cachemire-a-demi-bouton-a-col-roule-pour-hommes\/#breadcrumb","itemListElement":[{"@type":"ListItem","position":1,"name":"Home","item":"https:\/\/aigleshopping.ca\/fr\/home\/"},{"@type":"ListItem","position":2,"name":"Products","item":"https:\/\/aigleshopping.ca\/shop\/"},{"@type":"ListItem","position":3,"name":"Cardigan en cachemire Manteau en cachemire \u00e0 demi-bouton \u00e0 col roul\u00e9 pour hommes"}]},{"@type":"WebSite","@id":"https:\/\/aigleshopping.ca\/#website","url":"https:\/\/aigleshopping.ca\/","name":"Aigle Shopping Canada","description":"Au-del\u00e0 des fronti\u00e8res, pour vous offrir le\u00a0meilleur!","publisher":{"@id":"https:\/\/aigleshopping.ca\/#organization"},"potentialAction":[{"@type":"SearchAction","target":{"@type":"EntryPoint","urlTemplate":"https:\/\/aigleshopping.ca\/?s={search_term_string}"},"query-input":{"@type":"PropertyValueSpecification","valueRequired":true,"valueName":"search_term_string"}}],"inLanguage":"fr-FR"},{"@type":"Organization","@id":"https:\/\/aigleshopping.ca\/#organization","name":"Aigle Shopping Canada","url":"https:\/\/aigleshopping.ca\/","logo":{"@type":"ImageObject","inLanguage":"fr-FR","@id":"https:\/\/aigleshopping.ca\/#\/schema\/logo\/image\/","url":"https:\/\/aigleshopping.ca\/wp-content\/uploads\/2025\/12\/logo_aigleshopping_ca.png","contentUrl":"https:\/\/aigleshopping.ca\/wp-content\/uploads\/2025\/12\/logo_aigleshopping_ca.png","width":800,"height":233,"caption":"Aigle Shopping Canada"},"image":{"@id":"https:\/\/aigleshopping.ca\/#\/schema\/logo\/image\/"}}]}},"jetpack_sharing_enabled":true,"_links":{"self":[{"href":"https:\/\/aigleshopping.ca\/fr\/wp-json\/wp\/v2\/product\/32224","targetHints":{"allow":["GET"]}}],"collection":[{"href":"https:\/\/aigleshopping.ca\/fr\/wp-json\/wp\/v2\/product"}],"about":[{"href":"https:\/\/aigleshopping.ca\/fr\/wp-json\/wp\/v2\/types\/product"}],"replies":[{"embeddable":true,"href":"https:\/\/aigleshopping.ca\/fr\/wp-json\/wp\/v2\/comments?post=32224"}],"wp:featuredmedia":[{"embeddable":true,"href":"https:\/\/aigleshopping.ca\/fr\/wp-json\/wp\/v2\/media\/23672"}],"wp:attachment":[{"href":"https:\/\/aigleshopping.ca\/fr\/wp-json\/wp\/v2\/media?parent=32224"}],"wp:term":[{"taxonomy":"product_brand","embeddable":true,"href":"https:\/\/aigleshopping.ca\/fr\/wp-json\/wp\/v2\/product_brand?post=32224"},{"taxonomy":"product_cat","embeddable":true,"href":"https:\/\/aigleshopping.ca\/fr\/wp-json\/wp\/v2\/product_cat?post=32224"},{"taxonomy":"product_tag","embeddable":true,"href":"https:\/\/aigleshopping.ca\/fr\/wp-json\/wp\/v2\/product_tag?post=32224"}],"curies":[{"name":"wp","href":"https:\/\/api.w.org\/{rel}","templated":true}]}}