{"id":32289,"date":"2025-03-20T05:19:48","date_gmt":"2025-03-20T05:19:48","guid":{"rendered":"https:\/\/aigleshopping.ca\/produit\/cardigan-japonais-pull-homme-loose-trendy\/"},"modified":"2025-03-20T05:19:48","modified_gmt":"2025-03-20T05:19:48","slug":"cardigan-japonais-pull-homme-loose-trendy","status":"publish","type":"product","link":"https:\/\/aigleshopping.ca\/fr\/produit\/cardigan-japonais-pull-homme-loose-trendy\/","title":{"rendered":"Cardigan japonais Pull Homme Loose Trendy"},"content":{"rendered":"<p> <b>Informations sur le produit :<\/b> <br \/> \u00c9paisseur : ordinaire <br \/> Couleur : brun fonc\u00e9, noir <br \/> Composition du tissu principal : Coton <br \/> Convient aux personnes : Jeunes <br \/> Taille : M, L, XL, XXL <br \/> Version : Loose <br \/> Style : pull-over  <\/p>\n<p><b>Note :<\/b> <\/p>\n<p>  1. Les tailles asiatiques sont 1 \u00e0 2 tailles plus petites que les tailles europ\u00e9ennes et am\u00e9ricaines. Choisissez la taille la plus grande si votre taille se situe entre deux tailles. Veuillez tenir compte d&rsquo;une diff\u00e9rence de 2 \u00e0 3 cm due aux mesures manuelles. 2. Si vous ne savez pas comment choisir votre taille, veuillez contacter notre service client\u00e8le. 3) Comme vous le savez, les ordinateurs affichent les couleurs diff\u00e9remment, la couleur de l&rsquo;article r\u00e9el peut varier l\u00e9g\u00e8rement par rapport aux images suivantes.      <\/p>\n<p> <br \/>\n<b>Liste d&#8217;emballage :  <\/b><br \/>\n<br \/>  Pull * 1<br \/>\n <\/p>\n<p><b>Image du produit :<\/b><br \/>\n<br \/> <br \/>\n<img decoding=\"async\" src=\"https:\/\/oss-cf.cjdropshipping.com\/product\/2024\/10\/15\/09\/02ab17ab-19f1-43a2-85d0-73b2c2be31c5_trans.jpeg\"><br \/>\n<img decoding=\"async\" src=\"https:\/\/cf.cjdropshipping.com\/quick\/product\/331b5e21-e66c-41d6-a041-a23a64f23e6a.jpg\"><br \/>\n<img decoding=\"async\" src=\"https:\/\/cf.cjdropshipping.com\/quick\/product\/33ce6e12-8bd2-494d-8eea-d0c03fa36d03.jpg\"><br \/>\n<img decoding=\"async\" src=\"https:\/\/oss-cf.cjdropshipping.com\/product\/2024\/10\/15\/09\/9d02349d-3a0f-42df-a3b7-eb5890c92926_trans.jpeg\"><br \/>\n<img decoding=\"async\" src=\"https:\/\/cf.cjdropshipping.com\/quick\/product\/aef03df0-252b-49e4-9752-63d5ae6f6d33.jpg\"><br \/>\n<img decoding=\"async\" src=\"https:\/\/cf.cjdropshipping.com\/quick\/product\/81f30a1a-c67c-430a-9e84-bcfadf94f494.jpg\"><\/p>\n","protected":false},"excerpt":{"rendered":"<p>Informations sur le produit : \u00c9paisseur : ordinaire Couleur : brun fonc\u00e9, noir Composition du tissu principal : Coton Convient aux personnes : Jeunes Taille : M, L, XL, XXL Version : Loose Style : pull-over Note : 1. Les tailles asiatiques sont 1 \u00e0 2 tailles plus petites que les tailles europ\u00e9ennes et am\u00e9ricaines. [&hellip;]<\/p>\n","protected":false},"featured_media":22237,"comment_status":"open","ping_status":"closed","template":"","meta":{"content-type":""},"product_brand":[],"product_cat":[691],"product_tag":[],"class_list":{"0":"post-32289","1":"product","2":"type-product","3":"status-publish","4":"has-post-thumbnail","6":"product_cat-sweatshirt-fr-2","8":"first","9":"instock","10":"taxable","11":"shipping-taxable","12":"purchasable","13":"product-type-variable","14":"add-to-wishlist-after_add_to_cart"},"yoast_head":"<!-- This site is optimized with the Yoast SEO plugin v27.4 - https:\/\/yoast.com\/product\/yoast-seo-wordpress\/ -->\n<title>Cardigan japonais Pull Homme Loose Trendy - Aigle Shopping Canada<\/title>\n<meta name=\"robots\" content=\"index, follow, max-snippet:-1, max-image-preview:large, max-video-preview:-1\" \/>\n<link rel=\"canonical\" href=\"https:\/\/aigleshopping.ca\/fr\/produit\/cardigan-japonais-pull-homme-loose-trendy\/\" \/>\n<meta property=\"og:locale\" content=\"fr_FR\" \/>\n<meta property=\"og:type\" content=\"article\" \/>\n<meta property=\"og:title\" content=\"Cardigan japonais Pull Homme Loose Trendy - Aigle Shopping Canada\" \/>\n<meta property=\"og:description\" content=\"Informations sur le produit : \u00c9paisseur : ordinaire Couleur : brun fonc\u00e9, noir Composition du tissu principal : Coton Convient aux personnes : Jeunes Taille : M, L, XL, XXL Version : Loose Style : pull-over Note : 1. Les tailles asiatiques sont 1 \u00e0 2 tailles plus petites que les tailles europ\u00e9ennes et am\u00e9ricaines. [&hellip;]\" \/>\n<meta property=\"og:url\" content=\"https:\/\/aigleshopping.ca\/fr\/produit\/cardigan-japonais-pull-homme-loose-trendy\/\" \/>\n<meta property=\"og:site_name\" content=\"Aigle Shopping Canada\" \/>\n<meta property=\"og:image\" content=\"https:\/\/aigleshopping.ca\/wp-content\/uploads\/2025\/03\/d2afcb71-9720-4d4b-8d51-b070fbfd3d18.jpg\" \/>\n\t<meta property=\"og:image:width\" content=\"1920\" \/>\n\t<meta property=\"og:image:height\" content=\"1920\" \/>\n\t<meta property=\"og:image:type\" content=\"image\/jpeg\" \/>\n<meta name=\"twitter:card\" content=\"summary_large_image\" \/>\n<meta name=\"twitter:label1\" content=\"Dur\u00e9e de lecture estim\u00e9e\" \/>\n\t<meta name=\"twitter:data1\" content=\"1 minute\" \/>\n<script type=\"application\/ld+json\" class=\"yoast-schema-graph\">{\"@context\":\"https:\\\/\\\/schema.org\",\"@graph\":[{\"@type\":\"WebPage\",\"@id\":\"https:\\\/\\\/aigleshopping.ca\\\/fr\\\/produit\\\/cardigan-japonais-pull-homme-loose-trendy\\\/\",\"url\":\"https:\\\/\\\/aigleshopping.ca\\\/fr\\\/produit\\\/cardigan-japonais-pull-homme-loose-trendy\\\/\",\"name\":\"Cardigan japonais Pull Homme Loose Trendy - Aigle Shopping Canada\",\"isPartOf\":{\"@id\":\"https:\\\/\\\/aigleshopping.ca\\\/#website\"},\"primaryImageOfPage\":{\"@id\":\"https:\\\/\\\/aigleshopping.ca\\\/fr\\\/produit\\\/cardigan-japonais-pull-homme-loose-trendy\\\/#primaryimage\"},\"image\":{\"@id\":\"https:\\\/\\\/aigleshopping.ca\\\/fr\\\/produit\\\/cardigan-japonais-pull-homme-loose-trendy\\\/#primaryimage\"},\"thumbnailUrl\":\"https:\\\/\\\/aigleshopping.ca\\\/wp-content\\\/uploads\\\/2025\\\/03\\\/d2afcb71-9720-4d4b-8d51-b070fbfd3d18.jpg\",\"datePublished\":\"2025-03-20T05:19:48+00:00\",\"breadcrumb\":{\"@id\":\"https:\\\/\\\/aigleshopping.ca\\\/fr\\\/produit\\\/cardigan-japonais-pull-homme-loose-trendy\\\/#breadcrumb\"},\"inLanguage\":\"fr-FR\",\"potentialAction\":[{\"@type\":\"ReadAction\",\"target\":[\"https:\\\/\\\/aigleshopping.ca\\\/fr\\\/produit\\\/cardigan-japonais-pull-homme-loose-trendy\\\/\"]}]},{\"@type\":\"ImageObject\",\"inLanguage\":\"fr-FR\",\"@id\":\"https:\\\/\\\/aigleshopping.ca\\\/fr\\\/produit\\\/cardigan-japonais-pull-homme-loose-trendy\\\/#primaryimage\",\"url\":\"https:\\\/\\\/aigleshopping.ca\\\/wp-content\\\/uploads\\\/2025\\\/03\\\/d2afcb71-9720-4d4b-8d51-b070fbfd3d18.jpg\",\"contentUrl\":\"https:\\\/\\\/aigleshopping.ca\\\/wp-content\\\/uploads\\\/2025\\\/03\\\/d2afcb71-9720-4d4b-8d51-b070fbfd3d18.jpg\",\"width\":1920,\"height\":1920},{\"@type\":\"BreadcrumbList\",\"@id\":\"https:\\\/\\\/aigleshopping.ca\\\/fr\\\/produit\\\/cardigan-japonais-pull-homme-loose-trendy\\\/#breadcrumb\",\"itemListElement\":[{\"@type\":\"ListItem\",\"position\":1,\"name\":\"Home\",\"item\":\"https:\\\/\\\/aigleshopping.ca\\\/fr\\\/home\\\/\"},{\"@type\":\"ListItem\",\"position\":2,\"name\":\"Products\",\"item\":\"https:\\\/\\\/aigleshopping.ca\\\/shop\\\/\"},{\"@type\":\"ListItem\",\"position\":3,\"name\":\"Cardigan japonais Pull Homme Loose Trendy\"}]},{\"@type\":\"WebSite\",\"@id\":\"https:\\\/\\\/aigleshopping.ca\\\/#website\",\"url\":\"https:\\\/\\\/aigleshopping.ca\\\/\",\"name\":\"Aigle Shopping Canada\",\"description\":\"Au-del\u00e0 des fronti\u00e8res, pour vous offrir le\u00a0meilleur!\",\"publisher\":{\"@id\":\"https:\\\/\\\/aigleshopping.ca\\\/#organization\"},\"potentialAction\":[{\"@type\":\"SearchAction\",\"target\":{\"@type\":\"EntryPoint\",\"urlTemplate\":\"https:\\\/\\\/aigleshopping.ca\\\/?s={search_term_string}\"},\"query-input\":{\"@type\":\"PropertyValueSpecification\",\"valueRequired\":true,\"valueName\":\"search_term_string\"}}],\"inLanguage\":\"fr-FR\"},{\"@type\":\"Organization\",\"@id\":\"https:\\\/\\\/aigleshopping.ca\\\/#organization\",\"name\":\"Aigle Shopping Canada\",\"url\":\"https:\\\/\\\/aigleshopping.ca\\\/\",\"logo\":{\"@type\":\"ImageObject\",\"inLanguage\":\"fr-FR\",\"@id\":\"https:\\\/\\\/aigleshopping.ca\\\/#\\\/schema\\\/logo\\\/image\\\/\",\"url\":\"https:\\\/\\\/aigleshopping.ca\\\/wp-content\\\/uploads\\\/2025\\\/12\\\/logo_aigleshopping_ca.png\",\"contentUrl\":\"https:\\\/\\\/aigleshopping.ca\\\/wp-content\\\/uploads\\\/2025\\\/12\\\/logo_aigleshopping_ca.png\",\"width\":800,\"height\":233,\"caption\":\"Aigle Shopping Canada\"},\"image\":{\"@id\":\"https:\\\/\\\/aigleshopping.ca\\\/#\\\/schema\\\/logo\\\/image\\\/\"}}]}<\/script>\n<!-- \/ Yoast SEO plugin. -->","yoast_head_json":{"title":"Cardigan japonais Pull Homme Loose Trendy - Aigle Shopping Canada","robots":{"index":"index","follow":"follow","max-snippet":"max-snippet:-1","max-image-preview":"max-image-preview:large","max-video-preview":"max-video-preview:-1"},"canonical":"https:\/\/aigleshopping.ca\/fr\/produit\/cardigan-japonais-pull-homme-loose-trendy\/","og_locale":"fr_FR","og_type":"article","og_title":"Cardigan japonais Pull Homme Loose Trendy - Aigle Shopping Canada","og_description":"Informations sur le produit : \u00c9paisseur : ordinaire Couleur : brun fonc\u00e9, noir Composition du tissu principal : Coton Convient aux personnes : Jeunes Taille : M, L, XL, XXL Version : Loose Style : pull-over Note : 1. Les tailles asiatiques sont 1 \u00e0 2 tailles plus petites que les tailles europ\u00e9ennes et am\u00e9ricaines. [&hellip;]","og_url":"https:\/\/aigleshopping.ca\/fr\/produit\/cardigan-japonais-pull-homme-loose-trendy\/","og_site_name":"Aigle Shopping Canada","og_image":[{"width":1920,"height":1920,"url":"https:\/\/aigleshopping.ca\/wp-content\/uploads\/2025\/03\/d2afcb71-9720-4d4b-8d51-b070fbfd3d18.jpg","type":"image\/jpeg"}],"twitter_card":"summary_large_image","twitter_misc":{"Dur\u00e9e de lecture estim\u00e9e":"1 minute"},"schema":{"@context":"https:\/\/schema.org","@graph":[{"@type":"WebPage","@id":"https:\/\/aigleshopping.ca\/fr\/produit\/cardigan-japonais-pull-homme-loose-trendy\/","url":"https:\/\/aigleshopping.ca\/fr\/produit\/cardigan-japonais-pull-homme-loose-trendy\/","name":"Cardigan japonais Pull Homme Loose Trendy - Aigle Shopping Canada","isPartOf":{"@id":"https:\/\/aigleshopping.ca\/#website"},"primaryImageOfPage":{"@id":"https:\/\/aigleshopping.ca\/fr\/produit\/cardigan-japonais-pull-homme-loose-trendy\/#primaryimage"},"image":{"@id":"https:\/\/aigleshopping.ca\/fr\/produit\/cardigan-japonais-pull-homme-loose-trendy\/#primaryimage"},"thumbnailUrl":"https:\/\/aigleshopping.ca\/wp-content\/uploads\/2025\/03\/d2afcb71-9720-4d4b-8d51-b070fbfd3d18.jpg","datePublished":"2025-03-20T05:19:48+00:00","breadcrumb":{"@id":"https:\/\/aigleshopping.ca\/fr\/produit\/cardigan-japonais-pull-homme-loose-trendy\/#breadcrumb"},"inLanguage":"fr-FR","potentialAction":[{"@type":"ReadAction","target":["https:\/\/aigleshopping.ca\/fr\/produit\/cardigan-japonais-pull-homme-loose-trendy\/"]}]},{"@type":"ImageObject","inLanguage":"fr-FR","@id":"https:\/\/aigleshopping.ca\/fr\/produit\/cardigan-japonais-pull-homme-loose-trendy\/#primaryimage","url":"https:\/\/aigleshopping.ca\/wp-content\/uploads\/2025\/03\/d2afcb71-9720-4d4b-8d51-b070fbfd3d18.jpg","contentUrl":"https:\/\/aigleshopping.ca\/wp-content\/uploads\/2025\/03\/d2afcb71-9720-4d4b-8d51-b070fbfd3d18.jpg","width":1920,"height":1920},{"@type":"BreadcrumbList","@id":"https:\/\/aigleshopping.ca\/fr\/produit\/cardigan-japonais-pull-homme-loose-trendy\/#breadcrumb","itemListElement":[{"@type":"ListItem","position":1,"name":"Home","item":"https:\/\/aigleshopping.ca\/fr\/home\/"},{"@type":"ListItem","position":2,"name":"Products","item":"https:\/\/aigleshopping.ca\/shop\/"},{"@type":"ListItem","position":3,"name":"Cardigan japonais Pull Homme Loose Trendy"}]},{"@type":"WebSite","@id":"https:\/\/aigleshopping.ca\/#website","url":"https:\/\/aigleshopping.ca\/","name":"Aigle Shopping Canada","description":"Au-del\u00e0 des fronti\u00e8res, pour vous offrir le\u00a0meilleur!","publisher":{"@id":"https:\/\/aigleshopping.ca\/#organization"},"potentialAction":[{"@type":"SearchAction","target":{"@type":"EntryPoint","urlTemplate":"https:\/\/aigleshopping.ca\/?s={search_term_string}"},"query-input":{"@type":"PropertyValueSpecification","valueRequired":true,"valueName":"search_term_string"}}],"inLanguage":"fr-FR"},{"@type":"Organization","@id":"https:\/\/aigleshopping.ca\/#organization","name":"Aigle Shopping Canada","url":"https:\/\/aigleshopping.ca\/","logo":{"@type":"ImageObject","inLanguage":"fr-FR","@id":"https:\/\/aigleshopping.ca\/#\/schema\/logo\/image\/","url":"https:\/\/aigleshopping.ca\/wp-content\/uploads\/2025\/12\/logo_aigleshopping_ca.png","contentUrl":"https:\/\/aigleshopping.ca\/wp-content\/uploads\/2025\/12\/logo_aigleshopping_ca.png","width":800,"height":233,"caption":"Aigle Shopping Canada"},"image":{"@id":"https:\/\/aigleshopping.ca\/#\/schema\/logo\/image\/"}}]}},"jetpack_sharing_enabled":true,"_links":{"self":[{"href":"https:\/\/aigleshopping.ca\/fr\/wp-json\/wp\/v2\/product\/32289","targetHints":{"allow":["GET"]}}],"collection":[{"href":"https:\/\/aigleshopping.ca\/fr\/wp-json\/wp\/v2\/product"}],"about":[{"href":"https:\/\/aigleshopping.ca\/fr\/wp-json\/wp\/v2\/types\/product"}],"replies":[{"embeddable":true,"href":"https:\/\/aigleshopping.ca\/fr\/wp-json\/wp\/v2\/comments?post=32289"}],"wp:featuredmedia":[{"embeddable":true,"href":"https:\/\/aigleshopping.ca\/fr\/wp-json\/wp\/v2\/media\/22237"}],"wp:attachment":[{"href":"https:\/\/aigleshopping.ca\/fr\/wp-json\/wp\/v2\/media?parent=32289"}],"wp:term":[{"taxonomy":"product_brand","embeddable":true,"href":"https:\/\/aigleshopping.ca\/fr\/wp-json\/wp\/v2\/product_brand?post=32289"},{"taxonomy":"product_cat","embeddable":true,"href":"https:\/\/aigleshopping.ca\/fr\/wp-json\/wp\/v2\/product_cat?post=32289"},{"taxonomy":"product_tag","embeddable":true,"href":"https:\/\/aigleshopping.ca\/fr\/wp-json\/wp\/v2\/product_tag?post=32289"}],"curies":[{"name":"wp","href":"https:\/\/api.w.org\/{rel}","templated":true}]}}