{"id":32303,"date":"2025-03-20T05:21:05","date_gmt":"2025-03-20T05:21:05","guid":{"rendered":"https:\/\/aigleshopping.ca\/produit\/pull-a-couleurs-contrastees-hommes-automne-et-hiver-epaissi\/"},"modified":"2025-03-20T05:21:05","modified_gmt":"2025-03-20T05:21:05","slug":"pull-a-couleurs-contrastees-hommes-automne-et-hiver-epaissi","status":"publish","type":"product","link":"https:\/\/aigleshopping.ca\/fr\/produit\/pull-a-couleurs-contrastees-hommes-automne-et-hiver-epaissi\/","title":{"rendered":"Pull \u00e0 couleurs contrast\u00e9es Hommes automne et hiver \u00e9paissi"},"content":{"rendered":"<p> <b>Informations sur le produit :<\/b> <br \/> Couleur : noir, gris, abricot  <br \/>  Convient aux personnes : Jeunes  <br \/>  Taille : M, L, XL, XXL, XXXL, 4XL  <br \/>  Style : coupe \u00e9troite  <br \/>  Style : pull-over  <br \/>  \u00c9paisseur : ordinaire  <br \/>  Nom du tissu : m\u00e9lange de fibres chimiques  <br \/>  Sc\u00e9narios applicables : Quotidiennement  <br \/>  Personnes concern\u00e9es : Jeunes  <br \/>  Composition du tissu principal : Fibre de polyester (polyester)  <br \/>  Sexe applicable : Homme  <br \/>  Groupe d&rsquo;\u00e2ge concern\u00e9 : Adulte  <br \/>  Longueur des manches : manches longues  <br \/>  Saison appropri\u00e9e : Hiver  <br \/>  Style : Grand public  <br \/>  Fabrication : couleur unie  <\/p>\n<p><b>Note :<\/b> 1. les tailles asiatiques sont 1 \u00e0 2 tailles plus petites que les tailles europ\u00e9ennes et am\u00e9ricaines. Choisissez la taille la plus grande si votre taille se situe entre deux tailles. Veuillez tenir compte d&rsquo;une diff\u00e9rence de 2 \u00e0 3 cm due aux mesures manuelles. 2. Si vous ne savez pas comment choisir votre taille, veuillez contacter notre service client\u00e8le. 3) Comme vous le savez, les ordinateurs affichent les couleurs diff\u00e9remment, la couleur de l&rsquo;article r\u00e9el peut varier l\u00e9g\u00e8rement par rapport aux images suivantes.<br \/>\n<br \/> <br \/>\n<b>Liste d&#8217;emballage :  <\/b><br \/>\n<br \/>  Pull *1<br \/>\n<br \/> <br \/>\n<b>Image du produit :<\/b><br \/>\n<br \/> <br \/>\n<img decoding=\"async\" src=\"https:\/\/oss-cf.cjdropshipping.com\/product\/2024\/10\/16\/06\/899be65e-52a4-4d38-bd6b-dc4aeb48c518_trans.jpeg\"><br \/>\n<img decoding=\"async\" src=\"https:\/\/oss-cf.cjdropshipping.com\/product\/2024\/10\/16\/06\/ed55fb39-9de2-47e9-8ed1-095cedfe12dc_trans.jpeg\"><br \/>\n<img decoding=\"async\" src=\"https:\/\/oss-cf.cjdropshipping.com\/product\/2024\/10\/16\/06\/a09de75d-72af-4d8f-8cf3-ae38d0648b18_trans.jpeg\"><br \/>\n<img decoding=\"async\" src=\"https:\/\/oss-cf.cjdropshipping.com\/product\/2024\/10\/16\/06\/fa1a87f6-cfe6-46fa-835c-927302754a89_trans.jpeg\"><br \/>\n<img decoding=\"async\" src=\"https:\/\/oss-cf.cjdropshipping.com\/product\/2024\/10\/16\/06\/2faa7431-67b7-4a46-a966-f1dfd6aa5575_trans.jpeg\"><br \/>\n<img decoding=\"async\" src=\"https:\/\/oss-cf.cjdropshipping.com\/product\/2024\/10\/16\/06\/77712f54-d3ce-4841-8ed0-4d918e472eeb_trans.jpeg\"><br \/>\n<img decoding=\"async\" src=\"https:\/\/oss-cf.cjdropshipping.com\/product\/2024\/10\/16\/06\/452c13b8-7a8b-4802-84e9-aa21eca6db7c_trans.jpeg\"><br \/>\n<img decoding=\"async\" src=\"https:\/\/oss-cf.cjdropshipping.com\/product\/2024\/10\/16\/06\/4a8aafe4-f9e8-48dc-8bfb-6cd2c61a8e4e_trans.jpeg\"><br \/>\n<img decoding=\"async\" src=\"https:\/\/oss-cf.cjdropshipping.com\/product\/2024\/10\/16\/06\/8ca472d7-40fb-49d9-be77-1b170eaf897c_trans.jpeg\"><br \/>\n<img decoding=\"async\" src=\"https:\/\/oss-cf.cjdropshipping.com\/product\/2024\/10\/16\/06\/db7d103c-ed37-41cb-90c5-6ce060183949_trans.jpeg\"><br \/>\n<img decoding=\"async\" src=\"https:\/\/oss-cf.cjdropshipping.com\/product\/2024\/10\/16\/06\/b26d5518-0000-42f1-b9d7-a70b71405924_trans.jpeg\"><br \/>\n<img decoding=\"async\" src=\"https:\/\/oss-cf.cjdropshipping.com\/product\/2024\/10\/16\/06\/ac87b893-0870-4cd8-a249-697d3d6236fe_trans.jpeg\"><br \/>\n<img decoding=\"async\" src=\"https:\/\/oss-cf.cjdropshipping.com\/product\/2024\/10\/16\/06\/b59035f0-5987-435d-ba55-20d638ac64ed_trans.jpeg\"><br \/>\n<img decoding=\"async\" src=\"https:\/\/oss-cf.cjdropshipping.com\/product\/2024\/10\/16\/06\/7da2a96b-1cff-44b0-8f4d-45a0b8bdb3e7_trans.jpeg\"><br \/>\n<img decoding=\"async\" src=\"https:\/\/oss-cf.cjdropshipping.com\/product\/2024\/10\/16\/06\/b63a5c26-04bc-48b1-8b5a-446204c74dec_trans.jpeg\"><br \/>\n<img decoding=\"async\" src=\"https:\/\/oss-cf.cjdropshipping.com\/product\/2024\/10\/16\/06\/fd500ee1-6c14-4b6c-be55-be1ba616284c_trans.jpeg\"><\/p>\n","protected":false},"excerpt":{"rendered":"<p>Informations sur le produit : Couleur : noir, gris, abricot Convient aux personnes : Jeunes Taille : M, L, XL, XXL, XXXL, 4XL Style : coupe \u00e9troite Style : pull-over \u00c9paisseur : ordinaire Nom du tissu : m\u00e9lange de fibres chimiques Sc\u00e9narios applicables : Quotidiennement Personnes concern\u00e9es : Jeunes Composition du tissu principal : Fibre [&hellip;]<\/p>\n","protected":false},"featured_media":22272,"comment_status":"open","ping_status":"closed","template":"","meta":{"content-type":""},"product_brand":[],"product_cat":[691],"product_tag":[],"class_list":{"0":"post-32303","1":"product","2":"type-product","3":"status-publish","4":"has-post-thumbnail","6":"product_cat-sweatshirt-fr-2","8":"first","9":"instock","10":"taxable","11":"shipping-taxable","12":"purchasable","13":"product-type-variable","14":"add-to-wishlist-after_add_to_cart"},"yoast_head":"<!-- This site is optimized with the Yoast SEO plugin v27.4 - https:\/\/yoast.com\/product\/yoast-seo-wordpress\/ -->\n<title>Pull \u00e0 couleurs contrast\u00e9es Hommes automne et hiver \u00e9paissi - Aigle Shopping Canada<\/title>\n<meta name=\"robots\" content=\"index, follow, max-snippet:-1, max-image-preview:large, max-video-preview:-1\" \/>\n<link rel=\"canonical\" href=\"https:\/\/aigleshopping.ca\/fr\/produit\/pull-a-couleurs-contrastees-hommes-automne-et-hiver-epaissi\/\" \/>\n<meta property=\"og:locale\" content=\"fr_FR\" \/>\n<meta property=\"og:type\" content=\"article\" \/>\n<meta property=\"og:title\" content=\"Pull \u00e0 couleurs contrast\u00e9es Hommes automne et hiver \u00e9paissi - Aigle Shopping Canada\" \/>\n<meta property=\"og:description\" content=\"Informations sur le produit : Couleur : noir, gris, abricot Convient aux personnes : Jeunes Taille : M, L, XL, XXL, XXXL, 4XL Style : coupe \u00e9troite Style : pull-over \u00c9paisseur : ordinaire Nom du tissu : m\u00e9lange de fibres chimiques Sc\u00e9narios applicables : Quotidiennement Personnes concern\u00e9es : Jeunes Composition du tissu principal : Fibre [&hellip;]\" \/>\n<meta property=\"og:url\" content=\"https:\/\/aigleshopping.ca\/fr\/produit\/pull-a-couleurs-contrastees-hommes-automne-et-hiver-epaissi\/\" \/>\n<meta property=\"og:site_name\" content=\"Aigle Shopping Canada\" \/>\n<meta property=\"og:image\" content=\"https:\/\/aigleshopping.ca\/wp-content\/uploads\/2025\/03\/8587a47b-f4a4-431c-9366-65e44f625899.jpg\" \/>\n\t<meta property=\"og:image:width\" content=\"800\" \/>\n\t<meta property=\"og:image:height\" content=\"800\" \/>\n\t<meta property=\"og:image:type\" content=\"image\/jpeg\" \/>\n<meta name=\"twitter:card\" content=\"summary_large_image\" \/>\n<meta name=\"twitter:label1\" content=\"Dur\u00e9e de lecture estim\u00e9e\" \/>\n\t<meta name=\"twitter:data1\" content=\"1 minute\" \/>\n<script type=\"application\/ld+json\" class=\"yoast-schema-graph\">{\"@context\":\"https:\\\/\\\/schema.org\",\"@graph\":[{\"@type\":\"WebPage\",\"@id\":\"https:\\\/\\\/aigleshopping.ca\\\/fr\\\/produit\\\/pull-a-couleurs-contrastees-hommes-automne-et-hiver-epaissi\\\/\",\"url\":\"https:\\\/\\\/aigleshopping.ca\\\/fr\\\/produit\\\/pull-a-couleurs-contrastees-hommes-automne-et-hiver-epaissi\\\/\",\"name\":\"Pull \u00e0 couleurs contrast\u00e9es Hommes automne et hiver \u00e9paissi - Aigle Shopping Canada\",\"isPartOf\":{\"@id\":\"https:\\\/\\\/aigleshopping.ca\\\/#website\"},\"primaryImageOfPage\":{\"@id\":\"https:\\\/\\\/aigleshopping.ca\\\/fr\\\/produit\\\/pull-a-couleurs-contrastees-hommes-automne-et-hiver-epaissi\\\/#primaryimage\"},\"image\":{\"@id\":\"https:\\\/\\\/aigleshopping.ca\\\/fr\\\/produit\\\/pull-a-couleurs-contrastees-hommes-automne-et-hiver-epaissi\\\/#primaryimage\"},\"thumbnailUrl\":\"https:\\\/\\\/aigleshopping.ca\\\/wp-content\\\/uploads\\\/2025\\\/03\\\/8587a47b-f4a4-431c-9366-65e44f625899.jpg\",\"datePublished\":\"2025-03-20T05:21:05+00:00\",\"breadcrumb\":{\"@id\":\"https:\\\/\\\/aigleshopping.ca\\\/fr\\\/produit\\\/pull-a-couleurs-contrastees-hommes-automne-et-hiver-epaissi\\\/#breadcrumb\"},\"inLanguage\":\"fr-FR\",\"potentialAction\":[{\"@type\":\"ReadAction\",\"target\":[\"https:\\\/\\\/aigleshopping.ca\\\/fr\\\/produit\\\/pull-a-couleurs-contrastees-hommes-automne-et-hiver-epaissi\\\/\"]}]},{\"@type\":\"ImageObject\",\"inLanguage\":\"fr-FR\",\"@id\":\"https:\\\/\\\/aigleshopping.ca\\\/fr\\\/produit\\\/pull-a-couleurs-contrastees-hommes-automne-et-hiver-epaissi\\\/#primaryimage\",\"url\":\"https:\\\/\\\/aigleshopping.ca\\\/wp-content\\\/uploads\\\/2025\\\/03\\\/8587a47b-f4a4-431c-9366-65e44f625899.jpg\",\"contentUrl\":\"https:\\\/\\\/aigleshopping.ca\\\/wp-content\\\/uploads\\\/2025\\\/03\\\/8587a47b-f4a4-431c-9366-65e44f625899.jpg\",\"width\":800,\"height\":800},{\"@type\":\"BreadcrumbList\",\"@id\":\"https:\\\/\\\/aigleshopping.ca\\\/fr\\\/produit\\\/pull-a-couleurs-contrastees-hommes-automne-et-hiver-epaissi\\\/#breadcrumb\",\"itemListElement\":[{\"@type\":\"ListItem\",\"position\":1,\"name\":\"Home\",\"item\":\"https:\\\/\\\/aigleshopping.ca\\\/fr\\\/home\\\/\"},{\"@type\":\"ListItem\",\"position\":2,\"name\":\"Products\",\"item\":\"https:\\\/\\\/aigleshopping.ca\\\/shop\\\/\"},{\"@type\":\"ListItem\",\"position\":3,\"name\":\"Pull \u00e0 couleurs contrast\u00e9es Hommes automne et hiver \u00e9paissi\"}]},{\"@type\":\"WebSite\",\"@id\":\"https:\\\/\\\/aigleshopping.ca\\\/#website\",\"url\":\"https:\\\/\\\/aigleshopping.ca\\\/\",\"name\":\"Aigle Shopping Canada\",\"description\":\"Au-del\u00e0 des fronti\u00e8res, pour vous offrir le\u00a0meilleur!\",\"publisher\":{\"@id\":\"https:\\\/\\\/aigleshopping.ca\\\/#organization\"},\"potentialAction\":[{\"@type\":\"SearchAction\",\"target\":{\"@type\":\"EntryPoint\",\"urlTemplate\":\"https:\\\/\\\/aigleshopping.ca\\\/?s={search_term_string}\"},\"query-input\":{\"@type\":\"PropertyValueSpecification\",\"valueRequired\":true,\"valueName\":\"search_term_string\"}}],\"inLanguage\":\"fr-FR\"},{\"@type\":\"Organization\",\"@id\":\"https:\\\/\\\/aigleshopping.ca\\\/#organization\",\"name\":\"Aigle Shopping Canada\",\"url\":\"https:\\\/\\\/aigleshopping.ca\\\/\",\"logo\":{\"@type\":\"ImageObject\",\"inLanguage\":\"fr-FR\",\"@id\":\"https:\\\/\\\/aigleshopping.ca\\\/#\\\/schema\\\/logo\\\/image\\\/\",\"url\":\"https:\\\/\\\/aigleshopping.ca\\\/wp-content\\\/uploads\\\/2025\\\/12\\\/logo_aigleshopping_ca.png\",\"contentUrl\":\"https:\\\/\\\/aigleshopping.ca\\\/wp-content\\\/uploads\\\/2025\\\/12\\\/logo_aigleshopping_ca.png\",\"width\":800,\"height\":233,\"caption\":\"Aigle Shopping Canada\"},\"image\":{\"@id\":\"https:\\\/\\\/aigleshopping.ca\\\/#\\\/schema\\\/logo\\\/image\\\/\"}}]}<\/script>\n<!-- \/ Yoast SEO plugin. -->","yoast_head_json":{"title":"Pull \u00e0 couleurs contrast\u00e9es Hommes automne et hiver \u00e9paissi - Aigle Shopping Canada","robots":{"index":"index","follow":"follow","max-snippet":"max-snippet:-1","max-image-preview":"max-image-preview:large","max-video-preview":"max-video-preview:-1"},"canonical":"https:\/\/aigleshopping.ca\/fr\/produit\/pull-a-couleurs-contrastees-hommes-automne-et-hiver-epaissi\/","og_locale":"fr_FR","og_type":"article","og_title":"Pull \u00e0 couleurs contrast\u00e9es Hommes automne et hiver \u00e9paissi - Aigle Shopping Canada","og_description":"Informations sur le produit : Couleur : noir, gris, abricot Convient aux personnes : Jeunes Taille : M, L, XL, XXL, XXXL, 4XL Style : coupe \u00e9troite Style : pull-over \u00c9paisseur : ordinaire Nom du tissu : m\u00e9lange de fibres chimiques Sc\u00e9narios applicables : Quotidiennement Personnes concern\u00e9es : Jeunes Composition du tissu principal : Fibre [&hellip;]","og_url":"https:\/\/aigleshopping.ca\/fr\/produit\/pull-a-couleurs-contrastees-hommes-automne-et-hiver-epaissi\/","og_site_name":"Aigle Shopping Canada","og_image":[{"width":800,"height":800,"url":"https:\/\/aigleshopping.ca\/wp-content\/uploads\/2025\/03\/8587a47b-f4a4-431c-9366-65e44f625899.jpg","type":"image\/jpeg"}],"twitter_card":"summary_large_image","twitter_misc":{"Dur\u00e9e de lecture estim\u00e9e":"1 minute"},"schema":{"@context":"https:\/\/schema.org","@graph":[{"@type":"WebPage","@id":"https:\/\/aigleshopping.ca\/fr\/produit\/pull-a-couleurs-contrastees-hommes-automne-et-hiver-epaissi\/","url":"https:\/\/aigleshopping.ca\/fr\/produit\/pull-a-couleurs-contrastees-hommes-automne-et-hiver-epaissi\/","name":"Pull \u00e0 couleurs contrast\u00e9es Hommes automne et hiver \u00e9paissi - Aigle Shopping Canada","isPartOf":{"@id":"https:\/\/aigleshopping.ca\/#website"},"primaryImageOfPage":{"@id":"https:\/\/aigleshopping.ca\/fr\/produit\/pull-a-couleurs-contrastees-hommes-automne-et-hiver-epaissi\/#primaryimage"},"image":{"@id":"https:\/\/aigleshopping.ca\/fr\/produit\/pull-a-couleurs-contrastees-hommes-automne-et-hiver-epaissi\/#primaryimage"},"thumbnailUrl":"https:\/\/aigleshopping.ca\/wp-content\/uploads\/2025\/03\/8587a47b-f4a4-431c-9366-65e44f625899.jpg","datePublished":"2025-03-20T05:21:05+00:00","breadcrumb":{"@id":"https:\/\/aigleshopping.ca\/fr\/produit\/pull-a-couleurs-contrastees-hommes-automne-et-hiver-epaissi\/#breadcrumb"},"inLanguage":"fr-FR","potentialAction":[{"@type":"ReadAction","target":["https:\/\/aigleshopping.ca\/fr\/produit\/pull-a-couleurs-contrastees-hommes-automne-et-hiver-epaissi\/"]}]},{"@type":"ImageObject","inLanguage":"fr-FR","@id":"https:\/\/aigleshopping.ca\/fr\/produit\/pull-a-couleurs-contrastees-hommes-automne-et-hiver-epaissi\/#primaryimage","url":"https:\/\/aigleshopping.ca\/wp-content\/uploads\/2025\/03\/8587a47b-f4a4-431c-9366-65e44f625899.jpg","contentUrl":"https:\/\/aigleshopping.ca\/wp-content\/uploads\/2025\/03\/8587a47b-f4a4-431c-9366-65e44f625899.jpg","width":800,"height":800},{"@type":"BreadcrumbList","@id":"https:\/\/aigleshopping.ca\/fr\/produit\/pull-a-couleurs-contrastees-hommes-automne-et-hiver-epaissi\/#breadcrumb","itemListElement":[{"@type":"ListItem","position":1,"name":"Home","item":"https:\/\/aigleshopping.ca\/fr\/home\/"},{"@type":"ListItem","position":2,"name":"Products","item":"https:\/\/aigleshopping.ca\/shop\/"},{"@type":"ListItem","position":3,"name":"Pull \u00e0 couleurs contrast\u00e9es Hommes automne et hiver \u00e9paissi"}]},{"@type":"WebSite","@id":"https:\/\/aigleshopping.ca\/#website","url":"https:\/\/aigleshopping.ca\/","name":"Aigle Shopping Canada","description":"Au-del\u00e0 des fronti\u00e8res, pour vous offrir le\u00a0meilleur!","publisher":{"@id":"https:\/\/aigleshopping.ca\/#organization"},"potentialAction":[{"@type":"SearchAction","target":{"@type":"EntryPoint","urlTemplate":"https:\/\/aigleshopping.ca\/?s={search_term_string}"},"query-input":{"@type":"PropertyValueSpecification","valueRequired":true,"valueName":"search_term_string"}}],"inLanguage":"fr-FR"},{"@type":"Organization","@id":"https:\/\/aigleshopping.ca\/#organization","name":"Aigle Shopping Canada","url":"https:\/\/aigleshopping.ca\/","logo":{"@type":"ImageObject","inLanguage":"fr-FR","@id":"https:\/\/aigleshopping.ca\/#\/schema\/logo\/image\/","url":"https:\/\/aigleshopping.ca\/wp-content\/uploads\/2025\/12\/logo_aigleshopping_ca.png","contentUrl":"https:\/\/aigleshopping.ca\/wp-content\/uploads\/2025\/12\/logo_aigleshopping_ca.png","width":800,"height":233,"caption":"Aigle Shopping Canada"},"image":{"@id":"https:\/\/aigleshopping.ca\/#\/schema\/logo\/image\/"}}]}},"jetpack_sharing_enabled":true,"_links":{"self":[{"href":"https:\/\/aigleshopping.ca\/fr\/wp-json\/wp\/v2\/product\/32303","targetHints":{"allow":["GET"]}}],"collection":[{"href":"https:\/\/aigleshopping.ca\/fr\/wp-json\/wp\/v2\/product"}],"about":[{"href":"https:\/\/aigleshopping.ca\/fr\/wp-json\/wp\/v2\/types\/product"}],"replies":[{"embeddable":true,"href":"https:\/\/aigleshopping.ca\/fr\/wp-json\/wp\/v2\/comments?post=32303"}],"wp:featuredmedia":[{"embeddable":true,"href":"https:\/\/aigleshopping.ca\/fr\/wp-json\/wp\/v2\/media\/22272"}],"wp:attachment":[{"href":"https:\/\/aigleshopping.ca\/fr\/wp-json\/wp\/v2\/media?parent=32303"}],"wp:term":[{"taxonomy":"product_brand","embeddable":true,"href":"https:\/\/aigleshopping.ca\/fr\/wp-json\/wp\/v2\/product_brand?post=32303"},{"taxonomy":"product_cat","embeddable":true,"href":"https:\/\/aigleshopping.ca\/fr\/wp-json\/wp\/v2\/product_cat?post=32303"},{"taxonomy":"product_tag","embeddable":true,"href":"https:\/\/aigleshopping.ca\/fr\/wp-json\/wp\/v2\/product_tag?post=32303"}],"curies":[{"name":"wp","href":"https:\/\/api.w.org\/{rel}","templated":true}]}}