{"id":32517,"date":"2025-03-09T21:13:28","date_gmt":"2025-03-09T21:13:28","guid":{"rendered":"https:\/\/aigleshopping.ca\/produit\/tresor-de-charge-sans-fil-a-succion-magnetique-support-pliable-de-grande-capacite-alimentation-mobile\/"},"modified":"2025-03-09T21:13:28","modified_gmt":"2025-03-09T21:13:28","slug":"tresor-de-charge-sans-fil-a-succion-magnetique-support-pliable-de-grande-capacite-alimentation-mobile","status":"publish","type":"product","link":"https:\/\/aigleshopping.ca\/fr\/produit\/tresor-de-charge-sans-fil-a-succion-magnetique-support-pliable-de-grande-capacite-alimentation-mobile\/","title":{"rendered":"Tr\u00e9sor de charge sans fil \u00e0 succion magn\u00e9tique Support pliable de grande capacit\u00e9 Alimentation mobile"},"content":{"rendered":"<p> <b>Informations sur le produit :<\/b>  <\/p>\n<p>  Caract\u00e9ristiques suppl\u00e9mentaires : charge rapide dans les deux sens <br \/> Classification : alimentation mobile par aspiration magn\u00e9tique <br \/> Type d&rsquo;application : alimentation par clip arri\u00e8re <br \/> Type de batterie : Pack souple <br \/> Type de cellule : cellule lithium-ion polym\u00e8re <br \/> Mat\u00e9riau du bo\u00eetier : plastique  <br \/>  Capacit\u00e9 d&rsquo;alimentation : A27-1 support Yuanfeng LAN 22.5W10000,A27-1 support Yuekongblack 22.5W10000,A27-1 support Fruity orange 22.5W10000,A27-1 support pearl white 22.5W10000,A27-1 support purple 22.5W10000,A27-1 support Qingguo Green 22.5W1 0000,A27-1 support rose 22.5W10000,A27-1 support bleu marine 22.5W10000,5000 Yuanfeng Orchid CD-50,5000 Moon empty black CD-50,CD-50 Pearl White 5000,CD-50 Purple 5000,CD-50 Green Fruit 5000,CD-50 navy blue 50 00,H19E support light shows 22.5W blanc perle 10000,H19E support luminaire 22.5W noir lune 10000,H19E support luminaire 22.5W bleu marine 10000,H19E support luminaire 22.5W vert fonc\u00e9 10000,A27-2 support loin pic LAN 22.5W20000,A27-2 support noir couleur 22.5W20000,A27-2 support blanc 22.5W20000,A27-2 support bleu 22.5W20000  <br \/>  Taille : 110*65*15 <br \/> Taux de conversion : 65 (%) <br \/> Puissance de charge : PD22.5W <br \/> Style : Chargement sans fil par aspiration magn\u00e9tique <br \/> Type de produit : banque de chargement magn\u00e9tique  <\/p>\n<p> <\/p>\n<p> <b>Liste d&#8217;emballage :<\/b> <\/p>\n<p>1* Banque d&rsquo;alimentation<\/p>\n<p> <\/p>\n<p> <b>Image du produit :<\/b> <\/p>\n<p> <img decoding=\"async\" src=\"https:\/\/cf.cjdropshipping.com\/17036352\/1739950870986100736.jpg\"> <img decoding=\"async\" src=\"https:\/\/cf.cjdropshipping.com\/17036352\/1739950871254536192.jpg\"> <img decoding=\"async\" src=\"https:\/\/cf.cjdropshipping.com\/17036352\/1739950871514583040.jpg\"> <img decoding=\"async\" src=\"https:\/\/cf.cjdropshipping.com\/17036352\/1739950871829155840.jpg\"> <img decoding=\"async\" src=\"https:\/\/cf.cjdropshipping.com\/17036352\/1739950872336666624.jpg\"> <img decoding=\"async\" src=\"https:\/\/cf.cjdropshipping.com\/17036352\/1739950872584130560.jpg\"> <img decoding=\"async\" src=\"https:\/\/cf.cjdropshipping.com\/17036352\/1739950872764485632.jpg\"> <b> <br \/> <\/b> <\/p>\n","protected":false},"excerpt":{"rendered":"<p>Informations sur le produit : Caract\u00e9ristiques suppl\u00e9mentaires : charge rapide dans les deux sens Classification : alimentation mobile par aspiration magn\u00e9tique Type d&rsquo;application : alimentation par clip arri\u00e8re Type de batterie : Pack souple Type de cellule : cellule lithium-ion polym\u00e8re Mat\u00e9riau du bo\u00eetier : plastique Capacit\u00e9 d&rsquo;alimentation : A27-1 support Yuanfeng LAN 22.5W10000,A27-1 support [&hellip;]<\/p>\n","protected":false},"featured_media":19289,"comment_status":"open","ping_status":"closed","template":"","meta":{"content-type":""},"product_brand":[],"product_cat":[739],"product_tag":[],"class_list":{"0":"post-32517","1":"product","2":"type-product","3":"status-publish","4":"has-post-thumbnail","6":"product_cat-banque-denergie-et-station-de-recharge","8":"first","9":"instock","10":"taxable","11":"shipping-taxable","12":"purchasable","13":"product-type-variable","14":"add-to-wishlist-after_add_to_cart"},"yoast_head":"<!-- This site is optimized with the Yoast SEO plugin v27.4 - https:\/\/yoast.com\/product\/yoast-seo-wordpress\/ -->\n<title>Tr\u00e9sor de charge sans fil \u00e0 succion magn\u00e9tique Support pliable de grande capacit\u00e9 Alimentation mobile - Aigle Shopping Canada<\/title>\n<meta name=\"robots\" content=\"index, follow, max-snippet:-1, max-image-preview:large, max-video-preview:-1\" \/>\n<link rel=\"canonical\" href=\"https:\/\/aigleshopping.ca\/fr\/produit\/tresor-de-charge-sans-fil-a-succion-magnetique-support-pliable-de-grande-capacite-alimentation-mobile\/\" \/>\n<meta property=\"og:locale\" content=\"fr_FR\" \/>\n<meta property=\"og:type\" content=\"article\" \/>\n<meta property=\"og:title\" content=\"Tr\u00e9sor de charge sans fil \u00e0 succion magn\u00e9tique Support pliable de grande capacit\u00e9 Alimentation mobile - Aigle Shopping Canada\" \/>\n<meta property=\"og:description\" content=\"Informations sur le produit : Caract\u00e9ristiques suppl\u00e9mentaires : charge rapide dans les deux sens Classification : alimentation mobile par aspiration magn\u00e9tique Type d&rsquo;application : alimentation par clip arri\u00e8re Type de batterie : Pack souple Type de cellule : cellule lithium-ion polym\u00e8re Mat\u00e9riau du bo\u00eetier : plastique Capacit\u00e9 d&rsquo;alimentation : A27-1 support Yuanfeng LAN 22.5W10000,A27-1 support [&hellip;]\" \/>\n<meta property=\"og:url\" content=\"https:\/\/aigleshopping.ca\/fr\/produit\/tresor-de-charge-sans-fil-a-succion-magnetique-support-pliable-de-grande-capacite-alimentation-mobile\/\" \/>\n<meta property=\"og:site_name\" content=\"Aigle Shopping Canada\" \/>\n<meta property=\"og:image\" content=\"https:\/\/aigleshopping.ca\/wp-content\/uploads\/2025\/03\/e15a3b0a-577b-4c36-8495-b9a4efa328f7.jpg\" \/>\n\t<meta property=\"og:image:width\" content=\"800\" \/>\n\t<meta property=\"og:image:height\" content=\"800\" \/>\n\t<meta property=\"og:image:type\" content=\"image\/jpeg\" \/>\n<meta name=\"twitter:card\" content=\"summary_large_image\" \/>\n<meta name=\"twitter:label1\" content=\"Dur\u00e9e de lecture estim\u00e9e\" \/>\n\t<meta name=\"twitter:data1\" content=\"1 minute\" \/>\n<script type=\"application\/ld+json\" class=\"yoast-schema-graph\">{\"@context\":\"https:\\\/\\\/schema.org\",\"@graph\":[{\"@type\":\"WebPage\",\"@id\":\"https:\\\/\\\/aigleshopping.ca\\\/fr\\\/produit\\\/tresor-de-charge-sans-fil-a-succion-magnetique-support-pliable-de-grande-capacite-alimentation-mobile\\\/\",\"url\":\"https:\\\/\\\/aigleshopping.ca\\\/fr\\\/produit\\\/tresor-de-charge-sans-fil-a-succion-magnetique-support-pliable-de-grande-capacite-alimentation-mobile\\\/\",\"name\":\"Tr\u00e9sor de charge sans fil \u00e0 succion magn\u00e9tique Support pliable de grande capacit\u00e9 Alimentation mobile - Aigle Shopping Canada\",\"isPartOf\":{\"@id\":\"https:\\\/\\\/aigleshopping.ca\\\/#website\"},\"primaryImageOfPage\":{\"@id\":\"https:\\\/\\\/aigleshopping.ca\\\/fr\\\/produit\\\/tresor-de-charge-sans-fil-a-succion-magnetique-support-pliable-de-grande-capacite-alimentation-mobile\\\/#primaryimage\"},\"image\":{\"@id\":\"https:\\\/\\\/aigleshopping.ca\\\/fr\\\/produit\\\/tresor-de-charge-sans-fil-a-succion-magnetique-support-pliable-de-grande-capacite-alimentation-mobile\\\/#primaryimage\"},\"thumbnailUrl\":\"https:\\\/\\\/aigleshopping.ca\\\/wp-content\\\/uploads\\\/2025\\\/03\\\/e15a3b0a-577b-4c36-8495-b9a4efa328f7.jpg\",\"datePublished\":\"2025-03-09T21:13:28+00:00\",\"breadcrumb\":{\"@id\":\"https:\\\/\\\/aigleshopping.ca\\\/fr\\\/produit\\\/tresor-de-charge-sans-fil-a-succion-magnetique-support-pliable-de-grande-capacite-alimentation-mobile\\\/#breadcrumb\"},\"inLanguage\":\"fr-FR\",\"potentialAction\":[{\"@type\":\"ReadAction\",\"target\":[\"https:\\\/\\\/aigleshopping.ca\\\/fr\\\/produit\\\/tresor-de-charge-sans-fil-a-succion-magnetique-support-pliable-de-grande-capacite-alimentation-mobile\\\/\"]}]},{\"@type\":\"ImageObject\",\"inLanguage\":\"fr-FR\",\"@id\":\"https:\\\/\\\/aigleshopping.ca\\\/fr\\\/produit\\\/tresor-de-charge-sans-fil-a-succion-magnetique-support-pliable-de-grande-capacite-alimentation-mobile\\\/#primaryimage\",\"url\":\"https:\\\/\\\/aigleshopping.ca\\\/wp-content\\\/uploads\\\/2025\\\/03\\\/e15a3b0a-577b-4c36-8495-b9a4efa328f7.jpg\",\"contentUrl\":\"https:\\\/\\\/aigleshopping.ca\\\/wp-content\\\/uploads\\\/2025\\\/03\\\/e15a3b0a-577b-4c36-8495-b9a4efa328f7.jpg\",\"width\":800,\"height\":800},{\"@type\":\"BreadcrumbList\",\"@id\":\"https:\\\/\\\/aigleshopping.ca\\\/fr\\\/produit\\\/tresor-de-charge-sans-fil-a-succion-magnetique-support-pliable-de-grande-capacite-alimentation-mobile\\\/#breadcrumb\",\"itemListElement\":[{\"@type\":\"ListItem\",\"position\":1,\"name\":\"Home\",\"item\":\"https:\\\/\\\/aigleshopping.ca\\\/fr\\\/home\\\/\"},{\"@type\":\"ListItem\",\"position\":2,\"name\":\"Products\",\"item\":\"https:\\\/\\\/aigleshopping.ca\\\/shop\\\/\"},{\"@type\":\"ListItem\",\"position\":3,\"name\":\"Tr\u00e9sor de charge sans fil \u00e0 succion magn\u00e9tique Support pliable de grande capacit\u00e9 Alimentation mobile\"}]},{\"@type\":\"WebSite\",\"@id\":\"https:\\\/\\\/aigleshopping.ca\\\/#website\",\"url\":\"https:\\\/\\\/aigleshopping.ca\\\/\",\"name\":\"Aigle Shopping Canada\",\"description\":\"Au-del\u00e0 des fronti\u00e8res, pour vous offrir le\u00a0meilleur!\",\"publisher\":{\"@id\":\"https:\\\/\\\/aigleshopping.ca\\\/#organization\"},\"potentialAction\":[{\"@type\":\"SearchAction\",\"target\":{\"@type\":\"EntryPoint\",\"urlTemplate\":\"https:\\\/\\\/aigleshopping.ca\\\/?s={search_term_string}\"},\"query-input\":{\"@type\":\"PropertyValueSpecification\",\"valueRequired\":true,\"valueName\":\"search_term_string\"}}],\"inLanguage\":\"fr-FR\"},{\"@type\":\"Organization\",\"@id\":\"https:\\\/\\\/aigleshopping.ca\\\/#organization\",\"name\":\"Aigle Shopping Canada\",\"url\":\"https:\\\/\\\/aigleshopping.ca\\\/\",\"logo\":{\"@type\":\"ImageObject\",\"inLanguage\":\"fr-FR\",\"@id\":\"https:\\\/\\\/aigleshopping.ca\\\/#\\\/schema\\\/logo\\\/image\\\/\",\"url\":\"https:\\\/\\\/aigleshopping.ca\\\/wp-content\\\/uploads\\\/2025\\\/12\\\/logo_aigleshopping_ca.png\",\"contentUrl\":\"https:\\\/\\\/aigleshopping.ca\\\/wp-content\\\/uploads\\\/2025\\\/12\\\/logo_aigleshopping_ca.png\",\"width\":800,\"height\":233,\"caption\":\"Aigle Shopping Canada\"},\"image\":{\"@id\":\"https:\\\/\\\/aigleshopping.ca\\\/#\\\/schema\\\/logo\\\/image\\\/\"}}]}<\/script>\n<!-- \/ Yoast SEO plugin. -->","yoast_head_json":{"title":"Tr\u00e9sor de charge sans fil \u00e0 succion magn\u00e9tique Support pliable de grande capacit\u00e9 Alimentation mobile - Aigle Shopping Canada","robots":{"index":"index","follow":"follow","max-snippet":"max-snippet:-1","max-image-preview":"max-image-preview:large","max-video-preview":"max-video-preview:-1"},"canonical":"https:\/\/aigleshopping.ca\/fr\/produit\/tresor-de-charge-sans-fil-a-succion-magnetique-support-pliable-de-grande-capacite-alimentation-mobile\/","og_locale":"fr_FR","og_type":"article","og_title":"Tr\u00e9sor de charge sans fil \u00e0 succion magn\u00e9tique Support pliable de grande capacit\u00e9 Alimentation mobile - Aigle Shopping Canada","og_description":"Informations sur le produit : Caract\u00e9ristiques suppl\u00e9mentaires : charge rapide dans les deux sens Classification : alimentation mobile par aspiration magn\u00e9tique Type d&rsquo;application : alimentation par clip arri\u00e8re Type de batterie : Pack souple Type de cellule : cellule lithium-ion polym\u00e8re Mat\u00e9riau du bo\u00eetier : plastique Capacit\u00e9 d&rsquo;alimentation : A27-1 support Yuanfeng LAN 22.5W10000,A27-1 support [&hellip;]","og_url":"https:\/\/aigleshopping.ca\/fr\/produit\/tresor-de-charge-sans-fil-a-succion-magnetique-support-pliable-de-grande-capacite-alimentation-mobile\/","og_site_name":"Aigle Shopping Canada","og_image":[{"width":800,"height":800,"url":"https:\/\/aigleshopping.ca\/wp-content\/uploads\/2025\/03\/e15a3b0a-577b-4c36-8495-b9a4efa328f7.jpg","type":"image\/jpeg"}],"twitter_card":"summary_large_image","twitter_misc":{"Dur\u00e9e de lecture estim\u00e9e":"1 minute"},"schema":{"@context":"https:\/\/schema.org","@graph":[{"@type":"WebPage","@id":"https:\/\/aigleshopping.ca\/fr\/produit\/tresor-de-charge-sans-fil-a-succion-magnetique-support-pliable-de-grande-capacite-alimentation-mobile\/","url":"https:\/\/aigleshopping.ca\/fr\/produit\/tresor-de-charge-sans-fil-a-succion-magnetique-support-pliable-de-grande-capacite-alimentation-mobile\/","name":"Tr\u00e9sor de charge sans fil \u00e0 succion magn\u00e9tique Support pliable de grande capacit\u00e9 Alimentation mobile - Aigle Shopping Canada","isPartOf":{"@id":"https:\/\/aigleshopping.ca\/#website"},"primaryImageOfPage":{"@id":"https:\/\/aigleshopping.ca\/fr\/produit\/tresor-de-charge-sans-fil-a-succion-magnetique-support-pliable-de-grande-capacite-alimentation-mobile\/#primaryimage"},"image":{"@id":"https:\/\/aigleshopping.ca\/fr\/produit\/tresor-de-charge-sans-fil-a-succion-magnetique-support-pliable-de-grande-capacite-alimentation-mobile\/#primaryimage"},"thumbnailUrl":"https:\/\/aigleshopping.ca\/wp-content\/uploads\/2025\/03\/e15a3b0a-577b-4c36-8495-b9a4efa328f7.jpg","datePublished":"2025-03-09T21:13:28+00:00","breadcrumb":{"@id":"https:\/\/aigleshopping.ca\/fr\/produit\/tresor-de-charge-sans-fil-a-succion-magnetique-support-pliable-de-grande-capacite-alimentation-mobile\/#breadcrumb"},"inLanguage":"fr-FR","potentialAction":[{"@type":"ReadAction","target":["https:\/\/aigleshopping.ca\/fr\/produit\/tresor-de-charge-sans-fil-a-succion-magnetique-support-pliable-de-grande-capacite-alimentation-mobile\/"]}]},{"@type":"ImageObject","inLanguage":"fr-FR","@id":"https:\/\/aigleshopping.ca\/fr\/produit\/tresor-de-charge-sans-fil-a-succion-magnetique-support-pliable-de-grande-capacite-alimentation-mobile\/#primaryimage","url":"https:\/\/aigleshopping.ca\/wp-content\/uploads\/2025\/03\/e15a3b0a-577b-4c36-8495-b9a4efa328f7.jpg","contentUrl":"https:\/\/aigleshopping.ca\/wp-content\/uploads\/2025\/03\/e15a3b0a-577b-4c36-8495-b9a4efa328f7.jpg","width":800,"height":800},{"@type":"BreadcrumbList","@id":"https:\/\/aigleshopping.ca\/fr\/produit\/tresor-de-charge-sans-fil-a-succion-magnetique-support-pliable-de-grande-capacite-alimentation-mobile\/#breadcrumb","itemListElement":[{"@type":"ListItem","position":1,"name":"Home","item":"https:\/\/aigleshopping.ca\/fr\/home\/"},{"@type":"ListItem","position":2,"name":"Products","item":"https:\/\/aigleshopping.ca\/shop\/"},{"@type":"ListItem","position":3,"name":"Tr\u00e9sor de charge sans fil \u00e0 succion magn\u00e9tique Support pliable de grande capacit\u00e9 Alimentation mobile"}]},{"@type":"WebSite","@id":"https:\/\/aigleshopping.ca\/#website","url":"https:\/\/aigleshopping.ca\/","name":"Aigle Shopping Canada","description":"Au-del\u00e0 des fronti\u00e8res, pour vous offrir le\u00a0meilleur!","publisher":{"@id":"https:\/\/aigleshopping.ca\/#organization"},"potentialAction":[{"@type":"SearchAction","target":{"@type":"EntryPoint","urlTemplate":"https:\/\/aigleshopping.ca\/?s={search_term_string}"},"query-input":{"@type":"PropertyValueSpecification","valueRequired":true,"valueName":"search_term_string"}}],"inLanguage":"fr-FR"},{"@type":"Organization","@id":"https:\/\/aigleshopping.ca\/#organization","name":"Aigle Shopping Canada","url":"https:\/\/aigleshopping.ca\/","logo":{"@type":"ImageObject","inLanguage":"fr-FR","@id":"https:\/\/aigleshopping.ca\/#\/schema\/logo\/image\/","url":"https:\/\/aigleshopping.ca\/wp-content\/uploads\/2025\/12\/logo_aigleshopping_ca.png","contentUrl":"https:\/\/aigleshopping.ca\/wp-content\/uploads\/2025\/12\/logo_aigleshopping_ca.png","width":800,"height":233,"caption":"Aigle Shopping Canada"},"image":{"@id":"https:\/\/aigleshopping.ca\/#\/schema\/logo\/image\/"}}]}},"jetpack_sharing_enabled":true,"_links":{"self":[{"href":"https:\/\/aigleshopping.ca\/fr\/wp-json\/wp\/v2\/product\/32517","targetHints":{"allow":["GET"]}}],"collection":[{"href":"https:\/\/aigleshopping.ca\/fr\/wp-json\/wp\/v2\/product"}],"about":[{"href":"https:\/\/aigleshopping.ca\/fr\/wp-json\/wp\/v2\/types\/product"}],"replies":[{"embeddable":true,"href":"https:\/\/aigleshopping.ca\/fr\/wp-json\/wp\/v2\/comments?post=32517"}],"wp:featuredmedia":[{"embeddable":true,"href":"https:\/\/aigleshopping.ca\/fr\/wp-json\/wp\/v2\/media\/19289"}],"wp:attachment":[{"href":"https:\/\/aigleshopping.ca\/fr\/wp-json\/wp\/v2\/media?parent=32517"}],"wp:term":[{"taxonomy":"product_brand","embeddable":true,"href":"https:\/\/aigleshopping.ca\/fr\/wp-json\/wp\/v2\/product_brand?post=32517"},{"taxonomy":"product_cat","embeddable":true,"href":"https:\/\/aigleshopping.ca\/fr\/wp-json\/wp\/v2\/product_cat?post=32517"},{"taxonomy":"product_tag","embeddable":true,"href":"https:\/\/aigleshopping.ca\/fr\/wp-json\/wp\/v2\/product_tag?post=32517"}],"curies":[{"name":"wp","href":"https:\/\/api.w.org\/{rel}","templated":true}]}}