{"id":32611,"date":"2025-03-09T21:20:18","date_gmt":"2025-03-09T21:20:18","guid":{"rendered":"https:\/\/aigleshopping.ca\/produit\/10000mah-power-bank-huawei-22-5w-super-fast-charge\/"},"modified":"2025-03-09T21:20:18","modified_gmt":"2025-03-09T21:20:18","slug":"10000mah-power-bank-huawei-22-5w-super-fast-charge","status":"publish","type":"product","link":"https:\/\/aigleshopping.ca\/fr\/produit\/10000mah-power-bank-huawei-22-5w-super-fast-charge\/","title":{"rendered":"10000mAh Power Bank Huawei 22.5W Super Fast Charge"},"content":{"rendered":"<p> <b>Informations sur le produit :<\/b> <br \/> Type de batterie : Batterie au lithium polym\u00e8re  <br \/>  Classification par couleur : 22.5W 10,000 mA [noir] 22.5W 20,000 mA [noir] 22.5W 30,000 mA [noir] Ligne 3A 80cm T\u00e9l\u00e9phone Android Ligne de charge rapide 18W Ligne 5A 1 m\u00e8tre Ligne de charge super rapide Huawei Ligne de charge rapide Apple 20W Ligne de charge rapide 1,5 m\u00e8tre Ligne de certification MFI  <br \/>  Puissance de sortie maximale : 22,5 W  <br \/>  Caract\u00e9ristiques suppl\u00e9mentaires : sortie multiport  <br \/>  Apporter ou non un \u00e9cran : avec l&rsquo;ext\u00e9rieur de l&rsquo;\u00e9cran  <br \/>  Mat\u00e9riau de la coque : plastique  <br \/>  Taille : 143x65x15mm  <br \/>  Type de cellule : \u00e9tui souple  <br \/>  Type intelligent : ne prend pas en charge le type intelligent  <br \/>  Capacit\u00e9 de la batterie : 10000mAh  <br \/>  Prise en charge ou non de la recharge sans fil : Non  <br \/>  Faut-il pr\u00e9voir une prise de charge ? Non  <br \/>  Protocole de chargement : PD3.0 QC2.0 QC3.0 FCP SCP AFC  <br \/>  Faut-il pr\u00e9voir un c\u00e2ble de donn\u00e9es ? Non  <br \/>  Prise en charge ou non de la charge magn\u00e9tique : Non  <\/p>\n<p> <b>Liste d&#8217;emballage :<\/b> <br \/> Banque d&rsquo;alimentation x1  <\/p>\n<p> <\/p>\n<p> <img decoding=\"async\" src=\"https:\/\/cf.cjdropshipping.com\/042af392-0462-445a-9bac-ac515f4ac399.jpg\"> <img decoding=\"async\" src=\"https:\/\/cf.cjdropshipping.com\/02e79449-1536-4a53-bbcd-fdaacd13cf7d.jpg\"> <img decoding=\"async\" src=\"https:\/\/cf.cjdropshipping.com\/f7eea659-db0b-46e7-bf9c-98741c8bea0c.jpg\"> <img decoding=\"async\" src=\"https:\/\/cf.cjdropshipping.com\/7b7a9681-32ec-4a7d-a2bd-4f8d249dd7af.jpg\"> <img decoding=\"async\" src=\"https:\/\/cf.cjdropshipping.com\/4a3a986c-edc3-4510-8266-1846d7dd9456.jpg\">  <\/p>\n","protected":false},"excerpt":{"rendered":"<p>Informations sur le produit : Type de batterie : Batterie au lithium polym\u00e8re Classification par couleur : 22.5W 10,000 mA [noir] 22.5W 20,000 mA [noir] 22.5W 30,000 mA [noir] Ligne 3A 80cm T\u00e9l\u00e9phone Android Ligne de charge rapide 18W Ligne 5A 1 m\u00e8tre Ligne de charge super rapide Huawei Ligne de charge rapide Apple 20W [&hellip;]<\/p>\n","protected":false},"featured_media":19561,"comment_status":"open","ping_status":"closed","template":"","meta":{"content-type":""},"product_brand":[],"product_cat":[739],"product_tag":[],"class_list":{"0":"post-32611","1":"product","2":"type-product","3":"status-publish","4":"has-post-thumbnail","6":"product_cat-banque-denergie-et-station-de-recharge","8":"first","9":"instock","10":"taxable","11":"shipping-taxable","12":"purchasable","13":"product-type-variable","14":"add-to-wishlist-after_add_to_cart"},"yoast_head":"<!-- This site is optimized with the Yoast SEO plugin v27.5 - https:\/\/yoast.com\/product\/yoast-seo-wordpress\/ -->\n<title>10000mAh Power Bank Huawei 22.5W Super Fast Charge - Aigle Shopping Canada<\/title>\n<meta name=\"robots\" content=\"index, follow, max-snippet:-1, max-image-preview:large, max-video-preview:-1\" \/>\n<link rel=\"canonical\" href=\"https:\/\/aigleshopping.ca\/fr\/produit\/10000mah-power-bank-huawei-22-5w-super-fast-charge\/\" \/>\n<meta property=\"og:locale\" content=\"fr_FR\" \/>\n<meta property=\"og:type\" content=\"article\" \/>\n<meta property=\"og:title\" content=\"10000mAh Power Bank Huawei 22.5W Super Fast Charge - Aigle Shopping Canada\" \/>\n<meta property=\"og:description\" content=\"Informations sur le produit : Type de batterie : Batterie au lithium polym\u00e8re Classification par couleur : 22.5W 10,000 mA [noir] 22.5W 20,000 mA [noir] 22.5W 30,000 mA [noir] Ligne 3A 80cm T\u00e9l\u00e9phone Android Ligne de charge rapide 18W Ligne 5A 1 m\u00e8tre Ligne de charge super rapide Huawei Ligne de charge rapide Apple 20W [&hellip;]\" \/>\n<meta property=\"og:url\" content=\"https:\/\/aigleshopping.ca\/fr\/produit\/10000mah-power-bank-huawei-22-5w-super-fast-charge\/\" \/>\n<meta property=\"og:site_name\" content=\"Aigle Shopping Canada\" \/>\n<meta property=\"og:image\" content=\"https:\/\/aigleshopping.ca\/wp-content\/uploads\/2025\/03\/00231246-ec22-4894-b5c7-c74b07b203a3.jpg\" \/>\n\t<meta property=\"og:image:width\" content=\"1300\" \/>\n\t<meta property=\"og:image:height\" content=\"1300\" \/>\n\t<meta property=\"og:image:type\" content=\"image\/jpeg\" \/>\n<meta name=\"twitter:card\" content=\"summary_large_image\" \/>\n<meta name=\"twitter:label1\" content=\"Dur\u00e9e de lecture estim\u00e9e\" \/>\n\t<meta name=\"twitter:data1\" content=\"1 minute\" \/>\n<script type=\"application\/ld+json\" class=\"yoast-schema-graph\">{\"@context\":\"https:\\\/\\\/schema.org\",\"@graph\":[{\"@type\":\"WebPage\",\"@id\":\"https:\\\/\\\/aigleshopping.ca\\\/fr\\\/produit\\\/10000mah-power-bank-huawei-22-5w-super-fast-charge\\\/\",\"url\":\"https:\\\/\\\/aigleshopping.ca\\\/fr\\\/produit\\\/10000mah-power-bank-huawei-22-5w-super-fast-charge\\\/\",\"name\":\"10000mAh Power Bank Huawei 22.5W Super Fast Charge - Aigle Shopping Canada\",\"isPartOf\":{\"@id\":\"https:\\\/\\\/aigleshopping.ca\\\/#website\"},\"primaryImageOfPage\":{\"@id\":\"https:\\\/\\\/aigleshopping.ca\\\/fr\\\/produit\\\/10000mah-power-bank-huawei-22-5w-super-fast-charge\\\/#primaryimage\"},\"image\":{\"@id\":\"https:\\\/\\\/aigleshopping.ca\\\/fr\\\/produit\\\/10000mah-power-bank-huawei-22-5w-super-fast-charge\\\/#primaryimage\"},\"thumbnailUrl\":\"https:\\\/\\\/aigleshopping.ca\\\/wp-content\\\/uploads\\\/2025\\\/03\\\/00231246-ec22-4894-b5c7-c74b07b203a3.jpg\",\"datePublished\":\"2025-03-09T21:20:18+00:00\",\"breadcrumb\":{\"@id\":\"https:\\\/\\\/aigleshopping.ca\\\/fr\\\/produit\\\/10000mah-power-bank-huawei-22-5w-super-fast-charge\\\/#breadcrumb\"},\"inLanguage\":\"fr-FR\",\"potentialAction\":[{\"@type\":\"ReadAction\",\"target\":[\"https:\\\/\\\/aigleshopping.ca\\\/fr\\\/produit\\\/10000mah-power-bank-huawei-22-5w-super-fast-charge\\\/\"]}]},{\"@type\":\"ImageObject\",\"inLanguage\":\"fr-FR\",\"@id\":\"https:\\\/\\\/aigleshopping.ca\\\/fr\\\/produit\\\/10000mah-power-bank-huawei-22-5w-super-fast-charge\\\/#primaryimage\",\"url\":\"https:\\\/\\\/aigleshopping.ca\\\/wp-content\\\/uploads\\\/2025\\\/03\\\/00231246-ec22-4894-b5c7-c74b07b203a3.jpg\",\"contentUrl\":\"https:\\\/\\\/aigleshopping.ca\\\/wp-content\\\/uploads\\\/2025\\\/03\\\/00231246-ec22-4894-b5c7-c74b07b203a3.jpg\",\"width\":1300,\"height\":1300},{\"@type\":\"BreadcrumbList\",\"@id\":\"https:\\\/\\\/aigleshopping.ca\\\/fr\\\/produit\\\/10000mah-power-bank-huawei-22-5w-super-fast-charge\\\/#breadcrumb\",\"itemListElement\":[{\"@type\":\"ListItem\",\"position\":1,\"name\":\"Home\",\"item\":\"https:\\\/\\\/aigleshopping.ca\\\/fr\\\/home\\\/\"},{\"@type\":\"ListItem\",\"position\":2,\"name\":\"Products\",\"item\":\"https:\\\/\\\/aigleshopping.ca\\\/shop\\\/\"},{\"@type\":\"ListItem\",\"position\":3,\"name\":\"10000mAh Power Bank Huawei 22.5W Super Fast Charge\"}]},{\"@type\":\"WebSite\",\"@id\":\"https:\\\/\\\/aigleshopping.ca\\\/#website\",\"url\":\"https:\\\/\\\/aigleshopping.ca\\\/\",\"name\":\"Aigle Shopping Canada\",\"description\":\"Au-del\u00e0 des fronti\u00e8res, pour vous offrir le\u00a0meilleur!\",\"publisher\":{\"@id\":\"https:\\\/\\\/aigleshopping.ca\\\/#organization\"},\"potentialAction\":[{\"@type\":\"SearchAction\",\"target\":{\"@type\":\"EntryPoint\",\"urlTemplate\":\"https:\\\/\\\/aigleshopping.ca\\\/?s={search_term_string}\"},\"query-input\":{\"@type\":\"PropertyValueSpecification\",\"valueRequired\":true,\"valueName\":\"search_term_string\"}}],\"inLanguage\":\"fr-FR\"},{\"@type\":\"Organization\",\"@id\":\"https:\\\/\\\/aigleshopping.ca\\\/#organization\",\"name\":\"Aigle Shopping Canada\",\"url\":\"https:\\\/\\\/aigleshopping.ca\\\/\",\"logo\":{\"@type\":\"ImageObject\",\"inLanguage\":\"fr-FR\",\"@id\":\"https:\\\/\\\/aigleshopping.ca\\\/#\\\/schema\\\/logo\\\/image\\\/\",\"url\":\"https:\\\/\\\/aigleshopping.ca\\\/wp-content\\\/uploads\\\/2025\\\/12\\\/logo_aigleshopping_ca.png\",\"contentUrl\":\"https:\\\/\\\/aigleshopping.ca\\\/wp-content\\\/uploads\\\/2025\\\/12\\\/logo_aigleshopping_ca.png\",\"width\":800,\"height\":233,\"caption\":\"Aigle Shopping Canada\"},\"image\":{\"@id\":\"https:\\\/\\\/aigleshopping.ca\\\/#\\\/schema\\\/logo\\\/image\\\/\"}}]}<\/script>\n<!-- \/ Yoast SEO plugin. -->","yoast_head_json":{"title":"10000mAh Power Bank Huawei 22.5W Super Fast Charge - Aigle Shopping Canada","robots":{"index":"index","follow":"follow","max-snippet":"max-snippet:-1","max-image-preview":"max-image-preview:large","max-video-preview":"max-video-preview:-1"},"canonical":"https:\/\/aigleshopping.ca\/fr\/produit\/10000mah-power-bank-huawei-22-5w-super-fast-charge\/","og_locale":"fr_FR","og_type":"article","og_title":"10000mAh Power Bank Huawei 22.5W Super Fast Charge - Aigle Shopping Canada","og_description":"Informations sur le produit : Type de batterie : Batterie au lithium polym\u00e8re Classification par couleur : 22.5W 10,000 mA [noir] 22.5W 20,000 mA [noir] 22.5W 30,000 mA [noir] Ligne 3A 80cm T\u00e9l\u00e9phone Android Ligne de charge rapide 18W Ligne 5A 1 m\u00e8tre Ligne de charge super rapide Huawei Ligne de charge rapide Apple 20W [&hellip;]","og_url":"https:\/\/aigleshopping.ca\/fr\/produit\/10000mah-power-bank-huawei-22-5w-super-fast-charge\/","og_site_name":"Aigle Shopping Canada","og_image":[{"width":1300,"height":1300,"url":"https:\/\/aigleshopping.ca\/wp-content\/uploads\/2025\/03\/00231246-ec22-4894-b5c7-c74b07b203a3.jpg","type":"image\/jpeg"}],"twitter_card":"summary_large_image","twitter_misc":{"Dur\u00e9e de lecture estim\u00e9e":"1 minute"},"schema":{"@context":"https:\/\/schema.org","@graph":[{"@type":"WebPage","@id":"https:\/\/aigleshopping.ca\/fr\/produit\/10000mah-power-bank-huawei-22-5w-super-fast-charge\/","url":"https:\/\/aigleshopping.ca\/fr\/produit\/10000mah-power-bank-huawei-22-5w-super-fast-charge\/","name":"10000mAh Power Bank Huawei 22.5W Super Fast Charge - Aigle Shopping Canada","isPartOf":{"@id":"https:\/\/aigleshopping.ca\/#website"},"primaryImageOfPage":{"@id":"https:\/\/aigleshopping.ca\/fr\/produit\/10000mah-power-bank-huawei-22-5w-super-fast-charge\/#primaryimage"},"image":{"@id":"https:\/\/aigleshopping.ca\/fr\/produit\/10000mah-power-bank-huawei-22-5w-super-fast-charge\/#primaryimage"},"thumbnailUrl":"https:\/\/aigleshopping.ca\/wp-content\/uploads\/2025\/03\/00231246-ec22-4894-b5c7-c74b07b203a3.jpg","datePublished":"2025-03-09T21:20:18+00:00","breadcrumb":{"@id":"https:\/\/aigleshopping.ca\/fr\/produit\/10000mah-power-bank-huawei-22-5w-super-fast-charge\/#breadcrumb"},"inLanguage":"fr-FR","potentialAction":[{"@type":"ReadAction","target":["https:\/\/aigleshopping.ca\/fr\/produit\/10000mah-power-bank-huawei-22-5w-super-fast-charge\/"]}]},{"@type":"ImageObject","inLanguage":"fr-FR","@id":"https:\/\/aigleshopping.ca\/fr\/produit\/10000mah-power-bank-huawei-22-5w-super-fast-charge\/#primaryimage","url":"https:\/\/aigleshopping.ca\/wp-content\/uploads\/2025\/03\/00231246-ec22-4894-b5c7-c74b07b203a3.jpg","contentUrl":"https:\/\/aigleshopping.ca\/wp-content\/uploads\/2025\/03\/00231246-ec22-4894-b5c7-c74b07b203a3.jpg","width":1300,"height":1300},{"@type":"BreadcrumbList","@id":"https:\/\/aigleshopping.ca\/fr\/produit\/10000mah-power-bank-huawei-22-5w-super-fast-charge\/#breadcrumb","itemListElement":[{"@type":"ListItem","position":1,"name":"Home","item":"https:\/\/aigleshopping.ca\/fr\/home\/"},{"@type":"ListItem","position":2,"name":"Products","item":"https:\/\/aigleshopping.ca\/shop\/"},{"@type":"ListItem","position":3,"name":"10000mAh Power Bank Huawei 22.5W Super Fast Charge"}]},{"@type":"WebSite","@id":"https:\/\/aigleshopping.ca\/#website","url":"https:\/\/aigleshopping.ca\/","name":"Aigle Shopping Canada","description":"Au-del\u00e0 des fronti\u00e8res, pour vous offrir le\u00a0meilleur!","publisher":{"@id":"https:\/\/aigleshopping.ca\/#organization"},"potentialAction":[{"@type":"SearchAction","target":{"@type":"EntryPoint","urlTemplate":"https:\/\/aigleshopping.ca\/?s={search_term_string}"},"query-input":{"@type":"PropertyValueSpecification","valueRequired":true,"valueName":"search_term_string"}}],"inLanguage":"fr-FR"},{"@type":"Organization","@id":"https:\/\/aigleshopping.ca\/#organization","name":"Aigle Shopping Canada","url":"https:\/\/aigleshopping.ca\/","logo":{"@type":"ImageObject","inLanguage":"fr-FR","@id":"https:\/\/aigleshopping.ca\/#\/schema\/logo\/image\/","url":"https:\/\/aigleshopping.ca\/wp-content\/uploads\/2025\/12\/logo_aigleshopping_ca.png","contentUrl":"https:\/\/aigleshopping.ca\/wp-content\/uploads\/2025\/12\/logo_aigleshopping_ca.png","width":800,"height":233,"caption":"Aigle Shopping Canada"},"image":{"@id":"https:\/\/aigleshopping.ca\/#\/schema\/logo\/image\/"}}]}},"jetpack_sharing_enabled":true,"_links":{"self":[{"href":"https:\/\/aigleshopping.ca\/fr\/wp-json\/wp\/v2\/product\/32611","targetHints":{"allow":["GET"]}}],"collection":[{"href":"https:\/\/aigleshopping.ca\/fr\/wp-json\/wp\/v2\/product"}],"about":[{"href":"https:\/\/aigleshopping.ca\/fr\/wp-json\/wp\/v2\/types\/product"}],"replies":[{"embeddable":true,"href":"https:\/\/aigleshopping.ca\/fr\/wp-json\/wp\/v2\/comments?post=32611"}],"wp:featuredmedia":[{"embeddable":true,"href":"https:\/\/aigleshopping.ca\/fr\/wp-json\/wp\/v2\/media\/19561"}],"wp:attachment":[{"href":"https:\/\/aigleshopping.ca\/fr\/wp-json\/wp\/v2\/media?parent=32611"}],"wp:term":[{"taxonomy":"product_brand","embeddable":true,"href":"https:\/\/aigleshopping.ca\/fr\/wp-json\/wp\/v2\/product_brand?post=32611"},{"taxonomy":"product_cat","embeddable":true,"href":"https:\/\/aigleshopping.ca\/fr\/wp-json\/wp\/v2\/product_cat?post=32611"},{"taxonomy":"product_tag","embeddable":true,"href":"https:\/\/aigleshopping.ca\/fr\/wp-json\/wp\/v2\/product_tag?post=32611"}],"curies":[{"name":"wp","href":"https:\/\/api.w.org\/{rel}","templated":true}]}}