{"id":32623,"date":"2025-03-09T21:21:43","date_gmt":"2025-03-09T21:21:43","guid":{"rendered":"https:\/\/aigleshopping.ca\/produit\/compatible-avec-apple-iphone12-banque-denergie-sans-fil-magnetique-15w-pd-banque-denergie-a-charge-rapide\/"},"modified":"2025-03-09T21:21:43","modified_gmt":"2025-03-09T21:21:43","slug":"compatible-avec-apple-iphone12-banque-denergie-sans-fil-magnetique-15w-pd-banque-denergie-a-charge-rapide","status":"publish","type":"product","link":"https:\/\/aigleshopping.ca\/fr\/produit\/compatible-avec-apple-iphone12-banque-denergie-sans-fil-magnetique-15w-pd-banque-denergie-a-charge-rapide\/","title":{"rendered":"Compatible avec Apple, Iphone12 Banque d&rsquo;\u00e9nergie sans fil magn\u00e9tique 15W Pd Banque d&rsquo;\u00e9nergie \u00e0 charge rapide"},"content":{"rendered":"<p>  Note\uff1aNon-Apple branded products,Compatible with iPhone models   <\/p>\n<p> <\/p>\n<p> <b>Informations sur le produit :<\/b> <br \/> Nom : Banque d&rsquo;\u00e9nergie magn\u00e9tique sans fil  <br \/>  Capacit\u00e9 : 5000mAh 3.8V 19Wh \u00b15%  <br \/>  Entr\u00e9e du port Apple : 5V 2A  <br \/>  Entr\u00e9e USB-C : 5V 2A, 9V 2A (18W)  <br \/>  Sortie USB-C : PD5V2.4A, 9V2A, 12V1.5A 18W  <br \/>  Sortie sans fil : Chargement sans fil QI 15W, 10W, 7,5W, 5W  <br \/>  Poids net : 130g  <br \/>  Avec l&#8217;emballage, poids : 160g  <br \/>  Certification : CE, FCC, ROHS  <br \/>  Taille de l&#8217;emballage : 15.5*10*1.8CM  <\/p>\n<p> <b>  Informations sur la taille : <br \/> Taille :  <\/b>  110x65x11mm et l&rsquo;\u00e9paisseur du support est de 13MM  <\/p>\n<p> <b>Liste d&#8217;emballage :<\/b> <br \/> Bloc d&rsquo;alimentation X1  <\/p>\n<p> <img decoding=\"async\" src=\"https:\/\/cf.cjdropshipping.com\/1619256497306.jpg\"> <img decoding=\"async\" src=\"https:\/\/cf.cjdropshipping.com\/1619256497306.jpg\"> <img decoding=\"async\" src=\"https:\/\/cf.cjdropshipping.com\/1619256497320.jpg\"> <img decoding=\"async\" src=\"https:\/\/cf.cjdropshipping.com\/1619256497321.jpg\"> <img decoding=\"async\" src=\"https:\/\/cf.cjdropshipping.com\/1619256497322.jpg\"> <img decoding=\"async\" src=\"https:\/\/cf.cjdropshipping.com\/1619256497322.jpg\">  <\/p>\n","protected":false},"excerpt":{"rendered":"<p>Note\uff1aNon-Apple branded products,Compatible with iPhone models Informations sur le produit : Nom : Banque d&rsquo;\u00e9nergie magn\u00e9tique sans fil Capacit\u00e9 : 5000mAh 3.8V 19Wh \u00b15% Entr\u00e9e du port Apple : 5V 2A Entr\u00e9e USB-C : 5V 2A, 9V 2A (18W) Sortie USB-C : PD5V2.4A, 9V2A, 12V1.5A 18W Sortie sans fil : Chargement sans fil QI 15W, [&hellip;]<\/p>\n","protected":false},"featured_media":19602,"comment_status":"open","ping_status":"closed","template":"","meta":{"content-type":""},"product_brand":[],"product_cat":[739],"product_tag":[],"class_list":{"0":"post-32623","1":"product","2":"type-product","3":"status-publish","4":"has-post-thumbnail","6":"product_cat-banque-denergie-et-station-de-recharge","8":"first","9":"instock","10":"taxable","11":"shipping-taxable","12":"purchasable","13":"product-type-variable","14":"add-to-wishlist-after_add_to_cart"},"yoast_head":"<!-- This site is optimized with the Yoast SEO plugin v27.4 - https:\/\/yoast.com\/product\/yoast-seo-wordpress\/ -->\n<title>Compatible avec Apple, Iphone12 Banque d&#039;\u00e9nergie sans fil magn\u00e9tique 15W Pd Banque d&#039;\u00e9nergie \u00e0 charge rapide - Aigle Shopping Canada<\/title>\n<meta name=\"robots\" content=\"index, follow, max-snippet:-1, max-image-preview:large, max-video-preview:-1\" \/>\n<link rel=\"canonical\" href=\"https:\/\/aigleshopping.ca\/fr\/produit\/compatible-avec-apple-iphone12-banque-denergie-sans-fil-magnetique-15w-pd-banque-denergie-a-charge-rapide\/\" \/>\n<meta property=\"og:locale\" content=\"fr_FR\" \/>\n<meta property=\"og:type\" content=\"article\" \/>\n<meta property=\"og:title\" content=\"Compatible avec Apple, Iphone12 Banque d&#039;\u00e9nergie sans fil magn\u00e9tique 15W Pd Banque d&#039;\u00e9nergie \u00e0 charge rapide - Aigle Shopping Canada\" \/>\n<meta property=\"og:description\" content=\"Note\uff1aNon-Apple branded products,Compatible with iPhone models Informations sur le produit : Nom : Banque d&rsquo;\u00e9nergie magn\u00e9tique sans fil Capacit\u00e9 : 5000mAh 3.8V 19Wh \u00b15% Entr\u00e9e du port Apple : 5V 2A Entr\u00e9e USB-C : 5V 2A, 9V 2A (18W) Sortie USB-C : PD5V2.4A, 9V2A, 12V1.5A 18W Sortie sans fil : Chargement sans fil QI 15W, [&hellip;]\" \/>\n<meta property=\"og:url\" content=\"https:\/\/aigleshopping.ca\/fr\/produit\/compatible-avec-apple-iphone12-banque-denergie-sans-fil-magnetique-15w-pd-banque-denergie-a-charge-rapide\/\" \/>\n<meta property=\"og:site_name\" content=\"Aigle Shopping Canada\" \/>\n<meta property=\"og:image\" content=\"https:\/\/aigleshopping.ca\/wp-content\/uploads\/2025\/03\/1619256506205.jpg\" \/>\n\t<meta property=\"og:image:width\" content=\"800\" \/>\n\t<meta property=\"og:image:height\" content=\"800\" \/>\n\t<meta property=\"og:image:type\" content=\"image\/jpeg\" \/>\n<meta name=\"twitter:card\" content=\"summary_large_image\" \/>\n<script type=\"application\/ld+json\" class=\"yoast-schema-graph\">{\"@context\":\"https:\\\/\\\/schema.org\",\"@graph\":[{\"@type\":\"WebPage\",\"@id\":\"https:\\\/\\\/aigleshopping.ca\\\/fr\\\/produit\\\/compatible-avec-apple-iphone12-banque-denergie-sans-fil-magnetique-15w-pd-banque-denergie-a-charge-rapide\\\/\",\"url\":\"https:\\\/\\\/aigleshopping.ca\\\/fr\\\/produit\\\/compatible-avec-apple-iphone12-banque-denergie-sans-fil-magnetique-15w-pd-banque-denergie-a-charge-rapide\\\/\",\"name\":\"Compatible avec Apple, Iphone12 Banque d'\u00e9nergie sans fil magn\u00e9tique 15W Pd Banque d'\u00e9nergie \u00e0 charge rapide - Aigle Shopping Canada\",\"isPartOf\":{\"@id\":\"https:\\\/\\\/aigleshopping.ca\\\/#website\"},\"primaryImageOfPage\":{\"@id\":\"https:\\\/\\\/aigleshopping.ca\\\/fr\\\/produit\\\/compatible-avec-apple-iphone12-banque-denergie-sans-fil-magnetique-15w-pd-banque-denergie-a-charge-rapide\\\/#primaryimage\"},\"image\":{\"@id\":\"https:\\\/\\\/aigleshopping.ca\\\/fr\\\/produit\\\/compatible-avec-apple-iphone12-banque-denergie-sans-fil-magnetique-15w-pd-banque-denergie-a-charge-rapide\\\/#primaryimage\"},\"thumbnailUrl\":\"https:\\\/\\\/aigleshopping.ca\\\/wp-content\\\/uploads\\\/2025\\\/03\\\/1619256506205.jpg\",\"datePublished\":\"2025-03-09T21:21:43+00:00\",\"breadcrumb\":{\"@id\":\"https:\\\/\\\/aigleshopping.ca\\\/fr\\\/produit\\\/compatible-avec-apple-iphone12-banque-denergie-sans-fil-magnetique-15w-pd-banque-denergie-a-charge-rapide\\\/#breadcrumb\"},\"inLanguage\":\"fr-FR\",\"potentialAction\":[{\"@type\":\"ReadAction\",\"target\":[\"https:\\\/\\\/aigleshopping.ca\\\/fr\\\/produit\\\/compatible-avec-apple-iphone12-banque-denergie-sans-fil-magnetique-15w-pd-banque-denergie-a-charge-rapide\\\/\"]}]},{\"@type\":\"ImageObject\",\"inLanguage\":\"fr-FR\",\"@id\":\"https:\\\/\\\/aigleshopping.ca\\\/fr\\\/produit\\\/compatible-avec-apple-iphone12-banque-denergie-sans-fil-magnetique-15w-pd-banque-denergie-a-charge-rapide\\\/#primaryimage\",\"url\":\"https:\\\/\\\/aigleshopping.ca\\\/wp-content\\\/uploads\\\/2025\\\/03\\\/1619256506205.jpg\",\"contentUrl\":\"https:\\\/\\\/aigleshopping.ca\\\/wp-content\\\/uploads\\\/2025\\\/03\\\/1619256506205.jpg\",\"width\":800,\"height\":800},{\"@type\":\"BreadcrumbList\",\"@id\":\"https:\\\/\\\/aigleshopping.ca\\\/fr\\\/produit\\\/compatible-avec-apple-iphone12-banque-denergie-sans-fil-magnetique-15w-pd-banque-denergie-a-charge-rapide\\\/#breadcrumb\",\"itemListElement\":[{\"@type\":\"ListItem\",\"position\":1,\"name\":\"Home\",\"item\":\"https:\\\/\\\/aigleshopping.ca\\\/fr\\\/home\\\/\"},{\"@type\":\"ListItem\",\"position\":2,\"name\":\"Products\",\"item\":\"https:\\\/\\\/aigleshopping.ca\\\/shop\\\/\"},{\"@type\":\"ListItem\",\"position\":3,\"name\":\"Compatible avec Apple, Iphone12 Banque d&#8217;\u00e9nergie sans fil magn\u00e9tique 15W Pd Banque d&#8217;\u00e9nergie \u00e0 charge rapide\"}]},{\"@type\":\"WebSite\",\"@id\":\"https:\\\/\\\/aigleshopping.ca\\\/#website\",\"url\":\"https:\\\/\\\/aigleshopping.ca\\\/\",\"name\":\"Aigle Shopping Canada\",\"description\":\"Au-del\u00e0 des fronti\u00e8res, pour vous offrir le\u00a0meilleur!\",\"publisher\":{\"@id\":\"https:\\\/\\\/aigleshopping.ca\\\/#organization\"},\"potentialAction\":[{\"@type\":\"SearchAction\",\"target\":{\"@type\":\"EntryPoint\",\"urlTemplate\":\"https:\\\/\\\/aigleshopping.ca\\\/?s={search_term_string}\"},\"query-input\":{\"@type\":\"PropertyValueSpecification\",\"valueRequired\":true,\"valueName\":\"search_term_string\"}}],\"inLanguage\":\"fr-FR\"},{\"@type\":\"Organization\",\"@id\":\"https:\\\/\\\/aigleshopping.ca\\\/#organization\",\"name\":\"Aigle Shopping Canada\",\"url\":\"https:\\\/\\\/aigleshopping.ca\\\/\",\"logo\":{\"@type\":\"ImageObject\",\"inLanguage\":\"fr-FR\",\"@id\":\"https:\\\/\\\/aigleshopping.ca\\\/#\\\/schema\\\/logo\\\/image\\\/\",\"url\":\"https:\\\/\\\/aigleshopping.ca\\\/wp-content\\\/uploads\\\/2025\\\/12\\\/logo_aigleshopping_ca.png\",\"contentUrl\":\"https:\\\/\\\/aigleshopping.ca\\\/wp-content\\\/uploads\\\/2025\\\/12\\\/logo_aigleshopping_ca.png\",\"width\":800,\"height\":233,\"caption\":\"Aigle Shopping Canada\"},\"image\":{\"@id\":\"https:\\\/\\\/aigleshopping.ca\\\/#\\\/schema\\\/logo\\\/image\\\/\"}}]}<\/script>\n<!-- \/ Yoast SEO plugin. -->","yoast_head_json":{"title":"Compatible avec Apple, Iphone12 Banque d'\u00e9nergie sans fil magn\u00e9tique 15W Pd Banque d'\u00e9nergie \u00e0 charge rapide - Aigle Shopping Canada","robots":{"index":"index","follow":"follow","max-snippet":"max-snippet:-1","max-image-preview":"max-image-preview:large","max-video-preview":"max-video-preview:-1"},"canonical":"https:\/\/aigleshopping.ca\/fr\/produit\/compatible-avec-apple-iphone12-banque-denergie-sans-fil-magnetique-15w-pd-banque-denergie-a-charge-rapide\/","og_locale":"fr_FR","og_type":"article","og_title":"Compatible avec Apple, Iphone12 Banque d'\u00e9nergie sans fil magn\u00e9tique 15W Pd Banque d'\u00e9nergie \u00e0 charge rapide - Aigle Shopping Canada","og_description":"Note\uff1aNon-Apple branded products,Compatible with iPhone models Informations sur le produit : Nom : Banque d&rsquo;\u00e9nergie magn\u00e9tique sans fil Capacit\u00e9 : 5000mAh 3.8V 19Wh \u00b15% Entr\u00e9e du port Apple : 5V 2A Entr\u00e9e USB-C : 5V 2A, 9V 2A (18W) Sortie USB-C : PD5V2.4A, 9V2A, 12V1.5A 18W Sortie sans fil : Chargement sans fil QI 15W, [&hellip;]","og_url":"https:\/\/aigleshopping.ca\/fr\/produit\/compatible-avec-apple-iphone12-banque-denergie-sans-fil-magnetique-15w-pd-banque-denergie-a-charge-rapide\/","og_site_name":"Aigle Shopping Canada","og_image":[{"width":800,"height":800,"url":"https:\/\/aigleshopping.ca\/wp-content\/uploads\/2025\/03\/1619256506205.jpg","type":"image\/jpeg"}],"twitter_card":"summary_large_image","schema":{"@context":"https:\/\/schema.org","@graph":[{"@type":"WebPage","@id":"https:\/\/aigleshopping.ca\/fr\/produit\/compatible-avec-apple-iphone12-banque-denergie-sans-fil-magnetique-15w-pd-banque-denergie-a-charge-rapide\/","url":"https:\/\/aigleshopping.ca\/fr\/produit\/compatible-avec-apple-iphone12-banque-denergie-sans-fil-magnetique-15w-pd-banque-denergie-a-charge-rapide\/","name":"Compatible avec Apple, Iphone12 Banque d'\u00e9nergie sans fil magn\u00e9tique 15W Pd Banque d'\u00e9nergie \u00e0 charge rapide - Aigle Shopping Canada","isPartOf":{"@id":"https:\/\/aigleshopping.ca\/#website"},"primaryImageOfPage":{"@id":"https:\/\/aigleshopping.ca\/fr\/produit\/compatible-avec-apple-iphone12-banque-denergie-sans-fil-magnetique-15w-pd-banque-denergie-a-charge-rapide\/#primaryimage"},"image":{"@id":"https:\/\/aigleshopping.ca\/fr\/produit\/compatible-avec-apple-iphone12-banque-denergie-sans-fil-magnetique-15w-pd-banque-denergie-a-charge-rapide\/#primaryimage"},"thumbnailUrl":"https:\/\/aigleshopping.ca\/wp-content\/uploads\/2025\/03\/1619256506205.jpg","datePublished":"2025-03-09T21:21:43+00:00","breadcrumb":{"@id":"https:\/\/aigleshopping.ca\/fr\/produit\/compatible-avec-apple-iphone12-banque-denergie-sans-fil-magnetique-15w-pd-banque-denergie-a-charge-rapide\/#breadcrumb"},"inLanguage":"fr-FR","potentialAction":[{"@type":"ReadAction","target":["https:\/\/aigleshopping.ca\/fr\/produit\/compatible-avec-apple-iphone12-banque-denergie-sans-fil-magnetique-15w-pd-banque-denergie-a-charge-rapide\/"]}]},{"@type":"ImageObject","inLanguage":"fr-FR","@id":"https:\/\/aigleshopping.ca\/fr\/produit\/compatible-avec-apple-iphone12-banque-denergie-sans-fil-magnetique-15w-pd-banque-denergie-a-charge-rapide\/#primaryimage","url":"https:\/\/aigleshopping.ca\/wp-content\/uploads\/2025\/03\/1619256506205.jpg","contentUrl":"https:\/\/aigleshopping.ca\/wp-content\/uploads\/2025\/03\/1619256506205.jpg","width":800,"height":800},{"@type":"BreadcrumbList","@id":"https:\/\/aigleshopping.ca\/fr\/produit\/compatible-avec-apple-iphone12-banque-denergie-sans-fil-magnetique-15w-pd-banque-denergie-a-charge-rapide\/#breadcrumb","itemListElement":[{"@type":"ListItem","position":1,"name":"Home","item":"https:\/\/aigleshopping.ca\/fr\/home\/"},{"@type":"ListItem","position":2,"name":"Products","item":"https:\/\/aigleshopping.ca\/shop\/"},{"@type":"ListItem","position":3,"name":"Compatible avec Apple, Iphone12 Banque d&#8217;\u00e9nergie sans fil magn\u00e9tique 15W Pd Banque d&#8217;\u00e9nergie \u00e0 charge rapide"}]},{"@type":"WebSite","@id":"https:\/\/aigleshopping.ca\/#website","url":"https:\/\/aigleshopping.ca\/","name":"Aigle Shopping Canada","description":"Au-del\u00e0 des fronti\u00e8res, pour vous offrir le\u00a0meilleur!","publisher":{"@id":"https:\/\/aigleshopping.ca\/#organization"},"potentialAction":[{"@type":"SearchAction","target":{"@type":"EntryPoint","urlTemplate":"https:\/\/aigleshopping.ca\/?s={search_term_string}"},"query-input":{"@type":"PropertyValueSpecification","valueRequired":true,"valueName":"search_term_string"}}],"inLanguage":"fr-FR"},{"@type":"Organization","@id":"https:\/\/aigleshopping.ca\/#organization","name":"Aigle Shopping Canada","url":"https:\/\/aigleshopping.ca\/","logo":{"@type":"ImageObject","inLanguage":"fr-FR","@id":"https:\/\/aigleshopping.ca\/#\/schema\/logo\/image\/","url":"https:\/\/aigleshopping.ca\/wp-content\/uploads\/2025\/12\/logo_aigleshopping_ca.png","contentUrl":"https:\/\/aigleshopping.ca\/wp-content\/uploads\/2025\/12\/logo_aigleshopping_ca.png","width":800,"height":233,"caption":"Aigle Shopping Canada"},"image":{"@id":"https:\/\/aigleshopping.ca\/#\/schema\/logo\/image\/"}}]}},"jetpack_sharing_enabled":true,"_links":{"self":[{"href":"https:\/\/aigleshopping.ca\/fr\/wp-json\/wp\/v2\/product\/32623","targetHints":{"allow":["GET"]}}],"collection":[{"href":"https:\/\/aigleshopping.ca\/fr\/wp-json\/wp\/v2\/product"}],"about":[{"href":"https:\/\/aigleshopping.ca\/fr\/wp-json\/wp\/v2\/types\/product"}],"replies":[{"embeddable":true,"href":"https:\/\/aigleshopping.ca\/fr\/wp-json\/wp\/v2\/comments?post=32623"}],"wp:featuredmedia":[{"embeddable":true,"href":"https:\/\/aigleshopping.ca\/fr\/wp-json\/wp\/v2\/media\/19602"}],"wp:attachment":[{"href":"https:\/\/aigleshopping.ca\/fr\/wp-json\/wp\/v2\/media?parent=32623"}],"wp:term":[{"taxonomy":"product_brand","embeddable":true,"href":"https:\/\/aigleshopping.ca\/fr\/wp-json\/wp\/v2\/product_brand?post=32623"},{"taxonomy":"product_cat","embeddable":true,"href":"https:\/\/aigleshopping.ca\/fr\/wp-json\/wp\/v2\/product_cat?post=32623"},{"taxonomy":"product_tag","embeddable":true,"href":"https:\/\/aigleshopping.ca\/fr\/wp-json\/wp\/v2\/product_tag?post=32623"}],"curies":[{"name":"wp","href":"https:\/\/api.w.org\/{rel}","templated":true}]}}