{"id":32695,"date":"2025-03-20T05:12:06","date_gmt":"2025-03-20T05:12:06","guid":{"rendered":"https:\/\/aigleshopping.ca\/produit\/cardigan-zippe-en-laine-melangee-pour-hommes\/"},"modified":"2025-03-20T05:12:06","modified_gmt":"2025-03-20T05:12:06","slug":"cardigan-zippe-en-laine-melangee-pour-hommes","status":"publish","type":"product","link":"https:\/\/aigleshopping.ca\/fr\/produit\/cardigan-zippe-en-laine-melangee-pour-hommes\/","title":{"rendered":"Cardigan zipp\u00e9 en laine m\u00e9lang\u00e9e pour hommes"},"content":{"rendered":"<p> <b>Informations sur le produit :<\/b> <br \/> Tissu : M\u00e9lange de laine <br \/> Type de manche : Regular <br \/> \u00c9paisseur : regular <br \/> Longueur des manches : manches longues <br \/> Type de col : Lapel <br \/> Taille : 3XL,2XL,M,L,XL <br \/> Couleur : Deep Flower Grey\/dark gray melange, Turquoise\/spearmint,  <\/p>\n<p><b>Taille :<\/b><br \/>\n<br \/> <br \/>\n<img decoding=\"async\" src=\"https:\/\/oss-cf.cjdropshipping.com\/product\/2024\/09\/27\/02\/914b5185-d81c-4953-95c2-256efcece746.jpg?x-oss-process=image\/quality,q_100\"><br \/>\n<b>Note :<\/b> 1. les tailles asiatiques sont 1 \u00e0 2 tailles plus petites que les tailles europ\u00e9ennes et am\u00e9ricaines. Choisissez la taille la plus grande si votre taille se situe entre deux tailles. Veuillez tenir compte d&rsquo;une diff\u00e9rence de 2 \u00e0 3 cm due aux mesures manuelles. 2. Si vous ne savez pas comment choisir votre taille, veuillez contacter notre service client\u00e8le. 3) Comme vous le savez, les ordinateurs affichent les couleurs diff\u00e9remment, la couleur de l&rsquo;article r\u00e9el peut varier l\u00e9g\u00e8rement par rapport aux images suivantes.<br \/>\n<br \/> <br \/>\n<b>Liste d&#8217;emballage :  <\/b><br \/>\n<br \/>  1* Pull<br \/>\n<br \/> <br \/>\n<b>Image du produit :<\/b><br \/>\n<br \/> <br \/>\n<img decoding=\"async\" src=\"https:\/\/oss-cf.cjdropshipping.com\/product\/2024\/09\/27\/02\/5cff4dc8-5c28-4b39-8a45-0eb06823a43b.jpg\"><br \/>\n<img decoding=\"async\" src=\"https:\/\/oss-cf.cjdropshipping.com\/product\/2024\/09\/27\/02\/9a070227-4ee5-4300-907a-13daeb30544f.jpg\"><br \/>\n<img decoding=\"async\" src=\"https:\/\/oss-cf.cjdropshipping.com\/product\/2024\/09\/27\/02\/f4fbe1c6-8f32-47a7-8bfd-7683b7653f21.jpg\"><br \/>\n<img decoding=\"async\" src=\"https:\/\/oss-cf.cjdropshipping.com\/product\/2024\/09\/27\/02\/6ba63e9b-d1ca-48d2-b24f-7e8380416ae3.jpg\"><br \/>\n<img decoding=\"async\" src=\"https:\/\/oss-cf.cjdropshipping.com\/product\/2024\/09\/27\/02\/b138171d-7219-41e3-8872-6d22d2e11b2d.jpg\"><\/p>\n","protected":false},"excerpt":{"rendered":"<p>Informations sur le produit : Tissu : M\u00e9lange de laine Type de manche : Regular \u00c9paisseur : regular Longueur des manches : manches longues Type de col : Lapel Taille : 3XL,2XL,M,L,XL Couleur : Deep Flower Grey\/dark gray melange, Turquoise\/spearmint, Taille : Note : 1. les tailles asiatiques sont 1 \u00e0 2 tailles plus petites [&hellip;]<\/p>\n","protected":false},"featured_media":21969,"comment_status":"open","ping_status":"closed","template":"","meta":{"content-type":""},"product_brand":[],"product_cat":[691],"product_tag":[],"class_list":{"0":"post-32695","1":"product","2":"type-product","3":"status-publish","4":"has-post-thumbnail","6":"product_cat-sweatshirt-fr-2","8":"first","9":"instock","10":"taxable","11":"shipping-taxable","12":"purchasable","13":"product-type-variable","14":"add-to-wishlist-after_add_to_cart"},"yoast_head":"<!-- This site is optimized with the Yoast SEO plugin v27.4 - https:\/\/yoast.com\/product\/yoast-seo-wordpress\/ -->\n<title>Cardigan zipp\u00e9 en laine m\u00e9lang\u00e9e pour hommes - Aigle Shopping Canada<\/title>\n<meta name=\"robots\" content=\"index, follow, max-snippet:-1, max-image-preview:large, max-video-preview:-1\" \/>\n<link rel=\"canonical\" href=\"https:\/\/aigleshopping.ca\/fr\/produit\/cardigan-zippe-en-laine-melangee-pour-hommes\/\" \/>\n<meta property=\"og:locale\" content=\"fr_FR\" \/>\n<meta property=\"og:type\" content=\"article\" \/>\n<meta property=\"og:title\" content=\"Cardigan zipp\u00e9 en laine m\u00e9lang\u00e9e pour hommes - Aigle Shopping Canada\" \/>\n<meta property=\"og:description\" content=\"Informations sur le produit : Tissu : M\u00e9lange de laine Type de manche : Regular \u00c9paisseur : regular Longueur des manches : manches longues Type de col : Lapel Taille : 3XL,2XL,M,L,XL Couleur : Deep Flower Grey\/dark gray melange, Turquoise\/spearmint, Taille : Note : 1. les tailles asiatiques sont 1 \u00e0 2 tailles plus petites [&hellip;]\" \/>\n<meta property=\"og:url\" content=\"https:\/\/aigleshopping.ca\/fr\/produit\/cardigan-zippe-en-laine-melangee-pour-hommes\/\" \/>\n<meta property=\"og:site_name\" content=\"Aigle Shopping Canada\" \/>\n<meta property=\"og:image\" content=\"https:\/\/aigleshopping.ca\/wp-content\/uploads\/2025\/03\/1975f82a-3361-4536-887d-75795f4dd059.jpg\" \/>\n\t<meta property=\"og:image:width\" content=\"1036\" \/>\n\t<meta property=\"og:image:height\" content=\"1036\" \/>\n\t<meta property=\"og:image:type\" content=\"image\/jpeg\" \/>\n<meta name=\"twitter:card\" content=\"summary_large_image\" \/>\n<meta name=\"twitter:label1\" content=\"Dur\u00e9e de lecture estim\u00e9e\" \/>\n\t<meta name=\"twitter:data1\" content=\"1 minute\" \/>\n<script type=\"application\/ld+json\" class=\"yoast-schema-graph\">{\"@context\":\"https:\\\/\\\/schema.org\",\"@graph\":[{\"@type\":\"WebPage\",\"@id\":\"https:\\\/\\\/aigleshopping.ca\\\/fr\\\/produit\\\/cardigan-zippe-en-laine-melangee-pour-hommes\\\/\",\"url\":\"https:\\\/\\\/aigleshopping.ca\\\/fr\\\/produit\\\/cardigan-zippe-en-laine-melangee-pour-hommes\\\/\",\"name\":\"Cardigan zipp\u00e9 en laine m\u00e9lang\u00e9e pour hommes - Aigle Shopping Canada\",\"isPartOf\":{\"@id\":\"https:\\\/\\\/aigleshopping.ca\\\/#website\"},\"primaryImageOfPage\":{\"@id\":\"https:\\\/\\\/aigleshopping.ca\\\/fr\\\/produit\\\/cardigan-zippe-en-laine-melangee-pour-hommes\\\/#primaryimage\"},\"image\":{\"@id\":\"https:\\\/\\\/aigleshopping.ca\\\/fr\\\/produit\\\/cardigan-zippe-en-laine-melangee-pour-hommes\\\/#primaryimage\"},\"thumbnailUrl\":\"https:\\\/\\\/aigleshopping.ca\\\/wp-content\\\/uploads\\\/2025\\\/03\\\/1975f82a-3361-4536-887d-75795f4dd059.jpg\",\"datePublished\":\"2025-03-20T05:12:06+00:00\",\"breadcrumb\":{\"@id\":\"https:\\\/\\\/aigleshopping.ca\\\/fr\\\/produit\\\/cardigan-zippe-en-laine-melangee-pour-hommes\\\/#breadcrumb\"},\"inLanguage\":\"fr-FR\",\"potentialAction\":[{\"@type\":\"ReadAction\",\"target\":[\"https:\\\/\\\/aigleshopping.ca\\\/fr\\\/produit\\\/cardigan-zippe-en-laine-melangee-pour-hommes\\\/\"]}]},{\"@type\":\"ImageObject\",\"inLanguage\":\"fr-FR\",\"@id\":\"https:\\\/\\\/aigleshopping.ca\\\/fr\\\/produit\\\/cardigan-zippe-en-laine-melangee-pour-hommes\\\/#primaryimage\",\"url\":\"https:\\\/\\\/aigleshopping.ca\\\/wp-content\\\/uploads\\\/2025\\\/03\\\/1975f82a-3361-4536-887d-75795f4dd059.jpg\",\"contentUrl\":\"https:\\\/\\\/aigleshopping.ca\\\/wp-content\\\/uploads\\\/2025\\\/03\\\/1975f82a-3361-4536-887d-75795f4dd059.jpg\",\"width\":1036,\"height\":1036},{\"@type\":\"BreadcrumbList\",\"@id\":\"https:\\\/\\\/aigleshopping.ca\\\/fr\\\/produit\\\/cardigan-zippe-en-laine-melangee-pour-hommes\\\/#breadcrumb\",\"itemListElement\":[{\"@type\":\"ListItem\",\"position\":1,\"name\":\"Home\",\"item\":\"https:\\\/\\\/aigleshopping.ca\\\/fr\\\/home\\\/\"},{\"@type\":\"ListItem\",\"position\":2,\"name\":\"Products\",\"item\":\"https:\\\/\\\/aigleshopping.ca\\\/shop\\\/\"},{\"@type\":\"ListItem\",\"position\":3,\"name\":\"Cardigan zipp\u00e9 en laine m\u00e9lang\u00e9e pour hommes\"}]},{\"@type\":\"WebSite\",\"@id\":\"https:\\\/\\\/aigleshopping.ca\\\/#website\",\"url\":\"https:\\\/\\\/aigleshopping.ca\\\/\",\"name\":\"Aigle Shopping Canada\",\"description\":\"Au-del\u00e0 des fronti\u00e8res, pour vous offrir le\u00a0meilleur!\",\"publisher\":{\"@id\":\"https:\\\/\\\/aigleshopping.ca\\\/#organization\"},\"potentialAction\":[{\"@type\":\"SearchAction\",\"target\":{\"@type\":\"EntryPoint\",\"urlTemplate\":\"https:\\\/\\\/aigleshopping.ca\\\/?s={search_term_string}\"},\"query-input\":{\"@type\":\"PropertyValueSpecification\",\"valueRequired\":true,\"valueName\":\"search_term_string\"}}],\"inLanguage\":\"fr-FR\"},{\"@type\":\"Organization\",\"@id\":\"https:\\\/\\\/aigleshopping.ca\\\/#organization\",\"name\":\"Aigle Shopping Canada\",\"url\":\"https:\\\/\\\/aigleshopping.ca\\\/\",\"logo\":{\"@type\":\"ImageObject\",\"inLanguage\":\"fr-FR\",\"@id\":\"https:\\\/\\\/aigleshopping.ca\\\/#\\\/schema\\\/logo\\\/image\\\/\",\"url\":\"https:\\\/\\\/aigleshopping.ca\\\/wp-content\\\/uploads\\\/2025\\\/12\\\/logo_aigleshopping_ca.png\",\"contentUrl\":\"https:\\\/\\\/aigleshopping.ca\\\/wp-content\\\/uploads\\\/2025\\\/12\\\/logo_aigleshopping_ca.png\",\"width\":800,\"height\":233,\"caption\":\"Aigle Shopping Canada\"},\"image\":{\"@id\":\"https:\\\/\\\/aigleshopping.ca\\\/#\\\/schema\\\/logo\\\/image\\\/\"}}]}<\/script>\n<!-- \/ Yoast SEO plugin. -->","yoast_head_json":{"title":"Cardigan zipp\u00e9 en laine m\u00e9lang\u00e9e pour hommes - Aigle Shopping Canada","robots":{"index":"index","follow":"follow","max-snippet":"max-snippet:-1","max-image-preview":"max-image-preview:large","max-video-preview":"max-video-preview:-1"},"canonical":"https:\/\/aigleshopping.ca\/fr\/produit\/cardigan-zippe-en-laine-melangee-pour-hommes\/","og_locale":"fr_FR","og_type":"article","og_title":"Cardigan zipp\u00e9 en laine m\u00e9lang\u00e9e pour hommes - Aigle Shopping Canada","og_description":"Informations sur le produit : Tissu : M\u00e9lange de laine Type de manche : Regular \u00c9paisseur : regular Longueur des manches : manches longues Type de col : Lapel Taille : 3XL,2XL,M,L,XL Couleur : Deep Flower Grey\/dark gray melange, Turquoise\/spearmint, Taille : Note : 1. les tailles asiatiques sont 1 \u00e0 2 tailles plus petites [&hellip;]","og_url":"https:\/\/aigleshopping.ca\/fr\/produit\/cardigan-zippe-en-laine-melangee-pour-hommes\/","og_site_name":"Aigle Shopping Canada","og_image":[{"width":1036,"height":1036,"url":"https:\/\/aigleshopping.ca\/wp-content\/uploads\/2025\/03\/1975f82a-3361-4536-887d-75795f4dd059.jpg","type":"image\/jpeg"}],"twitter_card":"summary_large_image","twitter_misc":{"Dur\u00e9e de lecture estim\u00e9e":"1 minute"},"schema":{"@context":"https:\/\/schema.org","@graph":[{"@type":"WebPage","@id":"https:\/\/aigleshopping.ca\/fr\/produit\/cardigan-zippe-en-laine-melangee-pour-hommes\/","url":"https:\/\/aigleshopping.ca\/fr\/produit\/cardigan-zippe-en-laine-melangee-pour-hommes\/","name":"Cardigan zipp\u00e9 en laine m\u00e9lang\u00e9e pour hommes - Aigle Shopping Canada","isPartOf":{"@id":"https:\/\/aigleshopping.ca\/#website"},"primaryImageOfPage":{"@id":"https:\/\/aigleshopping.ca\/fr\/produit\/cardigan-zippe-en-laine-melangee-pour-hommes\/#primaryimage"},"image":{"@id":"https:\/\/aigleshopping.ca\/fr\/produit\/cardigan-zippe-en-laine-melangee-pour-hommes\/#primaryimage"},"thumbnailUrl":"https:\/\/aigleshopping.ca\/wp-content\/uploads\/2025\/03\/1975f82a-3361-4536-887d-75795f4dd059.jpg","datePublished":"2025-03-20T05:12:06+00:00","breadcrumb":{"@id":"https:\/\/aigleshopping.ca\/fr\/produit\/cardigan-zippe-en-laine-melangee-pour-hommes\/#breadcrumb"},"inLanguage":"fr-FR","potentialAction":[{"@type":"ReadAction","target":["https:\/\/aigleshopping.ca\/fr\/produit\/cardigan-zippe-en-laine-melangee-pour-hommes\/"]}]},{"@type":"ImageObject","inLanguage":"fr-FR","@id":"https:\/\/aigleshopping.ca\/fr\/produit\/cardigan-zippe-en-laine-melangee-pour-hommes\/#primaryimage","url":"https:\/\/aigleshopping.ca\/wp-content\/uploads\/2025\/03\/1975f82a-3361-4536-887d-75795f4dd059.jpg","contentUrl":"https:\/\/aigleshopping.ca\/wp-content\/uploads\/2025\/03\/1975f82a-3361-4536-887d-75795f4dd059.jpg","width":1036,"height":1036},{"@type":"BreadcrumbList","@id":"https:\/\/aigleshopping.ca\/fr\/produit\/cardigan-zippe-en-laine-melangee-pour-hommes\/#breadcrumb","itemListElement":[{"@type":"ListItem","position":1,"name":"Home","item":"https:\/\/aigleshopping.ca\/fr\/home\/"},{"@type":"ListItem","position":2,"name":"Products","item":"https:\/\/aigleshopping.ca\/shop\/"},{"@type":"ListItem","position":3,"name":"Cardigan zipp\u00e9 en laine m\u00e9lang\u00e9e pour hommes"}]},{"@type":"WebSite","@id":"https:\/\/aigleshopping.ca\/#website","url":"https:\/\/aigleshopping.ca\/","name":"Aigle Shopping Canada","description":"Au-del\u00e0 des fronti\u00e8res, pour vous offrir le\u00a0meilleur!","publisher":{"@id":"https:\/\/aigleshopping.ca\/#organization"},"potentialAction":[{"@type":"SearchAction","target":{"@type":"EntryPoint","urlTemplate":"https:\/\/aigleshopping.ca\/?s={search_term_string}"},"query-input":{"@type":"PropertyValueSpecification","valueRequired":true,"valueName":"search_term_string"}}],"inLanguage":"fr-FR"},{"@type":"Organization","@id":"https:\/\/aigleshopping.ca\/#organization","name":"Aigle Shopping Canada","url":"https:\/\/aigleshopping.ca\/","logo":{"@type":"ImageObject","inLanguage":"fr-FR","@id":"https:\/\/aigleshopping.ca\/#\/schema\/logo\/image\/","url":"https:\/\/aigleshopping.ca\/wp-content\/uploads\/2025\/12\/logo_aigleshopping_ca.png","contentUrl":"https:\/\/aigleshopping.ca\/wp-content\/uploads\/2025\/12\/logo_aigleshopping_ca.png","width":800,"height":233,"caption":"Aigle Shopping Canada"},"image":{"@id":"https:\/\/aigleshopping.ca\/#\/schema\/logo\/image\/"}}]}},"jetpack_sharing_enabled":true,"_links":{"self":[{"href":"https:\/\/aigleshopping.ca\/fr\/wp-json\/wp\/v2\/product\/32695","targetHints":{"allow":["GET"]}}],"collection":[{"href":"https:\/\/aigleshopping.ca\/fr\/wp-json\/wp\/v2\/product"}],"about":[{"href":"https:\/\/aigleshopping.ca\/fr\/wp-json\/wp\/v2\/types\/product"}],"replies":[{"embeddable":true,"href":"https:\/\/aigleshopping.ca\/fr\/wp-json\/wp\/v2\/comments?post=32695"}],"wp:featuredmedia":[{"embeddable":true,"href":"https:\/\/aigleshopping.ca\/fr\/wp-json\/wp\/v2\/media\/21969"}],"wp:attachment":[{"href":"https:\/\/aigleshopping.ca\/fr\/wp-json\/wp\/v2\/media?parent=32695"}],"wp:term":[{"taxonomy":"product_brand","embeddable":true,"href":"https:\/\/aigleshopping.ca\/fr\/wp-json\/wp\/v2\/product_brand?post=32695"},{"taxonomy":"product_cat","embeddable":true,"href":"https:\/\/aigleshopping.ca\/fr\/wp-json\/wp\/v2\/product_cat?post=32695"},{"taxonomy":"product_tag","embeddable":true,"href":"https:\/\/aigleshopping.ca\/fr\/wp-json\/wp\/v2\/product_tag?post=32695"}],"curies":[{"name":"wp","href":"https:\/\/api.w.org\/{rel}","templated":true}]}}