{"id":32795,"date":"2025-03-20T05:40:36","date_gmt":"2025-03-20T05:40:36","guid":{"rendered":"https:\/\/aigleshopping.ca\/produit\/automne-et-hiver-cardigan-en-laine-avec-fermeture-a-glissiere-epaissie-des-deux-cotes\/"},"modified":"2025-03-20T05:40:36","modified_gmt":"2025-03-20T05:40:36","slug":"automne-et-hiver-cardigan-en-laine-avec-fermeture-a-glissiere-epaissie-des-deux-cotes","status":"publish","type":"product","link":"https:\/\/aigleshopping.ca\/fr\/produit\/automne-et-hiver-cardigan-en-laine-avec-fermeture-a-glissiere-epaissie-des-deux-cotes\/","title":{"rendered":"Automne et hiver &#8211; Cardigan en laine avec fermeture \u00e0 glissi\u00e8re \u00e9paissie des deux c\u00f4t\u00e9s"},"content":{"rendered":"<p> <b>Informations sur le produit :<\/b> <br \/> Couleur : rouge avec camel, panier avec gris, camel avec riz, comme gris avec gris fonc\u00e9, construit <br \/> Convient aux personnes : Plus size <br \/> Taille : S,M,L,XL,XXL <br \/> Version : Loose <br \/> Style : Cardigan <br \/> Epaisseur : \u00e9paississement <br \/> Epaisseur du fil de laine : laine standard <br \/> Sc\u00e9narios d&rsquo;application : Loisirs <br \/> Type de manches : R\u00e9guli\u00e8res <br \/> Population concern\u00e9e : Taille plus  <\/p>\n<p><b>Note :<\/b> 1. les tailles asiatiques sont 1 \u00e0 2 tailles plus petites que les tailles europ\u00e9ennes et am\u00e9ricaines. Choisissez la taille la plus grande si votre taille se situe entre deux tailles. Veuillez tenir compte d&rsquo;une diff\u00e9rence de 2 \u00e0 3 cm due aux mesures manuelles. 2. Si vous ne savez pas comment choisir votre taille, veuillez contacter notre service client\u00e8le. 3) Comme vous le savez, les ordinateurs affichent les couleurs diff\u00e9remment, la couleur de l&rsquo;article r\u00e9el peut varier l\u00e9g\u00e8rement par rapport aux images suivantes.<br \/>\n<br \/> <br \/>\n<b>Liste d&#8217;emballage :  <\/b><br \/>\n<br \/>  COAT*1<br \/>\n<br \/> <br \/>\n<b>Image du produit :<\/b><br \/>\n<br \/> <br \/>\n<img decoding=\"async\" src=\"https:\/\/oss-cf.cjdropshipping.com\/product\/2025\/02\/13\/02\/425a24fc-2b80-4293-955c-f95924c653d4_trans.jpeg\"><br \/>\n<img decoding=\"async\" src=\"https:\/\/oss-cf.cjdropshipping.com\/product\/2025\/02\/13\/02\/85ad4c69-a913-4da6-bdec-6a641eab6e93.jpg\"><br \/>\n<img decoding=\"async\" src=\"https:\/\/oss-cf.cjdropshipping.com\/product\/2025\/02\/13\/02\/88db19b6-9802-410e-a8c8-b9d4dd2b5a87.jpg\"><br \/>\n<img decoding=\"async\" src=\"https:\/\/oss-cf.cjdropshipping.com\/product\/2025\/02\/13\/02\/29d905b0-e83b-45a3-ae1c-df7f39155007.jpg\"><br \/>\n<img decoding=\"async\" src=\"https:\/\/oss-cf.cjdropshipping.com\/product\/2025\/02\/13\/02\/14c52c13-3a11-4871-a893-f03c97e838f3.jpg\"><br \/>\n<img decoding=\"async\" src=\"https:\/\/oss-cf.cjdropshipping.com\/product\/2025\/02\/13\/02\/1f837ab6-b134-4b8f-ac02-5d6dad554845.jpg\"><\/p>\n","protected":false},"excerpt":{"rendered":"<p>Informations sur le produit : Couleur : rouge avec camel, panier avec gris, camel avec riz, comme gris avec gris fonc\u00e9, construit Convient aux personnes : Plus size Taille : S,M,L,XL,XXL Version : Loose Style : Cardigan Epaisseur : \u00e9paississement Epaisseur du fil de laine : laine standard Sc\u00e9narios d&rsquo;application : Loisirs Type de manches [&hellip;]<\/p>\n","protected":false},"featured_media":23341,"comment_status":"open","ping_status":"closed","template":"","meta":{"content-type":""},"product_brand":[],"product_cat":[691],"product_tag":[],"class_list":{"0":"post-32795","1":"product","2":"type-product","3":"status-publish","4":"has-post-thumbnail","6":"product_cat-sweatshirt-fr-2","8":"first","9":"instock","10":"taxable","11":"shipping-taxable","12":"purchasable","13":"product-type-variable","14":"add-to-wishlist-after_add_to_cart"},"yoast_head":"<!-- This site is optimized with the Yoast SEO plugin v27.4 - https:\/\/yoast.com\/product\/yoast-seo-wordpress\/ -->\n<title>Automne et hiver - Cardigan en laine avec fermeture \u00e0 glissi\u00e8re \u00e9paissie des deux c\u00f4t\u00e9s - Aigle Shopping Canada<\/title>\n<meta name=\"robots\" content=\"index, follow, max-snippet:-1, max-image-preview:large, max-video-preview:-1\" \/>\n<link rel=\"canonical\" href=\"https:\/\/aigleshopping.ca\/fr\/produit\/automne-et-hiver-cardigan-en-laine-avec-fermeture-a-glissiere-epaissie-des-deux-cotes\/\" \/>\n<meta property=\"og:locale\" content=\"fr_FR\" \/>\n<meta property=\"og:type\" content=\"article\" \/>\n<meta property=\"og:title\" content=\"Automne et hiver - Cardigan en laine avec fermeture \u00e0 glissi\u00e8re \u00e9paissie des deux c\u00f4t\u00e9s - Aigle Shopping Canada\" \/>\n<meta property=\"og:description\" content=\"Informations sur le produit : Couleur : rouge avec camel, panier avec gris, camel avec riz, comme gris avec gris fonc\u00e9, construit Convient aux personnes : Plus size Taille : S,M,L,XL,XXL Version : Loose Style : Cardigan Epaisseur : \u00e9paississement Epaisseur du fil de laine : laine standard Sc\u00e9narios d&rsquo;application : Loisirs Type de manches [&hellip;]\" \/>\n<meta property=\"og:url\" content=\"https:\/\/aigleshopping.ca\/fr\/produit\/automne-et-hiver-cardigan-en-laine-avec-fermeture-a-glissiere-epaissie-des-deux-cotes\/\" \/>\n<meta property=\"og:site_name\" content=\"Aigle Shopping Canada\" \/>\n<meta property=\"og:image\" content=\"https:\/\/aigleshopping.ca\/wp-content\/uploads\/2025\/03\/O1CN01eLJIC31Uh29lBpXPR_2218162548-0-cib.jpg\" \/>\n\t<meta property=\"og:image:width\" content=\"800\" \/>\n\t<meta property=\"og:image:height\" content=\"800\" \/>\n\t<meta property=\"og:image:type\" content=\"image\/jpeg\" \/>\n<meta name=\"twitter:card\" content=\"summary_large_image\" \/>\n<meta name=\"twitter:label1\" content=\"Dur\u00e9e de lecture estim\u00e9e\" \/>\n\t<meta name=\"twitter:data1\" content=\"1 minute\" \/>\n<script type=\"application\/ld+json\" class=\"yoast-schema-graph\">{\"@context\":\"https:\\\/\\\/schema.org\",\"@graph\":[{\"@type\":\"WebPage\",\"@id\":\"https:\\\/\\\/aigleshopping.ca\\\/fr\\\/produit\\\/automne-et-hiver-cardigan-en-laine-avec-fermeture-a-glissiere-epaissie-des-deux-cotes\\\/\",\"url\":\"https:\\\/\\\/aigleshopping.ca\\\/fr\\\/produit\\\/automne-et-hiver-cardigan-en-laine-avec-fermeture-a-glissiere-epaissie-des-deux-cotes\\\/\",\"name\":\"Automne et hiver - Cardigan en laine avec fermeture \u00e0 glissi\u00e8re \u00e9paissie des deux c\u00f4t\u00e9s - Aigle Shopping Canada\",\"isPartOf\":{\"@id\":\"https:\\\/\\\/aigleshopping.ca\\\/#website\"},\"primaryImageOfPage\":{\"@id\":\"https:\\\/\\\/aigleshopping.ca\\\/fr\\\/produit\\\/automne-et-hiver-cardigan-en-laine-avec-fermeture-a-glissiere-epaissie-des-deux-cotes\\\/#primaryimage\"},\"image\":{\"@id\":\"https:\\\/\\\/aigleshopping.ca\\\/fr\\\/produit\\\/automne-et-hiver-cardigan-en-laine-avec-fermeture-a-glissiere-epaissie-des-deux-cotes\\\/#primaryimage\"},\"thumbnailUrl\":\"https:\\\/\\\/aigleshopping.ca\\\/wp-content\\\/uploads\\\/2025\\\/03\\\/O1CN01eLJIC31Uh29lBpXPR_2218162548-0-cib.jpg\",\"datePublished\":\"2025-03-20T05:40:36+00:00\",\"breadcrumb\":{\"@id\":\"https:\\\/\\\/aigleshopping.ca\\\/fr\\\/produit\\\/automne-et-hiver-cardigan-en-laine-avec-fermeture-a-glissiere-epaissie-des-deux-cotes\\\/#breadcrumb\"},\"inLanguage\":\"fr-FR\",\"potentialAction\":[{\"@type\":\"ReadAction\",\"target\":[\"https:\\\/\\\/aigleshopping.ca\\\/fr\\\/produit\\\/automne-et-hiver-cardigan-en-laine-avec-fermeture-a-glissiere-epaissie-des-deux-cotes\\\/\"]}]},{\"@type\":\"ImageObject\",\"inLanguage\":\"fr-FR\",\"@id\":\"https:\\\/\\\/aigleshopping.ca\\\/fr\\\/produit\\\/automne-et-hiver-cardigan-en-laine-avec-fermeture-a-glissiere-epaissie-des-deux-cotes\\\/#primaryimage\",\"url\":\"https:\\\/\\\/aigleshopping.ca\\\/wp-content\\\/uploads\\\/2025\\\/03\\\/O1CN01eLJIC31Uh29lBpXPR_2218162548-0-cib.jpg\",\"contentUrl\":\"https:\\\/\\\/aigleshopping.ca\\\/wp-content\\\/uploads\\\/2025\\\/03\\\/O1CN01eLJIC31Uh29lBpXPR_2218162548-0-cib.jpg\",\"width\":800,\"height\":800},{\"@type\":\"BreadcrumbList\",\"@id\":\"https:\\\/\\\/aigleshopping.ca\\\/fr\\\/produit\\\/automne-et-hiver-cardigan-en-laine-avec-fermeture-a-glissiere-epaissie-des-deux-cotes\\\/#breadcrumb\",\"itemListElement\":[{\"@type\":\"ListItem\",\"position\":1,\"name\":\"Home\",\"item\":\"https:\\\/\\\/aigleshopping.ca\\\/fr\\\/home\\\/\"},{\"@type\":\"ListItem\",\"position\":2,\"name\":\"Products\",\"item\":\"https:\\\/\\\/aigleshopping.ca\\\/shop\\\/\"},{\"@type\":\"ListItem\",\"position\":3,\"name\":\"Automne et hiver &#8211; Cardigan en laine avec fermeture \u00e0 glissi\u00e8re \u00e9paissie des deux c\u00f4t\u00e9s\"}]},{\"@type\":\"WebSite\",\"@id\":\"https:\\\/\\\/aigleshopping.ca\\\/#website\",\"url\":\"https:\\\/\\\/aigleshopping.ca\\\/\",\"name\":\"Aigle Shopping Canada\",\"description\":\"Au-del\u00e0 des fronti\u00e8res, pour vous offrir le\u00a0meilleur!\",\"publisher\":{\"@id\":\"https:\\\/\\\/aigleshopping.ca\\\/#organization\"},\"potentialAction\":[{\"@type\":\"SearchAction\",\"target\":{\"@type\":\"EntryPoint\",\"urlTemplate\":\"https:\\\/\\\/aigleshopping.ca\\\/?s={search_term_string}\"},\"query-input\":{\"@type\":\"PropertyValueSpecification\",\"valueRequired\":true,\"valueName\":\"search_term_string\"}}],\"inLanguage\":\"fr-FR\"},{\"@type\":\"Organization\",\"@id\":\"https:\\\/\\\/aigleshopping.ca\\\/#organization\",\"name\":\"Aigle Shopping Canada\",\"url\":\"https:\\\/\\\/aigleshopping.ca\\\/\",\"logo\":{\"@type\":\"ImageObject\",\"inLanguage\":\"fr-FR\",\"@id\":\"https:\\\/\\\/aigleshopping.ca\\\/#\\\/schema\\\/logo\\\/image\\\/\",\"url\":\"https:\\\/\\\/aigleshopping.ca\\\/wp-content\\\/uploads\\\/2025\\\/12\\\/logo_aigleshopping_ca.png\",\"contentUrl\":\"https:\\\/\\\/aigleshopping.ca\\\/wp-content\\\/uploads\\\/2025\\\/12\\\/logo_aigleshopping_ca.png\",\"width\":800,\"height\":233,\"caption\":\"Aigle Shopping Canada\"},\"image\":{\"@id\":\"https:\\\/\\\/aigleshopping.ca\\\/#\\\/schema\\\/logo\\\/image\\\/\"}}]}<\/script>\n<!-- \/ Yoast SEO plugin. -->","yoast_head_json":{"title":"Automne et hiver - Cardigan en laine avec fermeture \u00e0 glissi\u00e8re \u00e9paissie des deux c\u00f4t\u00e9s - Aigle Shopping Canada","robots":{"index":"index","follow":"follow","max-snippet":"max-snippet:-1","max-image-preview":"max-image-preview:large","max-video-preview":"max-video-preview:-1"},"canonical":"https:\/\/aigleshopping.ca\/fr\/produit\/automne-et-hiver-cardigan-en-laine-avec-fermeture-a-glissiere-epaissie-des-deux-cotes\/","og_locale":"fr_FR","og_type":"article","og_title":"Automne et hiver - Cardigan en laine avec fermeture \u00e0 glissi\u00e8re \u00e9paissie des deux c\u00f4t\u00e9s - Aigle Shopping Canada","og_description":"Informations sur le produit : Couleur : rouge avec camel, panier avec gris, camel avec riz, comme gris avec gris fonc\u00e9, construit Convient aux personnes : Plus size Taille : S,M,L,XL,XXL Version : Loose Style : Cardigan Epaisseur : \u00e9paississement Epaisseur du fil de laine : laine standard Sc\u00e9narios d&rsquo;application : Loisirs Type de manches [&hellip;]","og_url":"https:\/\/aigleshopping.ca\/fr\/produit\/automne-et-hiver-cardigan-en-laine-avec-fermeture-a-glissiere-epaissie-des-deux-cotes\/","og_site_name":"Aigle Shopping Canada","og_image":[{"width":800,"height":800,"url":"https:\/\/aigleshopping.ca\/wp-content\/uploads\/2025\/03\/O1CN01eLJIC31Uh29lBpXPR_2218162548-0-cib.jpg","type":"image\/jpeg"}],"twitter_card":"summary_large_image","twitter_misc":{"Dur\u00e9e de lecture estim\u00e9e":"1 minute"},"schema":{"@context":"https:\/\/schema.org","@graph":[{"@type":"WebPage","@id":"https:\/\/aigleshopping.ca\/fr\/produit\/automne-et-hiver-cardigan-en-laine-avec-fermeture-a-glissiere-epaissie-des-deux-cotes\/","url":"https:\/\/aigleshopping.ca\/fr\/produit\/automne-et-hiver-cardigan-en-laine-avec-fermeture-a-glissiere-epaissie-des-deux-cotes\/","name":"Automne et hiver - Cardigan en laine avec fermeture \u00e0 glissi\u00e8re \u00e9paissie des deux c\u00f4t\u00e9s - Aigle Shopping Canada","isPartOf":{"@id":"https:\/\/aigleshopping.ca\/#website"},"primaryImageOfPage":{"@id":"https:\/\/aigleshopping.ca\/fr\/produit\/automne-et-hiver-cardigan-en-laine-avec-fermeture-a-glissiere-epaissie-des-deux-cotes\/#primaryimage"},"image":{"@id":"https:\/\/aigleshopping.ca\/fr\/produit\/automne-et-hiver-cardigan-en-laine-avec-fermeture-a-glissiere-epaissie-des-deux-cotes\/#primaryimage"},"thumbnailUrl":"https:\/\/aigleshopping.ca\/wp-content\/uploads\/2025\/03\/O1CN01eLJIC31Uh29lBpXPR_2218162548-0-cib.jpg","datePublished":"2025-03-20T05:40:36+00:00","breadcrumb":{"@id":"https:\/\/aigleshopping.ca\/fr\/produit\/automne-et-hiver-cardigan-en-laine-avec-fermeture-a-glissiere-epaissie-des-deux-cotes\/#breadcrumb"},"inLanguage":"fr-FR","potentialAction":[{"@type":"ReadAction","target":["https:\/\/aigleshopping.ca\/fr\/produit\/automne-et-hiver-cardigan-en-laine-avec-fermeture-a-glissiere-epaissie-des-deux-cotes\/"]}]},{"@type":"ImageObject","inLanguage":"fr-FR","@id":"https:\/\/aigleshopping.ca\/fr\/produit\/automne-et-hiver-cardigan-en-laine-avec-fermeture-a-glissiere-epaissie-des-deux-cotes\/#primaryimage","url":"https:\/\/aigleshopping.ca\/wp-content\/uploads\/2025\/03\/O1CN01eLJIC31Uh29lBpXPR_2218162548-0-cib.jpg","contentUrl":"https:\/\/aigleshopping.ca\/wp-content\/uploads\/2025\/03\/O1CN01eLJIC31Uh29lBpXPR_2218162548-0-cib.jpg","width":800,"height":800},{"@type":"BreadcrumbList","@id":"https:\/\/aigleshopping.ca\/fr\/produit\/automne-et-hiver-cardigan-en-laine-avec-fermeture-a-glissiere-epaissie-des-deux-cotes\/#breadcrumb","itemListElement":[{"@type":"ListItem","position":1,"name":"Home","item":"https:\/\/aigleshopping.ca\/fr\/home\/"},{"@type":"ListItem","position":2,"name":"Products","item":"https:\/\/aigleshopping.ca\/shop\/"},{"@type":"ListItem","position":3,"name":"Automne et hiver &#8211; Cardigan en laine avec fermeture \u00e0 glissi\u00e8re \u00e9paissie des deux c\u00f4t\u00e9s"}]},{"@type":"WebSite","@id":"https:\/\/aigleshopping.ca\/#website","url":"https:\/\/aigleshopping.ca\/","name":"Aigle Shopping Canada","description":"Au-del\u00e0 des fronti\u00e8res, pour vous offrir le\u00a0meilleur!","publisher":{"@id":"https:\/\/aigleshopping.ca\/#organization"},"potentialAction":[{"@type":"SearchAction","target":{"@type":"EntryPoint","urlTemplate":"https:\/\/aigleshopping.ca\/?s={search_term_string}"},"query-input":{"@type":"PropertyValueSpecification","valueRequired":true,"valueName":"search_term_string"}}],"inLanguage":"fr-FR"},{"@type":"Organization","@id":"https:\/\/aigleshopping.ca\/#organization","name":"Aigle Shopping Canada","url":"https:\/\/aigleshopping.ca\/","logo":{"@type":"ImageObject","inLanguage":"fr-FR","@id":"https:\/\/aigleshopping.ca\/#\/schema\/logo\/image\/","url":"https:\/\/aigleshopping.ca\/wp-content\/uploads\/2025\/12\/logo_aigleshopping_ca.png","contentUrl":"https:\/\/aigleshopping.ca\/wp-content\/uploads\/2025\/12\/logo_aigleshopping_ca.png","width":800,"height":233,"caption":"Aigle Shopping Canada"},"image":{"@id":"https:\/\/aigleshopping.ca\/#\/schema\/logo\/image\/"}}]}},"jetpack_sharing_enabled":true,"_links":{"self":[{"href":"https:\/\/aigleshopping.ca\/fr\/wp-json\/wp\/v2\/product\/32795","targetHints":{"allow":["GET"]}}],"collection":[{"href":"https:\/\/aigleshopping.ca\/fr\/wp-json\/wp\/v2\/product"}],"about":[{"href":"https:\/\/aigleshopping.ca\/fr\/wp-json\/wp\/v2\/types\/product"}],"replies":[{"embeddable":true,"href":"https:\/\/aigleshopping.ca\/fr\/wp-json\/wp\/v2\/comments?post=32795"}],"wp:featuredmedia":[{"embeddable":true,"href":"https:\/\/aigleshopping.ca\/fr\/wp-json\/wp\/v2\/media\/23341"}],"wp:attachment":[{"href":"https:\/\/aigleshopping.ca\/fr\/wp-json\/wp\/v2\/media?parent=32795"}],"wp:term":[{"taxonomy":"product_brand","embeddable":true,"href":"https:\/\/aigleshopping.ca\/fr\/wp-json\/wp\/v2\/product_brand?post=32795"},{"taxonomy":"product_cat","embeddable":true,"href":"https:\/\/aigleshopping.ca\/fr\/wp-json\/wp\/v2\/product_cat?post=32795"},{"taxonomy":"product_tag","embeddable":true,"href":"https:\/\/aigleshopping.ca\/fr\/wp-json\/wp\/v2\/product_tag?post=32795"}],"curies":[{"name":"wp","href":"https:\/\/api.w.org\/{rel}","templated":true}]}}