{"id":32821,"date":"2025-03-09T21:04:35","date_gmt":"2025-03-09T21:04:35","guid":{"rendered":"https:\/\/aigleshopping.ca\/produit\/banque-denergie-portable-mini-large-ccity-10000mah\/"},"modified":"2025-08-08T14:26:00","modified_gmt":"2025-08-08T14:26:00","slug":"banque-denergie-portable-mini-large-ccity-10000mah","status":"publish","type":"product","link":"https:\/\/aigleshopping.ca\/fr\/produit\/banque-denergie-portable-mini-large-ccity-10000mah\/","title":{"rendered":"Banque d&rsquo;\u00e9nergie portable Mini Large Ccity 10000mAh"},"content":{"rendered":"<p> <span style=\"font-weight: bold\">Sp\u00e9cification \uff1a&nbsp;<\/span>  <\/p>\n<p>  Type de batterie : Batterie lithium-ion liquide (18650) <br \/> Type d&rsquo;application : Usage g\u00e9n\u00e9ral <br \/> Type de batterie : Coque cylindrique en aluminium <br \/> Mat\u00e9riau de la coque : ABS <br \/> Fonction suppl\u00e9mentaire : Sortie Multi-U <br \/> Taille : 150*64*24mm <br \/> Couleur : A2D noir, A2D blanc, A2D bleu, A2D rose <br \/> Capacit\u00e9 d&rsquo;alimentation ; 10000 <br \/> Taux de conversion : 85 (%)  <\/p>\n<p> <span style=\"font-weight: bold\"> <br \/> <\/span> <\/p>\n<p> <span style=\"font-weight: bold\">Contenu du paquet \uff1a&nbsp;<\/span>  <\/p>\n<p>Banque d&rsquo;alimentation x1<\/p>\n<p> <img decoding=\"async\" src=\"https:\/\/cf.cjdropshipping.com\/16778016\/1631694405335388160.jpg\"> <img decoding=\"async\" src=\"https:\/\/cf.cjdropshipping.com\/16778016\/1631694406086168576.jpg\"> <img decoding=\"async\" src=\"https:\/\/cf.cjdropshipping.com\/16778016\/1631694406480433152.jpg\"> <img decoding=\"async\" src=\"https:\/\/cf.cjdropshipping.com\/16778016\/1631694407050858496.jpg\"> <img decoding=\"async\" src=\"https:\/\/cf.cjdropshipping.com\/16778016\/1631694408594362368.jpg\"> <img decoding=\"async\" src=\"https:\/\/cf.cjdropshipping.com\/16778016\/1631694410985115648.jpg\"> <img decoding=\"async\" src=\"https:\/\/cf.cjdropshipping.com\/16778016\/1631694411958194176.jpg\"> <img decoding=\"async\" src=\"https:\/\/cf.cjdropshipping.com\/16778016\/1631694414554468352.jpg\"> &nbsp;&nbsp;  <\/p>\n","protected":false},"excerpt":{"rendered":"<p>Sp\u00e9cification \uff1a&nbsp; Type de batterie : Batterie lithium-ion liquide (18650) Type d&rsquo;application : Usage g\u00e9n\u00e9ral Type de batterie : Coque cylindrique en aluminium Mat\u00e9riau de la coque : ABS Fonction suppl\u00e9mentaire : Sortie Multi-U Taille : 150*64*24mm Couleur : A2D noir, A2D blanc, A2D bleu, A2D rose Capacit\u00e9 d&rsquo;alimentation ; 10000 Taux de conversion : [&hellip;]<\/p>\n","protected":false},"featured_media":18993,"comment_status":"open","ping_status":"closed","template":"","meta":{"content-type":""},"product_brand":[],"product_cat":[739],"product_tag":[],"class_list":{"0":"post-32821","1":"product","2":"type-product","3":"status-publish","4":"has-post-thumbnail","6":"product_cat-banque-denergie-et-station-de-recharge","8":"first","9":"instock","10":"taxable","11":"shipping-taxable","12":"purchasable","13":"product-type-variable","14":"add-to-wishlist-after_add_to_cart"},"yoast_head":"<!-- This site is optimized with the Yoast SEO plugin v27.4 - https:\/\/yoast.com\/product\/yoast-seo-wordpress\/ -->\n<title>Banque d&#039;\u00e9nergie portable Mini Large Ccity 10000mAh - Aigle Shopping Canada<\/title>\n<meta name=\"robots\" content=\"index, follow, max-snippet:-1, max-image-preview:large, max-video-preview:-1\" \/>\n<link rel=\"canonical\" href=\"https:\/\/aigleshopping.ca\/fr\/produit\/banque-denergie-portable-mini-large-ccity-10000mah\/\" \/>\n<meta property=\"og:locale\" content=\"fr_FR\" \/>\n<meta property=\"og:type\" content=\"article\" \/>\n<meta property=\"og:title\" content=\"Banque d&#039;\u00e9nergie portable Mini Large Ccity 10000mAh - Aigle Shopping Canada\" \/>\n<meta property=\"og:description\" content=\"Sp\u00e9cification \uff1a&nbsp; Type de batterie : Batterie lithium-ion liquide (18650) Type d&rsquo;application : Usage g\u00e9n\u00e9ral Type de batterie : Coque cylindrique en aluminium Mat\u00e9riau de la coque : ABS Fonction suppl\u00e9mentaire : Sortie Multi-U Taille : 150*64*24mm Couleur : A2D noir, A2D blanc, A2D bleu, A2D rose Capacit\u00e9 d&rsquo;alimentation ; 10000 Taux de conversion : [&hellip;]\" \/>\n<meta property=\"og:url\" content=\"https:\/\/aigleshopping.ca\/fr\/produit\/banque-denergie-portable-mini-large-ccity-10000mah\/\" \/>\n<meta property=\"og:site_name\" content=\"Aigle Shopping Canada\" \/>\n<meta property=\"article:modified_time\" content=\"2025-08-08T14:26:00+00:00\" \/>\n<meta property=\"og:image\" content=\"https:\/\/aigleshopping.ca\/wp-content\/uploads\/2025\/03\/1860660294797.jpg\" \/>\n\t<meta property=\"og:image:width\" content=\"800\" \/>\n\t<meta property=\"og:image:height\" content=\"800\" \/>\n\t<meta property=\"og:image:type\" content=\"image\/jpeg\" \/>\n<meta name=\"twitter:card\" content=\"summary_large_image\" \/>\n<script type=\"application\/ld+json\" class=\"yoast-schema-graph\">{\"@context\":\"https:\\\/\\\/schema.org\",\"@graph\":[{\"@type\":\"WebPage\",\"@id\":\"https:\\\/\\\/aigleshopping.ca\\\/fr\\\/produit\\\/banque-denergie-portable-mini-large-ccity-10000mah\\\/\",\"url\":\"https:\\\/\\\/aigleshopping.ca\\\/fr\\\/produit\\\/banque-denergie-portable-mini-large-ccity-10000mah\\\/\",\"name\":\"Banque d'\u00e9nergie portable Mini Large Ccity 10000mAh - Aigle Shopping Canada\",\"isPartOf\":{\"@id\":\"https:\\\/\\\/aigleshopping.ca\\\/#website\"},\"primaryImageOfPage\":{\"@id\":\"https:\\\/\\\/aigleshopping.ca\\\/fr\\\/produit\\\/banque-denergie-portable-mini-large-ccity-10000mah\\\/#primaryimage\"},\"image\":{\"@id\":\"https:\\\/\\\/aigleshopping.ca\\\/fr\\\/produit\\\/banque-denergie-portable-mini-large-ccity-10000mah\\\/#primaryimage\"},\"thumbnailUrl\":\"https:\\\/\\\/aigleshopping.ca\\\/wp-content\\\/uploads\\\/2025\\\/03\\\/1860660294797.jpg\",\"datePublished\":\"2025-03-09T21:04:35+00:00\",\"dateModified\":\"2025-08-08T14:26:00+00:00\",\"breadcrumb\":{\"@id\":\"https:\\\/\\\/aigleshopping.ca\\\/fr\\\/produit\\\/banque-denergie-portable-mini-large-ccity-10000mah\\\/#breadcrumb\"},\"inLanguage\":\"fr-FR\",\"potentialAction\":[{\"@type\":\"ReadAction\",\"target\":[\"https:\\\/\\\/aigleshopping.ca\\\/fr\\\/produit\\\/banque-denergie-portable-mini-large-ccity-10000mah\\\/\"]}]},{\"@type\":\"ImageObject\",\"inLanguage\":\"fr-FR\",\"@id\":\"https:\\\/\\\/aigleshopping.ca\\\/fr\\\/produit\\\/banque-denergie-portable-mini-large-ccity-10000mah\\\/#primaryimage\",\"url\":\"https:\\\/\\\/aigleshopping.ca\\\/wp-content\\\/uploads\\\/2025\\\/03\\\/1860660294797.jpg\",\"contentUrl\":\"https:\\\/\\\/aigleshopping.ca\\\/wp-content\\\/uploads\\\/2025\\\/03\\\/1860660294797.jpg\",\"width\":800,\"height\":800},{\"@type\":\"BreadcrumbList\",\"@id\":\"https:\\\/\\\/aigleshopping.ca\\\/fr\\\/produit\\\/banque-denergie-portable-mini-large-ccity-10000mah\\\/#breadcrumb\",\"itemListElement\":[{\"@type\":\"ListItem\",\"position\":1,\"name\":\"Home\",\"item\":\"https:\\\/\\\/aigleshopping.ca\\\/fr\\\/home\\\/\"},{\"@type\":\"ListItem\",\"position\":2,\"name\":\"Products\",\"item\":\"https:\\\/\\\/aigleshopping.ca\\\/shop\\\/\"},{\"@type\":\"ListItem\",\"position\":3,\"name\":\"Banque d&#8217;\u00e9nergie portable Mini Large Ccity 10000mAh\"}]},{\"@type\":\"WebSite\",\"@id\":\"https:\\\/\\\/aigleshopping.ca\\\/#website\",\"url\":\"https:\\\/\\\/aigleshopping.ca\\\/\",\"name\":\"Aigle Shopping Canada\",\"description\":\"Au-del\u00e0 des fronti\u00e8res, pour vous offrir le\u00a0meilleur!\",\"publisher\":{\"@id\":\"https:\\\/\\\/aigleshopping.ca\\\/#organization\"},\"potentialAction\":[{\"@type\":\"SearchAction\",\"target\":{\"@type\":\"EntryPoint\",\"urlTemplate\":\"https:\\\/\\\/aigleshopping.ca\\\/?s={search_term_string}\"},\"query-input\":{\"@type\":\"PropertyValueSpecification\",\"valueRequired\":true,\"valueName\":\"search_term_string\"}}],\"inLanguage\":\"fr-FR\"},{\"@type\":\"Organization\",\"@id\":\"https:\\\/\\\/aigleshopping.ca\\\/#organization\",\"name\":\"Aigle Shopping Canada\",\"url\":\"https:\\\/\\\/aigleshopping.ca\\\/\",\"logo\":{\"@type\":\"ImageObject\",\"inLanguage\":\"fr-FR\",\"@id\":\"https:\\\/\\\/aigleshopping.ca\\\/#\\\/schema\\\/logo\\\/image\\\/\",\"url\":\"https:\\\/\\\/aigleshopping.ca\\\/wp-content\\\/uploads\\\/2025\\\/12\\\/logo_aigleshopping_ca.png\",\"contentUrl\":\"https:\\\/\\\/aigleshopping.ca\\\/wp-content\\\/uploads\\\/2025\\\/12\\\/logo_aigleshopping_ca.png\",\"width\":800,\"height\":233,\"caption\":\"Aigle Shopping Canada\"},\"image\":{\"@id\":\"https:\\\/\\\/aigleshopping.ca\\\/#\\\/schema\\\/logo\\\/image\\\/\"}}]}<\/script>\n<!-- \/ Yoast SEO plugin. -->","yoast_head_json":{"title":"Banque d'\u00e9nergie portable Mini Large Ccity 10000mAh - Aigle Shopping Canada","robots":{"index":"index","follow":"follow","max-snippet":"max-snippet:-1","max-image-preview":"max-image-preview:large","max-video-preview":"max-video-preview:-1"},"canonical":"https:\/\/aigleshopping.ca\/fr\/produit\/banque-denergie-portable-mini-large-ccity-10000mah\/","og_locale":"fr_FR","og_type":"article","og_title":"Banque d'\u00e9nergie portable Mini Large Ccity 10000mAh - Aigle Shopping Canada","og_description":"Sp\u00e9cification \uff1a&nbsp; Type de batterie : Batterie lithium-ion liquide (18650) Type d&rsquo;application : Usage g\u00e9n\u00e9ral Type de batterie : Coque cylindrique en aluminium Mat\u00e9riau de la coque : ABS Fonction suppl\u00e9mentaire : Sortie Multi-U Taille : 150*64*24mm Couleur : A2D noir, A2D blanc, A2D bleu, A2D rose Capacit\u00e9 d&rsquo;alimentation ; 10000 Taux de conversion : [&hellip;]","og_url":"https:\/\/aigleshopping.ca\/fr\/produit\/banque-denergie-portable-mini-large-ccity-10000mah\/","og_site_name":"Aigle Shopping Canada","article_modified_time":"2025-08-08T14:26:00+00:00","og_image":[{"width":800,"height":800,"url":"https:\/\/aigleshopping.ca\/wp-content\/uploads\/2025\/03\/1860660294797.jpg","type":"image\/jpeg"}],"twitter_card":"summary_large_image","schema":{"@context":"https:\/\/schema.org","@graph":[{"@type":"WebPage","@id":"https:\/\/aigleshopping.ca\/fr\/produit\/banque-denergie-portable-mini-large-ccity-10000mah\/","url":"https:\/\/aigleshopping.ca\/fr\/produit\/banque-denergie-portable-mini-large-ccity-10000mah\/","name":"Banque d'\u00e9nergie portable Mini Large Ccity 10000mAh - Aigle Shopping Canada","isPartOf":{"@id":"https:\/\/aigleshopping.ca\/#website"},"primaryImageOfPage":{"@id":"https:\/\/aigleshopping.ca\/fr\/produit\/banque-denergie-portable-mini-large-ccity-10000mah\/#primaryimage"},"image":{"@id":"https:\/\/aigleshopping.ca\/fr\/produit\/banque-denergie-portable-mini-large-ccity-10000mah\/#primaryimage"},"thumbnailUrl":"https:\/\/aigleshopping.ca\/wp-content\/uploads\/2025\/03\/1860660294797.jpg","datePublished":"2025-03-09T21:04:35+00:00","dateModified":"2025-08-08T14:26:00+00:00","breadcrumb":{"@id":"https:\/\/aigleshopping.ca\/fr\/produit\/banque-denergie-portable-mini-large-ccity-10000mah\/#breadcrumb"},"inLanguage":"fr-FR","potentialAction":[{"@type":"ReadAction","target":["https:\/\/aigleshopping.ca\/fr\/produit\/banque-denergie-portable-mini-large-ccity-10000mah\/"]}]},{"@type":"ImageObject","inLanguage":"fr-FR","@id":"https:\/\/aigleshopping.ca\/fr\/produit\/banque-denergie-portable-mini-large-ccity-10000mah\/#primaryimage","url":"https:\/\/aigleshopping.ca\/wp-content\/uploads\/2025\/03\/1860660294797.jpg","contentUrl":"https:\/\/aigleshopping.ca\/wp-content\/uploads\/2025\/03\/1860660294797.jpg","width":800,"height":800},{"@type":"BreadcrumbList","@id":"https:\/\/aigleshopping.ca\/fr\/produit\/banque-denergie-portable-mini-large-ccity-10000mah\/#breadcrumb","itemListElement":[{"@type":"ListItem","position":1,"name":"Home","item":"https:\/\/aigleshopping.ca\/fr\/home\/"},{"@type":"ListItem","position":2,"name":"Products","item":"https:\/\/aigleshopping.ca\/shop\/"},{"@type":"ListItem","position":3,"name":"Banque d&#8217;\u00e9nergie portable Mini Large Ccity 10000mAh"}]},{"@type":"WebSite","@id":"https:\/\/aigleshopping.ca\/#website","url":"https:\/\/aigleshopping.ca\/","name":"Aigle Shopping Canada","description":"Au-del\u00e0 des fronti\u00e8res, pour vous offrir le\u00a0meilleur!","publisher":{"@id":"https:\/\/aigleshopping.ca\/#organization"},"potentialAction":[{"@type":"SearchAction","target":{"@type":"EntryPoint","urlTemplate":"https:\/\/aigleshopping.ca\/?s={search_term_string}"},"query-input":{"@type":"PropertyValueSpecification","valueRequired":true,"valueName":"search_term_string"}}],"inLanguage":"fr-FR"},{"@type":"Organization","@id":"https:\/\/aigleshopping.ca\/#organization","name":"Aigle Shopping Canada","url":"https:\/\/aigleshopping.ca\/","logo":{"@type":"ImageObject","inLanguage":"fr-FR","@id":"https:\/\/aigleshopping.ca\/#\/schema\/logo\/image\/","url":"https:\/\/aigleshopping.ca\/wp-content\/uploads\/2025\/12\/logo_aigleshopping_ca.png","contentUrl":"https:\/\/aigleshopping.ca\/wp-content\/uploads\/2025\/12\/logo_aigleshopping_ca.png","width":800,"height":233,"caption":"Aigle Shopping Canada"},"image":{"@id":"https:\/\/aigleshopping.ca\/#\/schema\/logo\/image\/"}}]}},"jetpack_sharing_enabled":true,"_links":{"self":[{"href":"https:\/\/aigleshopping.ca\/fr\/wp-json\/wp\/v2\/product\/32821","targetHints":{"allow":["GET"]}}],"collection":[{"href":"https:\/\/aigleshopping.ca\/fr\/wp-json\/wp\/v2\/product"}],"about":[{"href":"https:\/\/aigleshopping.ca\/fr\/wp-json\/wp\/v2\/types\/product"}],"replies":[{"embeddable":true,"href":"https:\/\/aigleshopping.ca\/fr\/wp-json\/wp\/v2\/comments?post=32821"}],"wp:featuredmedia":[{"embeddable":true,"href":"https:\/\/aigleshopping.ca\/fr\/wp-json\/wp\/v2\/media\/18993"}],"wp:attachment":[{"href":"https:\/\/aigleshopping.ca\/fr\/wp-json\/wp\/v2\/media?parent=32821"}],"wp:term":[{"taxonomy":"product_brand","embeddable":true,"href":"https:\/\/aigleshopping.ca\/fr\/wp-json\/wp\/v2\/product_brand?post=32821"},{"taxonomy":"product_cat","embeddable":true,"href":"https:\/\/aigleshopping.ca\/fr\/wp-json\/wp\/v2\/product_cat?post=32821"},{"taxonomy":"product_tag","embeddable":true,"href":"https:\/\/aigleshopping.ca\/fr\/wp-json\/wp\/v2\/product_tag?post=32821"}],"curies":[{"name":"wp","href":"https:\/\/api.w.org\/{rel}","templated":true}]}}