{"id":32854,"date":"2025-03-09T21:01:23","date_gmt":"2025-03-09T21:01:23","guid":{"rendered":"https:\/\/aigleshopping.ca\/produit\/banque-dalimentation-de-grande-capacite-avec-affichage-numerique-en-miroir\/"},"modified":"2025-03-09T21:01:23","modified_gmt":"2025-03-09T21:01:23","slug":"banque-dalimentation-de-grande-capacite-avec-affichage-numerique-en-miroir","status":"publish","type":"product","link":"https:\/\/aigleshopping.ca\/fr\/produit\/banque-dalimentation-de-grande-capacite-avec-affichage-numerique-en-miroir\/","title":{"rendered":"Banque d&rsquo;alimentation de grande capacit\u00e9 avec affichage num\u00e9rique en miroir"},"content":{"rendered":"<p>  Type de cellule : cellule lithium-ion liquide (18650) <br \/> Type d&rsquo;application : type g\u00e9n\u00e9ral <br \/> Type de batterie : coque cylindrique en aluminium <br \/> Mat\u00e9riau de la coque : plastique <br \/> Fonction suppl\u00e9mentaire : Affichage LCD <br \/> Taille : 93 \u00d7 63 \u00d7 23 <br \/> Couleur : noir, blanc, rose, bleu <br \/> Capacit\u00e9 d&rsquo;alimentation : 10000mah <br \/> Taux de conversion : 80%  <\/p>\n<p> <img decoding=\"async\" src=\"https:\/\/cf.cjdropshipping.com\/396ecd19-c2dd-4814-82e2-c45df23e5603.jpg\"> <img decoding=\"async\" src=\"https:\/\/cf.cjdropshipping.com\/b3ac8b4e-ad36-4b22-bdcf-fe173345300d.jpg\"> <img decoding=\"async\" src=\"https:\/\/cf.cjdropshipping.com\/81cee81e-c84a-496e-86fd-fa1cc792bf4a.jpg\"> <img decoding=\"async\" src=\"https:\/\/cf.cjdropshipping.com\/18b42d62-21b0-4d6c-bc39-06b5e90c5548.jpg\"> <img decoding=\"async\" src=\"https:\/\/cf.cjdropshipping.com\/63853fc7-e7ce-4b0d-8313-cc6f116b7df2.jpg\"> <img decoding=\"async\" src=\"https:\/\/cf.cjdropshipping.com\/5db22837-4109-4a85-92a1-e4fc402d956f.jpg\"> <img decoding=\"async\" src=\"https:\/\/cf.cjdropshipping.com\/f4840a8b-7a2b-47f4-888a-dce1c114bc0d.jpg\"> <img decoding=\"async\" src=\"https:\/\/cf.cjdropshipping.com\/e6d12559-7373-4649-b858-28795804e04c.jpg\"> <img decoding=\"async\" src=\"https:\/\/cf.cjdropshipping.com\/5b1c933e-e2fe-49f2-a73d-8ab2feeb1f0d.jpg\"> <img decoding=\"async\" src=\"https:\/\/cf.cjdropshipping.com\/70532c94-75ec-4947-935f-7cb1d9ad9d16.jpg\"> <img decoding=\"async\" src=\"https:\/\/cf.cjdropshipping.com\/468bacbb-096b-45a0-b759-8ec7c76adcf1.jpg\"> <img decoding=\"async\" src=\"https:\/\/cf.cjdropshipping.com\/24459085-6397-48bd-873f-ec0a481a1950.jpg\"> <img decoding=\"async\" src=\"https:\/\/cf.cjdropshipping.com\/265970e9-6aa4-44a4-ab1d-31fcc8906ece.jpg\">  <\/p>\n","protected":false},"excerpt":{"rendered":"<p>Type de cellule : cellule lithium-ion liquide (18650) Type d&rsquo;application : type g\u00e9n\u00e9ral Type de batterie : coque cylindrique en aluminium Mat\u00e9riau de la coque : plastique Fonction suppl\u00e9mentaire : Affichage LCD Taille : 93 \u00d7 63 \u00d7 23 Couleur : noir, blanc, rose, bleu Capacit\u00e9 d&rsquo;alimentation : 10000mah Taux de conversion : 80%<\/p>\n","protected":false},"featured_media":18913,"comment_status":"open","ping_status":"closed","template":"","meta":{"content-type":""},"product_brand":[],"product_cat":[739],"product_tag":[],"class_list":{"0":"post-32854","1":"product","2":"type-product","3":"status-publish","4":"has-post-thumbnail","6":"product_cat-banque-denergie-et-station-de-recharge","8":"first","9":"instock","10":"taxable","11":"shipping-taxable","12":"purchasable","13":"product-type-variable","14":"add-to-wishlist-after_add_to_cart"},"yoast_head":"<!-- This site is optimized with the Yoast SEO plugin v27.4 - https:\/\/yoast.com\/product\/yoast-seo-wordpress\/ -->\n<title>Banque d&#039;alimentation de grande capacit\u00e9 avec affichage num\u00e9rique en miroir - Aigle Shopping Canada<\/title>\n<meta name=\"robots\" content=\"index, follow, max-snippet:-1, max-image-preview:large, max-video-preview:-1\" \/>\n<link rel=\"canonical\" href=\"https:\/\/aigleshopping.ca\/fr\/produit\/banque-dalimentation-de-grande-capacite-avec-affichage-numerique-en-miroir\/\" \/>\n<meta property=\"og:locale\" content=\"fr_FR\" \/>\n<meta property=\"og:type\" content=\"article\" \/>\n<meta property=\"og:title\" content=\"Banque d&#039;alimentation de grande capacit\u00e9 avec affichage num\u00e9rique en miroir - Aigle Shopping Canada\" \/>\n<meta property=\"og:description\" content=\"Type de cellule : cellule lithium-ion liquide (18650) Type d&rsquo;application : type g\u00e9n\u00e9ral Type de batterie : coque cylindrique en aluminium Mat\u00e9riau de la coque : plastique Fonction suppl\u00e9mentaire : Affichage LCD Taille : 93 \u00d7 63 \u00d7 23 Couleur : noir, blanc, rose, bleu Capacit\u00e9 d&rsquo;alimentation : 10000mah Taux de conversion : 80%\" \/>\n<meta property=\"og:url\" content=\"https:\/\/aigleshopping.ca\/fr\/produit\/banque-dalimentation-de-grande-capacite-avec-affichage-numerique-en-miroir\/\" \/>\n<meta property=\"og:site_name\" content=\"Aigle Shopping Canada\" \/>\n<meta property=\"og:image\" content=\"https:\/\/aigleshopping.ca\/wp-content\/uploads\/2025\/03\/3810096638621.jpg\" \/>\n\t<meta property=\"og:image:width\" content=\"800\" \/>\n\t<meta property=\"og:image:height\" content=\"800\" \/>\n\t<meta property=\"og:image:type\" content=\"image\/jpeg\" \/>\n<meta name=\"twitter:card\" content=\"summary_large_image\" \/>\n<script type=\"application\/ld+json\" class=\"yoast-schema-graph\">{\"@context\":\"https:\\\/\\\/schema.org\",\"@graph\":[{\"@type\":\"WebPage\",\"@id\":\"https:\\\/\\\/aigleshopping.ca\\\/fr\\\/produit\\\/banque-dalimentation-de-grande-capacite-avec-affichage-numerique-en-miroir\\\/\",\"url\":\"https:\\\/\\\/aigleshopping.ca\\\/fr\\\/produit\\\/banque-dalimentation-de-grande-capacite-avec-affichage-numerique-en-miroir\\\/\",\"name\":\"Banque d'alimentation de grande capacit\u00e9 avec affichage num\u00e9rique en miroir - Aigle Shopping Canada\",\"isPartOf\":{\"@id\":\"https:\\\/\\\/aigleshopping.ca\\\/#website\"},\"primaryImageOfPage\":{\"@id\":\"https:\\\/\\\/aigleshopping.ca\\\/fr\\\/produit\\\/banque-dalimentation-de-grande-capacite-avec-affichage-numerique-en-miroir\\\/#primaryimage\"},\"image\":{\"@id\":\"https:\\\/\\\/aigleshopping.ca\\\/fr\\\/produit\\\/banque-dalimentation-de-grande-capacite-avec-affichage-numerique-en-miroir\\\/#primaryimage\"},\"thumbnailUrl\":\"https:\\\/\\\/aigleshopping.ca\\\/wp-content\\\/uploads\\\/2025\\\/03\\\/3810096638621.jpg\",\"datePublished\":\"2025-03-09T21:01:23+00:00\",\"breadcrumb\":{\"@id\":\"https:\\\/\\\/aigleshopping.ca\\\/fr\\\/produit\\\/banque-dalimentation-de-grande-capacite-avec-affichage-numerique-en-miroir\\\/#breadcrumb\"},\"inLanguage\":\"fr-FR\",\"potentialAction\":[{\"@type\":\"ReadAction\",\"target\":[\"https:\\\/\\\/aigleshopping.ca\\\/fr\\\/produit\\\/banque-dalimentation-de-grande-capacite-avec-affichage-numerique-en-miroir\\\/\"]}]},{\"@type\":\"ImageObject\",\"inLanguage\":\"fr-FR\",\"@id\":\"https:\\\/\\\/aigleshopping.ca\\\/fr\\\/produit\\\/banque-dalimentation-de-grande-capacite-avec-affichage-numerique-en-miroir\\\/#primaryimage\",\"url\":\"https:\\\/\\\/aigleshopping.ca\\\/wp-content\\\/uploads\\\/2025\\\/03\\\/3810096638621.jpg\",\"contentUrl\":\"https:\\\/\\\/aigleshopping.ca\\\/wp-content\\\/uploads\\\/2025\\\/03\\\/3810096638621.jpg\",\"width\":800,\"height\":800},{\"@type\":\"BreadcrumbList\",\"@id\":\"https:\\\/\\\/aigleshopping.ca\\\/fr\\\/produit\\\/banque-dalimentation-de-grande-capacite-avec-affichage-numerique-en-miroir\\\/#breadcrumb\",\"itemListElement\":[{\"@type\":\"ListItem\",\"position\":1,\"name\":\"Home\",\"item\":\"https:\\\/\\\/aigleshopping.ca\\\/fr\\\/home\\\/\"},{\"@type\":\"ListItem\",\"position\":2,\"name\":\"Products\",\"item\":\"https:\\\/\\\/aigleshopping.ca\\\/shop\\\/\"},{\"@type\":\"ListItem\",\"position\":3,\"name\":\"Banque d&#8217;alimentation de grande capacit\u00e9 avec affichage num\u00e9rique en miroir\"}]},{\"@type\":\"WebSite\",\"@id\":\"https:\\\/\\\/aigleshopping.ca\\\/#website\",\"url\":\"https:\\\/\\\/aigleshopping.ca\\\/\",\"name\":\"Aigle Shopping Canada\",\"description\":\"Au-del\u00e0 des fronti\u00e8res, pour vous offrir le\u00a0meilleur!\",\"publisher\":{\"@id\":\"https:\\\/\\\/aigleshopping.ca\\\/#organization\"},\"potentialAction\":[{\"@type\":\"SearchAction\",\"target\":{\"@type\":\"EntryPoint\",\"urlTemplate\":\"https:\\\/\\\/aigleshopping.ca\\\/?s={search_term_string}\"},\"query-input\":{\"@type\":\"PropertyValueSpecification\",\"valueRequired\":true,\"valueName\":\"search_term_string\"}}],\"inLanguage\":\"fr-FR\"},{\"@type\":\"Organization\",\"@id\":\"https:\\\/\\\/aigleshopping.ca\\\/#organization\",\"name\":\"Aigle Shopping Canada\",\"url\":\"https:\\\/\\\/aigleshopping.ca\\\/\",\"logo\":{\"@type\":\"ImageObject\",\"inLanguage\":\"fr-FR\",\"@id\":\"https:\\\/\\\/aigleshopping.ca\\\/#\\\/schema\\\/logo\\\/image\\\/\",\"url\":\"https:\\\/\\\/aigleshopping.ca\\\/wp-content\\\/uploads\\\/2025\\\/12\\\/logo_aigleshopping_ca.png\",\"contentUrl\":\"https:\\\/\\\/aigleshopping.ca\\\/wp-content\\\/uploads\\\/2025\\\/12\\\/logo_aigleshopping_ca.png\",\"width\":800,\"height\":233,\"caption\":\"Aigle Shopping Canada\"},\"image\":{\"@id\":\"https:\\\/\\\/aigleshopping.ca\\\/#\\\/schema\\\/logo\\\/image\\\/\"}}]}<\/script>\n<!-- \/ Yoast SEO plugin. -->","yoast_head_json":{"title":"Banque d'alimentation de grande capacit\u00e9 avec affichage num\u00e9rique en miroir - Aigle Shopping Canada","robots":{"index":"index","follow":"follow","max-snippet":"max-snippet:-1","max-image-preview":"max-image-preview:large","max-video-preview":"max-video-preview:-1"},"canonical":"https:\/\/aigleshopping.ca\/fr\/produit\/banque-dalimentation-de-grande-capacite-avec-affichage-numerique-en-miroir\/","og_locale":"fr_FR","og_type":"article","og_title":"Banque d'alimentation de grande capacit\u00e9 avec affichage num\u00e9rique en miroir - Aigle Shopping Canada","og_description":"Type de cellule : cellule lithium-ion liquide (18650) Type d&rsquo;application : type g\u00e9n\u00e9ral Type de batterie : coque cylindrique en aluminium Mat\u00e9riau de la coque : plastique Fonction suppl\u00e9mentaire : Affichage LCD Taille : 93 \u00d7 63 \u00d7 23 Couleur : noir, blanc, rose, bleu Capacit\u00e9 d&rsquo;alimentation : 10000mah Taux de conversion : 80%","og_url":"https:\/\/aigleshopping.ca\/fr\/produit\/banque-dalimentation-de-grande-capacite-avec-affichage-numerique-en-miroir\/","og_site_name":"Aigle Shopping Canada","og_image":[{"width":800,"height":800,"url":"https:\/\/aigleshopping.ca\/wp-content\/uploads\/2025\/03\/3810096638621.jpg","type":"image\/jpeg"}],"twitter_card":"summary_large_image","schema":{"@context":"https:\/\/schema.org","@graph":[{"@type":"WebPage","@id":"https:\/\/aigleshopping.ca\/fr\/produit\/banque-dalimentation-de-grande-capacite-avec-affichage-numerique-en-miroir\/","url":"https:\/\/aigleshopping.ca\/fr\/produit\/banque-dalimentation-de-grande-capacite-avec-affichage-numerique-en-miroir\/","name":"Banque d'alimentation de grande capacit\u00e9 avec affichage num\u00e9rique en miroir - Aigle Shopping Canada","isPartOf":{"@id":"https:\/\/aigleshopping.ca\/#website"},"primaryImageOfPage":{"@id":"https:\/\/aigleshopping.ca\/fr\/produit\/banque-dalimentation-de-grande-capacite-avec-affichage-numerique-en-miroir\/#primaryimage"},"image":{"@id":"https:\/\/aigleshopping.ca\/fr\/produit\/banque-dalimentation-de-grande-capacite-avec-affichage-numerique-en-miroir\/#primaryimage"},"thumbnailUrl":"https:\/\/aigleshopping.ca\/wp-content\/uploads\/2025\/03\/3810096638621.jpg","datePublished":"2025-03-09T21:01:23+00:00","breadcrumb":{"@id":"https:\/\/aigleshopping.ca\/fr\/produit\/banque-dalimentation-de-grande-capacite-avec-affichage-numerique-en-miroir\/#breadcrumb"},"inLanguage":"fr-FR","potentialAction":[{"@type":"ReadAction","target":["https:\/\/aigleshopping.ca\/fr\/produit\/banque-dalimentation-de-grande-capacite-avec-affichage-numerique-en-miroir\/"]}]},{"@type":"ImageObject","inLanguage":"fr-FR","@id":"https:\/\/aigleshopping.ca\/fr\/produit\/banque-dalimentation-de-grande-capacite-avec-affichage-numerique-en-miroir\/#primaryimage","url":"https:\/\/aigleshopping.ca\/wp-content\/uploads\/2025\/03\/3810096638621.jpg","contentUrl":"https:\/\/aigleshopping.ca\/wp-content\/uploads\/2025\/03\/3810096638621.jpg","width":800,"height":800},{"@type":"BreadcrumbList","@id":"https:\/\/aigleshopping.ca\/fr\/produit\/banque-dalimentation-de-grande-capacite-avec-affichage-numerique-en-miroir\/#breadcrumb","itemListElement":[{"@type":"ListItem","position":1,"name":"Home","item":"https:\/\/aigleshopping.ca\/fr\/home\/"},{"@type":"ListItem","position":2,"name":"Products","item":"https:\/\/aigleshopping.ca\/shop\/"},{"@type":"ListItem","position":3,"name":"Banque d&#8217;alimentation de grande capacit\u00e9 avec affichage num\u00e9rique en miroir"}]},{"@type":"WebSite","@id":"https:\/\/aigleshopping.ca\/#website","url":"https:\/\/aigleshopping.ca\/","name":"Aigle Shopping Canada","description":"Au-del\u00e0 des fronti\u00e8res, pour vous offrir le\u00a0meilleur!","publisher":{"@id":"https:\/\/aigleshopping.ca\/#organization"},"potentialAction":[{"@type":"SearchAction","target":{"@type":"EntryPoint","urlTemplate":"https:\/\/aigleshopping.ca\/?s={search_term_string}"},"query-input":{"@type":"PropertyValueSpecification","valueRequired":true,"valueName":"search_term_string"}}],"inLanguage":"fr-FR"},{"@type":"Organization","@id":"https:\/\/aigleshopping.ca\/#organization","name":"Aigle Shopping Canada","url":"https:\/\/aigleshopping.ca\/","logo":{"@type":"ImageObject","inLanguage":"fr-FR","@id":"https:\/\/aigleshopping.ca\/#\/schema\/logo\/image\/","url":"https:\/\/aigleshopping.ca\/wp-content\/uploads\/2025\/12\/logo_aigleshopping_ca.png","contentUrl":"https:\/\/aigleshopping.ca\/wp-content\/uploads\/2025\/12\/logo_aigleshopping_ca.png","width":800,"height":233,"caption":"Aigle Shopping Canada"},"image":{"@id":"https:\/\/aigleshopping.ca\/#\/schema\/logo\/image\/"}}]}},"jetpack_sharing_enabled":true,"_links":{"self":[{"href":"https:\/\/aigleshopping.ca\/fr\/wp-json\/wp\/v2\/product\/32854","targetHints":{"allow":["GET"]}}],"collection":[{"href":"https:\/\/aigleshopping.ca\/fr\/wp-json\/wp\/v2\/product"}],"about":[{"href":"https:\/\/aigleshopping.ca\/fr\/wp-json\/wp\/v2\/types\/product"}],"replies":[{"embeddable":true,"href":"https:\/\/aigleshopping.ca\/fr\/wp-json\/wp\/v2\/comments?post=32854"}],"wp:featuredmedia":[{"embeddable":true,"href":"https:\/\/aigleshopping.ca\/fr\/wp-json\/wp\/v2\/media\/18913"}],"wp:attachment":[{"href":"https:\/\/aigleshopping.ca\/fr\/wp-json\/wp\/v2\/media?parent=32854"}],"wp:term":[{"taxonomy":"product_brand","embeddable":true,"href":"https:\/\/aigleshopping.ca\/fr\/wp-json\/wp\/v2\/product_brand?post=32854"},{"taxonomy":"product_cat","embeddable":true,"href":"https:\/\/aigleshopping.ca\/fr\/wp-json\/wp\/v2\/product_cat?post=32854"},{"taxonomy":"product_tag","embeddable":true,"href":"https:\/\/aigleshopping.ca\/fr\/wp-json\/wp\/v2\/product_tag?post=32854"}],"curies":[{"name":"wp","href":"https:\/\/api.w.org\/{rel}","templated":true}]}}