{"id":32912,"date":"2025-03-09T20:40:32","date_gmt":"2025-03-09T20:40:32","guid":{"rendered":"https:\/\/aigleshopping.ca\/produit\/bloc-dalimentation-mobile-de-grande-capacite-pour-le-chargement-des-tresors\/"},"modified":"2025-08-08T14:49:06","modified_gmt":"2025-08-08T14:49:06","slug":"bloc-dalimentation-mobile-de-grande-capacite-pour-le-chargement-des-tresors","status":"publish","type":"product","link":"https:\/\/aigleshopping.ca\/fr\/produit\/bloc-dalimentation-mobile-de-grande-capacite-pour-le-chargement-des-tresors\/","title":{"rendered":"Bloc d&rsquo;alimentation mobile de grande capacit\u00e9 pour le chargement des tr\u00e9sors"},"content":{"rendered":"<p> <b>  Informations sur le produit :  <br \/> <\/b>  Caract\u00e9ristiques suppl\u00e9mentaires : Lampe de poche LED  <br \/>  Type d&rsquo;application : type universel  <br \/>  Type de batterie : bo\u00eetier carr\u00e9 en aluminium  <br \/>  Type de batterie : batterie lithium-ion polym\u00e8re  <br \/>  Mat\u00e9riau : plastique  <br \/>  Couleurs : noir, rouge, blanc  <br \/>  Capacit\u00e9 d&rsquo;alimentation : 20000mA  <\/p>\n<p> <b>  Informations sur la taille :  <br \/> <\/b>  Dimensions : 80*80*22.5mm  <\/p>\n<p> <b>  Liste d&#8217;emballage :  <br \/> <\/b> <\/p>\n<p>Bloc d&rsquo;alimentation * 1<\/p>\n<p>&nbsp;<\/p>\n<p> <a href=\"https:\/\/cf.cjdropshipping.com\/133787fa-4474-4b07-8901-9724a67ff6d5.jpg\" target=\"_blank\"> <img decoding=\"async\" src=\"https:\/\/cf.cjdropshipping.com\/133787fa-4474-4b07-8901-9724a67ff6d5.jpg\" alt=\"img\"> <\/a> <\/p>\n<p> <button><br \/>\n   <\/button> <\/p>\n<p> <a href=\"https:\/\/cf.cjdropshipping.com\/74f6313c-0528-4d4c-a084-7e55a091c34d.jpg\" target=\"_blank\"> <img decoding=\"async\" src=\"https:\/\/cf.cjdropshipping.com\/74f6313c-0528-4d4c-a084-7e55a091c34d.jpg\" alt=\"img\"> <\/a> <\/p>\n<p> <button><br \/>\n   <\/button> <\/p>\n<p> <a href=\"https:\/\/cf.cjdropshipping.com\/3191d482-2da5-4529-bf25-f68a4180a567.jpg\" target=\"_blank\"> <img decoding=\"async\" src=\"https:\/\/cf.cjdropshipping.com\/3191d482-2da5-4529-bf25-f68a4180a567.jpg\" alt=\"img\"> <\/a> <\/p>\n<p> <button><br \/>\n   <\/button> <\/p>\n<p> <a href=\"https:\/\/cf.cjdropshipping.com\/b0d6781b-281a-4a97-8740-3ac94c4071cd.jpg\" target=\"_blank\"> <img decoding=\"async\" src=\"https:\/\/cf.cjdropshipping.com\/b0d6781b-281a-4a97-8740-3ac94c4071cd.jpg\" alt=\"img\"> <\/a> <\/p>\n<p> <button><br \/>\n   <\/button> <\/p>\n<p> <a href=\"https:\/\/cf.cjdropshipping.com\/5b176dd0-665b-4277-84f9-475105a49ee1.jpg\" target=\"_blank\"> <img decoding=\"async\" src=\"https:\/\/cf.cjdropshipping.com\/5b176dd0-665b-4277-84f9-475105a49ee1.jpg\" alt=\"img\"> <\/a> <\/p>\n<p> <button><br \/>\n   <\/button> <\/p>\n<p> <\/p>\n<p> <span><\/span> <\/p>\n","protected":false},"excerpt":{"rendered":"<p>Informations sur le produit : Caract\u00e9ristiques suppl\u00e9mentaires : Lampe de poche LED Type d&rsquo;application : type universel Type de batterie : bo\u00eetier carr\u00e9 en aluminium Type de batterie : batterie lithium-ion polym\u00e8re Mat\u00e9riau : plastique Couleurs : noir, rouge, blanc Capacit\u00e9 d&rsquo;alimentation : 20000mA Informations sur la taille : Dimensions : 80*80*22.5mm Liste d&#8217;emballage : [&hellip;]<\/p>\n","protected":false},"featured_media":18232,"comment_status":"open","ping_status":"closed","template":"","meta":{"content-type":""},"product_brand":[],"product_cat":[739],"product_tag":[],"class_list":{"0":"post-32912","1":"product","2":"type-product","3":"status-publish","4":"has-post-thumbnail","6":"product_cat-banque-denergie-et-station-de-recharge","8":"first","9":"instock","10":"taxable","11":"shipping-taxable","12":"purchasable","13":"product-type-variable","14":"add-to-wishlist-after_add_to_cart"},"yoast_head":"<!-- This site is optimized with the Yoast SEO plugin v27.4 - https:\/\/yoast.com\/product\/yoast-seo-wordpress\/ -->\n<title>Bloc d&#039;alimentation mobile de grande capacit\u00e9 pour le chargement des tr\u00e9sors - Aigle Shopping Canada<\/title>\n<meta name=\"robots\" content=\"index, follow, max-snippet:-1, max-image-preview:large, max-video-preview:-1\" \/>\n<link rel=\"canonical\" href=\"https:\/\/aigleshopping.ca\/fr\/produit\/bloc-dalimentation-mobile-de-grande-capacite-pour-le-chargement-des-tresors\/\" \/>\n<meta property=\"og:locale\" content=\"fr_FR\" \/>\n<meta property=\"og:type\" content=\"article\" \/>\n<meta property=\"og:title\" content=\"Bloc d&#039;alimentation mobile de grande capacit\u00e9 pour le chargement des tr\u00e9sors - Aigle Shopping Canada\" \/>\n<meta property=\"og:description\" content=\"Informations sur le produit : Caract\u00e9ristiques suppl\u00e9mentaires : Lampe de poche LED Type d&rsquo;application : type universel Type de batterie : bo\u00eetier carr\u00e9 en aluminium Type de batterie : batterie lithium-ion polym\u00e8re Mat\u00e9riau : plastique Couleurs : noir, rouge, blanc Capacit\u00e9 d&rsquo;alimentation : 20000mA Informations sur la taille : Dimensions : 80*80*22.5mm Liste d&#8217;emballage : [&hellip;]\" \/>\n<meta property=\"og:url\" content=\"https:\/\/aigleshopping.ca\/fr\/produit\/bloc-dalimentation-mobile-de-grande-capacite-pour-le-chargement-des-tresors\/\" \/>\n<meta property=\"og:site_name\" content=\"Aigle Shopping Canada\" \/>\n<meta property=\"article:modified_time\" content=\"2025-08-08T14:49:06+00:00\" \/>\n<meta property=\"og:image\" content=\"https:\/\/aigleshopping.ca\/wp-content\/uploads\/2025\/03\/133787fa-4474-4b07-8901-9724a67ff6d5.jpg\" \/>\n\t<meta property=\"og:image:width\" content=\"924\" \/>\n\t<meta property=\"og:image:height\" content=\"924\" \/>\n\t<meta property=\"og:image:type\" content=\"image\/jpeg\" \/>\n<meta name=\"twitter:card\" content=\"summary_large_image\" \/>\n<script type=\"application\/ld+json\" class=\"yoast-schema-graph\">{\"@context\":\"https:\\\/\\\/schema.org\",\"@graph\":[{\"@type\":\"WebPage\",\"@id\":\"https:\\\/\\\/aigleshopping.ca\\\/fr\\\/produit\\\/bloc-dalimentation-mobile-de-grande-capacite-pour-le-chargement-des-tresors\\\/\",\"url\":\"https:\\\/\\\/aigleshopping.ca\\\/fr\\\/produit\\\/bloc-dalimentation-mobile-de-grande-capacite-pour-le-chargement-des-tresors\\\/\",\"name\":\"Bloc d'alimentation mobile de grande capacit\u00e9 pour le chargement des tr\u00e9sors - Aigle Shopping Canada\",\"isPartOf\":{\"@id\":\"https:\\\/\\\/aigleshopping.ca\\\/#website\"},\"primaryImageOfPage\":{\"@id\":\"https:\\\/\\\/aigleshopping.ca\\\/fr\\\/produit\\\/bloc-dalimentation-mobile-de-grande-capacite-pour-le-chargement-des-tresors\\\/#primaryimage\"},\"image\":{\"@id\":\"https:\\\/\\\/aigleshopping.ca\\\/fr\\\/produit\\\/bloc-dalimentation-mobile-de-grande-capacite-pour-le-chargement-des-tresors\\\/#primaryimage\"},\"thumbnailUrl\":\"https:\\\/\\\/aigleshopping.ca\\\/wp-content\\\/uploads\\\/2025\\\/03\\\/133787fa-4474-4b07-8901-9724a67ff6d5.jpg\",\"datePublished\":\"2025-03-09T20:40:32+00:00\",\"dateModified\":\"2025-08-08T14:49:06+00:00\",\"breadcrumb\":{\"@id\":\"https:\\\/\\\/aigleshopping.ca\\\/fr\\\/produit\\\/bloc-dalimentation-mobile-de-grande-capacite-pour-le-chargement-des-tresors\\\/#breadcrumb\"},\"inLanguage\":\"fr-FR\",\"potentialAction\":[{\"@type\":\"ReadAction\",\"target\":[\"https:\\\/\\\/aigleshopping.ca\\\/fr\\\/produit\\\/bloc-dalimentation-mobile-de-grande-capacite-pour-le-chargement-des-tresors\\\/\"]}]},{\"@type\":\"ImageObject\",\"inLanguage\":\"fr-FR\",\"@id\":\"https:\\\/\\\/aigleshopping.ca\\\/fr\\\/produit\\\/bloc-dalimentation-mobile-de-grande-capacite-pour-le-chargement-des-tresors\\\/#primaryimage\",\"url\":\"https:\\\/\\\/aigleshopping.ca\\\/wp-content\\\/uploads\\\/2025\\\/03\\\/133787fa-4474-4b07-8901-9724a67ff6d5.jpg\",\"contentUrl\":\"https:\\\/\\\/aigleshopping.ca\\\/wp-content\\\/uploads\\\/2025\\\/03\\\/133787fa-4474-4b07-8901-9724a67ff6d5.jpg\",\"width\":924,\"height\":924},{\"@type\":\"BreadcrumbList\",\"@id\":\"https:\\\/\\\/aigleshopping.ca\\\/fr\\\/produit\\\/bloc-dalimentation-mobile-de-grande-capacite-pour-le-chargement-des-tresors\\\/#breadcrumb\",\"itemListElement\":[{\"@type\":\"ListItem\",\"position\":1,\"name\":\"Home\",\"item\":\"https:\\\/\\\/aigleshopping.ca\\\/fr\\\/home\\\/\"},{\"@type\":\"ListItem\",\"position\":2,\"name\":\"Products\",\"item\":\"https:\\\/\\\/aigleshopping.ca\\\/shop\\\/\"},{\"@type\":\"ListItem\",\"position\":3,\"name\":\"Bloc d&#8217;alimentation mobile de grande capacit\u00e9 pour le chargement des tr\u00e9sors\"}]},{\"@type\":\"WebSite\",\"@id\":\"https:\\\/\\\/aigleshopping.ca\\\/#website\",\"url\":\"https:\\\/\\\/aigleshopping.ca\\\/\",\"name\":\"Aigle Shopping Canada\",\"description\":\"Au-del\u00e0 des fronti\u00e8res, pour vous offrir le\u00a0meilleur!\",\"publisher\":{\"@id\":\"https:\\\/\\\/aigleshopping.ca\\\/#organization\"},\"potentialAction\":[{\"@type\":\"SearchAction\",\"target\":{\"@type\":\"EntryPoint\",\"urlTemplate\":\"https:\\\/\\\/aigleshopping.ca\\\/?s={search_term_string}\"},\"query-input\":{\"@type\":\"PropertyValueSpecification\",\"valueRequired\":true,\"valueName\":\"search_term_string\"}}],\"inLanguage\":\"fr-FR\"},{\"@type\":\"Organization\",\"@id\":\"https:\\\/\\\/aigleshopping.ca\\\/#organization\",\"name\":\"Aigle Shopping Canada\",\"url\":\"https:\\\/\\\/aigleshopping.ca\\\/\",\"logo\":{\"@type\":\"ImageObject\",\"inLanguage\":\"fr-FR\",\"@id\":\"https:\\\/\\\/aigleshopping.ca\\\/#\\\/schema\\\/logo\\\/image\\\/\",\"url\":\"https:\\\/\\\/aigleshopping.ca\\\/wp-content\\\/uploads\\\/2025\\\/12\\\/logo_aigleshopping_ca.png\",\"contentUrl\":\"https:\\\/\\\/aigleshopping.ca\\\/wp-content\\\/uploads\\\/2025\\\/12\\\/logo_aigleshopping_ca.png\",\"width\":800,\"height\":233,\"caption\":\"Aigle Shopping Canada\"},\"image\":{\"@id\":\"https:\\\/\\\/aigleshopping.ca\\\/#\\\/schema\\\/logo\\\/image\\\/\"}}]}<\/script>\n<!-- \/ Yoast SEO plugin. -->","yoast_head_json":{"title":"Bloc d'alimentation mobile de grande capacit\u00e9 pour le chargement des tr\u00e9sors - Aigle Shopping Canada","robots":{"index":"index","follow":"follow","max-snippet":"max-snippet:-1","max-image-preview":"max-image-preview:large","max-video-preview":"max-video-preview:-1"},"canonical":"https:\/\/aigleshopping.ca\/fr\/produit\/bloc-dalimentation-mobile-de-grande-capacite-pour-le-chargement-des-tresors\/","og_locale":"fr_FR","og_type":"article","og_title":"Bloc d'alimentation mobile de grande capacit\u00e9 pour le chargement des tr\u00e9sors - Aigle Shopping Canada","og_description":"Informations sur le produit : Caract\u00e9ristiques suppl\u00e9mentaires : Lampe de poche LED Type d&rsquo;application : type universel Type de batterie : bo\u00eetier carr\u00e9 en aluminium Type de batterie : batterie lithium-ion polym\u00e8re Mat\u00e9riau : plastique Couleurs : noir, rouge, blanc Capacit\u00e9 d&rsquo;alimentation : 20000mA Informations sur la taille : Dimensions : 80*80*22.5mm Liste d&#8217;emballage : [&hellip;]","og_url":"https:\/\/aigleshopping.ca\/fr\/produit\/bloc-dalimentation-mobile-de-grande-capacite-pour-le-chargement-des-tresors\/","og_site_name":"Aigle Shopping Canada","article_modified_time":"2025-08-08T14:49:06+00:00","og_image":[{"width":924,"height":924,"url":"https:\/\/aigleshopping.ca\/wp-content\/uploads\/2025\/03\/133787fa-4474-4b07-8901-9724a67ff6d5.jpg","type":"image\/jpeg"}],"twitter_card":"summary_large_image","schema":{"@context":"https:\/\/schema.org","@graph":[{"@type":"WebPage","@id":"https:\/\/aigleshopping.ca\/fr\/produit\/bloc-dalimentation-mobile-de-grande-capacite-pour-le-chargement-des-tresors\/","url":"https:\/\/aigleshopping.ca\/fr\/produit\/bloc-dalimentation-mobile-de-grande-capacite-pour-le-chargement-des-tresors\/","name":"Bloc d'alimentation mobile de grande capacit\u00e9 pour le chargement des tr\u00e9sors - Aigle Shopping Canada","isPartOf":{"@id":"https:\/\/aigleshopping.ca\/#website"},"primaryImageOfPage":{"@id":"https:\/\/aigleshopping.ca\/fr\/produit\/bloc-dalimentation-mobile-de-grande-capacite-pour-le-chargement-des-tresors\/#primaryimage"},"image":{"@id":"https:\/\/aigleshopping.ca\/fr\/produit\/bloc-dalimentation-mobile-de-grande-capacite-pour-le-chargement-des-tresors\/#primaryimage"},"thumbnailUrl":"https:\/\/aigleshopping.ca\/wp-content\/uploads\/2025\/03\/133787fa-4474-4b07-8901-9724a67ff6d5.jpg","datePublished":"2025-03-09T20:40:32+00:00","dateModified":"2025-08-08T14:49:06+00:00","breadcrumb":{"@id":"https:\/\/aigleshopping.ca\/fr\/produit\/bloc-dalimentation-mobile-de-grande-capacite-pour-le-chargement-des-tresors\/#breadcrumb"},"inLanguage":"fr-FR","potentialAction":[{"@type":"ReadAction","target":["https:\/\/aigleshopping.ca\/fr\/produit\/bloc-dalimentation-mobile-de-grande-capacite-pour-le-chargement-des-tresors\/"]}]},{"@type":"ImageObject","inLanguage":"fr-FR","@id":"https:\/\/aigleshopping.ca\/fr\/produit\/bloc-dalimentation-mobile-de-grande-capacite-pour-le-chargement-des-tresors\/#primaryimage","url":"https:\/\/aigleshopping.ca\/wp-content\/uploads\/2025\/03\/133787fa-4474-4b07-8901-9724a67ff6d5.jpg","contentUrl":"https:\/\/aigleshopping.ca\/wp-content\/uploads\/2025\/03\/133787fa-4474-4b07-8901-9724a67ff6d5.jpg","width":924,"height":924},{"@type":"BreadcrumbList","@id":"https:\/\/aigleshopping.ca\/fr\/produit\/bloc-dalimentation-mobile-de-grande-capacite-pour-le-chargement-des-tresors\/#breadcrumb","itemListElement":[{"@type":"ListItem","position":1,"name":"Home","item":"https:\/\/aigleshopping.ca\/fr\/home\/"},{"@type":"ListItem","position":2,"name":"Products","item":"https:\/\/aigleshopping.ca\/shop\/"},{"@type":"ListItem","position":3,"name":"Bloc d&#8217;alimentation mobile de grande capacit\u00e9 pour le chargement des tr\u00e9sors"}]},{"@type":"WebSite","@id":"https:\/\/aigleshopping.ca\/#website","url":"https:\/\/aigleshopping.ca\/","name":"Aigle Shopping Canada","description":"Au-del\u00e0 des fronti\u00e8res, pour vous offrir le\u00a0meilleur!","publisher":{"@id":"https:\/\/aigleshopping.ca\/#organization"},"potentialAction":[{"@type":"SearchAction","target":{"@type":"EntryPoint","urlTemplate":"https:\/\/aigleshopping.ca\/?s={search_term_string}"},"query-input":{"@type":"PropertyValueSpecification","valueRequired":true,"valueName":"search_term_string"}}],"inLanguage":"fr-FR"},{"@type":"Organization","@id":"https:\/\/aigleshopping.ca\/#organization","name":"Aigle Shopping Canada","url":"https:\/\/aigleshopping.ca\/","logo":{"@type":"ImageObject","inLanguage":"fr-FR","@id":"https:\/\/aigleshopping.ca\/#\/schema\/logo\/image\/","url":"https:\/\/aigleshopping.ca\/wp-content\/uploads\/2025\/12\/logo_aigleshopping_ca.png","contentUrl":"https:\/\/aigleshopping.ca\/wp-content\/uploads\/2025\/12\/logo_aigleshopping_ca.png","width":800,"height":233,"caption":"Aigle Shopping Canada"},"image":{"@id":"https:\/\/aigleshopping.ca\/#\/schema\/logo\/image\/"}}]}},"jetpack_sharing_enabled":true,"_links":{"self":[{"href":"https:\/\/aigleshopping.ca\/fr\/wp-json\/wp\/v2\/product\/32912","targetHints":{"allow":["GET"]}}],"collection":[{"href":"https:\/\/aigleshopping.ca\/fr\/wp-json\/wp\/v2\/product"}],"about":[{"href":"https:\/\/aigleshopping.ca\/fr\/wp-json\/wp\/v2\/types\/product"}],"replies":[{"embeddable":true,"href":"https:\/\/aigleshopping.ca\/fr\/wp-json\/wp\/v2\/comments?post=32912"}],"wp:featuredmedia":[{"embeddable":true,"href":"https:\/\/aigleshopping.ca\/fr\/wp-json\/wp\/v2\/media\/18232"}],"wp:attachment":[{"href":"https:\/\/aigleshopping.ca\/fr\/wp-json\/wp\/v2\/media?parent=32912"}],"wp:term":[{"taxonomy":"product_brand","embeddable":true,"href":"https:\/\/aigleshopping.ca\/fr\/wp-json\/wp\/v2\/product_brand?post=32912"},{"taxonomy":"product_cat","embeddable":true,"href":"https:\/\/aigleshopping.ca\/fr\/wp-json\/wp\/v2\/product_cat?post=32912"},{"taxonomy":"product_tag","embeddable":true,"href":"https:\/\/aigleshopping.ca\/fr\/wp-json\/wp\/v2\/product_tag?post=32912"}],"curies":[{"name":"wp","href":"https:\/\/api.w.org\/{rel}","templated":true}]}}