{"id":33014,"date":"2025-03-09T20:48:40","date_gmt":"2025-03-09T20:48:40","guid":{"rendered":"https:\/\/aigleshopping.ca\/produit\/batterie-pour-attelle-dorsale-banque-denergie-sans-fil\/"},"modified":"2025-03-09T20:48:40","modified_gmt":"2025-03-09T20:48:40","slug":"batterie-pour-attelle-dorsale-banque-denergie-sans-fil","status":"publish","type":"product","link":"https:\/\/aigleshopping.ca\/fr\/produit\/batterie-pour-attelle-dorsale-banque-denergie-sans-fil\/","title":{"rendered":"Batterie pour attelle dorsale Banque d&rsquo;\u00e9nergie sans fil"},"content":{"rendered":"<p> <b>Informations sur le produit :<\/b> <br \/> Couleur : noir, blanc, vert arm\u00e9e <br \/> Mat\u00e9riau de la coque : PVC <br \/> Fonction : compact et portable <br \/> Taille : 167*67*12MM <br \/> Style : style industriel  <\/p>\n<p>  Note :<br \/>\n<span style=\"font-size: 1em\">Compatible avec Apple, \u00e0 l&rsquo;exception des produits Apple<\/span> <\/p>\n<div>\n <br \/> <br \/>\n <b>Liste d&#8217;emballage : <\/b><br \/>\n <br \/> Etui de t\u00e9l\u00e9phone * 1&nbsp;\n<\/div>\n<div>\n  &nbsp;<br \/>\n <br \/> <br \/>\n <b>Image du produit :<\/b><br \/>\n <br \/> <br \/>\n <img decoding=\"async\" src=\"https:\/\/cf.cjdropshipping.com\/22cced5b-cd40-4740-a42c-1fc17e219cea.jpg\"><br \/>\n <img decoding=\"async\" src=\"https:\/\/cf.cjdropshipping.com\/24f2bf94-5e6c-4e23-a40f-c2a709b4d551.jpg\"><br \/>\n <img decoding=\"async\" src=\"https:\/\/cf.cjdropshipping.com\/a7b1ea10-1dff-4075-8bca-cdc8b3fd94af.jpg\"><br \/>\n <img decoding=\"async\" src=\"https:\/\/cf.cjdropshipping.com\/4e3c03e8-3a81-4822-9dd8-f515d1fc812b.jpg\"><br \/>\n <img decoding=\"async\" src=\"https:\/\/cf.cjdropshipping.com\/cfb99a43-abd4-4bd7-8231-0a5d48e778b2.jpg\">\n<\/div>\n","protected":false},"excerpt":{"rendered":"<p>Informations sur le produit : Couleur : noir, blanc, vert arm\u00e9e Mat\u00e9riau de la coque : PVC Fonction : compact et portable Taille : 167*67*12MM Style : style industriel Note : Compatible avec Apple, \u00e0 l&rsquo;exception des produits Apple Liste d&#8217;emballage : Etui de t\u00e9l\u00e9phone * 1&nbsp; &nbsp; Image du produit :<\/p>\n","protected":false},"featured_media":18459,"comment_status":"open","ping_status":"closed","template":"","meta":{"content-type":""},"product_brand":[],"product_cat":[739],"product_tag":[],"class_list":{"0":"post-33014","1":"product","2":"type-product","3":"status-publish","4":"has-post-thumbnail","6":"product_cat-banque-denergie-et-station-de-recharge","8":"first","9":"instock","10":"taxable","11":"shipping-taxable","12":"purchasable","13":"product-type-variable","14":"add-to-wishlist-after_add_to_cart"},"yoast_head":"<!-- This site is optimized with the Yoast SEO plugin v27.3 - https:\/\/yoast.com\/product\/yoast-seo-wordpress\/ -->\n<title>Batterie pour attelle dorsale Banque d&#039;\u00e9nergie sans fil - Aigle Shopping Canada<\/title>\n<meta name=\"robots\" content=\"index, follow, max-snippet:-1, max-image-preview:large, max-video-preview:-1\" \/>\n<link rel=\"canonical\" href=\"https:\/\/aigleshopping.ca\/fr\/produit\/batterie-pour-attelle-dorsale-banque-denergie-sans-fil\/\" \/>\n<meta property=\"og:locale\" content=\"fr_FR\" \/>\n<meta property=\"og:type\" content=\"article\" \/>\n<meta property=\"og:title\" content=\"Batterie pour attelle dorsale Banque d&#039;\u00e9nergie sans fil - Aigle Shopping Canada\" \/>\n<meta property=\"og:description\" content=\"Informations sur le produit : Couleur : noir, blanc, vert arm\u00e9e Mat\u00e9riau de la coque : PVC Fonction : compact et portable Taille : 167*67*12MM Style : style industriel Note : Compatible avec Apple, \u00e0 l&rsquo;exception des produits Apple Liste d&#8217;emballage : Etui de t\u00e9l\u00e9phone * 1&nbsp; &nbsp; Image du produit :\" \/>\n<meta property=\"og:url\" content=\"https:\/\/aigleshopping.ca\/fr\/produit\/batterie-pour-attelle-dorsale-banque-denergie-sans-fil\/\" \/>\n<meta property=\"og:site_name\" content=\"Aigle Shopping Canada\" \/>\n<meta property=\"og:image\" content=\"https:\/\/aigleshopping.ca\/wp-content\/uploads\/2025\/03\/ff1505ab-0ef2-4a1b-b3fc-53761ab50253.jpg\" \/>\n\t<meta property=\"og:image:width\" content=\"790\" \/>\n\t<meta property=\"og:image:height\" content=\"794\" \/>\n\t<meta property=\"og:image:type\" content=\"image\/jpeg\" \/>\n<meta name=\"twitter:card\" content=\"summary_large_image\" \/>\n<script type=\"application\/ld+json\" class=\"yoast-schema-graph\">{\"@context\":\"https:\\\/\\\/schema.org\",\"@graph\":[{\"@type\":\"WebPage\",\"@id\":\"https:\\\/\\\/aigleshopping.ca\\\/fr\\\/produit\\\/batterie-pour-attelle-dorsale-banque-denergie-sans-fil\\\/\",\"url\":\"https:\\\/\\\/aigleshopping.ca\\\/fr\\\/produit\\\/batterie-pour-attelle-dorsale-banque-denergie-sans-fil\\\/\",\"name\":\"Batterie pour attelle dorsale Banque d'\u00e9nergie sans fil - Aigle Shopping Canada\",\"isPartOf\":{\"@id\":\"https:\\\/\\\/aigleshopping.ca\\\/#website\"},\"primaryImageOfPage\":{\"@id\":\"https:\\\/\\\/aigleshopping.ca\\\/fr\\\/produit\\\/batterie-pour-attelle-dorsale-banque-denergie-sans-fil\\\/#primaryimage\"},\"image\":{\"@id\":\"https:\\\/\\\/aigleshopping.ca\\\/fr\\\/produit\\\/batterie-pour-attelle-dorsale-banque-denergie-sans-fil\\\/#primaryimage\"},\"thumbnailUrl\":\"https:\\\/\\\/aigleshopping.ca\\\/wp-content\\\/uploads\\\/2025\\\/03\\\/ff1505ab-0ef2-4a1b-b3fc-53761ab50253.jpg\",\"datePublished\":\"2025-03-09T20:48:40+00:00\",\"breadcrumb\":{\"@id\":\"https:\\\/\\\/aigleshopping.ca\\\/fr\\\/produit\\\/batterie-pour-attelle-dorsale-banque-denergie-sans-fil\\\/#breadcrumb\"},\"inLanguage\":\"fr-FR\",\"potentialAction\":[{\"@type\":\"ReadAction\",\"target\":[\"https:\\\/\\\/aigleshopping.ca\\\/fr\\\/produit\\\/batterie-pour-attelle-dorsale-banque-denergie-sans-fil\\\/\"]}]},{\"@type\":\"ImageObject\",\"inLanguage\":\"fr-FR\",\"@id\":\"https:\\\/\\\/aigleshopping.ca\\\/fr\\\/produit\\\/batterie-pour-attelle-dorsale-banque-denergie-sans-fil\\\/#primaryimage\",\"url\":\"https:\\\/\\\/aigleshopping.ca\\\/wp-content\\\/uploads\\\/2025\\\/03\\\/ff1505ab-0ef2-4a1b-b3fc-53761ab50253.jpg\",\"contentUrl\":\"https:\\\/\\\/aigleshopping.ca\\\/wp-content\\\/uploads\\\/2025\\\/03\\\/ff1505ab-0ef2-4a1b-b3fc-53761ab50253.jpg\",\"width\":790,\"height\":794},{\"@type\":\"BreadcrumbList\",\"@id\":\"https:\\\/\\\/aigleshopping.ca\\\/fr\\\/produit\\\/batterie-pour-attelle-dorsale-banque-denergie-sans-fil\\\/#breadcrumb\",\"itemListElement\":[{\"@type\":\"ListItem\",\"position\":1,\"name\":\"Home\",\"item\":\"https:\\\/\\\/aigleshopping.ca\\\/fr\\\/home\\\/\"},{\"@type\":\"ListItem\",\"position\":2,\"name\":\"Products\",\"item\":\"https:\\\/\\\/aigleshopping.ca\\\/shop\\\/\"},{\"@type\":\"ListItem\",\"position\":3,\"name\":\"Batterie pour attelle dorsale Banque d&#8217;\u00e9nergie sans fil\"}]},{\"@type\":\"WebSite\",\"@id\":\"https:\\\/\\\/aigleshopping.ca\\\/#website\",\"url\":\"https:\\\/\\\/aigleshopping.ca\\\/\",\"name\":\"Aigle Shopping Canada\",\"description\":\"Au-del\u00e0 des fronti\u00e8res, pour vous offrir le\u00a0meilleur!\",\"publisher\":{\"@id\":\"https:\\\/\\\/aigleshopping.ca\\\/#organization\"},\"potentialAction\":[{\"@type\":\"SearchAction\",\"target\":{\"@type\":\"EntryPoint\",\"urlTemplate\":\"https:\\\/\\\/aigleshopping.ca\\\/?s={search_term_string}\"},\"query-input\":{\"@type\":\"PropertyValueSpecification\",\"valueRequired\":true,\"valueName\":\"search_term_string\"}}],\"inLanguage\":\"fr-FR\"},{\"@type\":\"Organization\",\"@id\":\"https:\\\/\\\/aigleshopping.ca\\\/#organization\",\"name\":\"Aigle Shopping Canada\",\"url\":\"https:\\\/\\\/aigleshopping.ca\\\/\",\"logo\":{\"@type\":\"ImageObject\",\"inLanguage\":\"fr-FR\",\"@id\":\"https:\\\/\\\/aigleshopping.ca\\\/#\\\/schema\\\/logo\\\/image\\\/\",\"url\":\"https:\\\/\\\/aigleshopping.ca\\\/wp-content\\\/uploads\\\/2025\\\/12\\\/logo_aigleshopping_ca.png\",\"contentUrl\":\"https:\\\/\\\/aigleshopping.ca\\\/wp-content\\\/uploads\\\/2025\\\/12\\\/logo_aigleshopping_ca.png\",\"width\":800,\"height\":233,\"caption\":\"Aigle Shopping Canada\"},\"image\":{\"@id\":\"https:\\\/\\\/aigleshopping.ca\\\/#\\\/schema\\\/logo\\\/image\\\/\"}}]}<\/script>\n<!-- \/ Yoast SEO plugin. -->","yoast_head_json":{"title":"Batterie pour attelle dorsale Banque d'\u00e9nergie sans fil - Aigle Shopping Canada","robots":{"index":"index","follow":"follow","max-snippet":"max-snippet:-1","max-image-preview":"max-image-preview:large","max-video-preview":"max-video-preview:-1"},"canonical":"https:\/\/aigleshopping.ca\/fr\/produit\/batterie-pour-attelle-dorsale-banque-denergie-sans-fil\/","og_locale":"fr_FR","og_type":"article","og_title":"Batterie pour attelle dorsale Banque d'\u00e9nergie sans fil - Aigle Shopping Canada","og_description":"Informations sur le produit : Couleur : noir, blanc, vert arm\u00e9e Mat\u00e9riau de la coque : PVC Fonction : compact et portable Taille : 167*67*12MM Style : style industriel Note : Compatible avec Apple, \u00e0 l&rsquo;exception des produits Apple Liste d&#8217;emballage : Etui de t\u00e9l\u00e9phone * 1&nbsp; &nbsp; Image du produit :","og_url":"https:\/\/aigleshopping.ca\/fr\/produit\/batterie-pour-attelle-dorsale-banque-denergie-sans-fil\/","og_site_name":"Aigle Shopping Canada","og_image":[{"width":790,"height":794,"url":"https:\/\/aigleshopping.ca\/wp-content\/uploads\/2025\/03\/ff1505ab-0ef2-4a1b-b3fc-53761ab50253.jpg","type":"image\/jpeg"}],"twitter_card":"summary_large_image","schema":{"@context":"https:\/\/schema.org","@graph":[{"@type":"WebPage","@id":"https:\/\/aigleshopping.ca\/fr\/produit\/batterie-pour-attelle-dorsale-banque-denergie-sans-fil\/","url":"https:\/\/aigleshopping.ca\/fr\/produit\/batterie-pour-attelle-dorsale-banque-denergie-sans-fil\/","name":"Batterie pour attelle dorsale Banque d'\u00e9nergie sans fil - Aigle Shopping Canada","isPartOf":{"@id":"https:\/\/aigleshopping.ca\/#website"},"primaryImageOfPage":{"@id":"https:\/\/aigleshopping.ca\/fr\/produit\/batterie-pour-attelle-dorsale-banque-denergie-sans-fil\/#primaryimage"},"image":{"@id":"https:\/\/aigleshopping.ca\/fr\/produit\/batterie-pour-attelle-dorsale-banque-denergie-sans-fil\/#primaryimage"},"thumbnailUrl":"https:\/\/aigleshopping.ca\/wp-content\/uploads\/2025\/03\/ff1505ab-0ef2-4a1b-b3fc-53761ab50253.jpg","datePublished":"2025-03-09T20:48:40+00:00","breadcrumb":{"@id":"https:\/\/aigleshopping.ca\/fr\/produit\/batterie-pour-attelle-dorsale-banque-denergie-sans-fil\/#breadcrumb"},"inLanguage":"fr-FR","potentialAction":[{"@type":"ReadAction","target":["https:\/\/aigleshopping.ca\/fr\/produit\/batterie-pour-attelle-dorsale-banque-denergie-sans-fil\/"]}]},{"@type":"ImageObject","inLanguage":"fr-FR","@id":"https:\/\/aigleshopping.ca\/fr\/produit\/batterie-pour-attelle-dorsale-banque-denergie-sans-fil\/#primaryimage","url":"https:\/\/aigleshopping.ca\/wp-content\/uploads\/2025\/03\/ff1505ab-0ef2-4a1b-b3fc-53761ab50253.jpg","contentUrl":"https:\/\/aigleshopping.ca\/wp-content\/uploads\/2025\/03\/ff1505ab-0ef2-4a1b-b3fc-53761ab50253.jpg","width":790,"height":794},{"@type":"BreadcrumbList","@id":"https:\/\/aigleshopping.ca\/fr\/produit\/batterie-pour-attelle-dorsale-banque-denergie-sans-fil\/#breadcrumb","itemListElement":[{"@type":"ListItem","position":1,"name":"Home","item":"https:\/\/aigleshopping.ca\/fr\/home\/"},{"@type":"ListItem","position":2,"name":"Products","item":"https:\/\/aigleshopping.ca\/shop\/"},{"@type":"ListItem","position":3,"name":"Batterie pour attelle dorsale Banque d&#8217;\u00e9nergie sans fil"}]},{"@type":"WebSite","@id":"https:\/\/aigleshopping.ca\/#website","url":"https:\/\/aigleshopping.ca\/","name":"Aigle Shopping Canada","description":"Au-del\u00e0 des fronti\u00e8res, pour vous offrir le\u00a0meilleur!","publisher":{"@id":"https:\/\/aigleshopping.ca\/#organization"},"potentialAction":[{"@type":"SearchAction","target":{"@type":"EntryPoint","urlTemplate":"https:\/\/aigleshopping.ca\/?s={search_term_string}"},"query-input":{"@type":"PropertyValueSpecification","valueRequired":true,"valueName":"search_term_string"}}],"inLanguage":"fr-FR"},{"@type":"Organization","@id":"https:\/\/aigleshopping.ca\/#organization","name":"Aigle Shopping Canada","url":"https:\/\/aigleshopping.ca\/","logo":{"@type":"ImageObject","inLanguage":"fr-FR","@id":"https:\/\/aigleshopping.ca\/#\/schema\/logo\/image\/","url":"https:\/\/aigleshopping.ca\/wp-content\/uploads\/2025\/12\/logo_aigleshopping_ca.png","contentUrl":"https:\/\/aigleshopping.ca\/wp-content\/uploads\/2025\/12\/logo_aigleshopping_ca.png","width":800,"height":233,"caption":"Aigle Shopping Canada"},"image":{"@id":"https:\/\/aigleshopping.ca\/#\/schema\/logo\/image\/"}}]}},"jetpack_sharing_enabled":true,"_links":{"self":[{"href":"https:\/\/aigleshopping.ca\/fr\/wp-json\/wp\/v2\/product\/33014","targetHints":{"allow":["GET"]}}],"collection":[{"href":"https:\/\/aigleshopping.ca\/fr\/wp-json\/wp\/v2\/product"}],"about":[{"href":"https:\/\/aigleshopping.ca\/fr\/wp-json\/wp\/v2\/types\/product"}],"replies":[{"embeddable":true,"href":"https:\/\/aigleshopping.ca\/fr\/wp-json\/wp\/v2\/comments?post=33014"}],"wp:featuredmedia":[{"embeddable":true,"href":"https:\/\/aigleshopping.ca\/fr\/wp-json\/wp\/v2\/media\/18459"}],"wp:attachment":[{"href":"https:\/\/aigleshopping.ca\/fr\/wp-json\/wp\/v2\/media?parent=33014"}],"wp:term":[{"taxonomy":"product_brand","embeddable":true,"href":"https:\/\/aigleshopping.ca\/fr\/wp-json\/wp\/v2\/product_brand?post=33014"},{"taxonomy":"product_cat","embeddable":true,"href":"https:\/\/aigleshopping.ca\/fr\/wp-json\/wp\/v2\/product_cat?post=33014"},{"taxonomy":"product_tag","embeddable":true,"href":"https:\/\/aigleshopping.ca\/fr\/wp-json\/wp\/v2\/product_tag?post=33014"}],"curies":[{"name":"wp","href":"https:\/\/api.w.org\/{rel}","templated":true}]}}