{"id":33040,"date":"2025-03-09T20:55:28","date_gmt":"2025-03-09T20:55:28","guid":{"rendered":"https:\/\/aigleshopping.ca\/produit\/banque-dalimentation-10000mah-a-double-port-dentree-et-de-sortie-et-a-charge-rapide-18w\/"},"modified":"2025-08-08T14:49:40","modified_gmt":"2025-08-08T14:49:40","slug":"banque-dalimentation-10000mah-a-double-port-dentree-et-de-sortie-et-a-charge-rapide-18w","status":"publish","type":"product","link":"https:\/\/aigleshopping.ca\/fr\/produit\/banque-dalimentation-10000mah-a-double-port-dentree-et-de-sortie-et-a-charge-rapide-18w\/","title":{"rendered":"Banque d&rsquo;alimentation 10000mah \u00e0 double port d&rsquo;entr\u00e9e et de sortie et \u00e0 charge rapide 18W"},"content":{"rendered":"<p> <span style=\"font-weight: bold\">Informations sur le produit :<\/span> <br \/> Type de batterie : Batterie lithium-ion polym\u00e8re  <br \/>  Type d&rsquo;application : Type g\u00e9n\u00e9ral  <br \/>  Type de batterie : Coque carr\u00e9e en aluminium  <br \/>  Mat\u00e9riau de la coque : Alliage  <br \/>  Fonction suppl\u00e9mentaire : Sortie multiport  <br \/>  Couleur : noir, argent  <br \/>  Capacit\u00e9 d&rsquo;alimentation : 10000mAh  <br \/>  Taux de conversion : 75 (%)  <\/p>\n<p> <span style=\"font-weight: bold\">Informations sur les dimensions :<\/span> <br \/> Dimensions : 147.8\u00d773.9\u00d715.3mm  <\/p>\n<p> <span style=\"font-weight: bold\">Contenu de l&#8217;emballage :<\/span> <br \/> Bloc d&rsquo;alimentation x1  <br \/>  Manuel X1  <br \/>  C\u00e2ble de donn\u00e9es USB X1  <\/p>\n<p> <img decoding=\"async\" src=\"https:\/\/cf.cjdropshipping.com\/3bc85d76-be82-463a-82ed-329777382053.jpg\"> <img decoding=\"async\" src=\"https:\/\/cf.cjdropshipping.com\/aed131f7-2746-4a98-b662-f17cf99ce7f0.jpg\"> <img decoding=\"async\" src=\"https:\/\/cf.cjdropshipping.com\/5ce2df0a-ec92-41ef-8935-39b8d7cc0e69.jpg\"> <img decoding=\"async\" src=\"https:\/\/cf.cjdropshipping.com\/15014718-5dac-417c-9f7a-54a0b6c7e870.jpg\"> <img decoding=\"async\" src=\"https:\/\/cf.cjdropshipping.com\/4f543d34-6544-453c-9a29-b55a539b18a6.jpg\">  <\/p>\n","protected":false},"excerpt":{"rendered":"<p>Informations sur le produit : Type de batterie : Batterie lithium-ion polym\u00e8re Type d&rsquo;application : Type g\u00e9n\u00e9ral Type de batterie : Coque carr\u00e9e en aluminium Mat\u00e9riau de la coque : Alliage Fonction suppl\u00e9mentaire : Sortie multiport Couleur : noir, argent Capacit\u00e9 d&rsquo;alimentation : 10000mAh Taux de conversion : 75 (%) Informations sur les dimensions : [&hellip;]<\/p>\n","protected":false},"featured_media":18734,"comment_status":"open","ping_status":"closed","template":"","meta":{"content-type":""},"product_brand":[],"product_cat":[739],"product_tag":[],"class_list":{"0":"post-33040","1":"product","2":"type-product","3":"status-publish","4":"has-post-thumbnail","6":"product_cat-banque-denergie-et-station-de-recharge","8":"first","9":"instock","10":"taxable","11":"shipping-taxable","12":"purchasable","13":"product-type-variable","14":"add-to-wishlist-after_add_to_cart"},"yoast_head":"<!-- This site is optimized with the Yoast SEO plugin v27.4 - https:\/\/yoast.com\/product\/yoast-seo-wordpress\/ -->\n<title>Banque d&#039;alimentation 10000mah \u00e0 double port d&#039;entr\u00e9e et de sortie et \u00e0 charge rapide 18W - Aigle Shopping Canada<\/title>\n<meta name=\"robots\" content=\"index, follow, max-snippet:-1, max-image-preview:large, max-video-preview:-1\" \/>\n<link rel=\"canonical\" href=\"https:\/\/aigleshopping.ca\/fr\/produit\/banque-dalimentation-10000mah-a-double-port-dentree-et-de-sortie-et-a-charge-rapide-18w\/\" \/>\n<meta property=\"og:locale\" content=\"fr_FR\" \/>\n<meta property=\"og:type\" content=\"article\" \/>\n<meta property=\"og:title\" content=\"Banque d&#039;alimentation 10000mah \u00e0 double port d&#039;entr\u00e9e et de sortie et \u00e0 charge rapide 18W - Aigle Shopping Canada\" \/>\n<meta property=\"og:description\" content=\"Informations sur le produit : Type de batterie : Batterie lithium-ion polym\u00e8re Type d&rsquo;application : Type g\u00e9n\u00e9ral Type de batterie : Coque carr\u00e9e en aluminium Mat\u00e9riau de la coque : Alliage Fonction suppl\u00e9mentaire : Sortie multiport Couleur : noir, argent Capacit\u00e9 d&rsquo;alimentation : 10000mAh Taux de conversion : 75 (%) Informations sur les dimensions : [&hellip;]\" \/>\n<meta property=\"og:url\" content=\"https:\/\/aigleshopping.ca\/fr\/produit\/banque-dalimentation-10000mah-a-double-port-dentree-et-de-sortie-et-a-charge-rapide-18w\/\" \/>\n<meta property=\"og:site_name\" content=\"Aigle Shopping Canada\" \/>\n<meta property=\"article:modified_time\" content=\"2025-08-08T14:49:40+00:00\" \/>\n<meta property=\"og:image\" content=\"https:\/\/aigleshopping.ca\/wp-content\/uploads\/2025\/03\/346970791785.jpg\" \/>\n\t<meta property=\"og:image:width\" content=\"800\" \/>\n\t<meta property=\"og:image:height\" content=\"800\" \/>\n\t<meta property=\"og:image:type\" content=\"image\/jpeg\" \/>\n<meta name=\"twitter:card\" content=\"summary_large_image\" \/>\n<script type=\"application\/ld+json\" class=\"yoast-schema-graph\">{\"@context\":\"https:\\\/\\\/schema.org\",\"@graph\":[{\"@type\":\"WebPage\",\"@id\":\"https:\\\/\\\/aigleshopping.ca\\\/fr\\\/produit\\\/banque-dalimentation-10000mah-a-double-port-dentree-et-de-sortie-et-a-charge-rapide-18w\\\/\",\"url\":\"https:\\\/\\\/aigleshopping.ca\\\/fr\\\/produit\\\/banque-dalimentation-10000mah-a-double-port-dentree-et-de-sortie-et-a-charge-rapide-18w\\\/\",\"name\":\"Banque d'alimentation 10000mah \u00e0 double port d'entr\u00e9e et de sortie et \u00e0 charge rapide 18W - Aigle Shopping Canada\",\"isPartOf\":{\"@id\":\"https:\\\/\\\/aigleshopping.ca\\\/#website\"},\"primaryImageOfPage\":{\"@id\":\"https:\\\/\\\/aigleshopping.ca\\\/fr\\\/produit\\\/banque-dalimentation-10000mah-a-double-port-dentree-et-de-sortie-et-a-charge-rapide-18w\\\/#primaryimage\"},\"image\":{\"@id\":\"https:\\\/\\\/aigleshopping.ca\\\/fr\\\/produit\\\/banque-dalimentation-10000mah-a-double-port-dentree-et-de-sortie-et-a-charge-rapide-18w\\\/#primaryimage\"},\"thumbnailUrl\":\"https:\\\/\\\/aigleshopping.ca\\\/wp-content\\\/uploads\\\/2025\\\/03\\\/346970791785.jpg\",\"datePublished\":\"2025-03-09T20:55:28+00:00\",\"dateModified\":\"2025-08-08T14:49:40+00:00\",\"breadcrumb\":{\"@id\":\"https:\\\/\\\/aigleshopping.ca\\\/fr\\\/produit\\\/banque-dalimentation-10000mah-a-double-port-dentree-et-de-sortie-et-a-charge-rapide-18w\\\/#breadcrumb\"},\"inLanguage\":\"fr-FR\",\"potentialAction\":[{\"@type\":\"ReadAction\",\"target\":[\"https:\\\/\\\/aigleshopping.ca\\\/fr\\\/produit\\\/banque-dalimentation-10000mah-a-double-port-dentree-et-de-sortie-et-a-charge-rapide-18w\\\/\"]}]},{\"@type\":\"ImageObject\",\"inLanguage\":\"fr-FR\",\"@id\":\"https:\\\/\\\/aigleshopping.ca\\\/fr\\\/produit\\\/banque-dalimentation-10000mah-a-double-port-dentree-et-de-sortie-et-a-charge-rapide-18w\\\/#primaryimage\",\"url\":\"https:\\\/\\\/aigleshopping.ca\\\/wp-content\\\/uploads\\\/2025\\\/03\\\/346970791785.jpg\",\"contentUrl\":\"https:\\\/\\\/aigleshopping.ca\\\/wp-content\\\/uploads\\\/2025\\\/03\\\/346970791785.jpg\",\"width\":800,\"height\":800},{\"@type\":\"BreadcrumbList\",\"@id\":\"https:\\\/\\\/aigleshopping.ca\\\/fr\\\/produit\\\/banque-dalimentation-10000mah-a-double-port-dentree-et-de-sortie-et-a-charge-rapide-18w\\\/#breadcrumb\",\"itemListElement\":[{\"@type\":\"ListItem\",\"position\":1,\"name\":\"Home\",\"item\":\"https:\\\/\\\/aigleshopping.ca\\\/fr\\\/home\\\/\"},{\"@type\":\"ListItem\",\"position\":2,\"name\":\"Products\",\"item\":\"https:\\\/\\\/aigleshopping.ca\\\/shop\\\/\"},{\"@type\":\"ListItem\",\"position\":3,\"name\":\"Banque d&#8217;alimentation 10000mah \u00e0 double port d&#8217;entr\u00e9e et de sortie et \u00e0 charge rapide 18W\"}]},{\"@type\":\"WebSite\",\"@id\":\"https:\\\/\\\/aigleshopping.ca\\\/#website\",\"url\":\"https:\\\/\\\/aigleshopping.ca\\\/\",\"name\":\"Aigle Shopping Canada\",\"description\":\"Au-del\u00e0 des fronti\u00e8res, pour vous offrir le\u00a0meilleur!\",\"publisher\":{\"@id\":\"https:\\\/\\\/aigleshopping.ca\\\/#organization\"},\"potentialAction\":[{\"@type\":\"SearchAction\",\"target\":{\"@type\":\"EntryPoint\",\"urlTemplate\":\"https:\\\/\\\/aigleshopping.ca\\\/?s={search_term_string}\"},\"query-input\":{\"@type\":\"PropertyValueSpecification\",\"valueRequired\":true,\"valueName\":\"search_term_string\"}}],\"inLanguage\":\"fr-FR\"},{\"@type\":\"Organization\",\"@id\":\"https:\\\/\\\/aigleshopping.ca\\\/#organization\",\"name\":\"Aigle Shopping Canada\",\"url\":\"https:\\\/\\\/aigleshopping.ca\\\/\",\"logo\":{\"@type\":\"ImageObject\",\"inLanguage\":\"fr-FR\",\"@id\":\"https:\\\/\\\/aigleshopping.ca\\\/#\\\/schema\\\/logo\\\/image\\\/\",\"url\":\"https:\\\/\\\/aigleshopping.ca\\\/wp-content\\\/uploads\\\/2025\\\/12\\\/logo_aigleshopping_ca.png\",\"contentUrl\":\"https:\\\/\\\/aigleshopping.ca\\\/wp-content\\\/uploads\\\/2025\\\/12\\\/logo_aigleshopping_ca.png\",\"width\":800,\"height\":233,\"caption\":\"Aigle Shopping Canada\"},\"image\":{\"@id\":\"https:\\\/\\\/aigleshopping.ca\\\/#\\\/schema\\\/logo\\\/image\\\/\"}}]}<\/script>\n<!-- \/ Yoast SEO plugin. -->","yoast_head_json":{"title":"Banque d'alimentation 10000mah \u00e0 double port d'entr\u00e9e et de sortie et \u00e0 charge rapide 18W - Aigle Shopping Canada","robots":{"index":"index","follow":"follow","max-snippet":"max-snippet:-1","max-image-preview":"max-image-preview:large","max-video-preview":"max-video-preview:-1"},"canonical":"https:\/\/aigleshopping.ca\/fr\/produit\/banque-dalimentation-10000mah-a-double-port-dentree-et-de-sortie-et-a-charge-rapide-18w\/","og_locale":"fr_FR","og_type":"article","og_title":"Banque d'alimentation 10000mah \u00e0 double port d'entr\u00e9e et de sortie et \u00e0 charge rapide 18W - Aigle Shopping Canada","og_description":"Informations sur le produit : Type de batterie : Batterie lithium-ion polym\u00e8re Type d&rsquo;application : Type g\u00e9n\u00e9ral Type de batterie : Coque carr\u00e9e en aluminium Mat\u00e9riau de la coque : Alliage Fonction suppl\u00e9mentaire : Sortie multiport Couleur : noir, argent Capacit\u00e9 d&rsquo;alimentation : 10000mAh Taux de conversion : 75 (%) Informations sur les dimensions : [&hellip;]","og_url":"https:\/\/aigleshopping.ca\/fr\/produit\/banque-dalimentation-10000mah-a-double-port-dentree-et-de-sortie-et-a-charge-rapide-18w\/","og_site_name":"Aigle Shopping Canada","article_modified_time":"2025-08-08T14:49:40+00:00","og_image":[{"width":800,"height":800,"url":"https:\/\/aigleshopping.ca\/wp-content\/uploads\/2025\/03\/346970791785.jpg","type":"image\/jpeg"}],"twitter_card":"summary_large_image","schema":{"@context":"https:\/\/schema.org","@graph":[{"@type":"WebPage","@id":"https:\/\/aigleshopping.ca\/fr\/produit\/banque-dalimentation-10000mah-a-double-port-dentree-et-de-sortie-et-a-charge-rapide-18w\/","url":"https:\/\/aigleshopping.ca\/fr\/produit\/banque-dalimentation-10000mah-a-double-port-dentree-et-de-sortie-et-a-charge-rapide-18w\/","name":"Banque d'alimentation 10000mah \u00e0 double port d'entr\u00e9e et de sortie et \u00e0 charge rapide 18W - Aigle Shopping Canada","isPartOf":{"@id":"https:\/\/aigleshopping.ca\/#website"},"primaryImageOfPage":{"@id":"https:\/\/aigleshopping.ca\/fr\/produit\/banque-dalimentation-10000mah-a-double-port-dentree-et-de-sortie-et-a-charge-rapide-18w\/#primaryimage"},"image":{"@id":"https:\/\/aigleshopping.ca\/fr\/produit\/banque-dalimentation-10000mah-a-double-port-dentree-et-de-sortie-et-a-charge-rapide-18w\/#primaryimage"},"thumbnailUrl":"https:\/\/aigleshopping.ca\/wp-content\/uploads\/2025\/03\/346970791785.jpg","datePublished":"2025-03-09T20:55:28+00:00","dateModified":"2025-08-08T14:49:40+00:00","breadcrumb":{"@id":"https:\/\/aigleshopping.ca\/fr\/produit\/banque-dalimentation-10000mah-a-double-port-dentree-et-de-sortie-et-a-charge-rapide-18w\/#breadcrumb"},"inLanguage":"fr-FR","potentialAction":[{"@type":"ReadAction","target":["https:\/\/aigleshopping.ca\/fr\/produit\/banque-dalimentation-10000mah-a-double-port-dentree-et-de-sortie-et-a-charge-rapide-18w\/"]}]},{"@type":"ImageObject","inLanguage":"fr-FR","@id":"https:\/\/aigleshopping.ca\/fr\/produit\/banque-dalimentation-10000mah-a-double-port-dentree-et-de-sortie-et-a-charge-rapide-18w\/#primaryimage","url":"https:\/\/aigleshopping.ca\/wp-content\/uploads\/2025\/03\/346970791785.jpg","contentUrl":"https:\/\/aigleshopping.ca\/wp-content\/uploads\/2025\/03\/346970791785.jpg","width":800,"height":800},{"@type":"BreadcrumbList","@id":"https:\/\/aigleshopping.ca\/fr\/produit\/banque-dalimentation-10000mah-a-double-port-dentree-et-de-sortie-et-a-charge-rapide-18w\/#breadcrumb","itemListElement":[{"@type":"ListItem","position":1,"name":"Home","item":"https:\/\/aigleshopping.ca\/fr\/home\/"},{"@type":"ListItem","position":2,"name":"Products","item":"https:\/\/aigleshopping.ca\/shop\/"},{"@type":"ListItem","position":3,"name":"Banque d&#8217;alimentation 10000mah \u00e0 double port d&#8217;entr\u00e9e et de sortie et \u00e0 charge rapide 18W"}]},{"@type":"WebSite","@id":"https:\/\/aigleshopping.ca\/#website","url":"https:\/\/aigleshopping.ca\/","name":"Aigle Shopping Canada","description":"Au-del\u00e0 des fronti\u00e8res, pour vous offrir le\u00a0meilleur!","publisher":{"@id":"https:\/\/aigleshopping.ca\/#organization"},"potentialAction":[{"@type":"SearchAction","target":{"@type":"EntryPoint","urlTemplate":"https:\/\/aigleshopping.ca\/?s={search_term_string}"},"query-input":{"@type":"PropertyValueSpecification","valueRequired":true,"valueName":"search_term_string"}}],"inLanguage":"fr-FR"},{"@type":"Organization","@id":"https:\/\/aigleshopping.ca\/#organization","name":"Aigle Shopping Canada","url":"https:\/\/aigleshopping.ca\/","logo":{"@type":"ImageObject","inLanguage":"fr-FR","@id":"https:\/\/aigleshopping.ca\/#\/schema\/logo\/image\/","url":"https:\/\/aigleshopping.ca\/wp-content\/uploads\/2025\/12\/logo_aigleshopping_ca.png","contentUrl":"https:\/\/aigleshopping.ca\/wp-content\/uploads\/2025\/12\/logo_aigleshopping_ca.png","width":800,"height":233,"caption":"Aigle Shopping Canada"},"image":{"@id":"https:\/\/aigleshopping.ca\/#\/schema\/logo\/image\/"}}]}},"jetpack_sharing_enabled":true,"_links":{"self":[{"href":"https:\/\/aigleshopping.ca\/fr\/wp-json\/wp\/v2\/product\/33040","targetHints":{"allow":["GET"]}}],"collection":[{"href":"https:\/\/aigleshopping.ca\/fr\/wp-json\/wp\/v2\/product"}],"about":[{"href":"https:\/\/aigleshopping.ca\/fr\/wp-json\/wp\/v2\/types\/product"}],"replies":[{"embeddable":true,"href":"https:\/\/aigleshopping.ca\/fr\/wp-json\/wp\/v2\/comments?post=33040"}],"wp:featuredmedia":[{"embeddable":true,"href":"https:\/\/aigleshopping.ca\/fr\/wp-json\/wp\/v2\/media\/18734"}],"wp:attachment":[{"href":"https:\/\/aigleshopping.ca\/fr\/wp-json\/wp\/v2\/media?parent=33040"}],"wp:term":[{"taxonomy":"product_brand","embeddable":true,"href":"https:\/\/aigleshopping.ca\/fr\/wp-json\/wp\/v2\/product_brand?post=33040"},{"taxonomy":"product_cat","embeddable":true,"href":"https:\/\/aigleshopping.ca\/fr\/wp-json\/wp\/v2\/product_cat?post=33040"},{"taxonomy":"product_tag","embeddable":true,"href":"https:\/\/aigleshopping.ca\/fr\/wp-json\/wp\/v2\/product_tag?post=33040"}],"curies":[{"name":"wp","href":"https:\/\/api.w.org\/{rel}","templated":true}]}}