{"id":33043,"date":"2025-03-09T20:56:27","date_gmt":"2025-03-09T20:56:27","guid":{"rendered":"https:\/\/aigleshopping.ca\/produit\/business-pd-quick-charge-mobile-phone-tablet-led-digital-display-charging-bank\/"},"modified":"2025-08-08T14:49:41","modified_gmt":"2025-08-08T14:49:41","slug":"business-pd-quick-charge-mobile-phone-tablet-led-digital-display-charging-bank","status":"publish","type":"product","link":"https:\/\/aigleshopping.ca\/fr\/produit\/business-pd-quick-charge-mobile-phone-tablet-led-digital-display-charging-bank\/","title":{"rendered":"Business PD Quick Charge Mobile Phone Tablet LED Digital Display Charging Bank"},"content":{"rendered":"<p> <b>Informations sur le produit :<\/b>  <\/p>\n<p>  Caract\u00e9ristiques suppl\u00e9mentaires : \u00c9cran LCD <br \/> Type d&rsquo;application : alimentation mobile conventionnelle <br \/> Type de batterie : Soft pack <br \/> Type de cellule : cellule lithium-ion polym\u00e8re <br \/> Mat\u00e9riau du bo\u00eetier : plastique <br \/> Couleur : affichage lumineux blanc, affichage lumineux noir, affichage num\u00e9rique noir, affichage num\u00e9rique blanc, affichage num\u00e9rique noir charge rapide, affichage num\u00e9rique blanc charge rapide, affichage num\u00e9rique violet charge rapide, affichage num\u00e9rique rose charge rapide, affichage lumineux blanc charge rapide, affichage lumineux noir charge rapide, affichage lumineux violet charge rapide, affichage lumineux rose charge rapide <br \/> Capacit\u00e9 d&rsquo;alimentation : 20,000 MA <br \/> Taille : 142*69*28.5MM <br \/> Puissance de charge : PD22.5W <br \/> Style : alimentation mobile \u00e0 affichage num\u00e9rique  <\/p>\n<p> <b>Liste d&#8217;emballage :<\/b> <\/p>\n<p>  1* Banque d&rsquo;alimentation   <\/p>\n<p> <\/p>\n<p> <b>Image du produit :<\/b> <\/p>\n<p> <img decoding=\"async\" src=\"https:\/\/cf.cjdropshipping.com\/4d3d1692-d2f4-4d7a-bd8d-00cd344e735b.jpg\"> <img decoding=\"async\" src=\"https:\/\/cf.cjdropshipping.com\/54fc5ffb-2a3e-4085-9359-798318293cc0.jpg\"> <img decoding=\"async\" src=\"https:\/\/cf.cjdropshipping.com\/4ba1153d-3f4b-4d9c-a503-3e8ef0a307ba.jpg\"> <img decoding=\"async\" src=\"https:\/\/cf.cjdropshipping.com\/0830c746-2f9c-4bf9-83b4-4bdfa0b6ddb5.jpg\"> <img decoding=\"async\" src=\"https:\/\/cf.cjdropshipping.com\/56d2a0d3-477f-474a-a00a-15f3817a1e72.jpg\"> <img decoding=\"async\" src=\"https:\/\/cf.cjdropshipping.com\/f50559aa-ebd6-4a0f-9d67-499664cf87ad.jpg\"> <img decoding=\"async\" src=\"https:\/\/cf.cjdropshipping.com\/85aa0e64-0516-42ed-9e53-494cb2736321.jpg\"> <img decoding=\"async\" src=\"https:\/\/cf.cjdropshipping.com\/e612fcd7-c36b-4720-a4fa-9f4b29568054.jpg\"> <img decoding=\"async\" src=\"https:\/\/cf.cjdropshipping.com\/3f85c31b-1d8a-42a3-9b33-48c145ec995a.jpg\"> <img decoding=\"async\" src=\"https:\/\/cf.cjdropshipping.com\/e48743fe-6092-4117-beb1-9dfde4891beb.jpg\"> <img decoding=\"async\" src=\"https:\/\/cf.cjdropshipping.com\/aa0473fe-1cf9-4561-804f-0b19b725c681.jpg\"> <img decoding=\"async\" src=\"https:\/\/cf.cjdropshipping.com\/14d5333b-bb2c-4446-a109-8253fee9abaf.jpg\"> <img decoding=\"async\" src=\"https:\/\/cf.cjdropshipping.com\/fc3bce26-f4a4-48f0-8f3d-aec0c319344f.jpg\">  <\/p>\n","protected":false},"excerpt":{"rendered":"<p>Informations sur le produit : Caract\u00e9ristiques suppl\u00e9mentaires : \u00c9cran LCD Type d&rsquo;application : alimentation mobile conventionnelle Type de batterie : Soft pack Type de cellule : cellule lithium-ion polym\u00e8re Mat\u00e9riau du bo\u00eetier : plastique Couleur : affichage lumineux blanc, affichage lumineux noir, affichage num\u00e9rique noir, affichage num\u00e9rique blanc, affichage num\u00e9rique noir charge rapide, affichage num\u00e9rique [&hellip;]<\/p>\n","protected":false},"featured_media":18747,"comment_status":"open","ping_status":"closed","template":"","meta":{"content-type":""},"product_brand":[],"product_cat":[739],"product_tag":[],"class_list":{"0":"post-33043","1":"product","2":"type-product","3":"status-publish","4":"has-post-thumbnail","6":"product_cat-banque-denergie-et-station-de-recharge","8":"first","9":"instock","10":"taxable","11":"shipping-taxable","12":"purchasable","13":"product-type-variable","14":"add-to-wishlist-after_add_to_cart"},"yoast_head":"<!-- This site is optimized with the Yoast SEO plugin v27.4 - https:\/\/yoast.com\/product\/yoast-seo-wordpress\/ -->\n<title>Business PD Quick Charge Mobile Phone Tablet LED Digital Display Charging Bank - Aigle Shopping Canada<\/title>\n<meta name=\"robots\" content=\"index, follow, max-snippet:-1, max-image-preview:large, max-video-preview:-1\" \/>\n<link rel=\"canonical\" href=\"https:\/\/aigleshopping.ca\/fr\/produit\/business-pd-quick-charge-mobile-phone-tablet-led-digital-display-charging-bank\/\" \/>\n<meta property=\"og:locale\" content=\"fr_FR\" \/>\n<meta property=\"og:type\" content=\"article\" \/>\n<meta property=\"og:title\" content=\"Business PD Quick Charge Mobile Phone Tablet LED Digital Display Charging Bank - Aigle Shopping Canada\" \/>\n<meta property=\"og:description\" content=\"Informations sur le produit : Caract\u00e9ristiques suppl\u00e9mentaires : \u00c9cran LCD Type d&rsquo;application : alimentation mobile conventionnelle Type de batterie : Soft pack Type de cellule : cellule lithium-ion polym\u00e8re Mat\u00e9riau du bo\u00eetier : plastique Couleur : affichage lumineux blanc, affichage lumineux noir, affichage num\u00e9rique noir, affichage num\u00e9rique blanc, affichage num\u00e9rique noir charge rapide, affichage num\u00e9rique [&hellip;]\" \/>\n<meta property=\"og:url\" content=\"https:\/\/aigleshopping.ca\/fr\/produit\/business-pd-quick-charge-mobile-phone-tablet-led-digital-display-charging-bank\/\" \/>\n<meta property=\"og:site_name\" content=\"Aigle Shopping Canada\" \/>\n<meta property=\"article:modified_time\" content=\"2025-08-08T14:49:41+00:00\" \/>\n<meta property=\"og:image\" content=\"https:\/\/aigleshopping.ca\/wp-content\/uploads\/2025\/03\/d898aa14-5510-4dc9-b8ac-1c62928f6198.jpg\" \/>\n\t<meta property=\"og:image:width\" content=\"800\" \/>\n\t<meta property=\"og:image:height\" content=\"800\" \/>\n\t<meta property=\"og:image:type\" content=\"image\/jpeg\" \/>\n<meta name=\"twitter:card\" content=\"summary_large_image\" \/>\n<meta name=\"twitter:label1\" content=\"Dur\u00e9e de lecture estim\u00e9e\" \/>\n\t<meta name=\"twitter:data1\" content=\"1 minute\" \/>\n<script type=\"application\/ld+json\" class=\"yoast-schema-graph\">{\"@context\":\"https:\\\/\\\/schema.org\",\"@graph\":[{\"@type\":\"WebPage\",\"@id\":\"https:\\\/\\\/aigleshopping.ca\\\/fr\\\/produit\\\/business-pd-quick-charge-mobile-phone-tablet-led-digital-display-charging-bank\\\/\",\"url\":\"https:\\\/\\\/aigleshopping.ca\\\/fr\\\/produit\\\/business-pd-quick-charge-mobile-phone-tablet-led-digital-display-charging-bank\\\/\",\"name\":\"Business PD Quick Charge Mobile Phone Tablet LED Digital Display Charging Bank - Aigle Shopping Canada\",\"isPartOf\":{\"@id\":\"https:\\\/\\\/aigleshopping.ca\\\/#website\"},\"primaryImageOfPage\":{\"@id\":\"https:\\\/\\\/aigleshopping.ca\\\/fr\\\/produit\\\/business-pd-quick-charge-mobile-phone-tablet-led-digital-display-charging-bank\\\/#primaryimage\"},\"image\":{\"@id\":\"https:\\\/\\\/aigleshopping.ca\\\/fr\\\/produit\\\/business-pd-quick-charge-mobile-phone-tablet-led-digital-display-charging-bank\\\/#primaryimage\"},\"thumbnailUrl\":\"https:\\\/\\\/aigleshopping.ca\\\/wp-content\\\/uploads\\\/2025\\\/03\\\/d898aa14-5510-4dc9-b8ac-1c62928f6198.jpg\",\"datePublished\":\"2025-03-09T20:56:27+00:00\",\"dateModified\":\"2025-08-08T14:49:41+00:00\",\"breadcrumb\":{\"@id\":\"https:\\\/\\\/aigleshopping.ca\\\/fr\\\/produit\\\/business-pd-quick-charge-mobile-phone-tablet-led-digital-display-charging-bank\\\/#breadcrumb\"},\"inLanguage\":\"fr-FR\",\"potentialAction\":[{\"@type\":\"ReadAction\",\"target\":[\"https:\\\/\\\/aigleshopping.ca\\\/fr\\\/produit\\\/business-pd-quick-charge-mobile-phone-tablet-led-digital-display-charging-bank\\\/\"]}]},{\"@type\":\"ImageObject\",\"inLanguage\":\"fr-FR\",\"@id\":\"https:\\\/\\\/aigleshopping.ca\\\/fr\\\/produit\\\/business-pd-quick-charge-mobile-phone-tablet-led-digital-display-charging-bank\\\/#primaryimage\",\"url\":\"https:\\\/\\\/aigleshopping.ca\\\/wp-content\\\/uploads\\\/2025\\\/03\\\/d898aa14-5510-4dc9-b8ac-1c62928f6198.jpg\",\"contentUrl\":\"https:\\\/\\\/aigleshopping.ca\\\/wp-content\\\/uploads\\\/2025\\\/03\\\/d898aa14-5510-4dc9-b8ac-1c62928f6198.jpg\",\"width\":800,\"height\":800},{\"@type\":\"BreadcrumbList\",\"@id\":\"https:\\\/\\\/aigleshopping.ca\\\/fr\\\/produit\\\/business-pd-quick-charge-mobile-phone-tablet-led-digital-display-charging-bank\\\/#breadcrumb\",\"itemListElement\":[{\"@type\":\"ListItem\",\"position\":1,\"name\":\"Home\",\"item\":\"https:\\\/\\\/aigleshopping.ca\\\/fr\\\/home\\\/\"},{\"@type\":\"ListItem\",\"position\":2,\"name\":\"Products\",\"item\":\"https:\\\/\\\/aigleshopping.ca\\\/shop\\\/\"},{\"@type\":\"ListItem\",\"position\":3,\"name\":\"Business PD Quick Charge Mobile Phone Tablet LED Digital Display Charging Bank\"}]},{\"@type\":\"WebSite\",\"@id\":\"https:\\\/\\\/aigleshopping.ca\\\/#website\",\"url\":\"https:\\\/\\\/aigleshopping.ca\\\/\",\"name\":\"Aigle Shopping Canada\",\"description\":\"Au-del\u00e0 des fronti\u00e8res, pour vous offrir le\u00a0meilleur!\",\"publisher\":{\"@id\":\"https:\\\/\\\/aigleshopping.ca\\\/#organization\"},\"potentialAction\":[{\"@type\":\"SearchAction\",\"target\":{\"@type\":\"EntryPoint\",\"urlTemplate\":\"https:\\\/\\\/aigleshopping.ca\\\/?s={search_term_string}\"},\"query-input\":{\"@type\":\"PropertyValueSpecification\",\"valueRequired\":true,\"valueName\":\"search_term_string\"}}],\"inLanguage\":\"fr-FR\"},{\"@type\":\"Organization\",\"@id\":\"https:\\\/\\\/aigleshopping.ca\\\/#organization\",\"name\":\"Aigle Shopping Canada\",\"url\":\"https:\\\/\\\/aigleshopping.ca\\\/\",\"logo\":{\"@type\":\"ImageObject\",\"inLanguage\":\"fr-FR\",\"@id\":\"https:\\\/\\\/aigleshopping.ca\\\/#\\\/schema\\\/logo\\\/image\\\/\",\"url\":\"https:\\\/\\\/aigleshopping.ca\\\/wp-content\\\/uploads\\\/2025\\\/12\\\/logo_aigleshopping_ca.png\",\"contentUrl\":\"https:\\\/\\\/aigleshopping.ca\\\/wp-content\\\/uploads\\\/2025\\\/12\\\/logo_aigleshopping_ca.png\",\"width\":800,\"height\":233,\"caption\":\"Aigle Shopping Canada\"},\"image\":{\"@id\":\"https:\\\/\\\/aigleshopping.ca\\\/#\\\/schema\\\/logo\\\/image\\\/\"}}]}<\/script>\n<!-- \/ Yoast SEO plugin. -->","yoast_head_json":{"title":"Business PD Quick Charge Mobile Phone Tablet LED Digital Display Charging Bank - Aigle Shopping Canada","robots":{"index":"index","follow":"follow","max-snippet":"max-snippet:-1","max-image-preview":"max-image-preview:large","max-video-preview":"max-video-preview:-1"},"canonical":"https:\/\/aigleshopping.ca\/fr\/produit\/business-pd-quick-charge-mobile-phone-tablet-led-digital-display-charging-bank\/","og_locale":"fr_FR","og_type":"article","og_title":"Business PD Quick Charge Mobile Phone Tablet LED Digital Display Charging Bank - Aigle Shopping Canada","og_description":"Informations sur le produit : Caract\u00e9ristiques suppl\u00e9mentaires : \u00c9cran LCD Type d&rsquo;application : alimentation mobile conventionnelle Type de batterie : Soft pack Type de cellule : cellule lithium-ion polym\u00e8re Mat\u00e9riau du bo\u00eetier : plastique Couleur : affichage lumineux blanc, affichage lumineux noir, affichage num\u00e9rique noir, affichage num\u00e9rique blanc, affichage num\u00e9rique noir charge rapide, affichage num\u00e9rique [&hellip;]","og_url":"https:\/\/aigleshopping.ca\/fr\/produit\/business-pd-quick-charge-mobile-phone-tablet-led-digital-display-charging-bank\/","og_site_name":"Aigle Shopping Canada","article_modified_time":"2025-08-08T14:49:41+00:00","og_image":[{"width":800,"height":800,"url":"https:\/\/aigleshopping.ca\/wp-content\/uploads\/2025\/03\/d898aa14-5510-4dc9-b8ac-1c62928f6198.jpg","type":"image\/jpeg"}],"twitter_card":"summary_large_image","twitter_misc":{"Dur\u00e9e de lecture estim\u00e9e":"1 minute"},"schema":{"@context":"https:\/\/schema.org","@graph":[{"@type":"WebPage","@id":"https:\/\/aigleshopping.ca\/fr\/produit\/business-pd-quick-charge-mobile-phone-tablet-led-digital-display-charging-bank\/","url":"https:\/\/aigleshopping.ca\/fr\/produit\/business-pd-quick-charge-mobile-phone-tablet-led-digital-display-charging-bank\/","name":"Business PD Quick Charge Mobile Phone Tablet LED Digital Display Charging Bank - Aigle Shopping Canada","isPartOf":{"@id":"https:\/\/aigleshopping.ca\/#website"},"primaryImageOfPage":{"@id":"https:\/\/aigleshopping.ca\/fr\/produit\/business-pd-quick-charge-mobile-phone-tablet-led-digital-display-charging-bank\/#primaryimage"},"image":{"@id":"https:\/\/aigleshopping.ca\/fr\/produit\/business-pd-quick-charge-mobile-phone-tablet-led-digital-display-charging-bank\/#primaryimage"},"thumbnailUrl":"https:\/\/aigleshopping.ca\/wp-content\/uploads\/2025\/03\/d898aa14-5510-4dc9-b8ac-1c62928f6198.jpg","datePublished":"2025-03-09T20:56:27+00:00","dateModified":"2025-08-08T14:49:41+00:00","breadcrumb":{"@id":"https:\/\/aigleshopping.ca\/fr\/produit\/business-pd-quick-charge-mobile-phone-tablet-led-digital-display-charging-bank\/#breadcrumb"},"inLanguage":"fr-FR","potentialAction":[{"@type":"ReadAction","target":["https:\/\/aigleshopping.ca\/fr\/produit\/business-pd-quick-charge-mobile-phone-tablet-led-digital-display-charging-bank\/"]}]},{"@type":"ImageObject","inLanguage":"fr-FR","@id":"https:\/\/aigleshopping.ca\/fr\/produit\/business-pd-quick-charge-mobile-phone-tablet-led-digital-display-charging-bank\/#primaryimage","url":"https:\/\/aigleshopping.ca\/wp-content\/uploads\/2025\/03\/d898aa14-5510-4dc9-b8ac-1c62928f6198.jpg","contentUrl":"https:\/\/aigleshopping.ca\/wp-content\/uploads\/2025\/03\/d898aa14-5510-4dc9-b8ac-1c62928f6198.jpg","width":800,"height":800},{"@type":"BreadcrumbList","@id":"https:\/\/aigleshopping.ca\/fr\/produit\/business-pd-quick-charge-mobile-phone-tablet-led-digital-display-charging-bank\/#breadcrumb","itemListElement":[{"@type":"ListItem","position":1,"name":"Home","item":"https:\/\/aigleshopping.ca\/fr\/home\/"},{"@type":"ListItem","position":2,"name":"Products","item":"https:\/\/aigleshopping.ca\/shop\/"},{"@type":"ListItem","position":3,"name":"Business PD Quick Charge Mobile Phone Tablet LED Digital Display Charging Bank"}]},{"@type":"WebSite","@id":"https:\/\/aigleshopping.ca\/#website","url":"https:\/\/aigleshopping.ca\/","name":"Aigle Shopping Canada","description":"Au-del\u00e0 des fronti\u00e8res, pour vous offrir le\u00a0meilleur!","publisher":{"@id":"https:\/\/aigleshopping.ca\/#organization"},"potentialAction":[{"@type":"SearchAction","target":{"@type":"EntryPoint","urlTemplate":"https:\/\/aigleshopping.ca\/?s={search_term_string}"},"query-input":{"@type":"PropertyValueSpecification","valueRequired":true,"valueName":"search_term_string"}}],"inLanguage":"fr-FR"},{"@type":"Organization","@id":"https:\/\/aigleshopping.ca\/#organization","name":"Aigle Shopping Canada","url":"https:\/\/aigleshopping.ca\/","logo":{"@type":"ImageObject","inLanguage":"fr-FR","@id":"https:\/\/aigleshopping.ca\/#\/schema\/logo\/image\/","url":"https:\/\/aigleshopping.ca\/wp-content\/uploads\/2025\/12\/logo_aigleshopping_ca.png","contentUrl":"https:\/\/aigleshopping.ca\/wp-content\/uploads\/2025\/12\/logo_aigleshopping_ca.png","width":800,"height":233,"caption":"Aigle Shopping Canada"},"image":{"@id":"https:\/\/aigleshopping.ca\/#\/schema\/logo\/image\/"}}]}},"jetpack_sharing_enabled":true,"_links":{"self":[{"href":"https:\/\/aigleshopping.ca\/fr\/wp-json\/wp\/v2\/product\/33043","targetHints":{"allow":["GET"]}}],"collection":[{"href":"https:\/\/aigleshopping.ca\/fr\/wp-json\/wp\/v2\/product"}],"about":[{"href":"https:\/\/aigleshopping.ca\/fr\/wp-json\/wp\/v2\/types\/product"}],"replies":[{"embeddable":true,"href":"https:\/\/aigleshopping.ca\/fr\/wp-json\/wp\/v2\/comments?post=33043"}],"wp:featuredmedia":[{"embeddable":true,"href":"https:\/\/aigleshopping.ca\/fr\/wp-json\/wp\/v2\/media\/18747"}],"wp:attachment":[{"href":"https:\/\/aigleshopping.ca\/fr\/wp-json\/wp\/v2\/media?parent=33043"}],"wp:term":[{"taxonomy":"product_brand","embeddable":true,"href":"https:\/\/aigleshopping.ca\/fr\/wp-json\/wp\/v2\/product_brand?post=33043"},{"taxonomy":"product_cat","embeddable":true,"href":"https:\/\/aigleshopping.ca\/fr\/wp-json\/wp\/v2\/product_cat?post=33043"},{"taxonomy":"product_tag","embeddable":true,"href":"https:\/\/aigleshopping.ca\/fr\/wp-json\/wp\/v2\/product_tag?post=33043"}],"curies":[{"name":"wp","href":"https:\/\/api.w.org\/{rel}","templated":true}]}}