{"id":33056,"date":"2025-03-09T20:57:31","date_gmt":"2025-03-09T20:57:31","guid":{"rendered":"https:\/\/aigleshopping.ca\/produit\/mini-banque-de-recharge-portable-de-grande-capacite\/"},"modified":"2025-03-09T20:57:31","modified_gmt":"2025-03-09T20:57:31","slug":"mini-banque-de-recharge-portable-de-grande-capacite","status":"publish","type":"product","link":"https:\/\/aigleshopping.ca\/fr\/produit\/mini-banque-de-recharge-portable-de-grande-capacite\/","title":{"rendered":"Mini-banque de recharge portable de grande capacit\u00e9"},"content":{"rendered":"<p>  <b> Informations sur le produit : <\/b> <b> <br \/>  Fonction : charge magn\u00e9tique, charge rapide dans les deux sens, avec son propre support. <\/b>  <br \/>  Type de batterie : batterie lithium-polym\u00e8re  <br \/>  Couleur : mini support compact magn\u00e9tique avec fil sans fil  <br \/>  Mat\u00e9riau de la coque : plastique  <br \/>  Style : type d&rsquo;aspiration magn\u00e9tique <br \/> Type de batterie : sac souple <br \/> Capacit\u00e9 de la batterie : 10000mAh <br \/> Capacit\u00e9 nominale : 6250mAh <br \/> Puissance de sortie maximale : 22,5W W.  <br \/>  Temps n\u00e9cessaire pour une charge compl\u00e8te : 3 heures  <\/p>\n<p> <b>  Informations sur la taille :  <br \/> <\/b>  Taille : 113x68x19mm  <\/p>\n<p> <b>  Liste d&#8217;emballage :  <br \/> <\/b>  Alimentation mobile *1  <br \/>  Sac de rangement *1  <br \/>  Bo\u00eete d&#8217;emballage *1  <br \/>  Carte de garantie du produit *1  <br \/>  Instructions *1  <br \/>  Ligne de charge rapide C-C *1  <\/p>\n<p> <img decoding=\"async\" src=\"https:\/\/cf.cjdropshipping.com\/f0193574-22ff-436a-b22d-0c49b134ef55.jpg\"> <img decoding=\"async\" src=\"https:\/\/cf.cjdropshipping.com\/96f7cefa-de40-4270-8b57-72e7ca77df79.jpg\"> <img decoding=\"async\" src=\"https:\/\/cf.cjdropshipping.com\/dfd34349-ac37-46af-aee4-e61a83f7a026.jpg\"> <img decoding=\"async\" src=\"https:\/\/cf.cjdropshipping.com\/6f8739d6-8732-4d74-ae45-7bf59a28b5f9.jpg\"> <img decoding=\"async\" src=\"https:\/\/cf.cjdropshipping.com\/6aee5c50-122a-4603-8506-5ccce8b2170a.jpg\"> <img decoding=\"async\" src=\"https:\/\/cf.cjdropshipping.com\/7191c024-923e-4408-b634-b7e94b7c7a96.jpg\"> <img decoding=\"async\" src=\"https:\/\/cf.cjdropshipping.com\/648e1e0f-fb30-4a44-92d2-423c64375160.jpg\">  <\/p>\n","protected":false},"excerpt":{"rendered":"<p>Informations sur le produit : Fonction : charge magn\u00e9tique, charge rapide dans les deux sens, avec son propre support. Type de batterie : batterie lithium-polym\u00e8re Couleur : mini support compact magn\u00e9tique avec fil sans fil Mat\u00e9riau de la coque : plastique Style : type d&rsquo;aspiration magn\u00e9tique Type de batterie : sac souple Capacit\u00e9 de la [&hellip;]<\/p>\n","protected":false},"featured_media":18801,"comment_status":"open","ping_status":"closed","template":"","meta":{"content-type":""},"product_brand":[],"product_cat":[739],"product_tag":[],"class_list":{"0":"post-33056","1":"product","2":"type-product","3":"status-publish","4":"has-post-thumbnail","6":"product_cat-banque-denergie-et-station-de-recharge","8":"first","9":"instock","10":"taxable","11":"shipping-taxable","12":"purchasable","13":"product-type-variable","14":"add-to-wishlist-after_add_to_cart"},"yoast_head":"<!-- This site is optimized with the Yoast SEO plugin v27.4 - https:\/\/yoast.com\/product\/yoast-seo-wordpress\/ -->\n<title>Mini-banque de recharge portable de grande capacit\u00e9 - Aigle Shopping Canada<\/title>\n<meta name=\"robots\" content=\"index, follow, max-snippet:-1, max-image-preview:large, max-video-preview:-1\" \/>\n<link rel=\"canonical\" href=\"https:\/\/aigleshopping.ca\/fr\/produit\/mini-banque-de-recharge-portable-de-grande-capacite\/\" \/>\n<meta property=\"og:locale\" content=\"fr_FR\" \/>\n<meta property=\"og:type\" content=\"article\" \/>\n<meta property=\"og:title\" content=\"Mini-banque de recharge portable de grande capacit\u00e9 - Aigle Shopping Canada\" \/>\n<meta property=\"og:description\" content=\"Informations sur le produit : Fonction : charge magn\u00e9tique, charge rapide dans les deux sens, avec son propre support. Type de batterie : batterie lithium-polym\u00e8re Couleur : mini support compact magn\u00e9tique avec fil sans fil Mat\u00e9riau de la coque : plastique Style : type d&rsquo;aspiration magn\u00e9tique Type de batterie : sac souple Capacit\u00e9 de la [&hellip;]\" \/>\n<meta property=\"og:url\" content=\"https:\/\/aigleshopping.ca\/fr\/produit\/mini-banque-de-recharge-portable-de-grande-capacite\/\" \/>\n<meta property=\"og:site_name\" content=\"Aigle Shopping Canada\" \/>\n<meta property=\"og:image\" content=\"https:\/\/aigleshopping.ca\/wp-content\/uploads\/2025\/03\/d42b05b4-a88c-429e-94e9-c0d449a06b8e.jpg\" \/>\n\t<meta property=\"og:image:width\" content=\"750\" \/>\n\t<meta property=\"og:image:height\" content=\"750\" \/>\n\t<meta property=\"og:image:type\" content=\"image\/jpeg\" \/>\n<meta name=\"twitter:card\" content=\"summary_large_image\" \/>\n<meta name=\"twitter:label1\" content=\"Dur\u00e9e de lecture estim\u00e9e\" \/>\n\t<meta name=\"twitter:data1\" content=\"1 minute\" \/>\n<script type=\"application\/ld+json\" class=\"yoast-schema-graph\">{\"@context\":\"https:\\\/\\\/schema.org\",\"@graph\":[{\"@type\":\"WebPage\",\"@id\":\"https:\\\/\\\/aigleshopping.ca\\\/fr\\\/produit\\\/mini-banque-de-recharge-portable-de-grande-capacite\\\/\",\"url\":\"https:\\\/\\\/aigleshopping.ca\\\/fr\\\/produit\\\/mini-banque-de-recharge-portable-de-grande-capacite\\\/\",\"name\":\"Mini-banque de recharge portable de grande capacit\u00e9 - Aigle Shopping Canada\",\"isPartOf\":{\"@id\":\"https:\\\/\\\/aigleshopping.ca\\\/#website\"},\"primaryImageOfPage\":{\"@id\":\"https:\\\/\\\/aigleshopping.ca\\\/fr\\\/produit\\\/mini-banque-de-recharge-portable-de-grande-capacite\\\/#primaryimage\"},\"image\":{\"@id\":\"https:\\\/\\\/aigleshopping.ca\\\/fr\\\/produit\\\/mini-banque-de-recharge-portable-de-grande-capacite\\\/#primaryimage\"},\"thumbnailUrl\":\"https:\\\/\\\/aigleshopping.ca\\\/wp-content\\\/uploads\\\/2025\\\/03\\\/d42b05b4-a88c-429e-94e9-c0d449a06b8e.jpg\",\"datePublished\":\"2025-03-09T20:57:31+00:00\",\"breadcrumb\":{\"@id\":\"https:\\\/\\\/aigleshopping.ca\\\/fr\\\/produit\\\/mini-banque-de-recharge-portable-de-grande-capacite\\\/#breadcrumb\"},\"inLanguage\":\"fr-FR\",\"potentialAction\":[{\"@type\":\"ReadAction\",\"target\":[\"https:\\\/\\\/aigleshopping.ca\\\/fr\\\/produit\\\/mini-banque-de-recharge-portable-de-grande-capacite\\\/\"]}]},{\"@type\":\"ImageObject\",\"inLanguage\":\"fr-FR\",\"@id\":\"https:\\\/\\\/aigleshopping.ca\\\/fr\\\/produit\\\/mini-banque-de-recharge-portable-de-grande-capacite\\\/#primaryimage\",\"url\":\"https:\\\/\\\/aigleshopping.ca\\\/wp-content\\\/uploads\\\/2025\\\/03\\\/d42b05b4-a88c-429e-94e9-c0d449a06b8e.jpg\",\"contentUrl\":\"https:\\\/\\\/aigleshopping.ca\\\/wp-content\\\/uploads\\\/2025\\\/03\\\/d42b05b4-a88c-429e-94e9-c0d449a06b8e.jpg\",\"width\":750,\"height\":750},{\"@type\":\"BreadcrumbList\",\"@id\":\"https:\\\/\\\/aigleshopping.ca\\\/fr\\\/produit\\\/mini-banque-de-recharge-portable-de-grande-capacite\\\/#breadcrumb\",\"itemListElement\":[{\"@type\":\"ListItem\",\"position\":1,\"name\":\"Home\",\"item\":\"https:\\\/\\\/aigleshopping.ca\\\/fr\\\/home\\\/\"},{\"@type\":\"ListItem\",\"position\":2,\"name\":\"Products\",\"item\":\"https:\\\/\\\/aigleshopping.ca\\\/shop\\\/\"},{\"@type\":\"ListItem\",\"position\":3,\"name\":\"Mini-banque de recharge portable de grande capacit\u00e9\"}]},{\"@type\":\"WebSite\",\"@id\":\"https:\\\/\\\/aigleshopping.ca\\\/#website\",\"url\":\"https:\\\/\\\/aigleshopping.ca\\\/\",\"name\":\"Aigle Shopping Canada\",\"description\":\"Au-del\u00e0 des fronti\u00e8res, pour vous offrir le\u00a0meilleur!\",\"publisher\":{\"@id\":\"https:\\\/\\\/aigleshopping.ca\\\/#organization\"},\"potentialAction\":[{\"@type\":\"SearchAction\",\"target\":{\"@type\":\"EntryPoint\",\"urlTemplate\":\"https:\\\/\\\/aigleshopping.ca\\\/?s={search_term_string}\"},\"query-input\":{\"@type\":\"PropertyValueSpecification\",\"valueRequired\":true,\"valueName\":\"search_term_string\"}}],\"inLanguage\":\"fr-FR\"},{\"@type\":\"Organization\",\"@id\":\"https:\\\/\\\/aigleshopping.ca\\\/#organization\",\"name\":\"Aigle Shopping Canada\",\"url\":\"https:\\\/\\\/aigleshopping.ca\\\/\",\"logo\":{\"@type\":\"ImageObject\",\"inLanguage\":\"fr-FR\",\"@id\":\"https:\\\/\\\/aigleshopping.ca\\\/#\\\/schema\\\/logo\\\/image\\\/\",\"url\":\"https:\\\/\\\/aigleshopping.ca\\\/wp-content\\\/uploads\\\/2025\\\/12\\\/logo_aigleshopping_ca.png\",\"contentUrl\":\"https:\\\/\\\/aigleshopping.ca\\\/wp-content\\\/uploads\\\/2025\\\/12\\\/logo_aigleshopping_ca.png\",\"width\":800,\"height\":233,\"caption\":\"Aigle Shopping Canada\"},\"image\":{\"@id\":\"https:\\\/\\\/aigleshopping.ca\\\/#\\\/schema\\\/logo\\\/image\\\/\"}}]}<\/script>\n<!-- \/ Yoast SEO plugin. -->","yoast_head_json":{"title":"Mini-banque de recharge portable de grande capacit\u00e9 - Aigle Shopping Canada","robots":{"index":"index","follow":"follow","max-snippet":"max-snippet:-1","max-image-preview":"max-image-preview:large","max-video-preview":"max-video-preview:-1"},"canonical":"https:\/\/aigleshopping.ca\/fr\/produit\/mini-banque-de-recharge-portable-de-grande-capacite\/","og_locale":"fr_FR","og_type":"article","og_title":"Mini-banque de recharge portable de grande capacit\u00e9 - Aigle Shopping Canada","og_description":"Informations sur le produit : Fonction : charge magn\u00e9tique, charge rapide dans les deux sens, avec son propre support. Type de batterie : batterie lithium-polym\u00e8re Couleur : mini support compact magn\u00e9tique avec fil sans fil Mat\u00e9riau de la coque : plastique Style : type d&rsquo;aspiration magn\u00e9tique Type de batterie : sac souple Capacit\u00e9 de la [&hellip;]","og_url":"https:\/\/aigleshopping.ca\/fr\/produit\/mini-banque-de-recharge-portable-de-grande-capacite\/","og_site_name":"Aigle Shopping Canada","og_image":[{"width":750,"height":750,"url":"https:\/\/aigleshopping.ca\/wp-content\/uploads\/2025\/03\/d42b05b4-a88c-429e-94e9-c0d449a06b8e.jpg","type":"image\/jpeg"}],"twitter_card":"summary_large_image","twitter_misc":{"Dur\u00e9e de lecture estim\u00e9e":"1 minute"},"schema":{"@context":"https:\/\/schema.org","@graph":[{"@type":"WebPage","@id":"https:\/\/aigleshopping.ca\/fr\/produit\/mini-banque-de-recharge-portable-de-grande-capacite\/","url":"https:\/\/aigleshopping.ca\/fr\/produit\/mini-banque-de-recharge-portable-de-grande-capacite\/","name":"Mini-banque de recharge portable de grande capacit\u00e9 - Aigle Shopping Canada","isPartOf":{"@id":"https:\/\/aigleshopping.ca\/#website"},"primaryImageOfPage":{"@id":"https:\/\/aigleshopping.ca\/fr\/produit\/mini-banque-de-recharge-portable-de-grande-capacite\/#primaryimage"},"image":{"@id":"https:\/\/aigleshopping.ca\/fr\/produit\/mini-banque-de-recharge-portable-de-grande-capacite\/#primaryimage"},"thumbnailUrl":"https:\/\/aigleshopping.ca\/wp-content\/uploads\/2025\/03\/d42b05b4-a88c-429e-94e9-c0d449a06b8e.jpg","datePublished":"2025-03-09T20:57:31+00:00","breadcrumb":{"@id":"https:\/\/aigleshopping.ca\/fr\/produit\/mini-banque-de-recharge-portable-de-grande-capacite\/#breadcrumb"},"inLanguage":"fr-FR","potentialAction":[{"@type":"ReadAction","target":["https:\/\/aigleshopping.ca\/fr\/produit\/mini-banque-de-recharge-portable-de-grande-capacite\/"]}]},{"@type":"ImageObject","inLanguage":"fr-FR","@id":"https:\/\/aigleshopping.ca\/fr\/produit\/mini-banque-de-recharge-portable-de-grande-capacite\/#primaryimage","url":"https:\/\/aigleshopping.ca\/wp-content\/uploads\/2025\/03\/d42b05b4-a88c-429e-94e9-c0d449a06b8e.jpg","contentUrl":"https:\/\/aigleshopping.ca\/wp-content\/uploads\/2025\/03\/d42b05b4-a88c-429e-94e9-c0d449a06b8e.jpg","width":750,"height":750},{"@type":"BreadcrumbList","@id":"https:\/\/aigleshopping.ca\/fr\/produit\/mini-banque-de-recharge-portable-de-grande-capacite\/#breadcrumb","itemListElement":[{"@type":"ListItem","position":1,"name":"Home","item":"https:\/\/aigleshopping.ca\/fr\/home\/"},{"@type":"ListItem","position":2,"name":"Products","item":"https:\/\/aigleshopping.ca\/shop\/"},{"@type":"ListItem","position":3,"name":"Mini-banque de recharge portable de grande capacit\u00e9"}]},{"@type":"WebSite","@id":"https:\/\/aigleshopping.ca\/#website","url":"https:\/\/aigleshopping.ca\/","name":"Aigle Shopping Canada","description":"Au-del\u00e0 des fronti\u00e8res, pour vous offrir le\u00a0meilleur!","publisher":{"@id":"https:\/\/aigleshopping.ca\/#organization"},"potentialAction":[{"@type":"SearchAction","target":{"@type":"EntryPoint","urlTemplate":"https:\/\/aigleshopping.ca\/?s={search_term_string}"},"query-input":{"@type":"PropertyValueSpecification","valueRequired":true,"valueName":"search_term_string"}}],"inLanguage":"fr-FR"},{"@type":"Organization","@id":"https:\/\/aigleshopping.ca\/#organization","name":"Aigle Shopping Canada","url":"https:\/\/aigleshopping.ca\/","logo":{"@type":"ImageObject","inLanguage":"fr-FR","@id":"https:\/\/aigleshopping.ca\/#\/schema\/logo\/image\/","url":"https:\/\/aigleshopping.ca\/wp-content\/uploads\/2025\/12\/logo_aigleshopping_ca.png","contentUrl":"https:\/\/aigleshopping.ca\/wp-content\/uploads\/2025\/12\/logo_aigleshopping_ca.png","width":800,"height":233,"caption":"Aigle Shopping Canada"},"image":{"@id":"https:\/\/aigleshopping.ca\/#\/schema\/logo\/image\/"}}]}},"jetpack_sharing_enabled":true,"_links":{"self":[{"href":"https:\/\/aigleshopping.ca\/fr\/wp-json\/wp\/v2\/product\/33056","targetHints":{"allow":["GET"]}}],"collection":[{"href":"https:\/\/aigleshopping.ca\/fr\/wp-json\/wp\/v2\/product"}],"about":[{"href":"https:\/\/aigleshopping.ca\/fr\/wp-json\/wp\/v2\/types\/product"}],"replies":[{"embeddable":true,"href":"https:\/\/aigleshopping.ca\/fr\/wp-json\/wp\/v2\/comments?post=33056"}],"wp:featuredmedia":[{"embeddable":true,"href":"https:\/\/aigleshopping.ca\/fr\/wp-json\/wp\/v2\/media\/18801"}],"wp:attachment":[{"href":"https:\/\/aigleshopping.ca\/fr\/wp-json\/wp\/v2\/media?parent=33056"}],"wp:term":[{"taxonomy":"product_brand","embeddable":true,"href":"https:\/\/aigleshopping.ca\/fr\/wp-json\/wp\/v2\/product_brand?post=33056"},{"taxonomy":"product_cat","embeddable":true,"href":"https:\/\/aigleshopping.ca\/fr\/wp-json\/wp\/v2\/product_cat?post=33056"},{"taxonomy":"product_tag","embeddable":true,"href":"https:\/\/aigleshopping.ca\/fr\/wp-json\/wp\/v2\/product_tag?post=33056"}],"curies":[{"name":"wp","href":"https:\/\/api.w.org\/{rel}","templated":true}]}}