{"id":33058,"date":"2025-03-09T20:58:12","date_gmt":"2025-03-09T20:58:12","guid":{"rendered":"https:\/\/aigleshopping.ca\/produit\/bloc-dalimentation-magnetique-portable-pour-le-chargement-sans-fil\/"},"modified":"2025-03-09T20:58:12","modified_gmt":"2025-03-09T20:58:12","slug":"bloc-dalimentation-magnetique-portable-pour-le-chargement-sans-fil","status":"publish","type":"product","link":"https:\/\/aigleshopping.ca\/fr\/produit\/bloc-dalimentation-magnetique-portable-pour-le-chargement-sans-fil\/","title":{"rendered":"Bloc d&rsquo;alimentation magn\u00e9tique portable pour le chargement sans fil"},"content":{"rendered":"<p> <b>Informations sur le produit :<\/b> <br \/> Couleur : blanc, rose, noir, vert, violet <br \/> Mat\u00e9riau de la coque : plastique ABS et silicone (mat\u00e9riau ignifuge) <br \/> Fonction : prise en charge de la charge rapide <br \/> Taille : 150*70 * 20mm  <\/p>\n<p> <br \/>\n<b>Liste d&#8217;emballage :  <\/b><br \/>\n<br \/>  C\u00e2ble de donn\u00e9es * 1, manuel d&rsquo;instructions * 1, banque d&rsquo;alimentation * 1<br \/>\n<br \/> <br \/>\n<b>Image du produit :<\/b><br \/>\n<br \/> <br \/>\n<img decoding=\"async\" src=\"https:\/\/cf.cjdropshipping.com\/a8fa8df4-09f9-46be-8f97-52642cd3c2e3.jpg\"><br \/>\n<img decoding=\"async\" src=\"https:\/\/cf.cjdropshipping.com\/c54b08fd-9e0d-41b6-83c4-bace9df829e6.jpg\"><br \/>\n<img decoding=\"async\" src=\"https:\/\/cf.cjdropshipping.com\/996caaff-9b86-43d1-9f2a-c2cfa9697d35.jpg\"><br \/>\n<img decoding=\"async\" src=\"https:\/\/cf.cjdropshipping.com\/154b31e5-5033-4b20-b78d-0bdf4118f01d.jpg\"><br \/>\n<img decoding=\"async\" src=\"https:\/\/cf.cjdropshipping.com\/b5924f47-2516-4117-9e15-fb2729e2917d.jpg\"><br \/>\n<img decoding=\"async\" src=\"https:\/\/cf.cjdropshipping.com\/0679ca2a-edc9-463a-afac-42aeb2131fe5.jpg\"><br \/>\n<img decoding=\"async\" src=\"https:\/\/cf.cjdropshipping.com\/0dc301f1-f9ec-469a-8de0-83c7077905a7.jpg\"><\/p>\n","protected":false},"excerpt":{"rendered":"<p>Informations sur le produit : Couleur : blanc, rose, noir, vert, violet Mat\u00e9riau de la coque : plastique ABS et silicone (mat\u00e9riau ignifuge) Fonction : prise en charge de la charge rapide Taille : 150*70 * 20mm Liste d&#8217;emballage : C\u00e2ble de donn\u00e9es * 1, manuel d&rsquo;instructions * 1, banque d&rsquo;alimentation * 1 Image du [&hellip;]<\/p>\n","protected":false},"featured_media":18822,"comment_status":"open","ping_status":"closed","template":"","meta":{"content-type":""},"product_brand":[],"product_cat":[739],"product_tag":[],"class_list":{"0":"post-33058","1":"product","2":"type-product","3":"status-publish","4":"has-post-thumbnail","6":"product_cat-banque-denergie-et-station-de-recharge","8":"first","9":"instock","10":"taxable","11":"shipping-taxable","12":"purchasable","13":"product-type-variable","14":"add-to-wishlist-after_add_to_cart"},"yoast_head":"<!-- This site is optimized with the Yoast SEO plugin v27.4 - https:\/\/yoast.com\/product\/yoast-seo-wordpress\/ -->\n<title>Bloc d&#039;alimentation magn\u00e9tique portable pour le chargement sans fil - Aigle Shopping Canada<\/title>\n<meta name=\"robots\" content=\"index, follow, max-snippet:-1, max-image-preview:large, max-video-preview:-1\" \/>\n<link rel=\"canonical\" href=\"https:\/\/aigleshopping.ca\/fr\/produit\/bloc-dalimentation-magnetique-portable-pour-le-chargement-sans-fil\/\" \/>\n<meta property=\"og:locale\" content=\"fr_FR\" \/>\n<meta property=\"og:type\" content=\"article\" \/>\n<meta property=\"og:title\" content=\"Bloc d&#039;alimentation magn\u00e9tique portable pour le chargement sans fil - Aigle Shopping Canada\" \/>\n<meta property=\"og:description\" content=\"Informations sur le produit : Couleur : blanc, rose, noir, vert, violet Mat\u00e9riau de la coque : plastique ABS et silicone (mat\u00e9riau ignifuge) Fonction : prise en charge de la charge rapide Taille : 150*70 * 20mm Liste d&#8217;emballage : C\u00e2ble de donn\u00e9es * 1, manuel d&rsquo;instructions * 1, banque d&rsquo;alimentation * 1 Image du [&hellip;]\" \/>\n<meta property=\"og:url\" content=\"https:\/\/aigleshopping.ca\/fr\/produit\/bloc-dalimentation-magnetique-portable-pour-le-chargement-sans-fil\/\" \/>\n<meta property=\"og:site_name\" content=\"Aigle Shopping Canada\" \/>\n<meta property=\"og:image\" content=\"https:\/\/aigleshopping.ca\/wp-content\/uploads\/2025\/03\/27234872-f497-4fe8-9b1b-0da75cb7b93c.jpg\" \/>\n\t<meta property=\"og:image:width\" content=\"990\" \/>\n\t<meta property=\"og:image:height\" content=\"990\" \/>\n\t<meta property=\"og:image:type\" content=\"image\/jpeg\" \/>\n<meta name=\"twitter:card\" content=\"summary_large_image\" \/>\n<script type=\"application\/ld+json\" class=\"yoast-schema-graph\">{\"@context\":\"https:\\\/\\\/schema.org\",\"@graph\":[{\"@type\":\"WebPage\",\"@id\":\"https:\\\/\\\/aigleshopping.ca\\\/fr\\\/produit\\\/bloc-dalimentation-magnetique-portable-pour-le-chargement-sans-fil\\\/\",\"url\":\"https:\\\/\\\/aigleshopping.ca\\\/fr\\\/produit\\\/bloc-dalimentation-magnetique-portable-pour-le-chargement-sans-fil\\\/\",\"name\":\"Bloc d'alimentation magn\u00e9tique portable pour le chargement sans fil - Aigle Shopping Canada\",\"isPartOf\":{\"@id\":\"https:\\\/\\\/aigleshopping.ca\\\/#website\"},\"primaryImageOfPage\":{\"@id\":\"https:\\\/\\\/aigleshopping.ca\\\/fr\\\/produit\\\/bloc-dalimentation-magnetique-portable-pour-le-chargement-sans-fil\\\/#primaryimage\"},\"image\":{\"@id\":\"https:\\\/\\\/aigleshopping.ca\\\/fr\\\/produit\\\/bloc-dalimentation-magnetique-portable-pour-le-chargement-sans-fil\\\/#primaryimage\"},\"thumbnailUrl\":\"https:\\\/\\\/aigleshopping.ca\\\/wp-content\\\/uploads\\\/2025\\\/03\\\/27234872-f497-4fe8-9b1b-0da75cb7b93c.jpg\",\"datePublished\":\"2025-03-09T20:58:12+00:00\",\"breadcrumb\":{\"@id\":\"https:\\\/\\\/aigleshopping.ca\\\/fr\\\/produit\\\/bloc-dalimentation-magnetique-portable-pour-le-chargement-sans-fil\\\/#breadcrumb\"},\"inLanguage\":\"fr-FR\",\"potentialAction\":[{\"@type\":\"ReadAction\",\"target\":[\"https:\\\/\\\/aigleshopping.ca\\\/fr\\\/produit\\\/bloc-dalimentation-magnetique-portable-pour-le-chargement-sans-fil\\\/\"]}]},{\"@type\":\"ImageObject\",\"inLanguage\":\"fr-FR\",\"@id\":\"https:\\\/\\\/aigleshopping.ca\\\/fr\\\/produit\\\/bloc-dalimentation-magnetique-portable-pour-le-chargement-sans-fil\\\/#primaryimage\",\"url\":\"https:\\\/\\\/aigleshopping.ca\\\/wp-content\\\/uploads\\\/2025\\\/03\\\/27234872-f497-4fe8-9b1b-0da75cb7b93c.jpg\",\"contentUrl\":\"https:\\\/\\\/aigleshopping.ca\\\/wp-content\\\/uploads\\\/2025\\\/03\\\/27234872-f497-4fe8-9b1b-0da75cb7b93c.jpg\",\"width\":990,\"height\":990},{\"@type\":\"BreadcrumbList\",\"@id\":\"https:\\\/\\\/aigleshopping.ca\\\/fr\\\/produit\\\/bloc-dalimentation-magnetique-portable-pour-le-chargement-sans-fil\\\/#breadcrumb\",\"itemListElement\":[{\"@type\":\"ListItem\",\"position\":1,\"name\":\"Home\",\"item\":\"https:\\\/\\\/aigleshopping.ca\\\/fr\\\/home\\\/\"},{\"@type\":\"ListItem\",\"position\":2,\"name\":\"Products\",\"item\":\"https:\\\/\\\/aigleshopping.ca\\\/shop\\\/\"},{\"@type\":\"ListItem\",\"position\":3,\"name\":\"Bloc d&#8217;alimentation magn\u00e9tique portable pour le chargement sans fil\"}]},{\"@type\":\"WebSite\",\"@id\":\"https:\\\/\\\/aigleshopping.ca\\\/#website\",\"url\":\"https:\\\/\\\/aigleshopping.ca\\\/\",\"name\":\"Aigle Shopping Canada\",\"description\":\"Au-del\u00e0 des fronti\u00e8res, pour vous offrir le\u00a0meilleur!\",\"publisher\":{\"@id\":\"https:\\\/\\\/aigleshopping.ca\\\/#organization\"},\"potentialAction\":[{\"@type\":\"SearchAction\",\"target\":{\"@type\":\"EntryPoint\",\"urlTemplate\":\"https:\\\/\\\/aigleshopping.ca\\\/?s={search_term_string}\"},\"query-input\":{\"@type\":\"PropertyValueSpecification\",\"valueRequired\":true,\"valueName\":\"search_term_string\"}}],\"inLanguage\":\"fr-FR\"},{\"@type\":\"Organization\",\"@id\":\"https:\\\/\\\/aigleshopping.ca\\\/#organization\",\"name\":\"Aigle Shopping Canada\",\"url\":\"https:\\\/\\\/aigleshopping.ca\\\/\",\"logo\":{\"@type\":\"ImageObject\",\"inLanguage\":\"fr-FR\",\"@id\":\"https:\\\/\\\/aigleshopping.ca\\\/#\\\/schema\\\/logo\\\/image\\\/\",\"url\":\"https:\\\/\\\/aigleshopping.ca\\\/wp-content\\\/uploads\\\/2025\\\/12\\\/logo_aigleshopping_ca.png\",\"contentUrl\":\"https:\\\/\\\/aigleshopping.ca\\\/wp-content\\\/uploads\\\/2025\\\/12\\\/logo_aigleshopping_ca.png\",\"width\":800,\"height\":233,\"caption\":\"Aigle Shopping Canada\"},\"image\":{\"@id\":\"https:\\\/\\\/aigleshopping.ca\\\/#\\\/schema\\\/logo\\\/image\\\/\"}}]}<\/script>\n<!-- \/ Yoast SEO plugin. -->","yoast_head_json":{"title":"Bloc d'alimentation magn\u00e9tique portable pour le chargement sans fil - Aigle Shopping Canada","robots":{"index":"index","follow":"follow","max-snippet":"max-snippet:-1","max-image-preview":"max-image-preview:large","max-video-preview":"max-video-preview:-1"},"canonical":"https:\/\/aigleshopping.ca\/fr\/produit\/bloc-dalimentation-magnetique-portable-pour-le-chargement-sans-fil\/","og_locale":"fr_FR","og_type":"article","og_title":"Bloc d'alimentation magn\u00e9tique portable pour le chargement sans fil - Aigle Shopping Canada","og_description":"Informations sur le produit : Couleur : blanc, rose, noir, vert, violet Mat\u00e9riau de la coque : plastique ABS et silicone (mat\u00e9riau ignifuge) Fonction : prise en charge de la charge rapide Taille : 150*70 * 20mm Liste d&#8217;emballage : C\u00e2ble de donn\u00e9es * 1, manuel d&rsquo;instructions * 1, banque d&rsquo;alimentation * 1 Image du [&hellip;]","og_url":"https:\/\/aigleshopping.ca\/fr\/produit\/bloc-dalimentation-magnetique-portable-pour-le-chargement-sans-fil\/","og_site_name":"Aigle Shopping Canada","og_image":[{"width":990,"height":990,"url":"https:\/\/aigleshopping.ca\/wp-content\/uploads\/2025\/03\/27234872-f497-4fe8-9b1b-0da75cb7b93c.jpg","type":"image\/jpeg"}],"twitter_card":"summary_large_image","schema":{"@context":"https:\/\/schema.org","@graph":[{"@type":"WebPage","@id":"https:\/\/aigleshopping.ca\/fr\/produit\/bloc-dalimentation-magnetique-portable-pour-le-chargement-sans-fil\/","url":"https:\/\/aigleshopping.ca\/fr\/produit\/bloc-dalimentation-magnetique-portable-pour-le-chargement-sans-fil\/","name":"Bloc d'alimentation magn\u00e9tique portable pour le chargement sans fil - Aigle Shopping Canada","isPartOf":{"@id":"https:\/\/aigleshopping.ca\/#website"},"primaryImageOfPage":{"@id":"https:\/\/aigleshopping.ca\/fr\/produit\/bloc-dalimentation-magnetique-portable-pour-le-chargement-sans-fil\/#primaryimage"},"image":{"@id":"https:\/\/aigleshopping.ca\/fr\/produit\/bloc-dalimentation-magnetique-portable-pour-le-chargement-sans-fil\/#primaryimage"},"thumbnailUrl":"https:\/\/aigleshopping.ca\/wp-content\/uploads\/2025\/03\/27234872-f497-4fe8-9b1b-0da75cb7b93c.jpg","datePublished":"2025-03-09T20:58:12+00:00","breadcrumb":{"@id":"https:\/\/aigleshopping.ca\/fr\/produit\/bloc-dalimentation-magnetique-portable-pour-le-chargement-sans-fil\/#breadcrumb"},"inLanguage":"fr-FR","potentialAction":[{"@type":"ReadAction","target":["https:\/\/aigleshopping.ca\/fr\/produit\/bloc-dalimentation-magnetique-portable-pour-le-chargement-sans-fil\/"]}]},{"@type":"ImageObject","inLanguage":"fr-FR","@id":"https:\/\/aigleshopping.ca\/fr\/produit\/bloc-dalimentation-magnetique-portable-pour-le-chargement-sans-fil\/#primaryimage","url":"https:\/\/aigleshopping.ca\/wp-content\/uploads\/2025\/03\/27234872-f497-4fe8-9b1b-0da75cb7b93c.jpg","contentUrl":"https:\/\/aigleshopping.ca\/wp-content\/uploads\/2025\/03\/27234872-f497-4fe8-9b1b-0da75cb7b93c.jpg","width":990,"height":990},{"@type":"BreadcrumbList","@id":"https:\/\/aigleshopping.ca\/fr\/produit\/bloc-dalimentation-magnetique-portable-pour-le-chargement-sans-fil\/#breadcrumb","itemListElement":[{"@type":"ListItem","position":1,"name":"Home","item":"https:\/\/aigleshopping.ca\/fr\/home\/"},{"@type":"ListItem","position":2,"name":"Products","item":"https:\/\/aigleshopping.ca\/shop\/"},{"@type":"ListItem","position":3,"name":"Bloc d&#8217;alimentation magn\u00e9tique portable pour le chargement sans fil"}]},{"@type":"WebSite","@id":"https:\/\/aigleshopping.ca\/#website","url":"https:\/\/aigleshopping.ca\/","name":"Aigle Shopping Canada","description":"Au-del\u00e0 des fronti\u00e8res, pour vous offrir le\u00a0meilleur!","publisher":{"@id":"https:\/\/aigleshopping.ca\/#organization"},"potentialAction":[{"@type":"SearchAction","target":{"@type":"EntryPoint","urlTemplate":"https:\/\/aigleshopping.ca\/?s={search_term_string}"},"query-input":{"@type":"PropertyValueSpecification","valueRequired":true,"valueName":"search_term_string"}}],"inLanguage":"fr-FR"},{"@type":"Organization","@id":"https:\/\/aigleshopping.ca\/#organization","name":"Aigle Shopping Canada","url":"https:\/\/aigleshopping.ca\/","logo":{"@type":"ImageObject","inLanguage":"fr-FR","@id":"https:\/\/aigleshopping.ca\/#\/schema\/logo\/image\/","url":"https:\/\/aigleshopping.ca\/wp-content\/uploads\/2025\/12\/logo_aigleshopping_ca.png","contentUrl":"https:\/\/aigleshopping.ca\/wp-content\/uploads\/2025\/12\/logo_aigleshopping_ca.png","width":800,"height":233,"caption":"Aigle Shopping Canada"},"image":{"@id":"https:\/\/aigleshopping.ca\/#\/schema\/logo\/image\/"}}]}},"jetpack_sharing_enabled":true,"_links":{"self":[{"href":"https:\/\/aigleshopping.ca\/fr\/wp-json\/wp\/v2\/product\/33058","targetHints":{"allow":["GET"]}}],"collection":[{"href":"https:\/\/aigleshopping.ca\/fr\/wp-json\/wp\/v2\/product"}],"about":[{"href":"https:\/\/aigleshopping.ca\/fr\/wp-json\/wp\/v2\/types\/product"}],"replies":[{"embeddable":true,"href":"https:\/\/aigleshopping.ca\/fr\/wp-json\/wp\/v2\/comments?post=33058"}],"wp:featuredmedia":[{"embeddable":true,"href":"https:\/\/aigleshopping.ca\/fr\/wp-json\/wp\/v2\/media\/18822"}],"wp:attachment":[{"href":"https:\/\/aigleshopping.ca\/fr\/wp-json\/wp\/v2\/media?parent=33058"}],"wp:term":[{"taxonomy":"product_brand","embeddable":true,"href":"https:\/\/aigleshopping.ca\/fr\/wp-json\/wp\/v2\/product_brand?post=33058"},{"taxonomy":"product_cat","embeddable":true,"href":"https:\/\/aigleshopping.ca\/fr\/wp-json\/wp\/v2\/product_cat?post=33058"},{"taxonomy":"product_tag","embeddable":true,"href":"https:\/\/aigleshopping.ca\/fr\/wp-json\/wp\/v2\/product_tag?post=33058"}],"curies":[{"name":"wp","href":"https:\/\/api.w.org\/{rel}","templated":true}]}}