{"id":33075,"date":"2025-03-07T00:00:48","date_gmt":"2025-03-07T00:00:48","guid":{"rendered":"https:\/\/aigleshopping.ca\/produit\/oreillette-bluetooth-m8-a-double-oreille-stereo-sans-fil-avec-mode-tactile\/"},"modified":"2025-03-07T00:00:48","modified_gmt":"2025-03-07T00:00:48","slug":"oreillette-bluetooth-m8-a-double-oreille-stereo-sans-fil-avec-mode-tactile","status":"publish","type":"product","link":"https:\/\/aigleshopping.ca\/fr\/produit\/oreillette-bluetooth-m8-a-double-oreille-stereo-sans-fil-avec-mode-tactile\/","title":{"rendered":"Oreillette Bluetooth M8 \u00e0 double oreille st\u00e9r\u00e9o sans fil avec mode tactile"},"content":{"rendered":"<p> <b> <font style=\"vertical-align: inherit\"> <font style=\"vertical-align: inherit\">Fran\u00e7ais : Aper\u00e7u :<\/font> <\/font> <\/b> <br \/> <font style=\"vertical-align: inherit\"> <font style=\"vertical-align: inherit\">  1. Bluetooth V5.0, prend en charge la plupart des appareils Bluetooth et une consommation d&rsquo;\u00e9nergie r\u00e9duite  <\/font> <\/font> <br \/> <font style=\"vertical-align: inherit\"> <font style=\"vertical-align: inherit\">2. Le bo\u00eetier de charge de 250 mAh peut charger compl\u00e8tement 2 \u00e9couteurs environ 5 fois, offrant plus de 24 heures de musique  <\/font> <\/font> <br \/> <font style=\"vertical-align: inherit\"> <font style=\"vertical-align: inherit\">3. Avec la technologie \u00e9tanche, plus besoin de vous soucier de l&rsquo;eau et de la transpiration 4.  <\/font> <\/font> <br \/> <font style=\"vertical-align: inherit\"> <font style=\"vertical-align: inherit\">Unit\u00e9s d&rsquo;entra\u00eenement doubles de 10 mm, profitez d&rsquo;un son de musique de basse profonde et puissante 9D  <\/font> <\/font> <br \/> <font style=\"vertical-align: inherit\"> <font style=\"vertical-align: inherit\">5. Fonction de contr\u00f4le tactile populaire, prend en charge le changement de chanson, l&rsquo;appel t\u00e9l\u00e9phonique et l&rsquo;appel de l&rsquo;assistant vocal.  <\/font> <\/font> <br \/> <b> <br \/> <font style=\"vertical-align: inherit\"> <font style=\"vertical-align: inherit\">Sp\u00e9cification :<\/font> <\/font> <\/b> <br \/> <font style=\"vertical-align: inherit\"> <font style=\"vertical-align: inherit\">  Port\u00e9e de transmission : 20 m\u00e8tres  <\/font> <\/font> <br \/> <font style=\"vertical-align: inherit\"> <font style=\"vertical-align: inherit\">Caract\u00e9ristiques : affichage de l&rsquo;alimentation, fonction d&rsquo;appel, prise en charge de la musique  <\/font> <\/font> <br \/> <font style=\"vertical-align: inherit\"> <font style=\"vertical-align: inherit\">Protocole Bluetooth : 5.0  <\/font> <\/font> <br \/> <font style=\"vertical-align: inherit\"> <font style=\"vertical-align: inherit\">Canal sonore : st\u00e9r\u00e9o  <\/font> <\/font> <br \/> <font style=\"vertical-align: inherit\"> <font style=\"vertical-align: inherit\">Utilisation : type de bouchon d&rsquo;oreille  <\/font> <\/font> <br \/> <font style=\"vertical-align: inherit\"> <font style=\"vertical-align: inherit\">Monoaural ou non : st\u00e9r\u00e9o bilat\u00e9rale  <\/font> <\/font> <br \/> <font style=\"vertical-align: inherit\"> <font style=\"vertical-align: inherit\">Poids : 62 g  <\/font> <\/font> <br \/> <font style=\"vertical-align: inherit\"> <font style=\"vertical-align: inherit\">Taille de la bo\u00eete de couleur : 10,5 x 8,5 x 3,5 cm  <\/font> <\/font> <br \/> <b> <br \/> <font style=\"vertical-align: inherit\"> <font style=\"vertical-align: inherit\">Contenu de l&#8217;emballage :<\/font> <\/font> <\/b> <br \/> <font style=\"vertical-align: inherit\"> <font style=\"vertical-align: inherit\">  3 jeux de bouchons d&rsquo;oreille + c\u00e2ble de charge de type C + instructions en chinois et en anglais<\/font> <\/font> <\/p>\n<p> <img decoding=\"async\" src=\"https:\/\/cf.cjdropshipping.com\/3382f420-f06e-4283-ae1d-c604797556b5.jpg\"> <img decoding=\"async\" src=\"https:\/\/cf.cjdropshipping.com\/619f6dc8-01d2-4c3b-953d-bdc580e7b2c5.png\"> <img decoding=\"async\" src=\"https:\/\/cf.cjdropshipping.com\/9a1ce248-2b89-4aca-bb6f-ffa5f20fae26.jpg\"> <img decoding=\"async\" src=\"https:\/\/cf.cjdropshipping.com\/0114fd08-e2eb-4ada-b082-228624a1f119.jpg\"> <img decoding=\"async\" src=\"https:\/\/cf.cjdropshipping.com\/8e002608-aa62-49dc-ba24-7387cd7422b0.png\"> <img decoding=\"async\" src=\"https:\/\/cf.cjdropshipping.com\/55d31cc3-c7e3-420d-b074-094781c0cceb.png\"> <img decoding=\"async\" src=\"https:\/\/cf.cjdropshipping.com\/b0a601e4-51fc-498a-b6fa-1ff982ec8324.png\"> <img decoding=\"async\" src=\"https:\/\/cf.cjdropshipping.com\/44957685-11f1-4b09-a08d-1e3f6ad8569a.png\">  <\/p>\n","protected":false},"excerpt":{"rendered":"<p>Fran\u00e7ais : Aper\u00e7u : 1. Bluetooth V5.0, prend en charge la plupart des appareils Bluetooth et une consommation d&rsquo;\u00e9nergie r\u00e9duite 2. Le bo\u00eetier de charge de 250 mAh peut charger compl\u00e8tement 2 \u00e9couteurs environ 5 fois, offrant plus de 24 heures de musique 3. Avec la technologie \u00e9tanche, plus besoin de vous soucier de l&rsquo;eau [&hellip;]<\/p>\n","protected":false},"featured_media":11469,"comment_status":"open","ping_status":"closed","template":"","meta":{"content-type":""},"product_brand":[],"product_cat":[755],"product_tag":[],"class_list":{"0":"post-33075","1":"product","2":"type-product","3":"status-publish","4":"has-post-thumbnail","6":"product_cat-casques-sans-fil","8":"first","9":"instock","10":"taxable","11":"shipping-taxable","12":"purchasable","13":"product-type-variable","14":"add-to-wishlist-after_add_to_cart"},"yoast_head":"<!-- This site is optimized with the Yoast SEO plugin v27.4 - https:\/\/yoast.com\/product\/yoast-seo-wordpress\/ -->\n<title>Oreillette Bluetooth M8 \u00e0 double oreille st\u00e9r\u00e9o sans fil avec mode tactile - Aigle Shopping Canada<\/title>\n<meta name=\"robots\" content=\"index, follow, max-snippet:-1, max-image-preview:large, max-video-preview:-1\" \/>\n<link rel=\"canonical\" href=\"https:\/\/aigleshopping.ca\/fr\/produit\/oreillette-bluetooth-m8-a-double-oreille-stereo-sans-fil-avec-mode-tactile\/\" \/>\n<meta property=\"og:locale\" content=\"fr_FR\" \/>\n<meta property=\"og:type\" content=\"article\" \/>\n<meta property=\"og:title\" content=\"Oreillette Bluetooth M8 \u00e0 double oreille st\u00e9r\u00e9o sans fil avec mode tactile - Aigle Shopping Canada\" \/>\n<meta property=\"og:description\" content=\"Fran\u00e7ais : Aper\u00e7u : 1. Bluetooth V5.0, prend en charge la plupart des appareils Bluetooth et une consommation d&rsquo;\u00e9nergie r\u00e9duite 2. Le bo\u00eetier de charge de 250 mAh peut charger compl\u00e8tement 2 \u00e9couteurs environ 5 fois, offrant plus de 24 heures de musique 3. Avec la technologie \u00e9tanche, plus besoin de vous soucier de l&rsquo;eau [&hellip;]\" \/>\n<meta property=\"og:url\" content=\"https:\/\/aigleshopping.ca\/fr\/produit\/oreillette-bluetooth-m8-a-double-oreille-stereo-sans-fil-avec-mode-tactile\/\" \/>\n<meta property=\"og:site_name\" content=\"Aigle Shopping Canada\" \/>\n<meta property=\"og:image\" content=\"https:\/\/aigleshopping.ca\/wp-content\/uploads\/2025\/03\/5f912e66-b905-4130-9d22-4ddb7756fcf4.jpg\" \/>\n\t<meta property=\"og:image:width\" content=\"777\" \/>\n\t<meta property=\"og:image:height\" content=\"720\" \/>\n\t<meta property=\"og:image:type\" content=\"image\/jpeg\" \/>\n<meta name=\"twitter:card\" content=\"summary_large_image\" \/>\n<meta name=\"twitter:label1\" content=\"Dur\u00e9e de lecture estim\u00e9e\" \/>\n\t<meta name=\"twitter:data1\" content=\"1 minute\" \/>\n<script type=\"application\/ld+json\" class=\"yoast-schema-graph\">{\"@context\":\"https:\\\/\\\/schema.org\",\"@graph\":[{\"@type\":\"WebPage\",\"@id\":\"https:\\\/\\\/aigleshopping.ca\\\/fr\\\/produit\\\/oreillette-bluetooth-m8-a-double-oreille-stereo-sans-fil-avec-mode-tactile\\\/\",\"url\":\"https:\\\/\\\/aigleshopping.ca\\\/fr\\\/produit\\\/oreillette-bluetooth-m8-a-double-oreille-stereo-sans-fil-avec-mode-tactile\\\/\",\"name\":\"Oreillette Bluetooth M8 \u00e0 double oreille st\u00e9r\u00e9o sans fil avec mode tactile - Aigle Shopping Canada\",\"isPartOf\":{\"@id\":\"https:\\\/\\\/aigleshopping.ca\\\/#website\"},\"primaryImageOfPage\":{\"@id\":\"https:\\\/\\\/aigleshopping.ca\\\/fr\\\/produit\\\/oreillette-bluetooth-m8-a-double-oreille-stereo-sans-fil-avec-mode-tactile\\\/#primaryimage\"},\"image\":{\"@id\":\"https:\\\/\\\/aigleshopping.ca\\\/fr\\\/produit\\\/oreillette-bluetooth-m8-a-double-oreille-stereo-sans-fil-avec-mode-tactile\\\/#primaryimage\"},\"thumbnailUrl\":\"https:\\\/\\\/aigleshopping.ca\\\/wp-content\\\/uploads\\\/2025\\\/03\\\/5f912e66-b905-4130-9d22-4ddb7756fcf4.jpg\",\"datePublished\":\"2025-03-07T00:00:48+00:00\",\"breadcrumb\":{\"@id\":\"https:\\\/\\\/aigleshopping.ca\\\/fr\\\/produit\\\/oreillette-bluetooth-m8-a-double-oreille-stereo-sans-fil-avec-mode-tactile\\\/#breadcrumb\"},\"inLanguage\":\"fr-FR\",\"potentialAction\":[{\"@type\":\"ReadAction\",\"target\":[\"https:\\\/\\\/aigleshopping.ca\\\/fr\\\/produit\\\/oreillette-bluetooth-m8-a-double-oreille-stereo-sans-fil-avec-mode-tactile\\\/\"]}]},{\"@type\":\"ImageObject\",\"inLanguage\":\"fr-FR\",\"@id\":\"https:\\\/\\\/aigleshopping.ca\\\/fr\\\/produit\\\/oreillette-bluetooth-m8-a-double-oreille-stereo-sans-fil-avec-mode-tactile\\\/#primaryimage\",\"url\":\"https:\\\/\\\/aigleshopping.ca\\\/wp-content\\\/uploads\\\/2025\\\/03\\\/5f912e66-b905-4130-9d22-4ddb7756fcf4.jpg\",\"contentUrl\":\"https:\\\/\\\/aigleshopping.ca\\\/wp-content\\\/uploads\\\/2025\\\/03\\\/5f912e66-b905-4130-9d22-4ddb7756fcf4.jpg\",\"width\":777,\"height\":720},{\"@type\":\"BreadcrumbList\",\"@id\":\"https:\\\/\\\/aigleshopping.ca\\\/fr\\\/produit\\\/oreillette-bluetooth-m8-a-double-oreille-stereo-sans-fil-avec-mode-tactile\\\/#breadcrumb\",\"itemListElement\":[{\"@type\":\"ListItem\",\"position\":1,\"name\":\"Home\",\"item\":\"https:\\\/\\\/aigleshopping.ca\\\/fr\\\/home\\\/\"},{\"@type\":\"ListItem\",\"position\":2,\"name\":\"Products\",\"item\":\"https:\\\/\\\/aigleshopping.ca\\\/shop\\\/\"},{\"@type\":\"ListItem\",\"position\":3,\"name\":\"Oreillette Bluetooth M8 \u00e0 double oreille st\u00e9r\u00e9o sans fil avec mode tactile\"}]},{\"@type\":\"WebSite\",\"@id\":\"https:\\\/\\\/aigleshopping.ca\\\/#website\",\"url\":\"https:\\\/\\\/aigleshopping.ca\\\/\",\"name\":\"Aigle Shopping Canada\",\"description\":\"Au-del\u00e0 des fronti\u00e8res, pour vous offrir le\u00a0meilleur!\",\"publisher\":{\"@id\":\"https:\\\/\\\/aigleshopping.ca\\\/#organization\"},\"potentialAction\":[{\"@type\":\"SearchAction\",\"target\":{\"@type\":\"EntryPoint\",\"urlTemplate\":\"https:\\\/\\\/aigleshopping.ca\\\/?s={search_term_string}\"},\"query-input\":{\"@type\":\"PropertyValueSpecification\",\"valueRequired\":true,\"valueName\":\"search_term_string\"}}],\"inLanguage\":\"fr-FR\"},{\"@type\":\"Organization\",\"@id\":\"https:\\\/\\\/aigleshopping.ca\\\/#organization\",\"name\":\"Aigle Shopping Canada\",\"url\":\"https:\\\/\\\/aigleshopping.ca\\\/\",\"logo\":{\"@type\":\"ImageObject\",\"inLanguage\":\"fr-FR\",\"@id\":\"https:\\\/\\\/aigleshopping.ca\\\/#\\\/schema\\\/logo\\\/image\\\/\",\"url\":\"https:\\\/\\\/aigleshopping.ca\\\/wp-content\\\/uploads\\\/2025\\\/12\\\/logo_aigleshopping_ca.png\",\"contentUrl\":\"https:\\\/\\\/aigleshopping.ca\\\/wp-content\\\/uploads\\\/2025\\\/12\\\/logo_aigleshopping_ca.png\",\"width\":800,\"height\":233,\"caption\":\"Aigle Shopping Canada\"},\"image\":{\"@id\":\"https:\\\/\\\/aigleshopping.ca\\\/#\\\/schema\\\/logo\\\/image\\\/\"}}]}<\/script>\n<!-- \/ Yoast SEO plugin. -->","yoast_head_json":{"title":"Oreillette Bluetooth M8 \u00e0 double oreille st\u00e9r\u00e9o sans fil avec mode tactile - Aigle Shopping Canada","robots":{"index":"index","follow":"follow","max-snippet":"max-snippet:-1","max-image-preview":"max-image-preview:large","max-video-preview":"max-video-preview:-1"},"canonical":"https:\/\/aigleshopping.ca\/fr\/produit\/oreillette-bluetooth-m8-a-double-oreille-stereo-sans-fil-avec-mode-tactile\/","og_locale":"fr_FR","og_type":"article","og_title":"Oreillette Bluetooth M8 \u00e0 double oreille st\u00e9r\u00e9o sans fil avec mode tactile - Aigle Shopping Canada","og_description":"Fran\u00e7ais : Aper\u00e7u : 1. Bluetooth V5.0, prend en charge la plupart des appareils Bluetooth et une consommation d&rsquo;\u00e9nergie r\u00e9duite 2. Le bo\u00eetier de charge de 250 mAh peut charger compl\u00e8tement 2 \u00e9couteurs environ 5 fois, offrant plus de 24 heures de musique 3. Avec la technologie \u00e9tanche, plus besoin de vous soucier de l&rsquo;eau [&hellip;]","og_url":"https:\/\/aigleshopping.ca\/fr\/produit\/oreillette-bluetooth-m8-a-double-oreille-stereo-sans-fil-avec-mode-tactile\/","og_site_name":"Aigle Shopping Canada","og_image":[{"width":777,"height":720,"url":"https:\/\/aigleshopping.ca\/wp-content\/uploads\/2025\/03\/5f912e66-b905-4130-9d22-4ddb7756fcf4.jpg","type":"image\/jpeg"}],"twitter_card":"summary_large_image","twitter_misc":{"Dur\u00e9e de lecture estim\u00e9e":"1 minute"},"schema":{"@context":"https:\/\/schema.org","@graph":[{"@type":"WebPage","@id":"https:\/\/aigleshopping.ca\/fr\/produit\/oreillette-bluetooth-m8-a-double-oreille-stereo-sans-fil-avec-mode-tactile\/","url":"https:\/\/aigleshopping.ca\/fr\/produit\/oreillette-bluetooth-m8-a-double-oreille-stereo-sans-fil-avec-mode-tactile\/","name":"Oreillette Bluetooth M8 \u00e0 double oreille st\u00e9r\u00e9o sans fil avec mode tactile - Aigle Shopping Canada","isPartOf":{"@id":"https:\/\/aigleshopping.ca\/#website"},"primaryImageOfPage":{"@id":"https:\/\/aigleshopping.ca\/fr\/produit\/oreillette-bluetooth-m8-a-double-oreille-stereo-sans-fil-avec-mode-tactile\/#primaryimage"},"image":{"@id":"https:\/\/aigleshopping.ca\/fr\/produit\/oreillette-bluetooth-m8-a-double-oreille-stereo-sans-fil-avec-mode-tactile\/#primaryimage"},"thumbnailUrl":"https:\/\/aigleshopping.ca\/wp-content\/uploads\/2025\/03\/5f912e66-b905-4130-9d22-4ddb7756fcf4.jpg","datePublished":"2025-03-07T00:00:48+00:00","breadcrumb":{"@id":"https:\/\/aigleshopping.ca\/fr\/produit\/oreillette-bluetooth-m8-a-double-oreille-stereo-sans-fil-avec-mode-tactile\/#breadcrumb"},"inLanguage":"fr-FR","potentialAction":[{"@type":"ReadAction","target":["https:\/\/aigleshopping.ca\/fr\/produit\/oreillette-bluetooth-m8-a-double-oreille-stereo-sans-fil-avec-mode-tactile\/"]}]},{"@type":"ImageObject","inLanguage":"fr-FR","@id":"https:\/\/aigleshopping.ca\/fr\/produit\/oreillette-bluetooth-m8-a-double-oreille-stereo-sans-fil-avec-mode-tactile\/#primaryimage","url":"https:\/\/aigleshopping.ca\/wp-content\/uploads\/2025\/03\/5f912e66-b905-4130-9d22-4ddb7756fcf4.jpg","contentUrl":"https:\/\/aigleshopping.ca\/wp-content\/uploads\/2025\/03\/5f912e66-b905-4130-9d22-4ddb7756fcf4.jpg","width":777,"height":720},{"@type":"BreadcrumbList","@id":"https:\/\/aigleshopping.ca\/fr\/produit\/oreillette-bluetooth-m8-a-double-oreille-stereo-sans-fil-avec-mode-tactile\/#breadcrumb","itemListElement":[{"@type":"ListItem","position":1,"name":"Home","item":"https:\/\/aigleshopping.ca\/fr\/home\/"},{"@type":"ListItem","position":2,"name":"Products","item":"https:\/\/aigleshopping.ca\/shop\/"},{"@type":"ListItem","position":3,"name":"Oreillette Bluetooth M8 \u00e0 double oreille st\u00e9r\u00e9o sans fil avec mode tactile"}]},{"@type":"WebSite","@id":"https:\/\/aigleshopping.ca\/#website","url":"https:\/\/aigleshopping.ca\/","name":"Aigle Shopping Canada","description":"Au-del\u00e0 des fronti\u00e8res, pour vous offrir le\u00a0meilleur!","publisher":{"@id":"https:\/\/aigleshopping.ca\/#organization"},"potentialAction":[{"@type":"SearchAction","target":{"@type":"EntryPoint","urlTemplate":"https:\/\/aigleshopping.ca\/?s={search_term_string}"},"query-input":{"@type":"PropertyValueSpecification","valueRequired":true,"valueName":"search_term_string"}}],"inLanguage":"fr-FR"},{"@type":"Organization","@id":"https:\/\/aigleshopping.ca\/#organization","name":"Aigle Shopping Canada","url":"https:\/\/aigleshopping.ca\/","logo":{"@type":"ImageObject","inLanguage":"fr-FR","@id":"https:\/\/aigleshopping.ca\/#\/schema\/logo\/image\/","url":"https:\/\/aigleshopping.ca\/wp-content\/uploads\/2025\/12\/logo_aigleshopping_ca.png","contentUrl":"https:\/\/aigleshopping.ca\/wp-content\/uploads\/2025\/12\/logo_aigleshopping_ca.png","width":800,"height":233,"caption":"Aigle Shopping Canada"},"image":{"@id":"https:\/\/aigleshopping.ca\/#\/schema\/logo\/image\/"}}]}},"jetpack_sharing_enabled":true,"_links":{"self":[{"href":"https:\/\/aigleshopping.ca\/fr\/wp-json\/wp\/v2\/product\/33075","targetHints":{"allow":["GET"]}}],"collection":[{"href":"https:\/\/aigleshopping.ca\/fr\/wp-json\/wp\/v2\/product"}],"about":[{"href":"https:\/\/aigleshopping.ca\/fr\/wp-json\/wp\/v2\/types\/product"}],"replies":[{"embeddable":true,"href":"https:\/\/aigleshopping.ca\/fr\/wp-json\/wp\/v2\/comments?post=33075"}],"wp:featuredmedia":[{"embeddable":true,"href":"https:\/\/aigleshopping.ca\/fr\/wp-json\/wp\/v2\/media\/11469"}],"wp:attachment":[{"href":"https:\/\/aigleshopping.ca\/fr\/wp-json\/wp\/v2\/media?parent=33075"}],"wp:term":[{"taxonomy":"product_brand","embeddable":true,"href":"https:\/\/aigleshopping.ca\/fr\/wp-json\/wp\/v2\/product_brand?post=33075"},{"taxonomy":"product_cat","embeddable":true,"href":"https:\/\/aigleshopping.ca\/fr\/wp-json\/wp\/v2\/product_cat?post=33075"},{"taxonomy":"product_tag","embeddable":true,"href":"https:\/\/aigleshopping.ca\/fr\/wp-json\/wp\/v2\/product_tag?post=33075"}],"curies":[{"name":"wp","href":"https:\/\/api.w.org\/{rel}","templated":true}]}}