{"id":33076,"date":"2025-03-07T00:04:55","date_gmt":"2025-03-07T00:04:55","guid":{"rendered":"https:\/\/aigleshopping.ca\/produit\/casque-sans-fil-portable-casque-bluetooth-a-basses-puissantes-ecouteurs-bluetooth-a-reduction-de-bruit\/"},"modified":"2025-03-07T00:04:55","modified_gmt":"2025-03-07T00:04:55","slug":"casque-sans-fil-portable-casque-bluetooth-a-basses-puissantes-ecouteurs-bluetooth-a-reduction-de-bruit","status":"publish","type":"product","link":"https:\/\/aigleshopping.ca\/fr\/produit\/casque-sans-fil-portable-casque-bluetooth-a-basses-puissantes-ecouteurs-bluetooth-a-reduction-de-bruit\/","title":{"rendered":"Casque sans fil portable Casque Bluetooth \u00e0 basses puissantes \u00c9couteurs Bluetooth \u00e0 r\u00e9duction de bruit"},"content":{"rendered":"<p> <b>Vue d&rsquo;ensemble :<\/b> <br \/> 1. La fonction Bluetooth + MP3 permet d&rsquo;\u00e9couter de la musique en st\u00e9r\u00e9o, de t\u00e9l\u00e9phoner&#8230; <br \/> 2. Compatible avec tous les appareils audio dot\u00e9s de la fonction Bluetooth, tels que les t\u00e9l\u00e9phones portables, les tablettes PC, les ordinateurs portables, les ordinateurs, etc.    <br \/>  3. La prise audio de 3,5 mm permet une connexion filaire simple d&rsquo;une vari\u00e9t\u00e9 d&rsquo;appareils sans Bluetooth.  <br \/>  4. Vous permet de r\u00e9pondre aux appels t\u00e9l\u00e9phoniques ou de les rejeter \u00e0 tout moment et en tout lieu.  <br \/>  5. Chargement via USB, batterie rechargeable, pratique et commode.  <br \/>  6. Dur\u00e9e de lecture jusqu&rsquo;\u00e0 8~9 heures, dur\u00e9e de conversation jusqu&rsquo;\u00e0 8 heures, dur\u00e9e de veille jusqu&rsquo;\u00e0 250 heures.  <br \/>  7. De bonne qualit\u00e9, pliable, avec des charni\u00e8res r\u00e9glables en longueur, il est tr\u00e8s confortable \u00e0 porter et facile \u00e0 transporter.  <br \/>  8. le meilleur choix pour \u00e9couter de la musique, regarder des films, discuter en ligne, etc.  <br \/>  9. Lumi\u00e8re LED color\u00e9e : La lumi\u00e8re Cool Breathing, brille partout, \u00e0 tout moment.  <\/p>\n<p> <b>Sp\u00e9cification :<\/b> <br \/> Type : Sans fil  <br \/>  Type de casque : casque  <br \/>  M\u00e9thode de port : sur la t\u00eate  <br \/>  Sortie casque source audio : \u00e9quipement de communication  <br \/>  Diam\u00e8tre de la fiche : 3,5 mm  <br \/>  Type de prise : Bluetooth  <br \/>  Casque sans fil : casque sans fil  <br \/>  Y a-t-il un microphone : oui  <br \/>  Principe sonore : bobine mobile  <br \/>  R\u00e9ponse en fr\u00e9quence : 10-10000 (Hz)  <br \/>  Imp\u00e9dance : 32 (\u03a9)  <br \/>  Sensibilit\u00e9 : -45+-3 (dB)  <br \/>  Temps de charge : 1 heure  <br \/>  Autonomie en veille : 360 heures  <br \/>  Dur\u00e9e de conversation : 8 heures  <br \/>  Invite vocale : support  <br \/>  Distance de r\u00e9ception Bluetooth : 10 m\u00e8tres  <br \/>  Capacit\u00e9 de la batterie : 400mA H  <br \/>  Puce Bluetooth : Bluetooth version 5.0  <br \/>  R\u00e9duction du bruit : CVC6.0  <\/p>\n<p> <b>Contenu de l&#8217;emballage :<\/b> <br \/> Liste de colisage : c\u00e2ble audio + c\u00e2ble de donn\u00e9es, \u00e9couteurs*1  <\/p>\n<p> <b> <br \/> <\/b> <\/p>\n<p> <b>Image du produit :<\/b>  <\/p>\n<p> <img decoding=\"async\" src=\"https:\/\/cf.cjdropshipping.com\/d50f99a0-47d4-410e-a37d-94fcdddcef8d.jpg\"> <img decoding=\"async\" src=\"https:\/\/cf.cjdropshipping.com\/f1f7c395-fe2e-4af5-894a-9cea1dcc7a5d.jpg\"> <img decoding=\"async\" src=\"https:\/\/cf.cjdropshipping.com\/f7240900-993e-4ace-b178-1317be2d9cc2.jpg\"> <img decoding=\"async\" src=\"https:\/\/cf.cjdropshipping.com\/f46486cb-f389-48e7-b69f-d79f985be3a3.jpg\">  <\/p>\n","protected":false},"excerpt":{"rendered":"<p>Vue d&rsquo;ensemble : 1. La fonction Bluetooth + MP3 permet d&rsquo;\u00e9couter de la musique en st\u00e9r\u00e9o, de t\u00e9l\u00e9phoner&#8230; 2. Compatible avec tous les appareils audio dot\u00e9s de la fonction Bluetooth, tels que les t\u00e9l\u00e9phones portables, les tablettes PC, les ordinateurs portables, les ordinateurs, etc. 3. La prise audio de 3,5 mm permet une connexion filaire [&hellip;]<\/p>\n","protected":false},"featured_media":11579,"comment_status":"open","ping_status":"closed","template":"","meta":{"content-type":""},"product_brand":[],"product_cat":[753],"product_tag":[],"class_list":{"0":"post-33076","1":"product","2":"type-product","3":"status-publish","4":"has-post-thumbnail","6":"product_cat-casques-decoute","8":"first","9":"instock","10":"taxable","11":"shipping-taxable","12":"purchasable","13":"product-type-variable","14":"add-to-wishlist-after_add_to_cart"},"yoast_head":"<!-- This site is optimized with the Yoast SEO plugin v27.4 - https:\/\/yoast.com\/product\/yoast-seo-wordpress\/ -->\n<title>Casque sans fil portable Casque Bluetooth \u00e0 basses puissantes \u00c9couteurs Bluetooth \u00e0 r\u00e9duction de bruit - Aigle Shopping Canada<\/title>\n<meta name=\"robots\" content=\"index, follow, max-snippet:-1, max-image-preview:large, max-video-preview:-1\" \/>\n<link rel=\"canonical\" href=\"https:\/\/aigleshopping.ca\/fr\/produit\/casque-sans-fil-portable-casque-bluetooth-a-basses-puissantes-ecouteurs-bluetooth-a-reduction-de-bruit\/\" \/>\n<meta property=\"og:locale\" content=\"fr_FR\" \/>\n<meta property=\"og:type\" content=\"article\" \/>\n<meta property=\"og:title\" content=\"Casque sans fil portable Casque Bluetooth \u00e0 basses puissantes \u00c9couteurs Bluetooth \u00e0 r\u00e9duction de bruit - Aigle Shopping Canada\" \/>\n<meta property=\"og:description\" content=\"Vue d&rsquo;ensemble : 1. La fonction Bluetooth + MP3 permet d&rsquo;\u00e9couter de la musique en st\u00e9r\u00e9o, de t\u00e9l\u00e9phoner&#8230; 2. Compatible avec tous les appareils audio dot\u00e9s de la fonction Bluetooth, tels que les t\u00e9l\u00e9phones portables, les tablettes PC, les ordinateurs portables, les ordinateurs, etc. 3. La prise audio de 3,5 mm permet une connexion filaire [&hellip;]\" \/>\n<meta property=\"og:url\" content=\"https:\/\/aigleshopping.ca\/fr\/produit\/casque-sans-fil-portable-casque-bluetooth-a-basses-puissantes-ecouteurs-bluetooth-a-reduction-de-bruit\/\" \/>\n<meta property=\"og:site_name\" content=\"Aigle Shopping Canada\" \/>\n<meta property=\"og:image\" content=\"https:\/\/aigleshopping.ca\/wp-content\/uploads\/2025\/03\/11142c7e-300a-41a8-9fbc-7dd1daf34803.jpg\" \/>\n\t<meta property=\"og:image:width\" content=\"750\" \/>\n\t<meta property=\"og:image:height\" content=\"750\" \/>\n\t<meta property=\"og:image:type\" content=\"image\/jpeg\" \/>\n<meta name=\"twitter:card\" content=\"summary_large_image\" \/>\n<meta name=\"twitter:label1\" content=\"Dur\u00e9e de lecture estim\u00e9e\" \/>\n\t<meta name=\"twitter:data1\" content=\"1 minute\" \/>\n<script type=\"application\/ld+json\" class=\"yoast-schema-graph\">{\"@context\":\"https:\\\/\\\/schema.org\",\"@graph\":[{\"@type\":\"WebPage\",\"@id\":\"https:\\\/\\\/aigleshopping.ca\\\/fr\\\/produit\\\/casque-sans-fil-portable-casque-bluetooth-a-basses-puissantes-ecouteurs-bluetooth-a-reduction-de-bruit\\\/\",\"url\":\"https:\\\/\\\/aigleshopping.ca\\\/fr\\\/produit\\\/casque-sans-fil-portable-casque-bluetooth-a-basses-puissantes-ecouteurs-bluetooth-a-reduction-de-bruit\\\/\",\"name\":\"Casque sans fil portable Casque Bluetooth \u00e0 basses puissantes \u00c9couteurs Bluetooth \u00e0 r\u00e9duction de bruit - Aigle Shopping Canada\",\"isPartOf\":{\"@id\":\"https:\\\/\\\/aigleshopping.ca\\\/#website\"},\"primaryImageOfPage\":{\"@id\":\"https:\\\/\\\/aigleshopping.ca\\\/fr\\\/produit\\\/casque-sans-fil-portable-casque-bluetooth-a-basses-puissantes-ecouteurs-bluetooth-a-reduction-de-bruit\\\/#primaryimage\"},\"image\":{\"@id\":\"https:\\\/\\\/aigleshopping.ca\\\/fr\\\/produit\\\/casque-sans-fil-portable-casque-bluetooth-a-basses-puissantes-ecouteurs-bluetooth-a-reduction-de-bruit\\\/#primaryimage\"},\"thumbnailUrl\":\"https:\\\/\\\/aigleshopping.ca\\\/wp-content\\\/uploads\\\/2025\\\/03\\\/11142c7e-300a-41a8-9fbc-7dd1daf34803.jpg\",\"datePublished\":\"2025-03-07T00:04:55+00:00\",\"breadcrumb\":{\"@id\":\"https:\\\/\\\/aigleshopping.ca\\\/fr\\\/produit\\\/casque-sans-fil-portable-casque-bluetooth-a-basses-puissantes-ecouteurs-bluetooth-a-reduction-de-bruit\\\/#breadcrumb\"},\"inLanguage\":\"fr-FR\",\"potentialAction\":[{\"@type\":\"ReadAction\",\"target\":[\"https:\\\/\\\/aigleshopping.ca\\\/fr\\\/produit\\\/casque-sans-fil-portable-casque-bluetooth-a-basses-puissantes-ecouteurs-bluetooth-a-reduction-de-bruit\\\/\"]}]},{\"@type\":\"ImageObject\",\"inLanguage\":\"fr-FR\",\"@id\":\"https:\\\/\\\/aigleshopping.ca\\\/fr\\\/produit\\\/casque-sans-fil-portable-casque-bluetooth-a-basses-puissantes-ecouteurs-bluetooth-a-reduction-de-bruit\\\/#primaryimage\",\"url\":\"https:\\\/\\\/aigleshopping.ca\\\/wp-content\\\/uploads\\\/2025\\\/03\\\/11142c7e-300a-41a8-9fbc-7dd1daf34803.jpg\",\"contentUrl\":\"https:\\\/\\\/aigleshopping.ca\\\/wp-content\\\/uploads\\\/2025\\\/03\\\/11142c7e-300a-41a8-9fbc-7dd1daf34803.jpg\",\"width\":750,\"height\":750},{\"@type\":\"BreadcrumbList\",\"@id\":\"https:\\\/\\\/aigleshopping.ca\\\/fr\\\/produit\\\/casque-sans-fil-portable-casque-bluetooth-a-basses-puissantes-ecouteurs-bluetooth-a-reduction-de-bruit\\\/#breadcrumb\",\"itemListElement\":[{\"@type\":\"ListItem\",\"position\":1,\"name\":\"Home\",\"item\":\"https:\\\/\\\/aigleshopping.ca\\\/fr\\\/home\\\/\"},{\"@type\":\"ListItem\",\"position\":2,\"name\":\"Products\",\"item\":\"https:\\\/\\\/aigleshopping.ca\\\/shop\\\/\"},{\"@type\":\"ListItem\",\"position\":3,\"name\":\"Casque sans fil portable Casque Bluetooth \u00e0 basses puissantes \u00c9couteurs Bluetooth \u00e0 r\u00e9duction de bruit\"}]},{\"@type\":\"WebSite\",\"@id\":\"https:\\\/\\\/aigleshopping.ca\\\/#website\",\"url\":\"https:\\\/\\\/aigleshopping.ca\\\/\",\"name\":\"Aigle Shopping Canada\",\"description\":\"Au-del\u00e0 des fronti\u00e8res, pour vous offrir le\u00a0meilleur!\",\"publisher\":{\"@id\":\"https:\\\/\\\/aigleshopping.ca\\\/#organization\"},\"potentialAction\":[{\"@type\":\"SearchAction\",\"target\":{\"@type\":\"EntryPoint\",\"urlTemplate\":\"https:\\\/\\\/aigleshopping.ca\\\/?s={search_term_string}\"},\"query-input\":{\"@type\":\"PropertyValueSpecification\",\"valueRequired\":true,\"valueName\":\"search_term_string\"}}],\"inLanguage\":\"fr-FR\"},{\"@type\":\"Organization\",\"@id\":\"https:\\\/\\\/aigleshopping.ca\\\/#organization\",\"name\":\"Aigle Shopping Canada\",\"url\":\"https:\\\/\\\/aigleshopping.ca\\\/\",\"logo\":{\"@type\":\"ImageObject\",\"inLanguage\":\"fr-FR\",\"@id\":\"https:\\\/\\\/aigleshopping.ca\\\/#\\\/schema\\\/logo\\\/image\\\/\",\"url\":\"https:\\\/\\\/aigleshopping.ca\\\/wp-content\\\/uploads\\\/2025\\\/12\\\/logo_aigleshopping_ca.png\",\"contentUrl\":\"https:\\\/\\\/aigleshopping.ca\\\/wp-content\\\/uploads\\\/2025\\\/12\\\/logo_aigleshopping_ca.png\",\"width\":800,\"height\":233,\"caption\":\"Aigle Shopping Canada\"},\"image\":{\"@id\":\"https:\\\/\\\/aigleshopping.ca\\\/#\\\/schema\\\/logo\\\/image\\\/\"}}]}<\/script>\n<!-- \/ Yoast SEO plugin. -->","yoast_head_json":{"title":"Casque sans fil portable Casque Bluetooth \u00e0 basses puissantes \u00c9couteurs Bluetooth \u00e0 r\u00e9duction de bruit - Aigle Shopping Canada","robots":{"index":"index","follow":"follow","max-snippet":"max-snippet:-1","max-image-preview":"max-image-preview:large","max-video-preview":"max-video-preview:-1"},"canonical":"https:\/\/aigleshopping.ca\/fr\/produit\/casque-sans-fil-portable-casque-bluetooth-a-basses-puissantes-ecouteurs-bluetooth-a-reduction-de-bruit\/","og_locale":"fr_FR","og_type":"article","og_title":"Casque sans fil portable Casque Bluetooth \u00e0 basses puissantes \u00c9couteurs Bluetooth \u00e0 r\u00e9duction de bruit - Aigle Shopping Canada","og_description":"Vue d&rsquo;ensemble : 1. La fonction Bluetooth + MP3 permet d&rsquo;\u00e9couter de la musique en st\u00e9r\u00e9o, de t\u00e9l\u00e9phoner&#8230; 2. Compatible avec tous les appareils audio dot\u00e9s de la fonction Bluetooth, tels que les t\u00e9l\u00e9phones portables, les tablettes PC, les ordinateurs portables, les ordinateurs, etc. 3. La prise audio de 3,5 mm permet une connexion filaire [&hellip;]","og_url":"https:\/\/aigleshopping.ca\/fr\/produit\/casque-sans-fil-portable-casque-bluetooth-a-basses-puissantes-ecouteurs-bluetooth-a-reduction-de-bruit\/","og_site_name":"Aigle Shopping Canada","og_image":[{"width":750,"height":750,"url":"https:\/\/aigleshopping.ca\/wp-content\/uploads\/2025\/03\/11142c7e-300a-41a8-9fbc-7dd1daf34803.jpg","type":"image\/jpeg"}],"twitter_card":"summary_large_image","twitter_misc":{"Dur\u00e9e de lecture estim\u00e9e":"1 minute"},"schema":{"@context":"https:\/\/schema.org","@graph":[{"@type":"WebPage","@id":"https:\/\/aigleshopping.ca\/fr\/produit\/casque-sans-fil-portable-casque-bluetooth-a-basses-puissantes-ecouteurs-bluetooth-a-reduction-de-bruit\/","url":"https:\/\/aigleshopping.ca\/fr\/produit\/casque-sans-fil-portable-casque-bluetooth-a-basses-puissantes-ecouteurs-bluetooth-a-reduction-de-bruit\/","name":"Casque sans fil portable Casque Bluetooth \u00e0 basses puissantes \u00c9couteurs Bluetooth \u00e0 r\u00e9duction de bruit - Aigle Shopping Canada","isPartOf":{"@id":"https:\/\/aigleshopping.ca\/#website"},"primaryImageOfPage":{"@id":"https:\/\/aigleshopping.ca\/fr\/produit\/casque-sans-fil-portable-casque-bluetooth-a-basses-puissantes-ecouteurs-bluetooth-a-reduction-de-bruit\/#primaryimage"},"image":{"@id":"https:\/\/aigleshopping.ca\/fr\/produit\/casque-sans-fil-portable-casque-bluetooth-a-basses-puissantes-ecouteurs-bluetooth-a-reduction-de-bruit\/#primaryimage"},"thumbnailUrl":"https:\/\/aigleshopping.ca\/wp-content\/uploads\/2025\/03\/11142c7e-300a-41a8-9fbc-7dd1daf34803.jpg","datePublished":"2025-03-07T00:04:55+00:00","breadcrumb":{"@id":"https:\/\/aigleshopping.ca\/fr\/produit\/casque-sans-fil-portable-casque-bluetooth-a-basses-puissantes-ecouteurs-bluetooth-a-reduction-de-bruit\/#breadcrumb"},"inLanguage":"fr-FR","potentialAction":[{"@type":"ReadAction","target":["https:\/\/aigleshopping.ca\/fr\/produit\/casque-sans-fil-portable-casque-bluetooth-a-basses-puissantes-ecouteurs-bluetooth-a-reduction-de-bruit\/"]}]},{"@type":"ImageObject","inLanguage":"fr-FR","@id":"https:\/\/aigleshopping.ca\/fr\/produit\/casque-sans-fil-portable-casque-bluetooth-a-basses-puissantes-ecouteurs-bluetooth-a-reduction-de-bruit\/#primaryimage","url":"https:\/\/aigleshopping.ca\/wp-content\/uploads\/2025\/03\/11142c7e-300a-41a8-9fbc-7dd1daf34803.jpg","contentUrl":"https:\/\/aigleshopping.ca\/wp-content\/uploads\/2025\/03\/11142c7e-300a-41a8-9fbc-7dd1daf34803.jpg","width":750,"height":750},{"@type":"BreadcrumbList","@id":"https:\/\/aigleshopping.ca\/fr\/produit\/casque-sans-fil-portable-casque-bluetooth-a-basses-puissantes-ecouteurs-bluetooth-a-reduction-de-bruit\/#breadcrumb","itemListElement":[{"@type":"ListItem","position":1,"name":"Home","item":"https:\/\/aigleshopping.ca\/fr\/home\/"},{"@type":"ListItem","position":2,"name":"Products","item":"https:\/\/aigleshopping.ca\/shop\/"},{"@type":"ListItem","position":3,"name":"Casque sans fil portable Casque Bluetooth \u00e0 basses puissantes \u00c9couteurs Bluetooth \u00e0 r\u00e9duction de bruit"}]},{"@type":"WebSite","@id":"https:\/\/aigleshopping.ca\/#website","url":"https:\/\/aigleshopping.ca\/","name":"Aigle Shopping Canada","description":"Au-del\u00e0 des fronti\u00e8res, pour vous offrir le\u00a0meilleur!","publisher":{"@id":"https:\/\/aigleshopping.ca\/#organization"},"potentialAction":[{"@type":"SearchAction","target":{"@type":"EntryPoint","urlTemplate":"https:\/\/aigleshopping.ca\/?s={search_term_string}"},"query-input":{"@type":"PropertyValueSpecification","valueRequired":true,"valueName":"search_term_string"}}],"inLanguage":"fr-FR"},{"@type":"Organization","@id":"https:\/\/aigleshopping.ca\/#organization","name":"Aigle Shopping Canada","url":"https:\/\/aigleshopping.ca\/","logo":{"@type":"ImageObject","inLanguage":"fr-FR","@id":"https:\/\/aigleshopping.ca\/#\/schema\/logo\/image\/","url":"https:\/\/aigleshopping.ca\/wp-content\/uploads\/2025\/12\/logo_aigleshopping_ca.png","contentUrl":"https:\/\/aigleshopping.ca\/wp-content\/uploads\/2025\/12\/logo_aigleshopping_ca.png","width":800,"height":233,"caption":"Aigle Shopping Canada"},"image":{"@id":"https:\/\/aigleshopping.ca\/#\/schema\/logo\/image\/"}}]}},"jetpack_sharing_enabled":true,"_links":{"self":[{"href":"https:\/\/aigleshopping.ca\/fr\/wp-json\/wp\/v2\/product\/33076","targetHints":{"allow":["GET"]}}],"collection":[{"href":"https:\/\/aigleshopping.ca\/fr\/wp-json\/wp\/v2\/product"}],"about":[{"href":"https:\/\/aigleshopping.ca\/fr\/wp-json\/wp\/v2\/types\/product"}],"replies":[{"embeddable":true,"href":"https:\/\/aigleshopping.ca\/fr\/wp-json\/wp\/v2\/comments?post=33076"}],"wp:featuredmedia":[{"embeddable":true,"href":"https:\/\/aigleshopping.ca\/fr\/wp-json\/wp\/v2\/media\/11579"}],"wp:attachment":[{"href":"https:\/\/aigleshopping.ca\/fr\/wp-json\/wp\/v2\/media?parent=33076"}],"wp:term":[{"taxonomy":"product_brand","embeddable":true,"href":"https:\/\/aigleshopping.ca\/fr\/wp-json\/wp\/v2\/product_brand?post=33076"},{"taxonomy":"product_cat","embeddable":true,"href":"https:\/\/aigleshopping.ca\/fr\/wp-json\/wp\/v2\/product_cat?post=33076"},{"taxonomy":"product_tag","embeddable":true,"href":"https:\/\/aigleshopping.ca\/fr\/wp-json\/wp\/v2\/product_tag?post=33076"}],"curies":[{"name":"wp","href":"https:\/\/api.w.org\/{rel}","templated":true}]}}