{"id":33084,"date":"2025-03-07T00:01:48","date_gmt":"2025-03-07T00:01:48","guid":{"rendered":"https:\/\/aigleshopping.ca\/produit\/casque-decoute-intelligent-a-reduction-de-bruit\/"},"modified":"2025-03-07T00:01:48","modified_gmt":"2025-03-07T00:01:48","slug":"casque-decoute-intelligent-a-reduction-de-bruit","status":"publish","type":"product","link":"https:\/\/aigleshopping.ca\/fr\/produit\/casque-decoute-intelligent-a-reduction-de-bruit\/","title":{"rendered":"Casque d&rsquo;\u00e9coute intelligent \u00e0 r\u00e9duction de bruit"},"content":{"rendered":"<p>  Mod\u00e8le : L2 <br \/> Version Bluetooth : 5.0 <br \/> Utilisation de planches en bois : 8-15 m\u00e8tres <br \/> Capacit\u00e9 de la batterie du casque : 50 mAh + 50 mAh <br \/> Temps de charge du casque : environ 30 minutes <br \/> Temps d&rsquo;\u00e9coute unique : environ 4 heures <br \/> Poids de l&rsquo;oreille unique : environ 3,9 grammes <br \/> Capacit\u00e9 de l&rsquo;entrep\u00f4t de charge : 350 mAh <br \/> Chargement du casque : environ 3 fois  <\/p>\n<p> <img decoding=\"async\" src=\"https:\/\/cf.cjdropshipping.com\/fa6955b9-5fef-420c-8a2f-2de853f662af.jpg\"> <img decoding=\"async\" src=\"https:\/\/cf.cjdropshipping.com\/64a0d40d-f87c-4fc5-bc76-b8318e1da472.jpg\"> <img decoding=\"async\" src=\"https:\/\/cf.cjdropshipping.com\/ba1aedd9-9810-4bcd-bff1-8616b2610851.jpg\"> <img decoding=\"async\" src=\"https:\/\/cf.cjdropshipping.com\/f5148055-7ad9-40f7-95c2-362ac6ff3bb3.jpg\"> <img decoding=\"async\" src=\"https:\/\/cf.cjdropshipping.com\/15dc7dc6-59ef-4d25-86bb-1f9c344e6ee2.jpg\"> <img decoding=\"async\" src=\"https:\/\/cf.cjdropshipping.com\/4bbf556f-1187-48ae-8b95-40f1d7877507.jpg\"> <img decoding=\"async\" src=\"https:\/\/cf.cjdropshipping.com\/a6bc7c60-693c-43da-8328-2c99b0cad729.jpg\"> <img decoding=\"async\" src=\"https:\/\/cf.cjdropshipping.com\/79670a5c-a96a-4ab4-8274-16f5fd46d45f.jpg\"> <img decoding=\"async\" src=\"https:\/\/cf.cjdropshipping.com\/2c57ff69-5c00-45c4-a1e7-eb9648073d54.jpg\"> <img decoding=\"async\" src=\"https:\/\/cf.cjdropshipping.com\/957ae703-e977-4e30-9b80-2ad9570183c4.jpg\">  <\/p>\n","protected":false},"excerpt":{"rendered":"<p>Mod\u00e8le : L2 Version Bluetooth : 5.0 Utilisation de planches en bois : 8-15 m\u00e8tres Capacit\u00e9 de la batterie du casque : 50 mAh + 50 mAh Temps de charge du casque : environ 30 minutes Temps d&rsquo;\u00e9coute unique : environ 4 heures Poids de l&rsquo;oreille unique : environ 3,9 grammes Capacit\u00e9 de l&rsquo;entrep\u00f4t de [&hellip;]<\/p>\n","protected":false},"featured_media":11495,"comment_status":"open","ping_status":"closed","template":"","meta":{"content-type":""},"product_brand":[],"product_cat":[755],"product_tag":[],"class_list":{"0":"post-33084","1":"product","2":"type-product","3":"status-publish","4":"has-post-thumbnail","6":"product_cat-casques-sans-fil","8":"first","9":"instock","10":"taxable","11":"shipping-taxable","12":"purchasable","13":"product-type-variable","14":"add-to-wishlist-after_add_to_cart"},"yoast_head":"<!-- This site is optimized with the Yoast SEO plugin v27.4 - https:\/\/yoast.com\/product\/yoast-seo-wordpress\/ -->\n<title>Casque d&#039;\u00e9coute intelligent \u00e0 r\u00e9duction de bruit - Aigle Shopping Canada<\/title>\n<meta name=\"robots\" content=\"index, follow, max-snippet:-1, max-image-preview:large, max-video-preview:-1\" \/>\n<link rel=\"canonical\" href=\"https:\/\/aigleshopping.ca\/fr\/produit\/casque-decoute-intelligent-a-reduction-de-bruit\/\" \/>\n<meta property=\"og:locale\" content=\"fr_FR\" \/>\n<meta property=\"og:type\" content=\"article\" \/>\n<meta property=\"og:title\" content=\"Casque d&#039;\u00e9coute intelligent \u00e0 r\u00e9duction de bruit - Aigle Shopping Canada\" \/>\n<meta property=\"og:description\" content=\"Mod\u00e8le : L2 Version Bluetooth : 5.0 Utilisation de planches en bois : 8-15 m\u00e8tres Capacit\u00e9 de la batterie du casque : 50 mAh + 50 mAh Temps de charge du casque : environ 30 minutes Temps d&rsquo;\u00e9coute unique : environ 4 heures Poids de l&rsquo;oreille unique : environ 3,9 grammes Capacit\u00e9 de l&rsquo;entrep\u00f4t de [&hellip;]\" \/>\n<meta property=\"og:url\" content=\"https:\/\/aigleshopping.ca\/fr\/produit\/casque-decoute-intelligent-a-reduction-de-bruit\/\" \/>\n<meta property=\"og:site_name\" content=\"Aigle Shopping Canada\" \/>\n<meta property=\"og:image\" content=\"https:\/\/aigleshopping.ca\/wp-content\/uploads\/2025\/03\/2513637698837.jpg\" \/>\n\t<meta property=\"og:image:width\" content=\"1000\" \/>\n\t<meta property=\"og:image:height\" content=\"1000\" \/>\n\t<meta property=\"og:image:type\" content=\"image\/jpeg\" \/>\n<meta name=\"twitter:card\" content=\"summary_large_image\" \/>\n<script type=\"application\/ld+json\" class=\"yoast-schema-graph\">{\"@context\":\"https:\\\/\\\/schema.org\",\"@graph\":[{\"@type\":\"WebPage\",\"@id\":\"https:\\\/\\\/aigleshopping.ca\\\/fr\\\/produit\\\/casque-decoute-intelligent-a-reduction-de-bruit\\\/\",\"url\":\"https:\\\/\\\/aigleshopping.ca\\\/fr\\\/produit\\\/casque-decoute-intelligent-a-reduction-de-bruit\\\/\",\"name\":\"Casque d'\u00e9coute intelligent \u00e0 r\u00e9duction de bruit - Aigle Shopping Canada\",\"isPartOf\":{\"@id\":\"https:\\\/\\\/aigleshopping.ca\\\/#website\"},\"primaryImageOfPage\":{\"@id\":\"https:\\\/\\\/aigleshopping.ca\\\/fr\\\/produit\\\/casque-decoute-intelligent-a-reduction-de-bruit\\\/#primaryimage\"},\"image\":{\"@id\":\"https:\\\/\\\/aigleshopping.ca\\\/fr\\\/produit\\\/casque-decoute-intelligent-a-reduction-de-bruit\\\/#primaryimage\"},\"thumbnailUrl\":\"https:\\\/\\\/aigleshopping.ca\\\/wp-content\\\/uploads\\\/2025\\\/03\\\/2513637698837.jpg\",\"datePublished\":\"2025-03-07T00:01:48+00:00\",\"breadcrumb\":{\"@id\":\"https:\\\/\\\/aigleshopping.ca\\\/fr\\\/produit\\\/casque-decoute-intelligent-a-reduction-de-bruit\\\/#breadcrumb\"},\"inLanguage\":\"fr-FR\",\"potentialAction\":[{\"@type\":\"ReadAction\",\"target\":[\"https:\\\/\\\/aigleshopping.ca\\\/fr\\\/produit\\\/casque-decoute-intelligent-a-reduction-de-bruit\\\/\"]}]},{\"@type\":\"ImageObject\",\"inLanguage\":\"fr-FR\",\"@id\":\"https:\\\/\\\/aigleshopping.ca\\\/fr\\\/produit\\\/casque-decoute-intelligent-a-reduction-de-bruit\\\/#primaryimage\",\"url\":\"https:\\\/\\\/aigleshopping.ca\\\/wp-content\\\/uploads\\\/2025\\\/03\\\/2513637698837.jpg\",\"contentUrl\":\"https:\\\/\\\/aigleshopping.ca\\\/wp-content\\\/uploads\\\/2025\\\/03\\\/2513637698837.jpg\",\"width\":1000,\"height\":1000},{\"@type\":\"BreadcrumbList\",\"@id\":\"https:\\\/\\\/aigleshopping.ca\\\/fr\\\/produit\\\/casque-decoute-intelligent-a-reduction-de-bruit\\\/#breadcrumb\",\"itemListElement\":[{\"@type\":\"ListItem\",\"position\":1,\"name\":\"Home\",\"item\":\"https:\\\/\\\/aigleshopping.ca\\\/fr\\\/home\\\/\"},{\"@type\":\"ListItem\",\"position\":2,\"name\":\"Products\",\"item\":\"https:\\\/\\\/aigleshopping.ca\\\/shop\\\/\"},{\"@type\":\"ListItem\",\"position\":3,\"name\":\"Casque d&#8217;\u00e9coute intelligent \u00e0 r\u00e9duction de bruit\"}]},{\"@type\":\"WebSite\",\"@id\":\"https:\\\/\\\/aigleshopping.ca\\\/#website\",\"url\":\"https:\\\/\\\/aigleshopping.ca\\\/\",\"name\":\"Aigle Shopping Canada\",\"description\":\"Au-del\u00e0 des fronti\u00e8res, pour vous offrir le\u00a0meilleur!\",\"publisher\":{\"@id\":\"https:\\\/\\\/aigleshopping.ca\\\/#organization\"},\"potentialAction\":[{\"@type\":\"SearchAction\",\"target\":{\"@type\":\"EntryPoint\",\"urlTemplate\":\"https:\\\/\\\/aigleshopping.ca\\\/?s={search_term_string}\"},\"query-input\":{\"@type\":\"PropertyValueSpecification\",\"valueRequired\":true,\"valueName\":\"search_term_string\"}}],\"inLanguage\":\"fr-FR\"},{\"@type\":\"Organization\",\"@id\":\"https:\\\/\\\/aigleshopping.ca\\\/#organization\",\"name\":\"Aigle Shopping Canada\",\"url\":\"https:\\\/\\\/aigleshopping.ca\\\/\",\"logo\":{\"@type\":\"ImageObject\",\"inLanguage\":\"fr-FR\",\"@id\":\"https:\\\/\\\/aigleshopping.ca\\\/#\\\/schema\\\/logo\\\/image\\\/\",\"url\":\"https:\\\/\\\/aigleshopping.ca\\\/wp-content\\\/uploads\\\/2025\\\/12\\\/logo_aigleshopping_ca.png\",\"contentUrl\":\"https:\\\/\\\/aigleshopping.ca\\\/wp-content\\\/uploads\\\/2025\\\/12\\\/logo_aigleshopping_ca.png\",\"width\":800,\"height\":233,\"caption\":\"Aigle Shopping Canada\"},\"image\":{\"@id\":\"https:\\\/\\\/aigleshopping.ca\\\/#\\\/schema\\\/logo\\\/image\\\/\"}}]}<\/script>\n<!-- \/ Yoast SEO plugin. -->","yoast_head_json":{"title":"Casque d'\u00e9coute intelligent \u00e0 r\u00e9duction de bruit - Aigle Shopping Canada","robots":{"index":"index","follow":"follow","max-snippet":"max-snippet:-1","max-image-preview":"max-image-preview:large","max-video-preview":"max-video-preview:-1"},"canonical":"https:\/\/aigleshopping.ca\/fr\/produit\/casque-decoute-intelligent-a-reduction-de-bruit\/","og_locale":"fr_FR","og_type":"article","og_title":"Casque d'\u00e9coute intelligent \u00e0 r\u00e9duction de bruit - Aigle Shopping Canada","og_description":"Mod\u00e8le : L2 Version Bluetooth : 5.0 Utilisation de planches en bois : 8-15 m\u00e8tres Capacit\u00e9 de la batterie du casque : 50 mAh + 50 mAh Temps de charge du casque : environ 30 minutes Temps d&rsquo;\u00e9coute unique : environ 4 heures Poids de l&rsquo;oreille unique : environ 3,9 grammes Capacit\u00e9 de l&rsquo;entrep\u00f4t de [&hellip;]","og_url":"https:\/\/aigleshopping.ca\/fr\/produit\/casque-decoute-intelligent-a-reduction-de-bruit\/","og_site_name":"Aigle Shopping Canada","og_image":[{"width":1000,"height":1000,"url":"https:\/\/aigleshopping.ca\/wp-content\/uploads\/2025\/03\/2513637698837.jpg","type":"image\/jpeg"}],"twitter_card":"summary_large_image","schema":{"@context":"https:\/\/schema.org","@graph":[{"@type":"WebPage","@id":"https:\/\/aigleshopping.ca\/fr\/produit\/casque-decoute-intelligent-a-reduction-de-bruit\/","url":"https:\/\/aigleshopping.ca\/fr\/produit\/casque-decoute-intelligent-a-reduction-de-bruit\/","name":"Casque d'\u00e9coute intelligent \u00e0 r\u00e9duction de bruit - Aigle Shopping Canada","isPartOf":{"@id":"https:\/\/aigleshopping.ca\/#website"},"primaryImageOfPage":{"@id":"https:\/\/aigleshopping.ca\/fr\/produit\/casque-decoute-intelligent-a-reduction-de-bruit\/#primaryimage"},"image":{"@id":"https:\/\/aigleshopping.ca\/fr\/produit\/casque-decoute-intelligent-a-reduction-de-bruit\/#primaryimage"},"thumbnailUrl":"https:\/\/aigleshopping.ca\/wp-content\/uploads\/2025\/03\/2513637698837.jpg","datePublished":"2025-03-07T00:01:48+00:00","breadcrumb":{"@id":"https:\/\/aigleshopping.ca\/fr\/produit\/casque-decoute-intelligent-a-reduction-de-bruit\/#breadcrumb"},"inLanguage":"fr-FR","potentialAction":[{"@type":"ReadAction","target":["https:\/\/aigleshopping.ca\/fr\/produit\/casque-decoute-intelligent-a-reduction-de-bruit\/"]}]},{"@type":"ImageObject","inLanguage":"fr-FR","@id":"https:\/\/aigleshopping.ca\/fr\/produit\/casque-decoute-intelligent-a-reduction-de-bruit\/#primaryimage","url":"https:\/\/aigleshopping.ca\/wp-content\/uploads\/2025\/03\/2513637698837.jpg","contentUrl":"https:\/\/aigleshopping.ca\/wp-content\/uploads\/2025\/03\/2513637698837.jpg","width":1000,"height":1000},{"@type":"BreadcrumbList","@id":"https:\/\/aigleshopping.ca\/fr\/produit\/casque-decoute-intelligent-a-reduction-de-bruit\/#breadcrumb","itemListElement":[{"@type":"ListItem","position":1,"name":"Home","item":"https:\/\/aigleshopping.ca\/fr\/home\/"},{"@type":"ListItem","position":2,"name":"Products","item":"https:\/\/aigleshopping.ca\/shop\/"},{"@type":"ListItem","position":3,"name":"Casque d&#8217;\u00e9coute intelligent \u00e0 r\u00e9duction de bruit"}]},{"@type":"WebSite","@id":"https:\/\/aigleshopping.ca\/#website","url":"https:\/\/aigleshopping.ca\/","name":"Aigle Shopping Canada","description":"Au-del\u00e0 des fronti\u00e8res, pour vous offrir le\u00a0meilleur!","publisher":{"@id":"https:\/\/aigleshopping.ca\/#organization"},"potentialAction":[{"@type":"SearchAction","target":{"@type":"EntryPoint","urlTemplate":"https:\/\/aigleshopping.ca\/?s={search_term_string}"},"query-input":{"@type":"PropertyValueSpecification","valueRequired":true,"valueName":"search_term_string"}}],"inLanguage":"fr-FR"},{"@type":"Organization","@id":"https:\/\/aigleshopping.ca\/#organization","name":"Aigle Shopping Canada","url":"https:\/\/aigleshopping.ca\/","logo":{"@type":"ImageObject","inLanguage":"fr-FR","@id":"https:\/\/aigleshopping.ca\/#\/schema\/logo\/image\/","url":"https:\/\/aigleshopping.ca\/wp-content\/uploads\/2025\/12\/logo_aigleshopping_ca.png","contentUrl":"https:\/\/aigleshopping.ca\/wp-content\/uploads\/2025\/12\/logo_aigleshopping_ca.png","width":800,"height":233,"caption":"Aigle Shopping Canada"},"image":{"@id":"https:\/\/aigleshopping.ca\/#\/schema\/logo\/image\/"}}]}},"jetpack_sharing_enabled":true,"_links":{"self":[{"href":"https:\/\/aigleshopping.ca\/fr\/wp-json\/wp\/v2\/product\/33084","targetHints":{"allow":["GET"]}}],"collection":[{"href":"https:\/\/aigleshopping.ca\/fr\/wp-json\/wp\/v2\/product"}],"about":[{"href":"https:\/\/aigleshopping.ca\/fr\/wp-json\/wp\/v2\/types\/product"}],"replies":[{"embeddable":true,"href":"https:\/\/aigleshopping.ca\/fr\/wp-json\/wp\/v2\/comments?post=33084"}],"wp:featuredmedia":[{"embeddable":true,"href":"https:\/\/aigleshopping.ca\/fr\/wp-json\/wp\/v2\/media\/11495"}],"wp:attachment":[{"href":"https:\/\/aigleshopping.ca\/fr\/wp-json\/wp\/v2\/media?parent=33084"}],"wp:term":[{"taxonomy":"product_brand","embeddable":true,"href":"https:\/\/aigleshopping.ca\/fr\/wp-json\/wp\/v2\/product_brand?post=33084"},{"taxonomy":"product_cat","embeddable":true,"href":"https:\/\/aigleshopping.ca\/fr\/wp-json\/wp\/v2\/product_cat?post=33084"},{"taxonomy":"product_tag","embeddable":true,"href":"https:\/\/aigleshopping.ca\/fr\/wp-json\/wp\/v2\/product_tag?post=33084"}],"curies":[{"name":"wp","href":"https:\/\/api.w.org\/{rel}","templated":true}]}}