{"id":33085,"date":"2025-03-07T00:06:21","date_gmt":"2025-03-07T00:06:21","guid":{"rendered":"https:\/\/aigleshopping.ca\/produit\/mignon-casque-stereo-sans-fil-bluetooth-5-0\/"},"modified":"2025-03-07T00:06:21","modified_gmt":"2025-03-07T00:06:21","slug":"mignon-casque-stereo-sans-fil-bluetooth-5-0","status":"publish","type":"product","link":"https:\/\/aigleshopping.ca\/fr\/produit\/mignon-casque-stereo-sans-fil-bluetooth-5-0\/","title":{"rendered":"Mignon Casque st\u00e9r\u00e9o sans fil Bluetooth 5.0"},"content":{"rendered":"<p> <span style=\"font-weight: bold\"> <font style=\"vertical-align: inherit\"><\/font> <\/span> <br \/> <font style=\"vertical-align: inherit\"> <font style=\"vertical-align: inherit\">1. Parce que l&rsquo; \u00e9couteur  <\/font> <\/font> <br \/> <font style=\"vertical-align: inherit\"> <font style=\"vertical-align: inherit\">est relativement sale, sa partie de couverture en maille est devenue le centre de protection. Tout d&rsquo;abord, il doit \u00eatre nettoy\u00e9 et la partie de l&rsquo;unit\u00e9 ne doit pas \u00eatre expos\u00e9e \u00e0 une poussi\u00e8re excessive.   <\/font> <span style=\"font-weight: bold\"> <font style=\"vertical-align: inherit\">2<\/font> <\/span> <\/font> <br \/> <font style=\"vertical-align: inherit\"> <font style=\"vertical-align: inherit\">  , la ligne du casque est plus d\u00e9licate, donc au cours de l&rsquo;utilisation, il faut essayer d&rsquo;\u00e9viter la traction, la forte pression et d&rsquo;autres dommages caus\u00e9s par l&rsquo;homme.  <\/font> <\/font> <br \/> <font style=\"vertical-align: inherit\"> <font style=\"vertical-align: inherit\">3, les \u00e9couteurs nouvellement achet\u00e9s essaient de ne pas jouer imm\u00e9diatement \u00e0 des jeux CS. Parce que les diff\u00e9rents effets sonores de CS sont relativement irritants pour les nouveaux \u00e9couteurs avec des diaphragmes serr\u00e9s. Par cons\u00e9quent, vous devez d&rsquo;abord effectuer les r\u00e9glages appropri\u00e9s avec une musique plus apaisante, puis l&rsquo;utiliser lentement apr\u00e8s \u00eatre entr\u00e9 dans l&rsquo;\u00e9tat.    <\/font> <\/font> <br \/> <font style=\"vertical-align: inherit\"> <font style=\"vertical-align: inherit\">4. Peu importe qu&rsquo;il s&rsquo;agisse d&rsquo;\u00e9couteurs, ils sont relativement fragiles. Il ne peut pas r\u00e9sister aux coups fr\u00e9quents. Ce qui est plus terrible que de tomber, c&rsquo;est que les \u00e9couteurs ne touchent pas directement le sol apr\u00e8s \u00eatre tomb\u00e9s d&rsquo;une hauteur, mais ils sont suspendus par certaines choses. Dans l&rsquo;air, les dommages au c\u00e2ble du casque sont les plus importants au moment de la \u00a0\u00bb traction \u00ab\u00a0, nous devons donc essayer d&rsquo;\u00e9viter cette situation.   <\/font> <\/font> <\/p>\n<p>  <span style=\"font-weight: bold\"> <font style=\"vertical-align: inherit\"> <font style=\"vertical-align: inherit\">Fran\u00e7ais : Sp\u00e9cification<\/font> <\/font> <\/span> <br \/> <font style=\"vertical-align: inherit\"> <font style=\"vertical-align: inherit\"> Type d&rsquo;article : casque <\/font> <\/font>  <br \/> <font style=\"vertical-align: inherit\"> <font style=\"vertical-align: inherit\">Distance de travail : 20 m  <\/font> <\/font> <br \/> <font style=\"vertical-align: inherit\"> <font style=\"vertical-align: inherit\">Version Bluetooth : Bluetooth 5.0  <\/font> <\/font> <br \/> <font style=\"vertical-align: inherit\"> <font style=\"vertical-align: inherit\">Batterie : 400 mAh, batterie lithium-ion rechargeable int\u00e9gr\u00e9e  <\/font> <\/font> <br \/> <font style=\"vertical-align: inherit\"> <font style=\"vertical-align: inherit\">Tension de charge : 5 V\/1 A  <\/font> <\/font> <br \/> <font style=\"vertical-align: inherit\"> <font style=\"vertical-align: inherit\">Temps de charge : environ 2,5 heures  <\/font> <\/font> <br \/> <font style=\"vertical-align: inherit\"> <font style=\"vertical-align: inherit\">Temps de conversation\/musique : les lumi\u00e8res LED s&rsquo;allument pendant environ 7 heures\/s&rsquo;\u00e9teignent pendant environ 12 heures  <\/font> <\/font> <br \/> <font style=\"vertical-align: inherit\"> <font style=\"vertical-align: inherit\">Imp\u00e9dance : 32 \u03a9  <\/font> <\/font> <br \/> <font style=\"vertical-align: inherit\"> <font style=\"vertical-align: inherit\">Sensibilit\u00e9 : 105 \u00b1 13 db  <\/font> <\/font> <br \/> <font style=\"vertical-align: inherit\"> <font style=\"vertical-align: inherit\">Technologie de limitation du volume sans danger pour les enfants, la technologie de contr\u00f4le du volume garantit que le son est dans les niveaux recommand\u00e9s sans danger pour les enfants.  <\/font> <\/font> <br \/> <font style=\"vertical-align: inherit\"> <font style=\"vertical-align: inherit\">Le bandeau peut \u00eatre pli\u00e9, son design compact se glisse parfaitement dans votre sac ou sac \u00e0 dos.  <\/font> <\/font> <br \/> <font style=\"vertical-align: inherit\"> <font style=\"vertical-align: inherit\">Les \u00e9couteurs Bluetooth fonctionnent avec les smartphones, tels que l&rsquo;iPhone, l&rsquo;iPad, Samsung, les tablettes et autres appareils Android.  <\/font> <\/font> <br \/> <font style=\"vertical-align: inherit\"> <font style=\"vertical-align: inherit\">Il dispose \u00e9galement d&rsquo;un port audio standard de 3,5 mm. Lorsque vous utilisez un c\u00e2ble audio pour connecter votre casque et votre appareil, le mode Bluetooth sera ferm\u00e9.   <\/font> <\/font> <br \/> <font style=\"vertical-align: inherit\"> <font style=\"vertical-align: inherit\">Profil de prise en charge : Prise en charge du profil A2DP\/AVCTP\/AVDTP\/AVRCP\/HFP\/SPP\/SMP\/ATT\/GAP\/GATT\/RFCOMM\/SDP\/L2CAP<\/font> <\/font> <br \/> <span style=\"font-weight: bold\"> <br \/> <\/span> <\/p>\n<p>  <span style=\"font-weight: bold\"> <font style=\"vertical-align: inherit\"> <font style=\"vertical-align: inherit\">Contenu du paquet<\/font> <\/font> <\/span> <br \/> <font style=\"vertical-align: inherit\"> <font style=\"vertical-align: inherit\"> 1 x casque Bluetooth <\/font> <\/font>  <br \/> <font style=\"vertical-align: inherit\"> <font style=\"vertical-align: inherit\">1 x c\u00e2ble de chargement USB  <\/font> <\/font> <br \/> <font style=\"vertical-align: inherit\"> <font style=\"vertical-align: inherit\">1 x c\u00e2ble audio  <\/font> <\/font> <br \/> <font style=\"vertical-align: inherit\"> <font style=\"vertical-align: inherit\">1 x manuel d&rsquo;utilisation  <\/font> <\/font> <br \/> <font style=\"vertical-align: inherit\"> <font style=\"vertical-align: inherit\">1 x bo\u00eete d&#8217;emballage<\/font> <\/font>  <\/p>\n<p> &nbsp; <img decoding=\"async\" alt=\"gGmXgvmgzdQG6PFNd0UNoPr+sRrNQjUqGr47\" src=\"https:\/\/cbu01.alicdn.com\/img\/ibank\/2019\/114\/407\/11721704411_644743985.jpg\"> <\/p>\n<p> <img decoding=\"async\" alt=\"ind\u00e9fini\" src=\"https:\/\/cbu01.alicdn.com\/img\/ibank\/2019\/141\/017\/11721710141_644743985.jpg\"> <\/p>\n<p> <img decoding=\"async\" alt=\"ind\u00e9fini\" src=\"https:\/\/cbu01.alicdn.com\/img\/ibank\/2019\/694\/254\/11653452496_644743985.jpg\"> <\/p>\n<p> <img decoding=\"async\" alt=\"ind\u00e9fini\" src=\"https:\/\/cbu01.alicdn.com\/img\/ibank\/2019\/911\/108\/11689801119_644743985.jpg\"> <\/p>\n<p> <img decoding=\"async\" alt=\"ind\u00e9fini\" src=\"https:\/\/cbu01.alicdn.com\/img\/ibank\/2019\/494\/107\/11721701494_644743985.jpg\"> <\/p>\n<p> <img decoding=\"async\" alt=\"ind\u00e9fini\" src=\"https:\/\/cbu01.alicdn.com\/img\/ibank\/2019\/302\/164\/11653461203_644743985.jpg\"> <\/p>\n<p> <img fetchpriority=\"high\" decoding=\"async\" alt=\"ind\u00e9fini\" height=\"790\" src=\"https:\/\/cbu01.alicdn.com\/img\/ibank\/2019\/560\/374\/11653473065_644743985.jpg\" width=\"790\"> <\/p>\n<p> <img decoding=\"async\" alt=\"ind\u00e9fini\" height=\"790\" src=\"https:\/\/cbu01.alicdn.com\/img\/ibank\/2019\/699\/686\/11721686996_644743985.jpg\" width=\"790\"> <\/p>\n<p> <img decoding=\"async\" alt=\"ind\u00e9fini\" src=\"https:\/\/cbu01.alicdn.com\/img\/ibank\/2019\/918\/687\/11689786819_644743985.jpg\"> <\/p>\n<p> <img decoding=\"async\" alt=\"ind\u00e9fini\" src=\"https:\/\/cbu01.alicdn.com\/img\/ibank\/2019\/911\/617\/11721716119_644743985.jpg\"> <\/p>\n<p> <img decoding=\"async\" alt=\"ind\u00e9fini\" src=\"https:\/\/cbu01.alicdn.com\/img\/ibank\/2019\/670\/284\/11653482076_644743985.jpg\"> <\/p>\n<p> <img decoding=\"async\" alt=\"ind\u00e9fini\" src=\"https:\/\/cbu01.alicdn.com\/img\/ibank\/2019\/918\/987\/11689789819_644743985.jpg\"> <\/p>\n<p> <img decoding=\"async\" alt=\"ind\u00e9fini\" height=\"592.5\" src=\"https:\/\/cbu01.alicdn.com\/img\/ibank\/2019\/018\/944\/11653449810_644743985.jpg\" width=\"790\"> <\/p>\n<p> <img decoding=\"async\" alt=\"ind\u00e9fini\" height=\"592.5\" src=\"https:\/\/cbu01.alicdn.com\/img\/ibank\/2019\/380\/194\/11653491083_644743985.jpg\" width=\"790\"> <\/p>\n<p> <img decoding=\"async\" alt=\"ind\u00e9fini\" height=\"592.5\" src=\"https:\/\/cbu01.alicdn.com\/img\/ibank\/2019\/914\/464\/11653464419_644743985.jpg\" width=\"790\"> <\/p>\n<p> <img decoding=\"async\" alt=\"ind\u00e9fini\" height=\"592.5\" src=\"https:\/\/cbu01.alicdn.com\/img\/ibank\/2019\/291\/708\/11689807192_644743985.jpg\" width=\"790\"> <\/p>\n<p> <img decoding=\"async\" alt=\"ind\u00e9fini\" height=\"592.5\" src=\"https:\/\/cbu01.alicdn.com\/img\/ibank\/2019\/129\/854\/11653458921_644743985.jpg\" width=\"790\">  <\/p>\n","protected":false},"excerpt":{"rendered":"<p>1. Parce que l&rsquo; \u00e9couteur est relativement sale, sa partie de couverture en maille est devenue le centre de protection. Tout d&rsquo;abord, il doit \u00eatre nettoy\u00e9 et la partie de l&rsquo;unit\u00e9 ne doit pas \u00eatre expos\u00e9e \u00e0 une poussi\u00e8re excessive. 2 , la ligne du casque est plus d\u00e9licate, donc au cours de l&rsquo;utilisation, il [&hellip;]<\/p>\n","protected":false},"featured_media":11600,"comment_status":"open","ping_status":"closed","template":"","meta":{"content-type":""},"product_brand":[],"product_cat":[755],"product_tag":[],"class_list":{"0":"post-33085","1":"product","2":"type-product","3":"status-publish","4":"has-post-thumbnail","6":"product_cat-casques-sans-fil","8":"first","9":"instock","10":"taxable","11":"shipping-taxable","12":"purchasable","13":"product-type-variable","14":"add-to-wishlist-after_add_to_cart"},"yoast_head":"<!-- This site is optimized with the Yoast SEO plugin v27.4 - https:\/\/yoast.com\/product\/yoast-seo-wordpress\/ -->\n<title>Mignon Casque st\u00e9r\u00e9o sans fil Bluetooth 5.0 - Aigle Shopping Canada<\/title>\n<meta name=\"robots\" content=\"index, follow, max-snippet:-1, max-image-preview:large, max-video-preview:-1\" \/>\n<link rel=\"canonical\" href=\"https:\/\/aigleshopping.ca\/fr\/produit\/mignon-casque-stereo-sans-fil-bluetooth-5-0\/\" \/>\n<meta property=\"og:locale\" content=\"fr_FR\" \/>\n<meta property=\"og:type\" content=\"article\" \/>\n<meta property=\"og:title\" content=\"Mignon Casque st\u00e9r\u00e9o sans fil Bluetooth 5.0 - Aigle Shopping Canada\" \/>\n<meta property=\"og:description\" content=\"1. Parce que l&rsquo; \u00e9couteur est relativement sale, sa partie de couverture en maille est devenue le centre de protection. Tout d&rsquo;abord, il doit \u00eatre nettoy\u00e9 et la partie de l&rsquo;unit\u00e9 ne doit pas \u00eatre expos\u00e9e \u00e0 une poussi\u00e8re excessive. 2 , la ligne du casque est plus d\u00e9licate, donc au cours de l&rsquo;utilisation, il [&hellip;]\" \/>\n<meta property=\"og:url\" content=\"https:\/\/aigleshopping.ca\/fr\/produit\/mignon-casque-stereo-sans-fil-bluetooth-5-0\/\" \/>\n<meta property=\"og:site_name\" content=\"Aigle Shopping Canada\" \/>\n<meta property=\"og:image\" content=\"https:\/\/aigleshopping.ca\/wp-content\/uploads\/2025\/03\/1021313378316.jpg\" \/>\n\t<meta property=\"og:image:width\" content=\"800\" \/>\n\t<meta property=\"og:image:height\" content=\"800\" \/>\n\t<meta property=\"og:image:type\" content=\"image\/jpeg\" \/>\n<meta name=\"twitter:card\" content=\"summary_large_image\" \/>\n<meta name=\"twitter:label1\" content=\"Dur\u00e9e de lecture estim\u00e9e\" \/>\n\t<meta name=\"twitter:data1\" content=\"2 minutes\" \/>\n<script type=\"application\/ld+json\" class=\"yoast-schema-graph\">{\"@context\":\"https:\\\/\\\/schema.org\",\"@graph\":[{\"@type\":\"WebPage\",\"@id\":\"https:\\\/\\\/aigleshopping.ca\\\/fr\\\/produit\\\/mignon-casque-stereo-sans-fil-bluetooth-5-0\\\/\",\"url\":\"https:\\\/\\\/aigleshopping.ca\\\/fr\\\/produit\\\/mignon-casque-stereo-sans-fil-bluetooth-5-0\\\/\",\"name\":\"Mignon Casque st\u00e9r\u00e9o sans fil Bluetooth 5.0 - Aigle Shopping Canada\",\"isPartOf\":{\"@id\":\"https:\\\/\\\/aigleshopping.ca\\\/#website\"},\"primaryImageOfPage\":{\"@id\":\"https:\\\/\\\/aigleshopping.ca\\\/fr\\\/produit\\\/mignon-casque-stereo-sans-fil-bluetooth-5-0\\\/#primaryimage\"},\"image\":{\"@id\":\"https:\\\/\\\/aigleshopping.ca\\\/fr\\\/produit\\\/mignon-casque-stereo-sans-fil-bluetooth-5-0\\\/#primaryimage\"},\"thumbnailUrl\":\"https:\\\/\\\/aigleshopping.ca\\\/wp-content\\\/uploads\\\/2025\\\/03\\\/1021313378316.jpg\",\"datePublished\":\"2025-03-07T00:06:21+00:00\",\"breadcrumb\":{\"@id\":\"https:\\\/\\\/aigleshopping.ca\\\/fr\\\/produit\\\/mignon-casque-stereo-sans-fil-bluetooth-5-0\\\/#breadcrumb\"},\"inLanguage\":\"fr-FR\",\"potentialAction\":[{\"@type\":\"ReadAction\",\"target\":[\"https:\\\/\\\/aigleshopping.ca\\\/fr\\\/produit\\\/mignon-casque-stereo-sans-fil-bluetooth-5-0\\\/\"]}]},{\"@type\":\"ImageObject\",\"inLanguage\":\"fr-FR\",\"@id\":\"https:\\\/\\\/aigleshopping.ca\\\/fr\\\/produit\\\/mignon-casque-stereo-sans-fil-bluetooth-5-0\\\/#primaryimage\",\"url\":\"https:\\\/\\\/aigleshopping.ca\\\/wp-content\\\/uploads\\\/2025\\\/03\\\/1021313378316.jpg\",\"contentUrl\":\"https:\\\/\\\/aigleshopping.ca\\\/wp-content\\\/uploads\\\/2025\\\/03\\\/1021313378316.jpg\",\"width\":800,\"height\":800},{\"@type\":\"BreadcrumbList\",\"@id\":\"https:\\\/\\\/aigleshopping.ca\\\/fr\\\/produit\\\/mignon-casque-stereo-sans-fil-bluetooth-5-0\\\/#breadcrumb\",\"itemListElement\":[{\"@type\":\"ListItem\",\"position\":1,\"name\":\"Home\",\"item\":\"https:\\\/\\\/aigleshopping.ca\\\/fr\\\/home\\\/\"},{\"@type\":\"ListItem\",\"position\":2,\"name\":\"Products\",\"item\":\"https:\\\/\\\/aigleshopping.ca\\\/shop\\\/\"},{\"@type\":\"ListItem\",\"position\":3,\"name\":\"Mignon Casque st\u00e9r\u00e9o sans fil Bluetooth 5.0\"}]},{\"@type\":\"WebSite\",\"@id\":\"https:\\\/\\\/aigleshopping.ca\\\/#website\",\"url\":\"https:\\\/\\\/aigleshopping.ca\\\/\",\"name\":\"Aigle Shopping Canada\",\"description\":\"Au-del\u00e0 des fronti\u00e8res, pour vous offrir le\u00a0meilleur!\",\"publisher\":{\"@id\":\"https:\\\/\\\/aigleshopping.ca\\\/#organization\"},\"potentialAction\":[{\"@type\":\"SearchAction\",\"target\":{\"@type\":\"EntryPoint\",\"urlTemplate\":\"https:\\\/\\\/aigleshopping.ca\\\/?s={search_term_string}\"},\"query-input\":{\"@type\":\"PropertyValueSpecification\",\"valueRequired\":true,\"valueName\":\"search_term_string\"}}],\"inLanguage\":\"fr-FR\"},{\"@type\":\"Organization\",\"@id\":\"https:\\\/\\\/aigleshopping.ca\\\/#organization\",\"name\":\"Aigle Shopping Canada\",\"url\":\"https:\\\/\\\/aigleshopping.ca\\\/\",\"logo\":{\"@type\":\"ImageObject\",\"inLanguage\":\"fr-FR\",\"@id\":\"https:\\\/\\\/aigleshopping.ca\\\/#\\\/schema\\\/logo\\\/image\\\/\",\"url\":\"https:\\\/\\\/aigleshopping.ca\\\/wp-content\\\/uploads\\\/2025\\\/12\\\/logo_aigleshopping_ca.png\",\"contentUrl\":\"https:\\\/\\\/aigleshopping.ca\\\/wp-content\\\/uploads\\\/2025\\\/12\\\/logo_aigleshopping_ca.png\",\"width\":800,\"height\":233,\"caption\":\"Aigle Shopping Canada\"},\"image\":{\"@id\":\"https:\\\/\\\/aigleshopping.ca\\\/#\\\/schema\\\/logo\\\/image\\\/\"}}]}<\/script>\n<!-- \/ Yoast SEO plugin. -->","yoast_head_json":{"title":"Mignon Casque st\u00e9r\u00e9o sans fil Bluetooth 5.0 - Aigle Shopping Canada","robots":{"index":"index","follow":"follow","max-snippet":"max-snippet:-1","max-image-preview":"max-image-preview:large","max-video-preview":"max-video-preview:-1"},"canonical":"https:\/\/aigleshopping.ca\/fr\/produit\/mignon-casque-stereo-sans-fil-bluetooth-5-0\/","og_locale":"fr_FR","og_type":"article","og_title":"Mignon Casque st\u00e9r\u00e9o sans fil Bluetooth 5.0 - Aigle Shopping Canada","og_description":"1. Parce que l&rsquo; \u00e9couteur est relativement sale, sa partie de couverture en maille est devenue le centre de protection. Tout d&rsquo;abord, il doit \u00eatre nettoy\u00e9 et la partie de l&rsquo;unit\u00e9 ne doit pas \u00eatre expos\u00e9e \u00e0 une poussi\u00e8re excessive. 2 , la ligne du casque est plus d\u00e9licate, donc au cours de l&rsquo;utilisation, il [&hellip;]","og_url":"https:\/\/aigleshopping.ca\/fr\/produit\/mignon-casque-stereo-sans-fil-bluetooth-5-0\/","og_site_name":"Aigle Shopping Canada","og_image":[{"width":800,"height":800,"url":"https:\/\/aigleshopping.ca\/wp-content\/uploads\/2025\/03\/1021313378316.jpg","type":"image\/jpeg"}],"twitter_card":"summary_large_image","twitter_misc":{"Dur\u00e9e de lecture estim\u00e9e":"2 minutes"},"schema":{"@context":"https:\/\/schema.org","@graph":[{"@type":"WebPage","@id":"https:\/\/aigleshopping.ca\/fr\/produit\/mignon-casque-stereo-sans-fil-bluetooth-5-0\/","url":"https:\/\/aigleshopping.ca\/fr\/produit\/mignon-casque-stereo-sans-fil-bluetooth-5-0\/","name":"Mignon Casque st\u00e9r\u00e9o sans fil Bluetooth 5.0 - Aigle Shopping Canada","isPartOf":{"@id":"https:\/\/aigleshopping.ca\/#website"},"primaryImageOfPage":{"@id":"https:\/\/aigleshopping.ca\/fr\/produit\/mignon-casque-stereo-sans-fil-bluetooth-5-0\/#primaryimage"},"image":{"@id":"https:\/\/aigleshopping.ca\/fr\/produit\/mignon-casque-stereo-sans-fil-bluetooth-5-0\/#primaryimage"},"thumbnailUrl":"https:\/\/aigleshopping.ca\/wp-content\/uploads\/2025\/03\/1021313378316.jpg","datePublished":"2025-03-07T00:06:21+00:00","breadcrumb":{"@id":"https:\/\/aigleshopping.ca\/fr\/produit\/mignon-casque-stereo-sans-fil-bluetooth-5-0\/#breadcrumb"},"inLanguage":"fr-FR","potentialAction":[{"@type":"ReadAction","target":["https:\/\/aigleshopping.ca\/fr\/produit\/mignon-casque-stereo-sans-fil-bluetooth-5-0\/"]}]},{"@type":"ImageObject","inLanguage":"fr-FR","@id":"https:\/\/aigleshopping.ca\/fr\/produit\/mignon-casque-stereo-sans-fil-bluetooth-5-0\/#primaryimage","url":"https:\/\/aigleshopping.ca\/wp-content\/uploads\/2025\/03\/1021313378316.jpg","contentUrl":"https:\/\/aigleshopping.ca\/wp-content\/uploads\/2025\/03\/1021313378316.jpg","width":800,"height":800},{"@type":"BreadcrumbList","@id":"https:\/\/aigleshopping.ca\/fr\/produit\/mignon-casque-stereo-sans-fil-bluetooth-5-0\/#breadcrumb","itemListElement":[{"@type":"ListItem","position":1,"name":"Home","item":"https:\/\/aigleshopping.ca\/fr\/home\/"},{"@type":"ListItem","position":2,"name":"Products","item":"https:\/\/aigleshopping.ca\/shop\/"},{"@type":"ListItem","position":3,"name":"Mignon Casque st\u00e9r\u00e9o sans fil Bluetooth 5.0"}]},{"@type":"WebSite","@id":"https:\/\/aigleshopping.ca\/#website","url":"https:\/\/aigleshopping.ca\/","name":"Aigle Shopping Canada","description":"Au-del\u00e0 des fronti\u00e8res, pour vous offrir le\u00a0meilleur!","publisher":{"@id":"https:\/\/aigleshopping.ca\/#organization"},"potentialAction":[{"@type":"SearchAction","target":{"@type":"EntryPoint","urlTemplate":"https:\/\/aigleshopping.ca\/?s={search_term_string}"},"query-input":{"@type":"PropertyValueSpecification","valueRequired":true,"valueName":"search_term_string"}}],"inLanguage":"fr-FR"},{"@type":"Organization","@id":"https:\/\/aigleshopping.ca\/#organization","name":"Aigle Shopping Canada","url":"https:\/\/aigleshopping.ca\/","logo":{"@type":"ImageObject","inLanguage":"fr-FR","@id":"https:\/\/aigleshopping.ca\/#\/schema\/logo\/image\/","url":"https:\/\/aigleshopping.ca\/wp-content\/uploads\/2025\/12\/logo_aigleshopping_ca.png","contentUrl":"https:\/\/aigleshopping.ca\/wp-content\/uploads\/2025\/12\/logo_aigleshopping_ca.png","width":800,"height":233,"caption":"Aigle Shopping Canada"},"image":{"@id":"https:\/\/aigleshopping.ca\/#\/schema\/logo\/image\/"}}]}},"jetpack_sharing_enabled":true,"_links":{"self":[{"href":"https:\/\/aigleshopping.ca\/fr\/wp-json\/wp\/v2\/product\/33085","targetHints":{"allow":["GET"]}}],"collection":[{"href":"https:\/\/aigleshopping.ca\/fr\/wp-json\/wp\/v2\/product"}],"about":[{"href":"https:\/\/aigleshopping.ca\/fr\/wp-json\/wp\/v2\/types\/product"}],"replies":[{"embeddable":true,"href":"https:\/\/aigleshopping.ca\/fr\/wp-json\/wp\/v2\/comments?post=33085"}],"wp:featuredmedia":[{"embeddable":true,"href":"https:\/\/aigleshopping.ca\/fr\/wp-json\/wp\/v2\/media\/11600"}],"wp:attachment":[{"href":"https:\/\/aigleshopping.ca\/fr\/wp-json\/wp\/v2\/media?parent=33085"}],"wp:term":[{"taxonomy":"product_brand","embeddable":true,"href":"https:\/\/aigleshopping.ca\/fr\/wp-json\/wp\/v2\/product_brand?post=33085"},{"taxonomy":"product_cat","embeddable":true,"href":"https:\/\/aigleshopping.ca\/fr\/wp-json\/wp\/v2\/product_cat?post=33085"},{"taxonomy":"product_tag","embeddable":true,"href":"https:\/\/aigleshopping.ca\/fr\/wp-json\/wp\/v2\/product_tag?post=33085"}],"curies":[{"name":"wp","href":"https:\/\/api.w.org\/{rel}","templated":true}]}}