{"id":33100,"date":"2025-03-07T00:07:31","date_gmt":"2025-03-07T00:07:31","guid":{"rendered":"https:\/\/aigleshopping.ca\/produit\/casque-decoute-bluetooth-casque-decoute-sans-fil-veritable-casque-stereo-intra-auriculaire-sport-tws-bluetooth\/"},"modified":"2025-03-07T00:07:31","modified_gmt":"2025-03-07T00:07:31","slug":"casque-decoute-bluetooth-casque-decoute-sans-fil-veritable-casque-stereo-intra-auriculaire-sport-tws-bluetooth","status":"publish","type":"product","link":"https:\/\/aigleshopping.ca\/fr\/produit\/casque-decoute-bluetooth-casque-decoute-sans-fil-veritable-casque-stereo-intra-auriculaire-sport-tws-bluetooth\/","title":{"rendered":"Casque d&rsquo;\u00e9coute Bluetooth Casque d&rsquo;\u00e9coute sans fil v\u00e9ritable Casque st\u00e9r\u00e9o intra-auriculaire Sport TWS Bluetooth"},"content":{"rendered":"<p> <b>Vue d&rsquo;ensemble :<\/b> <br \/> 1. \u00c9coutez correctement la chanson, prenez en charge la chanson et l&rsquo;appel, <br \/> 2. Rappel du num\u00e9ro de l&rsquo;appelant, du dernier rappel, messages vocaux intelligents en chinois et en anglais, mise sous tension, couplage et arr\u00eat des messages vocaux lorsque le t\u00e9l\u00e9phone est faible ; <br \/> 3. Le niveau de la batterie est affich\u00e9 sur votre Iphone, vous pouvez v\u00e9rifier le niveau de la batterie \u00e0 tout moment, ne vous inqui\u00e9tez pas du niveau de la batterie, et rendez votre vie sans souci ; <br \/> 4. Une connexion pour deux, vous pouvez connecter deux t\u00e9l\u00e9phones portables en m\u00eame temps ; <br \/> 5. Apr\u00e8s avoir \u00e9teint l&rsquo;oreillette Bluetooth, connectez-la au t\u00e9l\u00e9phone portable, puis allumez l&rsquo;oreillette Bluetooth, elle se reconnectera automatiquement au t\u00e9l\u00e9phone portable, ce qui est plus pratique ; <br \/> 6. Compatibilit\u00e9 intelligente : compatible avec tous les t\u00e9l\u00e9phones mobiles Bluetooth, les tablettes, les ordinateurs portables, les chansons, la musique QQ, les films, etc., tous les t\u00e9l\u00e9phones mobiles g\u00e9n\u00e9raux <\/p>\n<p> <b>Informations sur le produit :<\/b> <br \/> Nom du produit : E-sports Bluetooth <br \/> Version Bluetooth : casque V5.2 <br \/> Couleur du produit : noir, blanc, rose <br \/> Distance de transmission : 10M <br \/> Capacit\u00e9 de la batterie : 3 50mAh <br \/> Tension de charge : DC 5V <br \/> Autonomie en veille : 150H <br \/> M\u00e9thode de fonctionnement : tactile <\/p>\n<p> <b>Liste d&#8217;emballage :<\/b> <br \/> Casque sans fil*1        <\/p>\n<p> <img decoding=\"async\" src=\"https:\/\/cf.cjdropshipping.com\/544d5929-a689-4f78-bfed-103806aafca8.jpg\"> <img decoding=\"async\" src=\"https:\/\/cf.cjdropshipping.com\/8a6ac889-0fb3-4fa4-a38b-efd96a69e77b.jpg\"> <img decoding=\"async\" src=\"https:\/\/cf.cjdropshipping.com\/7f4c6f99-a174-48c3-afd8-510f68be7719.jpg\"> <img decoding=\"async\" src=\"https:\/\/cf.cjdropshipping.com\/bf03cc42-1ae3-45e4-a4fa-fae502fef6f4.jpg\"> <img decoding=\"async\" src=\"https:\/\/cf.cjdropshipping.com\/ba9a9700-498e-41c5-8495-21f9a50d0348.jpg\">  <\/p>\n","protected":false},"excerpt":{"rendered":"<p>Vue d&rsquo;ensemble : 1. \u00c9coutez correctement la chanson, prenez en charge la chanson et l&rsquo;appel, 2. Rappel du num\u00e9ro de l&rsquo;appelant, du dernier rappel, messages vocaux intelligents en chinois et en anglais, mise sous tension, couplage et arr\u00eat des messages vocaux lorsque le t\u00e9l\u00e9phone est faible ; 3. Le niveau de la batterie est affich\u00e9 [&hellip;]<\/p>\n","protected":false},"featured_media":11637,"comment_status":"open","ping_status":"closed","template":"","meta":{"content-type":""},"product_brand":[],"product_cat":[755],"product_tag":[],"class_list":{"0":"post-33100","1":"product","2":"type-product","3":"status-publish","4":"has-post-thumbnail","6":"product_cat-casques-sans-fil","8":"first","9":"instock","10":"taxable","11":"shipping-taxable","12":"purchasable","13":"product-type-variable","14":"add-to-wishlist-after_add_to_cart"},"yoast_head":"<!-- This site is optimized with the Yoast SEO plugin v27.4 - https:\/\/yoast.com\/product\/yoast-seo-wordpress\/ -->\n<title>Casque d&#039;\u00e9coute Bluetooth Casque d&#039;\u00e9coute sans fil v\u00e9ritable Casque st\u00e9r\u00e9o intra-auriculaire Sport TWS Bluetooth - Aigle Shopping Canada<\/title>\n<meta name=\"robots\" content=\"index, follow, max-snippet:-1, max-image-preview:large, max-video-preview:-1\" \/>\n<link rel=\"canonical\" href=\"https:\/\/aigleshopping.ca\/fr\/produit\/casque-decoute-bluetooth-casque-decoute-sans-fil-veritable-casque-stereo-intra-auriculaire-sport-tws-bluetooth\/\" \/>\n<meta property=\"og:locale\" content=\"fr_FR\" \/>\n<meta property=\"og:type\" content=\"article\" \/>\n<meta property=\"og:title\" content=\"Casque d&#039;\u00e9coute Bluetooth Casque d&#039;\u00e9coute sans fil v\u00e9ritable Casque st\u00e9r\u00e9o intra-auriculaire Sport TWS Bluetooth - Aigle Shopping Canada\" \/>\n<meta property=\"og:description\" content=\"Vue d&rsquo;ensemble : 1. \u00c9coutez correctement la chanson, prenez en charge la chanson et l&rsquo;appel, 2. Rappel du num\u00e9ro de l&rsquo;appelant, du dernier rappel, messages vocaux intelligents en chinois et en anglais, mise sous tension, couplage et arr\u00eat des messages vocaux lorsque le t\u00e9l\u00e9phone est faible ; 3. Le niveau de la batterie est affich\u00e9 [&hellip;]\" \/>\n<meta property=\"og:url\" content=\"https:\/\/aigleshopping.ca\/fr\/produit\/casque-decoute-bluetooth-casque-decoute-sans-fil-veritable-casque-stereo-intra-auriculaire-sport-tws-bluetooth\/\" \/>\n<meta property=\"og:site_name\" content=\"Aigle Shopping Canada\" \/>\n<meta property=\"og:image\" content=\"https:\/\/aigleshopping.ca\/wp-content\/uploads\/2025\/03\/581bf907-2a8e-4923-9da3-60ffee821b34.jpg\" \/>\n\t<meta property=\"og:image:width\" content=\"800\" \/>\n\t<meta property=\"og:image:height\" content=\"800\" \/>\n\t<meta property=\"og:image:type\" content=\"image\/jpeg\" \/>\n<meta name=\"twitter:card\" content=\"summary_large_image\" \/>\n<meta name=\"twitter:label1\" content=\"Dur\u00e9e de lecture estim\u00e9e\" \/>\n\t<meta name=\"twitter:data1\" content=\"1 minute\" \/>\n<script type=\"application\/ld+json\" class=\"yoast-schema-graph\">{\"@context\":\"https:\\\/\\\/schema.org\",\"@graph\":[{\"@type\":\"WebPage\",\"@id\":\"https:\\\/\\\/aigleshopping.ca\\\/fr\\\/produit\\\/casque-decoute-bluetooth-casque-decoute-sans-fil-veritable-casque-stereo-intra-auriculaire-sport-tws-bluetooth\\\/\",\"url\":\"https:\\\/\\\/aigleshopping.ca\\\/fr\\\/produit\\\/casque-decoute-bluetooth-casque-decoute-sans-fil-veritable-casque-stereo-intra-auriculaire-sport-tws-bluetooth\\\/\",\"name\":\"Casque d'\u00e9coute Bluetooth Casque d'\u00e9coute sans fil v\u00e9ritable Casque st\u00e9r\u00e9o intra-auriculaire Sport TWS Bluetooth - Aigle Shopping Canada\",\"isPartOf\":{\"@id\":\"https:\\\/\\\/aigleshopping.ca\\\/#website\"},\"primaryImageOfPage\":{\"@id\":\"https:\\\/\\\/aigleshopping.ca\\\/fr\\\/produit\\\/casque-decoute-bluetooth-casque-decoute-sans-fil-veritable-casque-stereo-intra-auriculaire-sport-tws-bluetooth\\\/#primaryimage\"},\"image\":{\"@id\":\"https:\\\/\\\/aigleshopping.ca\\\/fr\\\/produit\\\/casque-decoute-bluetooth-casque-decoute-sans-fil-veritable-casque-stereo-intra-auriculaire-sport-tws-bluetooth\\\/#primaryimage\"},\"thumbnailUrl\":\"https:\\\/\\\/aigleshopping.ca\\\/wp-content\\\/uploads\\\/2025\\\/03\\\/581bf907-2a8e-4923-9da3-60ffee821b34.jpg\",\"datePublished\":\"2025-03-07T00:07:31+00:00\",\"breadcrumb\":{\"@id\":\"https:\\\/\\\/aigleshopping.ca\\\/fr\\\/produit\\\/casque-decoute-bluetooth-casque-decoute-sans-fil-veritable-casque-stereo-intra-auriculaire-sport-tws-bluetooth\\\/#breadcrumb\"},\"inLanguage\":\"fr-FR\",\"potentialAction\":[{\"@type\":\"ReadAction\",\"target\":[\"https:\\\/\\\/aigleshopping.ca\\\/fr\\\/produit\\\/casque-decoute-bluetooth-casque-decoute-sans-fil-veritable-casque-stereo-intra-auriculaire-sport-tws-bluetooth\\\/\"]}]},{\"@type\":\"ImageObject\",\"inLanguage\":\"fr-FR\",\"@id\":\"https:\\\/\\\/aigleshopping.ca\\\/fr\\\/produit\\\/casque-decoute-bluetooth-casque-decoute-sans-fil-veritable-casque-stereo-intra-auriculaire-sport-tws-bluetooth\\\/#primaryimage\",\"url\":\"https:\\\/\\\/aigleshopping.ca\\\/wp-content\\\/uploads\\\/2025\\\/03\\\/581bf907-2a8e-4923-9da3-60ffee821b34.jpg\",\"contentUrl\":\"https:\\\/\\\/aigleshopping.ca\\\/wp-content\\\/uploads\\\/2025\\\/03\\\/581bf907-2a8e-4923-9da3-60ffee821b34.jpg\",\"width\":800,\"height\":800},{\"@type\":\"BreadcrumbList\",\"@id\":\"https:\\\/\\\/aigleshopping.ca\\\/fr\\\/produit\\\/casque-decoute-bluetooth-casque-decoute-sans-fil-veritable-casque-stereo-intra-auriculaire-sport-tws-bluetooth\\\/#breadcrumb\",\"itemListElement\":[{\"@type\":\"ListItem\",\"position\":1,\"name\":\"Home\",\"item\":\"https:\\\/\\\/aigleshopping.ca\\\/fr\\\/home\\\/\"},{\"@type\":\"ListItem\",\"position\":2,\"name\":\"Products\",\"item\":\"https:\\\/\\\/aigleshopping.ca\\\/shop\\\/\"},{\"@type\":\"ListItem\",\"position\":3,\"name\":\"Casque d&#8217;\u00e9coute Bluetooth Casque d&#8217;\u00e9coute sans fil v\u00e9ritable Casque st\u00e9r\u00e9o intra-auriculaire Sport TWS Bluetooth\"}]},{\"@type\":\"WebSite\",\"@id\":\"https:\\\/\\\/aigleshopping.ca\\\/#website\",\"url\":\"https:\\\/\\\/aigleshopping.ca\\\/\",\"name\":\"Aigle Shopping Canada\",\"description\":\"Au-del\u00e0 des fronti\u00e8res, pour vous offrir le\u00a0meilleur!\",\"publisher\":{\"@id\":\"https:\\\/\\\/aigleshopping.ca\\\/#organization\"},\"potentialAction\":[{\"@type\":\"SearchAction\",\"target\":{\"@type\":\"EntryPoint\",\"urlTemplate\":\"https:\\\/\\\/aigleshopping.ca\\\/?s={search_term_string}\"},\"query-input\":{\"@type\":\"PropertyValueSpecification\",\"valueRequired\":true,\"valueName\":\"search_term_string\"}}],\"inLanguage\":\"fr-FR\"},{\"@type\":\"Organization\",\"@id\":\"https:\\\/\\\/aigleshopping.ca\\\/#organization\",\"name\":\"Aigle Shopping Canada\",\"url\":\"https:\\\/\\\/aigleshopping.ca\\\/\",\"logo\":{\"@type\":\"ImageObject\",\"inLanguage\":\"fr-FR\",\"@id\":\"https:\\\/\\\/aigleshopping.ca\\\/#\\\/schema\\\/logo\\\/image\\\/\",\"url\":\"https:\\\/\\\/aigleshopping.ca\\\/wp-content\\\/uploads\\\/2025\\\/12\\\/logo_aigleshopping_ca.png\",\"contentUrl\":\"https:\\\/\\\/aigleshopping.ca\\\/wp-content\\\/uploads\\\/2025\\\/12\\\/logo_aigleshopping_ca.png\",\"width\":800,\"height\":233,\"caption\":\"Aigle Shopping Canada\"},\"image\":{\"@id\":\"https:\\\/\\\/aigleshopping.ca\\\/#\\\/schema\\\/logo\\\/image\\\/\"}}]}<\/script>\n<!-- \/ Yoast SEO plugin. -->","yoast_head_json":{"title":"Casque d'\u00e9coute Bluetooth Casque d'\u00e9coute sans fil v\u00e9ritable Casque st\u00e9r\u00e9o intra-auriculaire Sport TWS Bluetooth - Aigle Shopping Canada","robots":{"index":"index","follow":"follow","max-snippet":"max-snippet:-1","max-image-preview":"max-image-preview:large","max-video-preview":"max-video-preview:-1"},"canonical":"https:\/\/aigleshopping.ca\/fr\/produit\/casque-decoute-bluetooth-casque-decoute-sans-fil-veritable-casque-stereo-intra-auriculaire-sport-tws-bluetooth\/","og_locale":"fr_FR","og_type":"article","og_title":"Casque d'\u00e9coute Bluetooth Casque d'\u00e9coute sans fil v\u00e9ritable Casque st\u00e9r\u00e9o intra-auriculaire Sport TWS Bluetooth - Aigle Shopping Canada","og_description":"Vue d&rsquo;ensemble : 1. \u00c9coutez correctement la chanson, prenez en charge la chanson et l&rsquo;appel, 2. Rappel du num\u00e9ro de l&rsquo;appelant, du dernier rappel, messages vocaux intelligents en chinois et en anglais, mise sous tension, couplage et arr\u00eat des messages vocaux lorsque le t\u00e9l\u00e9phone est faible ; 3. Le niveau de la batterie est affich\u00e9 [&hellip;]","og_url":"https:\/\/aigleshopping.ca\/fr\/produit\/casque-decoute-bluetooth-casque-decoute-sans-fil-veritable-casque-stereo-intra-auriculaire-sport-tws-bluetooth\/","og_site_name":"Aigle Shopping Canada","og_image":[{"width":800,"height":800,"url":"https:\/\/aigleshopping.ca\/wp-content\/uploads\/2025\/03\/581bf907-2a8e-4923-9da3-60ffee821b34.jpg","type":"image\/jpeg"}],"twitter_card":"summary_large_image","twitter_misc":{"Dur\u00e9e de lecture estim\u00e9e":"1 minute"},"schema":{"@context":"https:\/\/schema.org","@graph":[{"@type":"WebPage","@id":"https:\/\/aigleshopping.ca\/fr\/produit\/casque-decoute-bluetooth-casque-decoute-sans-fil-veritable-casque-stereo-intra-auriculaire-sport-tws-bluetooth\/","url":"https:\/\/aigleshopping.ca\/fr\/produit\/casque-decoute-bluetooth-casque-decoute-sans-fil-veritable-casque-stereo-intra-auriculaire-sport-tws-bluetooth\/","name":"Casque d'\u00e9coute Bluetooth Casque d'\u00e9coute sans fil v\u00e9ritable Casque st\u00e9r\u00e9o intra-auriculaire Sport TWS Bluetooth - Aigle Shopping Canada","isPartOf":{"@id":"https:\/\/aigleshopping.ca\/#website"},"primaryImageOfPage":{"@id":"https:\/\/aigleshopping.ca\/fr\/produit\/casque-decoute-bluetooth-casque-decoute-sans-fil-veritable-casque-stereo-intra-auriculaire-sport-tws-bluetooth\/#primaryimage"},"image":{"@id":"https:\/\/aigleshopping.ca\/fr\/produit\/casque-decoute-bluetooth-casque-decoute-sans-fil-veritable-casque-stereo-intra-auriculaire-sport-tws-bluetooth\/#primaryimage"},"thumbnailUrl":"https:\/\/aigleshopping.ca\/wp-content\/uploads\/2025\/03\/581bf907-2a8e-4923-9da3-60ffee821b34.jpg","datePublished":"2025-03-07T00:07:31+00:00","breadcrumb":{"@id":"https:\/\/aigleshopping.ca\/fr\/produit\/casque-decoute-bluetooth-casque-decoute-sans-fil-veritable-casque-stereo-intra-auriculaire-sport-tws-bluetooth\/#breadcrumb"},"inLanguage":"fr-FR","potentialAction":[{"@type":"ReadAction","target":["https:\/\/aigleshopping.ca\/fr\/produit\/casque-decoute-bluetooth-casque-decoute-sans-fil-veritable-casque-stereo-intra-auriculaire-sport-tws-bluetooth\/"]}]},{"@type":"ImageObject","inLanguage":"fr-FR","@id":"https:\/\/aigleshopping.ca\/fr\/produit\/casque-decoute-bluetooth-casque-decoute-sans-fil-veritable-casque-stereo-intra-auriculaire-sport-tws-bluetooth\/#primaryimage","url":"https:\/\/aigleshopping.ca\/wp-content\/uploads\/2025\/03\/581bf907-2a8e-4923-9da3-60ffee821b34.jpg","contentUrl":"https:\/\/aigleshopping.ca\/wp-content\/uploads\/2025\/03\/581bf907-2a8e-4923-9da3-60ffee821b34.jpg","width":800,"height":800},{"@type":"BreadcrumbList","@id":"https:\/\/aigleshopping.ca\/fr\/produit\/casque-decoute-bluetooth-casque-decoute-sans-fil-veritable-casque-stereo-intra-auriculaire-sport-tws-bluetooth\/#breadcrumb","itemListElement":[{"@type":"ListItem","position":1,"name":"Home","item":"https:\/\/aigleshopping.ca\/fr\/home\/"},{"@type":"ListItem","position":2,"name":"Products","item":"https:\/\/aigleshopping.ca\/shop\/"},{"@type":"ListItem","position":3,"name":"Casque d&#8217;\u00e9coute Bluetooth Casque d&#8217;\u00e9coute sans fil v\u00e9ritable Casque st\u00e9r\u00e9o intra-auriculaire Sport TWS Bluetooth"}]},{"@type":"WebSite","@id":"https:\/\/aigleshopping.ca\/#website","url":"https:\/\/aigleshopping.ca\/","name":"Aigle Shopping Canada","description":"Au-del\u00e0 des fronti\u00e8res, pour vous offrir le\u00a0meilleur!","publisher":{"@id":"https:\/\/aigleshopping.ca\/#organization"},"potentialAction":[{"@type":"SearchAction","target":{"@type":"EntryPoint","urlTemplate":"https:\/\/aigleshopping.ca\/?s={search_term_string}"},"query-input":{"@type":"PropertyValueSpecification","valueRequired":true,"valueName":"search_term_string"}}],"inLanguage":"fr-FR"},{"@type":"Organization","@id":"https:\/\/aigleshopping.ca\/#organization","name":"Aigle Shopping Canada","url":"https:\/\/aigleshopping.ca\/","logo":{"@type":"ImageObject","inLanguage":"fr-FR","@id":"https:\/\/aigleshopping.ca\/#\/schema\/logo\/image\/","url":"https:\/\/aigleshopping.ca\/wp-content\/uploads\/2025\/12\/logo_aigleshopping_ca.png","contentUrl":"https:\/\/aigleshopping.ca\/wp-content\/uploads\/2025\/12\/logo_aigleshopping_ca.png","width":800,"height":233,"caption":"Aigle Shopping Canada"},"image":{"@id":"https:\/\/aigleshopping.ca\/#\/schema\/logo\/image\/"}}]}},"jetpack_sharing_enabled":true,"_links":{"self":[{"href":"https:\/\/aigleshopping.ca\/fr\/wp-json\/wp\/v2\/product\/33100","targetHints":{"allow":["GET"]}}],"collection":[{"href":"https:\/\/aigleshopping.ca\/fr\/wp-json\/wp\/v2\/product"}],"about":[{"href":"https:\/\/aigleshopping.ca\/fr\/wp-json\/wp\/v2\/types\/product"}],"replies":[{"embeddable":true,"href":"https:\/\/aigleshopping.ca\/fr\/wp-json\/wp\/v2\/comments?post=33100"}],"wp:featuredmedia":[{"embeddable":true,"href":"https:\/\/aigleshopping.ca\/fr\/wp-json\/wp\/v2\/media\/11637"}],"wp:attachment":[{"href":"https:\/\/aigleshopping.ca\/fr\/wp-json\/wp\/v2\/media?parent=33100"}],"wp:term":[{"taxonomy":"product_brand","embeddable":true,"href":"https:\/\/aigleshopping.ca\/fr\/wp-json\/wp\/v2\/product_brand?post=33100"},{"taxonomy":"product_cat","embeddable":true,"href":"https:\/\/aigleshopping.ca\/fr\/wp-json\/wp\/v2\/product_cat?post=33100"},{"taxonomy":"product_tag","embeddable":true,"href":"https:\/\/aigleshopping.ca\/fr\/wp-json\/wp\/v2\/product_tag?post=33100"}],"curies":[{"name":"wp","href":"https:\/\/api.w.org\/{rel}","templated":true}]}}