{"id":33105,"date":"2025-03-07T00:03:30","date_gmt":"2025-03-07T00:03:30","guid":{"rendered":"https:\/\/aigleshopping.ca\/produit\/ecouteurs-bluetooth-sans-fil-pour-le-sport\/"},"modified":"2025-03-07T00:03:30","modified_gmt":"2025-03-07T00:03:30","slug":"ecouteurs-bluetooth-sans-fil-pour-le-sport","status":"publish","type":"product","link":"https:\/\/aigleshopping.ca\/fr\/produit\/ecouteurs-bluetooth-sans-fil-pour-le-sport\/","title":{"rendered":"\u00c9couteurs Bluetooth sans fil pour le sport"},"content":{"rendered":"<p> <strong data-spm-anchor-id=\"a2g03.10010108.1000023.i0.693e4dafnoO94w\">Fonctionnalit\u00e9 :&nbsp;<\/strong> <\/p>\n<p> Le <strong>H1 est con\u00e7u pour le sport <\/strong> avec son corps l\u00e9ger et sa structure osseuse pliable.  <\/p>\n<p> <strong>Le casque est tr\u00e8s l\u00e9ger<\/strong>, 55 g seulement, ce qui permet de le porter sans pression lors de la pratique d&rsquo;un sport. Les os repliables r\u00e9duisent sa taille. Il suffit de le ranger dans une poche ou un sac \u00e0 main pour qu&rsquo;il soit pr\u00eat \u00e0 l&#8217;emploi.    <\/p>\n<p> <strong>H1 peut se connecter \u00e0 deux t\u00e9l\u00e9phones portables Bluetooth<\/strong> et choisir de jouer de la musique \u00e0 partir de l&rsquo;un ou l&rsquo;autre des t\u00e9l\u00e9phones.  <strong>&nbsp;<\/strong> <\/p>\n<p>&nbsp;<\/p>\n<p> <strong>Sp\u00e9cifications :<\/strong> <\/p>\n<p> <strong>  1.&nbsp;Type : Tour de cou <br \/> 2.&nbsp;Soutien&nbsp;Bluetooth&nbsp;A2DP,&nbsp;AVRCP,&nbsp;et profils HS\/HF <br \/> 3.&nbsp;En attente&nbsp;temps : 300 heures <br \/> 4.&nbsp;Utilisation&nbsp;temps :&nbsp;8&nbsp;heures&nbsp;de&nbsp;lecture&nbsp;temps&nbsp;ou&nbsp;temps de parole&nbsp;et&nbsp;Temps de charge : 2,5 heures <br \/> 5.&nbsp;Poids : 55.2g <br \/> 6.&nbsp;Bluetooth&nbsp;op\u00e9rationnel&nbsp;port\u00e9e : environ 10M <br \/> 7.&nbsp;Int\u00e9gr\u00e9&nbsp;batterie lithium-ion polym\u00e8re <br \/> 8.&nbsp;Technologie Bluetooth 4.0 <br \/> 9.&nbsp;Puissance d&rsquo;entr\u00e9e : 5V <br \/> 10.&nbsp;Paires&nbsp;avec&nbsp;tous&nbsp;A2DP activ\u00e9&nbsp;appareils&nbsp;y compris&nbsp;smartphones,&nbsp;comprim\u00e9s,&nbsp;ordinateurs portables,&nbsp;PC,&nbsp;num\u00e9rique&nbsp; <\/strong> <\/p>\n<p> <strong>Inclus dans le paquet (emballage cadeau) :&nbsp;<\/strong> <br \/>  1&nbsp;x&nbsp;Z\u00e9lote&nbsp;Bluetooth&nbsp;St\u00e9r\u00e9o&nbsp;Casque d&rsquo;\u00e9coute&nbsp; <br \/>  1&nbsp;x&nbsp;Micro&nbsp;USB&nbsp;Chargement&nbsp;C\u00e2ble&nbsp; <br \/>  4&nbsp;x&nbsp;Ecouteurs&nbsp; <br \/>  1&nbsp;x&nbsp;Utilisateur&nbsp;Manuel  <\/p>\n<p> <strong>Exp\u00e9dition :&nbsp;<\/strong> <\/p>\n<p>L&rsquo;article sera test\u00e9 et exp\u00e9di\u00e9 en 1 jour ouvrable, le num\u00e9ro de suivi sera t\u00e9l\u00e9charg\u00e9 d\u00e8s qu&rsquo;il appara\u00eetra.<\/p>\n","protected":false},"excerpt":{"rendered":"<p>Fonctionnalit\u00e9 :&nbsp; Le H1 est con\u00e7u pour le sport avec son corps l\u00e9ger et sa structure osseuse pliable. Le casque est tr\u00e8s l\u00e9ger, 55 g seulement, ce qui permet de le porter sans pression lors de la pratique d&rsquo;un sport. Les os repliables r\u00e9duisent sa taille. Il suffit de le ranger dans une poche ou [&hellip;]<\/p>\n","protected":false},"featured_media":11552,"comment_status":"open","ping_status":"closed","template":"","meta":{"content-type":""},"product_brand":[],"product_cat":[755],"product_tag":[],"class_list":{"0":"post-33105","1":"product","2":"type-product","3":"status-publish","4":"has-post-thumbnail","6":"product_cat-casques-sans-fil","8":"first","9":"instock","10":"taxable","11":"shipping-taxable","12":"purchasable","13":"product-type-variable","14":"add-to-wishlist-after_add_to_cart"},"yoast_head":"<!-- This site is optimized with the Yoast SEO plugin v27.4 - https:\/\/yoast.com\/product\/yoast-seo-wordpress\/ -->\n<title>\u00c9couteurs Bluetooth sans fil pour le sport - Aigle Shopping Canada<\/title>\n<meta name=\"robots\" content=\"index, follow, max-snippet:-1, max-image-preview:large, max-video-preview:-1\" \/>\n<link rel=\"canonical\" href=\"https:\/\/aigleshopping.ca\/fr\/produit\/ecouteurs-bluetooth-sans-fil-pour-le-sport\/\" \/>\n<meta property=\"og:locale\" content=\"fr_FR\" \/>\n<meta property=\"og:type\" content=\"article\" \/>\n<meta property=\"og:title\" content=\"\u00c9couteurs Bluetooth sans fil pour le sport - Aigle Shopping Canada\" \/>\n<meta property=\"og:description\" content=\"Fonctionnalit\u00e9 :&nbsp; Le H1 est con\u00e7u pour le sport avec son corps l\u00e9ger et sa structure osseuse pliable. Le casque est tr\u00e8s l\u00e9ger, 55 g seulement, ce qui permet de le porter sans pression lors de la pratique d&rsquo;un sport. Les os repliables r\u00e9duisent sa taille. Il suffit de le ranger dans une poche ou [&hellip;]\" \/>\n<meta property=\"og:url\" content=\"https:\/\/aigleshopping.ca\/fr\/produit\/ecouteurs-bluetooth-sans-fil-pour-le-sport\/\" \/>\n<meta property=\"og:site_name\" content=\"Aigle Shopping Canada\" \/>\n<meta property=\"og:image\" content=\"https:\/\/aigleshopping.ca\/wp-content\/uploads\/2025\/03\/13044325553748.jpg\" \/>\n\t<meta property=\"og:image:width\" content=\"800\" \/>\n\t<meta property=\"og:image:height\" content=\"800\" \/>\n\t<meta property=\"og:image:type\" content=\"image\/jpeg\" \/>\n<meta name=\"twitter:card\" content=\"summary_large_image\" \/>\n<meta name=\"twitter:label1\" content=\"Dur\u00e9e de lecture estim\u00e9e\" \/>\n\t<meta name=\"twitter:data1\" content=\"1 minute\" \/>\n<script type=\"application\/ld+json\" class=\"yoast-schema-graph\">{\"@context\":\"https:\\\/\\\/schema.org\",\"@graph\":[{\"@type\":\"WebPage\",\"@id\":\"https:\\\/\\\/aigleshopping.ca\\\/fr\\\/produit\\\/ecouteurs-bluetooth-sans-fil-pour-le-sport\\\/\",\"url\":\"https:\\\/\\\/aigleshopping.ca\\\/fr\\\/produit\\\/ecouteurs-bluetooth-sans-fil-pour-le-sport\\\/\",\"name\":\"\u00c9couteurs Bluetooth sans fil pour le sport - Aigle Shopping Canada\",\"isPartOf\":{\"@id\":\"https:\\\/\\\/aigleshopping.ca\\\/#website\"},\"primaryImageOfPage\":{\"@id\":\"https:\\\/\\\/aigleshopping.ca\\\/fr\\\/produit\\\/ecouteurs-bluetooth-sans-fil-pour-le-sport\\\/#primaryimage\"},\"image\":{\"@id\":\"https:\\\/\\\/aigleshopping.ca\\\/fr\\\/produit\\\/ecouteurs-bluetooth-sans-fil-pour-le-sport\\\/#primaryimage\"},\"thumbnailUrl\":\"https:\\\/\\\/aigleshopping.ca\\\/wp-content\\\/uploads\\\/2025\\\/03\\\/13044325553748.jpg\",\"datePublished\":\"2025-03-07T00:03:30+00:00\",\"breadcrumb\":{\"@id\":\"https:\\\/\\\/aigleshopping.ca\\\/fr\\\/produit\\\/ecouteurs-bluetooth-sans-fil-pour-le-sport\\\/#breadcrumb\"},\"inLanguage\":\"fr-FR\",\"potentialAction\":[{\"@type\":\"ReadAction\",\"target\":[\"https:\\\/\\\/aigleshopping.ca\\\/fr\\\/produit\\\/ecouteurs-bluetooth-sans-fil-pour-le-sport\\\/\"]}]},{\"@type\":\"ImageObject\",\"inLanguage\":\"fr-FR\",\"@id\":\"https:\\\/\\\/aigleshopping.ca\\\/fr\\\/produit\\\/ecouteurs-bluetooth-sans-fil-pour-le-sport\\\/#primaryimage\",\"url\":\"https:\\\/\\\/aigleshopping.ca\\\/wp-content\\\/uploads\\\/2025\\\/03\\\/13044325553748.jpg\",\"contentUrl\":\"https:\\\/\\\/aigleshopping.ca\\\/wp-content\\\/uploads\\\/2025\\\/03\\\/13044325553748.jpg\",\"width\":800,\"height\":800},{\"@type\":\"BreadcrumbList\",\"@id\":\"https:\\\/\\\/aigleshopping.ca\\\/fr\\\/produit\\\/ecouteurs-bluetooth-sans-fil-pour-le-sport\\\/#breadcrumb\",\"itemListElement\":[{\"@type\":\"ListItem\",\"position\":1,\"name\":\"Home\",\"item\":\"https:\\\/\\\/aigleshopping.ca\\\/fr\\\/home\\\/\"},{\"@type\":\"ListItem\",\"position\":2,\"name\":\"Products\",\"item\":\"https:\\\/\\\/aigleshopping.ca\\\/shop\\\/\"},{\"@type\":\"ListItem\",\"position\":3,\"name\":\"\u00c9couteurs Bluetooth sans fil pour le sport\"}]},{\"@type\":\"WebSite\",\"@id\":\"https:\\\/\\\/aigleshopping.ca\\\/#website\",\"url\":\"https:\\\/\\\/aigleshopping.ca\\\/\",\"name\":\"Aigle Shopping Canada\",\"description\":\"Au-del\u00e0 des fronti\u00e8res, pour vous offrir le\u00a0meilleur!\",\"publisher\":{\"@id\":\"https:\\\/\\\/aigleshopping.ca\\\/#organization\"},\"potentialAction\":[{\"@type\":\"SearchAction\",\"target\":{\"@type\":\"EntryPoint\",\"urlTemplate\":\"https:\\\/\\\/aigleshopping.ca\\\/?s={search_term_string}\"},\"query-input\":{\"@type\":\"PropertyValueSpecification\",\"valueRequired\":true,\"valueName\":\"search_term_string\"}}],\"inLanguage\":\"fr-FR\"},{\"@type\":\"Organization\",\"@id\":\"https:\\\/\\\/aigleshopping.ca\\\/#organization\",\"name\":\"Aigle Shopping Canada\",\"url\":\"https:\\\/\\\/aigleshopping.ca\\\/\",\"logo\":{\"@type\":\"ImageObject\",\"inLanguage\":\"fr-FR\",\"@id\":\"https:\\\/\\\/aigleshopping.ca\\\/#\\\/schema\\\/logo\\\/image\\\/\",\"url\":\"https:\\\/\\\/aigleshopping.ca\\\/wp-content\\\/uploads\\\/2025\\\/12\\\/logo_aigleshopping_ca.png\",\"contentUrl\":\"https:\\\/\\\/aigleshopping.ca\\\/wp-content\\\/uploads\\\/2025\\\/12\\\/logo_aigleshopping_ca.png\",\"width\":800,\"height\":233,\"caption\":\"Aigle Shopping Canada\"},\"image\":{\"@id\":\"https:\\\/\\\/aigleshopping.ca\\\/#\\\/schema\\\/logo\\\/image\\\/\"}}]}<\/script>\n<!-- \/ Yoast SEO plugin. -->","yoast_head_json":{"title":"\u00c9couteurs Bluetooth sans fil pour le sport - Aigle Shopping Canada","robots":{"index":"index","follow":"follow","max-snippet":"max-snippet:-1","max-image-preview":"max-image-preview:large","max-video-preview":"max-video-preview:-1"},"canonical":"https:\/\/aigleshopping.ca\/fr\/produit\/ecouteurs-bluetooth-sans-fil-pour-le-sport\/","og_locale":"fr_FR","og_type":"article","og_title":"\u00c9couteurs Bluetooth sans fil pour le sport - Aigle Shopping Canada","og_description":"Fonctionnalit\u00e9 :&nbsp; Le H1 est con\u00e7u pour le sport avec son corps l\u00e9ger et sa structure osseuse pliable. Le casque est tr\u00e8s l\u00e9ger, 55 g seulement, ce qui permet de le porter sans pression lors de la pratique d&rsquo;un sport. Les os repliables r\u00e9duisent sa taille. Il suffit de le ranger dans une poche ou [&hellip;]","og_url":"https:\/\/aigleshopping.ca\/fr\/produit\/ecouteurs-bluetooth-sans-fil-pour-le-sport\/","og_site_name":"Aigle Shopping Canada","og_image":[{"width":800,"height":800,"url":"https:\/\/aigleshopping.ca\/wp-content\/uploads\/2025\/03\/13044325553748.jpg","type":"image\/jpeg"}],"twitter_card":"summary_large_image","twitter_misc":{"Dur\u00e9e de lecture estim\u00e9e":"1 minute"},"schema":{"@context":"https:\/\/schema.org","@graph":[{"@type":"WebPage","@id":"https:\/\/aigleshopping.ca\/fr\/produit\/ecouteurs-bluetooth-sans-fil-pour-le-sport\/","url":"https:\/\/aigleshopping.ca\/fr\/produit\/ecouteurs-bluetooth-sans-fil-pour-le-sport\/","name":"\u00c9couteurs Bluetooth sans fil pour le sport - Aigle Shopping Canada","isPartOf":{"@id":"https:\/\/aigleshopping.ca\/#website"},"primaryImageOfPage":{"@id":"https:\/\/aigleshopping.ca\/fr\/produit\/ecouteurs-bluetooth-sans-fil-pour-le-sport\/#primaryimage"},"image":{"@id":"https:\/\/aigleshopping.ca\/fr\/produit\/ecouteurs-bluetooth-sans-fil-pour-le-sport\/#primaryimage"},"thumbnailUrl":"https:\/\/aigleshopping.ca\/wp-content\/uploads\/2025\/03\/13044325553748.jpg","datePublished":"2025-03-07T00:03:30+00:00","breadcrumb":{"@id":"https:\/\/aigleshopping.ca\/fr\/produit\/ecouteurs-bluetooth-sans-fil-pour-le-sport\/#breadcrumb"},"inLanguage":"fr-FR","potentialAction":[{"@type":"ReadAction","target":["https:\/\/aigleshopping.ca\/fr\/produit\/ecouteurs-bluetooth-sans-fil-pour-le-sport\/"]}]},{"@type":"ImageObject","inLanguage":"fr-FR","@id":"https:\/\/aigleshopping.ca\/fr\/produit\/ecouteurs-bluetooth-sans-fil-pour-le-sport\/#primaryimage","url":"https:\/\/aigleshopping.ca\/wp-content\/uploads\/2025\/03\/13044325553748.jpg","contentUrl":"https:\/\/aigleshopping.ca\/wp-content\/uploads\/2025\/03\/13044325553748.jpg","width":800,"height":800},{"@type":"BreadcrumbList","@id":"https:\/\/aigleshopping.ca\/fr\/produit\/ecouteurs-bluetooth-sans-fil-pour-le-sport\/#breadcrumb","itemListElement":[{"@type":"ListItem","position":1,"name":"Home","item":"https:\/\/aigleshopping.ca\/fr\/home\/"},{"@type":"ListItem","position":2,"name":"Products","item":"https:\/\/aigleshopping.ca\/shop\/"},{"@type":"ListItem","position":3,"name":"\u00c9couteurs Bluetooth sans fil pour le sport"}]},{"@type":"WebSite","@id":"https:\/\/aigleshopping.ca\/#website","url":"https:\/\/aigleshopping.ca\/","name":"Aigle Shopping Canada","description":"Au-del\u00e0 des fronti\u00e8res, pour vous offrir le\u00a0meilleur!","publisher":{"@id":"https:\/\/aigleshopping.ca\/#organization"},"potentialAction":[{"@type":"SearchAction","target":{"@type":"EntryPoint","urlTemplate":"https:\/\/aigleshopping.ca\/?s={search_term_string}"},"query-input":{"@type":"PropertyValueSpecification","valueRequired":true,"valueName":"search_term_string"}}],"inLanguage":"fr-FR"},{"@type":"Organization","@id":"https:\/\/aigleshopping.ca\/#organization","name":"Aigle Shopping Canada","url":"https:\/\/aigleshopping.ca\/","logo":{"@type":"ImageObject","inLanguage":"fr-FR","@id":"https:\/\/aigleshopping.ca\/#\/schema\/logo\/image\/","url":"https:\/\/aigleshopping.ca\/wp-content\/uploads\/2025\/12\/logo_aigleshopping_ca.png","contentUrl":"https:\/\/aigleshopping.ca\/wp-content\/uploads\/2025\/12\/logo_aigleshopping_ca.png","width":800,"height":233,"caption":"Aigle Shopping Canada"},"image":{"@id":"https:\/\/aigleshopping.ca\/#\/schema\/logo\/image\/"}}]}},"jetpack_sharing_enabled":true,"_links":{"self":[{"href":"https:\/\/aigleshopping.ca\/fr\/wp-json\/wp\/v2\/product\/33105","targetHints":{"allow":["GET"]}}],"collection":[{"href":"https:\/\/aigleshopping.ca\/fr\/wp-json\/wp\/v2\/product"}],"about":[{"href":"https:\/\/aigleshopping.ca\/fr\/wp-json\/wp\/v2\/types\/product"}],"replies":[{"embeddable":true,"href":"https:\/\/aigleshopping.ca\/fr\/wp-json\/wp\/v2\/comments?post=33105"}],"wp:featuredmedia":[{"embeddable":true,"href":"https:\/\/aigleshopping.ca\/fr\/wp-json\/wp\/v2\/media\/11552"}],"wp:attachment":[{"href":"https:\/\/aigleshopping.ca\/fr\/wp-json\/wp\/v2\/media?parent=33105"}],"wp:term":[{"taxonomy":"product_brand","embeddable":true,"href":"https:\/\/aigleshopping.ca\/fr\/wp-json\/wp\/v2\/product_brand?post=33105"},{"taxonomy":"product_cat","embeddable":true,"href":"https:\/\/aigleshopping.ca\/fr\/wp-json\/wp\/v2\/product_cat?post=33105"},{"taxonomy":"product_tag","embeddable":true,"href":"https:\/\/aigleshopping.ca\/fr\/wp-json\/wp\/v2\/product_tag?post=33105"}],"curies":[{"name":"wp","href":"https:\/\/api.w.org\/{rel}","templated":true}]}}