{"id":33112,"date":"2025-03-07T00:04:27","date_gmt":"2025-03-07T00:04:27","guid":{"rendered":"https:\/\/aigleshopping.ca\/produit\/ecouteurs-sans-fil-avec-reveil-vocal-gaming-gaming\/"},"modified":"2025-03-07T00:04:27","modified_gmt":"2025-03-07T00:04:27","slug":"ecouteurs-sans-fil-avec-reveil-vocal-gaming-gaming","status":"publish","type":"product","link":"https:\/\/aigleshopping.ca\/fr\/produit\/ecouteurs-sans-fil-avec-reveil-vocal-gaming-gaming\/","title":{"rendered":"Ecouteurs sans fil avec r\u00e9veil vocal Gaming Gaming"},"content":{"rendered":"<p> <b>Informations sur le produit :<\/b> <br \/> Mode d&#8217;emploi : bouchons d&rsquo;oreille <br \/> Simple ou binaural : st\u00e9r\u00e9o bilat\u00e9ral <br \/> Type de moule : moule priv\u00e9 <br \/> Type de puce : Jerry <br \/> Dur\u00e9e de vie de la batterie : 35 (heures)   <\/p>\n<p> <\/p>\n<p> <b>Informations sur les dimensions :<\/b> <br \/> Taille : 70&#215;52\u00d728mm  <\/p>\n<p> <\/p>\n<p> <b>Liste d&#8217;emballage :<\/b> <br \/> Casque d&rsquo;\u00e9coute*1  <\/p>\n<p> <img decoding=\"async\" src=\"https:\/\/cf.cjdropshipping.com\/33fa8739-ed7b-4af5-985e-698262646b58.jpg\"> <img decoding=\"async\" src=\"https:\/\/cf.cjdropshipping.com\/0a7818be-1c62-40e3-8571-2242972d2607.jpg\"> <img decoding=\"async\" src=\"https:\/\/cf.cjdropshipping.com\/2f4c25ff-d0c7-4c65-95aa-da45ce0861dd.jpg\"> <img decoding=\"async\" src=\"https:\/\/cf.cjdropshipping.com\/c83ce7c9-2d3e-4ae2-bfca-799c1a234752.jpg\"> <img decoding=\"async\" src=\"https:\/\/cf.cjdropshipping.com\/c8cb3ac2-5d10-4add-9006-5a0e5d03191d.jpg\">  <\/p>\n","protected":false},"excerpt":{"rendered":"<p>Informations sur le produit : Mode d&#8217;emploi : bouchons d&rsquo;oreille Simple ou binaural : st\u00e9r\u00e9o bilat\u00e9ral Type de moule : moule priv\u00e9 Type de puce : Jerry Dur\u00e9e de vie de la batterie : 35 (heures) Informations sur les dimensions : Taille : 70&#215;52\u00d728mm Liste d&#8217;emballage : Casque d&rsquo;\u00e9coute*1<\/p>\n","protected":false},"featured_media":11565,"comment_status":"open","ping_status":"closed","template":"","meta":{"content-type":""},"product_brand":[],"product_cat":[755],"product_tag":[],"class_list":{"0":"post-33112","1":"product","2":"type-product","3":"status-publish","4":"has-post-thumbnail","6":"product_cat-casques-sans-fil","8":"first","9":"instock","10":"taxable","11":"shipping-taxable","12":"purchasable","13":"product-type-variable","14":"add-to-wishlist-after_add_to_cart"},"yoast_head":"<!-- This site is optimized with the Yoast SEO plugin v27.4 - https:\/\/yoast.com\/product\/yoast-seo-wordpress\/ -->\n<title>Ecouteurs sans fil avec r\u00e9veil vocal Gaming Gaming - Aigle Shopping Canada<\/title>\n<meta name=\"robots\" content=\"index, follow, max-snippet:-1, max-image-preview:large, max-video-preview:-1\" \/>\n<link rel=\"canonical\" href=\"https:\/\/aigleshopping.ca\/fr\/produit\/ecouteurs-sans-fil-avec-reveil-vocal-gaming-gaming\/\" \/>\n<meta property=\"og:locale\" content=\"fr_FR\" \/>\n<meta property=\"og:type\" content=\"article\" \/>\n<meta property=\"og:title\" content=\"Ecouteurs sans fil avec r\u00e9veil vocal Gaming Gaming - Aigle Shopping Canada\" \/>\n<meta property=\"og:description\" content=\"Informations sur le produit : Mode d&#8217;emploi : bouchons d&rsquo;oreille Simple ou binaural : st\u00e9r\u00e9o bilat\u00e9ral Type de moule : moule priv\u00e9 Type de puce : Jerry Dur\u00e9e de vie de la batterie : 35 (heures) Informations sur les dimensions : Taille : 70&#215;52\u00d728mm Liste d&#8217;emballage : Casque d&rsquo;\u00e9coute*1\" \/>\n<meta property=\"og:url\" content=\"https:\/\/aigleshopping.ca\/fr\/produit\/ecouteurs-sans-fil-avec-reveil-vocal-gaming-gaming\/\" \/>\n<meta property=\"og:site_name\" content=\"Aigle Shopping Canada\" \/>\n<meta property=\"og:image\" content=\"https:\/\/aigleshopping.ca\/wp-content\/uploads\/2025\/03\/fe5db437-7dba-4575-998f-5e58a5795e73.jpg\" \/>\n\t<meta property=\"og:image:width\" content=\"800\" \/>\n\t<meta property=\"og:image:height\" content=\"800\" \/>\n\t<meta property=\"og:image:type\" content=\"image\/jpeg\" \/>\n<meta name=\"twitter:card\" content=\"summary_large_image\" \/>\n<script type=\"application\/ld+json\" class=\"yoast-schema-graph\">{\"@context\":\"https:\\\/\\\/schema.org\",\"@graph\":[{\"@type\":\"WebPage\",\"@id\":\"https:\\\/\\\/aigleshopping.ca\\\/fr\\\/produit\\\/ecouteurs-sans-fil-avec-reveil-vocal-gaming-gaming\\\/\",\"url\":\"https:\\\/\\\/aigleshopping.ca\\\/fr\\\/produit\\\/ecouteurs-sans-fil-avec-reveil-vocal-gaming-gaming\\\/\",\"name\":\"Ecouteurs sans fil avec r\u00e9veil vocal Gaming Gaming - Aigle Shopping Canada\",\"isPartOf\":{\"@id\":\"https:\\\/\\\/aigleshopping.ca\\\/#website\"},\"primaryImageOfPage\":{\"@id\":\"https:\\\/\\\/aigleshopping.ca\\\/fr\\\/produit\\\/ecouteurs-sans-fil-avec-reveil-vocal-gaming-gaming\\\/#primaryimage\"},\"image\":{\"@id\":\"https:\\\/\\\/aigleshopping.ca\\\/fr\\\/produit\\\/ecouteurs-sans-fil-avec-reveil-vocal-gaming-gaming\\\/#primaryimage\"},\"thumbnailUrl\":\"https:\\\/\\\/aigleshopping.ca\\\/wp-content\\\/uploads\\\/2025\\\/03\\\/fe5db437-7dba-4575-998f-5e58a5795e73.jpg\",\"datePublished\":\"2025-03-07T00:04:27+00:00\",\"breadcrumb\":{\"@id\":\"https:\\\/\\\/aigleshopping.ca\\\/fr\\\/produit\\\/ecouteurs-sans-fil-avec-reveil-vocal-gaming-gaming\\\/#breadcrumb\"},\"inLanguage\":\"fr-FR\",\"potentialAction\":[{\"@type\":\"ReadAction\",\"target\":[\"https:\\\/\\\/aigleshopping.ca\\\/fr\\\/produit\\\/ecouteurs-sans-fil-avec-reveil-vocal-gaming-gaming\\\/\"]}]},{\"@type\":\"ImageObject\",\"inLanguage\":\"fr-FR\",\"@id\":\"https:\\\/\\\/aigleshopping.ca\\\/fr\\\/produit\\\/ecouteurs-sans-fil-avec-reveil-vocal-gaming-gaming\\\/#primaryimage\",\"url\":\"https:\\\/\\\/aigleshopping.ca\\\/wp-content\\\/uploads\\\/2025\\\/03\\\/fe5db437-7dba-4575-998f-5e58a5795e73.jpg\",\"contentUrl\":\"https:\\\/\\\/aigleshopping.ca\\\/wp-content\\\/uploads\\\/2025\\\/03\\\/fe5db437-7dba-4575-998f-5e58a5795e73.jpg\",\"width\":800,\"height\":800},{\"@type\":\"BreadcrumbList\",\"@id\":\"https:\\\/\\\/aigleshopping.ca\\\/fr\\\/produit\\\/ecouteurs-sans-fil-avec-reveil-vocal-gaming-gaming\\\/#breadcrumb\",\"itemListElement\":[{\"@type\":\"ListItem\",\"position\":1,\"name\":\"Home\",\"item\":\"https:\\\/\\\/aigleshopping.ca\\\/fr\\\/home\\\/\"},{\"@type\":\"ListItem\",\"position\":2,\"name\":\"Products\",\"item\":\"https:\\\/\\\/aigleshopping.ca\\\/shop\\\/\"},{\"@type\":\"ListItem\",\"position\":3,\"name\":\"Ecouteurs sans fil avec r\u00e9veil vocal Gaming Gaming\"}]},{\"@type\":\"WebSite\",\"@id\":\"https:\\\/\\\/aigleshopping.ca\\\/#website\",\"url\":\"https:\\\/\\\/aigleshopping.ca\\\/\",\"name\":\"Aigle Shopping Canada\",\"description\":\"Au-del\u00e0 des fronti\u00e8res, pour vous offrir le\u00a0meilleur!\",\"publisher\":{\"@id\":\"https:\\\/\\\/aigleshopping.ca\\\/#organization\"},\"potentialAction\":[{\"@type\":\"SearchAction\",\"target\":{\"@type\":\"EntryPoint\",\"urlTemplate\":\"https:\\\/\\\/aigleshopping.ca\\\/?s={search_term_string}\"},\"query-input\":{\"@type\":\"PropertyValueSpecification\",\"valueRequired\":true,\"valueName\":\"search_term_string\"}}],\"inLanguage\":\"fr-FR\"},{\"@type\":\"Organization\",\"@id\":\"https:\\\/\\\/aigleshopping.ca\\\/#organization\",\"name\":\"Aigle Shopping Canada\",\"url\":\"https:\\\/\\\/aigleshopping.ca\\\/\",\"logo\":{\"@type\":\"ImageObject\",\"inLanguage\":\"fr-FR\",\"@id\":\"https:\\\/\\\/aigleshopping.ca\\\/#\\\/schema\\\/logo\\\/image\\\/\",\"url\":\"https:\\\/\\\/aigleshopping.ca\\\/wp-content\\\/uploads\\\/2025\\\/12\\\/logo_aigleshopping_ca.png\",\"contentUrl\":\"https:\\\/\\\/aigleshopping.ca\\\/wp-content\\\/uploads\\\/2025\\\/12\\\/logo_aigleshopping_ca.png\",\"width\":800,\"height\":233,\"caption\":\"Aigle Shopping Canada\"},\"image\":{\"@id\":\"https:\\\/\\\/aigleshopping.ca\\\/#\\\/schema\\\/logo\\\/image\\\/\"}}]}<\/script>\n<!-- \/ Yoast SEO plugin. -->","yoast_head_json":{"title":"Ecouteurs sans fil avec r\u00e9veil vocal Gaming Gaming - Aigle Shopping Canada","robots":{"index":"index","follow":"follow","max-snippet":"max-snippet:-1","max-image-preview":"max-image-preview:large","max-video-preview":"max-video-preview:-1"},"canonical":"https:\/\/aigleshopping.ca\/fr\/produit\/ecouteurs-sans-fil-avec-reveil-vocal-gaming-gaming\/","og_locale":"fr_FR","og_type":"article","og_title":"Ecouteurs sans fil avec r\u00e9veil vocal Gaming Gaming - Aigle Shopping Canada","og_description":"Informations sur le produit : Mode d&#8217;emploi : bouchons d&rsquo;oreille Simple ou binaural : st\u00e9r\u00e9o bilat\u00e9ral Type de moule : moule priv\u00e9 Type de puce : Jerry Dur\u00e9e de vie de la batterie : 35 (heures) Informations sur les dimensions : Taille : 70&#215;52\u00d728mm Liste d&#8217;emballage : Casque d&rsquo;\u00e9coute*1","og_url":"https:\/\/aigleshopping.ca\/fr\/produit\/ecouteurs-sans-fil-avec-reveil-vocal-gaming-gaming\/","og_site_name":"Aigle Shopping Canada","og_image":[{"width":800,"height":800,"url":"https:\/\/aigleshopping.ca\/wp-content\/uploads\/2025\/03\/fe5db437-7dba-4575-998f-5e58a5795e73.jpg","type":"image\/jpeg"}],"twitter_card":"summary_large_image","schema":{"@context":"https:\/\/schema.org","@graph":[{"@type":"WebPage","@id":"https:\/\/aigleshopping.ca\/fr\/produit\/ecouteurs-sans-fil-avec-reveil-vocal-gaming-gaming\/","url":"https:\/\/aigleshopping.ca\/fr\/produit\/ecouteurs-sans-fil-avec-reveil-vocal-gaming-gaming\/","name":"Ecouteurs sans fil avec r\u00e9veil vocal Gaming Gaming - Aigle Shopping Canada","isPartOf":{"@id":"https:\/\/aigleshopping.ca\/#website"},"primaryImageOfPage":{"@id":"https:\/\/aigleshopping.ca\/fr\/produit\/ecouteurs-sans-fil-avec-reveil-vocal-gaming-gaming\/#primaryimage"},"image":{"@id":"https:\/\/aigleshopping.ca\/fr\/produit\/ecouteurs-sans-fil-avec-reveil-vocal-gaming-gaming\/#primaryimage"},"thumbnailUrl":"https:\/\/aigleshopping.ca\/wp-content\/uploads\/2025\/03\/fe5db437-7dba-4575-998f-5e58a5795e73.jpg","datePublished":"2025-03-07T00:04:27+00:00","breadcrumb":{"@id":"https:\/\/aigleshopping.ca\/fr\/produit\/ecouteurs-sans-fil-avec-reveil-vocal-gaming-gaming\/#breadcrumb"},"inLanguage":"fr-FR","potentialAction":[{"@type":"ReadAction","target":["https:\/\/aigleshopping.ca\/fr\/produit\/ecouteurs-sans-fil-avec-reveil-vocal-gaming-gaming\/"]}]},{"@type":"ImageObject","inLanguage":"fr-FR","@id":"https:\/\/aigleshopping.ca\/fr\/produit\/ecouteurs-sans-fil-avec-reveil-vocal-gaming-gaming\/#primaryimage","url":"https:\/\/aigleshopping.ca\/wp-content\/uploads\/2025\/03\/fe5db437-7dba-4575-998f-5e58a5795e73.jpg","contentUrl":"https:\/\/aigleshopping.ca\/wp-content\/uploads\/2025\/03\/fe5db437-7dba-4575-998f-5e58a5795e73.jpg","width":800,"height":800},{"@type":"BreadcrumbList","@id":"https:\/\/aigleshopping.ca\/fr\/produit\/ecouteurs-sans-fil-avec-reveil-vocal-gaming-gaming\/#breadcrumb","itemListElement":[{"@type":"ListItem","position":1,"name":"Home","item":"https:\/\/aigleshopping.ca\/fr\/home\/"},{"@type":"ListItem","position":2,"name":"Products","item":"https:\/\/aigleshopping.ca\/shop\/"},{"@type":"ListItem","position":3,"name":"Ecouteurs sans fil avec r\u00e9veil vocal Gaming Gaming"}]},{"@type":"WebSite","@id":"https:\/\/aigleshopping.ca\/#website","url":"https:\/\/aigleshopping.ca\/","name":"Aigle Shopping Canada","description":"Au-del\u00e0 des fronti\u00e8res, pour vous offrir le\u00a0meilleur!","publisher":{"@id":"https:\/\/aigleshopping.ca\/#organization"},"potentialAction":[{"@type":"SearchAction","target":{"@type":"EntryPoint","urlTemplate":"https:\/\/aigleshopping.ca\/?s={search_term_string}"},"query-input":{"@type":"PropertyValueSpecification","valueRequired":true,"valueName":"search_term_string"}}],"inLanguage":"fr-FR"},{"@type":"Organization","@id":"https:\/\/aigleshopping.ca\/#organization","name":"Aigle Shopping Canada","url":"https:\/\/aigleshopping.ca\/","logo":{"@type":"ImageObject","inLanguage":"fr-FR","@id":"https:\/\/aigleshopping.ca\/#\/schema\/logo\/image\/","url":"https:\/\/aigleshopping.ca\/wp-content\/uploads\/2025\/12\/logo_aigleshopping_ca.png","contentUrl":"https:\/\/aigleshopping.ca\/wp-content\/uploads\/2025\/12\/logo_aigleshopping_ca.png","width":800,"height":233,"caption":"Aigle Shopping Canada"},"image":{"@id":"https:\/\/aigleshopping.ca\/#\/schema\/logo\/image\/"}}]}},"jetpack_sharing_enabled":true,"_links":{"self":[{"href":"https:\/\/aigleshopping.ca\/fr\/wp-json\/wp\/v2\/product\/33112","targetHints":{"allow":["GET"]}}],"collection":[{"href":"https:\/\/aigleshopping.ca\/fr\/wp-json\/wp\/v2\/product"}],"about":[{"href":"https:\/\/aigleshopping.ca\/fr\/wp-json\/wp\/v2\/types\/product"}],"replies":[{"embeddable":true,"href":"https:\/\/aigleshopping.ca\/fr\/wp-json\/wp\/v2\/comments?post=33112"}],"wp:featuredmedia":[{"embeddable":true,"href":"https:\/\/aigleshopping.ca\/fr\/wp-json\/wp\/v2\/media\/11565"}],"wp:attachment":[{"href":"https:\/\/aigleshopping.ca\/fr\/wp-json\/wp\/v2\/media?parent=33112"}],"wp:term":[{"taxonomy":"product_brand","embeddable":true,"href":"https:\/\/aigleshopping.ca\/fr\/wp-json\/wp\/v2\/product_brand?post=33112"},{"taxonomy":"product_cat","embeddable":true,"href":"https:\/\/aigleshopping.ca\/fr\/wp-json\/wp\/v2\/product_cat?post=33112"},{"taxonomy":"product_tag","embeddable":true,"href":"https:\/\/aigleshopping.ca\/fr\/wp-json\/wp\/v2\/product_tag?post=33112"}],"curies":[{"name":"wp","href":"https:\/\/api.w.org\/{rel}","templated":true}]}}