{"id":33113,"date":"2025-03-07T00:16:11","date_gmt":"2025-03-07T00:16:11","guid":{"rendered":"https:\/\/aigleshopping.ca\/produit\/casque-pliable-sans-fil-a-reduction-de-bruit\/"},"modified":"2025-03-07T00:16:11","modified_gmt":"2025-03-07T00:16:11","slug":"casque-pliable-sans-fil-a-reduction-de-bruit","status":"publish","type":"product","link":"https:\/\/aigleshopping.ca\/fr\/produit\/casque-pliable-sans-fil-a-reduction-de-bruit\/","title":{"rendered":"Casque pliable sans fil \u00e0 r\u00e9duction de bruit"},"content":{"rendered":"<p>  1. Taille de l&#8217;emballage : 218*198*53mm <br \/> 2. Version Bluetooth :4.2 <br \/> 3. Port\u00e9e du travail : 10 m\u00e8tres <br \/> 4. Taille de la machine nue : 200*165*47mm <br \/> 5. Puissance nominale : 150 mW <br \/> 6. Fr\u00e9quence : 80 hz &#8211; 20 KHZ <br \/> 7. Dur\u00e9e de conversation : 10 heures <br \/> 8. Distorsion : \u22640.5% <br \/> Capacit\u00e9 de la batterie : 300 MAH <br \/> 9. Tension de charge :5V\u00b10,5V <br \/> 10. Temps de charge : 3 heures <br \/> 11. Dur\u00e9e de lecture :10 heures <br \/> Dur\u00e9e de veille : 300 heures            <img decoding=\"async\" src=\"https:\/\/cf.cjdropshipping.com\/7cbbab20-4383-43af-95ae-cd7b15e29fbf.jpg\"> <img decoding=\"async\" src=\"https:\/\/cf.cjdropshipping.com\/eb71a9df-2f35-4037-b434-67985d34256f.jpg\"> <img decoding=\"async\" src=\"https:\/\/cf.cjdropshipping.com\/b132a89d-e547-43f4-bc6b-e19b6f1171e4.jpg\"> <img decoding=\"async\" src=\"https:\/\/cf.cjdropshipping.com\/6566915f-b377-484e-a0cb-0f0534b519f9.jpg\"> <img decoding=\"async\" src=\"https:\/\/cf.cjdropshipping.com\/cb684cd4-3141-4a2a-a913-c1130131eaaf.jpg\"> <\/p>\n","protected":false},"excerpt":{"rendered":"<p>1. Taille de l&#8217;emballage : 218*198*53mm 2. Version Bluetooth :4.2 3. Port\u00e9e du travail : 10 m\u00e8tres 4. Taille de la machine nue : 200*165*47mm 5. Puissance nominale : 150 mW 6. Fr\u00e9quence : 80 hz &#8211; 20 KHZ 7. Dur\u00e9e de conversation : 10 heures 8. Distorsion : \u22640.5% Capacit\u00e9 de la batterie : [&hellip;]<\/p>\n","protected":false},"featured_media":11672,"comment_status":"open","ping_status":"closed","template":"","meta":{"content-type":""},"product_brand":[],"product_cat":[755],"product_tag":[],"class_list":{"0":"post-33113","1":"product","2":"type-product","3":"status-publish","4":"has-post-thumbnail","6":"product_cat-casques-sans-fil","8":"first","9":"instock","10":"taxable","11":"shipping-taxable","12":"purchasable","13":"product-type-variable","14":"add-to-wishlist-after_add_to_cart"},"yoast_head":"<!-- This site is optimized with the Yoast SEO plugin v27.4 - https:\/\/yoast.com\/product\/yoast-seo-wordpress\/ -->\n<title>Casque pliable sans fil \u00e0 r\u00e9duction de bruit - Aigle Shopping Canada<\/title>\n<meta name=\"robots\" content=\"index, follow, max-snippet:-1, max-image-preview:large, max-video-preview:-1\" \/>\n<link rel=\"canonical\" href=\"https:\/\/aigleshopping.ca\/fr\/produit\/casque-pliable-sans-fil-a-reduction-de-bruit\/\" \/>\n<meta property=\"og:locale\" content=\"fr_FR\" \/>\n<meta property=\"og:type\" content=\"article\" \/>\n<meta property=\"og:title\" content=\"Casque pliable sans fil \u00e0 r\u00e9duction de bruit - Aigle Shopping Canada\" \/>\n<meta property=\"og:description\" content=\"1. Taille de l&#8217;emballage : 218*198*53mm 2. Version Bluetooth :4.2 3. Port\u00e9e du travail : 10 m\u00e8tres 4. Taille de la machine nue : 200*165*47mm 5. Puissance nominale : 150 mW 6. Fr\u00e9quence : 80 hz &#8211; 20 KHZ 7. Dur\u00e9e de conversation : 10 heures 8. Distorsion : \u22640.5% Capacit\u00e9 de la batterie : [&hellip;]\" \/>\n<meta property=\"og:url\" content=\"https:\/\/aigleshopping.ca\/fr\/produit\/casque-pliable-sans-fil-a-reduction-de-bruit\/\" \/>\n<meta property=\"og:site_name\" content=\"Aigle Shopping Canada\" \/>\n<meta property=\"og:image\" content=\"https:\/\/aigleshopping.ca\/wp-content\/uploads\/2025\/03\/1553266073670.jpg\" \/>\n\t<meta property=\"og:image:width\" content=\"800\" \/>\n\t<meta property=\"og:image:height\" content=\"800\" \/>\n\t<meta property=\"og:image:type\" content=\"image\/jpeg\" \/>\n<meta name=\"twitter:card\" content=\"summary_large_image\" \/>\n<script type=\"application\/ld+json\" class=\"yoast-schema-graph\">{\"@context\":\"https:\\\/\\\/schema.org\",\"@graph\":[{\"@type\":\"WebPage\",\"@id\":\"https:\\\/\\\/aigleshopping.ca\\\/fr\\\/produit\\\/casque-pliable-sans-fil-a-reduction-de-bruit\\\/\",\"url\":\"https:\\\/\\\/aigleshopping.ca\\\/fr\\\/produit\\\/casque-pliable-sans-fil-a-reduction-de-bruit\\\/\",\"name\":\"Casque pliable sans fil \u00e0 r\u00e9duction de bruit - Aigle Shopping Canada\",\"isPartOf\":{\"@id\":\"https:\\\/\\\/aigleshopping.ca\\\/#website\"},\"primaryImageOfPage\":{\"@id\":\"https:\\\/\\\/aigleshopping.ca\\\/fr\\\/produit\\\/casque-pliable-sans-fil-a-reduction-de-bruit\\\/#primaryimage\"},\"image\":{\"@id\":\"https:\\\/\\\/aigleshopping.ca\\\/fr\\\/produit\\\/casque-pliable-sans-fil-a-reduction-de-bruit\\\/#primaryimage\"},\"thumbnailUrl\":\"https:\\\/\\\/aigleshopping.ca\\\/wp-content\\\/uploads\\\/2025\\\/03\\\/1553266073670.jpg\",\"datePublished\":\"2025-03-07T00:16:11+00:00\",\"breadcrumb\":{\"@id\":\"https:\\\/\\\/aigleshopping.ca\\\/fr\\\/produit\\\/casque-pliable-sans-fil-a-reduction-de-bruit\\\/#breadcrumb\"},\"inLanguage\":\"fr-FR\",\"potentialAction\":[{\"@type\":\"ReadAction\",\"target\":[\"https:\\\/\\\/aigleshopping.ca\\\/fr\\\/produit\\\/casque-pliable-sans-fil-a-reduction-de-bruit\\\/\"]}]},{\"@type\":\"ImageObject\",\"inLanguage\":\"fr-FR\",\"@id\":\"https:\\\/\\\/aigleshopping.ca\\\/fr\\\/produit\\\/casque-pliable-sans-fil-a-reduction-de-bruit\\\/#primaryimage\",\"url\":\"https:\\\/\\\/aigleshopping.ca\\\/wp-content\\\/uploads\\\/2025\\\/03\\\/1553266073670.jpg\",\"contentUrl\":\"https:\\\/\\\/aigleshopping.ca\\\/wp-content\\\/uploads\\\/2025\\\/03\\\/1553266073670.jpg\",\"width\":800,\"height\":800},{\"@type\":\"BreadcrumbList\",\"@id\":\"https:\\\/\\\/aigleshopping.ca\\\/fr\\\/produit\\\/casque-pliable-sans-fil-a-reduction-de-bruit\\\/#breadcrumb\",\"itemListElement\":[{\"@type\":\"ListItem\",\"position\":1,\"name\":\"Home\",\"item\":\"https:\\\/\\\/aigleshopping.ca\\\/fr\\\/home\\\/\"},{\"@type\":\"ListItem\",\"position\":2,\"name\":\"Products\",\"item\":\"https:\\\/\\\/aigleshopping.ca\\\/shop\\\/\"},{\"@type\":\"ListItem\",\"position\":3,\"name\":\"Casque pliable sans fil \u00e0 r\u00e9duction de bruit\"}]},{\"@type\":\"WebSite\",\"@id\":\"https:\\\/\\\/aigleshopping.ca\\\/#website\",\"url\":\"https:\\\/\\\/aigleshopping.ca\\\/\",\"name\":\"Aigle Shopping Canada\",\"description\":\"Au-del\u00e0 des fronti\u00e8res, pour vous offrir le\u00a0meilleur!\",\"publisher\":{\"@id\":\"https:\\\/\\\/aigleshopping.ca\\\/#organization\"},\"potentialAction\":[{\"@type\":\"SearchAction\",\"target\":{\"@type\":\"EntryPoint\",\"urlTemplate\":\"https:\\\/\\\/aigleshopping.ca\\\/?s={search_term_string}\"},\"query-input\":{\"@type\":\"PropertyValueSpecification\",\"valueRequired\":true,\"valueName\":\"search_term_string\"}}],\"inLanguage\":\"fr-FR\"},{\"@type\":\"Organization\",\"@id\":\"https:\\\/\\\/aigleshopping.ca\\\/#organization\",\"name\":\"Aigle Shopping Canada\",\"url\":\"https:\\\/\\\/aigleshopping.ca\\\/\",\"logo\":{\"@type\":\"ImageObject\",\"inLanguage\":\"fr-FR\",\"@id\":\"https:\\\/\\\/aigleshopping.ca\\\/#\\\/schema\\\/logo\\\/image\\\/\",\"url\":\"https:\\\/\\\/aigleshopping.ca\\\/wp-content\\\/uploads\\\/2025\\\/12\\\/logo_aigleshopping_ca.png\",\"contentUrl\":\"https:\\\/\\\/aigleshopping.ca\\\/wp-content\\\/uploads\\\/2025\\\/12\\\/logo_aigleshopping_ca.png\",\"width\":800,\"height\":233,\"caption\":\"Aigle Shopping Canada\"},\"image\":{\"@id\":\"https:\\\/\\\/aigleshopping.ca\\\/#\\\/schema\\\/logo\\\/image\\\/\"}}]}<\/script>\n<!-- \/ Yoast SEO plugin. -->","yoast_head_json":{"title":"Casque pliable sans fil \u00e0 r\u00e9duction de bruit - Aigle Shopping Canada","robots":{"index":"index","follow":"follow","max-snippet":"max-snippet:-1","max-image-preview":"max-image-preview:large","max-video-preview":"max-video-preview:-1"},"canonical":"https:\/\/aigleshopping.ca\/fr\/produit\/casque-pliable-sans-fil-a-reduction-de-bruit\/","og_locale":"fr_FR","og_type":"article","og_title":"Casque pliable sans fil \u00e0 r\u00e9duction de bruit - Aigle Shopping Canada","og_description":"1. Taille de l&#8217;emballage : 218*198*53mm 2. Version Bluetooth :4.2 3. Port\u00e9e du travail : 10 m\u00e8tres 4. Taille de la machine nue : 200*165*47mm 5. Puissance nominale : 150 mW 6. Fr\u00e9quence : 80 hz &#8211; 20 KHZ 7. Dur\u00e9e de conversation : 10 heures 8. Distorsion : \u22640.5% Capacit\u00e9 de la batterie : [&hellip;]","og_url":"https:\/\/aigleshopping.ca\/fr\/produit\/casque-pliable-sans-fil-a-reduction-de-bruit\/","og_site_name":"Aigle Shopping Canada","og_image":[{"width":800,"height":800,"url":"https:\/\/aigleshopping.ca\/wp-content\/uploads\/2025\/03\/1553266073670.jpg","type":"image\/jpeg"}],"twitter_card":"summary_large_image","schema":{"@context":"https:\/\/schema.org","@graph":[{"@type":"WebPage","@id":"https:\/\/aigleshopping.ca\/fr\/produit\/casque-pliable-sans-fil-a-reduction-de-bruit\/","url":"https:\/\/aigleshopping.ca\/fr\/produit\/casque-pliable-sans-fil-a-reduction-de-bruit\/","name":"Casque pliable sans fil \u00e0 r\u00e9duction de bruit - Aigle Shopping Canada","isPartOf":{"@id":"https:\/\/aigleshopping.ca\/#website"},"primaryImageOfPage":{"@id":"https:\/\/aigleshopping.ca\/fr\/produit\/casque-pliable-sans-fil-a-reduction-de-bruit\/#primaryimage"},"image":{"@id":"https:\/\/aigleshopping.ca\/fr\/produit\/casque-pliable-sans-fil-a-reduction-de-bruit\/#primaryimage"},"thumbnailUrl":"https:\/\/aigleshopping.ca\/wp-content\/uploads\/2025\/03\/1553266073670.jpg","datePublished":"2025-03-07T00:16:11+00:00","breadcrumb":{"@id":"https:\/\/aigleshopping.ca\/fr\/produit\/casque-pliable-sans-fil-a-reduction-de-bruit\/#breadcrumb"},"inLanguage":"fr-FR","potentialAction":[{"@type":"ReadAction","target":["https:\/\/aigleshopping.ca\/fr\/produit\/casque-pliable-sans-fil-a-reduction-de-bruit\/"]}]},{"@type":"ImageObject","inLanguage":"fr-FR","@id":"https:\/\/aigleshopping.ca\/fr\/produit\/casque-pliable-sans-fil-a-reduction-de-bruit\/#primaryimage","url":"https:\/\/aigleshopping.ca\/wp-content\/uploads\/2025\/03\/1553266073670.jpg","contentUrl":"https:\/\/aigleshopping.ca\/wp-content\/uploads\/2025\/03\/1553266073670.jpg","width":800,"height":800},{"@type":"BreadcrumbList","@id":"https:\/\/aigleshopping.ca\/fr\/produit\/casque-pliable-sans-fil-a-reduction-de-bruit\/#breadcrumb","itemListElement":[{"@type":"ListItem","position":1,"name":"Home","item":"https:\/\/aigleshopping.ca\/fr\/home\/"},{"@type":"ListItem","position":2,"name":"Products","item":"https:\/\/aigleshopping.ca\/shop\/"},{"@type":"ListItem","position":3,"name":"Casque pliable sans fil \u00e0 r\u00e9duction de bruit"}]},{"@type":"WebSite","@id":"https:\/\/aigleshopping.ca\/#website","url":"https:\/\/aigleshopping.ca\/","name":"Aigle Shopping Canada","description":"Au-del\u00e0 des fronti\u00e8res, pour vous offrir le\u00a0meilleur!","publisher":{"@id":"https:\/\/aigleshopping.ca\/#organization"},"potentialAction":[{"@type":"SearchAction","target":{"@type":"EntryPoint","urlTemplate":"https:\/\/aigleshopping.ca\/?s={search_term_string}"},"query-input":{"@type":"PropertyValueSpecification","valueRequired":true,"valueName":"search_term_string"}}],"inLanguage":"fr-FR"},{"@type":"Organization","@id":"https:\/\/aigleshopping.ca\/#organization","name":"Aigle Shopping Canada","url":"https:\/\/aigleshopping.ca\/","logo":{"@type":"ImageObject","inLanguage":"fr-FR","@id":"https:\/\/aigleshopping.ca\/#\/schema\/logo\/image\/","url":"https:\/\/aigleshopping.ca\/wp-content\/uploads\/2025\/12\/logo_aigleshopping_ca.png","contentUrl":"https:\/\/aigleshopping.ca\/wp-content\/uploads\/2025\/12\/logo_aigleshopping_ca.png","width":800,"height":233,"caption":"Aigle Shopping Canada"},"image":{"@id":"https:\/\/aigleshopping.ca\/#\/schema\/logo\/image\/"}}]}},"jetpack_sharing_enabled":true,"_links":{"self":[{"href":"https:\/\/aigleshopping.ca\/fr\/wp-json\/wp\/v2\/product\/33113","targetHints":{"allow":["GET"]}}],"collection":[{"href":"https:\/\/aigleshopping.ca\/fr\/wp-json\/wp\/v2\/product"}],"about":[{"href":"https:\/\/aigleshopping.ca\/fr\/wp-json\/wp\/v2\/types\/product"}],"replies":[{"embeddable":true,"href":"https:\/\/aigleshopping.ca\/fr\/wp-json\/wp\/v2\/comments?post=33113"}],"wp:featuredmedia":[{"embeddable":true,"href":"https:\/\/aigleshopping.ca\/fr\/wp-json\/wp\/v2\/media\/11672"}],"wp:attachment":[{"href":"https:\/\/aigleshopping.ca\/fr\/wp-json\/wp\/v2\/media?parent=33113"}],"wp:term":[{"taxonomy":"product_brand","embeddable":true,"href":"https:\/\/aigleshopping.ca\/fr\/wp-json\/wp\/v2\/product_brand?post=33113"},{"taxonomy":"product_cat","embeddable":true,"href":"https:\/\/aigleshopping.ca\/fr\/wp-json\/wp\/v2\/product_cat?post=33113"},{"taxonomy":"product_tag","embeddable":true,"href":"https:\/\/aigleshopping.ca\/fr\/wp-json\/wp\/v2\/product_tag?post=33113"}],"curies":[{"name":"wp","href":"https:\/\/api.w.org\/{rel}","templated":true}]}}