{"id":33118,"date":"2025-03-07T08:03:20","date_gmt":"2025-03-07T08:03:20","guid":{"rendered":"https:\/\/aigleshopping.ca\/produit\/miroir-de-maquillage-pliable-avec-lumiere-68-miroirs-de-vanite-led-10x-grossissant-180rotation\/"},"modified":"2025-03-07T08:03:20","modified_gmt":"2025-03-07T08:03:20","slug":"miroir-de-maquillage-pliable-avec-lumiere-68-miroirs-de-vanite-led-10x-grossissant-180rotation","status":"publish","type":"product","link":"https:\/\/aigleshopping.ca\/fr\/produit\/miroir-de-maquillage-pliable-avec-lumiere-68-miroirs-de-vanite-led-10x-grossissant-180rotation\/","title":{"rendered":"Miroir de maquillage pliable avec lumi\u00e8re 68 miroirs de vanit\u00e9 LED 10X grossissant 180Rotation"},"content":{"rendered":"<p> <b> <font style=\"vertical-align: inherit\"> <font style=\"vertical-align: inherit\">Fran\u00e7ais : Aper\u00e7u :<\/font> <\/font> <br \/> <\/b> <font style=\"vertical-align: inherit\"> <font style=\"vertical-align: inherit\">  1. Lumi\u00e8re r\u00e9glable : appuyez longuement sur le bouton d&rsquo;alimentation, vous pouvez r\u00e9gler la luminosit\u00e9 de la lumi\u00e8re selon vos besoins. La lumi\u00e8re du miroir de maquillage LED est naturelle et douce, lumineuse mais pas \u00e9blouissante pour prot\u00e9ger vos yeux.   <\/font> <\/font> <br \/> <font style=\"vertical-align: inherit\"> <font style=\"vertical-align: inherit\">2. Trois temp\u00e9ratures de lumi\u00e8re : lumi\u00e8re chaude, naturelle, froide, trois tons de lumi\u00e8re, obtenez la bonne couleur de lumi\u00e8re pour les bonnes occasions.  <\/font> <\/font> <br \/> <font style=\"vertical-align: inherit\"> <font style=\"vertical-align: inherit\">3. Miroir grossissant : miroir grossissant 10X d\u00e9tachable avec ventouses \u00e0 l&rsquo;arri\u00e8re, peut coller sur la surface du miroir principal pour une utilisation combin\u00e9e.  <\/font> <\/font> <br \/> <font style=\"vertical-align: inherit\"> <font style=\"vertical-align: inherit\">4. Rechargeable par USB : capacit\u00e9 de la batterie de 2500 mAh, dur\u00e9e d&rsquo;environ 8 jours avec 30 minutes d&rsquo;\u00e9clairage lumineux chaque jour, une fois compl\u00e8tement recharg\u00e9e.  <\/font> <\/font> <br \/> <font style=\"vertical-align: inherit\"> <font style=\"vertical-align: inherit\">5. Orientable \u00e0 180\u00b0 : ce miroir de maquillage de table peut pivoter \u00e0 180\u00b0, offrant plus de flexibilit\u00e9 pour trouver les angles de maquillage les mieux adapt\u00e9s.  <\/font> <\/font> <br \/> <font style=\"vertical-align: inherit\"> <font style=\"vertical-align: inherit\">6. Unisexe et adapt\u00e9 aux voyages : ce miroir de courtoisie est pratique pour le rasage du matin des hommes et le maquillage des femmes. La conception \u00e0 trois volets et sans fil le rend facile \u00e0 transporter en voyage. <\/font> <\/font> <\/p>\n<p> <\/p>\n<p> <b> <font style=\"vertical-align: inherit\"> <font style=\"vertical-align: inherit\">Sp\u00e9cifications :<\/font> <\/font> <br \/> <\/b> <font style=\"vertical-align: inherit\"> <font style=\"vertical-align: inherit\">  Mat\u00e9riau de la monture : ABS  <\/font> <\/font> <br \/> <font style=\"vertical-align: inherit\"> <font style=\"vertical-align: inherit\">Mat\u00e9riau des verres : miroir argent\u00e9  <\/font> <\/font> <br \/> <font style=\"vertical-align: inherit\"> <font style=\"vertical-align: inherit\">Mode d&rsquo;alimentation : charge\/alimentation<\/font> <\/font> <\/p>\n<p> <\/p>\n<p>  <b> <font style=\"vertical-align: inherit\"> <font style=\"vertical-align: inherit\">Contenu du paquet :<\/font> <\/font> <br \/> <\/b> <font style=\"vertical-align: inherit\"> <font style=\"vertical-align: inherit\"> 1 x miroir de maquillage<\/font> <\/font>  <\/p>\n<p> <font style=\"vertical-align: inherit\"> <font style=\"vertical-align: inherit\">1 style [rechargeable] miroir plat \u00e0 trois c\u00f4t\u00e9s,  <\/font> <\/font> <br \/> <font style=\"vertical-align: inherit\"> <font style=\"vertical-align: inherit\">2 styles [mod\u00e8le rechargeable] loupe 2 fois 3 fois \u00e0 gauche + miroir plat \u00e0 droite,  <\/font> <\/font> <br \/> <font style=\"vertical-align: inherit\"> <font style=\"vertical-align: inherit\">3 styles [rechargeable] miroir plat \u00e0 trois c\u00f4t\u00e9s + loupe 10 fois,  <\/font> <\/font> <br \/> <font style=\"vertical-align: inherit\"> <font style=\"vertical-align: inherit\">4 styles [mod\u00e8le rechargeable] loupe 2 fois 3 fois \u00e0 gauche + miroir plat \u00e0 droite + loupe 10 fois  <\/font> <\/font> <br \/> <font style=\"vertical-align: inherit\"> <font style=\"vertical-align: inherit\">5 styles : miroir cosm\u00e9tique triple (miroir \u00e0 grossissement normal, miroir 2x, miroir 3x), chargement tricolore<\/font> <\/font> <\/p>\n<p> <\/p>\n<p> <img decoding=\"async\" src=\"https:\/\/cf.cjdropshipping.com\/1618545521911.png\"> <img decoding=\"async\" src=\"https:\/\/cf.cjdropshipping.com\/1618545521910.png\"> <img decoding=\"async\" src=\"https:\/\/cf.cjdropshipping.com\/1618545522294.png\">  <\/p>\n<p> <img decoding=\"async\" src=\"https:\/\/cf.cjdropshipping.com\/1618545521883.png\"> <img decoding=\"async\" src=\"https:\/\/cf.cjdropshipping.com\/1618545521884.png\"> <img decoding=\"async\" src=\"https:\/\/cf.cjdropshipping.com\/1618545521928.png\"> <img decoding=\"async\" src=\"https:\/\/cf.cjdropshipping.com\/1618545521917.png\"> <img decoding=\"async\" src=\"https:\/\/cf.cjdropshipping.com\/1618545522300.png\"> <img decoding=\"async\" src=\"https:\/\/cf.cjdropshipping.com\/1618545522292.png\"> <img decoding=\"async\" src=\"https:\/\/cf.cjdropshipping.com\/1618545522303.png\"> <img decoding=\"async\" src=\"https:\/\/cf.cjdropshipping.com\/1618545522298.png\"> <img decoding=\"async\" src=\"https:\/\/cf.cjdropshipping.com\/1618545522309.png\"> <img decoding=\"async\" src=\"https:\/\/cf.cjdropshipping.com\/1618545522633.png\"> <img decoding=\"async\" src=\"https:\/\/cf.cjdropshipping.com\/1618545522651.png\"> <img decoding=\"async\" src=\"https:\/\/cf.cjdropshipping.com\/1618545522644.png\">  <\/p>\n","protected":false},"excerpt":{"rendered":"<p>Fran\u00e7ais : Aper\u00e7u : 1. Lumi\u00e8re r\u00e9glable : appuyez longuement sur le bouton d&rsquo;alimentation, vous pouvez r\u00e9gler la luminosit\u00e9 de la lumi\u00e8re selon vos besoins. La lumi\u00e8re du miroir de maquillage LED est naturelle et douce, lumineuse mais pas \u00e9blouissante pour prot\u00e9ger vos yeux. 2. Trois temp\u00e9ratures de lumi\u00e8re : lumi\u00e8re chaude, naturelle, froide, trois [&hellip;]<\/p>\n","protected":false},"featured_media":11827,"comment_status":"open","ping_status":"closed","template":"","meta":{"content-type":""},"product_brand":[],"product_cat":[844],"product_tag":[],"class_list":{"0":"post-33118","1":"product","2":"type-product","3":"status-publish","4":"has-post-thumbnail","6":"product_cat-miroirs-de-salle-de-bains","8":"first","9":"instock","10":"taxable","11":"shipping-taxable","12":"purchasable","13":"product-type-variable","14":"add-to-wishlist-after_add_to_cart"},"yoast_head":"<!-- This site is optimized with the Yoast SEO plugin v27.5 - https:\/\/yoast.com\/product\/yoast-seo-wordpress\/ -->\n<title>Miroir de maquillage pliable avec lumi\u00e8re 68 miroirs de vanit\u00e9 LED 10X grossissant 180Rotation - Aigle Shopping Canada<\/title>\n<meta name=\"robots\" content=\"index, follow, max-snippet:-1, max-image-preview:large, max-video-preview:-1\" \/>\n<link rel=\"canonical\" href=\"https:\/\/aigleshopping.ca\/fr\/produit\/miroir-de-maquillage-pliable-avec-lumiere-68-miroirs-de-vanite-led-10x-grossissant-180rotation\/\" \/>\n<meta property=\"og:locale\" content=\"fr_FR\" \/>\n<meta property=\"og:type\" content=\"article\" \/>\n<meta property=\"og:title\" content=\"Miroir de maquillage pliable avec lumi\u00e8re 68 miroirs de vanit\u00e9 LED 10X grossissant 180Rotation - Aigle Shopping Canada\" \/>\n<meta property=\"og:description\" content=\"Fran\u00e7ais : Aper\u00e7u : 1. Lumi\u00e8re r\u00e9glable : appuyez longuement sur le bouton d&rsquo;alimentation, vous pouvez r\u00e9gler la luminosit\u00e9 de la lumi\u00e8re selon vos besoins. La lumi\u00e8re du miroir de maquillage LED est naturelle et douce, lumineuse mais pas \u00e9blouissante pour prot\u00e9ger vos yeux. 2. Trois temp\u00e9ratures de lumi\u00e8re : lumi\u00e8re chaude, naturelle, froide, trois [&hellip;]\" \/>\n<meta property=\"og:url\" content=\"https:\/\/aigleshopping.ca\/fr\/produit\/miroir-de-maquillage-pliable-avec-lumiere-68-miroirs-de-vanite-led-10x-grossissant-180rotation\/\" \/>\n<meta property=\"og:site_name\" content=\"Aigle Shopping Canada\" \/>\n<meta property=\"og:image\" content=\"https:\/\/aigleshopping.ca\/wp-content\/uploads\/2025\/03\/1618545606655.jpg\" \/>\n\t<meta property=\"og:image:width\" content=\"800\" \/>\n\t<meta property=\"og:image:height\" content=\"800\" \/>\n\t<meta property=\"og:image:type\" content=\"image\/jpeg\" \/>\n<meta name=\"twitter:card\" content=\"summary_large_image\" \/>\n<meta name=\"twitter:label1\" content=\"Dur\u00e9e de lecture estim\u00e9e\" \/>\n\t<meta name=\"twitter:data1\" content=\"1 minute\" \/>\n<script type=\"application\/ld+json\" class=\"yoast-schema-graph\">{\"@context\":\"https:\\\/\\\/schema.org\",\"@graph\":[{\"@type\":\"WebPage\",\"@id\":\"https:\\\/\\\/aigleshopping.ca\\\/fr\\\/produit\\\/miroir-de-maquillage-pliable-avec-lumiere-68-miroirs-de-vanite-led-10x-grossissant-180rotation\\\/\",\"url\":\"https:\\\/\\\/aigleshopping.ca\\\/fr\\\/produit\\\/miroir-de-maquillage-pliable-avec-lumiere-68-miroirs-de-vanite-led-10x-grossissant-180rotation\\\/\",\"name\":\"Miroir de maquillage pliable avec lumi\u00e8re 68 miroirs de vanit\u00e9 LED 10X grossissant 180Rotation - Aigle Shopping Canada\",\"isPartOf\":{\"@id\":\"https:\\\/\\\/aigleshopping.ca\\\/#website\"},\"primaryImageOfPage\":{\"@id\":\"https:\\\/\\\/aigleshopping.ca\\\/fr\\\/produit\\\/miroir-de-maquillage-pliable-avec-lumiere-68-miroirs-de-vanite-led-10x-grossissant-180rotation\\\/#primaryimage\"},\"image\":{\"@id\":\"https:\\\/\\\/aigleshopping.ca\\\/fr\\\/produit\\\/miroir-de-maquillage-pliable-avec-lumiere-68-miroirs-de-vanite-led-10x-grossissant-180rotation\\\/#primaryimage\"},\"thumbnailUrl\":\"https:\\\/\\\/aigleshopping.ca\\\/wp-content\\\/uploads\\\/2025\\\/03\\\/1618545606655.jpg\",\"datePublished\":\"2025-03-07T08:03:20+00:00\",\"breadcrumb\":{\"@id\":\"https:\\\/\\\/aigleshopping.ca\\\/fr\\\/produit\\\/miroir-de-maquillage-pliable-avec-lumiere-68-miroirs-de-vanite-led-10x-grossissant-180rotation\\\/#breadcrumb\"},\"inLanguage\":\"fr-FR\",\"potentialAction\":[{\"@type\":\"ReadAction\",\"target\":[\"https:\\\/\\\/aigleshopping.ca\\\/fr\\\/produit\\\/miroir-de-maquillage-pliable-avec-lumiere-68-miroirs-de-vanite-led-10x-grossissant-180rotation\\\/\"]}]},{\"@type\":\"ImageObject\",\"inLanguage\":\"fr-FR\",\"@id\":\"https:\\\/\\\/aigleshopping.ca\\\/fr\\\/produit\\\/miroir-de-maquillage-pliable-avec-lumiere-68-miroirs-de-vanite-led-10x-grossissant-180rotation\\\/#primaryimage\",\"url\":\"https:\\\/\\\/aigleshopping.ca\\\/wp-content\\\/uploads\\\/2025\\\/03\\\/1618545606655.jpg\",\"contentUrl\":\"https:\\\/\\\/aigleshopping.ca\\\/wp-content\\\/uploads\\\/2025\\\/03\\\/1618545606655.jpg\",\"width\":800,\"height\":800},{\"@type\":\"BreadcrumbList\",\"@id\":\"https:\\\/\\\/aigleshopping.ca\\\/fr\\\/produit\\\/miroir-de-maquillage-pliable-avec-lumiere-68-miroirs-de-vanite-led-10x-grossissant-180rotation\\\/#breadcrumb\",\"itemListElement\":[{\"@type\":\"ListItem\",\"position\":1,\"name\":\"Home\",\"item\":\"https:\\\/\\\/aigleshopping.ca\\\/fr\\\/home\\\/\"},{\"@type\":\"ListItem\",\"position\":2,\"name\":\"Products\",\"item\":\"https:\\\/\\\/aigleshopping.ca\\\/shop\\\/\"},{\"@type\":\"ListItem\",\"position\":3,\"name\":\"Miroir de maquillage pliable avec lumi\u00e8re 68 miroirs de vanit\u00e9 LED 10X grossissant 180Rotation\"}]},{\"@type\":\"WebSite\",\"@id\":\"https:\\\/\\\/aigleshopping.ca\\\/#website\",\"url\":\"https:\\\/\\\/aigleshopping.ca\\\/\",\"name\":\"Aigle Shopping Canada\",\"description\":\"Au-del\u00e0 des fronti\u00e8res, pour vous offrir le\u00a0meilleur!\",\"publisher\":{\"@id\":\"https:\\\/\\\/aigleshopping.ca\\\/#organization\"},\"potentialAction\":[{\"@type\":\"SearchAction\",\"target\":{\"@type\":\"EntryPoint\",\"urlTemplate\":\"https:\\\/\\\/aigleshopping.ca\\\/?s={search_term_string}\"},\"query-input\":{\"@type\":\"PropertyValueSpecification\",\"valueRequired\":true,\"valueName\":\"search_term_string\"}}],\"inLanguage\":\"fr-FR\"},{\"@type\":\"Organization\",\"@id\":\"https:\\\/\\\/aigleshopping.ca\\\/#organization\",\"name\":\"Aigle Shopping Canada\",\"url\":\"https:\\\/\\\/aigleshopping.ca\\\/\",\"logo\":{\"@type\":\"ImageObject\",\"inLanguage\":\"fr-FR\",\"@id\":\"https:\\\/\\\/aigleshopping.ca\\\/#\\\/schema\\\/logo\\\/image\\\/\",\"url\":\"https:\\\/\\\/aigleshopping.ca\\\/wp-content\\\/uploads\\\/2025\\\/12\\\/logo_aigleshopping_ca.png\",\"contentUrl\":\"https:\\\/\\\/aigleshopping.ca\\\/wp-content\\\/uploads\\\/2025\\\/12\\\/logo_aigleshopping_ca.png\",\"width\":800,\"height\":233,\"caption\":\"Aigle Shopping Canada\"},\"image\":{\"@id\":\"https:\\\/\\\/aigleshopping.ca\\\/#\\\/schema\\\/logo\\\/image\\\/\"}}]}<\/script>\n<!-- \/ Yoast SEO plugin. -->","yoast_head_json":{"title":"Miroir de maquillage pliable avec lumi\u00e8re 68 miroirs de vanit\u00e9 LED 10X grossissant 180Rotation - Aigle Shopping Canada","robots":{"index":"index","follow":"follow","max-snippet":"max-snippet:-1","max-image-preview":"max-image-preview:large","max-video-preview":"max-video-preview:-1"},"canonical":"https:\/\/aigleshopping.ca\/fr\/produit\/miroir-de-maquillage-pliable-avec-lumiere-68-miroirs-de-vanite-led-10x-grossissant-180rotation\/","og_locale":"fr_FR","og_type":"article","og_title":"Miroir de maquillage pliable avec lumi\u00e8re 68 miroirs de vanit\u00e9 LED 10X grossissant 180Rotation - Aigle Shopping Canada","og_description":"Fran\u00e7ais : Aper\u00e7u : 1. Lumi\u00e8re r\u00e9glable : appuyez longuement sur le bouton d&rsquo;alimentation, vous pouvez r\u00e9gler la luminosit\u00e9 de la lumi\u00e8re selon vos besoins. La lumi\u00e8re du miroir de maquillage LED est naturelle et douce, lumineuse mais pas \u00e9blouissante pour prot\u00e9ger vos yeux. 2. Trois temp\u00e9ratures de lumi\u00e8re : lumi\u00e8re chaude, naturelle, froide, trois [&hellip;]","og_url":"https:\/\/aigleshopping.ca\/fr\/produit\/miroir-de-maquillage-pliable-avec-lumiere-68-miroirs-de-vanite-led-10x-grossissant-180rotation\/","og_site_name":"Aigle Shopping Canada","og_image":[{"width":800,"height":800,"url":"https:\/\/aigleshopping.ca\/wp-content\/uploads\/2025\/03\/1618545606655.jpg","type":"image\/jpeg"}],"twitter_card":"summary_large_image","twitter_misc":{"Dur\u00e9e de lecture estim\u00e9e":"1 minute"},"schema":{"@context":"https:\/\/schema.org","@graph":[{"@type":"WebPage","@id":"https:\/\/aigleshopping.ca\/fr\/produit\/miroir-de-maquillage-pliable-avec-lumiere-68-miroirs-de-vanite-led-10x-grossissant-180rotation\/","url":"https:\/\/aigleshopping.ca\/fr\/produit\/miroir-de-maquillage-pliable-avec-lumiere-68-miroirs-de-vanite-led-10x-grossissant-180rotation\/","name":"Miroir de maquillage pliable avec lumi\u00e8re 68 miroirs de vanit\u00e9 LED 10X grossissant 180Rotation - Aigle Shopping Canada","isPartOf":{"@id":"https:\/\/aigleshopping.ca\/#website"},"primaryImageOfPage":{"@id":"https:\/\/aigleshopping.ca\/fr\/produit\/miroir-de-maquillage-pliable-avec-lumiere-68-miroirs-de-vanite-led-10x-grossissant-180rotation\/#primaryimage"},"image":{"@id":"https:\/\/aigleshopping.ca\/fr\/produit\/miroir-de-maquillage-pliable-avec-lumiere-68-miroirs-de-vanite-led-10x-grossissant-180rotation\/#primaryimage"},"thumbnailUrl":"https:\/\/aigleshopping.ca\/wp-content\/uploads\/2025\/03\/1618545606655.jpg","datePublished":"2025-03-07T08:03:20+00:00","breadcrumb":{"@id":"https:\/\/aigleshopping.ca\/fr\/produit\/miroir-de-maquillage-pliable-avec-lumiere-68-miroirs-de-vanite-led-10x-grossissant-180rotation\/#breadcrumb"},"inLanguage":"fr-FR","potentialAction":[{"@type":"ReadAction","target":["https:\/\/aigleshopping.ca\/fr\/produit\/miroir-de-maquillage-pliable-avec-lumiere-68-miroirs-de-vanite-led-10x-grossissant-180rotation\/"]}]},{"@type":"ImageObject","inLanguage":"fr-FR","@id":"https:\/\/aigleshopping.ca\/fr\/produit\/miroir-de-maquillage-pliable-avec-lumiere-68-miroirs-de-vanite-led-10x-grossissant-180rotation\/#primaryimage","url":"https:\/\/aigleshopping.ca\/wp-content\/uploads\/2025\/03\/1618545606655.jpg","contentUrl":"https:\/\/aigleshopping.ca\/wp-content\/uploads\/2025\/03\/1618545606655.jpg","width":800,"height":800},{"@type":"BreadcrumbList","@id":"https:\/\/aigleshopping.ca\/fr\/produit\/miroir-de-maquillage-pliable-avec-lumiere-68-miroirs-de-vanite-led-10x-grossissant-180rotation\/#breadcrumb","itemListElement":[{"@type":"ListItem","position":1,"name":"Home","item":"https:\/\/aigleshopping.ca\/fr\/home\/"},{"@type":"ListItem","position":2,"name":"Products","item":"https:\/\/aigleshopping.ca\/shop\/"},{"@type":"ListItem","position":3,"name":"Miroir de maquillage pliable avec lumi\u00e8re 68 miroirs de vanit\u00e9 LED 10X grossissant 180Rotation"}]},{"@type":"WebSite","@id":"https:\/\/aigleshopping.ca\/#website","url":"https:\/\/aigleshopping.ca\/","name":"Aigle Shopping Canada","description":"Au-del\u00e0 des fronti\u00e8res, pour vous offrir le\u00a0meilleur!","publisher":{"@id":"https:\/\/aigleshopping.ca\/#organization"},"potentialAction":[{"@type":"SearchAction","target":{"@type":"EntryPoint","urlTemplate":"https:\/\/aigleshopping.ca\/?s={search_term_string}"},"query-input":{"@type":"PropertyValueSpecification","valueRequired":true,"valueName":"search_term_string"}}],"inLanguage":"fr-FR"},{"@type":"Organization","@id":"https:\/\/aigleshopping.ca\/#organization","name":"Aigle Shopping Canada","url":"https:\/\/aigleshopping.ca\/","logo":{"@type":"ImageObject","inLanguage":"fr-FR","@id":"https:\/\/aigleshopping.ca\/#\/schema\/logo\/image\/","url":"https:\/\/aigleshopping.ca\/wp-content\/uploads\/2025\/12\/logo_aigleshopping_ca.png","contentUrl":"https:\/\/aigleshopping.ca\/wp-content\/uploads\/2025\/12\/logo_aigleshopping_ca.png","width":800,"height":233,"caption":"Aigle Shopping Canada"},"image":{"@id":"https:\/\/aigleshopping.ca\/#\/schema\/logo\/image\/"}}]}},"jetpack_sharing_enabled":true,"_links":{"self":[{"href":"https:\/\/aigleshopping.ca\/fr\/wp-json\/wp\/v2\/product\/33118","targetHints":{"allow":["GET"]}}],"collection":[{"href":"https:\/\/aigleshopping.ca\/fr\/wp-json\/wp\/v2\/product"}],"about":[{"href":"https:\/\/aigleshopping.ca\/fr\/wp-json\/wp\/v2\/types\/product"}],"replies":[{"embeddable":true,"href":"https:\/\/aigleshopping.ca\/fr\/wp-json\/wp\/v2\/comments?post=33118"}],"wp:featuredmedia":[{"embeddable":true,"href":"https:\/\/aigleshopping.ca\/fr\/wp-json\/wp\/v2\/media\/11827"}],"wp:attachment":[{"href":"https:\/\/aigleshopping.ca\/fr\/wp-json\/wp\/v2\/media?parent=33118"}],"wp:term":[{"taxonomy":"product_brand","embeddable":true,"href":"https:\/\/aigleshopping.ca\/fr\/wp-json\/wp\/v2\/product_brand?post=33118"},{"taxonomy":"product_cat","embeddable":true,"href":"https:\/\/aigleshopping.ca\/fr\/wp-json\/wp\/v2\/product_cat?post=33118"},{"taxonomy":"product_tag","embeddable":true,"href":"https:\/\/aigleshopping.ca\/fr\/wp-json\/wp\/v2\/product_tag?post=33118"}],"curies":[{"name":"wp","href":"https:\/\/api.w.org\/{rel}","templated":true}]}}