{"id":33130,"date":"2025-03-07T23:30:59","date_gmt":"2025-03-07T23:30:59","guid":{"rendered":"https:\/\/aigleshopping.ca\/produit\/localisateur-de-chien-mini-traceur-intelligent-collier-anti-perte-etanche\/"},"modified":"2025-08-08T15:09:03","modified_gmt":"2025-08-08T15:09:03","slug":"localisateur-de-chien-mini-traceur-intelligent-collier-anti-perte-etanche","status":"publish","type":"product","link":"https:\/\/aigleshopping.ca\/fr\/produit\/localisateur-de-chien-mini-traceur-intelligent-collier-anti-perte-etanche\/","title":{"rendered":"Localisateur de chien Mini traceur intelligent Collier anti perte \u00e9tanche"},"content":{"rendered":"<p> <b>Informations sur le produit<\/b>  <\/p>\n<p>  Nom du produit : Pet GPS Tracker <br \/> Mod\u00e8le de produit : F9 <br \/> Taille de l&rsquo;appareil : 49* 46*20MM <br \/> Couleur : noir et blanc <br \/> Fr\u00e9quence GSM : 850\/900\/1800\/1900MHz <br \/> Solution de plateforme : MTK2503D <br \/> Type de positionnement : GPS+BEIDOU+WIFI+LBS <br \/> Sensibilit\u00e9 GPS : (-157DB) <br \/> Pr\u00e9cision L BS : 100-1000M <br \/> Pr\u00e9cision GPS : 5-20M <br \/> Pr\u00e9cision WIF| : 10- 50M <br \/> Mat\u00e9riau : ABS+PVC <br \/> Batterie : polym\u00e8re 500 mAh <br \/> Temp\u00e9rature de fonctionnement : -20\u00b0C \u00e0 +55\u00b0C <br \/> Mode par d\u00e9faut : 1 heure. Chargement une fois, mise en veille pendant 4-5 jours <br \/> Mode standard : 30 secondes. Chargement une fois, veille 12-1 5 heures    <\/p>\n<p> <b>Liste de colisage<\/b>  <\/p>\n<p> <img decoding=\"async\" src=\"https:\/\/cf.cjdropshipping.com\/1613353206756.jpg\"> <b> <br \/> <\/b> <\/p>\n<p> <img decoding=\"async\" src=\"https:\/\/cf.cjdropshipping.com\/1613353219727.jpg\"> <img decoding=\"async\" src=\"https:\/\/cf.cjdropshipping.com\/1613353219750.jpg\"> <img decoding=\"async\" src=\"https:\/\/cf.cjdropshipping.com\/1613353219752.jpg\"> <img decoding=\"async\" src=\"https:\/\/cf.cjdropshipping.com\/1613353219755.jpg\"> <img decoding=\"async\" src=\"https:\/\/cf.cjdropshipping.com\/1613353226411.jpg\"> <img decoding=\"async\" src=\"https:\/\/cf.cjdropshipping.com\/1613353230804.png\">  <\/p>\n","protected":false},"excerpt":{"rendered":"<p>Informations sur le produit Nom du produit : Pet GPS Tracker Mod\u00e8le de produit : F9 Taille de l&rsquo;appareil : 49* 46*20MM Couleur : noir et blanc Fr\u00e9quence GSM : 850\/900\/1800\/1900MHz Solution de plateforme : MTK2503D Type de positionnement : GPS+BEIDOU+WIFI+LBS Sensibilit\u00e9 GPS : (-157DB) Pr\u00e9cision L BS : 100-1000M Pr\u00e9cision GPS : 5-20M Pr\u00e9cision [&hellip;]<\/p>\n","protected":false},"featured_media":13022,"comment_status":"open","ping_status":"closed","template":"","meta":{"content-type":""},"product_brand":[],"product_cat":[266],"product_tag":[],"class_list":{"0":"post-33130","1":"product","2":"type-product","3":"status-publish","4":"has-post-thumbnail","6":"product_cat-chiens-et-chats","8":"first","9":"instock","10":"taxable","11":"shipping-taxable","12":"purchasable","13":"product-type-variable","14":"add-to-wishlist-after_add_to_cart"},"yoast_head":"<!-- This site is optimized with the Yoast SEO plugin v27.4 - https:\/\/yoast.com\/product\/yoast-seo-wordpress\/ -->\n<title>Localisateur de chien Mini traceur intelligent Collier anti perte \u00e9tanche - Aigle Shopping Canada<\/title>\n<meta name=\"robots\" content=\"index, follow, max-snippet:-1, max-image-preview:large, max-video-preview:-1\" \/>\n<link rel=\"canonical\" href=\"https:\/\/aigleshopping.ca\/fr\/produit\/localisateur-de-chien-mini-traceur-intelligent-collier-anti-perte-etanche\/\" \/>\n<meta property=\"og:locale\" content=\"fr_FR\" \/>\n<meta property=\"og:type\" content=\"article\" \/>\n<meta property=\"og:title\" content=\"Localisateur de chien Mini traceur intelligent Collier anti perte \u00e9tanche - Aigle Shopping Canada\" \/>\n<meta property=\"og:description\" content=\"Informations sur le produit Nom du produit : Pet GPS Tracker Mod\u00e8le de produit : F9 Taille de l&rsquo;appareil : 49* 46*20MM Couleur : noir et blanc Fr\u00e9quence GSM : 850\/900\/1800\/1900MHz Solution de plateforme : MTK2503D Type de positionnement : GPS+BEIDOU+WIFI+LBS Sensibilit\u00e9 GPS : (-157DB) Pr\u00e9cision L BS : 100-1000M Pr\u00e9cision GPS : 5-20M Pr\u00e9cision [&hellip;]\" \/>\n<meta property=\"og:url\" content=\"https:\/\/aigleshopping.ca\/fr\/produit\/localisateur-de-chien-mini-traceur-intelligent-collier-anti-perte-etanche\/\" \/>\n<meta property=\"og:site_name\" content=\"Aigle Shopping Canada\" \/>\n<meta property=\"article:modified_time\" content=\"2025-08-08T15:09:03+00:00\" \/>\n<meta property=\"og:image\" content=\"https:\/\/aigleshopping.ca\/wp-content\/uploads\/2025\/03\/1613353246767.jpg\" \/>\n\t<meta property=\"og:image:width\" content=\"800\" \/>\n\t<meta property=\"og:image:height\" content=\"800\" \/>\n\t<meta property=\"og:image:type\" content=\"image\/jpeg\" \/>\n<meta name=\"twitter:card\" content=\"summary_large_image\" \/>\n<meta name=\"twitter:label1\" content=\"Dur\u00e9e de lecture estim\u00e9e\" \/>\n\t<meta name=\"twitter:data1\" content=\"1 minute\" \/>\n<script type=\"application\/ld+json\" class=\"yoast-schema-graph\">{\"@context\":\"https:\\\/\\\/schema.org\",\"@graph\":[{\"@type\":\"WebPage\",\"@id\":\"https:\\\/\\\/aigleshopping.ca\\\/fr\\\/produit\\\/localisateur-de-chien-mini-traceur-intelligent-collier-anti-perte-etanche\\\/\",\"url\":\"https:\\\/\\\/aigleshopping.ca\\\/fr\\\/produit\\\/localisateur-de-chien-mini-traceur-intelligent-collier-anti-perte-etanche\\\/\",\"name\":\"Localisateur de chien Mini traceur intelligent Collier anti perte \u00e9tanche - Aigle Shopping Canada\",\"isPartOf\":{\"@id\":\"https:\\\/\\\/aigleshopping.ca\\\/#website\"},\"primaryImageOfPage\":{\"@id\":\"https:\\\/\\\/aigleshopping.ca\\\/fr\\\/produit\\\/localisateur-de-chien-mini-traceur-intelligent-collier-anti-perte-etanche\\\/#primaryimage\"},\"image\":{\"@id\":\"https:\\\/\\\/aigleshopping.ca\\\/fr\\\/produit\\\/localisateur-de-chien-mini-traceur-intelligent-collier-anti-perte-etanche\\\/#primaryimage\"},\"thumbnailUrl\":\"https:\\\/\\\/aigleshopping.ca\\\/wp-content\\\/uploads\\\/2025\\\/03\\\/1613353246767.jpg\",\"datePublished\":\"2025-03-07T23:30:59+00:00\",\"dateModified\":\"2025-08-08T15:09:03+00:00\",\"breadcrumb\":{\"@id\":\"https:\\\/\\\/aigleshopping.ca\\\/fr\\\/produit\\\/localisateur-de-chien-mini-traceur-intelligent-collier-anti-perte-etanche\\\/#breadcrumb\"},\"inLanguage\":\"fr-FR\",\"potentialAction\":[{\"@type\":\"ReadAction\",\"target\":[\"https:\\\/\\\/aigleshopping.ca\\\/fr\\\/produit\\\/localisateur-de-chien-mini-traceur-intelligent-collier-anti-perte-etanche\\\/\"]}]},{\"@type\":\"ImageObject\",\"inLanguage\":\"fr-FR\",\"@id\":\"https:\\\/\\\/aigleshopping.ca\\\/fr\\\/produit\\\/localisateur-de-chien-mini-traceur-intelligent-collier-anti-perte-etanche\\\/#primaryimage\",\"url\":\"https:\\\/\\\/aigleshopping.ca\\\/wp-content\\\/uploads\\\/2025\\\/03\\\/1613353246767.jpg\",\"contentUrl\":\"https:\\\/\\\/aigleshopping.ca\\\/wp-content\\\/uploads\\\/2025\\\/03\\\/1613353246767.jpg\",\"width\":800,\"height\":800},{\"@type\":\"BreadcrumbList\",\"@id\":\"https:\\\/\\\/aigleshopping.ca\\\/fr\\\/produit\\\/localisateur-de-chien-mini-traceur-intelligent-collier-anti-perte-etanche\\\/#breadcrumb\",\"itemListElement\":[{\"@type\":\"ListItem\",\"position\":1,\"name\":\"Home\",\"item\":\"https:\\\/\\\/aigleshopping.ca\\\/fr\\\/home\\\/\"},{\"@type\":\"ListItem\",\"position\":2,\"name\":\"Products\",\"item\":\"https:\\\/\\\/aigleshopping.ca\\\/shop\\\/\"},{\"@type\":\"ListItem\",\"position\":3,\"name\":\"Localisateur de chien Mini traceur intelligent Collier anti perte \u00e9tanche\"}]},{\"@type\":\"WebSite\",\"@id\":\"https:\\\/\\\/aigleshopping.ca\\\/#website\",\"url\":\"https:\\\/\\\/aigleshopping.ca\\\/\",\"name\":\"Aigle Shopping Canada\",\"description\":\"Au-del\u00e0 des fronti\u00e8res, pour vous offrir le\u00a0meilleur!\",\"publisher\":{\"@id\":\"https:\\\/\\\/aigleshopping.ca\\\/#organization\"},\"potentialAction\":[{\"@type\":\"SearchAction\",\"target\":{\"@type\":\"EntryPoint\",\"urlTemplate\":\"https:\\\/\\\/aigleshopping.ca\\\/?s={search_term_string}\"},\"query-input\":{\"@type\":\"PropertyValueSpecification\",\"valueRequired\":true,\"valueName\":\"search_term_string\"}}],\"inLanguage\":\"fr-FR\"},{\"@type\":\"Organization\",\"@id\":\"https:\\\/\\\/aigleshopping.ca\\\/#organization\",\"name\":\"Aigle Shopping Canada\",\"url\":\"https:\\\/\\\/aigleshopping.ca\\\/\",\"logo\":{\"@type\":\"ImageObject\",\"inLanguage\":\"fr-FR\",\"@id\":\"https:\\\/\\\/aigleshopping.ca\\\/#\\\/schema\\\/logo\\\/image\\\/\",\"url\":\"https:\\\/\\\/aigleshopping.ca\\\/wp-content\\\/uploads\\\/2025\\\/12\\\/logo_aigleshopping_ca.png\",\"contentUrl\":\"https:\\\/\\\/aigleshopping.ca\\\/wp-content\\\/uploads\\\/2025\\\/12\\\/logo_aigleshopping_ca.png\",\"width\":800,\"height\":233,\"caption\":\"Aigle Shopping Canada\"},\"image\":{\"@id\":\"https:\\\/\\\/aigleshopping.ca\\\/#\\\/schema\\\/logo\\\/image\\\/\"}}]}<\/script>\n<!-- \/ Yoast SEO plugin. -->","yoast_head_json":{"title":"Localisateur de chien Mini traceur intelligent Collier anti perte \u00e9tanche - Aigle Shopping Canada","robots":{"index":"index","follow":"follow","max-snippet":"max-snippet:-1","max-image-preview":"max-image-preview:large","max-video-preview":"max-video-preview:-1"},"canonical":"https:\/\/aigleshopping.ca\/fr\/produit\/localisateur-de-chien-mini-traceur-intelligent-collier-anti-perte-etanche\/","og_locale":"fr_FR","og_type":"article","og_title":"Localisateur de chien Mini traceur intelligent Collier anti perte \u00e9tanche - Aigle Shopping Canada","og_description":"Informations sur le produit Nom du produit : Pet GPS Tracker Mod\u00e8le de produit : F9 Taille de l&rsquo;appareil : 49* 46*20MM Couleur : noir et blanc Fr\u00e9quence GSM : 850\/900\/1800\/1900MHz Solution de plateforme : MTK2503D Type de positionnement : GPS+BEIDOU+WIFI+LBS Sensibilit\u00e9 GPS : (-157DB) Pr\u00e9cision L BS : 100-1000M Pr\u00e9cision GPS : 5-20M Pr\u00e9cision [&hellip;]","og_url":"https:\/\/aigleshopping.ca\/fr\/produit\/localisateur-de-chien-mini-traceur-intelligent-collier-anti-perte-etanche\/","og_site_name":"Aigle Shopping Canada","article_modified_time":"2025-08-08T15:09:03+00:00","og_image":[{"width":800,"height":800,"url":"https:\/\/aigleshopping.ca\/wp-content\/uploads\/2025\/03\/1613353246767.jpg","type":"image\/jpeg"}],"twitter_card":"summary_large_image","twitter_misc":{"Dur\u00e9e de lecture estim\u00e9e":"1 minute"},"schema":{"@context":"https:\/\/schema.org","@graph":[{"@type":"WebPage","@id":"https:\/\/aigleshopping.ca\/fr\/produit\/localisateur-de-chien-mini-traceur-intelligent-collier-anti-perte-etanche\/","url":"https:\/\/aigleshopping.ca\/fr\/produit\/localisateur-de-chien-mini-traceur-intelligent-collier-anti-perte-etanche\/","name":"Localisateur de chien Mini traceur intelligent Collier anti perte \u00e9tanche - Aigle Shopping Canada","isPartOf":{"@id":"https:\/\/aigleshopping.ca\/#website"},"primaryImageOfPage":{"@id":"https:\/\/aigleshopping.ca\/fr\/produit\/localisateur-de-chien-mini-traceur-intelligent-collier-anti-perte-etanche\/#primaryimage"},"image":{"@id":"https:\/\/aigleshopping.ca\/fr\/produit\/localisateur-de-chien-mini-traceur-intelligent-collier-anti-perte-etanche\/#primaryimage"},"thumbnailUrl":"https:\/\/aigleshopping.ca\/wp-content\/uploads\/2025\/03\/1613353246767.jpg","datePublished":"2025-03-07T23:30:59+00:00","dateModified":"2025-08-08T15:09:03+00:00","breadcrumb":{"@id":"https:\/\/aigleshopping.ca\/fr\/produit\/localisateur-de-chien-mini-traceur-intelligent-collier-anti-perte-etanche\/#breadcrumb"},"inLanguage":"fr-FR","potentialAction":[{"@type":"ReadAction","target":["https:\/\/aigleshopping.ca\/fr\/produit\/localisateur-de-chien-mini-traceur-intelligent-collier-anti-perte-etanche\/"]}]},{"@type":"ImageObject","inLanguage":"fr-FR","@id":"https:\/\/aigleshopping.ca\/fr\/produit\/localisateur-de-chien-mini-traceur-intelligent-collier-anti-perte-etanche\/#primaryimage","url":"https:\/\/aigleshopping.ca\/wp-content\/uploads\/2025\/03\/1613353246767.jpg","contentUrl":"https:\/\/aigleshopping.ca\/wp-content\/uploads\/2025\/03\/1613353246767.jpg","width":800,"height":800},{"@type":"BreadcrumbList","@id":"https:\/\/aigleshopping.ca\/fr\/produit\/localisateur-de-chien-mini-traceur-intelligent-collier-anti-perte-etanche\/#breadcrumb","itemListElement":[{"@type":"ListItem","position":1,"name":"Home","item":"https:\/\/aigleshopping.ca\/fr\/home\/"},{"@type":"ListItem","position":2,"name":"Products","item":"https:\/\/aigleshopping.ca\/shop\/"},{"@type":"ListItem","position":3,"name":"Localisateur de chien Mini traceur intelligent Collier anti perte \u00e9tanche"}]},{"@type":"WebSite","@id":"https:\/\/aigleshopping.ca\/#website","url":"https:\/\/aigleshopping.ca\/","name":"Aigle Shopping Canada","description":"Au-del\u00e0 des fronti\u00e8res, pour vous offrir le\u00a0meilleur!","publisher":{"@id":"https:\/\/aigleshopping.ca\/#organization"},"potentialAction":[{"@type":"SearchAction","target":{"@type":"EntryPoint","urlTemplate":"https:\/\/aigleshopping.ca\/?s={search_term_string}"},"query-input":{"@type":"PropertyValueSpecification","valueRequired":true,"valueName":"search_term_string"}}],"inLanguage":"fr-FR"},{"@type":"Organization","@id":"https:\/\/aigleshopping.ca\/#organization","name":"Aigle Shopping Canada","url":"https:\/\/aigleshopping.ca\/","logo":{"@type":"ImageObject","inLanguage":"fr-FR","@id":"https:\/\/aigleshopping.ca\/#\/schema\/logo\/image\/","url":"https:\/\/aigleshopping.ca\/wp-content\/uploads\/2025\/12\/logo_aigleshopping_ca.png","contentUrl":"https:\/\/aigleshopping.ca\/wp-content\/uploads\/2025\/12\/logo_aigleshopping_ca.png","width":800,"height":233,"caption":"Aigle Shopping Canada"},"image":{"@id":"https:\/\/aigleshopping.ca\/#\/schema\/logo\/image\/"}}]}},"jetpack_sharing_enabled":true,"_links":{"self":[{"href":"https:\/\/aigleshopping.ca\/fr\/wp-json\/wp\/v2\/product\/33130","targetHints":{"allow":["GET"]}}],"collection":[{"href":"https:\/\/aigleshopping.ca\/fr\/wp-json\/wp\/v2\/product"}],"about":[{"href":"https:\/\/aigleshopping.ca\/fr\/wp-json\/wp\/v2\/types\/product"}],"replies":[{"embeddable":true,"href":"https:\/\/aigleshopping.ca\/fr\/wp-json\/wp\/v2\/comments?post=33130"}],"wp:featuredmedia":[{"embeddable":true,"href":"https:\/\/aigleshopping.ca\/fr\/wp-json\/wp\/v2\/media\/13022"}],"wp:attachment":[{"href":"https:\/\/aigleshopping.ca\/fr\/wp-json\/wp\/v2\/media?parent=33130"}],"wp:term":[{"taxonomy":"product_brand","embeddable":true,"href":"https:\/\/aigleshopping.ca\/fr\/wp-json\/wp\/v2\/product_brand?post=33130"},{"taxonomy":"product_cat","embeddable":true,"href":"https:\/\/aigleshopping.ca\/fr\/wp-json\/wp\/v2\/product_cat?post=33130"},{"taxonomy":"product_tag","embeddable":true,"href":"https:\/\/aigleshopping.ca\/fr\/wp-json\/wp\/v2\/product_tag?post=33130"}],"curies":[{"name":"wp","href":"https:\/\/api.w.org\/{rel}","templated":true}]}}