{"id":33146,"date":"2025-03-09T20:29:53","date_gmt":"2025-03-09T20:29:53","guid":{"rendered":"https:\/\/aigleshopping.ca\/produit\/chargeur-sans-fil-magnetique-trois-en-un-banque-denergie-electrique-magnetique-5000-ma-chargeur-sans-fil-magnetique\/"},"modified":"2025-03-09T20:29:53","modified_gmt":"2025-03-09T20:29:53","slug":"chargeur-sans-fil-magnetique-trois-en-un-banque-denergie-electrique-magnetique-5000-ma-chargeur-sans-fil-magnetique","status":"publish","type":"product","link":"https:\/\/aigleshopping.ca\/fr\/produit\/chargeur-sans-fil-magnetique-trois-en-un-banque-denergie-electrique-magnetique-5000-ma-chargeur-sans-fil-magnetique\/","title":{"rendered":"Chargeur sans fil magn\u00e9tique trois en un Banque d&rsquo;\u00e9nergie \u00e9lectrique magn\u00e9tique 5000 MA Chargeur sans fil magn\u00e9tique"},"content":{"rendered":"<p> <b>Informations sur le produit :<\/b> <br \/> Type d&rsquo;interface Type-c <br \/> Classification des couleurs blanc, noir <br \/> Norme de prise : norme nationale <br \/> Mat\u00e9riau : abs  <\/p>\n<p> <br \/>\n<b>Liste d&#8217;emballage :  <\/b><br \/>\n<br \/>  Banque d&rsquo;alimentation\u00d71<br \/>\n<br \/> <br \/>\n<b>Image du produit :<\/b><br \/>\n<br \/> <br \/>\n<img decoding=\"async\" src=\"https:\/\/cf.cjdropshipping.com\/17092512\/2403010240400324300.jpg\"><br \/>\n<img decoding=\"async\" src=\"https:\/\/cf.cjdropshipping.com\/17092512\/2403010240400324700.jpg\"><br \/>\n<img decoding=\"async\" src=\"https:\/\/cf.cjdropshipping.com\/17092512\/2403010240400325100.jpg\"><br \/>\n<img decoding=\"async\" src=\"https:\/\/cf.cjdropshipping.com\/17092512\/2403010240400327900.jpg\"><br \/>\n<img decoding=\"async\" src=\"https:\/\/cf.cjdropshipping.com\/17092512\/2403010240400328500.jpg\"><br \/>\n<img decoding=\"async\" src=\"https:\/\/cf.cjdropshipping.com\/17092512\/2403010240400329000.jpg\"><br \/>\n<img decoding=\"async\" src=\"https:\/\/cf.cjdropshipping.com\/17092512\/2403010240400329700.jpg\"><br \/>\n<img decoding=\"async\" src=\"https:\/\/cf.cjdropshipping.com\/17092512\/2403010240410320200.jpg\"><br \/>\n<img decoding=\"async\" src=\"https:\/\/cf.cjdropshipping.com\/17092512\/2403010240410320800.jpg\"><br \/>\n<img decoding=\"async\" src=\"https:\/\/cf.cjdropshipping.com\/17092512\/2403010240410321300.jpg\"><br \/>\n<img decoding=\"async\" src=\"https:\/\/cf.cjdropshipping.com\/17092512\/2403010240410322900.jpg\"><br \/>\n<img decoding=\"async\" src=\"https:\/\/cf.cjdropshipping.com\/17092512\/2403010240410323600.jpg\"><br \/>\n<img decoding=\"async\" src=\"https:\/\/cf.cjdropshipping.com\/17092512\/2403010240410324200.jpg\"><br \/>\n<img decoding=\"async\" src=\"https:\/\/cf.cjdropshipping.com\/17092512\/2403010240410324800.jpg\"><br \/>\n<img decoding=\"async\" src=\"https:\/\/cf.cjdropshipping.com\/17092512\/2403010240410325900.jpg\"><br \/>\n<img decoding=\"async\" src=\"https:\/\/cf.cjdropshipping.com\/17092512\/2403010240410326400.jpg\"><br \/>\n<img decoding=\"async\" src=\"https:\/\/cf.cjdropshipping.com\/17092512\/2403010240410326700.jpg\"><br \/>\n<img decoding=\"async\" src=\"https:\/\/cf.cjdropshipping.com\/17092512\/2403010240410327300.jpg\"><br \/>\n<img decoding=\"async\" src=\"https:\/\/cf.cjdropshipping.com\/17092512\/2403010240410327800.jpg\"><\/p>\n","protected":false},"excerpt":{"rendered":"<p>Informations sur le produit : Type d&rsquo;interface Type-c Classification des couleurs blanc, noir Norme de prise : norme nationale Mat\u00e9riau : abs Liste d&#8217;emballage : Banque d&rsquo;alimentation\u00d71 Image du produit :<\/p>\n","protected":false},"featured_media":17933,"comment_status":"open","ping_status":"closed","template":"","meta":{"content-type":""},"product_brand":[],"product_cat":[739],"product_tag":[],"class_list":{"0":"post-33146","1":"product","2":"type-product","3":"status-publish","4":"has-post-thumbnail","6":"product_cat-banque-denergie-et-station-de-recharge","8":"first","9":"instock","10":"taxable","11":"shipping-taxable","12":"purchasable","13":"product-type-variable","14":"add-to-wishlist-after_add_to_cart"},"yoast_head":"<!-- This site is optimized with the Yoast SEO plugin v27.4 - https:\/\/yoast.com\/product\/yoast-seo-wordpress\/ -->\n<title>Chargeur sans fil magn\u00e9tique trois en un Banque d&#039;\u00e9nergie \u00e9lectrique magn\u00e9tique 5000 MA Chargeur sans fil magn\u00e9tique - Aigle Shopping Canada<\/title>\n<meta name=\"robots\" content=\"index, follow, max-snippet:-1, max-image-preview:large, max-video-preview:-1\" \/>\n<link rel=\"canonical\" href=\"https:\/\/aigleshopping.ca\/fr\/produit\/chargeur-sans-fil-magnetique-trois-en-un-banque-denergie-electrique-magnetique-5000-ma-chargeur-sans-fil-magnetique\/\" \/>\n<meta property=\"og:locale\" content=\"fr_FR\" \/>\n<meta property=\"og:type\" content=\"article\" \/>\n<meta property=\"og:title\" content=\"Chargeur sans fil magn\u00e9tique trois en un Banque d&#039;\u00e9nergie \u00e9lectrique magn\u00e9tique 5000 MA Chargeur sans fil magn\u00e9tique - Aigle Shopping Canada\" \/>\n<meta property=\"og:description\" content=\"Informations sur le produit : Type d&rsquo;interface Type-c Classification des couleurs blanc, noir Norme de prise : norme nationale Mat\u00e9riau : abs Liste d&#8217;emballage : Banque d&rsquo;alimentation\u00d71 Image du produit :\" \/>\n<meta property=\"og:url\" content=\"https:\/\/aigleshopping.ca\/fr\/produit\/chargeur-sans-fil-magnetique-trois-en-un-banque-denergie-electrique-magnetique-5000-ma-chargeur-sans-fil-magnetique\/\" \/>\n<meta property=\"og:site_name\" content=\"Aigle Shopping Canada\" \/>\n<meta property=\"og:image\" content=\"https:\/\/aigleshopping.ca\/wp-content\/uploads\/2025\/03\/e38452bd-44fc-42ac-b222-78a0321c71ff.jpg\" \/>\n\t<meta property=\"og:image:width\" content=\"790\" \/>\n\t<meta property=\"og:image:height\" content=\"790\" \/>\n\t<meta property=\"og:image:type\" content=\"image\/jpeg\" \/>\n<meta name=\"twitter:card\" content=\"summary_large_image\" \/>\n<script type=\"application\/ld+json\" class=\"yoast-schema-graph\">{\"@context\":\"https:\\\/\\\/schema.org\",\"@graph\":[{\"@type\":\"WebPage\",\"@id\":\"https:\\\/\\\/aigleshopping.ca\\\/fr\\\/produit\\\/chargeur-sans-fil-magnetique-trois-en-un-banque-denergie-electrique-magnetique-5000-ma-chargeur-sans-fil-magnetique\\\/\",\"url\":\"https:\\\/\\\/aigleshopping.ca\\\/fr\\\/produit\\\/chargeur-sans-fil-magnetique-trois-en-un-banque-denergie-electrique-magnetique-5000-ma-chargeur-sans-fil-magnetique\\\/\",\"name\":\"Chargeur sans fil magn\u00e9tique trois en un Banque d'\u00e9nergie \u00e9lectrique magn\u00e9tique 5000 MA Chargeur sans fil magn\u00e9tique - Aigle Shopping Canada\",\"isPartOf\":{\"@id\":\"https:\\\/\\\/aigleshopping.ca\\\/#website\"},\"primaryImageOfPage\":{\"@id\":\"https:\\\/\\\/aigleshopping.ca\\\/fr\\\/produit\\\/chargeur-sans-fil-magnetique-trois-en-un-banque-denergie-electrique-magnetique-5000-ma-chargeur-sans-fil-magnetique\\\/#primaryimage\"},\"image\":{\"@id\":\"https:\\\/\\\/aigleshopping.ca\\\/fr\\\/produit\\\/chargeur-sans-fil-magnetique-trois-en-un-banque-denergie-electrique-magnetique-5000-ma-chargeur-sans-fil-magnetique\\\/#primaryimage\"},\"thumbnailUrl\":\"https:\\\/\\\/aigleshopping.ca\\\/wp-content\\\/uploads\\\/2025\\\/03\\\/e38452bd-44fc-42ac-b222-78a0321c71ff.jpg\",\"datePublished\":\"2025-03-09T20:29:53+00:00\",\"breadcrumb\":{\"@id\":\"https:\\\/\\\/aigleshopping.ca\\\/fr\\\/produit\\\/chargeur-sans-fil-magnetique-trois-en-un-banque-denergie-electrique-magnetique-5000-ma-chargeur-sans-fil-magnetique\\\/#breadcrumb\"},\"inLanguage\":\"fr-FR\",\"potentialAction\":[{\"@type\":\"ReadAction\",\"target\":[\"https:\\\/\\\/aigleshopping.ca\\\/fr\\\/produit\\\/chargeur-sans-fil-magnetique-trois-en-un-banque-denergie-electrique-magnetique-5000-ma-chargeur-sans-fil-magnetique\\\/\"]}]},{\"@type\":\"ImageObject\",\"inLanguage\":\"fr-FR\",\"@id\":\"https:\\\/\\\/aigleshopping.ca\\\/fr\\\/produit\\\/chargeur-sans-fil-magnetique-trois-en-un-banque-denergie-electrique-magnetique-5000-ma-chargeur-sans-fil-magnetique\\\/#primaryimage\",\"url\":\"https:\\\/\\\/aigleshopping.ca\\\/wp-content\\\/uploads\\\/2025\\\/03\\\/e38452bd-44fc-42ac-b222-78a0321c71ff.jpg\",\"contentUrl\":\"https:\\\/\\\/aigleshopping.ca\\\/wp-content\\\/uploads\\\/2025\\\/03\\\/e38452bd-44fc-42ac-b222-78a0321c71ff.jpg\",\"width\":790,\"height\":790},{\"@type\":\"BreadcrumbList\",\"@id\":\"https:\\\/\\\/aigleshopping.ca\\\/fr\\\/produit\\\/chargeur-sans-fil-magnetique-trois-en-un-banque-denergie-electrique-magnetique-5000-ma-chargeur-sans-fil-magnetique\\\/#breadcrumb\",\"itemListElement\":[{\"@type\":\"ListItem\",\"position\":1,\"name\":\"Home\",\"item\":\"https:\\\/\\\/aigleshopping.ca\\\/fr\\\/home\\\/\"},{\"@type\":\"ListItem\",\"position\":2,\"name\":\"Products\",\"item\":\"https:\\\/\\\/aigleshopping.ca\\\/shop\\\/\"},{\"@type\":\"ListItem\",\"position\":3,\"name\":\"Chargeur sans fil magn\u00e9tique trois en un Banque d&#8217;\u00e9nergie \u00e9lectrique magn\u00e9tique 5000 MA Chargeur sans fil magn\u00e9tique\"}]},{\"@type\":\"WebSite\",\"@id\":\"https:\\\/\\\/aigleshopping.ca\\\/#website\",\"url\":\"https:\\\/\\\/aigleshopping.ca\\\/\",\"name\":\"Aigle Shopping Canada\",\"description\":\"Au-del\u00e0 des fronti\u00e8res, pour vous offrir le\u00a0meilleur!\",\"publisher\":{\"@id\":\"https:\\\/\\\/aigleshopping.ca\\\/#organization\"},\"potentialAction\":[{\"@type\":\"SearchAction\",\"target\":{\"@type\":\"EntryPoint\",\"urlTemplate\":\"https:\\\/\\\/aigleshopping.ca\\\/?s={search_term_string}\"},\"query-input\":{\"@type\":\"PropertyValueSpecification\",\"valueRequired\":true,\"valueName\":\"search_term_string\"}}],\"inLanguage\":\"fr-FR\"},{\"@type\":\"Organization\",\"@id\":\"https:\\\/\\\/aigleshopping.ca\\\/#organization\",\"name\":\"Aigle Shopping Canada\",\"url\":\"https:\\\/\\\/aigleshopping.ca\\\/\",\"logo\":{\"@type\":\"ImageObject\",\"inLanguage\":\"fr-FR\",\"@id\":\"https:\\\/\\\/aigleshopping.ca\\\/#\\\/schema\\\/logo\\\/image\\\/\",\"url\":\"https:\\\/\\\/aigleshopping.ca\\\/wp-content\\\/uploads\\\/2025\\\/12\\\/logo_aigleshopping_ca.png\",\"contentUrl\":\"https:\\\/\\\/aigleshopping.ca\\\/wp-content\\\/uploads\\\/2025\\\/12\\\/logo_aigleshopping_ca.png\",\"width\":800,\"height\":233,\"caption\":\"Aigle Shopping Canada\"},\"image\":{\"@id\":\"https:\\\/\\\/aigleshopping.ca\\\/#\\\/schema\\\/logo\\\/image\\\/\"}}]}<\/script>\n<!-- \/ Yoast SEO plugin. -->","yoast_head_json":{"title":"Chargeur sans fil magn\u00e9tique trois en un Banque d'\u00e9nergie \u00e9lectrique magn\u00e9tique 5000 MA Chargeur sans fil magn\u00e9tique - Aigle Shopping Canada","robots":{"index":"index","follow":"follow","max-snippet":"max-snippet:-1","max-image-preview":"max-image-preview:large","max-video-preview":"max-video-preview:-1"},"canonical":"https:\/\/aigleshopping.ca\/fr\/produit\/chargeur-sans-fil-magnetique-trois-en-un-banque-denergie-electrique-magnetique-5000-ma-chargeur-sans-fil-magnetique\/","og_locale":"fr_FR","og_type":"article","og_title":"Chargeur sans fil magn\u00e9tique trois en un Banque d'\u00e9nergie \u00e9lectrique magn\u00e9tique 5000 MA Chargeur sans fil magn\u00e9tique - Aigle Shopping Canada","og_description":"Informations sur le produit : Type d&rsquo;interface Type-c Classification des couleurs blanc, noir Norme de prise : norme nationale Mat\u00e9riau : abs Liste d&#8217;emballage : Banque d&rsquo;alimentation\u00d71 Image du produit :","og_url":"https:\/\/aigleshopping.ca\/fr\/produit\/chargeur-sans-fil-magnetique-trois-en-un-banque-denergie-electrique-magnetique-5000-ma-chargeur-sans-fil-magnetique\/","og_site_name":"Aigle Shopping Canada","og_image":[{"width":790,"height":790,"url":"https:\/\/aigleshopping.ca\/wp-content\/uploads\/2025\/03\/e38452bd-44fc-42ac-b222-78a0321c71ff.jpg","type":"image\/jpeg"}],"twitter_card":"summary_large_image","schema":{"@context":"https:\/\/schema.org","@graph":[{"@type":"WebPage","@id":"https:\/\/aigleshopping.ca\/fr\/produit\/chargeur-sans-fil-magnetique-trois-en-un-banque-denergie-electrique-magnetique-5000-ma-chargeur-sans-fil-magnetique\/","url":"https:\/\/aigleshopping.ca\/fr\/produit\/chargeur-sans-fil-magnetique-trois-en-un-banque-denergie-electrique-magnetique-5000-ma-chargeur-sans-fil-magnetique\/","name":"Chargeur sans fil magn\u00e9tique trois en un Banque d'\u00e9nergie \u00e9lectrique magn\u00e9tique 5000 MA Chargeur sans fil magn\u00e9tique - Aigle Shopping Canada","isPartOf":{"@id":"https:\/\/aigleshopping.ca\/#website"},"primaryImageOfPage":{"@id":"https:\/\/aigleshopping.ca\/fr\/produit\/chargeur-sans-fil-magnetique-trois-en-un-banque-denergie-electrique-magnetique-5000-ma-chargeur-sans-fil-magnetique\/#primaryimage"},"image":{"@id":"https:\/\/aigleshopping.ca\/fr\/produit\/chargeur-sans-fil-magnetique-trois-en-un-banque-denergie-electrique-magnetique-5000-ma-chargeur-sans-fil-magnetique\/#primaryimage"},"thumbnailUrl":"https:\/\/aigleshopping.ca\/wp-content\/uploads\/2025\/03\/e38452bd-44fc-42ac-b222-78a0321c71ff.jpg","datePublished":"2025-03-09T20:29:53+00:00","breadcrumb":{"@id":"https:\/\/aigleshopping.ca\/fr\/produit\/chargeur-sans-fil-magnetique-trois-en-un-banque-denergie-electrique-magnetique-5000-ma-chargeur-sans-fil-magnetique\/#breadcrumb"},"inLanguage":"fr-FR","potentialAction":[{"@type":"ReadAction","target":["https:\/\/aigleshopping.ca\/fr\/produit\/chargeur-sans-fil-magnetique-trois-en-un-banque-denergie-electrique-magnetique-5000-ma-chargeur-sans-fil-magnetique\/"]}]},{"@type":"ImageObject","inLanguage":"fr-FR","@id":"https:\/\/aigleshopping.ca\/fr\/produit\/chargeur-sans-fil-magnetique-trois-en-un-banque-denergie-electrique-magnetique-5000-ma-chargeur-sans-fil-magnetique\/#primaryimage","url":"https:\/\/aigleshopping.ca\/wp-content\/uploads\/2025\/03\/e38452bd-44fc-42ac-b222-78a0321c71ff.jpg","contentUrl":"https:\/\/aigleshopping.ca\/wp-content\/uploads\/2025\/03\/e38452bd-44fc-42ac-b222-78a0321c71ff.jpg","width":790,"height":790},{"@type":"BreadcrumbList","@id":"https:\/\/aigleshopping.ca\/fr\/produit\/chargeur-sans-fil-magnetique-trois-en-un-banque-denergie-electrique-magnetique-5000-ma-chargeur-sans-fil-magnetique\/#breadcrumb","itemListElement":[{"@type":"ListItem","position":1,"name":"Home","item":"https:\/\/aigleshopping.ca\/fr\/home\/"},{"@type":"ListItem","position":2,"name":"Products","item":"https:\/\/aigleshopping.ca\/shop\/"},{"@type":"ListItem","position":3,"name":"Chargeur sans fil magn\u00e9tique trois en un Banque d&#8217;\u00e9nergie \u00e9lectrique magn\u00e9tique 5000 MA Chargeur sans fil magn\u00e9tique"}]},{"@type":"WebSite","@id":"https:\/\/aigleshopping.ca\/#website","url":"https:\/\/aigleshopping.ca\/","name":"Aigle Shopping Canada","description":"Au-del\u00e0 des fronti\u00e8res, pour vous offrir le\u00a0meilleur!","publisher":{"@id":"https:\/\/aigleshopping.ca\/#organization"},"potentialAction":[{"@type":"SearchAction","target":{"@type":"EntryPoint","urlTemplate":"https:\/\/aigleshopping.ca\/?s={search_term_string}"},"query-input":{"@type":"PropertyValueSpecification","valueRequired":true,"valueName":"search_term_string"}}],"inLanguage":"fr-FR"},{"@type":"Organization","@id":"https:\/\/aigleshopping.ca\/#organization","name":"Aigle Shopping Canada","url":"https:\/\/aigleshopping.ca\/","logo":{"@type":"ImageObject","inLanguage":"fr-FR","@id":"https:\/\/aigleshopping.ca\/#\/schema\/logo\/image\/","url":"https:\/\/aigleshopping.ca\/wp-content\/uploads\/2025\/12\/logo_aigleshopping_ca.png","contentUrl":"https:\/\/aigleshopping.ca\/wp-content\/uploads\/2025\/12\/logo_aigleshopping_ca.png","width":800,"height":233,"caption":"Aigle Shopping Canada"},"image":{"@id":"https:\/\/aigleshopping.ca\/#\/schema\/logo\/image\/"}}]}},"jetpack_sharing_enabled":true,"_links":{"self":[{"href":"https:\/\/aigleshopping.ca\/fr\/wp-json\/wp\/v2\/product\/33146","targetHints":{"allow":["GET"]}}],"collection":[{"href":"https:\/\/aigleshopping.ca\/fr\/wp-json\/wp\/v2\/product"}],"about":[{"href":"https:\/\/aigleshopping.ca\/fr\/wp-json\/wp\/v2\/types\/product"}],"replies":[{"embeddable":true,"href":"https:\/\/aigleshopping.ca\/fr\/wp-json\/wp\/v2\/comments?post=33146"}],"wp:featuredmedia":[{"embeddable":true,"href":"https:\/\/aigleshopping.ca\/fr\/wp-json\/wp\/v2\/media\/17933"}],"wp:attachment":[{"href":"https:\/\/aigleshopping.ca\/fr\/wp-json\/wp\/v2\/media?parent=33146"}],"wp:term":[{"taxonomy":"product_brand","embeddable":true,"href":"https:\/\/aigleshopping.ca\/fr\/wp-json\/wp\/v2\/product_brand?post=33146"},{"taxonomy":"product_cat","embeddable":true,"href":"https:\/\/aigleshopping.ca\/fr\/wp-json\/wp\/v2\/product_cat?post=33146"},{"taxonomy":"product_tag","embeddable":true,"href":"https:\/\/aigleshopping.ca\/fr\/wp-json\/wp\/v2\/product_tag?post=33146"}],"curies":[{"name":"wp","href":"https:\/\/api.w.org\/{rel}","templated":true}]}}