{"id":33150,"date":"2025-03-07T07:49:37","date_gmt":"2025-03-07T07:49:37","guid":{"rendered":"https:\/\/aigleshopping.ca\/produit\/brosse-a-vapeur-pour-chat-brosse-a-vapeur-pour-chien-3-en-1-brosse-a-vapeur-pour-chat-brosse-a-poils-pour-massage-peigne-de-toilettage-peignes-depilation-produits-pour-animaux-de-compagnie\/"},"modified":"2025-03-07T07:49:37","modified_gmt":"2025-03-07T07:49:37","slug":"brosse-a-vapeur-pour-chat-brosse-a-vapeur-pour-chien-3-en-1-brosse-a-vapeur-pour-chat-brosse-a-poils-pour-massage-peigne-de-toilettage-peignes-depilation-produits-pour-animaux-de-compagnie","status":"publish","type":"product","link":"https:\/\/aigleshopping.ca\/fr\/produit\/brosse-a-vapeur-pour-chat-brosse-a-vapeur-pour-chien-3-en-1-brosse-a-vapeur-pour-chat-brosse-a-poils-pour-massage-peigne-de-toilettage-peignes-depilation-produits-pour-animaux-de-compagnie\/","title":{"rendered":"Brosse \u00e0 vapeur pour chat Brosse \u00e0 vapeur pour chien 3 en 1 Brosse \u00e0 vapeur pour chat Brosse \u00e0 poils pour massage Peigne de toilettage Peignes d&rsquo;\u00e9pilation Produits pour animaux de compagnie"},"content":{"rendered":"<p> <b> <font style=\"vertical-align: inherit\"> <font style=\"vertical-align: inherit\">Aper\u00e7u :<\/font> <\/font> <\/b> <\/p>\n<p> <font style=\"vertical-align: inherit\"> <font style=\"vertical-align: inherit\">\u3010<\/font> <\/font>  <strong> <font style=\"vertical-align: inherit\"> <font style=\"vertical-align: inherit\">Brosse \u00e0 vapeur pour animaux de compagnie avec fonction de pulv\u00e9risation unique<\/font> <\/font> <\/strong> <font style=\"vertical-align: inherit\"> <font style=\"vertical-align: inherit\">\u3011La brosse \u00e0 poils de chat \u00e0 vapeur est con\u00e7ue avec une fonction de pulv\u00e9risation unique, qui peut efficacement desserrer et \u00e9liminer la poussi\u00e8re et la salet\u00e9 accumul\u00e9es des poils de chat ; le spray est non seulement s\u00fbr mais hydrate \u00e9galement l\u00e9g\u00e8rement les poils de l&rsquo;animal, aidant \u00e0 mieux les adoucir et r\u00e9solvant parfaitement le probl\u00e8me du toilettage difficile d\u00fb \u00e0 l&rsquo;\u00e9lectricit\u00e9 statique. <\/font> <\/font>  <br \/> <font style=\"vertical-align: inherit\"> <font style=\"vertical-align: inherit\">\u3010<\/font> <\/font> <strong> <font style=\"vertical-align: inherit\"> <font style=\"vertical-align: inherit\">Mat\u00e9riaux de haute qualit\u00e9<\/font> <\/font> <\/strong> <font style=\"vertical-align: inherit\"> <font style=\"vertical-align: inherit\"> &nbsp;\u3011Cette brosse est fabriqu\u00e9e en ABS de haute qualit\u00e9 et respectueux de l&rsquo;environnement, qui est plus durable. Les dents du peigne sont en silicone de haute qualit\u00e9. Chaque dent du peigne est tr\u00e8s douce pour mieux prot\u00e9ger la peau de votre animal, ce qui peut mieux prot\u00e9ger la peau de votre animal.    <\/font> <\/font> <br \/>  <font style=\"vertical-align: inherit\"> <font style=\"vertical-align: inherit\">\u3010<\/font> <\/font> <strong> <font style=\"vertical-align: inherit\"> <font style=\"vertical-align: inherit\">Conception humanis\u00e9e<\/font> <\/font> <\/strong>  <font style=\"vertical-align: inherit\"> <font style=\"vertical-align: inherit\">\u3011La poign\u00e9e de la brosse \u00e0 vapeur est con\u00e7ue de mani\u00e8re ergonomique et est facile \u00e0 utiliser et peut \u00eatre tourn\u00e9e \u00e0 360\u00b0. Notre brosse \u00e0 vapeur pour animaux de compagnie est livr\u00e9e avec une fonction rechargeable par USB, garantissant des performances continues et une facilit\u00e9 d&rsquo;utilisation.   <\/font> <\/font> <br \/>  <font style=\"vertical-align: inherit\"> <font style=\"vertical-align: inherit\">\u3010<\/font> <\/font> <strong> <font style=\"vertical-align: inherit\"> <font style=\"vertical-align: inherit\">Brosse \u00e0 vapeur professionnelle pour chat<\/font> <\/font> <\/strong>  <font style=\"vertical-align: inherit\"> <font style=\"vertical-align: inherit\">\u3011Allumez l&rsquo;interrupteur d&rsquo;alimentation pour utiliser la fonction de pulv\u00e9risation selon vos besoins. Vous pouvez ajouter de l&rsquo;eau, un adoucissant ou un d\u00e9odorant dans le r\u00e9servoir d&rsquo;eau, et le spray r\u00e9sultant peut efficacement \u00e9viter l&rsquo;\u00e9lectricit\u00e9 statique et l&rsquo;exc\u00e8s de poils qui volent lors du toilettage des animaux de compagnie. Les squames et les poils l\u00e2ches peign\u00e9s par les animaux seront tous collect\u00e9s sur le peigne.    <\/font> <\/font> <br \/>  <font style=\"vertical-align: inherit\"> <font style=\"vertical-align: inherit\">\u3010<\/font> <\/font> <strong> <font style=\"vertical-align: inherit\"> <font style=\"vertical-align: inherit\">Application multifonctionnelle<\/font> <\/font> <\/strong>  <font style=\"vertical-align: inherit\"> <font style=\"vertical-align: inherit\">\u3011Lors de l&rsquo;utilisation de la brosse de toilettage pour animaux de compagnie, vous pouvez d&rsquo;abord activer le spray et l&rsquo;\u00e9teindre apr\u00e8s 3 \u00e0 5 secondes pour \u00e9viter d&rsquo;utiliser le spray trop longtemps et de trop mouiller les cheveux. La brosse pour animaux de compagnie est sp\u00e9cialement con\u00e7ue pour les animaux de compagnie, adapt\u00e9e \u00e0 tous les chats et chiens \u00e0 poils longs ou courts et autres animaux de compagnie, elle peut parfaitement s&rsquo;adapter aux poils de l&rsquo;animal, \u00e9liminer facilement les poils l\u00e2ches, nou\u00e9s et emm\u00eal\u00e9s et rendre votre animal plus beau. C&rsquo;est propre et beau.  <\/font> <\/font> <b> <br \/> <\/b> <\/p>\n<p> <b> <br \/> <\/b> <\/p>\n<p>  <b> <font style=\"vertical-align: inherit\"> <font style=\"vertical-align: inherit\">Informations sur le produit :<\/font> <\/font> <\/b> <br \/> <font style=\"vertical-align: inherit\"> <font style=\"vertical-align: inherit\"> Sp\u00e9cifications : porcelaine blanche, marron laiteux <\/font> <\/font>  <br \/> <font style=\"vertical-align: inherit\"> <font style=\"vertical-align: inherit\">Mat\u00e9riau : ABS  <\/font> <\/font> <br \/> <font style=\"vertical-align: inherit\"> <font style=\"vertical-align: inherit\">Objet applicable : chien  <\/font> <\/font> <br \/> <font style=\"vertical-align: inherit\"> <font style=\"vertical-align: inherit\">Type : peigne de massage pour animaux de compagnie<\/font> <\/font> <\/p>\n<p> <br \/>\n<b>Liste d&#8217;emballage :  <\/b><br \/>\n<br \/>  Peigne de massage X1<br \/>\n<br \/> <br \/>\n<b>Image du produit :<\/b><br \/>\n<br \/> <br \/>\n<img decoding=\"async\" src=\"https:\/\/cf.cjdropshipping.com\/17108064\/2403190118110329600.jpg\"><br \/>\n<img decoding=\"async\" src=\"https:\/\/cf.cjdropshipping.com\/17108064\/2403190118120320300.jpg\"><br \/>\n<img decoding=\"async\" src=\"https:\/\/cf.cjdropshipping.com\/17108064\/2403190118120321000.jpg\"><br \/>\n<img decoding=\"async\" src=\"https:\/\/cf.cjdropshipping.com\/17108064\/2403190118120322200.jpg\"><br \/>\n<img decoding=\"async\" src=\"https:\/\/cf.cjdropshipping.com\/17108064\/2403190118120322900.jpg\"><br \/>\n<img decoding=\"async\" src=\"https:\/\/cf.cjdropshipping.com\/17108064\/2403190118120324300.jpg\"><br \/>\n<img decoding=\"async\" src=\"https:\/\/cf.cjdropshipping.com\/17108064\/2403190118120324800.jpg\"><br \/>\n<img decoding=\"async\" src=\"https:\/\/cf.cjdropshipping.com\/17108064\/2403190118120325400.jpg\"><br \/>\n<img decoding=\"async\" src=\"https:\/\/cf.cjdropshipping.com\/17108064\/2403190118120326000.jpg\"><br \/>\n<img decoding=\"async\" src=\"https:\/\/cf.cjdropshipping.com\/17108064\/2403190118120327100.jpg\"><br \/>\n<img decoding=\"async\" src=\"https:\/\/cf.cjdropshipping.com\/17108064\/2403190118120327800.jpg\"><br \/><\/p>\n","protected":false},"excerpt":{"rendered":"<p>Aper\u00e7u : \u3010 Brosse \u00e0 vapeur pour animaux de compagnie avec fonction de pulv\u00e9risation unique \u3011La brosse \u00e0 poils de chat \u00e0 vapeur est con\u00e7ue avec une fonction de pulv\u00e9risation unique, qui peut efficacement desserrer et \u00e9liminer la poussi\u00e8re et la salet\u00e9 accumul\u00e9es des poils de chat ; le spray est non seulement s\u00fbr mais [&hellip;]<\/p>\n","protected":false},"featured_media":11794,"comment_status":"open","ping_status":"closed","template":"","meta":{"content-type":""},"product_brand":[],"product_cat":[266],"product_tag":[],"class_list":{"0":"post-33150","1":"product","2":"type-product","3":"status-publish","4":"has-post-thumbnail","6":"product_cat-chiens-et-chats","8":"first","9":"instock","10":"taxable","11":"shipping-taxable","12":"purchasable","13":"product-type-variable","14":"add-to-wishlist-after_add_to_cart"},"yoast_head":"<!-- This site is optimized with the Yoast SEO plugin v27.4 - https:\/\/yoast.com\/product\/yoast-seo-wordpress\/ -->\n<title>Brosse \u00e0 vapeur pour chat Brosse \u00e0 vapeur pour chien 3 en 1 Brosse \u00e0 vapeur pour chat Brosse \u00e0 poils pour massage Peigne de toilettage Peignes d&#039;\u00e9pilation Produits pour animaux de compagnie - Aigle Shopping Canada<\/title>\n<meta name=\"robots\" content=\"index, follow, max-snippet:-1, max-image-preview:large, max-video-preview:-1\" \/>\n<link rel=\"canonical\" href=\"https:\/\/aigleshopping.ca\/fr\/produit\/brosse-a-vapeur-pour-chat-brosse-a-vapeur-pour-chien-3-en-1-brosse-a-vapeur-pour-chat-brosse-a-poils-pour-massage-peigne-de-toilettage-peignes-depilation-produits-pour-animaux-de-compagnie\/\" \/>\n<meta property=\"og:locale\" content=\"fr_FR\" \/>\n<meta property=\"og:type\" content=\"article\" \/>\n<meta property=\"og:title\" content=\"Brosse \u00e0 vapeur pour chat Brosse \u00e0 vapeur pour chien 3 en 1 Brosse \u00e0 vapeur pour chat Brosse \u00e0 poils pour massage Peigne de toilettage Peignes d&#039;\u00e9pilation Produits pour animaux de compagnie - Aigle Shopping Canada\" \/>\n<meta property=\"og:description\" content=\"Aper\u00e7u : \u3010 Brosse \u00e0 vapeur pour animaux de compagnie avec fonction de pulv\u00e9risation unique \u3011La brosse \u00e0 poils de chat \u00e0 vapeur est con\u00e7ue avec une fonction de pulv\u00e9risation unique, qui peut efficacement desserrer et \u00e9liminer la poussi\u00e8re et la salet\u00e9 accumul\u00e9es des poils de chat ; le spray est non seulement s\u00fbr mais [&hellip;]\" \/>\n<meta property=\"og:url\" content=\"https:\/\/aigleshopping.ca\/fr\/produit\/brosse-a-vapeur-pour-chat-brosse-a-vapeur-pour-chien-3-en-1-brosse-a-vapeur-pour-chat-brosse-a-poils-pour-massage-peigne-de-toilettage-peignes-depilation-produits-pour-animaux-de-compagnie\/\" \/>\n<meta property=\"og:site_name\" content=\"Aigle Shopping Canada\" \/>\n<meta property=\"og:image\" content=\"https:\/\/aigleshopping.ca\/wp-content\/uploads\/2025\/03\/6725c8e0-9ca8-49e6-88d0-d74f7e323431.jpg\" \/>\n\t<meta property=\"og:image:width\" content=\"800\" \/>\n\t<meta property=\"og:image:height\" content=\"800\" \/>\n\t<meta property=\"og:image:type\" content=\"image\/jpeg\" \/>\n<meta name=\"twitter:card\" content=\"summary_large_image\" \/>\n<meta name=\"twitter:label1\" content=\"Dur\u00e9e de lecture estim\u00e9e\" \/>\n\t<meta name=\"twitter:data1\" content=\"2 minutes\" \/>\n<script type=\"application\/ld+json\" class=\"yoast-schema-graph\">{\"@context\":\"https:\\\/\\\/schema.org\",\"@graph\":[{\"@type\":\"WebPage\",\"@id\":\"https:\\\/\\\/aigleshopping.ca\\\/fr\\\/produit\\\/brosse-a-vapeur-pour-chat-brosse-a-vapeur-pour-chien-3-en-1-brosse-a-vapeur-pour-chat-brosse-a-poils-pour-massage-peigne-de-toilettage-peignes-depilation-produits-pour-animaux-de-compagnie\\\/\",\"url\":\"https:\\\/\\\/aigleshopping.ca\\\/fr\\\/produit\\\/brosse-a-vapeur-pour-chat-brosse-a-vapeur-pour-chien-3-en-1-brosse-a-vapeur-pour-chat-brosse-a-poils-pour-massage-peigne-de-toilettage-peignes-depilation-produits-pour-animaux-de-compagnie\\\/\",\"name\":\"Brosse \u00e0 vapeur pour chat Brosse \u00e0 vapeur pour chien 3 en 1 Brosse \u00e0 vapeur pour chat Brosse \u00e0 poils pour massage Peigne de toilettage Peignes d'\u00e9pilation Produits pour animaux de compagnie - Aigle Shopping Canada\",\"isPartOf\":{\"@id\":\"https:\\\/\\\/aigleshopping.ca\\\/#website\"},\"primaryImageOfPage\":{\"@id\":\"https:\\\/\\\/aigleshopping.ca\\\/fr\\\/produit\\\/brosse-a-vapeur-pour-chat-brosse-a-vapeur-pour-chien-3-en-1-brosse-a-vapeur-pour-chat-brosse-a-poils-pour-massage-peigne-de-toilettage-peignes-depilation-produits-pour-animaux-de-compagnie\\\/#primaryimage\"},\"image\":{\"@id\":\"https:\\\/\\\/aigleshopping.ca\\\/fr\\\/produit\\\/brosse-a-vapeur-pour-chat-brosse-a-vapeur-pour-chien-3-en-1-brosse-a-vapeur-pour-chat-brosse-a-poils-pour-massage-peigne-de-toilettage-peignes-depilation-produits-pour-animaux-de-compagnie\\\/#primaryimage\"},\"thumbnailUrl\":\"https:\\\/\\\/aigleshopping.ca\\\/wp-content\\\/uploads\\\/2025\\\/03\\\/6725c8e0-9ca8-49e6-88d0-d74f7e323431.jpg\",\"datePublished\":\"2025-03-07T07:49:37+00:00\",\"breadcrumb\":{\"@id\":\"https:\\\/\\\/aigleshopping.ca\\\/fr\\\/produit\\\/brosse-a-vapeur-pour-chat-brosse-a-vapeur-pour-chien-3-en-1-brosse-a-vapeur-pour-chat-brosse-a-poils-pour-massage-peigne-de-toilettage-peignes-depilation-produits-pour-animaux-de-compagnie\\\/#breadcrumb\"},\"inLanguage\":\"fr-FR\",\"potentialAction\":[{\"@type\":\"ReadAction\",\"target\":[\"https:\\\/\\\/aigleshopping.ca\\\/fr\\\/produit\\\/brosse-a-vapeur-pour-chat-brosse-a-vapeur-pour-chien-3-en-1-brosse-a-vapeur-pour-chat-brosse-a-poils-pour-massage-peigne-de-toilettage-peignes-depilation-produits-pour-animaux-de-compagnie\\\/\"]}]},{\"@type\":\"ImageObject\",\"inLanguage\":\"fr-FR\",\"@id\":\"https:\\\/\\\/aigleshopping.ca\\\/fr\\\/produit\\\/brosse-a-vapeur-pour-chat-brosse-a-vapeur-pour-chien-3-en-1-brosse-a-vapeur-pour-chat-brosse-a-poils-pour-massage-peigne-de-toilettage-peignes-depilation-produits-pour-animaux-de-compagnie\\\/#primaryimage\",\"url\":\"https:\\\/\\\/aigleshopping.ca\\\/wp-content\\\/uploads\\\/2025\\\/03\\\/6725c8e0-9ca8-49e6-88d0-d74f7e323431.jpg\",\"contentUrl\":\"https:\\\/\\\/aigleshopping.ca\\\/wp-content\\\/uploads\\\/2025\\\/03\\\/6725c8e0-9ca8-49e6-88d0-d74f7e323431.jpg\",\"width\":800,\"height\":800},{\"@type\":\"BreadcrumbList\",\"@id\":\"https:\\\/\\\/aigleshopping.ca\\\/fr\\\/produit\\\/brosse-a-vapeur-pour-chat-brosse-a-vapeur-pour-chien-3-en-1-brosse-a-vapeur-pour-chat-brosse-a-poils-pour-massage-peigne-de-toilettage-peignes-depilation-produits-pour-animaux-de-compagnie\\\/#breadcrumb\",\"itemListElement\":[{\"@type\":\"ListItem\",\"position\":1,\"name\":\"Home\",\"item\":\"https:\\\/\\\/aigleshopping.ca\\\/fr\\\/home\\\/\"},{\"@type\":\"ListItem\",\"position\":2,\"name\":\"Products\",\"item\":\"https:\\\/\\\/aigleshopping.ca\\\/shop\\\/\"},{\"@type\":\"ListItem\",\"position\":3,\"name\":\"Brosse \u00e0 vapeur pour chat Brosse \u00e0 vapeur pour chien 3 en 1 Brosse \u00e0 vapeur pour chat Brosse \u00e0 poils pour massage Peigne de toilettage Peignes d&#8217;\u00e9pilation Produits pour animaux de compagnie\"}]},{\"@type\":\"WebSite\",\"@id\":\"https:\\\/\\\/aigleshopping.ca\\\/#website\",\"url\":\"https:\\\/\\\/aigleshopping.ca\\\/\",\"name\":\"Aigle Shopping Canada\",\"description\":\"Au-del\u00e0 des fronti\u00e8res, pour vous offrir le\u00a0meilleur!\",\"publisher\":{\"@id\":\"https:\\\/\\\/aigleshopping.ca\\\/#organization\"},\"potentialAction\":[{\"@type\":\"SearchAction\",\"target\":{\"@type\":\"EntryPoint\",\"urlTemplate\":\"https:\\\/\\\/aigleshopping.ca\\\/?s={search_term_string}\"},\"query-input\":{\"@type\":\"PropertyValueSpecification\",\"valueRequired\":true,\"valueName\":\"search_term_string\"}}],\"inLanguage\":\"fr-FR\"},{\"@type\":\"Organization\",\"@id\":\"https:\\\/\\\/aigleshopping.ca\\\/#organization\",\"name\":\"Aigle Shopping Canada\",\"url\":\"https:\\\/\\\/aigleshopping.ca\\\/\",\"logo\":{\"@type\":\"ImageObject\",\"inLanguage\":\"fr-FR\",\"@id\":\"https:\\\/\\\/aigleshopping.ca\\\/#\\\/schema\\\/logo\\\/image\\\/\",\"url\":\"https:\\\/\\\/aigleshopping.ca\\\/wp-content\\\/uploads\\\/2025\\\/12\\\/logo_aigleshopping_ca.png\",\"contentUrl\":\"https:\\\/\\\/aigleshopping.ca\\\/wp-content\\\/uploads\\\/2025\\\/12\\\/logo_aigleshopping_ca.png\",\"width\":800,\"height\":233,\"caption\":\"Aigle Shopping Canada\"},\"image\":{\"@id\":\"https:\\\/\\\/aigleshopping.ca\\\/#\\\/schema\\\/logo\\\/image\\\/\"}}]}<\/script>\n<!-- \/ Yoast SEO plugin. -->","yoast_head_json":{"title":"Brosse \u00e0 vapeur pour chat Brosse \u00e0 vapeur pour chien 3 en 1 Brosse \u00e0 vapeur pour chat Brosse \u00e0 poils pour massage Peigne de toilettage Peignes d'\u00e9pilation Produits pour animaux de compagnie - Aigle Shopping Canada","robots":{"index":"index","follow":"follow","max-snippet":"max-snippet:-1","max-image-preview":"max-image-preview:large","max-video-preview":"max-video-preview:-1"},"canonical":"https:\/\/aigleshopping.ca\/fr\/produit\/brosse-a-vapeur-pour-chat-brosse-a-vapeur-pour-chien-3-en-1-brosse-a-vapeur-pour-chat-brosse-a-poils-pour-massage-peigne-de-toilettage-peignes-depilation-produits-pour-animaux-de-compagnie\/","og_locale":"fr_FR","og_type":"article","og_title":"Brosse \u00e0 vapeur pour chat Brosse \u00e0 vapeur pour chien 3 en 1 Brosse \u00e0 vapeur pour chat Brosse \u00e0 poils pour massage Peigne de toilettage Peignes d'\u00e9pilation Produits pour animaux de compagnie - Aigle Shopping Canada","og_description":"Aper\u00e7u : \u3010 Brosse \u00e0 vapeur pour animaux de compagnie avec fonction de pulv\u00e9risation unique \u3011La brosse \u00e0 poils de chat \u00e0 vapeur est con\u00e7ue avec une fonction de pulv\u00e9risation unique, qui peut efficacement desserrer et \u00e9liminer la poussi\u00e8re et la salet\u00e9 accumul\u00e9es des poils de chat ; le spray est non seulement s\u00fbr mais [&hellip;]","og_url":"https:\/\/aigleshopping.ca\/fr\/produit\/brosse-a-vapeur-pour-chat-brosse-a-vapeur-pour-chien-3-en-1-brosse-a-vapeur-pour-chat-brosse-a-poils-pour-massage-peigne-de-toilettage-peignes-depilation-produits-pour-animaux-de-compagnie\/","og_site_name":"Aigle Shopping Canada","og_image":[{"width":800,"height":800,"url":"https:\/\/aigleshopping.ca\/wp-content\/uploads\/2025\/03\/6725c8e0-9ca8-49e6-88d0-d74f7e323431.jpg","type":"image\/jpeg"}],"twitter_card":"summary_large_image","twitter_misc":{"Dur\u00e9e de lecture estim\u00e9e":"2 minutes"},"schema":{"@context":"https:\/\/schema.org","@graph":[{"@type":"WebPage","@id":"https:\/\/aigleshopping.ca\/fr\/produit\/brosse-a-vapeur-pour-chat-brosse-a-vapeur-pour-chien-3-en-1-brosse-a-vapeur-pour-chat-brosse-a-poils-pour-massage-peigne-de-toilettage-peignes-depilation-produits-pour-animaux-de-compagnie\/","url":"https:\/\/aigleshopping.ca\/fr\/produit\/brosse-a-vapeur-pour-chat-brosse-a-vapeur-pour-chien-3-en-1-brosse-a-vapeur-pour-chat-brosse-a-poils-pour-massage-peigne-de-toilettage-peignes-depilation-produits-pour-animaux-de-compagnie\/","name":"Brosse \u00e0 vapeur pour chat Brosse \u00e0 vapeur pour chien 3 en 1 Brosse \u00e0 vapeur pour chat Brosse \u00e0 poils pour massage Peigne de toilettage Peignes d'\u00e9pilation Produits pour animaux de compagnie - Aigle Shopping Canada","isPartOf":{"@id":"https:\/\/aigleshopping.ca\/#website"},"primaryImageOfPage":{"@id":"https:\/\/aigleshopping.ca\/fr\/produit\/brosse-a-vapeur-pour-chat-brosse-a-vapeur-pour-chien-3-en-1-brosse-a-vapeur-pour-chat-brosse-a-poils-pour-massage-peigne-de-toilettage-peignes-depilation-produits-pour-animaux-de-compagnie\/#primaryimage"},"image":{"@id":"https:\/\/aigleshopping.ca\/fr\/produit\/brosse-a-vapeur-pour-chat-brosse-a-vapeur-pour-chien-3-en-1-brosse-a-vapeur-pour-chat-brosse-a-poils-pour-massage-peigne-de-toilettage-peignes-depilation-produits-pour-animaux-de-compagnie\/#primaryimage"},"thumbnailUrl":"https:\/\/aigleshopping.ca\/wp-content\/uploads\/2025\/03\/6725c8e0-9ca8-49e6-88d0-d74f7e323431.jpg","datePublished":"2025-03-07T07:49:37+00:00","breadcrumb":{"@id":"https:\/\/aigleshopping.ca\/fr\/produit\/brosse-a-vapeur-pour-chat-brosse-a-vapeur-pour-chien-3-en-1-brosse-a-vapeur-pour-chat-brosse-a-poils-pour-massage-peigne-de-toilettage-peignes-depilation-produits-pour-animaux-de-compagnie\/#breadcrumb"},"inLanguage":"fr-FR","potentialAction":[{"@type":"ReadAction","target":["https:\/\/aigleshopping.ca\/fr\/produit\/brosse-a-vapeur-pour-chat-brosse-a-vapeur-pour-chien-3-en-1-brosse-a-vapeur-pour-chat-brosse-a-poils-pour-massage-peigne-de-toilettage-peignes-depilation-produits-pour-animaux-de-compagnie\/"]}]},{"@type":"ImageObject","inLanguage":"fr-FR","@id":"https:\/\/aigleshopping.ca\/fr\/produit\/brosse-a-vapeur-pour-chat-brosse-a-vapeur-pour-chien-3-en-1-brosse-a-vapeur-pour-chat-brosse-a-poils-pour-massage-peigne-de-toilettage-peignes-depilation-produits-pour-animaux-de-compagnie\/#primaryimage","url":"https:\/\/aigleshopping.ca\/wp-content\/uploads\/2025\/03\/6725c8e0-9ca8-49e6-88d0-d74f7e323431.jpg","contentUrl":"https:\/\/aigleshopping.ca\/wp-content\/uploads\/2025\/03\/6725c8e0-9ca8-49e6-88d0-d74f7e323431.jpg","width":800,"height":800},{"@type":"BreadcrumbList","@id":"https:\/\/aigleshopping.ca\/fr\/produit\/brosse-a-vapeur-pour-chat-brosse-a-vapeur-pour-chien-3-en-1-brosse-a-vapeur-pour-chat-brosse-a-poils-pour-massage-peigne-de-toilettage-peignes-depilation-produits-pour-animaux-de-compagnie\/#breadcrumb","itemListElement":[{"@type":"ListItem","position":1,"name":"Home","item":"https:\/\/aigleshopping.ca\/fr\/home\/"},{"@type":"ListItem","position":2,"name":"Products","item":"https:\/\/aigleshopping.ca\/shop\/"},{"@type":"ListItem","position":3,"name":"Brosse \u00e0 vapeur pour chat Brosse \u00e0 vapeur pour chien 3 en 1 Brosse \u00e0 vapeur pour chat Brosse \u00e0 poils pour massage Peigne de toilettage Peignes d&#8217;\u00e9pilation Produits pour animaux de compagnie"}]},{"@type":"WebSite","@id":"https:\/\/aigleshopping.ca\/#website","url":"https:\/\/aigleshopping.ca\/","name":"Aigle Shopping Canada","description":"Au-del\u00e0 des fronti\u00e8res, pour vous offrir le\u00a0meilleur!","publisher":{"@id":"https:\/\/aigleshopping.ca\/#organization"},"potentialAction":[{"@type":"SearchAction","target":{"@type":"EntryPoint","urlTemplate":"https:\/\/aigleshopping.ca\/?s={search_term_string}"},"query-input":{"@type":"PropertyValueSpecification","valueRequired":true,"valueName":"search_term_string"}}],"inLanguage":"fr-FR"},{"@type":"Organization","@id":"https:\/\/aigleshopping.ca\/#organization","name":"Aigle Shopping Canada","url":"https:\/\/aigleshopping.ca\/","logo":{"@type":"ImageObject","inLanguage":"fr-FR","@id":"https:\/\/aigleshopping.ca\/#\/schema\/logo\/image\/","url":"https:\/\/aigleshopping.ca\/wp-content\/uploads\/2025\/12\/logo_aigleshopping_ca.png","contentUrl":"https:\/\/aigleshopping.ca\/wp-content\/uploads\/2025\/12\/logo_aigleshopping_ca.png","width":800,"height":233,"caption":"Aigle Shopping Canada"},"image":{"@id":"https:\/\/aigleshopping.ca\/#\/schema\/logo\/image\/"}}]}},"jetpack_sharing_enabled":true,"_links":{"self":[{"href":"https:\/\/aigleshopping.ca\/fr\/wp-json\/wp\/v2\/product\/33150","targetHints":{"allow":["GET"]}}],"collection":[{"href":"https:\/\/aigleshopping.ca\/fr\/wp-json\/wp\/v2\/product"}],"about":[{"href":"https:\/\/aigleshopping.ca\/fr\/wp-json\/wp\/v2\/types\/product"}],"replies":[{"embeddable":true,"href":"https:\/\/aigleshopping.ca\/fr\/wp-json\/wp\/v2\/comments?post=33150"}],"wp:featuredmedia":[{"embeddable":true,"href":"https:\/\/aigleshopping.ca\/fr\/wp-json\/wp\/v2\/media\/11794"}],"wp:attachment":[{"href":"https:\/\/aigleshopping.ca\/fr\/wp-json\/wp\/v2\/media?parent=33150"}],"wp:term":[{"taxonomy":"product_brand","embeddable":true,"href":"https:\/\/aigleshopping.ca\/fr\/wp-json\/wp\/v2\/product_brand?post=33150"},{"taxonomy":"product_cat","embeddable":true,"href":"https:\/\/aigleshopping.ca\/fr\/wp-json\/wp\/v2\/product_cat?post=33150"},{"taxonomy":"product_tag","embeddable":true,"href":"https:\/\/aigleshopping.ca\/fr\/wp-json\/wp\/v2\/product_tag?post=33150"}],"curies":[{"name":"wp","href":"https:\/\/api.w.org\/{rel}","templated":true}]}}