{"id":33168,"date":"2025-08-08T15:18:58","date_gmt":"2025-08-08T15:18:58","guid":{"rendered":"https:\/\/aigleshopping.ca\/?post_type=product&#038;p=33168"},"modified":"2025-08-12T13:40:09","modified_gmt":"2025-08-12T13:40:09","slug":"fab-x-forever-active-boost","status":"publish","type":"product","link":"https:\/\/aigleshopping.ca\/fr\/produit\/fab-x-forever-active-boost\/","title":{"rendered":"Fab X Forever Active Boost"},"content":{"rendered":"<h4 id=\"ArticleDescrTitle\" class=\"title\">Un boost naturel pour une \u00e9nergie durable (version sans sucre)<\/h4>\n<p id=\"ArticleDescrTxt\">Des propri\u00e9t\u00e9s stimulantes, dues \u00e0 la pr\u00e9sence de Guarana, qui apporte un regain d&rsquo;\u00e9nergie et favorise la concentration<\/p>\n<p>Des propri\u00e9t\u00e9s anti-oxydantes et adaptog\u00e8nes, dues \u00e0 la pr\u00e9sence de plantes exclusives (Schisandra et Ginseng Sib\u00e9rien), qui renforcent la performance physique et intellectuelle et augmentent la r\u00e9sistance aux agressions environnementales.<\/p>\n<p>Aides \u00e0 la concentration et \u00e0 la m\u00e9moire et \u00e0 la d\u00e9sintoxication des tissus fatigu\u00e9s (muscles), dues \u00e0 la pr\u00e9sence de Taurine (acide amin\u00e9 synth\u00e9tis\u00e9 par l&rsquo;organisme et naturellement pr\u00e9sent dans le corps).<\/p>\n","protected":false},"excerpt":{"rendered":"<p>Une boisson \u00ab \u00e9nergisante \u00bb (<b>sans sucre<\/b>) qui vous donnera \u00e0 la fois un coup de fouet imm\u00e9diat et de l&rsquo;\u00e9nergie pour toute la journ\u00e9e ! Diff\u00e9rente de ses consoeurs distribu\u00e9es actuellement sur le march\u00e9, cette boisson \u00e9nergisante ne contient aucun produit synth\u00e9tique. Formul\u00e9e \u00e0 partir d&rsquo;Alo\u00e8s Stabilis\u00e9 et d&rsquo;un m\u00e9lange exclusif de plantes adaptog\u00e8nes et anti-oxydantes, elle vous apportera ponctuellement la solution pour vous aider \u00e0 r\u00e9agir en cas de baisse de r\u00e9gime !<\/p>\n","protected":false},"featured_media":33404,"comment_status":"open","ping_status":"closed","template":"","meta":{"content-type":""},"product_brand":[],"product_cat":[928],"product_tag":[],"class_list":{"0":"post-33168","1":"product","2":"type-product","3":"status-publish","4":"has-post-thumbnail","6":"product_cat-aigle-rajeunit","8":"first","9":"instock","10":"taxable","11":"shipping-taxable","12":"purchasable","13":"product-type-simple","14":"add-to-wishlist-after_add_to_cart"},"yoast_head":"<!-- This site is optimized with the Yoast SEO plugin v27.4 - https:\/\/yoast.com\/product\/yoast-seo-wordpress\/ -->\n<title>Fab X Forever Active Boost - Aigle Shopping Canada<\/title>\n<meta name=\"robots\" content=\"index, follow, max-snippet:-1, max-image-preview:large, max-video-preview:-1\" \/>\n<link rel=\"canonical\" href=\"https:\/\/aigleshopping.ca\/fr\/produit\/fab-x-forever-active-boost\/\" \/>\n<meta property=\"og:locale\" content=\"fr_FR\" \/>\n<meta property=\"og:type\" content=\"article\" \/>\n<meta property=\"og:title\" content=\"Fab X Forever Active Boost - Aigle Shopping Canada\" \/>\n<meta property=\"og:description\" content=\"Une boisson \u00ab \u00e9nergisante \u00bb (sans sucre) qui vous donnera \u00e0 la fois un coup de fouet imm\u00e9diat et de l&#039;\u00e9nergie pour toute la journ\u00e9e ! Diff\u00e9rente de ses consoeurs distribu\u00e9es actuellement sur le march\u00e9, cette boisson \u00e9nergisante ne contient aucun produit synth\u00e9tique. Formul\u00e9e \u00e0 partir d&#039;Alo\u00e8s Stabilis\u00e9 et d&#039;un m\u00e9lange exclusif de plantes adaptog\u00e8nes et anti-oxydantes, elle vous apportera ponctuellement la solution pour vous aider \u00e0 r\u00e9agir en cas de baisse de r\u00e9gime !\" \/>\n<meta property=\"og:url\" content=\"https:\/\/aigleshopping.ca\/fr\/produit\/fab-x-forever-active-boost\/\" \/>\n<meta property=\"og:site_name\" content=\"Aigle Shopping Canada\" \/>\n<meta property=\"article:modified_time\" content=\"2025-08-12T13:40:09+00:00\" \/>\n<meta property=\"og:image\" content=\"https:\/\/aigleshopping.ca\/wp-content\/uploads\/2025\/08\/xboostcopie.jpg\" \/>\n\t<meta property=\"og:image:width\" content=\"800\" \/>\n\t<meta property=\"og:image:height\" content=\"800\" \/>\n\t<meta property=\"og:image:type\" content=\"image\/jpeg\" \/>\n<meta name=\"twitter:card\" content=\"summary_large_image\" \/>\n<meta name=\"twitter:label1\" content=\"Dur\u00e9e de lecture estim\u00e9e\" \/>\n\t<meta name=\"twitter:data1\" content=\"1 minute\" \/>\n<script type=\"application\/ld+json\" class=\"yoast-schema-graph\">{\"@context\":\"https:\\\/\\\/schema.org\",\"@graph\":[{\"@type\":\"WebPage\",\"@id\":\"https:\\\/\\\/aigleshopping.ca\\\/fr\\\/produit\\\/fab-x-forever-active-boost\\\/\",\"url\":\"https:\\\/\\\/aigleshopping.ca\\\/fr\\\/produit\\\/fab-x-forever-active-boost\\\/\",\"name\":\"Fab X Forever Active Boost - Aigle Shopping Canada\",\"isPartOf\":{\"@id\":\"https:\\\/\\\/aigleshopping.ca\\\/#website\"},\"primaryImageOfPage\":{\"@id\":\"https:\\\/\\\/aigleshopping.ca\\\/fr\\\/produit\\\/fab-x-forever-active-boost\\\/#primaryimage\"},\"image\":{\"@id\":\"https:\\\/\\\/aigleshopping.ca\\\/fr\\\/produit\\\/fab-x-forever-active-boost\\\/#primaryimage\"},\"thumbnailUrl\":\"https:\\\/\\\/aigleshopping.ca\\\/wp-content\\\/uploads\\\/2025\\\/08\\\/xboostcopie.jpg\",\"datePublished\":\"2025-08-08T15:18:58+00:00\",\"dateModified\":\"2025-08-12T13:40:09+00:00\",\"breadcrumb\":{\"@id\":\"https:\\\/\\\/aigleshopping.ca\\\/fr\\\/produit\\\/fab-x-forever-active-boost\\\/#breadcrumb\"},\"inLanguage\":\"fr-FR\",\"potentialAction\":[{\"@type\":\"ReadAction\",\"target\":[\"https:\\\/\\\/aigleshopping.ca\\\/fr\\\/produit\\\/fab-x-forever-active-boost\\\/\"]}]},{\"@type\":\"ImageObject\",\"inLanguage\":\"fr-FR\",\"@id\":\"https:\\\/\\\/aigleshopping.ca\\\/fr\\\/produit\\\/fab-x-forever-active-boost\\\/#primaryimage\",\"url\":\"https:\\\/\\\/aigleshopping.ca\\\/wp-content\\\/uploads\\\/2025\\\/08\\\/xboostcopie.jpg\",\"contentUrl\":\"https:\\\/\\\/aigleshopping.ca\\\/wp-content\\\/uploads\\\/2025\\\/08\\\/xboostcopie.jpg\",\"width\":800,\"height\":800},{\"@type\":\"BreadcrumbList\",\"@id\":\"https:\\\/\\\/aigleshopping.ca\\\/fr\\\/produit\\\/fab-x-forever-active-boost\\\/#breadcrumb\",\"itemListElement\":[{\"@type\":\"ListItem\",\"position\":1,\"name\":\"Home\",\"item\":\"https:\\\/\\\/aigleshopping.ca\\\/fr\\\/home\\\/\"},{\"@type\":\"ListItem\",\"position\":2,\"name\":\"Products\",\"item\":\"https:\\\/\\\/aigleshopping.ca\\\/shop\\\/\"},{\"@type\":\"ListItem\",\"position\":3,\"name\":\"Fab X Forever Active Boost\"}]},{\"@type\":\"WebSite\",\"@id\":\"https:\\\/\\\/aigleshopping.ca\\\/#website\",\"url\":\"https:\\\/\\\/aigleshopping.ca\\\/\",\"name\":\"Aigle Shopping Canada\",\"description\":\"Au-del\u00e0 des fronti\u00e8res, pour vous offrir le\u00a0meilleur!\",\"publisher\":{\"@id\":\"https:\\\/\\\/aigleshopping.ca\\\/#organization\"},\"potentialAction\":[{\"@type\":\"SearchAction\",\"target\":{\"@type\":\"EntryPoint\",\"urlTemplate\":\"https:\\\/\\\/aigleshopping.ca\\\/?s={search_term_string}\"},\"query-input\":{\"@type\":\"PropertyValueSpecification\",\"valueRequired\":true,\"valueName\":\"search_term_string\"}}],\"inLanguage\":\"fr-FR\"},{\"@type\":\"Organization\",\"@id\":\"https:\\\/\\\/aigleshopping.ca\\\/#organization\",\"name\":\"Aigle Shopping Canada\",\"url\":\"https:\\\/\\\/aigleshopping.ca\\\/\",\"logo\":{\"@type\":\"ImageObject\",\"inLanguage\":\"fr-FR\",\"@id\":\"https:\\\/\\\/aigleshopping.ca\\\/#\\\/schema\\\/logo\\\/image\\\/\",\"url\":\"https:\\\/\\\/aigleshopping.ca\\\/wp-content\\\/uploads\\\/2025\\\/12\\\/logo_aigleshopping_ca.png\",\"contentUrl\":\"https:\\\/\\\/aigleshopping.ca\\\/wp-content\\\/uploads\\\/2025\\\/12\\\/logo_aigleshopping_ca.png\",\"width\":800,\"height\":233,\"caption\":\"Aigle Shopping Canada\"},\"image\":{\"@id\":\"https:\\\/\\\/aigleshopping.ca\\\/#\\\/schema\\\/logo\\\/image\\\/\"}}]}<\/script>\n<!-- \/ Yoast SEO plugin. -->","yoast_head_json":{"title":"Fab X Forever Active Boost - Aigle Shopping Canada","robots":{"index":"index","follow":"follow","max-snippet":"max-snippet:-1","max-image-preview":"max-image-preview:large","max-video-preview":"max-video-preview:-1"},"canonical":"https:\/\/aigleshopping.ca\/fr\/produit\/fab-x-forever-active-boost\/","og_locale":"fr_FR","og_type":"article","og_title":"Fab X Forever Active Boost - Aigle Shopping Canada","og_description":"Une boisson \u00ab \u00e9nergisante \u00bb (sans sucre) qui vous donnera \u00e0 la fois un coup de fouet imm\u00e9diat et de l'\u00e9nergie pour toute la journ\u00e9e ! Diff\u00e9rente de ses consoeurs distribu\u00e9es actuellement sur le march\u00e9, cette boisson \u00e9nergisante ne contient aucun produit synth\u00e9tique. Formul\u00e9e \u00e0 partir d'Alo\u00e8s Stabilis\u00e9 et d'un m\u00e9lange exclusif de plantes adaptog\u00e8nes et anti-oxydantes, elle vous apportera ponctuellement la solution pour vous aider \u00e0 r\u00e9agir en cas de baisse de r\u00e9gime !","og_url":"https:\/\/aigleshopping.ca\/fr\/produit\/fab-x-forever-active-boost\/","og_site_name":"Aigle Shopping Canada","article_modified_time":"2025-08-12T13:40:09+00:00","og_image":[{"width":800,"height":800,"url":"https:\/\/aigleshopping.ca\/wp-content\/uploads\/2025\/08\/xboostcopie.jpg","type":"image\/jpeg"}],"twitter_card":"summary_large_image","twitter_misc":{"Dur\u00e9e de lecture estim\u00e9e":"1 minute"},"schema":{"@context":"https:\/\/schema.org","@graph":[{"@type":"WebPage","@id":"https:\/\/aigleshopping.ca\/fr\/produit\/fab-x-forever-active-boost\/","url":"https:\/\/aigleshopping.ca\/fr\/produit\/fab-x-forever-active-boost\/","name":"Fab X Forever Active Boost - Aigle Shopping Canada","isPartOf":{"@id":"https:\/\/aigleshopping.ca\/#website"},"primaryImageOfPage":{"@id":"https:\/\/aigleshopping.ca\/fr\/produit\/fab-x-forever-active-boost\/#primaryimage"},"image":{"@id":"https:\/\/aigleshopping.ca\/fr\/produit\/fab-x-forever-active-boost\/#primaryimage"},"thumbnailUrl":"https:\/\/aigleshopping.ca\/wp-content\/uploads\/2025\/08\/xboostcopie.jpg","datePublished":"2025-08-08T15:18:58+00:00","dateModified":"2025-08-12T13:40:09+00:00","breadcrumb":{"@id":"https:\/\/aigleshopping.ca\/fr\/produit\/fab-x-forever-active-boost\/#breadcrumb"},"inLanguage":"fr-FR","potentialAction":[{"@type":"ReadAction","target":["https:\/\/aigleshopping.ca\/fr\/produit\/fab-x-forever-active-boost\/"]}]},{"@type":"ImageObject","inLanguage":"fr-FR","@id":"https:\/\/aigleshopping.ca\/fr\/produit\/fab-x-forever-active-boost\/#primaryimage","url":"https:\/\/aigleshopping.ca\/wp-content\/uploads\/2025\/08\/xboostcopie.jpg","contentUrl":"https:\/\/aigleshopping.ca\/wp-content\/uploads\/2025\/08\/xboostcopie.jpg","width":800,"height":800},{"@type":"BreadcrumbList","@id":"https:\/\/aigleshopping.ca\/fr\/produit\/fab-x-forever-active-boost\/#breadcrumb","itemListElement":[{"@type":"ListItem","position":1,"name":"Home","item":"https:\/\/aigleshopping.ca\/fr\/home\/"},{"@type":"ListItem","position":2,"name":"Products","item":"https:\/\/aigleshopping.ca\/shop\/"},{"@type":"ListItem","position":3,"name":"Fab X Forever Active Boost"}]},{"@type":"WebSite","@id":"https:\/\/aigleshopping.ca\/#website","url":"https:\/\/aigleshopping.ca\/","name":"Aigle Shopping Canada","description":"Au-del\u00e0 des fronti\u00e8res, pour vous offrir le\u00a0meilleur!","publisher":{"@id":"https:\/\/aigleshopping.ca\/#organization"},"potentialAction":[{"@type":"SearchAction","target":{"@type":"EntryPoint","urlTemplate":"https:\/\/aigleshopping.ca\/?s={search_term_string}"},"query-input":{"@type":"PropertyValueSpecification","valueRequired":true,"valueName":"search_term_string"}}],"inLanguage":"fr-FR"},{"@type":"Organization","@id":"https:\/\/aigleshopping.ca\/#organization","name":"Aigle Shopping Canada","url":"https:\/\/aigleshopping.ca\/","logo":{"@type":"ImageObject","inLanguage":"fr-FR","@id":"https:\/\/aigleshopping.ca\/#\/schema\/logo\/image\/","url":"https:\/\/aigleshopping.ca\/wp-content\/uploads\/2025\/12\/logo_aigleshopping_ca.png","contentUrl":"https:\/\/aigleshopping.ca\/wp-content\/uploads\/2025\/12\/logo_aigleshopping_ca.png","width":800,"height":233,"caption":"Aigle Shopping Canada"},"image":{"@id":"https:\/\/aigleshopping.ca\/#\/schema\/logo\/image\/"}}]}},"jetpack_sharing_enabled":true,"_links":{"self":[{"href":"https:\/\/aigleshopping.ca\/fr\/wp-json\/wp\/v2\/product\/33168","targetHints":{"allow":["GET"]}}],"collection":[{"href":"https:\/\/aigleshopping.ca\/fr\/wp-json\/wp\/v2\/product"}],"about":[{"href":"https:\/\/aigleshopping.ca\/fr\/wp-json\/wp\/v2\/types\/product"}],"replies":[{"embeddable":true,"href":"https:\/\/aigleshopping.ca\/fr\/wp-json\/wp\/v2\/comments?post=33168"}],"wp:featuredmedia":[{"embeddable":true,"href":"https:\/\/aigleshopping.ca\/fr\/wp-json\/wp\/v2\/media\/33404"}],"wp:attachment":[{"href":"https:\/\/aigleshopping.ca\/fr\/wp-json\/wp\/v2\/media?parent=33168"}],"wp:term":[{"taxonomy":"product_brand","embeddable":true,"href":"https:\/\/aigleshopping.ca\/fr\/wp-json\/wp\/v2\/product_brand?post=33168"},{"taxonomy":"product_cat","embeddable":true,"href":"https:\/\/aigleshopping.ca\/fr\/wp-json\/wp\/v2\/product_cat?post=33168"},{"taxonomy":"product_tag","embeddable":true,"href":"https:\/\/aigleshopping.ca\/fr\/wp-json\/wp\/v2\/product_tag?post=33168"}],"curies":[{"name":"wp","href":"https:\/\/api.w.org\/{rel}","templated":true}]}}