{"id":33175,"date":"2025-08-08T15:35:50","date_gmt":"2025-08-08T15:35:50","guid":{"rendered":"https:\/\/aigleshopping.ca\/?post_type=product&#038;p=33175"},"modified":"2025-08-12T13:30:26","modified_gmt":"2025-08-12T13:30:26","slug":"aloe-blossom-herbal-tea-the-forever","status":"publish","type":"product","link":"https:\/\/aigleshopping.ca\/fr\/produit\/aloe-blossom-herbal-tea-the-forever\/","title":{"rendered":"Aloe Blossom Herbal Tea &#8211; Th\u00e9 Forever"},"content":{"rendered":"<p>Cette boisson, au subtil et d\u00e9licat ar\u00f4me de fleur d&rsquo;alo\u00e8s, allie des ingr\u00e9dients soigneusement s\u00e9lectionn\u00e9s provenant de Jama\u00efque, d\u2019\u00c9gypte, d\u2019Am\u00e9rique, de Chine et d\u2019Inde.<br \/>\nLes saveurs fruit\u00e9es et acidul\u00e9es de l\u2019\u00e9corce d\u2019orange et du zeste de citron se m\u00ealent aux saveurs \u00e9pic\u00e9es de la cannelle et des clous de girofle, que rel\u00e8ve la fra\u00eecheur du poivre de Jama\u00efque et du gingembre.<\/p>\n<p>L\u2019Infusion Fleur d\u2019Alo\u00e8s, sp\u00e9cialement \u00e9labor\u00e9e pour savourer un moment de plaisir gustatif, apporte un bien-\u00eatre digestif gr\u00e2ce \u00e0 la cannelle et r\u00e9hydrate en douceur l\u2019organisme.<br \/>\nPr\u00e9par\u00e9e chaude ou froide, elle peut \u00eatre consomm\u00e9e \u00e0 tout moment de la journ\u00e9e<br \/>\nPour une action d\u00e9toxifiante, prendre 2 litres dans la journ\u00e9e en commen\u00e7ant la premi\u00e8re prise \u00e0 jeun le matin.<\/p>\n","protected":false},"excerpt":{"rendered":"<p>Tout simplement la meilleure tisane que vous aurez go\u00fbt\u00e9e. Savamment pr\u00e9par\u00e9e pour votre plaisir et votre sant\u00e9, elle contient des fleurs d\u2019aloe vera, de la cannelle, du gingembre, des clous de girofle parfum\u00e9s, du piment de la Jama\u00efque apaisant, du Zeste d\u2019orange, de la cardamome, du fenouil, de la camomille, de la feuille de m\u00fbrier ainsi que du gymnema sylvestre. Sans caf\u00e9ine, sans calorie.<\/p>\n","protected":false},"featured_media":33402,"comment_status":"open","ping_status":"closed","template":"","meta":{"content-type":""},"product_brand":[],"product_cat":[928],"product_tag":[],"class_list":{"0":"post-33175","1":"product","2":"type-product","3":"status-publish","4":"has-post-thumbnail","6":"product_cat-aigle-rajeunit","8":"first","9":"instock","10":"taxable","11":"shipping-taxable","12":"purchasable","13":"product-type-simple","14":"add-to-wishlist-after_add_to_cart"},"yoast_head":"<!-- This site is optimized with the Yoast SEO plugin v27.4 - https:\/\/yoast.com\/product\/yoast-seo-wordpress\/ -->\n<title>Aloe Blossom Herbal Tea - Th\u00e9 Forever - Aigle Shopping Canada<\/title>\n<meta name=\"robots\" content=\"index, follow, max-snippet:-1, max-image-preview:large, max-video-preview:-1\" \/>\n<link rel=\"canonical\" href=\"https:\/\/aigleshopping.ca\/fr\/produit\/aloe-blossom-herbal-tea-the-forever\/\" \/>\n<meta property=\"og:locale\" content=\"fr_FR\" \/>\n<meta property=\"og:type\" content=\"article\" \/>\n<meta property=\"og:title\" content=\"Aloe Blossom Herbal Tea - Th\u00e9 Forever - Aigle Shopping Canada\" \/>\n<meta property=\"og:description\" content=\"Tout simplement la meilleure tisane que vous aurez go\u00fbt\u00e9e. Savamment pr\u00e9par\u00e9e pour votre plaisir et votre sant\u00e9, elle contient des fleurs d\u2019aloe vera, de la cannelle, du gingembre, des clous de girofle parfum\u00e9s, du piment de la Jama\u00efque apaisant, du Zeste d\u2019orange, de la cardamome, du fenouil, de la camomille, de la feuille de m\u00fbrier ainsi que du gymnema sylvestre. Sans caf\u00e9ine, sans calorie.\" \/>\n<meta property=\"og:url\" content=\"https:\/\/aigleshopping.ca\/fr\/produit\/aloe-blossom-herbal-tea-the-forever\/\" \/>\n<meta property=\"og:site_name\" content=\"Aigle Shopping Canada\" \/>\n<meta property=\"article:modified_time\" content=\"2025-08-12T13:30:26+00:00\" \/>\n<meta property=\"og:image\" content=\"https:\/\/aigleshopping.ca\/wp-content\/uploads\/2025\/08\/blossomcopie.jpg\" \/>\n\t<meta property=\"og:image:width\" content=\"800\" \/>\n\t<meta property=\"og:image:height\" content=\"800\" \/>\n\t<meta property=\"og:image:type\" content=\"image\/jpeg\" \/>\n<meta name=\"twitter:card\" content=\"summary_large_image\" \/>\n<meta name=\"twitter:label1\" content=\"Dur\u00e9e de lecture estim\u00e9e\" \/>\n\t<meta name=\"twitter:data1\" content=\"1 minute\" \/>\n<script type=\"application\/ld+json\" class=\"yoast-schema-graph\">{\"@context\":\"https:\\\/\\\/schema.org\",\"@graph\":[{\"@type\":\"WebPage\",\"@id\":\"https:\\\/\\\/aigleshopping.ca\\\/fr\\\/produit\\\/aloe-blossom-herbal-tea-the-forever\\\/\",\"url\":\"https:\\\/\\\/aigleshopping.ca\\\/fr\\\/produit\\\/aloe-blossom-herbal-tea-the-forever\\\/\",\"name\":\"Aloe Blossom Herbal Tea - Th\u00e9 Forever - Aigle Shopping Canada\",\"isPartOf\":{\"@id\":\"https:\\\/\\\/aigleshopping.ca\\\/#website\"},\"primaryImageOfPage\":{\"@id\":\"https:\\\/\\\/aigleshopping.ca\\\/fr\\\/produit\\\/aloe-blossom-herbal-tea-the-forever\\\/#primaryimage\"},\"image\":{\"@id\":\"https:\\\/\\\/aigleshopping.ca\\\/fr\\\/produit\\\/aloe-blossom-herbal-tea-the-forever\\\/#primaryimage\"},\"thumbnailUrl\":\"https:\\\/\\\/aigleshopping.ca\\\/wp-content\\\/uploads\\\/2025\\\/08\\\/blossomcopie.jpg\",\"datePublished\":\"2025-08-08T15:35:50+00:00\",\"dateModified\":\"2025-08-12T13:30:26+00:00\",\"breadcrumb\":{\"@id\":\"https:\\\/\\\/aigleshopping.ca\\\/fr\\\/produit\\\/aloe-blossom-herbal-tea-the-forever\\\/#breadcrumb\"},\"inLanguage\":\"fr-FR\",\"potentialAction\":[{\"@type\":\"ReadAction\",\"target\":[\"https:\\\/\\\/aigleshopping.ca\\\/fr\\\/produit\\\/aloe-blossom-herbal-tea-the-forever\\\/\"]}]},{\"@type\":\"ImageObject\",\"inLanguage\":\"fr-FR\",\"@id\":\"https:\\\/\\\/aigleshopping.ca\\\/fr\\\/produit\\\/aloe-blossom-herbal-tea-the-forever\\\/#primaryimage\",\"url\":\"https:\\\/\\\/aigleshopping.ca\\\/wp-content\\\/uploads\\\/2025\\\/08\\\/blossomcopie.jpg\",\"contentUrl\":\"https:\\\/\\\/aigleshopping.ca\\\/wp-content\\\/uploads\\\/2025\\\/08\\\/blossomcopie.jpg\",\"width\":800,\"height\":800},{\"@type\":\"BreadcrumbList\",\"@id\":\"https:\\\/\\\/aigleshopping.ca\\\/fr\\\/produit\\\/aloe-blossom-herbal-tea-the-forever\\\/#breadcrumb\",\"itemListElement\":[{\"@type\":\"ListItem\",\"position\":1,\"name\":\"Home\",\"item\":\"https:\\\/\\\/aigleshopping.ca\\\/fr\\\/home\\\/\"},{\"@type\":\"ListItem\",\"position\":2,\"name\":\"Products\",\"item\":\"https:\\\/\\\/aigleshopping.ca\\\/shop\\\/\"},{\"@type\":\"ListItem\",\"position\":3,\"name\":\"Aloe Blossom Herbal Tea &#8211; Th\u00e9 Forever\"}]},{\"@type\":\"WebSite\",\"@id\":\"https:\\\/\\\/aigleshopping.ca\\\/#website\",\"url\":\"https:\\\/\\\/aigleshopping.ca\\\/\",\"name\":\"Aigle Shopping Canada\",\"description\":\"Au-del\u00e0 des fronti\u00e8res, pour vous offrir le\u00a0meilleur!\",\"publisher\":{\"@id\":\"https:\\\/\\\/aigleshopping.ca\\\/#organization\"},\"potentialAction\":[{\"@type\":\"SearchAction\",\"target\":{\"@type\":\"EntryPoint\",\"urlTemplate\":\"https:\\\/\\\/aigleshopping.ca\\\/?s={search_term_string}\"},\"query-input\":{\"@type\":\"PropertyValueSpecification\",\"valueRequired\":true,\"valueName\":\"search_term_string\"}}],\"inLanguage\":\"fr-FR\"},{\"@type\":\"Organization\",\"@id\":\"https:\\\/\\\/aigleshopping.ca\\\/#organization\",\"name\":\"Aigle Shopping Canada\",\"url\":\"https:\\\/\\\/aigleshopping.ca\\\/\",\"logo\":{\"@type\":\"ImageObject\",\"inLanguage\":\"fr-FR\",\"@id\":\"https:\\\/\\\/aigleshopping.ca\\\/#\\\/schema\\\/logo\\\/image\\\/\",\"url\":\"https:\\\/\\\/aigleshopping.ca\\\/wp-content\\\/uploads\\\/2025\\\/12\\\/logo_aigleshopping_ca.png\",\"contentUrl\":\"https:\\\/\\\/aigleshopping.ca\\\/wp-content\\\/uploads\\\/2025\\\/12\\\/logo_aigleshopping_ca.png\",\"width\":800,\"height\":233,\"caption\":\"Aigle Shopping Canada\"},\"image\":{\"@id\":\"https:\\\/\\\/aigleshopping.ca\\\/#\\\/schema\\\/logo\\\/image\\\/\"}}]}<\/script>\n<!-- \/ Yoast SEO plugin. -->","yoast_head_json":{"title":"Aloe Blossom Herbal Tea - Th\u00e9 Forever - Aigle Shopping Canada","robots":{"index":"index","follow":"follow","max-snippet":"max-snippet:-1","max-image-preview":"max-image-preview:large","max-video-preview":"max-video-preview:-1"},"canonical":"https:\/\/aigleshopping.ca\/fr\/produit\/aloe-blossom-herbal-tea-the-forever\/","og_locale":"fr_FR","og_type":"article","og_title":"Aloe Blossom Herbal Tea - Th\u00e9 Forever - Aigle Shopping Canada","og_description":"Tout simplement la meilleure tisane que vous aurez go\u00fbt\u00e9e. Savamment pr\u00e9par\u00e9e pour votre plaisir et votre sant\u00e9, elle contient des fleurs d\u2019aloe vera, de la cannelle, du gingembre, des clous de girofle parfum\u00e9s, du piment de la Jama\u00efque apaisant, du Zeste d\u2019orange, de la cardamome, du fenouil, de la camomille, de la feuille de m\u00fbrier ainsi que du gymnema sylvestre. Sans caf\u00e9ine, sans calorie.","og_url":"https:\/\/aigleshopping.ca\/fr\/produit\/aloe-blossom-herbal-tea-the-forever\/","og_site_name":"Aigle Shopping Canada","article_modified_time":"2025-08-12T13:30:26+00:00","og_image":[{"width":800,"height":800,"url":"https:\/\/aigleshopping.ca\/wp-content\/uploads\/2025\/08\/blossomcopie.jpg","type":"image\/jpeg"}],"twitter_card":"summary_large_image","twitter_misc":{"Dur\u00e9e de lecture estim\u00e9e":"1 minute"},"schema":{"@context":"https:\/\/schema.org","@graph":[{"@type":"WebPage","@id":"https:\/\/aigleshopping.ca\/fr\/produit\/aloe-blossom-herbal-tea-the-forever\/","url":"https:\/\/aigleshopping.ca\/fr\/produit\/aloe-blossom-herbal-tea-the-forever\/","name":"Aloe Blossom Herbal Tea - Th\u00e9 Forever - Aigle Shopping Canada","isPartOf":{"@id":"https:\/\/aigleshopping.ca\/#website"},"primaryImageOfPage":{"@id":"https:\/\/aigleshopping.ca\/fr\/produit\/aloe-blossom-herbal-tea-the-forever\/#primaryimage"},"image":{"@id":"https:\/\/aigleshopping.ca\/fr\/produit\/aloe-blossom-herbal-tea-the-forever\/#primaryimage"},"thumbnailUrl":"https:\/\/aigleshopping.ca\/wp-content\/uploads\/2025\/08\/blossomcopie.jpg","datePublished":"2025-08-08T15:35:50+00:00","dateModified":"2025-08-12T13:30:26+00:00","breadcrumb":{"@id":"https:\/\/aigleshopping.ca\/fr\/produit\/aloe-blossom-herbal-tea-the-forever\/#breadcrumb"},"inLanguage":"fr-FR","potentialAction":[{"@type":"ReadAction","target":["https:\/\/aigleshopping.ca\/fr\/produit\/aloe-blossom-herbal-tea-the-forever\/"]}]},{"@type":"ImageObject","inLanguage":"fr-FR","@id":"https:\/\/aigleshopping.ca\/fr\/produit\/aloe-blossom-herbal-tea-the-forever\/#primaryimage","url":"https:\/\/aigleshopping.ca\/wp-content\/uploads\/2025\/08\/blossomcopie.jpg","contentUrl":"https:\/\/aigleshopping.ca\/wp-content\/uploads\/2025\/08\/blossomcopie.jpg","width":800,"height":800},{"@type":"BreadcrumbList","@id":"https:\/\/aigleshopping.ca\/fr\/produit\/aloe-blossom-herbal-tea-the-forever\/#breadcrumb","itemListElement":[{"@type":"ListItem","position":1,"name":"Home","item":"https:\/\/aigleshopping.ca\/fr\/home\/"},{"@type":"ListItem","position":2,"name":"Products","item":"https:\/\/aigleshopping.ca\/shop\/"},{"@type":"ListItem","position":3,"name":"Aloe Blossom Herbal Tea &#8211; Th\u00e9 Forever"}]},{"@type":"WebSite","@id":"https:\/\/aigleshopping.ca\/#website","url":"https:\/\/aigleshopping.ca\/","name":"Aigle Shopping Canada","description":"Au-del\u00e0 des fronti\u00e8res, pour vous offrir le\u00a0meilleur!","publisher":{"@id":"https:\/\/aigleshopping.ca\/#organization"},"potentialAction":[{"@type":"SearchAction","target":{"@type":"EntryPoint","urlTemplate":"https:\/\/aigleshopping.ca\/?s={search_term_string}"},"query-input":{"@type":"PropertyValueSpecification","valueRequired":true,"valueName":"search_term_string"}}],"inLanguage":"fr-FR"},{"@type":"Organization","@id":"https:\/\/aigleshopping.ca\/#organization","name":"Aigle Shopping Canada","url":"https:\/\/aigleshopping.ca\/","logo":{"@type":"ImageObject","inLanguage":"fr-FR","@id":"https:\/\/aigleshopping.ca\/#\/schema\/logo\/image\/","url":"https:\/\/aigleshopping.ca\/wp-content\/uploads\/2025\/12\/logo_aigleshopping_ca.png","contentUrl":"https:\/\/aigleshopping.ca\/wp-content\/uploads\/2025\/12\/logo_aigleshopping_ca.png","width":800,"height":233,"caption":"Aigle Shopping Canada"},"image":{"@id":"https:\/\/aigleshopping.ca\/#\/schema\/logo\/image\/"}}]}},"jetpack_sharing_enabled":true,"_links":{"self":[{"href":"https:\/\/aigleshopping.ca\/fr\/wp-json\/wp\/v2\/product\/33175","targetHints":{"allow":["GET"]}}],"collection":[{"href":"https:\/\/aigleshopping.ca\/fr\/wp-json\/wp\/v2\/product"}],"about":[{"href":"https:\/\/aigleshopping.ca\/fr\/wp-json\/wp\/v2\/types\/product"}],"replies":[{"embeddable":true,"href":"https:\/\/aigleshopping.ca\/fr\/wp-json\/wp\/v2\/comments?post=33175"}],"wp:featuredmedia":[{"embeddable":true,"href":"https:\/\/aigleshopping.ca\/fr\/wp-json\/wp\/v2\/media\/33402"}],"wp:attachment":[{"href":"https:\/\/aigleshopping.ca\/fr\/wp-json\/wp\/v2\/media?parent=33175"}],"wp:term":[{"taxonomy":"product_brand","embeddable":true,"href":"https:\/\/aigleshopping.ca\/fr\/wp-json\/wp\/v2\/product_brand?post=33175"},{"taxonomy":"product_cat","embeddable":true,"href":"https:\/\/aigleshopping.ca\/fr\/wp-json\/wp\/v2\/product_cat?post=33175"},{"taxonomy":"product_tag","embeddable":true,"href":"https:\/\/aigleshopping.ca\/fr\/wp-json\/wp\/v2\/product_tag?post=33175"}],"curies":[{"name":"wp","href":"https:\/\/api.w.org\/{rel}","templated":true}]}}