{"id":33180,"date":"2025-08-08T15:50:33","date_gmt":"2025-08-08T15:50:33","guid":{"rendered":"https:\/\/aigleshopping.ca\/?post_type=product&#038;p=33180"},"modified":"2025-08-08T15:50:33","modified_gmt":"2025-08-08T15:50:33","slug":"forever-focus","status":"publish","type":"product","link":"https:\/\/aigleshopping.ca\/fr\/produit\/forever-focus\/","title":{"rendered":"Forever Focus"},"content":{"rendered":"<p>Notre cerveau est de plus en plus soumis \u00e0 des sollicitations constantes : multi tasking, besoins d&rsquo;informations imm\u00e9diates, connexion facebook , instagram ,skype, what&rsquo;s app, email,\u00a0sms,\u00a0gestion de plusieurs dossiers professionnels, r\u00e9ponses \u00e0 apporter rapidement.<br \/>\nLa charge mentale augmente sans cesse et nous impacte d&rsquo;une fa\u00e7on tellement importante qu&rsquo;elle correspondrait \u00e0 une nuit sans sommeil.<\/p>\n<p>Or, si notre cerveau ne repr\u00e9sente que 2 % de notre poids corporel, il consomme au repos 20% de notre \u00e9nergie. Il doit donc \u00eatre aliment\u00e9 en nutriments pour que nous puissions rester alerte et concentr\u00e9.<br \/>\n\u00catre pleinement concentr\u00e9, une vigilance au top, des capacit\u00e9s de m\u00e9morisation utilis\u00e9es \u00a0au bon moment seront des facteurs cl\u00e9s pour atteindre vos objectifs que vous soyez au bureau, \u00e9tudiants, sportifs \u00a0ou seniors. Restez alerte et vif \u00e0 tout moment est indispensable pour remplir ses journ\u00e9es professionnelles, ses journ\u00e9es d&rsquo;\u00e9tudes, son programme sportif.<\/p>\n<p>Forever Focus\u2122 associe le Cognizin\u00ae, une forme brevet\u00e9e de citicoline, \u00e0 des plantes traditionnelles, des vitamines B6 et B12 et du zinc. Les vitamines B6, B12 et l&rsquo;acide pantoth\u00e9nique contribuent \u00e0 r\u00e9duire la fatigue. La Rhodiole soutient l&rsquo;activit\u00e9 intellectuelle et le Brahmi aide \u00e0 accro\u00eetre la concentration. L&rsquo;acide pantoth\u00e9nique contribue \u00e9galement \u00e0 des performances intellectuelles normales et le zinc \u00e0 une fonction cognitive normale.<\/p>\n","protected":false},"excerpt":{"rendered":"<p>Forever Focus\u2122 associe le Cognizin\u00ae, une forme brevet\u00e9e de citicoline, \u00e0 des plantes traditionnelles, des vitamines B6 et B12 et du zinc. La Rhodiole soutient l&rsquo;activit\u00e9 intellectuelle et le Brahmi aide \u00e0 accro\u00eetre la concentration.<\/p>\n","protected":false},"featured_media":33185,"comment_status":"open","ping_status":"closed","template":"","meta":{"content-type":""},"product_brand":[],"product_cat":[928],"product_tag":[],"class_list":{"0":"post-33180","1":"product","2":"type-product","3":"status-publish","4":"has-post-thumbnail","6":"product_cat-aigle-rajeunit","8":"first","9":"instock","10":"taxable","11":"shipping-taxable","12":"purchasable","13":"product-type-simple","14":"add-to-wishlist-after_add_to_cart"},"yoast_head":"<!-- This site is optimized with the Yoast SEO plugin v27.4 - https:\/\/yoast.com\/product\/yoast-seo-wordpress\/ -->\n<title>Forever Focus - Aigle Shopping Canada<\/title>\n<meta name=\"robots\" content=\"index, follow, max-snippet:-1, max-image-preview:large, max-video-preview:-1\" \/>\n<link rel=\"canonical\" href=\"https:\/\/aigleshopping.ca\/fr\/produit\/forever-focus\/\" \/>\n<meta property=\"og:locale\" content=\"fr_FR\" \/>\n<meta property=\"og:type\" content=\"article\" \/>\n<meta property=\"og:title\" content=\"Forever Focus - Aigle Shopping Canada\" \/>\n<meta property=\"og:description\" content=\"Forever Focus\u2122 associe le Cognizin\u00ae, une forme brevet\u00e9e de citicoline, \u00e0 des plantes traditionnelles, des vitamines B6 et B12 et du zinc. La Rhodiole soutient l&#039;activit\u00e9 intellectuelle et le Brahmi aide \u00e0 accro\u00eetre la concentration.\" \/>\n<meta property=\"og:url\" content=\"https:\/\/aigleshopping.ca\/fr\/produit\/forever-focus\/\" \/>\n<meta property=\"og:site_name\" content=\"Aigle Shopping Canada\" \/>\n<meta property=\"og:image\" content=\"https:\/\/aigleshopping.ca\/wp-content\/uploads\/2025\/08\/forever-focus.png\" \/>\n\t<meta property=\"og:image:width\" content=\"800\" \/>\n\t<meta property=\"og:image:height\" content=\"800\" \/>\n\t<meta property=\"og:image:type\" content=\"image\/png\" \/>\n<meta name=\"twitter:card\" content=\"summary_large_image\" \/>\n<meta name=\"twitter:label1\" content=\"Dur\u00e9e de lecture estim\u00e9e\" \/>\n\t<meta name=\"twitter:data1\" content=\"1 minute\" \/>\n<script type=\"application\/ld+json\" class=\"yoast-schema-graph\">{\"@context\":\"https:\\\/\\\/schema.org\",\"@graph\":[{\"@type\":\"WebPage\",\"@id\":\"https:\\\/\\\/aigleshopping.ca\\\/fr\\\/produit\\\/forever-focus\\\/\",\"url\":\"https:\\\/\\\/aigleshopping.ca\\\/fr\\\/produit\\\/forever-focus\\\/\",\"name\":\"Forever Focus - Aigle Shopping Canada\",\"isPartOf\":{\"@id\":\"https:\\\/\\\/aigleshopping.ca\\\/#website\"},\"primaryImageOfPage\":{\"@id\":\"https:\\\/\\\/aigleshopping.ca\\\/fr\\\/produit\\\/forever-focus\\\/#primaryimage\"},\"image\":{\"@id\":\"https:\\\/\\\/aigleshopping.ca\\\/fr\\\/produit\\\/forever-focus\\\/#primaryimage\"},\"thumbnailUrl\":\"https:\\\/\\\/aigleshopping.ca\\\/wp-content\\\/uploads\\\/2025\\\/08\\\/forever-focus.png\",\"datePublished\":\"2025-08-08T15:50:33+00:00\",\"breadcrumb\":{\"@id\":\"https:\\\/\\\/aigleshopping.ca\\\/fr\\\/produit\\\/forever-focus\\\/#breadcrumb\"},\"inLanguage\":\"fr-FR\",\"potentialAction\":[{\"@type\":\"ReadAction\",\"target\":[\"https:\\\/\\\/aigleshopping.ca\\\/fr\\\/produit\\\/forever-focus\\\/\"]}]},{\"@type\":\"ImageObject\",\"inLanguage\":\"fr-FR\",\"@id\":\"https:\\\/\\\/aigleshopping.ca\\\/fr\\\/produit\\\/forever-focus\\\/#primaryimage\",\"url\":\"https:\\\/\\\/aigleshopping.ca\\\/wp-content\\\/uploads\\\/2025\\\/08\\\/forever-focus.png\",\"contentUrl\":\"https:\\\/\\\/aigleshopping.ca\\\/wp-content\\\/uploads\\\/2025\\\/08\\\/forever-focus.png\",\"width\":800,\"height\":800},{\"@type\":\"BreadcrumbList\",\"@id\":\"https:\\\/\\\/aigleshopping.ca\\\/fr\\\/produit\\\/forever-focus\\\/#breadcrumb\",\"itemListElement\":[{\"@type\":\"ListItem\",\"position\":1,\"name\":\"Home\",\"item\":\"https:\\\/\\\/aigleshopping.ca\\\/fr\\\/home\\\/\"},{\"@type\":\"ListItem\",\"position\":2,\"name\":\"Products\",\"item\":\"https:\\\/\\\/aigleshopping.ca\\\/shop\\\/\"},{\"@type\":\"ListItem\",\"position\":3,\"name\":\"Forever Focus\"}]},{\"@type\":\"WebSite\",\"@id\":\"https:\\\/\\\/aigleshopping.ca\\\/#website\",\"url\":\"https:\\\/\\\/aigleshopping.ca\\\/\",\"name\":\"Aigle Shopping Canada\",\"description\":\"Au-del\u00e0 des fronti\u00e8res, pour vous offrir le\u00a0meilleur!\",\"publisher\":{\"@id\":\"https:\\\/\\\/aigleshopping.ca\\\/#organization\"},\"potentialAction\":[{\"@type\":\"SearchAction\",\"target\":{\"@type\":\"EntryPoint\",\"urlTemplate\":\"https:\\\/\\\/aigleshopping.ca\\\/?s={search_term_string}\"},\"query-input\":{\"@type\":\"PropertyValueSpecification\",\"valueRequired\":true,\"valueName\":\"search_term_string\"}}],\"inLanguage\":\"fr-FR\"},{\"@type\":\"Organization\",\"@id\":\"https:\\\/\\\/aigleshopping.ca\\\/#organization\",\"name\":\"Aigle Shopping Canada\",\"url\":\"https:\\\/\\\/aigleshopping.ca\\\/\",\"logo\":{\"@type\":\"ImageObject\",\"inLanguage\":\"fr-FR\",\"@id\":\"https:\\\/\\\/aigleshopping.ca\\\/#\\\/schema\\\/logo\\\/image\\\/\",\"url\":\"https:\\\/\\\/aigleshopping.ca\\\/wp-content\\\/uploads\\\/2025\\\/12\\\/logo_aigleshopping_ca.png\",\"contentUrl\":\"https:\\\/\\\/aigleshopping.ca\\\/wp-content\\\/uploads\\\/2025\\\/12\\\/logo_aigleshopping_ca.png\",\"width\":800,\"height\":233,\"caption\":\"Aigle Shopping Canada\"},\"image\":{\"@id\":\"https:\\\/\\\/aigleshopping.ca\\\/#\\\/schema\\\/logo\\\/image\\\/\"}}]}<\/script>\n<!-- \/ Yoast SEO plugin. -->","yoast_head_json":{"title":"Forever Focus - Aigle Shopping Canada","robots":{"index":"index","follow":"follow","max-snippet":"max-snippet:-1","max-image-preview":"max-image-preview:large","max-video-preview":"max-video-preview:-1"},"canonical":"https:\/\/aigleshopping.ca\/fr\/produit\/forever-focus\/","og_locale":"fr_FR","og_type":"article","og_title":"Forever Focus - Aigle Shopping Canada","og_description":"Forever Focus\u2122 associe le Cognizin\u00ae, une forme brevet\u00e9e de citicoline, \u00e0 des plantes traditionnelles, des vitamines B6 et B12 et du zinc. La Rhodiole soutient l'activit\u00e9 intellectuelle et le Brahmi aide \u00e0 accro\u00eetre la concentration.","og_url":"https:\/\/aigleshopping.ca\/fr\/produit\/forever-focus\/","og_site_name":"Aigle Shopping Canada","og_image":[{"width":800,"height":800,"url":"https:\/\/aigleshopping.ca\/wp-content\/uploads\/2025\/08\/forever-focus.png","type":"image\/png"}],"twitter_card":"summary_large_image","twitter_misc":{"Dur\u00e9e de lecture estim\u00e9e":"1 minute"},"schema":{"@context":"https:\/\/schema.org","@graph":[{"@type":"WebPage","@id":"https:\/\/aigleshopping.ca\/fr\/produit\/forever-focus\/","url":"https:\/\/aigleshopping.ca\/fr\/produit\/forever-focus\/","name":"Forever Focus - Aigle Shopping Canada","isPartOf":{"@id":"https:\/\/aigleshopping.ca\/#website"},"primaryImageOfPage":{"@id":"https:\/\/aigleshopping.ca\/fr\/produit\/forever-focus\/#primaryimage"},"image":{"@id":"https:\/\/aigleshopping.ca\/fr\/produit\/forever-focus\/#primaryimage"},"thumbnailUrl":"https:\/\/aigleshopping.ca\/wp-content\/uploads\/2025\/08\/forever-focus.png","datePublished":"2025-08-08T15:50:33+00:00","breadcrumb":{"@id":"https:\/\/aigleshopping.ca\/fr\/produit\/forever-focus\/#breadcrumb"},"inLanguage":"fr-FR","potentialAction":[{"@type":"ReadAction","target":["https:\/\/aigleshopping.ca\/fr\/produit\/forever-focus\/"]}]},{"@type":"ImageObject","inLanguage":"fr-FR","@id":"https:\/\/aigleshopping.ca\/fr\/produit\/forever-focus\/#primaryimage","url":"https:\/\/aigleshopping.ca\/wp-content\/uploads\/2025\/08\/forever-focus.png","contentUrl":"https:\/\/aigleshopping.ca\/wp-content\/uploads\/2025\/08\/forever-focus.png","width":800,"height":800},{"@type":"BreadcrumbList","@id":"https:\/\/aigleshopping.ca\/fr\/produit\/forever-focus\/#breadcrumb","itemListElement":[{"@type":"ListItem","position":1,"name":"Home","item":"https:\/\/aigleshopping.ca\/fr\/home\/"},{"@type":"ListItem","position":2,"name":"Products","item":"https:\/\/aigleshopping.ca\/shop\/"},{"@type":"ListItem","position":3,"name":"Forever Focus"}]},{"@type":"WebSite","@id":"https:\/\/aigleshopping.ca\/#website","url":"https:\/\/aigleshopping.ca\/","name":"Aigle Shopping Canada","description":"Au-del\u00e0 des fronti\u00e8res, pour vous offrir le\u00a0meilleur!","publisher":{"@id":"https:\/\/aigleshopping.ca\/#organization"},"potentialAction":[{"@type":"SearchAction","target":{"@type":"EntryPoint","urlTemplate":"https:\/\/aigleshopping.ca\/?s={search_term_string}"},"query-input":{"@type":"PropertyValueSpecification","valueRequired":true,"valueName":"search_term_string"}}],"inLanguage":"fr-FR"},{"@type":"Organization","@id":"https:\/\/aigleshopping.ca\/#organization","name":"Aigle Shopping Canada","url":"https:\/\/aigleshopping.ca\/","logo":{"@type":"ImageObject","inLanguage":"fr-FR","@id":"https:\/\/aigleshopping.ca\/#\/schema\/logo\/image\/","url":"https:\/\/aigleshopping.ca\/wp-content\/uploads\/2025\/12\/logo_aigleshopping_ca.png","contentUrl":"https:\/\/aigleshopping.ca\/wp-content\/uploads\/2025\/12\/logo_aigleshopping_ca.png","width":800,"height":233,"caption":"Aigle Shopping Canada"},"image":{"@id":"https:\/\/aigleshopping.ca\/#\/schema\/logo\/image\/"}}]}},"jetpack_sharing_enabled":true,"_links":{"self":[{"href":"https:\/\/aigleshopping.ca\/fr\/wp-json\/wp\/v2\/product\/33180","targetHints":{"allow":["GET"]}}],"collection":[{"href":"https:\/\/aigleshopping.ca\/fr\/wp-json\/wp\/v2\/product"}],"about":[{"href":"https:\/\/aigleshopping.ca\/fr\/wp-json\/wp\/v2\/types\/product"}],"replies":[{"embeddable":true,"href":"https:\/\/aigleshopping.ca\/fr\/wp-json\/wp\/v2\/comments?post=33180"}],"wp:featuredmedia":[{"embeddable":true,"href":"https:\/\/aigleshopping.ca\/fr\/wp-json\/wp\/v2\/media\/33185"}],"wp:attachment":[{"href":"https:\/\/aigleshopping.ca\/fr\/wp-json\/wp\/v2\/media?parent=33180"}],"wp:term":[{"taxonomy":"product_brand","embeddable":true,"href":"https:\/\/aigleshopping.ca\/fr\/wp-json\/wp\/v2\/product_brand?post=33180"},{"taxonomy":"product_cat","embeddable":true,"href":"https:\/\/aigleshopping.ca\/fr\/wp-json\/wp\/v2\/product_cat?post=33180"},{"taxonomy":"product_tag","embeddable":true,"href":"https:\/\/aigleshopping.ca\/fr\/wp-json\/wp\/v2\/product_tag?post=33180"}],"curies":[{"name":"wp","href":"https:\/\/api.w.org\/{rel}","templated":true}]}}