{"id":33206,"date":"2025-08-08T16:55:46","date_gmt":"2025-08-08T16:55:46","guid":{"rendered":"https:\/\/aigleshopping.ca\/?post_type=product&#038;p=33206"},"modified":"2025-08-12T13:19:10","modified_gmt":"2025-08-12T13:19:10","slug":"forever-supergreens","status":"publish","type":"product","link":"https:\/\/aigleshopping.ca\/fr\/produit\/forever-supergreens\/","title":{"rendered":"Forever Supergreens"},"content":{"rendered":"<p>Forever Supergreens\u2122 contient plus de 20 vari\u00e9t\u00e9s de fruits et l\u00e9gumes ainsi que de l&rsquo;Aloe Vera. La combinaison de vitamines C, E et de magn\u00e9sium soutient les performances de ton corps. M\u00e9lang\u00e9 \u00e0 de l&rsquo;eau ou \u00e0 une autre boisson, tu obtiendras un d\u00e9licieux superfood drink vert.<\/p>\n<p>&nbsp;<\/p>\n<p>Est-ce que tu t&rsquo;engages aussi \u00e0 manger tes cinq portions de fruits et l\u00e9gumes chaque jour? Et, tu n&rsquo;y r\u00e9ussis pas toujours? Alors, nous avons la solution pour toi: Forever Supergreens\u2122, notre alternative au smoothie vert. Il est riche en micronutriments et en super-aliments. Et, c&rsquo;est super rapide \u00e0 pr\u00e9parer, promis!<\/p>\n<p>&nbsp;<\/p>\n<p>FRUITS ET L\u00c9GUMES EN VERRE!<br \/>\nM\u00e9langer beaucoup de trucs verts au quotidien ne semble pas \u00eatre une alternative raisonnable? Nous avons la solution parfaite pour toi: Forever Supergreens\u2122. Notre compl\u00e9ment alimentaire contient plus de 20 fruits et l\u00e9gumes ainsi que de l&rsquo;Aloe Vera. Ton organisme re\u00e7oit tr\u00e8s rapidement un ensemble nutritif unique \u00e0 base de v\u00e9g\u00e9taux, tout simplement ing\u00e9nieux, n&rsquo;est-ce pas?<\/p>\n<p>SUPERFOOD POUR TOI<br \/>\nLes nutriments et antioxydants importants de Forever Supergreens\u2122 te gardent en forme dans la vie quotidienne. Il a \u00e9t\u00e9 prouv\u00e9 que la vitamine C et le magn\u00e9sium qu&rsquo;il contient aident \u00e0 r\u00e9duire la fatigue. La vitamine E aide \u00e0 prot\u00e9ger les cellules du stress oxydatif et \u00e0 \u00e9loigner les radicaux libres nocifs que le stress, l&rsquo;alcool et le tabac provoquent dans notre corps.<\/p>\n<p>BASIQUE ET PAUVRE EN CALORIES<br \/>\nL&rsquo;\u00e9quilibre acido-basique est \u00e9galement d\u00e9terminant pour ton bien-\u00eatre. Si tu manges souvent des aliments malsains, il en r\u00e9sultera un d\u00e9s\u00e9quilibre du pH. \u00c0 long terme, cela se r\u00e9percutera sur ta sant\u00e9. Forever Supergreens\u2122 contient des compos\u00e9s v\u00e9g\u00e9taux alcalinisants qui aident ton corps \u00e0 retrouver son \u00e9quilibre. De plus, notre superfood vert ne contient pas de mati\u00e8res grasses, aucun sucre ajout\u00e9 et seulement 13 calories par portion m\u00e9lang\u00e9es \u00e0 de l&rsquo;eau.<\/p>\n","protected":false},"excerpt":{"rendered":"<p>Forever Supergreens contient plus de 20 vari\u00e9t\u00e9s de fruits et l\u00e9gumes, de l&rsquo;Aloe vera, de la vitamine C et du magn\u00e9sium. Ce m\u00e9lange exclusif \u00e0 Forever, association de superfoods et antioxydants favorise le maintien des d\u00e9fenses naturelles, agit sur la r\u00e9cup\u00e9ration musculaire, bosste l&rsquo;\u00e9nergie et gr\u00e2ce \u00e0 la vitamine E, prot\u00e8ge les cellules.<\/p>\n","protected":false},"featured_media":33211,"comment_status":"open","ping_status":"closed","template":"","meta":{"content-type":""},"product_brand":[],"product_cat":[928],"product_tag":[],"class_list":{"0":"post-33206","1":"product","2":"type-product","3":"status-publish","4":"has-post-thumbnail","6":"product_cat-aigle-rajeunit","8":"first","9":"instock","10":"taxable","11":"shipping-taxable","12":"purchasable","13":"product-type-simple","14":"add-to-wishlist-after_add_to_cart"},"yoast_head":"<!-- This site is optimized with the Yoast SEO plugin v27.4 - https:\/\/yoast.com\/product\/yoast-seo-wordpress\/ -->\n<title>Forever Supergreens - Aigle Shopping Canada<\/title>\n<meta name=\"robots\" content=\"index, follow, max-snippet:-1, max-image-preview:large, max-video-preview:-1\" \/>\n<link rel=\"canonical\" href=\"https:\/\/aigleshopping.ca\/fr\/produit\/forever-supergreens\/\" \/>\n<meta property=\"og:locale\" content=\"fr_FR\" \/>\n<meta property=\"og:type\" content=\"article\" \/>\n<meta property=\"og:title\" content=\"Forever Supergreens - Aigle Shopping Canada\" \/>\n<meta property=\"og:description\" content=\"Forever Supergreens contient plus de 20 vari\u00e9t\u00e9s de fruits et l\u00e9gumes, de l&#039;Aloe vera, de la vitamine C et du magn\u00e9sium. Ce m\u00e9lange exclusif \u00e0 Forever, association de superfoods et antioxydants favorise le maintien des d\u00e9fenses naturelles, agit sur la r\u00e9cup\u00e9ration musculaire, bosste l&#039;\u00e9nergie et gr\u00e2ce \u00e0 la vitamine E, prot\u00e8ge les cellules.\" \/>\n<meta property=\"og:url\" content=\"https:\/\/aigleshopping.ca\/fr\/produit\/forever-supergreens\/\" \/>\n<meta property=\"og:site_name\" content=\"Aigle Shopping Canada\" \/>\n<meta property=\"article:modified_time\" content=\"2025-08-12T13:19:10+00:00\" \/>\n<meta property=\"og:image\" content=\"https:\/\/aigleshopping.ca\/wp-content\/uploads\/2025\/08\/forever-supergreens.png\" \/>\n\t<meta property=\"og:image:width\" content=\"800\" \/>\n\t<meta property=\"og:image:height\" content=\"800\" \/>\n\t<meta property=\"og:image:type\" content=\"image\/png\" \/>\n<meta name=\"twitter:card\" content=\"summary_large_image\" \/>\n<meta name=\"twitter:label1\" content=\"Dur\u00e9e de lecture estim\u00e9e\" \/>\n\t<meta name=\"twitter:data1\" content=\"2 minutes\" \/>\n<script type=\"application\/ld+json\" class=\"yoast-schema-graph\">{\"@context\":\"https:\\\/\\\/schema.org\",\"@graph\":[{\"@type\":\"WebPage\",\"@id\":\"https:\\\/\\\/aigleshopping.ca\\\/fr\\\/produit\\\/forever-supergreens\\\/\",\"url\":\"https:\\\/\\\/aigleshopping.ca\\\/fr\\\/produit\\\/forever-supergreens\\\/\",\"name\":\"Forever Supergreens - Aigle Shopping Canada\",\"isPartOf\":{\"@id\":\"https:\\\/\\\/aigleshopping.ca\\\/#website\"},\"primaryImageOfPage\":{\"@id\":\"https:\\\/\\\/aigleshopping.ca\\\/fr\\\/produit\\\/forever-supergreens\\\/#primaryimage\"},\"image\":{\"@id\":\"https:\\\/\\\/aigleshopping.ca\\\/fr\\\/produit\\\/forever-supergreens\\\/#primaryimage\"},\"thumbnailUrl\":\"https:\\\/\\\/aigleshopping.ca\\\/wp-content\\\/uploads\\\/2025\\\/08\\\/forever-supergreens.png\",\"datePublished\":\"2025-08-08T16:55:46+00:00\",\"dateModified\":\"2025-08-12T13:19:10+00:00\",\"breadcrumb\":{\"@id\":\"https:\\\/\\\/aigleshopping.ca\\\/fr\\\/produit\\\/forever-supergreens\\\/#breadcrumb\"},\"inLanguage\":\"fr-FR\",\"potentialAction\":[{\"@type\":\"ReadAction\",\"target\":[\"https:\\\/\\\/aigleshopping.ca\\\/fr\\\/produit\\\/forever-supergreens\\\/\"]}]},{\"@type\":\"ImageObject\",\"inLanguage\":\"fr-FR\",\"@id\":\"https:\\\/\\\/aigleshopping.ca\\\/fr\\\/produit\\\/forever-supergreens\\\/#primaryimage\",\"url\":\"https:\\\/\\\/aigleshopping.ca\\\/wp-content\\\/uploads\\\/2025\\\/08\\\/forever-supergreens.png\",\"contentUrl\":\"https:\\\/\\\/aigleshopping.ca\\\/wp-content\\\/uploads\\\/2025\\\/08\\\/forever-supergreens.png\",\"width\":800,\"height\":800},{\"@type\":\"BreadcrumbList\",\"@id\":\"https:\\\/\\\/aigleshopping.ca\\\/fr\\\/produit\\\/forever-supergreens\\\/#breadcrumb\",\"itemListElement\":[{\"@type\":\"ListItem\",\"position\":1,\"name\":\"Home\",\"item\":\"https:\\\/\\\/aigleshopping.ca\\\/fr\\\/home\\\/\"},{\"@type\":\"ListItem\",\"position\":2,\"name\":\"Products\",\"item\":\"https:\\\/\\\/aigleshopping.ca\\\/shop\\\/\"},{\"@type\":\"ListItem\",\"position\":3,\"name\":\"Forever Supergreens\"}]},{\"@type\":\"WebSite\",\"@id\":\"https:\\\/\\\/aigleshopping.ca\\\/#website\",\"url\":\"https:\\\/\\\/aigleshopping.ca\\\/\",\"name\":\"Aigle Shopping Canada\",\"description\":\"Au-del\u00e0 des fronti\u00e8res, pour vous offrir le\u00a0meilleur!\",\"publisher\":{\"@id\":\"https:\\\/\\\/aigleshopping.ca\\\/#organization\"},\"potentialAction\":[{\"@type\":\"SearchAction\",\"target\":{\"@type\":\"EntryPoint\",\"urlTemplate\":\"https:\\\/\\\/aigleshopping.ca\\\/?s={search_term_string}\"},\"query-input\":{\"@type\":\"PropertyValueSpecification\",\"valueRequired\":true,\"valueName\":\"search_term_string\"}}],\"inLanguage\":\"fr-FR\"},{\"@type\":\"Organization\",\"@id\":\"https:\\\/\\\/aigleshopping.ca\\\/#organization\",\"name\":\"Aigle Shopping Canada\",\"url\":\"https:\\\/\\\/aigleshopping.ca\\\/\",\"logo\":{\"@type\":\"ImageObject\",\"inLanguage\":\"fr-FR\",\"@id\":\"https:\\\/\\\/aigleshopping.ca\\\/#\\\/schema\\\/logo\\\/image\\\/\",\"url\":\"https:\\\/\\\/aigleshopping.ca\\\/wp-content\\\/uploads\\\/2025\\\/12\\\/logo_aigleshopping_ca.png\",\"contentUrl\":\"https:\\\/\\\/aigleshopping.ca\\\/wp-content\\\/uploads\\\/2025\\\/12\\\/logo_aigleshopping_ca.png\",\"width\":800,\"height\":233,\"caption\":\"Aigle Shopping Canada\"},\"image\":{\"@id\":\"https:\\\/\\\/aigleshopping.ca\\\/#\\\/schema\\\/logo\\\/image\\\/\"}}]}<\/script>\n<!-- \/ Yoast SEO plugin. -->","yoast_head_json":{"title":"Forever Supergreens - Aigle Shopping Canada","robots":{"index":"index","follow":"follow","max-snippet":"max-snippet:-1","max-image-preview":"max-image-preview:large","max-video-preview":"max-video-preview:-1"},"canonical":"https:\/\/aigleshopping.ca\/fr\/produit\/forever-supergreens\/","og_locale":"fr_FR","og_type":"article","og_title":"Forever Supergreens - Aigle Shopping Canada","og_description":"Forever Supergreens contient plus de 20 vari\u00e9t\u00e9s de fruits et l\u00e9gumes, de l'Aloe vera, de la vitamine C et du magn\u00e9sium. Ce m\u00e9lange exclusif \u00e0 Forever, association de superfoods et antioxydants favorise le maintien des d\u00e9fenses naturelles, agit sur la r\u00e9cup\u00e9ration musculaire, bosste l'\u00e9nergie et gr\u00e2ce \u00e0 la vitamine E, prot\u00e8ge les cellules.","og_url":"https:\/\/aigleshopping.ca\/fr\/produit\/forever-supergreens\/","og_site_name":"Aigle Shopping Canada","article_modified_time":"2025-08-12T13:19:10+00:00","og_image":[{"width":800,"height":800,"url":"https:\/\/aigleshopping.ca\/wp-content\/uploads\/2025\/08\/forever-supergreens.png","type":"image\/png"}],"twitter_card":"summary_large_image","twitter_misc":{"Dur\u00e9e de lecture estim\u00e9e":"2 minutes"},"schema":{"@context":"https:\/\/schema.org","@graph":[{"@type":"WebPage","@id":"https:\/\/aigleshopping.ca\/fr\/produit\/forever-supergreens\/","url":"https:\/\/aigleshopping.ca\/fr\/produit\/forever-supergreens\/","name":"Forever Supergreens - Aigle Shopping Canada","isPartOf":{"@id":"https:\/\/aigleshopping.ca\/#website"},"primaryImageOfPage":{"@id":"https:\/\/aigleshopping.ca\/fr\/produit\/forever-supergreens\/#primaryimage"},"image":{"@id":"https:\/\/aigleshopping.ca\/fr\/produit\/forever-supergreens\/#primaryimage"},"thumbnailUrl":"https:\/\/aigleshopping.ca\/wp-content\/uploads\/2025\/08\/forever-supergreens.png","datePublished":"2025-08-08T16:55:46+00:00","dateModified":"2025-08-12T13:19:10+00:00","breadcrumb":{"@id":"https:\/\/aigleshopping.ca\/fr\/produit\/forever-supergreens\/#breadcrumb"},"inLanguage":"fr-FR","potentialAction":[{"@type":"ReadAction","target":["https:\/\/aigleshopping.ca\/fr\/produit\/forever-supergreens\/"]}]},{"@type":"ImageObject","inLanguage":"fr-FR","@id":"https:\/\/aigleshopping.ca\/fr\/produit\/forever-supergreens\/#primaryimage","url":"https:\/\/aigleshopping.ca\/wp-content\/uploads\/2025\/08\/forever-supergreens.png","contentUrl":"https:\/\/aigleshopping.ca\/wp-content\/uploads\/2025\/08\/forever-supergreens.png","width":800,"height":800},{"@type":"BreadcrumbList","@id":"https:\/\/aigleshopping.ca\/fr\/produit\/forever-supergreens\/#breadcrumb","itemListElement":[{"@type":"ListItem","position":1,"name":"Home","item":"https:\/\/aigleshopping.ca\/fr\/home\/"},{"@type":"ListItem","position":2,"name":"Products","item":"https:\/\/aigleshopping.ca\/shop\/"},{"@type":"ListItem","position":3,"name":"Forever Supergreens"}]},{"@type":"WebSite","@id":"https:\/\/aigleshopping.ca\/#website","url":"https:\/\/aigleshopping.ca\/","name":"Aigle Shopping Canada","description":"Au-del\u00e0 des fronti\u00e8res, pour vous offrir le\u00a0meilleur!","publisher":{"@id":"https:\/\/aigleshopping.ca\/#organization"},"potentialAction":[{"@type":"SearchAction","target":{"@type":"EntryPoint","urlTemplate":"https:\/\/aigleshopping.ca\/?s={search_term_string}"},"query-input":{"@type":"PropertyValueSpecification","valueRequired":true,"valueName":"search_term_string"}}],"inLanguage":"fr-FR"},{"@type":"Organization","@id":"https:\/\/aigleshopping.ca\/#organization","name":"Aigle Shopping Canada","url":"https:\/\/aigleshopping.ca\/","logo":{"@type":"ImageObject","inLanguage":"fr-FR","@id":"https:\/\/aigleshopping.ca\/#\/schema\/logo\/image\/","url":"https:\/\/aigleshopping.ca\/wp-content\/uploads\/2025\/12\/logo_aigleshopping_ca.png","contentUrl":"https:\/\/aigleshopping.ca\/wp-content\/uploads\/2025\/12\/logo_aigleshopping_ca.png","width":800,"height":233,"caption":"Aigle Shopping Canada"},"image":{"@id":"https:\/\/aigleshopping.ca\/#\/schema\/logo\/image\/"}}]}},"jetpack_sharing_enabled":true,"_links":{"self":[{"href":"https:\/\/aigleshopping.ca\/fr\/wp-json\/wp\/v2\/product\/33206","targetHints":{"allow":["GET"]}}],"collection":[{"href":"https:\/\/aigleshopping.ca\/fr\/wp-json\/wp\/v2\/product"}],"about":[{"href":"https:\/\/aigleshopping.ca\/fr\/wp-json\/wp\/v2\/types\/product"}],"replies":[{"embeddable":true,"href":"https:\/\/aigleshopping.ca\/fr\/wp-json\/wp\/v2\/comments?post=33206"}],"wp:featuredmedia":[{"embeddable":true,"href":"https:\/\/aigleshopping.ca\/fr\/wp-json\/wp\/v2\/media\/33211"}],"wp:attachment":[{"href":"https:\/\/aigleshopping.ca\/fr\/wp-json\/wp\/v2\/media?parent=33206"}],"wp:term":[{"taxonomy":"product_brand","embeddable":true,"href":"https:\/\/aigleshopping.ca\/fr\/wp-json\/wp\/v2\/product_brand?post=33206"},{"taxonomy":"product_cat","embeddable":true,"href":"https:\/\/aigleshopping.ca\/fr\/wp-json\/wp\/v2\/product_cat?post=33206"},{"taxonomy":"product_tag","embeddable":true,"href":"https:\/\/aigleshopping.ca\/fr\/wp-json\/wp\/v2\/product_tag?post=33206"}],"curies":[{"name":"wp","href":"https:\/\/api.w.org\/{rel}","templated":true}]}}