{"id":33214,"date":"2025-08-08T17:02:00","date_gmt":"2025-08-08T17:02:00","guid":{"rendered":"https:\/\/aigleshopping.ca\/?post_type=product&#038;p=33214"},"modified":"2025-08-12T13:17:26","modified_gmt":"2025-08-12T13:17:26","slug":"33214","status":"publish","type":"product","link":"https:\/\/aigleshopping.ca\/fr\/produit\/33214\/","title":{"rendered":"Forever Aloeturm"},"content":{"rendered":"<p>Cette formule exclusive, enrichie en curcuma indien et en zinc, est sp\u00e9cialement con\u00e7ue pour soutenir votre sant\u00e9 immunitaire. Le curcuma, plante ancestrale de la m\u00e9decine ayurv\u00e9dique, est reconnu pour ses bienfaits depuis des mill\u00e9naires en Asie du Sud et du Sud-Est.<\/p>\n<p>Aujourd\u2019hui, le curcuma a des vertus sur les sph\u00e8res suivantes :<\/p>\n<ul>\n<li>Confort digestif et sant\u00e9 intestinale et h\u00e9patique : le curcuma contribue \u00e0 une meilleure digestion des graisses et aide \u00e0 soutenir une fonction h\u00e9patique normale.<\/li>\n<li>Sant\u00e9 articulaire et osseuse : il aide \u00e0 prot\u00e9ger les articulations et \u00e0 maintenir la leur flexibilit\u00e9. Il contribue \u00e9galement au maintien de la sant\u00e9 des articulations et des os.<\/li>\n<li>Sant\u00e9 cardiovasculaire : le curcuma favorise une circulation sanguine saine.<\/li>\n<li>Sant\u00e9 respiratoire : le curcuma aide \u00e0 maintenir la sant\u00e9 des poumons et des voies respiratoires.<\/li>\n<li>Sant\u00e9 de la peau : le curcuma aide \u00e0 garder la peau saine.<\/li>\n<\/ul>\n<p>Les bienfaits du curcuma proviennent principalement de la curcumine, un polyph\u00e9nol sp\u00e9cifique reconnu pour ses propri\u00e9t\u00e9s protectrices. Cependant, la curcumine est \u00e9galement connue pour sa fragilit\u00e9 et sa faible biodisponibilit\u00e9. Pour tirer pleinement parti des effets du curcuma, il est donc essentiel de choisir une formule contenant de la curcumine biodisponible.<\/p>\n<p>Gr\u00e2ce \u00e0 la technologie innovante de l&rsquo;hydrogel, Forever AloeTurm\u2122 surmonte cet obstacle. La pastille se dissout dans la bouche, permettant une absorption directe et rapide de la curcumine par l&rsquo;organisme.<\/p>\n<p>En plus du curcuma, elle contient \u00e9galement du zinc qui contribue au fonctionnement normal du syst\u00e8me immunitaire, \u00e0 la protection des cellules contre le stress oxydatif et \u00e0 une fonction cognitive normale.<\/p>\n<p>Forever AloeTurm\u2122 procure en plus une sensation apaisante en bouche avec son ar\u00f4me naturel de menthe. Cette formule pratique et efficace est la solution id\u00e9ale pour soutenir les d\u00e9fenses naturelles de votre corps au quotidient.<\/p>\n","protected":false},"excerpt":{"rendered":"<p>Tous les bienfaits du curcuma provenant d&rsquo;Inde et du zinc concentr\u00e9s dans une pastille hydrogel innovante \u00e0 la menthe qui fond dans la bouche, pour un bien-\u00eatre global au quotidien.<\/p>\n","protected":false},"featured_media":33395,"comment_status":"open","ping_status":"closed","template":"","meta":{"content-type":""},"product_brand":[],"product_cat":[928],"product_tag":[],"class_list":{"0":"post-33214","1":"product","2":"type-product","3":"status-publish","4":"has-post-thumbnail","6":"product_cat-aigle-rajeunit","8":"first","9":"instock","10":"taxable","11":"shipping-taxable","12":"purchasable","13":"product-type-simple","14":"add-to-wishlist-after_add_to_cart"},"yoast_head":"<!-- This site is optimized with the Yoast SEO plugin v27.4 - https:\/\/yoast.com\/product\/yoast-seo-wordpress\/ -->\n<title>Forever Aloeturm - Aigle Shopping Canada<\/title>\n<meta name=\"robots\" content=\"index, follow, max-snippet:-1, max-image-preview:large, max-video-preview:-1\" \/>\n<link rel=\"canonical\" href=\"https:\/\/aigleshopping.ca\/fr\/produit\/33214\/\" \/>\n<meta property=\"og:locale\" content=\"fr_FR\" \/>\n<meta property=\"og:type\" content=\"article\" \/>\n<meta property=\"og:title\" content=\"Forever Aloeturm - Aigle Shopping Canada\" \/>\n<meta property=\"og:description\" content=\"Tous les bienfaits du curcuma provenant d&#039;Inde et du zinc concentr\u00e9s dans une pastille hydrogel innovante \u00e0 la menthe qui fond dans la bouche, pour un bien-\u00eatre global au quotidien.\" \/>\n<meta property=\"og:url\" content=\"https:\/\/aigleshopping.ca\/fr\/produit\/33214\/\" \/>\n<meta property=\"og:site_name\" content=\"Aigle Shopping Canada\" \/>\n<meta property=\"article:modified_time\" content=\"2025-08-12T13:17:26+00:00\" \/>\n<meta property=\"og:image\" content=\"https:\/\/aigleshopping.ca\/wp-content\/uploads\/2025\/08\/frncopie.jpg\" \/>\n\t<meta property=\"og:image:width\" content=\"800\" \/>\n\t<meta property=\"og:image:height\" content=\"800\" \/>\n\t<meta property=\"og:image:type\" content=\"image\/jpeg\" \/>\n<meta name=\"twitter:card\" content=\"summary_large_image\" \/>\n<meta name=\"twitter:label1\" content=\"Dur\u00e9e de lecture estim\u00e9e\" \/>\n\t<meta name=\"twitter:data1\" content=\"1 minute\" \/>\n<script type=\"application\/ld+json\" class=\"yoast-schema-graph\">{\"@context\":\"https:\\\/\\\/schema.org\",\"@graph\":[{\"@type\":\"WebPage\",\"@id\":\"https:\\\/\\\/aigleshopping.ca\\\/fr\\\/produit\\\/33214\\\/\",\"url\":\"https:\\\/\\\/aigleshopping.ca\\\/fr\\\/produit\\\/33214\\\/\",\"name\":\"Forever Aloeturm - Aigle Shopping Canada\",\"isPartOf\":{\"@id\":\"https:\\\/\\\/aigleshopping.ca\\\/#website\"},\"primaryImageOfPage\":{\"@id\":\"https:\\\/\\\/aigleshopping.ca\\\/fr\\\/produit\\\/33214\\\/#primaryimage\"},\"image\":{\"@id\":\"https:\\\/\\\/aigleshopping.ca\\\/fr\\\/produit\\\/33214\\\/#primaryimage\"},\"thumbnailUrl\":\"https:\\\/\\\/aigleshopping.ca\\\/wp-content\\\/uploads\\\/2025\\\/08\\\/frncopie.jpg\",\"datePublished\":\"2025-08-08T17:02:00+00:00\",\"dateModified\":\"2025-08-12T13:17:26+00:00\",\"breadcrumb\":{\"@id\":\"https:\\\/\\\/aigleshopping.ca\\\/fr\\\/produit\\\/33214\\\/#breadcrumb\"},\"inLanguage\":\"fr-FR\",\"potentialAction\":[{\"@type\":\"ReadAction\",\"target\":[\"https:\\\/\\\/aigleshopping.ca\\\/fr\\\/produit\\\/33214\\\/\"]}]},{\"@type\":\"ImageObject\",\"inLanguage\":\"fr-FR\",\"@id\":\"https:\\\/\\\/aigleshopping.ca\\\/fr\\\/produit\\\/33214\\\/#primaryimage\",\"url\":\"https:\\\/\\\/aigleshopping.ca\\\/wp-content\\\/uploads\\\/2025\\\/08\\\/frncopie.jpg\",\"contentUrl\":\"https:\\\/\\\/aigleshopping.ca\\\/wp-content\\\/uploads\\\/2025\\\/08\\\/frncopie.jpg\",\"width\":800,\"height\":800},{\"@type\":\"BreadcrumbList\",\"@id\":\"https:\\\/\\\/aigleshopping.ca\\\/fr\\\/produit\\\/33214\\\/#breadcrumb\",\"itemListElement\":[{\"@type\":\"ListItem\",\"position\":1,\"name\":\"Home\",\"item\":\"https:\\\/\\\/aigleshopping.ca\\\/fr\\\/home\\\/\"},{\"@type\":\"ListItem\",\"position\":2,\"name\":\"Products\",\"item\":\"https:\\\/\\\/aigleshopping.ca\\\/shop\\\/\"},{\"@type\":\"ListItem\",\"position\":3,\"name\":\"Forever Aloeturm\"}]},{\"@type\":\"WebSite\",\"@id\":\"https:\\\/\\\/aigleshopping.ca\\\/#website\",\"url\":\"https:\\\/\\\/aigleshopping.ca\\\/\",\"name\":\"Aigle Shopping Canada\",\"description\":\"Au-del\u00e0 des fronti\u00e8res, pour vous offrir le\u00a0meilleur!\",\"publisher\":{\"@id\":\"https:\\\/\\\/aigleshopping.ca\\\/#organization\"},\"potentialAction\":[{\"@type\":\"SearchAction\",\"target\":{\"@type\":\"EntryPoint\",\"urlTemplate\":\"https:\\\/\\\/aigleshopping.ca\\\/?s={search_term_string}\"},\"query-input\":{\"@type\":\"PropertyValueSpecification\",\"valueRequired\":true,\"valueName\":\"search_term_string\"}}],\"inLanguage\":\"fr-FR\"},{\"@type\":\"Organization\",\"@id\":\"https:\\\/\\\/aigleshopping.ca\\\/#organization\",\"name\":\"Aigle Shopping Canada\",\"url\":\"https:\\\/\\\/aigleshopping.ca\\\/\",\"logo\":{\"@type\":\"ImageObject\",\"inLanguage\":\"fr-FR\",\"@id\":\"https:\\\/\\\/aigleshopping.ca\\\/#\\\/schema\\\/logo\\\/image\\\/\",\"url\":\"https:\\\/\\\/aigleshopping.ca\\\/wp-content\\\/uploads\\\/2025\\\/12\\\/logo_aigleshopping_ca.png\",\"contentUrl\":\"https:\\\/\\\/aigleshopping.ca\\\/wp-content\\\/uploads\\\/2025\\\/12\\\/logo_aigleshopping_ca.png\",\"width\":800,\"height\":233,\"caption\":\"Aigle Shopping Canada\"},\"image\":{\"@id\":\"https:\\\/\\\/aigleshopping.ca\\\/#\\\/schema\\\/logo\\\/image\\\/\"}}]}<\/script>\n<!-- \/ Yoast SEO plugin. -->","yoast_head_json":{"title":"Forever Aloeturm - Aigle Shopping Canada","robots":{"index":"index","follow":"follow","max-snippet":"max-snippet:-1","max-image-preview":"max-image-preview:large","max-video-preview":"max-video-preview:-1"},"canonical":"https:\/\/aigleshopping.ca\/fr\/produit\/33214\/","og_locale":"fr_FR","og_type":"article","og_title":"Forever Aloeturm - Aigle Shopping Canada","og_description":"Tous les bienfaits du curcuma provenant d'Inde et du zinc concentr\u00e9s dans une pastille hydrogel innovante \u00e0 la menthe qui fond dans la bouche, pour un bien-\u00eatre global au quotidien.","og_url":"https:\/\/aigleshopping.ca\/fr\/produit\/33214\/","og_site_name":"Aigle Shopping Canada","article_modified_time":"2025-08-12T13:17:26+00:00","og_image":[{"width":800,"height":800,"url":"https:\/\/aigleshopping.ca\/wp-content\/uploads\/2025\/08\/frncopie.jpg","type":"image\/jpeg"}],"twitter_card":"summary_large_image","twitter_misc":{"Dur\u00e9e de lecture estim\u00e9e":"1 minute"},"schema":{"@context":"https:\/\/schema.org","@graph":[{"@type":"WebPage","@id":"https:\/\/aigleshopping.ca\/fr\/produit\/33214\/","url":"https:\/\/aigleshopping.ca\/fr\/produit\/33214\/","name":"Forever Aloeturm - Aigle Shopping Canada","isPartOf":{"@id":"https:\/\/aigleshopping.ca\/#website"},"primaryImageOfPage":{"@id":"https:\/\/aigleshopping.ca\/fr\/produit\/33214\/#primaryimage"},"image":{"@id":"https:\/\/aigleshopping.ca\/fr\/produit\/33214\/#primaryimage"},"thumbnailUrl":"https:\/\/aigleshopping.ca\/wp-content\/uploads\/2025\/08\/frncopie.jpg","datePublished":"2025-08-08T17:02:00+00:00","dateModified":"2025-08-12T13:17:26+00:00","breadcrumb":{"@id":"https:\/\/aigleshopping.ca\/fr\/produit\/33214\/#breadcrumb"},"inLanguage":"fr-FR","potentialAction":[{"@type":"ReadAction","target":["https:\/\/aigleshopping.ca\/fr\/produit\/33214\/"]}]},{"@type":"ImageObject","inLanguage":"fr-FR","@id":"https:\/\/aigleshopping.ca\/fr\/produit\/33214\/#primaryimage","url":"https:\/\/aigleshopping.ca\/wp-content\/uploads\/2025\/08\/frncopie.jpg","contentUrl":"https:\/\/aigleshopping.ca\/wp-content\/uploads\/2025\/08\/frncopie.jpg","width":800,"height":800},{"@type":"BreadcrumbList","@id":"https:\/\/aigleshopping.ca\/fr\/produit\/33214\/#breadcrumb","itemListElement":[{"@type":"ListItem","position":1,"name":"Home","item":"https:\/\/aigleshopping.ca\/fr\/home\/"},{"@type":"ListItem","position":2,"name":"Products","item":"https:\/\/aigleshopping.ca\/shop\/"},{"@type":"ListItem","position":3,"name":"Forever Aloeturm"}]},{"@type":"WebSite","@id":"https:\/\/aigleshopping.ca\/#website","url":"https:\/\/aigleshopping.ca\/","name":"Aigle Shopping Canada","description":"Au-del\u00e0 des fronti\u00e8res, pour vous offrir le\u00a0meilleur!","publisher":{"@id":"https:\/\/aigleshopping.ca\/#organization"},"potentialAction":[{"@type":"SearchAction","target":{"@type":"EntryPoint","urlTemplate":"https:\/\/aigleshopping.ca\/?s={search_term_string}"},"query-input":{"@type":"PropertyValueSpecification","valueRequired":true,"valueName":"search_term_string"}}],"inLanguage":"fr-FR"},{"@type":"Organization","@id":"https:\/\/aigleshopping.ca\/#organization","name":"Aigle Shopping Canada","url":"https:\/\/aigleshopping.ca\/","logo":{"@type":"ImageObject","inLanguage":"fr-FR","@id":"https:\/\/aigleshopping.ca\/#\/schema\/logo\/image\/","url":"https:\/\/aigleshopping.ca\/wp-content\/uploads\/2025\/12\/logo_aigleshopping_ca.png","contentUrl":"https:\/\/aigleshopping.ca\/wp-content\/uploads\/2025\/12\/logo_aigleshopping_ca.png","width":800,"height":233,"caption":"Aigle Shopping Canada"},"image":{"@id":"https:\/\/aigleshopping.ca\/#\/schema\/logo\/image\/"}}]}},"jetpack_sharing_enabled":true,"_links":{"self":[{"href":"https:\/\/aigleshopping.ca\/fr\/wp-json\/wp\/v2\/product\/33214","targetHints":{"allow":["GET"]}}],"collection":[{"href":"https:\/\/aigleshopping.ca\/fr\/wp-json\/wp\/v2\/product"}],"about":[{"href":"https:\/\/aigleshopping.ca\/fr\/wp-json\/wp\/v2\/types\/product"}],"replies":[{"embeddable":true,"href":"https:\/\/aigleshopping.ca\/fr\/wp-json\/wp\/v2\/comments?post=33214"}],"wp:featuredmedia":[{"embeddable":true,"href":"https:\/\/aigleshopping.ca\/fr\/wp-json\/wp\/v2\/media\/33395"}],"wp:attachment":[{"href":"https:\/\/aigleshopping.ca\/fr\/wp-json\/wp\/v2\/media?parent=33214"}],"wp:term":[{"taxonomy":"product_brand","embeddable":true,"href":"https:\/\/aigleshopping.ca\/fr\/wp-json\/wp\/v2\/product_brand?post=33214"},{"taxonomy":"product_cat","embeddable":true,"href":"https:\/\/aigleshopping.ca\/fr\/wp-json\/wp\/v2\/product_cat?post=33214"},{"taxonomy":"product_tag","embeddable":true,"href":"https:\/\/aigleshopping.ca\/fr\/wp-json\/wp\/v2\/product_tag?post=33214"}],"curies":[{"name":"wp","href":"https:\/\/api.w.org\/{rel}","templated":true}]}}