{"id":33238,"date":"2025-08-09T13:23:45","date_gmt":"2025-08-09T13:23:45","guid":{"rendered":"https:\/\/aigleshopping.ca\/?post_type=product&#038;p=33238"},"modified":"2025-08-12T12:56:45","modified_gmt":"2025-08-12T12:56:45","slug":"forever-calcium","status":"publish","type":"product","link":"https:\/\/aigleshopping.ca\/fr\/produit\/forever-calcium\/","title":{"rendered":"Forever Calcium"},"content":{"rendered":"<p>Forever Calcium\u2122 apporte la dose quotidienne de calcium dont le corps a besoin. Ce compl\u00e9ment alimentaire contient du calcium, du magn\u00e9sium et de la vitamine D qui contribuent au maintien d\u2019une ossature normale. Cette alliance contribue \u00e9galement au maintien d&rsquo;une fonction musculaire normale. La vitamine C contribue \u00e0 la formation du collag\u00e8ne pour assurer la fonction normale des cartilages.<\/p>\n<p>Le<strong>\u00a0Mangan\u00e8se<\/strong>\u00a0est un oligo-\u00e9l\u00e9ment indispensable pour l\u2019homme. Il doit \u00eatre apport\u00e9 par l\u2019alimentation en quantit\u00e9 suffisante car le corps ne le synth\u00e9tise pas. Le mangan\u00e8se contribue \u00e0 la formation de tissus conjonctifs et au maintien d\u2019une ossature normale.<\/p>\n<p>Le<strong>\u00a0Cuivre<\/strong>\u00a0est un oligo-\u00e9l\u00e9ment n\u00e9cessaire \u00e0 l\u2019organisme. Il se situe dans le foie, les muscles et les os. Il contribue au maintien des tissus conjonctifs normaux.<\/p>\n<p>Le<strong>\u00a0Zinc\u00a0<\/strong>est un oligo-\u00e9l\u00e9ment essentiel qu\u2019on trouve \u00e0 l\u2019\u00e9tat de traces majoritairement dans les muscles et les os du corps humain et \u00e9galement dans les cellules, la peau, le cerveau et le pancr\u00e9as. Les aliments riches en zinc sont les viandes, les l\u00e9gumineuses et surtout les c\u00e9r\u00e9ales enti\u00e8res. Le zinc contribue \u00e0 une synth\u00e8se prot\u00e9ique ainsi qu\u2019au maintien d\u2019une ossature normales.<\/p>\n<p>La<strong>\u00a0Vitamine C<\/strong>\u00a0est une vitamine hydrosoluble (soluble dans l\u2019eau) qui est tr\u00e8s r\u00e9put\u00e9e pour ses nombreuses actions. Elle participe \u00e0 des centaines de processus. Le corps ne sait pas la synth\u00e9tiser, il est donc n\u00e9cessaire d\u2019en apporter par l\u2019alimentation. Ce sont les fruits et l\u00e9gumes color\u00e9s tels que les oranges, les citrons, les poivrons rouges, ou encore la framboise qui en contiennent le plus. La vitamine C contribue \u00e0 la formation normale de collag\u00e8ne pour assurer la fonction normale des os et des cartilages.<\/p>\n","protected":false},"excerpt":{"rendered":"<p>Forever Calcium\u2122 contient des vitamines C et D ainsi que des min\u00e9raux (calcium, magn\u00e9sium, mangan\u00e8se,\u00a0zinc, cuivre) pour contribuer au maintien d\u2019une ossature, d\u2019une fonction musculaire et articulaire normale.<\/p>\n","protected":false},"featured_media":33389,"comment_status":"open","ping_status":"closed","template":"","meta":{"content-type":""},"product_brand":[],"product_cat":[928],"product_tag":[],"class_list":{"0":"post-33238","1":"product","2":"type-product","3":"status-publish","4":"has-post-thumbnail","6":"product_cat-aigle-rajeunit","8":"first","9":"instock","10":"taxable","11":"shipping-taxable","12":"purchasable","13":"product-type-simple","14":"add-to-wishlist-after_add_to_cart"},"yoast_head":"<!-- This site is optimized with the Yoast SEO plugin v27.4 - https:\/\/yoast.com\/product\/yoast-seo-wordpress\/ -->\n<title>Forever Calcium - Aigle Shopping Canada<\/title>\n<meta name=\"robots\" content=\"index, follow, max-snippet:-1, max-image-preview:large, max-video-preview:-1\" \/>\n<link rel=\"canonical\" href=\"https:\/\/aigleshopping.ca\/fr\/produit\/forever-calcium\/\" \/>\n<meta property=\"og:locale\" content=\"fr_FR\" \/>\n<meta property=\"og:type\" content=\"article\" \/>\n<meta property=\"og:title\" content=\"Forever Calcium - Aigle Shopping Canada\" \/>\n<meta property=\"og:description\" content=\"Forever Calcium\u2122 contient des vitamines C et D ainsi que des min\u00e9raux (calcium, magn\u00e9sium, mangan\u00e8se,\u00a0zinc, cuivre) pour contribuer au maintien d\u2019une ossature, d\u2019une fonction musculaire et articulaire normale.\" \/>\n<meta property=\"og:url\" content=\"https:\/\/aigleshopping.ca\/fr\/produit\/forever-calcium\/\" \/>\n<meta property=\"og:site_name\" content=\"Aigle Shopping Canada\" \/>\n<meta property=\"article:modified_time\" content=\"2025-08-12T12:56:45+00:00\" \/>\n<meta property=\"og:image\" content=\"https:\/\/aigleshopping.ca\/wp-content\/uploads\/2025\/08\/7b0f044ff1cff327509b92798f6fc4ad-copie-4.jpg\" \/>\n\t<meta property=\"og:image:width\" content=\"800\" \/>\n\t<meta property=\"og:image:height\" content=\"800\" \/>\n\t<meta property=\"og:image:type\" content=\"image\/jpeg\" \/>\n<meta name=\"twitter:card\" content=\"summary_large_image\" \/>\n<meta name=\"twitter:label1\" content=\"Dur\u00e9e de lecture estim\u00e9e\" \/>\n\t<meta name=\"twitter:data1\" content=\"2 minutes\" \/>\n<script type=\"application\/ld+json\" class=\"yoast-schema-graph\">{\"@context\":\"https:\\\/\\\/schema.org\",\"@graph\":[{\"@type\":\"WebPage\",\"@id\":\"https:\\\/\\\/aigleshopping.ca\\\/fr\\\/produit\\\/forever-calcium\\\/\",\"url\":\"https:\\\/\\\/aigleshopping.ca\\\/fr\\\/produit\\\/forever-calcium\\\/\",\"name\":\"Forever Calcium - Aigle Shopping Canada\",\"isPartOf\":{\"@id\":\"https:\\\/\\\/aigleshopping.ca\\\/#website\"},\"primaryImageOfPage\":{\"@id\":\"https:\\\/\\\/aigleshopping.ca\\\/fr\\\/produit\\\/forever-calcium\\\/#primaryimage\"},\"image\":{\"@id\":\"https:\\\/\\\/aigleshopping.ca\\\/fr\\\/produit\\\/forever-calcium\\\/#primaryimage\"},\"thumbnailUrl\":\"https:\\\/\\\/aigleshopping.ca\\\/wp-content\\\/uploads\\\/2025\\\/08\\\/7b0f044ff1cff327509b92798f6fc4ad-copie-4.jpg\",\"datePublished\":\"2025-08-09T13:23:45+00:00\",\"dateModified\":\"2025-08-12T12:56:45+00:00\",\"breadcrumb\":{\"@id\":\"https:\\\/\\\/aigleshopping.ca\\\/fr\\\/produit\\\/forever-calcium\\\/#breadcrumb\"},\"inLanguage\":\"fr-FR\",\"potentialAction\":[{\"@type\":\"ReadAction\",\"target\":[\"https:\\\/\\\/aigleshopping.ca\\\/fr\\\/produit\\\/forever-calcium\\\/\"]}]},{\"@type\":\"ImageObject\",\"inLanguage\":\"fr-FR\",\"@id\":\"https:\\\/\\\/aigleshopping.ca\\\/fr\\\/produit\\\/forever-calcium\\\/#primaryimage\",\"url\":\"https:\\\/\\\/aigleshopping.ca\\\/wp-content\\\/uploads\\\/2025\\\/08\\\/7b0f044ff1cff327509b92798f6fc4ad-copie-4.jpg\",\"contentUrl\":\"https:\\\/\\\/aigleshopping.ca\\\/wp-content\\\/uploads\\\/2025\\\/08\\\/7b0f044ff1cff327509b92798f6fc4ad-copie-4.jpg\",\"width\":800,\"height\":800},{\"@type\":\"BreadcrumbList\",\"@id\":\"https:\\\/\\\/aigleshopping.ca\\\/fr\\\/produit\\\/forever-calcium\\\/#breadcrumb\",\"itemListElement\":[{\"@type\":\"ListItem\",\"position\":1,\"name\":\"Home\",\"item\":\"https:\\\/\\\/aigleshopping.ca\\\/fr\\\/home\\\/\"},{\"@type\":\"ListItem\",\"position\":2,\"name\":\"Products\",\"item\":\"https:\\\/\\\/aigleshopping.ca\\\/shop\\\/\"},{\"@type\":\"ListItem\",\"position\":3,\"name\":\"Forever Calcium\"}]},{\"@type\":\"WebSite\",\"@id\":\"https:\\\/\\\/aigleshopping.ca\\\/#website\",\"url\":\"https:\\\/\\\/aigleshopping.ca\\\/\",\"name\":\"Aigle Shopping Canada\",\"description\":\"Au-del\u00e0 des fronti\u00e8res, pour vous offrir le\u00a0meilleur!\",\"publisher\":{\"@id\":\"https:\\\/\\\/aigleshopping.ca\\\/#organization\"},\"potentialAction\":[{\"@type\":\"SearchAction\",\"target\":{\"@type\":\"EntryPoint\",\"urlTemplate\":\"https:\\\/\\\/aigleshopping.ca\\\/?s={search_term_string}\"},\"query-input\":{\"@type\":\"PropertyValueSpecification\",\"valueRequired\":true,\"valueName\":\"search_term_string\"}}],\"inLanguage\":\"fr-FR\"},{\"@type\":\"Organization\",\"@id\":\"https:\\\/\\\/aigleshopping.ca\\\/#organization\",\"name\":\"Aigle Shopping Canada\",\"url\":\"https:\\\/\\\/aigleshopping.ca\\\/\",\"logo\":{\"@type\":\"ImageObject\",\"inLanguage\":\"fr-FR\",\"@id\":\"https:\\\/\\\/aigleshopping.ca\\\/#\\\/schema\\\/logo\\\/image\\\/\",\"url\":\"https:\\\/\\\/aigleshopping.ca\\\/wp-content\\\/uploads\\\/2025\\\/12\\\/logo_aigleshopping_ca.png\",\"contentUrl\":\"https:\\\/\\\/aigleshopping.ca\\\/wp-content\\\/uploads\\\/2025\\\/12\\\/logo_aigleshopping_ca.png\",\"width\":800,\"height\":233,\"caption\":\"Aigle Shopping Canada\"},\"image\":{\"@id\":\"https:\\\/\\\/aigleshopping.ca\\\/#\\\/schema\\\/logo\\\/image\\\/\"}}]}<\/script>\n<!-- \/ Yoast SEO plugin. -->","yoast_head_json":{"title":"Forever Calcium - Aigle Shopping Canada","robots":{"index":"index","follow":"follow","max-snippet":"max-snippet:-1","max-image-preview":"max-image-preview:large","max-video-preview":"max-video-preview:-1"},"canonical":"https:\/\/aigleshopping.ca\/fr\/produit\/forever-calcium\/","og_locale":"fr_FR","og_type":"article","og_title":"Forever Calcium - Aigle Shopping Canada","og_description":"Forever Calcium\u2122 contient des vitamines C et D ainsi que des min\u00e9raux (calcium, magn\u00e9sium, mangan\u00e8se,\u00a0zinc, cuivre) pour contribuer au maintien d\u2019une ossature, d\u2019une fonction musculaire et articulaire normale.","og_url":"https:\/\/aigleshopping.ca\/fr\/produit\/forever-calcium\/","og_site_name":"Aigle Shopping Canada","article_modified_time":"2025-08-12T12:56:45+00:00","og_image":[{"width":800,"height":800,"url":"https:\/\/aigleshopping.ca\/wp-content\/uploads\/2025\/08\/7b0f044ff1cff327509b92798f6fc4ad-copie-4.jpg","type":"image\/jpeg"}],"twitter_card":"summary_large_image","twitter_misc":{"Dur\u00e9e de lecture estim\u00e9e":"2 minutes"},"schema":{"@context":"https:\/\/schema.org","@graph":[{"@type":"WebPage","@id":"https:\/\/aigleshopping.ca\/fr\/produit\/forever-calcium\/","url":"https:\/\/aigleshopping.ca\/fr\/produit\/forever-calcium\/","name":"Forever Calcium - Aigle Shopping Canada","isPartOf":{"@id":"https:\/\/aigleshopping.ca\/#website"},"primaryImageOfPage":{"@id":"https:\/\/aigleshopping.ca\/fr\/produit\/forever-calcium\/#primaryimage"},"image":{"@id":"https:\/\/aigleshopping.ca\/fr\/produit\/forever-calcium\/#primaryimage"},"thumbnailUrl":"https:\/\/aigleshopping.ca\/wp-content\/uploads\/2025\/08\/7b0f044ff1cff327509b92798f6fc4ad-copie-4.jpg","datePublished":"2025-08-09T13:23:45+00:00","dateModified":"2025-08-12T12:56:45+00:00","breadcrumb":{"@id":"https:\/\/aigleshopping.ca\/fr\/produit\/forever-calcium\/#breadcrumb"},"inLanguage":"fr-FR","potentialAction":[{"@type":"ReadAction","target":["https:\/\/aigleshopping.ca\/fr\/produit\/forever-calcium\/"]}]},{"@type":"ImageObject","inLanguage":"fr-FR","@id":"https:\/\/aigleshopping.ca\/fr\/produit\/forever-calcium\/#primaryimage","url":"https:\/\/aigleshopping.ca\/wp-content\/uploads\/2025\/08\/7b0f044ff1cff327509b92798f6fc4ad-copie-4.jpg","contentUrl":"https:\/\/aigleshopping.ca\/wp-content\/uploads\/2025\/08\/7b0f044ff1cff327509b92798f6fc4ad-copie-4.jpg","width":800,"height":800},{"@type":"BreadcrumbList","@id":"https:\/\/aigleshopping.ca\/fr\/produit\/forever-calcium\/#breadcrumb","itemListElement":[{"@type":"ListItem","position":1,"name":"Home","item":"https:\/\/aigleshopping.ca\/fr\/home\/"},{"@type":"ListItem","position":2,"name":"Products","item":"https:\/\/aigleshopping.ca\/shop\/"},{"@type":"ListItem","position":3,"name":"Forever Calcium"}]},{"@type":"WebSite","@id":"https:\/\/aigleshopping.ca\/#website","url":"https:\/\/aigleshopping.ca\/","name":"Aigle Shopping Canada","description":"Au-del\u00e0 des fronti\u00e8res, pour vous offrir le\u00a0meilleur!","publisher":{"@id":"https:\/\/aigleshopping.ca\/#organization"},"potentialAction":[{"@type":"SearchAction","target":{"@type":"EntryPoint","urlTemplate":"https:\/\/aigleshopping.ca\/?s={search_term_string}"},"query-input":{"@type":"PropertyValueSpecification","valueRequired":true,"valueName":"search_term_string"}}],"inLanguage":"fr-FR"},{"@type":"Organization","@id":"https:\/\/aigleshopping.ca\/#organization","name":"Aigle Shopping Canada","url":"https:\/\/aigleshopping.ca\/","logo":{"@type":"ImageObject","inLanguage":"fr-FR","@id":"https:\/\/aigleshopping.ca\/#\/schema\/logo\/image\/","url":"https:\/\/aigleshopping.ca\/wp-content\/uploads\/2025\/12\/logo_aigleshopping_ca.png","contentUrl":"https:\/\/aigleshopping.ca\/wp-content\/uploads\/2025\/12\/logo_aigleshopping_ca.png","width":800,"height":233,"caption":"Aigle Shopping Canada"},"image":{"@id":"https:\/\/aigleshopping.ca\/#\/schema\/logo\/image\/"}}]}},"jetpack_sharing_enabled":true,"_links":{"self":[{"href":"https:\/\/aigleshopping.ca\/fr\/wp-json\/wp\/v2\/product\/33238","targetHints":{"allow":["GET"]}}],"collection":[{"href":"https:\/\/aigleshopping.ca\/fr\/wp-json\/wp\/v2\/product"}],"about":[{"href":"https:\/\/aigleshopping.ca\/fr\/wp-json\/wp\/v2\/types\/product"}],"replies":[{"embeddable":true,"href":"https:\/\/aigleshopping.ca\/fr\/wp-json\/wp\/v2\/comments?post=33238"}],"wp:featuredmedia":[{"embeddable":true,"href":"https:\/\/aigleshopping.ca\/fr\/wp-json\/wp\/v2\/media\/33389"}],"wp:attachment":[{"href":"https:\/\/aigleshopping.ca\/fr\/wp-json\/wp\/v2\/media?parent=33238"}],"wp:term":[{"taxonomy":"product_brand","embeddable":true,"href":"https:\/\/aigleshopping.ca\/fr\/wp-json\/wp\/v2\/product_brand?post=33238"},{"taxonomy":"product_cat","embeddable":true,"href":"https:\/\/aigleshopping.ca\/fr\/wp-json\/wp\/v2\/product_cat?post=33238"},{"taxonomy":"product_tag","embeddable":true,"href":"https:\/\/aigleshopping.ca\/fr\/wp-json\/wp\/v2\/product_tag?post=33238"}],"curies":[{"name":"wp","href":"https:\/\/api.w.org\/{rel}","templated":true}]}}