{"id":33254,"date":"2025-03-06T23:53:24","date_gmt":"2025-03-06T23:53:24","guid":{"rendered":"https:\/\/aigleshopping.ca\/produit\/microphone-pour-casque-de-jeu-dordinateur\/"},"modified":"2025-03-06T23:53:24","modified_gmt":"2025-03-06T23:53:24","slug":"microphone-pour-casque-de-jeu-dordinateur","status":"publish","type":"product","link":"https:\/\/aigleshopping.ca\/fr\/produit\/microphone-pour-casque-de-jeu-dordinateur\/","title":{"rendered":"Microphone pour casque de jeu d&rsquo;ordinateur"},"content":{"rendered":"<p>Casque de jeu<\/p>\n<p>  Disques am\u00e9lior\u00e9s avec d&rsquo;excellentes performances <br \/> Les disques de cette s\u00e9rie de casques pour les joueurs d&rsquo;esports ont \u00e9t\u00e9 sp\u00e9cialement optimis\u00e9s. Par rapport aux disques ordinaires du casque, le X7 a am\u00e9lior\u00e9 les performances des basses fr\u00e9quences, ce qui rendra le champ sonore plus ouvert pendant le jeu, et offrira d&rsquo;excellentes performances dans les effets audio et visuels.  <\/p>\n<p>  Une protection accrue dans les moindres d\u00e9tails <br \/> La double prise jack 3,5 mm a \u00e9t\u00e9 doublement envelopp\u00e9e. L&rsquo;avantage d&rsquo;ajouter une couche de protection suppl\u00e9mentaire sur la prise jack est d&rsquo;\u00e9viter de la tordre ou de la casser lorsque vous la branchez et la retirez constamment.  <\/p>\n<p>  Microphone \u00e0 condensateur omnidirectionnel <br \/> Le microphone peut saisir chaque d\u00e9tail avec pr\u00e9cision lors de la collecte des sons, car le microphone \u00e0 condensateur omnidirectionnel est tr\u00e8s sensible et sa r\u00e9ponse en fr\u00e9quence est tr\u00e8s large. (Remarque : veuillez v\u00e9rifier le volume d&rsquo;entr\u00e9e du microphone dans les param\u00e8tres de votre appareil en cas de probl\u00e8me de collecte de sons peu clairs du microphone).  <\/p>\n<p>&nbsp;<\/p>\n<p>  Sp\u00e9cification : <br \/> Diam\u00e8tre du silencieux : \u00d840mm <br \/> Gamme de fr\u00e9quence : 20~20,000Hz <br \/> Sensibilit\u00e9 : 92\u00b1 3dB \u00e0 1,000Hz <br \/> Imp\u00e9dance : 32 \u03a9 \u00e0 1 000 Hz <br \/> Puissance d&rsquo;entr\u00e9e maximale : 15 mW <br \/> Longueur du cordon : 2,4 m\u00e8tres <br \/> Fiche : 3,5 mm  <\/p>\n","protected":false},"excerpt":{"rendered":"<p>Casque de jeu Disques am\u00e9lior\u00e9s avec d&rsquo;excellentes performances Les disques de cette s\u00e9rie de casques pour les joueurs d&rsquo;esports ont \u00e9t\u00e9 sp\u00e9cialement optimis\u00e9s. Par rapport aux disques ordinaires du casque, le X7 a am\u00e9lior\u00e9 les performances des basses fr\u00e9quences, ce qui rendra le champ sonore plus ouvert pendant le jeu, et offrira d&rsquo;excellentes performances dans [&hellip;]<\/p>\n","protected":false},"featured_media":11386,"comment_status":"open","ping_status":"closed","template":"","meta":{"content-type":""},"product_brand":[],"product_cat":[753],"product_tag":[],"class_list":{"0":"post-33254","1":"product","2":"type-product","3":"status-publish","4":"has-post-thumbnail","6":"product_cat-casques-decoute","8":"first","9":"instock","10":"taxable","11":"shipping-taxable","12":"purchasable","13":"product-type-variable","14":"add-to-wishlist-after_add_to_cart"},"yoast_head":"<!-- This site is optimized with the Yoast SEO plugin v27.3 - https:\/\/yoast.com\/product\/yoast-seo-wordpress\/ -->\n<title>Microphone pour casque de jeu d&#039;ordinateur - Aigle Shopping Canada<\/title>\n<meta name=\"robots\" content=\"index, follow, max-snippet:-1, max-image-preview:large, max-video-preview:-1\" \/>\n<link rel=\"canonical\" href=\"https:\/\/aigleshopping.ca\/fr\/produit\/microphone-pour-casque-de-jeu-dordinateur\/\" \/>\n<meta property=\"og:locale\" content=\"fr_FR\" \/>\n<meta property=\"og:type\" content=\"article\" \/>\n<meta property=\"og:title\" content=\"Microphone pour casque de jeu d&#039;ordinateur - Aigle Shopping Canada\" \/>\n<meta property=\"og:description\" content=\"Casque de jeu Disques am\u00e9lior\u00e9s avec d&rsquo;excellentes performances Les disques de cette s\u00e9rie de casques pour les joueurs d&rsquo;esports ont \u00e9t\u00e9 sp\u00e9cialement optimis\u00e9s. Par rapport aux disques ordinaires du casque, le X7 a am\u00e9lior\u00e9 les performances des basses fr\u00e9quences, ce qui rendra le champ sonore plus ouvert pendant le jeu, et offrira d&rsquo;excellentes performances dans [&hellip;]\" \/>\n<meta property=\"og:url\" content=\"https:\/\/aigleshopping.ca\/fr\/produit\/microphone-pour-casque-de-jeu-dordinateur\/\" \/>\n<meta property=\"og:site_name\" content=\"Aigle Shopping Canada\" \/>\n<meta property=\"og:image\" content=\"https:\/\/aigleshopping.ca\/wp-content\/uploads\/2025\/03\/1264683800320.jpg\" \/>\n\t<meta property=\"og:image:width\" content=\"800\" \/>\n\t<meta property=\"og:image:height\" content=\"800\" \/>\n\t<meta property=\"og:image:type\" content=\"image\/jpeg\" \/>\n<meta name=\"twitter:card\" content=\"summary_large_image\" \/>\n<meta name=\"twitter:label1\" content=\"Dur\u00e9e de lecture estim\u00e9e\" \/>\n\t<meta name=\"twitter:data1\" content=\"1 minute\" \/>\n<script type=\"application\/ld+json\" class=\"yoast-schema-graph\">{\"@context\":\"https:\\\/\\\/schema.org\",\"@graph\":[{\"@type\":\"WebPage\",\"@id\":\"https:\\\/\\\/aigleshopping.ca\\\/fr\\\/produit\\\/microphone-pour-casque-de-jeu-dordinateur\\\/\",\"url\":\"https:\\\/\\\/aigleshopping.ca\\\/fr\\\/produit\\\/microphone-pour-casque-de-jeu-dordinateur\\\/\",\"name\":\"Microphone pour casque de jeu d'ordinateur - Aigle Shopping Canada\",\"isPartOf\":{\"@id\":\"https:\\\/\\\/aigleshopping.ca\\\/#website\"},\"primaryImageOfPage\":{\"@id\":\"https:\\\/\\\/aigleshopping.ca\\\/fr\\\/produit\\\/microphone-pour-casque-de-jeu-dordinateur\\\/#primaryimage\"},\"image\":{\"@id\":\"https:\\\/\\\/aigleshopping.ca\\\/fr\\\/produit\\\/microphone-pour-casque-de-jeu-dordinateur\\\/#primaryimage\"},\"thumbnailUrl\":\"https:\\\/\\\/aigleshopping.ca\\\/wp-content\\\/uploads\\\/2025\\\/03\\\/1264683800320.jpg\",\"datePublished\":\"2025-03-06T23:53:24+00:00\",\"breadcrumb\":{\"@id\":\"https:\\\/\\\/aigleshopping.ca\\\/fr\\\/produit\\\/microphone-pour-casque-de-jeu-dordinateur\\\/#breadcrumb\"},\"inLanguage\":\"fr-FR\",\"potentialAction\":[{\"@type\":\"ReadAction\",\"target\":[\"https:\\\/\\\/aigleshopping.ca\\\/fr\\\/produit\\\/microphone-pour-casque-de-jeu-dordinateur\\\/\"]}]},{\"@type\":\"ImageObject\",\"inLanguage\":\"fr-FR\",\"@id\":\"https:\\\/\\\/aigleshopping.ca\\\/fr\\\/produit\\\/microphone-pour-casque-de-jeu-dordinateur\\\/#primaryimage\",\"url\":\"https:\\\/\\\/aigleshopping.ca\\\/wp-content\\\/uploads\\\/2025\\\/03\\\/1264683800320.jpg\",\"contentUrl\":\"https:\\\/\\\/aigleshopping.ca\\\/wp-content\\\/uploads\\\/2025\\\/03\\\/1264683800320.jpg\",\"width\":800,\"height\":800},{\"@type\":\"BreadcrumbList\",\"@id\":\"https:\\\/\\\/aigleshopping.ca\\\/fr\\\/produit\\\/microphone-pour-casque-de-jeu-dordinateur\\\/#breadcrumb\",\"itemListElement\":[{\"@type\":\"ListItem\",\"position\":1,\"name\":\"Home\",\"item\":\"https:\\\/\\\/aigleshopping.ca\\\/fr\\\/home\\\/\"},{\"@type\":\"ListItem\",\"position\":2,\"name\":\"Products\",\"item\":\"https:\\\/\\\/aigleshopping.ca\\\/shop\\\/\"},{\"@type\":\"ListItem\",\"position\":3,\"name\":\"Microphone pour casque de jeu d&#8217;ordinateur\"}]},{\"@type\":\"WebSite\",\"@id\":\"https:\\\/\\\/aigleshopping.ca\\\/#website\",\"url\":\"https:\\\/\\\/aigleshopping.ca\\\/\",\"name\":\"Aigle Shopping Canada\",\"description\":\"Au-del\u00e0 des fronti\u00e8res, pour vous offrir le\u00a0meilleur!\",\"publisher\":{\"@id\":\"https:\\\/\\\/aigleshopping.ca\\\/#organization\"},\"potentialAction\":[{\"@type\":\"SearchAction\",\"target\":{\"@type\":\"EntryPoint\",\"urlTemplate\":\"https:\\\/\\\/aigleshopping.ca\\\/?s={search_term_string}\"},\"query-input\":{\"@type\":\"PropertyValueSpecification\",\"valueRequired\":true,\"valueName\":\"search_term_string\"}}],\"inLanguage\":\"fr-FR\"},{\"@type\":\"Organization\",\"@id\":\"https:\\\/\\\/aigleshopping.ca\\\/#organization\",\"name\":\"Aigle Shopping Canada\",\"url\":\"https:\\\/\\\/aigleshopping.ca\\\/\",\"logo\":{\"@type\":\"ImageObject\",\"inLanguage\":\"fr-FR\",\"@id\":\"https:\\\/\\\/aigleshopping.ca\\\/#\\\/schema\\\/logo\\\/image\\\/\",\"url\":\"https:\\\/\\\/aigleshopping.ca\\\/wp-content\\\/uploads\\\/2025\\\/12\\\/logo_aigleshopping_ca.png\",\"contentUrl\":\"https:\\\/\\\/aigleshopping.ca\\\/wp-content\\\/uploads\\\/2025\\\/12\\\/logo_aigleshopping_ca.png\",\"width\":800,\"height\":233,\"caption\":\"Aigle Shopping Canada\"},\"image\":{\"@id\":\"https:\\\/\\\/aigleshopping.ca\\\/#\\\/schema\\\/logo\\\/image\\\/\"}}]}<\/script>\n<!-- \/ Yoast SEO plugin. -->","yoast_head_json":{"title":"Microphone pour casque de jeu d'ordinateur - Aigle Shopping Canada","robots":{"index":"index","follow":"follow","max-snippet":"max-snippet:-1","max-image-preview":"max-image-preview:large","max-video-preview":"max-video-preview:-1"},"canonical":"https:\/\/aigleshopping.ca\/fr\/produit\/microphone-pour-casque-de-jeu-dordinateur\/","og_locale":"fr_FR","og_type":"article","og_title":"Microphone pour casque de jeu d'ordinateur - Aigle Shopping Canada","og_description":"Casque de jeu Disques am\u00e9lior\u00e9s avec d&rsquo;excellentes performances Les disques de cette s\u00e9rie de casques pour les joueurs d&rsquo;esports ont \u00e9t\u00e9 sp\u00e9cialement optimis\u00e9s. Par rapport aux disques ordinaires du casque, le X7 a am\u00e9lior\u00e9 les performances des basses fr\u00e9quences, ce qui rendra le champ sonore plus ouvert pendant le jeu, et offrira d&rsquo;excellentes performances dans [&hellip;]","og_url":"https:\/\/aigleshopping.ca\/fr\/produit\/microphone-pour-casque-de-jeu-dordinateur\/","og_site_name":"Aigle Shopping Canada","og_image":[{"width":800,"height":800,"url":"https:\/\/aigleshopping.ca\/wp-content\/uploads\/2025\/03\/1264683800320.jpg","type":"image\/jpeg"}],"twitter_card":"summary_large_image","twitter_misc":{"Dur\u00e9e de lecture estim\u00e9e":"1 minute"},"schema":{"@context":"https:\/\/schema.org","@graph":[{"@type":"WebPage","@id":"https:\/\/aigleshopping.ca\/fr\/produit\/microphone-pour-casque-de-jeu-dordinateur\/","url":"https:\/\/aigleshopping.ca\/fr\/produit\/microphone-pour-casque-de-jeu-dordinateur\/","name":"Microphone pour casque de jeu d'ordinateur - Aigle Shopping Canada","isPartOf":{"@id":"https:\/\/aigleshopping.ca\/#website"},"primaryImageOfPage":{"@id":"https:\/\/aigleshopping.ca\/fr\/produit\/microphone-pour-casque-de-jeu-dordinateur\/#primaryimage"},"image":{"@id":"https:\/\/aigleshopping.ca\/fr\/produit\/microphone-pour-casque-de-jeu-dordinateur\/#primaryimage"},"thumbnailUrl":"https:\/\/aigleshopping.ca\/wp-content\/uploads\/2025\/03\/1264683800320.jpg","datePublished":"2025-03-06T23:53:24+00:00","breadcrumb":{"@id":"https:\/\/aigleshopping.ca\/fr\/produit\/microphone-pour-casque-de-jeu-dordinateur\/#breadcrumb"},"inLanguage":"fr-FR","potentialAction":[{"@type":"ReadAction","target":["https:\/\/aigleshopping.ca\/fr\/produit\/microphone-pour-casque-de-jeu-dordinateur\/"]}]},{"@type":"ImageObject","inLanguage":"fr-FR","@id":"https:\/\/aigleshopping.ca\/fr\/produit\/microphone-pour-casque-de-jeu-dordinateur\/#primaryimage","url":"https:\/\/aigleshopping.ca\/wp-content\/uploads\/2025\/03\/1264683800320.jpg","contentUrl":"https:\/\/aigleshopping.ca\/wp-content\/uploads\/2025\/03\/1264683800320.jpg","width":800,"height":800},{"@type":"BreadcrumbList","@id":"https:\/\/aigleshopping.ca\/fr\/produit\/microphone-pour-casque-de-jeu-dordinateur\/#breadcrumb","itemListElement":[{"@type":"ListItem","position":1,"name":"Home","item":"https:\/\/aigleshopping.ca\/fr\/home\/"},{"@type":"ListItem","position":2,"name":"Products","item":"https:\/\/aigleshopping.ca\/shop\/"},{"@type":"ListItem","position":3,"name":"Microphone pour casque de jeu d&#8217;ordinateur"}]},{"@type":"WebSite","@id":"https:\/\/aigleshopping.ca\/#website","url":"https:\/\/aigleshopping.ca\/","name":"Aigle Shopping Canada","description":"Au-del\u00e0 des fronti\u00e8res, pour vous offrir le\u00a0meilleur!","publisher":{"@id":"https:\/\/aigleshopping.ca\/#organization"},"potentialAction":[{"@type":"SearchAction","target":{"@type":"EntryPoint","urlTemplate":"https:\/\/aigleshopping.ca\/?s={search_term_string}"},"query-input":{"@type":"PropertyValueSpecification","valueRequired":true,"valueName":"search_term_string"}}],"inLanguage":"fr-FR"},{"@type":"Organization","@id":"https:\/\/aigleshopping.ca\/#organization","name":"Aigle Shopping Canada","url":"https:\/\/aigleshopping.ca\/","logo":{"@type":"ImageObject","inLanguage":"fr-FR","@id":"https:\/\/aigleshopping.ca\/#\/schema\/logo\/image\/","url":"https:\/\/aigleshopping.ca\/wp-content\/uploads\/2025\/12\/logo_aigleshopping_ca.png","contentUrl":"https:\/\/aigleshopping.ca\/wp-content\/uploads\/2025\/12\/logo_aigleshopping_ca.png","width":800,"height":233,"caption":"Aigle Shopping Canada"},"image":{"@id":"https:\/\/aigleshopping.ca\/#\/schema\/logo\/image\/"}}]}},"jetpack_sharing_enabled":true,"_links":{"self":[{"href":"https:\/\/aigleshopping.ca\/fr\/wp-json\/wp\/v2\/product\/33254","targetHints":{"allow":["GET"]}}],"collection":[{"href":"https:\/\/aigleshopping.ca\/fr\/wp-json\/wp\/v2\/product"}],"about":[{"href":"https:\/\/aigleshopping.ca\/fr\/wp-json\/wp\/v2\/types\/product"}],"replies":[{"embeddable":true,"href":"https:\/\/aigleshopping.ca\/fr\/wp-json\/wp\/v2\/comments?post=33254"}],"wp:featuredmedia":[{"embeddable":true,"href":"https:\/\/aigleshopping.ca\/fr\/wp-json\/wp\/v2\/media\/11386"}],"wp:attachment":[{"href":"https:\/\/aigleshopping.ca\/fr\/wp-json\/wp\/v2\/media?parent=33254"}],"wp:term":[{"taxonomy":"product_brand","embeddable":true,"href":"https:\/\/aigleshopping.ca\/fr\/wp-json\/wp\/v2\/product_brand?post=33254"},{"taxonomy":"product_cat","embeddable":true,"href":"https:\/\/aigleshopping.ca\/fr\/wp-json\/wp\/v2\/product_cat?post=33254"},{"taxonomy":"product_tag","embeddable":true,"href":"https:\/\/aigleshopping.ca\/fr\/wp-json\/wp\/v2\/product_tag?post=33254"}],"curies":[{"name":"wp","href":"https:\/\/api.w.org\/{rel}","templated":true}]}}