{"id":33256,"date":"2025-03-06T23:56:41","date_gmt":"2025-03-06T23:56:41","guid":{"rendered":"https:\/\/aigleshopping.ca\/produit\/nouveau-casque-intra-auriculaire-stereo-5-0-bluetooth\/"},"modified":"2025-03-06T23:56:41","modified_gmt":"2025-03-06T23:56:41","slug":"nouveau-casque-intra-auriculaire-stereo-5-0-bluetooth","status":"publish","type":"product","link":"https:\/\/aigleshopping.ca\/fr\/produit\/nouveau-casque-intra-auriculaire-stereo-5-0-bluetooth\/","title":{"rendered":"Nouveau casque intra-auriculaire st\u00e9r\u00e9o 5.0 Bluetooth"},"content":{"rendered":"<p> <b>Informations sur le produit :<\/b>  <\/p>\n<p>  Bluetooth : 5.1+EDR <br \/> Type de batterie : batterie au lithium polym\u00e8re <br \/> Capacit\u00e9 de la batterie du casque : 30mAh <br \/> Capacit\u00e9 de la batterie du bo\u00eetier de chargement : 200mAh <br \/> M\u00e9thode de chargement Compartiment du bo\u00eetier de chargement : Chargement par prise USB, chargement magn\u00e9tique des \u00e9couteurs <br \/> Dur\u00e9e de chargement du casque : environ 40 minutes <br \/> Dur\u00e9e de chargement du bo\u00eetier de chargement : environ 1,5 heure <br \/> Dur\u00e9e de vie de la batterie du casque : environ 2 heures <br \/> Le nombre de fois que le bo\u00eetier de chargement peut \u00eatre charg\u00e9 : environ 3 fois <br \/> M\u00e9thode de contr\u00f4le : bouton <br \/> Mat\u00e9riau d&rsquo;apparence : ABS <br \/> Couleur du produit : noir <\/p>\n<p> <b>Caract\u00e9ristiques :<\/b> <br \/> V\u00e9ritable sans fil, appel binaural 2. Affichage num\u00e9rique de la batterie, 3, fonction tactile 4. Qualit\u00e9 sonore du haut-parleur en cuivre v\u00e9ritable    <\/p>\n<p> <\/p>\n<p>  <b> Liste d&#8217;emballage :  <br \/> <\/b> <span style=\"font-size: 1em\">Casque, compartiment de charge, embouts, manuel d&rsquo;instructions, bo\u00eete d&#8217;emballage, c\u00e2ble de charge*1<\/span> <span style=\"font-size: 1em\"> <br \/> <\/span> <img decoding=\"async\" src=\"https:\/\/cf.cjdropshipping.com\/a5453f14-d8a6-42de-a093-f38ba6c14cdf.jpg\"> <img decoding=\"async\" src=\"https:\/\/cf.cjdropshipping.com\/f0f5c8a3-81c3-44e9-b82f-83d9a812a09b.jpg\"> <img decoding=\"async\" src=\"https:\/\/cf.cjdropshipping.com\/fe5c6fb7-09bb-468f-b290-44d5bf014cde.jpg\"> <img decoding=\"async\" src=\"https:\/\/cf.cjdropshipping.com\/9267d9f3-b540-4298-9d5a-17d36f469afe.jpg\"> <\/p>\n<p> <img decoding=\"async\" src=\"https:\/\/cf.cjdropshipping.com\/16778016\/1631551454105964544.jpg\" alt=\"ind\u00e9fini\"> <\/p>\n<p> <img decoding=\"async\" src=\"https:\/\/cf.cjdropshipping.com\/16778016\/1631551458983940096.jpg\" alt=\"ind\u00e9fini\"> <\/p>\n<p> <img decoding=\"async\" src=\"https:\/\/cf.cjdropshipping.com\/16778016\/1631551463799001088.jpg\" alt=\"ind\u00e9fini\"> <\/p>\n<p> <img decoding=\"async\" src=\"https:\/\/cf.cjdropshipping.com\/16778016\/1631551466068119552.jpg\" alt=\"ind\u00e9fini\"> <\/p>\n<p> <img decoding=\"async\" src=\"https:\/\/cf.cjdropshipping.com\/16778016\/1631551473236185088.jpg\" alt=\"ind\u00e9fini\"> <\/p>\n<p> <img decoding=\"async\" src=\"https:\/\/cf.cjdropshipping.com\/16778016\/1631551478105772032.jpg\" alt=\"ind\u00e9fini\"> <\/p>\n<p> <img decoding=\"async\" src=\"https:\/\/cf.cjdropshipping.com\/16778016\/1631551482874695680.jpg\" alt=\"ind\u00e9fini\"> <\/p>\n<p> <img decoding=\"async\" src=\"https:\/\/cf.cjdropshipping.com\/16778016\/1631551483336069120.jpg\" alt=\"ind\u00e9fini\"> <\/p>\n<p> <img decoding=\"async\" src=\"https:\/\/cf.cjdropshipping.com\/16778016\/1631551483772276736.jpg\" alt=\"ind\u00e9fini\"> <\/p>\n<p> <img decoding=\"async\" src=\"https:\/\/cf.cjdropshipping.com\/16778016\/1631551484430782464.jpg\" alt=\"ind\u00e9fini\"> <\/p>\n<p> <img decoding=\"async\" src=\"https:\/\/cf.cjdropshipping.com\/16778016\/1631551484875378688.jpg\" alt=\"ind\u00e9fini\"> <span style=\"font-size: 1em\"> <\/p>\n<p> <\/span> <\/p>\n","protected":false},"excerpt":{"rendered":"<p>Informations sur le produit : Bluetooth : 5.1+EDR Type de batterie : batterie au lithium polym\u00e8re Capacit\u00e9 de la batterie du casque : 30mAh Capacit\u00e9 de la batterie du bo\u00eetier de chargement : 200mAh M\u00e9thode de chargement Compartiment du bo\u00eetier de chargement : Chargement par prise USB, chargement magn\u00e9tique des \u00e9couteurs Dur\u00e9e de chargement du [&hellip;]<\/p>\n","protected":false},"featured_media":11455,"comment_status":"open","ping_status":"closed","template":"","meta":{"content-type":""},"product_brand":[],"product_cat":[755],"product_tag":[],"class_list":{"0":"post-33256","1":"product","2":"type-product","3":"status-publish","4":"has-post-thumbnail","6":"product_cat-casques-sans-fil","8":"first","9":"instock","10":"taxable","11":"shipping-taxable","12":"purchasable","13":"product-type-variable","14":"add-to-wishlist-after_add_to_cart"},"yoast_head":"<!-- This site is optimized with the Yoast SEO plugin v27.4 - https:\/\/yoast.com\/product\/yoast-seo-wordpress\/ -->\n<title>Nouveau casque intra-auriculaire st\u00e9r\u00e9o 5.0 Bluetooth - Aigle Shopping Canada<\/title>\n<meta name=\"robots\" content=\"index, follow, max-snippet:-1, max-image-preview:large, max-video-preview:-1\" \/>\n<link rel=\"canonical\" href=\"https:\/\/aigleshopping.ca\/fr\/produit\/nouveau-casque-intra-auriculaire-stereo-5-0-bluetooth\/\" \/>\n<meta property=\"og:locale\" content=\"fr_FR\" \/>\n<meta property=\"og:type\" content=\"article\" \/>\n<meta property=\"og:title\" content=\"Nouveau casque intra-auriculaire st\u00e9r\u00e9o 5.0 Bluetooth - Aigle Shopping Canada\" \/>\n<meta property=\"og:description\" content=\"Informations sur le produit : Bluetooth : 5.1+EDR Type de batterie : batterie au lithium polym\u00e8re Capacit\u00e9 de la batterie du casque : 30mAh Capacit\u00e9 de la batterie du bo\u00eetier de chargement : 200mAh M\u00e9thode de chargement Compartiment du bo\u00eetier de chargement : Chargement par prise USB, chargement magn\u00e9tique des \u00e9couteurs Dur\u00e9e de chargement du [&hellip;]\" \/>\n<meta property=\"og:url\" content=\"https:\/\/aigleshopping.ca\/fr\/produit\/nouveau-casque-intra-auriculaire-stereo-5-0-bluetooth\/\" \/>\n<meta property=\"og:site_name\" content=\"Aigle Shopping Canada\" \/>\n<meta property=\"og:image\" content=\"https:\/\/aigleshopping.ca\/wp-content\/uploads\/2025\/03\/37817d84-dc0e-4dcd-ba06-70977be81475.jpg\" \/>\n\t<meta property=\"og:image:width\" content=\"800\" \/>\n\t<meta property=\"og:image:height\" content=\"800\" \/>\n\t<meta property=\"og:image:type\" content=\"image\/jpeg\" \/>\n<meta name=\"twitter:card\" content=\"summary_large_image\" \/>\n<meta name=\"twitter:label1\" content=\"Dur\u00e9e de lecture estim\u00e9e\" \/>\n\t<meta name=\"twitter:data1\" content=\"1 minute\" \/>\n<script type=\"application\/ld+json\" class=\"yoast-schema-graph\">{\"@context\":\"https:\\\/\\\/schema.org\",\"@graph\":[{\"@type\":\"WebPage\",\"@id\":\"https:\\\/\\\/aigleshopping.ca\\\/fr\\\/produit\\\/nouveau-casque-intra-auriculaire-stereo-5-0-bluetooth\\\/\",\"url\":\"https:\\\/\\\/aigleshopping.ca\\\/fr\\\/produit\\\/nouveau-casque-intra-auriculaire-stereo-5-0-bluetooth\\\/\",\"name\":\"Nouveau casque intra-auriculaire st\u00e9r\u00e9o 5.0 Bluetooth - Aigle Shopping Canada\",\"isPartOf\":{\"@id\":\"https:\\\/\\\/aigleshopping.ca\\\/#website\"},\"primaryImageOfPage\":{\"@id\":\"https:\\\/\\\/aigleshopping.ca\\\/fr\\\/produit\\\/nouveau-casque-intra-auriculaire-stereo-5-0-bluetooth\\\/#primaryimage\"},\"image\":{\"@id\":\"https:\\\/\\\/aigleshopping.ca\\\/fr\\\/produit\\\/nouveau-casque-intra-auriculaire-stereo-5-0-bluetooth\\\/#primaryimage\"},\"thumbnailUrl\":\"https:\\\/\\\/aigleshopping.ca\\\/wp-content\\\/uploads\\\/2025\\\/03\\\/37817d84-dc0e-4dcd-ba06-70977be81475.jpg\",\"datePublished\":\"2025-03-06T23:56:41+00:00\",\"breadcrumb\":{\"@id\":\"https:\\\/\\\/aigleshopping.ca\\\/fr\\\/produit\\\/nouveau-casque-intra-auriculaire-stereo-5-0-bluetooth\\\/#breadcrumb\"},\"inLanguage\":\"fr-FR\",\"potentialAction\":[{\"@type\":\"ReadAction\",\"target\":[\"https:\\\/\\\/aigleshopping.ca\\\/fr\\\/produit\\\/nouveau-casque-intra-auriculaire-stereo-5-0-bluetooth\\\/\"]}]},{\"@type\":\"ImageObject\",\"inLanguage\":\"fr-FR\",\"@id\":\"https:\\\/\\\/aigleshopping.ca\\\/fr\\\/produit\\\/nouveau-casque-intra-auriculaire-stereo-5-0-bluetooth\\\/#primaryimage\",\"url\":\"https:\\\/\\\/aigleshopping.ca\\\/wp-content\\\/uploads\\\/2025\\\/03\\\/37817d84-dc0e-4dcd-ba06-70977be81475.jpg\",\"contentUrl\":\"https:\\\/\\\/aigleshopping.ca\\\/wp-content\\\/uploads\\\/2025\\\/03\\\/37817d84-dc0e-4dcd-ba06-70977be81475.jpg\",\"width\":800,\"height\":800},{\"@type\":\"BreadcrumbList\",\"@id\":\"https:\\\/\\\/aigleshopping.ca\\\/fr\\\/produit\\\/nouveau-casque-intra-auriculaire-stereo-5-0-bluetooth\\\/#breadcrumb\",\"itemListElement\":[{\"@type\":\"ListItem\",\"position\":1,\"name\":\"Home\",\"item\":\"https:\\\/\\\/aigleshopping.ca\\\/fr\\\/home\\\/\"},{\"@type\":\"ListItem\",\"position\":2,\"name\":\"Products\",\"item\":\"https:\\\/\\\/aigleshopping.ca\\\/shop\\\/\"},{\"@type\":\"ListItem\",\"position\":3,\"name\":\"Nouveau casque intra-auriculaire st\u00e9r\u00e9o 5.0 Bluetooth\"}]},{\"@type\":\"WebSite\",\"@id\":\"https:\\\/\\\/aigleshopping.ca\\\/#website\",\"url\":\"https:\\\/\\\/aigleshopping.ca\\\/\",\"name\":\"Aigle Shopping Canada\",\"description\":\"Au-del\u00e0 des fronti\u00e8res, pour vous offrir le\u00a0meilleur!\",\"publisher\":{\"@id\":\"https:\\\/\\\/aigleshopping.ca\\\/#organization\"},\"potentialAction\":[{\"@type\":\"SearchAction\",\"target\":{\"@type\":\"EntryPoint\",\"urlTemplate\":\"https:\\\/\\\/aigleshopping.ca\\\/?s={search_term_string}\"},\"query-input\":{\"@type\":\"PropertyValueSpecification\",\"valueRequired\":true,\"valueName\":\"search_term_string\"}}],\"inLanguage\":\"fr-FR\"},{\"@type\":\"Organization\",\"@id\":\"https:\\\/\\\/aigleshopping.ca\\\/#organization\",\"name\":\"Aigle Shopping Canada\",\"url\":\"https:\\\/\\\/aigleshopping.ca\\\/\",\"logo\":{\"@type\":\"ImageObject\",\"inLanguage\":\"fr-FR\",\"@id\":\"https:\\\/\\\/aigleshopping.ca\\\/#\\\/schema\\\/logo\\\/image\\\/\",\"url\":\"https:\\\/\\\/aigleshopping.ca\\\/wp-content\\\/uploads\\\/2025\\\/12\\\/logo_aigleshopping_ca.png\",\"contentUrl\":\"https:\\\/\\\/aigleshopping.ca\\\/wp-content\\\/uploads\\\/2025\\\/12\\\/logo_aigleshopping_ca.png\",\"width\":800,\"height\":233,\"caption\":\"Aigle Shopping Canada\"},\"image\":{\"@id\":\"https:\\\/\\\/aigleshopping.ca\\\/#\\\/schema\\\/logo\\\/image\\\/\"}}]}<\/script>\n<!-- \/ Yoast SEO plugin. -->","yoast_head_json":{"title":"Nouveau casque intra-auriculaire st\u00e9r\u00e9o 5.0 Bluetooth - Aigle Shopping Canada","robots":{"index":"index","follow":"follow","max-snippet":"max-snippet:-1","max-image-preview":"max-image-preview:large","max-video-preview":"max-video-preview:-1"},"canonical":"https:\/\/aigleshopping.ca\/fr\/produit\/nouveau-casque-intra-auriculaire-stereo-5-0-bluetooth\/","og_locale":"fr_FR","og_type":"article","og_title":"Nouveau casque intra-auriculaire st\u00e9r\u00e9o 5.0 Bluetooth - Aigle Shopping Canada","og_description":"Informations sur le produit : Bluetooth : 5.1+EDR Type de batterie : batterie au lithium polym\u00e8re Capacit\u00e9 de la batterie du casque : 30mAh Capacit\u00e9 de la batterie du bo\u00eetier de chargement : 200mAh M\u00e9thode de chargement Compartiment du bo\u00eetier de chargement : Chargement par prise USB, chargement magn\u00e9tique des \u00e9couteurs Dur\u00e9e de chargement du [&hellip;]","og_url":"https:\/\/aigleshopping.ca\/fr\/produit\/nouveau-casque-intra-auriculaire-stereo-5-0-bluetooth\/","og_site_name":"Aigle Shopping Canada","og_image":[{"width":800,"height":800,"url":"https:\/\/aigleshopping.ca\/wp-content\/uploads\/2025\/03\/37817d84-dc0e-4dcd-ba06-70977be81475.jpg","type":"image\/jpeg"}],"twitter_card":"summary_large_image","twitter_misc":{"Dur\u00e9e de lecture estim\u00e9e":"1 minute"},"schema":{"@context":"https:\/\/schema.org","@graph":[{"@type":"WebPage","@id":"https:\/\/aigleshopping.ca\/fr\/produit\/nouveau-casque-intra-auriculaire-stereo-5-0-bluetooth\/","url":"https:\/\/aigleshopping.ca\/fr\/produit\/nouveau-casque-intra-auriculaire-stereo-5-0-bluetooth\/","name":"Nouveau casque intra-auriculaire st\u00e9r\u00e9o 5.0 Bluetooth - Aigle Shopping Canada","isPartOf":{"@id":"https:\/\/aigleshopping.ca\/#website"},"primaryImageOfPage":{"@id":"https:\/\/aigleshopping.ca\/fr\/produit\/nouveau-casque-intra-auriculaire-stereo-5-0-bluetooth\/#primaryimage"},"image":{"@id":"https:\/\/aigleshopping.ca\/fr\/produit\/nouveau-casque-intra-auriculaire-stereo-5-0-bluetooth\/#primaryimage"},"thumbnailUrl":"https:\/\/aigleshopping.ca\/wp-content\/uploads\/2025\/03\/37817d84-dc0e-4dcd-ba06-70977be81475.jpg","datePublished":"2025-03-06T23:56:41+00:00","breadcrumb":{"@id":"https:\/\/aigleshopping.ca\/fr\/produit\/nouveau-casque-intra-auriculaire-stereo-5-0-bluetooth\/#breadcrumb"},"inLanguage":"fr-FR","potentialAction":[{"@type":"ReadAction","target":["https:\/\/aigleshopping.ca\/fr\/produit\/nouveau-casque-intra-auriculaire-stereo-5-0-bluetooth\/"]}]},{"@type":"ImageObject","inLanguage":"fr-FR","@id":"https:\/\/aigleshopping.ca\/fr\/produit\/nouveau-casque-intra-auriculaire-stereo-5-0-bluetooth\/#primaryimage","url":"https:\/\/aigleshopping.ca\/wp-content\/uploads\/2025\/03\/37817d84-dc0e-4dcd-ba06-70977be81475.jpg","contentUrl":"https:\/\/aigleshopping.ca\/wp-content\/uploads\/2025\/03\/37817d84-dc0e-4dcd-ba06-70977be81475.jpg","width":800,"height":800},{"@type":"BreadcrumbList","@id":"https:\/\/aigleshopping.ca\/fr\/produit\/nouveau-casque-intra-auriculaire-stereo-5-0-bluetooth\/#breadcrumb","itemListElement":[{"@type":"ListItem","position":1,"name":"Home","item":"https:\/\/aigleshopping.ca\/fr\/home\/"},{"@type":"ListItem","position":2,"name":"Products","item":"https:\/\/aigleshopping.ca\/shop\/"},{"@type":"ListItem","position":3,"name":"Nouveau casque intra-auriculaire st\u00e9r\u00e9o 5.0 Bluetooth"}]},{"@type":"WebSite","@id":"https:\/\/aigleshopping.ca\/#website","url":"https:\/\/aigleshopping.ca\/","name":"Aigle Shopping Canada","description":"Au-del\u00e0 des fronti\u00e8res, pour vous offrir le\u00a0meilleur!","publisher":{"@id":"https:\/\/aigleshopping.ca\/#organization"},"potentialAction":[{"@type":"SearchAction","target":{"@type":"EntryPoint","urlTemplate":"https:\/\/aigleshopping.ca\/?s={search_term_string}"},"query-input":{"@type":"PropertyValueSpecification","valueRequired":true,"valueName":"search_term_string"}}],"inLanguage":"fr-FR"},{"@type":"Organization","@id":"https:\/\/aigleshopping.ca\/#organization","name":"Aigle Shopping Canada","url":"https:\/\/aigleshopping.ca\/","logo":{"@type":"ImageObject","inLanguage":"fr-FR","@id":"https:\/\/aigleshopping.ca\/#\/schema\/logo\/image\/","url":"https:\/\/aigleshopping.ca\/wp-content\/uploads\/2025\/12\/logo_aigleshopping_ca.png","contentUrl":"https:\/\/aigleshopping.ca\/wp-content\/uploads\/2025\/12\/logo_aigleshopping_ca.png","width":800,"height":233,"caption":"Aigle Shopping Canada"},"image":{"@id":"https:\/\/aigleshopping.ca\/#\/schema\/logo\/image\/"}}]}},"jetpack_sharing_enabled":true,"_links":{"self":[{"href":"https:\/\/aigleshopping.ca\/fr\/wp-json\/wp\/v2\/product\/33256","targetHints":{"allow":["GET"]}}],"collection":[{"href":"https:\/\/aigleshopping.ca\/fr\/wp-json\/wp\/v2\/product"}],"about":[{"href":"https:\/\/aigleshopping.ca\/fr\/wp-json\/wp\/v2\/types\/product"}],"replies":[{"embeddable":true,"href":"https:\/\/aigleshopping.ca\/fr\/wp-json\/wp\/v2\/comments?post=33256"}],"wp:featuredmedia":[{"embeddable":true,"href":"https:\/\/aigleshopping.ca\/fr\/wp-json\/wp\/v2\/media\/11455"}],"wp:attachment":[{"href":"https:\/\/aigleshopping.ca\/fr\/wp-json\/wp\/v2\/media?parent=33256"}],"wp:term":[{"taxonomy":"product_brand","embeddable":true,"href":"https:\/\/aigleshopping.ca\/fr\/wp-json\/wp\/v2\/product_brand?post=33256"},{"taxonomy":"product_cat","embeddable":true,"href":"https:\/\/aigleshopping.ca\/fr\/wp-json\/wp\/v2\/product_cat?post=33256"},{"taxonomy":"product_tag","embeddable":true,"href":"https:\/\/aigleshopping.ca\/fr\/wp-json\/wp\/v2\/product_tag?post=33256"}],"curies":[{"name":"wp","href":"https:\/\/api.w.org\/{rel}","templated":true}]}}