{"id":33258,"date":"2025-03-06T23:55:54","date_gmt":"2025-03-06T23:55:54","guid":{"rendered":"https:\/\/aigleshopping.ca\/produit\/casque-de-jeu\/"},"modified":"2025-03-06T23:55:54","modified_gmt":"2025-03-06T23:55:54","slug":"casque-de-jeu","status":"publish","type":"product","link":"https:\/\/aigleshopping.ca\/fr\/produit\/casque-de-jeu\/","title":{"rendered":"Casque de jeu"},"content":{"rendered":"<p>  Casque de jeu Type de casque : casque  <br \/>  Type de casque : \u00e9couteurs  <br \/>  M\u00e9thode de port : sur la t\u00eate  <br \/>  Source de la sortie casque : universelle  <br \/>  Diam\u00e8tre de la fiche : 3,5 mm  <br \/>  Type de fiche : type droit  <br \/>  Que ce soit des \u00e9couteurs sans fil ou des \u00e9couteurs filaires  <br \/>  Avec ou sans microphone : Oui  <br \/>  Principe sonore : bobine mobile  <br \/>  R\u00e9ponse en fr\u00e9quence : 20-20K (Hz)  <br \/>  Imp\u00e9dance : 32\u00b15% (\u03a9)  <br \/>  Sensibilit\u00e9 : 105\u00b13 (dB)  <br \/>  Taux de distorsion : \u22641 (%)  <br \/>  Longueur du fil : 2,2\u00b115% (m)  <br \/>  Diam\u00e8tre du haut-parleur : 50 (\u03a6mm)  <br \/>  Mat\u00e9riau des bouchons d&rsquo;oreille\/casques antibruit : Etui de prot\u00e8ge-oreilles en simili-cuir prot\u00e9in\u00e9  <br \/>  Mat\u00e9riau du c\u00e2ble du casque : fil tress\u00e9  <br \/>  Utilisations : casque \u00e0 r\u00e9duction de bruit, casque audio et vid\u00e9o pour le jeu, casque pour le sport \u00e9lectronique, casque pour t\u00e9l\u00e9phone portable, casque pour ordinateur, casque pour la voix, casque HIFI, casque pour la musique.  <br \/>  Liste de colisage : casque *1 manuel en huit langues *1  <br \/>  Couleur : Noir  <img decoding=\"async\" src=\"https:\/\/cf.cjdropshipping.com\/e586a668-4e5a-4535-9e26-f451e65cd989.jpg\"> <img decoding=\"async\" src=\"https:\/\/cf.cjdropshipping.com\/6b5e6af6-d368-4a8e-b518-0a70cb686d42.jpg\"> <img decoding=\"async\" src=\"https:\/\/cf.cjdropshipping.com\/258f033f-d4fa-4428-884e-0372e10e4581.jpg\"> <img decoding=\"async\" src=\"https:\/\/cf.cjdropshipping.com\/7b2af976-94f8-4d03-8ef1-d74cc2846b7b.jpg\"> <img decoding=\"async\" src=\"https:\/\/cf.cjdropshipping.com\/2e72afdd-4910-4b5d-b566-619937ae661d.jpg\"> <img decoding=\"async\" src=\"https:\/\/cf.cjdropshipping.com\/fe4cdca7-b8f8-457e-86b6-7829c2e5b0ff.jpg\"> <img decoding=\"async\" src=\"https:\/\/cf.cjdropshipping.com\/1b992d12-0305-4f32-89c7-666c54f319bf.jpg\"> <\/p>\n","protected":false},"excerpt":{"rendered":"<p>Casque de jeu Type de casque : casque Type de casque : \u00e9couteurs M\u00e9thode de port : sur la t\u00eate Source de la sortie casque : universelle Diam\u00e8tre de la fiche : 3,5 mm Type de fiche : type droit Que ce soit des \u00e9couteurs sans fil ou des \u00e9couteurs filaires Avec ou sans microphone [&hellip;]<\/p>\n","protected":false},"featured_media":11437,"comment_status":"open","ping_status":"closed","template":"","meta":{"content-type":""},"product_brand":[],"product_cat":[753],"product_tag":[],"class_list":{"0":"post-33258","1":"product","2":"type-product","3":"status-publish","4":"has-post-thumbnail","6":"product_cat-casques-decoute","8":"first","9":"instock","10":"taxable","11":"shipping-taxable","12":"purchasable","13":"product-type-variable","14":"add-to-wishlist-after_add_to_cart"},"yoast_head":"<!-- This site is optimized with the Yoast SEO plugin v27.4 - https:\/\/yoast.com\/product\/yoast-seo-wordpress\/ -->\n<title>Casque de jeu - Aigle Shopping Canada<\/title>\n<meta name=\"robots\" content=\"index, follow, max-snippet:-1, max-image-preview:large, max-video-preview:-1\" \/>\n<link rel=\"canonical\" href=\"https:\/\/aigleshopping.ca\/fr\/produit\/casque-de-jeu\/\" \/>\n<meta property=\"og:locale\" content=\"fr_FR\" \/>\n<meta property=\"og:type\" content=\"article\" \/>\n<meta property=\"og:title\" content=\"Casque de jeu - Aigle Shopping Canada\" \/>\n<meta property=\"og:description\" content=\"Casque de jeu Type de casque : casque Type de casque : \u00e9couteurs M\u00e9thode de port : sur la t\u00eate Source de la sortie casque : universelle Diam\u00e8tre de la fiche : 3,5 mm Type de fiche : type droit Que ce soit des \u00e9couteurs sans fil ou des \u00e9couteurs filaires Avec ou sans microphone [&hellip;]\" \/>\n<meta property=\"og:url\" content=\"https:\/\/aigleshopping.ca\/fr\/produit\/casque-de-jeu\/\" \/>\n<meta property=\"og:site_name\" content=\"Aigle Shopping Canada\" \/>\n<meta property=\"og:image\" content=\"https:\/\/aigleshopping.ca\/wp-content\/uploads\/2025\/03\/2122583063745.jpg\" \/>\n\t<meta property=\"og:image:width\" content=\"1500\" \/>\n\t<meta property=\"og:image:height\" content=\"1500\" \/>\n\t<meta property=\"og:image:type\" content=\"image\/jpeg\" \/>\n<meta name=\"twitter:card\" content=\"summary_large_image\" \/>\n<meta name=\"twitter:label1\" content=\"Dur\u00e9e de lecture estim\u00e9e\" \/>\n\t<meta name=\"twitter:data1\" content=\"1 minute\" \/>\n<script type=\"application\/ld+json\" class=\"yoast-schema-graph\">{\"@context\":\"https:\\\/\\\/schema.org\",\"@graph\":[{\"@type\":\"WebPage\",\"@id\":\"https:\\\/\\\/aigleshopping.ca\\\/fr\\\/produit\\\/casque-de-jeu\\\/\",\"url\":\"https:\\\/\\\/aigleshopping.ca\\\/fr\\\/produit\\\/casque-de-jeu\\\/\",\"name\":\"Casque de jeu - Aigle Shopping Canada\",\"isPartOf\":{\"@id\":\"https:\\\/\\\/aigleshopping.ca\\\/#website\"},\"primaryImageOfPage\":{\"@id\":\"https:\\\/\\\/aigleshopping.ca\\\/fr\\\/produit\\\/casque-de-jeu\\\/#primaryimage\"},\"image\":{\"@id\":\"https:\\\/\\\/aigleshopping.ca\\\/fr\\\/produit\\\/casque-de-jeu\\\/#primaryimage\"},\"thumbnailUrl\":\"https:\\\/\\\/aigleshopping.ca\\\/wp-content\\\/uploads\\\/2025\\\/03\\\/2122583063745.jpg\",\"datePublished\":\"2025-03-06T23:55:54+00:00\",\"breadcrumb\":{\"@id\":\"https:\\\/\\\/aigleshopping.ca\\\/fr\\\/produit\\\/casque-de-jeu\\\/#breadcrumb\"},\"inLanguage\":\"fr-FR\",\"potentialAction\":[{\"@type\":\"ReadAction\",\"target\":[\"https:\\\/\\\/aigleshopping.ca\\\/fr\\\/produit\\\/casque-de-jeu\\\/\"]}]},{\"@type\":\"ImageObject\",\"inLanguage\":\"fr-FR\",\"@id\":\"https:\\\/\\\/aigleshopping.ca\\\/fr\\\/produit\\\/casque-de-jeu\\\/#primaryimage\",\"url\":\"https:\\\/\\\/aigleshopping.ca\\\/wp-content\\\/uploads\\\/2025\\\/03\\\/2122583063745.jpg\",\"contentUrl\":\"https:\\\/\\\/aigleshopping.ca\\\/wp-content\\\/uploads\\\/2025\\\/03\\\/2122583063745.jpg\",\"width\":1500,\"height\":1500},{\"@type\":\"BreadcrumbList\",\"@id\":\"https:\\\/\\\/aigleshopping.ca\\\/fr\\\/produit\\\/casque-de-jeu\\\/#breadcrumb\",\"itemListElement\":[{\"@type\":\"ListItem\",\"position\":1,\"name\":\"Home\",\"item\":\"https:\\\/\\\/aigleshopping.ca\\\/fr\\\/home\\\/\"},{\"@type\":\"ListItem\",\"position\":2,\"name\":\"Products\",\"item\":\"https:\\\/\\\/aigleshopping.ca\\\/shop\\\/\"},{\"@type\":\"ListItem\",\"position\":3,\"name\":\"Casque de jeu\"}]},{\"@type\":\"WebSite\",\"@id\":\"https:\\\/\\\/aigleshopping.ca\\\/#website\",\"url\":\"https:\\\/\\\/aigleshopping.ca\\\/\",\"name\":\"Aigle Shopping Canada\",\"description\":\"Au-del\u00e0 des fronti\u00e8res, pour vous offrir le\u00a0meilleur!\",\"publisher\":{\"@id\":\"https:\\\/\\\/aigleshopping.ca\\\/#organization\"},\"potentialAction\":[{\"@type\":\"SearchAction\",\"target\":{\"@type\":\"EntryPoint\",\"urlTemplate\":\"https:\\\/\\\/aigleshopping.ca\\\/?s={search_term_string}\"},\"query-input\":{\"@type\":\"PropertyValueSpecification\",\"valueRequired\":true,\"valueName\":\"search_term_string\"}}],\"inLanguage\":\"fr-FR\"},{\"@type\":\"Organization\",\"@id\":\"https:\\\/\\\/aigleshopping.ca\\\/#organization\",\"name\":\"Aigle Shopping Canada\",\"url\":\"https:\\\/\\\/aigleshopping.ca\\\/\",\"logo\":{\"@type\":\"ImageObject\",\"inLanguage\":\"fr-FR\",\"@id\":\"https:\\\/\\\/aigleshopping.ca\\\/#\\\/schema\\\/logo\\\/image\\\/\",\"url\":\"https:\\\/\\\/aigleshopping.ca\\\/wp-content\\\/uploads\\\/2025\\\/12\\\/logo_aigleshopping_ca.png\",\"contentUrl\":\"https:\\\/\\\/aigleshopping.ca\\\/wp-content\\\/uploads\\\/2025\\\/12\\\/logo_aigleshopping_ca.png\",\"width\":800,\"height\":233,\"caption\":\"Aigle Shopping Canada\"},\"image\":{\"@id\":\"https:\\\/\\\/aigleshopping.ca\\\/#\\\/schema\\\/logo\\\/image\\\/\"}}]}<\/script>\n<!-- \/ Yoast SEO plugin. -->","yoast_head_json":{"title":"Casque de jeu - Aigle Shopping Canada","robots":{"index":"index","follow":"follow","max-snippet":"max-snippet:-1","max-image-preview":"max-image-preview:large","max-video-preview":"max-video-preview:-1"},"canonical":"https:\/\/aigleshopping.ca\/fr\/produit\/casque-de-jeu\/","og_locale":"fr_FR","og_type":"article","og_title":"Casque de jeu - Aigle Shopping Canada","og_description":"Casque de jeu Type de casque : casque Type de casque : \u00e9couteurs M\u00e9thode de port : sur la t\u00eate Source de la sortie casque : universelle Diam\u00e8tre de la fiche : 3,5 mm Type de fiche : type droit Que ce soit des \u00e9couteurs sans fil ou des \u00e9couteurs filaires Avec ou sans microphone [&hellip;]","og_url":"https:\/\/aigleshopping.ca\/fr\/produit\/casque-de-jeu\/","og_site_name":"Aigle Shopping Canada","og_image":[{"width":1500,"height":1500,"url":"https:\/\/aigleshopping.ca\/wp-content\/uploads\/2025\/03\/2122583063745.jpg","type":"image\/jpeg"}],"twitter_card":"summary_large_image","twitter_misc":{"Dur\u00e9e de lecture estim\u00e9e":"1 minute"},"schema":{"@context":"https:\/\/schema.org","@graph":[{"@type":"WebPage","@id":"https:\/\/aigleshopping.ca\/fr\/produit\/casque-de-jeu\/","url":"https:\/\/aigleshopping.ca\/fr\/produit\/casque-de-jeu\/","name":"Casque de jeu - Aigle Shopping Canada","isPartOf":{"@id":"https:\/\/aigleshopping.ca\/#website"},"primaryImageOfPage":{"@id":"https:\/\/aigleshopping.ca\/fr\/produit\/casque-de-jeu\/#primaryimage"},"image":{"@id":"https:\/\/aigleshopping.ca\/fr\/produit\/casque-de-jeu\/#primaryimage"},"thumbnailUrl":"https:\/\/aigleshopping.ca\/wp-content\/uploads\/2025\/03\/2122583063745.jpg","datePublished":"2025-03-06T23:55:54+00:00","breadcrumb":{"@id":"https:\/\/aigleshopping.ca\/fr\/produit\/casque-de-jeu\/#breadcrumb"},"inLanguage":"fr-FR","potentialAction":[{"@type":"ReadAction","target":["https:\/\/aigleshopping.ca\/fr\/produit\/casque-de-jeu\/"]}]},{"@type":"ImageObject","inLanguage":"fr-FR","@id":"https:\/\/aigleshopping.ca\/fr\/produit\/casque-de-jeu\/#primaryimage","url":"https:\/\/aigleshopping.ca\/wp-content\/uploads\/2025\/03\/2122583063745.jpg","contentUrl":"https:\/\/aigleshopping.ca\/wp-content\/uploads\/2025\/03\/2122583063745.jpg","width":1500,"height":1500},{"@type":"BreadcrumbList","@id":"https:\/\/aigleshopping.ca\/fr\/produit\/casque-de-jeu\/#breadcrumb","itemListElement":[{"@type":"ListItem","position":1,"name":"Home","item":"https:\/\/aigleshopping.ca\/fr\/home\/"},{"@type":"ListItem","position":2,"name":"Products","item":"https:\/\/aigleshopping.ca\/shop\/"},{"@type":"ListItem","position":3,"name":"Casque de jeu"}]},{"@type":"WebSite","@id":"https:\/\/aigleshopping.ca\/#website","url":"https:\/\/aigleshopping.ca\/","name":"Aigle Shopping Canada","description":"Au-del\u00e0 des fronti\u00e8res, pour vous offrir le\u00a0meilleur!","publisher":{"@id":"https:\/\/aigleshopping.ca\/#organization"},"potentialAction":[{"@type":"SearchAction","target":{"@type":"EntryPoint","urlTemplate":"https:\/\/aigleshopping.ca\/?s={search_term_string}"},"query-input":{"@type":"PropertyValueSpecification","valueRequired":true,"valueName":"search_term_string"}}],"inLanguage":"fr-FR"},{"@type":"Organization","@id":"https:\/\/aigleshopping.ca\/#organization","name":"Aigle Shopping Canada","url":"https:\/\/aigleshopping.ca\/","logo":{"@type":"ImageObject","inLanguage":"fr-FR","@id":"https:\/\/aigleshopping.ca\/#\/schema\/logo\/image\/","url":"https:\/\/aigleshopping.ca\/wp-content\/uploads\/2025\/12\/logo_aigleshopping_ca.png","contentUrl":"https:\/\/aigleshopping.ca\/wp-content\/uploads\/2025\/12\/logo_aigleshopping_ca.png","width":800,"height":233,"caption":"Aigle Shopping Canada"},"image":{"@id":"https:\/\/aigleshopping.ca\/#\/schema\/logo\/image\/"}}]}},"jetpack_sharing_enabled":true,"_links":{"self":[{"href":"https:\/\/aigleshopping.ca\/fr\/wp-json\/wp\/v2\/product\/33258","targetHints":{"allow":["GET"]}}],"collection":[{"href":"https:\/\/aigleshopping.ca\/fr\/wp-json\/wp\/v2\/product"}],"about":[{"href":"https:\/\/aigleshopping.ca\/fr\/wp-json\/wp\/v2\/types\/product"}],"replies":[{"embeddable":true,"href":"https:\/\/aigleshopping.ca\/fr\/wp-json\/wp\/v2\/comments?post=33258"}],"wp:featuredmedia":[{"embeddable":true,"href":"https:\/\/aigleshopping.ca\/fr\/wp-json\/wp\/v2\/media\/11437"}],"wp:attachment":[{"href":"https:\/\/aigleshopping.ca\/fr\/wp-json\/wp\/v2\/media?parent=33258"}],"wp:term":[{"taxonomy":"product_brand","embeddable":true,"href":"https:\/\/aigleshopping.ca\/fr\/wp-json\/wp\/v2\/product_brand?post=33258"},{"taxonomy":"product_cat","embeddable":true,"href":"https:\/\/aigleshopping.ca\/fr\/wp-json\/wp\/v2\/product_cat?post=33258"},{"taxonomy":"product_tag","embeddable":true,"href":"https:\/\/aigleshopping.ca\/fr\/wp-json\/wp\/v2\/product_tag?post=33258"}],"curies":[{"name":"wp","href":"https:\/\/api.w.org\/{rel}","templated":true}]}}