{"id":33259,"date":"2025-03-06T23:52:18","date_gmt":"2025-03-06T23:52:18","guid":{"rendered":"https:\/\/aigleshopping.ca\/produit\/casque-decoute-sans-fil\/"},"modified":"2025-03-06T23:52:18","modified_gmt":"2025-03-06T23:52:18","slug":"casque-decoute-sans-fil","status":"publish","type":"product","link":"https:\/\/aigleshopping.ca\/fr\/produit\/casque-decoute-sans-fil\/","title":{"rendered":"Casque d&rsquo;\u00e9coute sans fil"},"content":{"rendered":"<p>  Nom du produit : Fanatic &#8211; B570 <\/p>\n<p> Version Bluetooth :4.0+EDR+CL ASS2 <br \/> Distance de transmission : inf\u00e9rieure ou \u00e9gale \u00e0 10 m\u00e8tres <br \/> Accessoires : Casque d&rsquo;\u00e9coute <br \/> Capacit\u00e9 de la batterie : 3.7V600mah <br \/> Microphones : Microphones tr\u00e8s sensibles tous point\u00e9s <br \/> Taille : 152 x79x 180 <br \/> Dur\u00e9e : 5 heures <br \/> Taille de l&rsquo;ergot : 70mm  <\/p>\n<p> <img decoding=\"async\" src=\"https:\/\/cf.cjdropshipping.com\/39c5b69f-d8c0-4ed5-aea2-81d0e30a2f30.jpg\"> <img decoding=\"async\" src=\"https:\/\/cf.cjdropshipping.com\/84b1b4ac-7997-424b-ad74-759fc9f9abd0.jpg\"> <img decoding=\"async\" src=\"https:\/\/cf.cjdropshipping.com\/c65f8497-699e-4255-bf35-dd9def230772.jpg\"> <img decoding=\"async\" src=\"https:\/\/cf.cjdropshipping.com\/ca22b87b-f04b-4a3e-b784-53cc2fef3fd5.jpg\"> <img decoding=\"async\" src=\"https:\/\/cf.cjdropshipping.com\/7b321082-6737-41c1-a613-cbbe44b7aee1.jpg\"> <img decoding=\"async\" src=\"https:\/\/cf.cjdropshipping.com\/8c4a9775-ca1e-4d53-baa4-cf13b2f3a532.jpg\">  <\/p>\n","protected":false},"excerpt":{"rendered":"<p>Nom du produit : Fanatic &#8211; B570 Version Bluetooth :4.0+EDR+CL ASS2 Distance de transmission : inf\u00e9rieure ou \u00e9gale \u00e0 10 m\u00e8tres Accessoires : Casque d&rsquo;\u00e9coute Capacit\u00e9 de la batterie : 3.7V600mah Microphones : Microphones tr\u00e8s sensibles tous point\u00e9s Taille : 152 x79x 180 Dur\u00e9e : 5 heures Taille de l&rsquo;ergot : 70mm<\/p>\n","protected":false},"featured_media":11347,"comment_status":"open","ping_status":"closed","template":"","meta":{"content-type":""},"product_brand":[],"product_cat":[753],"product_tag":[],"class_list":{"0":"post-33259","1":"product","2":"type-product","3":"status-publish","4":"has-post-thumbnail","6":"product_cat-casques-decoute","8":"first","9":"instock","10":"taxable","11":"shipping-taxable","12":"purchasable","13":"product-type-variable","14":"add-to-wishlist-after_add_to_cart"},"yoast_head":"<!-- This site is optimized with the Yoast SEO plugin v27.4 - https:\/\/yoast.com\/product\/yoast-seo-wordpress\/ -->\n<title>Casque d&#039;\u00e9coute sans fil - Aigle Shopping Canada<\/title>\n<meta name=\"robots\" content=\"index, follow, max-snippet:-1, max-image-preview:large, max-video-preview:-1\" \/>\n<link rel=\"canonical\" href=\"https:\/\/aigleshopping.ca\/fr\/produit\/casque-decoute-sans-fil\/\" \/>\n<meta property=\"og:locale\" content=\"fr_FR\" \/>\n<meta property=\"og:type\" content=\"article\" \/>\n<meta property=\"og:title\" content=\"Casque d&#039;\u00e9coute sans fil - Aigle Shopping Canada\" \/>\n<meta property=\"og:description\" content=\"Nom du produit : Fanatic &#8211; B570 Version Bluetooth :4.0+EDR+CL ASS2 Distance de transmission : inf\u00e9rieure ou \u00e9gale \u00e0 10 m\u00e8tres Accessoires : Casque d&rsquo;\u00e9coute Capacit\u00e9 de la batterie : 3.7V600mah Microphones : Microphones tr\u00e8s sensibles tous point\u00e9s Taille : 152 x79x 180 Dur\u00e9e : 5 heures Taille de l&rsquo;ergot : 70mm\" \/>\n<meta property=\"og:url\" content=\"https:\/\/aigleshopping.ca\/fr\/produit\/casque-decoute-sans-fil\/\" \/>\n<meta property=\"og:site_name\" content=\"Aigle Shopping Canada\" \/>\n<meta property=\"og:image\" content=\"https:\/\/aigleshopping.ca\/wp-content\/uploads\/2025\/03\/2156573896_29201416.400x400.jpg\" \/>\n\t<meta property=\"og:image:width\" content=\"400\" \/>\n\t<meta property=\"og:image:height\" content=\"400\" \/>\n\t<meta property=\"og:image:type\" content=\"image\/jpeg\" \/>\n<meta name=\"twitter:card\" content=\"summary_large_image\" \/>\n<script type=\"application\/ld+json\" class=\"yoast-schema-graph\">{\"@context\":\"https:\\\/\\\/schema.org\",\"@graph\":[{\"@type\":\"WebPage\",\"@id\":\"https:\\\/\\\/aigleshopping.ca\\\/fr\\\/produit\\\/casque-decoute-sans-fil\\\/\",\"url\":\"https:\\\/\\\/aigleshopping.ca\\\/fr\\\/produit\\\/casque-decoute-sans-fil\\\/\",\"name\":\"Casque d'\u00e9coute sans fil - Aigle Shopping Canada\",\"isPartOf\":{\"@id\":\"https:\\\/\\\/aigleshopping.ca\\\/#website\"},\"primaryImageOfPage\":{\"@id\":\"https:\\\/\\\/aigleshopping.ca\\\/fr\\\/produit\\\/casque-decoute-sans-fil\\\/#primaryimage\"},\"image\":{\"@id\":\"https:\\\/\\\/aigleshopping.ca\\\/fr\\\/produit\\\/casque-decoute-sans-fil\\\/#primaryimage\"},\"thumbnailUrl\":\"https:\\\/\\\/aigleshopping.ca\\\/wp-content\\\/uploads\\\/2025\\\/03\\\/2156573896_29201416.400x400.jpg\",\"datePublished\":\"2025-03-06T23:52:18+00:00\",\"breadcrumb\":{\"@id\":\"https:\\\/\\\/aigleshopping.ca\\\/fr\\\/produit\\\/casque-decoute-sans-fil\\\/#breadcrumb\"},\"inLanguage\":\"fr-FR\",\"potentialAction\":[{\"@type\":\"ReadAction\",\"target\":[\"https:\\\/\\\/aigleshopping.ca\\\/fr\\\/produit\\\/casque-decoute-sans-fil\\\/\"]}]},{\"@type\":\"ImageObject\",\"inLanguage\":\"fr-FR\",\"@id\":\"https:\\\/\\\/aigleshopping.ca\\\/fr\\\/produit\\\/casque-decoute-sans-fil\\\/#primaryimage\",\"url\":\"https:\\\/\\\/aigleshopping.ca\\\/wp-content\\\/uploads\\\/2025\\\/03\\\/2156573896_29201416.400x400.jpg\",\"contentUrl\":\"https:\\\/\\\/aigleshopping.ca\\\/wp-content\\\/uploads\\\/2025\\\/03\\\/2156573896_29201416.400x400.jpg\",\"width\":400,\"height\":400},{\"@type\":\"BreadcrumbList\",\"@id\":\"https:\\\/\\\/aigleshopping.ca\\\/fr\\\/produit\\\/casque-decoute-sans-fil\\\/#breadcrumb\",\"itemListElement\":[{\"@type\":\"ListItem\",\"position\":1,\"name\":\"Home\",\"item\":\"https:\\\/\\\/aigleshopping.ca\\\/fr\\\/home\\\/\"},{\"@type\":\"ListItem\",\"position\":2,\"name\":\"Products\",\"item\":\"https:\\\/\\\/aigleshopping.ca\\\/shop\\\/\"},{\"@type\":\"ListItem\",\"position\":3,\"name\":\"Casque d&#8217;\u00e9coute sans fil\"}]},{\"@type\":\"WebSite\",\"@id\":\"https:\\\/\\\/aigleshopping.ca\\\/#website\",\"url\":\"https:\\\/\\\/aigleshopping.ca\\\/\",\"name\":\"Aigle Shopping Canada\",\"description\":\"Au-del\u00e0 des fronti\u00e8res, pour vous offrir le\u00a0meilleur!\",\"publisher\":{\"@id\":\"https:\\\/\\\/aigleshopping.ca\\\/#organization\"},\"potentialAction\":[{\"@type\":\"SearchAction\",\"target\":{\"@type\":\"EntryPoint\",\"urlTemplate\":\"https:\\\/\\\/aigleshopping.ca\\\/?s={search_term_string}\"},\"query-input\":{\"@type\":\"PropertyValueSpecification\",\"valueRequired\":true,\"valueName\":\"search_term_string\"}}],\"inLanguage\":\"fr-FR\"},{\"@type\":\"Organization\",\"@id\":\"https:\\\/\\\/aigleshopping.ca\\\/#organization\",\"name\":\"Aigle Shopping Canada\",\"url\":\"https:\\\/\\\/aigleshopping.ca\\\/\",\"logo\":{\"@type\":\"ImageObject\",\"inLanguage\":\"fr-FR\",\"@id\":\"https:\\\/\\\/aigleshopping.ca\\\/#\\\/schema\\\/logo\\\/image\\\/\",\"url\":\"https:\\\/\\\/aigleshopping.ca\\\/wp-content\\\/uploads\\\/2025\\\/12\\\/logo_aigleshopping_ca.png\",\"contentUrl\":\"https:\\\/\\\/aigleshopping.ca\\\/wp-content\\\/uploads\\\/2025\\\/12\\\/logo_aigleshopping_ca.png\",\"width\":800,\"height\":233,\"caption\":\"Aigle Shopping Canada\"},\"image\":{\"@id\":\"https:\\\/\\\/aigleshopping.ca\\\/#\\\/schema\\\/logo\\\/image\\\/\"}}]}<\/script>\n<!-- \/ Yoast SEO plugin. -->","yoast_head_json":{"title":"Casque d'\u00e9coute sans fil - Aigle Shopping Canada","robots":{"index":"index","follow":"follow","max-snippet":"max-snippet:-1","max-image-preview":"max-image-preview:large","max-video-preview":"max-video-preview:-1"},"canonical":"https:\/\/aigleshopping.ca\/fr\/produit\/casque-decoute-sans-fil\/","og_locale":"fr_FR","og_type":"article","og_title":"Casque d'\u00e9coute sans fil - Aigle Shopping Canada","og_description":"Nom du produit : Fanatic &#8211; B570 Version Bluetooth :4.0+EDR+CL ASS2 Distance de transmission : inf\u00e9rieure ou \u00e9gale \u00e0 10 m\u00e8tres Accessoires : Casque d&rsquo;\u00e9coute Capacit\u00e9 de la batterie : 3.7V600mah Microphones : Microphones tr\u00e8s sensibles tous point\u00e9s Taille : 152 x79x 180 Dur\u00e9e : 5 heures Taille de l&rsquo;ergot : 70mm","og_url":"https:\/\/aigleshopping.ca\/fr\/produit\/casque-decoute-sans-fil\/","og_site_name":"Aigle Shopping Canada","og_image":[{"width":400,"height":400,"url":"https:\/\/aigleshopping.ca\/wp-content\/uploads\/2025\/03\/2156573896_29201416.400x400.jpg","type":"image\/jpeg"}],"twitter_card":"summary_large_image","schema":{"@context":"https:\/\/schema.org","@graph":[{"@type":"WebPage","@id":"https:\/\/aigleshopping.ca\/fr\/produit\/casque-decoute-sans-fil\/","url":"https:\/\/aigleshopping.ca\/fr\/produit\/casque-decoute-sans-fil\/","name":"Casque d'\u00e9coute sans fil - Aigle Shopping Canada","isPartOf":{"@id":"https:\/\/aigleshopping.ca\/#website"},"primaryImageOfPage":{"@id":"https:\/\/aigleshopping.ca\/fr\/produit\/casque-decoute-sans-fil\/#primaryimage"},"image":{"@id":"https:\/\/aigleshopping.ca\/fr\/produit\/casque-decoute-sans-fil\/#primaryimage"},"thumbnailUrl":"https:\/\/aigleshopping.ca\/wp-content\/uploads\/2025\/03\/2156573896_29201416.400x400.jpg","datePublished":"2025-03-06T23:52:18+00:00","breadcrumb":{"@id":"https:\/\/aigleshopping.ca\/fr\/produit\/casque-decoute-sans-fil\/#breadcrumb"},"inLanguage":"fr-FR","potentialAction":[{"@type":"ReadAction","target":["https:\/\/aigleshopping.ca\/fr\/produit\/casque-decoute-sans-fil\/"]}]},{"@type":"ImageObject","inLanguage":"fr-FR","@id":"https:\/\/aigleshopping.ca\/fr\/produit\/casque-decoute-sans-fil\/#primaryimage","url":"https:\/\/aigleshopping.ca\/wp-content\/uploads\/2025\/03\/2156573896_29201416.400x400.jpg","contentUrl":"https:\/\/aigleshopping.ca\/wp-content\/uploads\/2025\/03\/2156573896_29201416.400x400.jpg","width":400,"height":400},{"@type":"BreadcrumbList","@id":"https:\/\/aigleshopping.ca\/fr\/produit\/casque-decoute-sans-fil\/#breadcrumb","itemListElement":[{"@type":"ListItem","position":1,"name":"Home","item":"https:\/\/aigleshopping.ca\/fr\/home\/"},{"@type":"ListItem","position":2,"name":"Products","item":"https:\/\/aigleshopping.ca\/shop\/"},{"@type":"ListItem","position":3,"name":"Casque d&#8217;\u00e9coute sans fil"}]},{"@type":"WebSite","@id":"https:\/\/aigleshopping.ca\/#website","url":"https:\/\/aigleshopping.ca\/","name":"Aigle Shopping Canada","description":"Au-del\u00e0 des fronti\u00e8res, pour vous offrir le\u00a0meilleur!","publisher":{"@id":"https:\/\/aigleshopping.ca\/#organization"},"potentialAction":[{"@type":"SearchAction","target":{"@type":"EntryPoint","urlTemplate":"https:\/\/aigleshopping.ca\/?s={search_term_string}"},"query-input":{"@type":"PropertyValueSpecification","valueRequired":true,"valueName":"search_term_string"}}],"inLanguage":"fr-FR"},{"@type":"Organization","@id":"https:\/\/aigleshopping.ca\/#organization","name":"Aigle Shopping Canada","url":"https:\/\/aigleshopping.ca\/","logo":{"@type":"ImageObject","inLanguage":"fr-FR","@id":"https:\/\/aigleshopping.ca\/#\/schema\/logo\/image\/","url":"https:\/\/aigleshopping.ca\/wp-content\/uploads\/2025\/12\/logo_aigleshopping_ca.png","contentUrl":"https:\/\/aigleshopping.ca\/wp-content\/uploads\/2025\/12\/logo_aigleshopping_ca.png","width":800,"height":233,"caption":"Aigle Shopping Canada"},"image":{"@id":"https:\/\/aigleshopping.ca\/#\/schema\/logo\/image\/"}}]}},"jetpack_sharing_enabled":true,"_links":{"self":[{"href":"https:\/\/aigleshopping.ca\/fr\/wp-json\/wp\/v2\/product\/33259","targetHints":{"allow":["GET"]}}],"collection":[{"href":"https:\/\/aigleshopping.ca\/fr\/wp-json\/wp\/v2\/product"}],"about":[{"href":"https:\/\/aigleshopping.ca\/fr\/wp-json\/wp\/v2\/types\/product"}],"replies":[{"embeddable":true,"href":"https:\/\/aigleshopping.ca\/fr\/wp-json\/wp\/v2\/comments?post=33259"}],"wp:featuredmedia":[{"embeddable":true,"href":"https:\/\/aigleshopping.ca\/fr\/wp-json\/wp\/v2\/media\/11347"}],"wp:attachment":[{"href":"https:\/\/aigleshopping.ca\/fr\/wp-json\/wp\/v2\/media?parent=33259"}],"wp:term":[{"taxonomy":"product_brand","embeddable":true,"href":"https:\/\/aigleshopping.ca\/fr\/wp-json\/wp\/v2\/product_brand?post=33259"},{"taxonomy":"product_cat","embeddable":true,"href":"https:\/\/aigleshopping.ca\/fr\/wp-json\/wp\/v2\/product_cat?post=33259"},{"taxonomy":"product_tag","embeddable":true,"href":"https:\/\/aigleshopping.ca\/fr\/wp-json\/wp\/v2\/product_tag?post=33259"}],"curies":[{"name":"wp","href":"https:\/\/api.w.org\/{rel}","templated":true}]}}