{"id":33267,"date":"2025-03-06T23:54:42","date_gmt":"2025-03-06T23:54:42","guid":{"rendered":"https:\/\/aigleshopping.ca\/produit\/ecouteurs-ecouteurs-sans-fil-bluetooth-ecouteurs-hd-call-waterproof-headsets-pour-tous-telephones-intelligents\/"},"modified":"2025-03-06T23:54:42","modified_gmt":"2025-03-06T23:54:42","slug":"ecouteurs-ecouteurs-sans-fil-bluetooth-ecouteurs-hd-call-waterproof-headsets-pour-tous-telephones-intelligents","status":"publish","type":"product","link":"https:\/\/aigleshopping.ca\/fr\/produit\/ecouteurs-ecouteurs-sans-fil-bluetooth-ecouteurs-hd-call-waterproof-headsets-pour-tous-telephones-intelligents\/","title":{"rendered":"Ecouteurs Ecouteurs sans fil Bluetooth Ecouteurs HD Call Waterproof Headsets Pour Tous T\u00e9l\u00e9phones Intelligents"},"content":{"rendered":"<p> <b>Vue d&rsquo;ensemble :<\/b> <br \/> 100% nouveau design et haute qualit\u00e9 <br \/> Puce intelligente <br \/> Longue dur\u00e9e de vie de la batterie <br \/> Fonctionnement tactile  <\/p>\n<p> <b>Sp\u00e9cification :<\/b> <br \/> Port\u00e9e de transmission : 10 m\u00e8tres <br \/> Fonction : affichage de la batterie, commande vocale, fonction d&rsquo;appel, prise en charge de la musique <br \/> Protocole Bluetooth : 5.1 <br \/> Canal : St\u00e9r\u00e9o <br \/> Mode d&#8217;emploi : Type de bouchon d&rsquo;oreille <br \/> Simple ou double oreille : st\u00e9r\u00e9o bilat\u00e9rale <br \/> Couleur : noir, blanc, violet, rose, vert, bleu <br \/> Bande de fr\u00e9quence Bluetooth : 2.4GHZ <br \/> Capacit\u00e9 de la batterie : 28mAh int\u00e9gr\u00e9e aux oreilles gauche et droite, batterie 300mAh avec plaque de protection <br \/> Sp\u00e9cification du haut-parleur : haut-parleur \u00e0 membrane en titane  <\/p>\n<p> <b>Contenu de l&#8217;emballage :<\/b> <br \/> Bo\u00eete d&#8217;emballage\/instructions\/c\u00e2ble de donn\u00e9es de charge\/support int\u00e9rieur*1   <\/p>\n<p> <b>&nbsp;<\/b> <img decoding=\"async\" src=\"https:\/\/cf.cjdropshipping.com\/49be8e8b-f403-42b6-b639-edb715f03564.jpg\"> <img decoding=\"async\" src=\"https:\/\/cf.cjdropshipping.com\/0a3f3a8c-d192-4f29-b947-ad6554e9383f.jpg\"> <img decoding=\"async\" src=\"https:\/\/cf.cjdropshipping.com\/87a27a48-3e11-4dd8-8f64-b079257c38b8.jpg\"> <img decoding=\"async\" src=\"https:\/\/cf.cjdropshipping.com\/680ff830-7168-4cee-9bf7-67b81ee9b0ae.jpg\"> <img decoding=\"async\" src=\"https:\/\/cf.cjdropshipping.com\/55b7c813-bba1-4473-b433-19073bc951a5.jpg\"> <img decoding=\"async\" src=\"https:\/\/cf.cjdropshipping.com\/43c6f6e2-43b7-47dc-a3d5-9dffd301ae6d.jpg\"> <img decoding=\"async\" src=\"https:\/\/cf.cjdropshipping.com\/1b9a5d5b-870c-49b7-b9c4-b5ed1a58aa7b.jpg\"> <b> <br \/> <\/b> <\/p>\n","protected":false},"excerpt":{"rendered":"<p>Vue d&rsquo;ensemble : 100% nouveau design et haute qualit\u00e9 Puce intelligente Longue dur\u00e9e de vie de la batterie Fonctionnement tactile Sp\u00e9cification : Port\u00e9e de transmission : 10 m\u00e8tres Fonction : affichage de la batterie, commande vocale, fonction d&rsquo;appel, prise en charge de la musique Protocole Bluetooth : 5.1 Canal : St\u00e9r\u00e9o Mode d&#8217;emploi : Type [&hellip;]<\/p>\n","protected":false},"featured_media":11402,"comment_status":"open","ping_status":"closed","template":"","meta":{"content-type":""},"product_brand":[],"product_cat":[755],"product_tag":[],"class_list":{"0":"post-33267","1":"product","2":"type-product","3":"status-publish","4":"has-post-thumbnail","6":"product_cat-casques-sans-fil","8":"first","9":"instock","10":"taxable","11":"shipping-taxable","12":"purchasable","13":"product-type-variable","14":"add-to-wishlist-after_add_to_cart"},"yoast_head":"<!-- This site is optimized with the Yoast SEO plugin v27.4 - https:\/\/yoast.com\/product\/yoast-seo-wordpress\/ -->\n<title>Ecouteurs Ecouteurs sans fil Bluetooth Ecouteurs HD Call Waterproof Headsets Pour Tous T\u00e9l\u00e9phones Intelligents - Aigle Shopping Canada<\/title>\n<meta name=\"robots\" content=\"index, follow, max-snippet:-1, max-image-preview:large, max-video-preview:-1\" \/>\n<link rel=\"canonical\" href=\"https:\/\/aigleshopping.ca\/fr\/produit\/ecouteurs-ecouteurs-sans-fil-bluetooth-ecouteurs-hd-call-waterproof-headsets-pour-tous-telephones-intelligents\/\" \/>\n<meta property=\"og:locale\" content=\"fr_FR\" \/>\n<meta property=\"og:type\" content=\"article\" \/>\n<meta property=\"og:title\" content=\"Ecouteurs Ecouteurs sans fil Bluetooth Ecouteurs HD Call Waterproof Headsets Pour Tous T\u00e9l\u00e9phones Intelligents - Aigle Shopping Canada\" \/>\n<meta property=\"og:description\" content=\"Vue d&rsquo;ensemble : 100% nouveau design et haute qualit\u00e9 Puce intelligente Longue dur\u00e9e de vie de la batterie Fonctionnement tactile Sp\u00e9cification : Port\u00e9e de transmission : 10 m\u00e8tres Fonction : affichage de la batterie, commande vocale, fonction d&rsquo;appel, prise en charge de la musique Protocole Bluetooth : 5.1 Canal : St\u00e9r\u00e9o Mode d&#8217;emploi : Type [&hellip;]\" \/>\n<meta property=\"og:url\" content=\"https:\/\/aigleshopping.ca\/fr\/produit\/ecouteurs-ecouteurs-sans-fil-bluetooth-ecouteurs-hd-call-waterproof-headsets-pour-tous-telephones-intelligents\/\" \/>\n<meta property=\"og:site_name\" content=\"Aigle Shopping Canada\" \/>\n<meta property=\"og:image\" content=\"https:\/\/aigleshopping.ca\/wp-content\/uploads\/2025\/03\/49d013d9-c960-41dd-a5e1-b938cd51f94c.jpg\" \/>\n\t<meta property=\"og:image:width\" content=\"800\" \/>\n\t<meta property=\"og:image:height\" content=\"800\" \/>\n\t<meta property=\"og:image:type\" content=\"image\/jpeg\" \/>\n<meta name=\"twitter:card\" content=\"summary_large_image\" \/>\n<meta name=\"twitter:label1\" content=\"Dur\u00e9e de lecture estim\u00e9e\" \/>\n\t<meta name=\"twitter:data1\" content=\"1 minute\" \/>\n<script type=\"application\/ld+json\" class=\"yoast-schema-graph\">{\"@context\":\"https:\\\/\\\/schema.org\",\"@graph\":[{\"@type\":\"WebPage\",\"@id\":\"https:\\\/\\\/aigleshopping.ca\\\/fr\\\/produit\\\/ecouteurs-ecouteurs-sans-fil-bluetooth-ecouteurs-hd-call-waterproof-headsets-pour-tous-telephones-intelligents\\\/\",\"url\":\"https:\\\/\\\/aigleshopping.ca\\\/fr\\\/produit\\\/ecouteurs-ecouteurs-sans-fil-bluetooth-ecouteurs-hd-call-waterproof-headsets-pour-tous-telephones-intelligents\\\/\",\"name\":\"Ecouteurs Ecouteurs sans fil Bluetooth Ecouteurs HD Call Waterproof Headsets Pour Tous T\u00e9l\u00e9phones Intelligents - Aigle Shopping Canada\",\"isPartOf\":{\"@id\":\"https:\\\/\\\/aigleshopping.ca\\\/#website\"},\"primaryImageOfPage\":{\"@id\":\"https:\\\/\\\/aigleshopping.ca\\\/fr\\\/produit\\\/ecouteurs-ecouteurs-sans-fil-bluetooth-ecouteurs-hd-call-waterproof-headsets-pour-tous-telephones-intelligents\\\/#primaryimage\"},\"image\":{\"@id\":\"https:\\\/\\\/aigleshopping.ca\\\/fr\\\/produit\\\/ecouteurs-ecouteurs-sans-fil-bluetooth-ecouteurs-hd-call-waterproof-headsets-pour-tous-telephones-intelligents\\\/#primaryimage\"},\"thumbnailUrl\":\"https:\\\/\\\/aigleshopping.ca\\\/wp-content\\\/uploads\\\/2025\\\/03\\\/49d013d9-c960-41dd-a5e1-b938cd51f94c.jpg\",\"datePublished\":\"2025-03-06T23:54:42+00:00\",\"breadcrumb\":{\"@id\":\"https:\\\/\\\/aigleshopping.ca\\\/fr\\\/produit\\\/ecouteurs-ecouteurs-sans-fil-bluetooth-ecouteurs-hd-call-waterproof-headsets-pour-tous-telephones-intelligents\\\/#breadcrumb\"},\"inLanguage\":\"fr-FR\",\"potentialAction\":[{\"@type\":\"ReadAction\",\"target\":[\"https:\\\/\\\/aigleshopping.ca\\\/fr\\\/produit\\\/ecouteurs-ecouteurs-sans-fil-bluetooth-ecouteurs-hd-call-waterproof-headsets-pour-tous-telephones-intelligents\\\/\"]}]},{\"@type\":\"ImageObject\",\"inLanguage\":\"fr-FR\",\"@id\":\"https:\\\/\\\/aigleshopping.ca\\\/fr\\\/produit\\\/ecouteurs-ecouteurs-sans-fil-bluetooth-ecouteurs-hd-call-waterproof-headsets-pour-tous-telephones-intelligents\\\/#primaryimage\",\"url\":\"https:\\\/\\\/aigleshopping.ca\\\/wp-content\\\/uploads\\\/2025\\\/03\\\/49d013d9-c960-41dd-a5e1-b938cd51f94c.jpg\",\"contentUrl\":\"https:\\\/\\\/aigleshopping.ca\\\/wp-content\\\/uploads\\\/2025\\\/03\\\/49d013d9-c960-41dd-a5e1-b938cd51f94c.jpg\",\"width\":800,\"height\":800},{\"@type\":\"BreadcrumbList\",\"@id\":\"https:\\\/\\\/aigleshopping.ca\\\/fr\\\/produit\\\/ecouteurs-ecouteurs-sans-fil-bluetooth-ecouteurs-hd-call-waterproof-headsets-pour-tous-telephones-intelligents\\\/#breadcrumb\",\"itemListElement\":[{\"@type\":\"ListItem\",\"position\":1,\"name\":\"Home\",\"item\":\"https:\\\/\\\/aigleshopping.ca\\\/fr\\\/home\\\/\"},{\"@type\":\"ListItem\",\"position\":2,\"name\":\"Products\",\"item\":\"https:\\\/\\\/aigleshopping.ca\\\/shop\\\/\"},{\"@type\":\"ListItem\",\"position\":3,\"name\":\"Ecouteurs Ecouteurs sans fil Bluetooth Ecouteurs HD Call Waterproof Headsets Pour Tous T\u00e9l\u00e9phones Intelligents\"}]},{\"@type\":\"WebSite\",\"@id\":\"https:\\\/\\\/aigleshopping.ca\\\/#website\",\"url\":\"https:\\\/\\\/aigleshopping.ca\\\/\",\"name\":\"Aigle Shopping Canada\",\"description\":\"Au-del\u00e0 des fronti\u00e8res, pour vous offrir le\u00a0meilleur!\",\"publisher\":{\"@id\":\"https:\\\/\\\/aigleshopping.ca\\\/#organization\"},\"potentialAction\":[{\"@type\":\"SearchAction\",\"target\":{\"@type\":\"EntryPoint\",\"urlTemplate\":\"https:\\\/\\\/aigleshopping.ca\\\/?s={search_term_string}\"},\"query-input\":{\"@type\":\"PropertyValueSpecification\",\"valueRequired\":true,\"valueName\":\"search_term_string\"}}],\"inLanguage\":\"fr-FR\"},{\"@type\":\"Organization\",\"@id\":\"https:\\\/\\\/aigleshopping.ca\\\/#organization\",\"name\":\"Aigle Shopping Canada\",\"url\":\"https:\\\/\\\/aigleshopping.ca\\\/\",\"logo\":{\"@type\":\"ImageObject\",\"inLanguage\":\"fr-FR\",\"@id\":\"https:\\\/\\\/aigleshopping.ca\\\/#\\\/schema\\\/logo\\\/image\\\/\",\"url\":\"https:\\\/\\\/aigleshopping.ca\\\/wp-content\\\/uploads\\\/2025\\\/12\\\/logo_aigleshopping_ca.png\",\"contentUrl\":\"https:\\\/\\\/aigleshopping.ca\\\/wp-content\\\/uploads\\\/2025\\\/12\\\/logo_aigleshopping_ca.png\",\"width\":800,\"height\":233,\"caption\":\"Aigle Shopping Canada\"},\"image\":{\"@id\":\"https:\\\/\\\/aigleshopping.ca\\\/#\\\/schema\\\/logo\\\/image\\\/\"}}]}<\/script>\n<!-- \/ Yoast SEO plugin. -->","yoast_head_json":{"title":"Ecouteurs Ecouteurs sans fil Bluetooth Ecouteurs HD Call Waterproof Headsets Pour Tous T\u00e9l\u00e9phones Intelligents - Aigle Shopping Canada","robots":{"index":"index","follow":"follow","max-snippet":"max-snippet:-1","max-image-preview":"max-image-preview:large","max-video-preview":"max-video-preview:-1"},"canonical":"https:\/\/aigleshopping.ca\/fr\/produit\/ecouteurs-ecouteurs-sans-fil-bluetooth-ecouteurs-hd-call-waterproof-headsets-pour-tous-telephones-intelligents\/","og_locale":"fr_FR","og_type":"article","og_title":"Ecouteurs Ecouteurs sans fil Bluetooth Ecouteurs HD Call Waterproof Headsets Pour Tous T\u00e9l\u00e9phones Intelligents - Aigle Shopping Canada","og_description":"Vue d&rsquo;ensemble : 100% nouveau design et haute qualit\u00e9 Puce intelligente Longue dur\u00e9e de vie de la batterie Fonctionnement tactile Sp\u00e9cification : Port\u00e9e de transmission : 10 m\u00e8tres Fonction : affichage de la batterie, commande vocale, fonction d&rsquo;appel, prise en charge de la musique Protocole Bluetooth : 5.1 Canal : St\u00e9r\u00e9o Mode d&#8217;emploi : Type [&hellip;]","og_url":"https:\/\/aigleshopping.ca\/fr\/produit\/ecouteurs-ecouteurs-sans-fil-bluetooth-ecouteurs-hd-call-waterproof-headsets-pour-tous-telephones-intelligents\/","og_site_name":"Aigle Shopping Canada","og_image":[{"width":800,"height":800,"url":"https:\/\/aigleshopping.ca\/wp-content\/uploads\/2025\/03\/49d013d9-c960-41dd-a5e1-b938cd51f94c.jpg","type":"image\/jpeg"}],"twitter_card":"summary_large_image","twitter_misc":{"Dur\u00e9e de lecture estim\u00e9e":"1 minute"},"schema":{"@context":"https:\/\/schema.org","@graph":[{"@type":"WebPage","@id":"https:\/\/aigleshopping.ca\/fr\/produit\/ecouteurs-ecouteurs-sans-fil-bluetooth-ecouteurs-hd-call-waterproof-headsets-pour-tous-telephones-intelligents\/","url":"https:\/\/aigleshopping.ca\/fr\/produit\/ecouteurs-ecouteurs-sans-fil-bluetooth-ecouteurs-hd-call-waterproof-headsets-pour-tous-telephones-intelligents\/","name":"Ecouteurs Ecouteurs sans fil Bluetooth Ecouteurs HD Call Waterproof Headsets Pour Tous T\u00e9l\u00e9phones Intelligents - Aigle Shopping Canada","isPartOf":{"@id":"https:\/\/aigleshopping.ca\/#website"},"primaryImageOfPage":{"@id":"https:\/\/aigleshopping.ca\/fr\/produit\/ecouteurs-ecouteurs-sans-fil-bluetooth-ecouteurs-hd-call-waterproof-headsets-pour-tous-telephones-intelligents\/#primaryimage"},"image":{"@id":"https:\/\/aigleshopping.ca\/fr\/produit\/ecouteurs-ecouteurs-sans-fil-bluetooth-ecouteurs-hd-call-waterproof-headsets-pour-tous-telephones-intelligents\/#primaryimage"},"thumbnailUrl":"https:\/\/aigleshopping.ca\/wp-content\/uploads\/2025\/03\/49d013d9-c960-41dd-a5e1-b938cd51f94c.jpg","datePublished":"2025-03-06T23:54:42+00:00","breadcrumb":{"@id":"https:\/\/aigleshopping.ca\/fr\/produit\/ecouteurs-ecouteurs-sans-fil-bluetooth-ecouteurs-hd-call-waterproof-headsets-pour-tous-telephones-intelligents\/#breadcrumb"},"inLanguage":"fr-FR","potentialAction":[{"@type":"ReadAction","target":["https:\/\/aigleshopping.ca\/fr\/produit\/ecouteurs-ecouteurs-sans-fil-bluetooth-ecouteurs-hd-call-waterproof-headsets-pour-tous-telephones-intelligents\/"]}]},{"@type":"ImageObject","inLanguage":"fr-FR","@id":"https:\/\/aigleshopping.ca\/fr\/produit\/ecouteurs-ecouteurs-sans-fil-bluetooth-ecouteurs-hd-call-waterproof-headsets-pour-tous-telephones-intelligents\/#primaryimage","url":"https:\/\/aigleshopping.ca\/wp-content\/uploads\/2025\/03\/49d013d9-c960-41dd-a5e1-b938cd51f94c.jpg","contentUrl":"https:\/\/aigleshopping.ca\/wp-content\/uploads\/2025\/03\/49d013d9-c960-41dd-a5e1-b938cd51f94c.jpg","width":800,"height":800},{"@type":"BreadcrumbList","@id":"https:\/\/aigleshopping.ca\/fr\/produit\/ecouteurs-ecouteurs-sans-fil-bluetooth-ecouteurs-hd-call-waterproof-headsets-pour-tous-telephones-intelligents\/#breadcrumb","itemListElement":[{"@type":"ListItem","position":1,"name":"Home","item":"https:\/\/aigleshopping.ca\/fr\/home\/"},{"@type":"ListItem","position":2,"name":"Products","item":"https:\/\/aigleshopping.ca\/shop\/"},{"@type":"ListItem","position":3,"name":"Ecouteurs Ecouteurs sans fil Bluetooth Ecouteurs HD Call Waterproof Headsets Pour Tous T\u00e9l\u00e9phones Intelligents"}]},{"@type":"WebSite","@id":"https:\/\/aigleshopping.ca\/#website","url":"https:\/\/aigleshopping.ca\/","name":"Aigle Shopping Canada","description":"Au-del\u00e0 des fronti\u00e8res, pour vous offrir le\u00a0meilleur!","publisher":{"@id":"https:\/\/aigleshopping.ca\/#organization"},"potentialAction":[{"@type":"SearchAction","target":{"@type":"EntryPoint","urlTemplate":"https:\/\/aigleshopping.ca\/?s={search_term_string}"},"query-input":{"@type":"PropertyValueSpecification","valueRequired":true,"valueName":"search_term_string"}}],"inLanguage":"fr-FR"},{"@type":"Organization","@id":"https:\/\/aigleshopping.ca\/#organization","name":"Aigle Shopping Canada","url":"https:\/\/aigleshopping.ca\/","logo":{"@type":"ImageObject","inLanguage":"fr-FR","@id":"https:\/\/aigleshopping.ca\/#\/schema\/logo\/image\/","url":"https:\/\/aigleshopping.ca\/wp-content\/uploads\/2025\/12\/logo_aigleshopping_ca.png","contentUrl":"https:\/\/aigleshopping.ca\/wp-content\/uploads\/2025\/12\/logo_aigleshopping_ca.png","width":800,"height":233,"caption":"Aigle Shopping Canada"},"image":{"@id":"https:\/\/aigleshopping.ca\/#\/schema\/logo\/image\/"}}]}},"jetpack_sharing_enabled":true,"_links":{"self":[{"href":"https:\/\/aigleshopping.ca\/fr\/wp-json\/wp\/v2\/product\/33267","targetHints":{"allow":["GET"]}}],"collection":[{"href":"https:\/\/aigleshopping.ca\/fr\/wp-json\/wp\/v2\/product"}],"about":[{"href":"https:\/\/aigleshopping.ca\/fr\/wp-json\/wp\/v2\/types\/product"}],"replies":[{"embeddable":true,"href":"https:\/\/aigleshopping.ca\/fr\/wp-json\/wp\/v2\/comments?post=33267"}],"wp:featuredmedia":[{"embeddable":true,"href":"https:\/\/aigleshopping.ca\/fr\/wp-json\/wp\/v2\/media\/11402"}],"wp:attachment":[{"href":"https:\/\/aigleshopping.ca\/fr\/wp-json\/wp\/v2\/media?parent=33267"}],"wp:term":[{"taxonomy":"product_brand","embeddable":true,"href":"https:\/\/aigleshopping.ca\/fr\/wp-json\/wp\/v2\/product_brand?post=33267"},{"taxonomy":"product_cat","embeddable":true,"href":"https:\/\/aigleshopping.ca\/fr\/wp-json\/wp\/v2\/product_cat?post=33267"},{"taxonomy":"product_tag","embeddable":true,"href":"https:\/\/aigleshopping.ca\/fr\/wp-json\/wp\/v2\/product_tag?post=33267"}],"curies":[{"name":"wp","href":"https:\/\/api.w.org\/{rel}","templated":true}]}}