{"id":33268,"date":"2025-03-06T23:49:30","date_gmt":"2025-03-06T23:49:30","guid":{"rendered":"https:\/\/aigleshopping.ca\/produit\/casque-decoute-sans-fil-bluetooth\/"},"modified":"2025-03-06T23:49:30","modified_gmt":"2025-03-06T23:49:30","slug":"casque-decoute-sans-fil-bluetooth","status":"publish","type":"product","link":"https:\/\/aigleshopping.ca\/fr\/produit\/casque-decoute-sans-fil-bluetooth\/","title":{"rendered":"Casque d&rsquo;\u00e9coute sans fil bluetooth"},"content":{"rendered":"<div class=\"detailmodule_dynamic\">\n<\/div>\n<div class=\"detailmodule_html\">\n<div class=\"detail-desc-decorate-richtext\">\n<p> <font style=\"vertical-align: inherit\"> <font style=\"vertical-align: inherit\">Protocole Bluetooth : 5.0<\/font> <\/font> <\/p>\n<p> <font style=\"vertical-align: inherit\"> <font style=\"vertical-align: inherit\">Canal : st\u00e9r\u00e9o  <\/font> <\/font> <br \/> <font style=\"vertical-align: inherit\"> <font style=\"vertical-align: inherit\">Mode d&#8217;emploi : Type de bouchon d&rsquo;  <\/font> <\/font> <br \/> <font style=\"vertical-align: inherit\"> <font style=\"vertical-align: inherit\">oreille Oreilles simples et doubles : bilat\u00e9rales tridimensionnelles<\/font> <\/font> <\/p>\n<p> <\/p>\n<p> <font style=\"vertical-align: inherit\"> <font style=\"vertical-align: inherit\">Description :  <\/font> <\/font> <\/p>\n<p> <font style=\"vertical-align: inherit\"> <font style=\"vertical-align: inherit\">1. Invite vocale en anglais.  <\/font> <\/font> <br \/> <font style=\"vertical-align: inherit\"> <font style=\"vertical-align: inherit\">2. Envoyez le num\u00e9ro de t\u00e9l\u00e9phone.  <\/font> <\/font> <br \/> <font style=\"vertical-align: inherit\"> <font style=\"vertical-align: inherit\">3. Visualisez les fonctions du syst\u00e8me IOS.  <\/font> <\/font> <br \/> <font style=\"vertical-align: inherit\"> <font style=\"vertical-align: inherit\">4. R\u00e9pondez\/rejetez l&rsquo;appel.  <\/font> <\/font> <br \/> <font style=\"vertical-align: inherit\"> <font style=\"vertical-align: inherit\">5. Recomposez le dernier num\u00e9ro.  <\/font> <\/font> <br \/> <font style=\"vertical-align: inherit\"> <font style=\"vertical-align: inherit\">6. Qualit\u00e9 vocale HD.  <\/font> <\/font> <br \/> <font style=\"vertical-align: inherit\"> <font style=\"vertical-align: inherit\">7. Solution : solution haut de gamme.  <\/font> <\/font> <br \/> <font style=\"vertical-align: inherit\"> <font style=\"vertical-align: inherit\">8. Mode de compatibilit\u00e9 : compatible avec toutes les versions de Bluetooth.  <\/font> <\/font> <br \/> <font style=\"vertical-align: inherit\"> <font style=\"vertical-align: inherit\">9. Canal de transmission du signal : Cassl2.  <\/font> <\/font> <br \/> <font style=\"vertical-align: inherit\"> <font style=\"vertical-align: inherit\">10. Utilisation : style semi-intra-auriculaire.  <\/font> <\/font> <br \/> <font style=\"vertical-align: inherit\"> <font style=\"vertical-align: inherit\">11. Sensibilit\u00e9 du microphone : \u00e9metteur haut de gamme -42 dB.  <\/font> <\/font> <br \/> <font style=\"vertical-align: inherit\"> <font style=\"vertical-align: inherit\">12. La plus longue distance de transmission : 10-15 m\u00e8tres.<\/font> <\/font> <\/p>\n<p> <\/p>\n<p> <img decoding=\"async\" src=\"https:\/\/cf.cjdropshipping.com\/379fb869-2ae0-4f52-a660-c4fb5d4ec9b7.jpg\"> <img decoding=\"async\" src=\"https:\/\/cf.cjdropshipping.com\/50ecd72a-5875-4e4a-bd00-e0490a9429ed.jpg\"> <img decoding=\"async\" src=\"https:\/\/cf.cjdropshipping.com\/308007cc-896c-4ff0-b03d-5c4a4a68ba0d.jpg\"> <img decoding=\"async\" src=\"https:\/\/cf.cjdropshipping.com\/0832e28d-0d12-4cf6-9c65-c767c2e70f5b.jpg\"> <img decoding=\"async\" src=\"https:\/\/cf.cjdropshipping.com\/49a36710-4f5a-46a1-8e21-06e3ce35bbab.jpg\">  <\/p>\n<p style=\"margin: 0px;font-size: 14px;line-height: inherit;, Arial, Helvetica, sans-serif, Heiti\"> <\/p>\n<\/p><\/div>\n<\/div>\n<div class=\"detailmodule_dynamic\">\n<\/div>\n","protected":false},"excerpt":{"rendered":"<p>Protocole Bluetooth : 5.0 Canal : st\u00e9r\u00e9o Mode d&#8217;emploi : Type de bouchon d&rsquo; oreille Oreilles simples et doubles : bilat\u00e9rales tridimensionnelles Description : 1. Invite vocale en anglais. 2. Envoyez le num\u00e9ro de t\u00e9l\u00e9phone. 3. Visualisez les fonctions du syst\u00e8me IOS. 4. R\u00e9pondez\/rejetez l&rsquo;appel. 5. Recomposez le dernier num\u00e9ro. 6. Qualit\u00e9 vocale HD. 7. [&hellip;]<\/p>\n","protected":false},"featured_media":11301,"comment_status":"open","ping_status":"closed","template":"","meta":{"content-type":""},"product_brand":[],"product_cat":[755],"product_tag":[],"class_list":{"0":"post-33268","1":"product","2":"type-product","3":"status-publish","4":"has-post-thumbnail","6":"product_cat-casques-sans-fil","8":"first","9":"instock","10":"taxable","11":"shipping-taxable","12":"purchasable","13":"product-type-variable","14":"add-to-wishlist-after_add_to_cart"},"yoast_head":"<!-- This site is optimized with the Yoast SEO plugin v27.4 - https:\/\/yoast.com\/product\/yoast-seo-wordpress\/ -->\n<title>Casque d&#039;\u00e9coute sans fil bluetooth - Aigle Shopping Canada<\/title>\n<meta name=\"robots\" content=\"index, follow, max-snippet:-1, max-image-preview:large, max-video-preview:-1\" \/>\n<link rel=\"canonical\" href=\"https:\/\/aigleshopping.ca\/fr\/produit\/casque-decoute-sans-fil-bluetooth\/\" \/>\n<meta property=\"og:locale\" content=\"fr_FR\" \/>\n<meta property=\"og:type\" content=\"article\" \/>\n<meta property=\"og:title\" content=\"Casque d&#039;\u00e9coute sans fil bluetooth - Aigle Shopping Canada\" \/>\n<meta property=\"og:description\" content=\"Protocole Bluetooth : 5.0 Canal : st\u00e9r\u00e9o Mode d&#8217;emploi : Type de bouchon d&rsquo; oreille Oreilles simples et doubles : bilat\u00e9rales tridimensionnelles Description : 1. Invite vocale en anglais. 2. Envoyez le num\u00e9ro de t\u00e9l\u00e9phone. 3. Visualisez les fonctions du syst\u00e8me IOS. 4. R\u00e9pondez\/rejetez l&rsquo;appel. 5. Recomposez le dernier num\u00e9ro. 6. Qualit\u00e9 vocale HD. 7. [&hellip;]\" \/>\n<meta property=\"og:url\" content=\"https:\/\/aigleshopping.ca\/fr\/produit\/casque-decoute-sans-fil-bluetooth\/\" \/>\n<meta property=\"og:site_name\" content=\"Aigle Shopping Canada\" \/>\n<meta property=\"og:image\" content=\"https:\/\/aigleshopping.ca\/wp-content\/uploads\/2025\/03\/386132459951.jpg\" \/>\n\t<meta property=\"og:image:width\" content=\"800\" \/>\n\t<meta property=\"og:image:height\" content=\"800\" \/>\n\t<meta property=\"og:image:type\" content=\"image\/jpeg\" \/>\n<meta name=\"twitter:card\" content=\"summary_large_image\" \/>\n<script type=\"application\/ld+json\" class=\"yoast-schema-graph\">{\"@context\":\"https:\\\/\\\/schema.org\",\"@graph\":[{\"@type\":\"WebPage\",\"@id\":\"https:\\\/\\\/aigleshopping.ca\\\/fr\\\/produit\\\/casque-decoute-sans-fil-bluetooth\\\/\",\"url\":\"https:\\\/\\\/aigleshopping.ca\\\/fr\\\/produit\\\/casque-decoute-sans-fil-bluetooth\\\/\",\"name\":\"Casque d'\u00e9coute sans fil bluetooth - Aigle Shopping Canada\",\"isPartOf\":{\"@id\":\"https:\\\/\\\/aigleshopping.ca\\\/#website\"},\"primaryImageOfPage\":{\"@id\":\"https:\\\/\\\/aigleshopping.ca\\\/fr\\\/produit\\\/casque-decoute-sans-fil-bluetooth\\\/#primaryimage\"},\"image\":{\"@id\":\"https:\\\/\\\/aigleshopping.ca\\\/fr\\\/produit\\\/casque-decoute-sans-fil-bluetooth\\\/#primaryimage\"},\"thumbnailUrl\":\"https:\\\/\\\/aigleshopping.ca\\\/wp-content\\\/uploads\\\/2025\\\/03\\\/386132459951.jpg\",\"datePublished\":\"2025-03-06T23:49:30+00:00\",\"breadcrumb\":{\"@id\":\"https:\\\/\\\/aigleshopping.ca\\\/fr\\\/produit\\\/casque-decoute-sans-fil-bluetooth\\\/#breadcrumb\"},\"inLanguage\":\"fr-FR\",\"potentialAction\":[{\"@type\":\"ReadAction\",\"target\":[\"https:\\\/\\\/aigleshopping.ca\\\/fr\\\/produit\\\/casque-decoute-sans-fil-bluetooth\\\/\"]}]},{\"@type\":\"ImageObject\",\"inLanguage\":\"fr-FR\",\"@id\":\"https:\\\/\\\/aigleshopping.ca\\\/fr\\\/produit\\\/casque-decoute-sans-fil-bluetooth\\\/#primaryimage\",\"url\":\"https:\\\/\\\/aigleshopping.ca\\\/wp-content\\\/uploads\\\/2025\\\/03\\\/386132459951.jpg\",\"contentUrl\":\"https:\\\/\\\/aigleshopping.ca\\\/wp-content\\\/uploads\\\/2025\\\/03\\\/386132459951.jpg\",\"width\":800,\"height\":800},{\"@type\":\"BreadcrumbList\",\"@id\":\"https:\\\/\\\/aigleshopping.ca\\\/fr\\\/produit\\\/casque-decoute-sans-fil-bluetooth\\\/#breadcrumb\",\"itemListElement\":[{\"@type\":\"ListItem\",\"position\":1,\"name\":\"Home\",\"item\":\"https:\\\/\\\/aigleshopping.ca\\\/fr\\\/home\\\/\"},{\"@type\":\"ListItem\",\"position\":2,\"name\":\"Products\",\"item\":\"https:\\\/\\\/aigleshopping.ca\\\/shop\\\/\"},{\"@type\":\"ListItem\",\"position\":3,\"name\":\"Casque d&#8217;\u00e9coute sans fil bluetooth\"}]},{\"@type\":\"WebSite\",\"@id\":\"https:\\\/\\\/aigleshopping.ca\\\/#website\",\"url\":\"https:\\\/\\\/aigleshopping.ca\\\/\",\"name\":\"Aigle Shopping Canada\",\"description\":\"Au-del\u00e0 des fronti\u00e8res, pour vous offrir le\u00a0meilleur!\",\"publisher\":{\"@id\":\"https:\\\/\\\/aigleshopping.ca\\\/#organization\"},\"potentialAction\":[{\"@type\":\"SearchAction\",\"target\":{\"@type\":\"EntryPoint\",\"urlTemplate\":\"https:\\\/\\\/aigleshopping.ca\\\/?s={search_term_string}\"},\"query-input\":{\"@type\":\"PropertyValueSpecification\",\"valueRequired\":true,\"valueName\":\"search_term_string\"}}],\"inLanguage\":\"fr-FR\"},{\"@type\":\"Organization\",\"@id\":\"https:\\\/\\\/aigleshopping.ca\\\/#organization\",\"name\":\"Aigle Shopping Canada\",\"url\":\"https:\\\/\\\/aigleshopping.ca\\\/\",\"logo\":{\"@type\":\"ImageObject\",\"inLanguage\":\"fr-FR\",\"@id\":\"https:\\\/\\\/aigleshopping.ca\\\/#\\\/schema\\\/logo\\\/image\\\/\",\"url\":\"https:\\\/\\\/aigleshopping.ca\\\/wp-content\\\/uploads\\\/2025\\\/12\\\/logo_aigleshopping_ca.png\",\"contentUrl\":\"https:\\\/\\\/aigleshopping.ca\\\/wp-content\\\/uploads\\\/2025\\\/12\\\/logo_aigleshopping_ca.png\",\"width\":800,\"height\":233,\"caption\":\"Aigle Shopping Canada\"},\"image\":{\"@id\":\"https:\\\/\\\/aigleshopping.ca\\\/#\\\/schema\\\/logo\\\/image\\\/\"}}]}<\/script>\n<!-- \/ Yoast SEO plugin. -->","yoast_head_json":{"title":"Casque d'\u00e9coute sans fil bluetooth - Aigle Shopping Canada","robots":{"index":"index","follow":"follow","max-snippet":"max-snippet:-1","max-image-preview":"max-image-preview:large","max-video-preview":"max-video-preview:-1"},"canonical":"https:\/\/aigleshopping.ca\/fr\/produit\/casque-decoute-sans-fil-bluetooth\/","og_locale":"fr_FR","og_type":"article","og_title":"Casque d'\u00e9coute sans fil bluetooth - Aigle Shopping Canada","og_description":"Protocole Bluetooth : 5.0 Canal : st\u00e9r\u00e9o Mode d&#8217;emploi : Type de bouchon d&rsquo; oreille Oreilles simples et doubles : bilat\u00e9rales tridimensionnelles Description : 1. Invite vocale en anglais. 2. Envoyez le num\u00e9ro de t\u00e9l\u00e9phone. 3. Visualisez les fonctions du syst\u00e8me IOS. 4. R\u00e9pondez\/rejetez l&rsquo;appel. 5. Recomposez le dernier num\u00e9ro. 6. Qualit\u00e9 vocale HD. 7. [&hellip;]","og_url":"https:\/\/aigleshopping.ca\/fr\/produit\/casque-decoute-sans-fil-bluetooth\/","og_site_name":"Aigle Shopping Canada","og_image":[{"width":800,"height":800,"url":"https:\/\/aigleshopping.ca\/wp-content\/uploads\/2025\/03\/386132459951.jpg","type":"image\/jpeg"}],"twitter_card":"summary_large_image","schema":{"@context":"https:\/\/schema.org","@graph":[{"@type":"WebPage","@id":"https:\/\/aigleshopping.ca\/fr\/produit\/casque-decoute-sans-fil-bluetooth\/","url":"https:\/\/aigleshopping.ca\/fr\/produit\/casque-decoute-sans-fil-bluetooth\/","name":"Casque d'\u00e9coute sans fil bluetooth - Aigle Shopping Canada","isPartOf":{"@id":"https:\/\/aigleshopping.ca\/#website"},"primaryImageOfPage":{"@id":"https:\/\/aigleshopping.ca\/fr\/produit\/casque-decoute-sans-fil-bluetooth\/#primaryimage"},"image":{"@id":"https:\/\/aigleshopping.ca\/fr\/produit\/casque-decoute-sans-fil-bluetooth\/#primaryimage"},"thumbnailUrl":"https:\/\/aigleshopping.ca\/wp-content\/uploads\/2025\/03\/386132459951.jpg","datePublished":"2025-03-06T23:49:30+00:00","breadcrumb":{"@id":"https:\/\/aigleshopping.ca\/fr\/produit\/casque-decoute-sans-fil-bluetooth\/#breadcrumb"},"inLanguage":"fr-FR","potentialAction":[{"@type":"ReadAction","target":["https:\/\/aigleshopping.ca\/fr\/produit\/casque-decoute-sans-fil-bluetooth\/"]}]},{"@type":"ImageObject","inLanguage":"fr-FR","@id":"https:\/\/aigleshopping.ca\/fr\/produit\/casque-decoute-sans-fil-bluetooth\/#primaryimage","url":"https:\/\/aigleshopping.ca\/wp-content\/uploads\/2025\/03\/386132459951.jpg","contentUrl":"https:\/\/aigleshopping.ca\/wp-content\/uploads\/2025\/03\/386132459951.jpg","width":800,"height":800},{"@type":"BreadcrumbList","@id":"https:\/\/aigleshopping.ca\/fr\/produit\/casque-decoute-sans-fil-bluetooth\/#breadcrumb","itemListElement":[{"@type":"ListItem","position":1,"name":"Home","item":"https:\/\/aigleshopping.ca\/fr\/home\/"},{"@type":"ListItem","position":2,"name":"Products","item":"https:\/\/aigleshopping.ca\/shop\/"},{"@type":"ListItem","position":3,"name":"Casque d&#8217;\u00e9coute sans fil bluetooth"}]},{"@type":"WebSite","@id":"https:\/\/aigleshopping.ca\/#website","url":"https:\/\/aigleshopping.ca\/","name":"Aigle Shopping Canada","description":"Au-del\u00e0 des fronti\u00e8res, pour vous offrir le\u00a0meilleur!","publisher":{"@id":"https:\/\/aigleshopping.ca\/#organization"},"potentialAction":[{"@type":"SearchAction","target":{"@type":"EntryPoint","urlTemplate":"https:\/\/aigleshopping.ca\/?s={search_term_string}"},"query-input":{"@type":"PropertyValueSpecification","valueRequired":true,"valueName":"search_term_string"}}],"inLanguage":"fr-FR"},{"@type":"Organization","@id":"https:\/\/aigleshopping.ca\/#organization","name":"Aigle Shopping Canada","url":"https:\/\/aigleshopping.ca\/","logo":{"@type":"ImageObject","inLanguage":"fr-FR","@id":"https:\/\/aigleshopping.ca\/#\/schema\/logo\/image\/","url":"https:\/\/aigleshopping.ca\/wp-content\/uploads\/2025\/12\/logo_aigleshopping_ca.png","contentUrl":"https:\/\/aigleshopping.ca\/wp-content\/uploads\/2025\/12\/logo_aigleshopping_ca.png","width":800,"height":233,"caption":"Aigle Shopping Canada"},"image":{"@id":"https:\/\/aigleshopping.ca\/#\/schema\/logo\/image\/"}}]}},"jetpack_sharing_enabled":true,"_links":{"self":[{"href":"https:\/\/aigleshopping.ca\/fr\/wp-json\/wp\/v2\/product\/33268","targetHints":{"allow":["GET"]}}],"collection":[{"href":"https:\/\/aigleshopping.ca\/fr\/wp-json\/wp\/v2\/product"}],"about":[{"href":"https:\/\/aigleshopping.ca\/fr\/wp-json\/wp\/v2\/types\/product"}],"replies":[{"embeddable":true,"href":"https:\/\/aigleshopping.ca\/fr\/wp-json\/wp\/v2\/comments?post=33268"}],"wp:featuredmedia":[{"embeddable":true,"href":"https:\/\/aigleshopping.ca\/fr\/wp-json\/wp\/v2\/media\/11301"}],"wp:attachment":[{"href":"https:\/\/aigleshopping.ca\/fr\/wp-json\/wp\/v2\/media?parent=33268"}],"wp:term":[{"taxonomy":"product_brand","embeddable":true,"href":"https:\/\/aigleshopping.ca\/fr\/wp-json\/wp\/v2\/product_brand?post=33268"},{"taxonomy":"product_cat","embeddable":true,"href":"https:\/\/aigleshopping.ca\/fr\/wp-json\/wp\/v2\/product_cat?post=33268"},{"taxonomy":"product_tag","embeddable":true,"href":"https:\/\/aigleshopping.ca\/fr\/wp-json\/wp\/v2\/product_tag?post=33268"}],"curies":[{"name":"wp","href":"https:\/\/api.w.org\/{rel}","templated":true}]}}