{"id":33278,"date":"2025-03-06T23:50:36","date_gmt":"2025-03-06T23:50:36","guid":{"rendered":"https:\/\/aigleshopping.ca\/produit\/casque-decoute-casque-decoute-gaming-casque-decoute-gaming-avec-microphone\/"},"modified":"2025-03-06T23:50:36","modified_gmt":"2025-03-06T23:50:36","slug":"casque-decoute-casque-decoute-gaming-casque-decoute-gaming-avec-microphone","status":"publish","type":"product","link":"https:\/\/aigleshopping.ca\/fr\/produit\/casque-decoute-casque-decoute-gaming-casque-decoute-gaming-avec-microphone\/","title":{"rendered":"Casque d&rsquo;\u00e9coute Casque d&rsquo;\u00e9coute Gaming Casque d&rsquo;\u00e9coute Gaming Avec Microphone"},"content":{"rendered":"<p> <b> <font style=\"vertical-align: inherit\"> <font style=\"vertical-align: inherit\">Informations sur le produit :<\/font> <\/font> <\/b> <\/p>\n<p> <font style=\"vertical-align: inherit\"> <font style=\"vertical-align: inherit\">Type :  <\/font> <\/font> <br \/> <font style=\"vertical-align: inherit\"> <font style=\"vertical-align: inherit\">Casque Type de casque : Casque  <\/font> <\/font> <br \/> <font style=\"vertical-align: inherit\"> <font style=\"vertical-align: inherit\">Style de port : mont\u00e9 sur la t\u00eate  <\/font> <\/font> <br \/> <font style=\"vertical-align: inherit\"> <font style=\"vertical-align: inherit\">Source audio de sortie casque : ordinateur PC  <\/font> <\/font> <br \/> <font style=\"vertical-align: inherit\"> <font style=\"vertical-align: inherit\">Diam\u00e8tre de la prise : 3,5 mm  <\/font> <\/font> <br \/> <font style=\"vertical-align: inherit\"> <font style=\"vertical-align: inherit\">Type de prise : type de prise droite  <\/font> <\/font> <br \/> <font style=\"vertical-align: inherit\"> <font style=\"vertical-align: inherit\">\u00c9couteur sans fil : \u00c9couteur filaire  <\/font> <\/font> <br \/> <font style=\"vertical-align: inherit\"> <font style=\"vertical-align: inherit\">Avec ou sans microphone : Oui  <\/font> <\/font> <br \/> <font style=\"vertical-align: inherit\"> <font style=\"vertical-align: inherit\">Principe du son : bobine mobile  <\/font> <\/font> <br \/> <font style=\"vertical-align: inherit\"> <font style=\"vertical-align: inherit\">Plage de r\u00e9ponse en fr\u00e9quence : 60 (Hz)  <\/font> <\/font> <br \/> <font style=\"vertical-align: inherit\"> <font style=\"vertical-align: inherit\">Imp\u00e9dance : 32 (\u03a9)  <\/font> <\/font> <br \/> <font style=\"vertical-align: inherit\"> <font style=\"vertical-align: inherit\">Sensibilit\u00e9 : 70 (dB)  <\/font> <\/font> <br \/> <font style=\"vertical-align: inherit\"> <font style=\"vertical-align: inherit\">Taux de distorsion : 2 (%)  <\/font> <\/font> <br \/> <font style=\"vertical-align: inherit\"> <font style=\"vertical-align: inherit\">Longueur du fil : 2,2 (m)  <\/font> <\/font> <br \/> <font style=\"vertical-align: inherit\"> <font style=\"vertical-align: inherit\">Diam\u00e8tre du haut-parleur : 50 (\u03a6mm)  <\/font> <\/font> <br \/> <font style=\"vertical-align: inherit\"> <font style=\"vertical-align: inherit\">Mat\u00e9riau des bouchons d&rsquo;oreille\/cache-oreilles : \u00e9ponge  <\/font> <\/font> <br \/> <font style=\"vertical-align: inherit\"> <font style=\"vertical-align: inherit\">Mat\u00e9riau du c\u00e2ble du casque : \u00e9ponge  <\/font> <\/font> <br \/> <font style=\"vertical-align: inherit\"> <font style=\"vertical-align: inherit\">Objectif : Casque antibruit, casque de jeu  <\/font> <\/font> <br \/> <font style=\"vertical-align: inherit\"> <font style=\"vertical-align: inherit\">Poids : 0,4 (g)  <\/font> <\/font> <br \/> <font style=\"vertical-align: inherit\"> <font style=\"vertical-align: inherit\">Liste de colisage : emballage en bo\u00eete de couleur  <\/font> <\/font> <br \/> <font style=\"vertical-align: inherit\"> <font style=\"vertical-align: inherit\">Couleur : 3,5 mm noir, 7.1 noir USB, 3,5 mm rose<\/font> <\/font> <\/p>\n<p> <b> <br \/> <\/b> <\/p>\n<p>  <b> <font style=\"vertical-align: inherit\"> <font style=\"vertical-align: inherit\">Paquet :<\/font> <\/font> <\/b> <br \/> <font style=\"vertical-align: inherit\"> <font style=\"vertical-align: inherit\"> Casque d&rsquo;ordinateur*1<\/font> <\/font>  <\/p>\n<p> <img decoding=\"async\" src=\"https:\/\/cf.cjdropshipping.com\/1618984828266.jpg\"> <img decoding=\"async\" src=\"https:\/\/cf.cjdropshipping.com\/1618984828269.jpg\"> <img decoding=\"async\" src=\"https:\/\/cf.cjdropshipping.com\/1618984828271.jpg\"> <img decoding=\"async\" src=\"https:\/\/cf.cjdropshipping.com\/1618984828280.jpg\"> <img decoding=\"async\" src=\"https:\/\/cf.cjdropshipping.com\/1618984828275.jpg\">  <\/p>\n","protected":false},"excerpt":{"rendered":"<p>Informations sur le produit : Type : Casque Type de casque : Casque Style de port : mont\u00e9 sur la t\u00eate Source audio de sortie casque : ordinateur PC Diam\u00e8tre de la prise : 3,5 mm Type de prise : type de prise droite \u00c9couteur sans fil : \u00c9couteur filaire Avec ou sans microphone : [&hellip;]<\/p>\n","protected":false},"featured_media":11327,"comment_status":"open","ping_status":"closed","template":"","meta":{"content-type":""},"product_brand":[],"product_cat":[753],"product_tag":[],"class_list":{"0":"post-33278","1":"product","2":"type-product","3":"status-publish","4":"has-post-thumbnail","6":"product_cat-casques-decoute","8":"first","9":"instock","10":"taxable","11":"shipping-taxable","12":"purchasable","13":"product-type-variable","14":"add-to-wishlist-after_add_to_cart"},"yoast_head":"<!-- This site is optimized with the Yoast SEO plugin v27.4 - https:\/\/yoast.com\/product\/yoast-seo-wordpress\/ -->\n<title>Casque d&#039;\u00e9coute Casque d&#039;\u00e9coute Gaming Casque d&#039;\u00e9coute Gaming Avec Microphone - Aigle Shopping Canada<\/title>\n<meta name=\"robots\" content=\"index, follow, max-snippet:-1, max-image-preview:large, max-video-preview:-1\" \/>\n<link rel=\"canonical\" href=\"https:\/\/aigleshopping.ca\/fr\/produit\/casque-decoute-casque-decoute-gaming-casque-decoute-gaming-avec-microphone\/\" \/>\n<meta property=\"og:locale\" content=\"fr_FR\" \/>\n<meta property=\"og:type\" content=\"article\" \/>\n<meta property=\"og:title\" content=\"Casque d&#039;\u00e9coute Casque d&#039;\u00e9coute Gaming Casque d&#039;\u00e9coute Gaming Avec Microphone - Aigle Shopping Canada\" \/>\n<meta property=\"og:description\" content=\"Informations sur le produit : Type : Casque Type de casque : Casque Style de port : mont\u00e9 sur la t\u00eate Source audio de sortie casque : ordinateur PC Diam\u00e8tre de la prise : 3,5 mm Type de prise : type de prise droite \u00c9couteur sans fil : \u00c9couteur filaire Avec ou sans microphone : [&hellip;]\" \/>\n<meta property=\"og:url\" content=\"https:\/\/aigleshopping.ca\/fr\/produit\/casque-decoute-casque-decoute-gaming-casque-decoute-gaming-avec-microphone\/\" \/>\n<meta property=\"og:site_name\" content=\"Aigle Shopping Canada\" \/>\n<meta property=\"og:image\" content=\"https:\/\/aigleshopping.ca\/wp-content\/uploads\/2025\/03\/1618984844258.jpg\" \/>\n\t<meta property=\"og:image:width\" content=\"800\" \/>\n\t<meta property=\"og:image:height\" content=\"800\" \/>\n\t<meta property=\"og:image:type\" content=\"image\/jpeg\" \/>\n<meta name=\"twitter:card\" content=\"summary_large_image\" \/>\n<meta name=\"twitter:label1\" content=\"Dur\u00e9e de lecture estim\u00e9e\" \/>\n\t<meta name=\"twitter:data1\" content=\"1 minute\" \/>\n<script type=\"application\/ld+json\" class=\"yoast-schema-graph\">{\"@context\":\"https:\\\/\\\/schema.org\",\"@graph\":[{\"@type\":\"WebPage\",\"@id\":\"https:\\\/\\\/aigleshopping.ca\\\/fr\\\/produit\\\/casque-decoute-casque-decoute-gaming-casque-decoute-gaming-avec-microphone\\\/\",\"url\":\"https:\\\/\\\/aigleshopping.ca\\\/fr\\\/produit\\\/casque-decoute-casque-decoute-gaming-casque-decoute-gaming-avec-microphone\\\/\",\"name\":\"Casque d'\u00e9coute Casque d'\u00e9coute Gaming Casque d'\u00e9coute Gaming Avec Microphone - Aigle Shopping Canada\",\"isPartOf\":{\"@id\":\"https:\\\/\\\/aigleshopping.ca\\\/#website\"},\"primaryImageOfPage\":{\"@id\":\"https:\\\/\\\/aigleshopping.ca\\\/fr\\\/produit\\\/casque-decoute-casque-decoute-gaming-casque-decoute-gaming-avec-microphone\\\/#primaryimage\"},\"image\":{\"@id\":\"https:\\\/\\\/aigleshopping.ca\\\/fr\\\/produit\\\/casque-decoute-casque-decoute-gaming-casque-decoute-gaming-avec-microphone\\\/#primaryimage\"},\"thumbnailUrl\":\"https:\\\/\\\/aigleshopping.ca\\\/wp-content\\\/uploads\\\/2025\\\/03\\\/1618984844258.jpg\",\"datePublished\":\"2025-03-06T23:50:36+00:00\",\"breadcrumb\":{\"@id\":\"https:\\\/\\\/aigleshopping.ca\\\/fr\\\/produit\\\/casque-decoute-casque-decoute-gaming-casque-decoute-gaming-avec-microphone\\\/#breadcrumb\"},\"inLanguage\":\"fr-FR\",\"potentialAction\":[{\"@type\":\"ReadAction\",\"target\":[\"https:\\\/\\\/aigleshopping.ca\\\/fr\\\/produit\\\/casque-decoute-casque-decoute-gaming-casque-decoute-gaming-avec-microphone\\\/\"]}]},{\"@type\":\"ImageObject\",\"inLanguage\":\"fr-FR\",\"@id\":\"https:\\\/\\\/aigleshopping.ca\\\/fr\\\/produit\\\/casque-decoute-casque-decoute-gaming-casque-decoute-gaming-avec-microphone\\\/#primaryimage\",\"url\":\"https:\\\/\\\/aigleshopping.ca\\\/wp-content\\\/uploads\\\/2025\\\/03\\\/1618984844258.jpg\",\"contentUrl\":\"https:\\\/\\\/aigleshopping.ca\\\/wp-content\\\/uploads\\\/2025\\\/03\\\/1618984844258.jpg\",\"width\":800,\"height\":800},{\"@type\":\"BreadcrumbList\",\"@id\":\"https:\\\/\\\/aigleshopping.ca\\\/fr\\\/produit\\\/casque-decoute-casque-decoute-gaming-casque-decoute-gaming-avec-microphone\\\/#breadcrumb\",\"itemListElement\":[{\"@type\":\"ListItem\",\"position\":1,\"name\":\"Home\",\"item\":\"https:\\\/\\\/aigleshopping.ca\\\/fr\\\/home\\\/\"},{\"@type\":\"ListItem\",\"position\":2,\"name\":\"Products\",\"item\":\"https:\\\/\\\/aigleshopping.ca\\\/shop\\\/\"},{\"@type\":\"ListItem\",\"position\":3,\"name\":\"Casque d&#8217;\u00e9coute Casque d&#8217;\u00e9coute Gaming Casque d&#8217;\u00e9coute Gaming Avec Microphone\"}]},{\"@type\":\"WebSite\",\"@id\":\"https:\\\/\\\/aigleshopping.ca\\\/#website\",\"url\":\"https:\\\/\\\/aigleshopping.ca\\\/\",\"name\":\"Aigle Shopping Canada\",\"description\":\"Au-del\u00e0 des fronti\u00e8res, pour vous offrir le\u00a0meilleur!\",\"publisher\":{\"@id\":\"https:\\\/\\\/aigleshopping.ca\\\/#organization\"},\"potentialAction\":[{\"@type\":\"SearchAction\",\"target\":{\"@type\":\"EntryPoint\",\"urlTemplate\":\"https:\\\/\\\/aigleshopping.ca\\\/?s={search_term_string}\"},\"query-input\":{\"@type\":\"PropertyValueSpecification\",\"valueRequired\":true,\"valueName\":\"search_term_string\"}}],\"inLanguage\":\"fr-FR\"},{\"@type\":\"Organization\",\"@id\":\"https:\\\/\\\/aigleshopping.ca\\\/#organization\",\"name\":\"Aigle Shopping Canada\",\"url\":\"https:\\\/\\\/aigleshopping.ca\\\/\",\"logo\":{\"@type\":\"ImageObject\",\"inLanguage\":\"fr-FR\",\"@id\":\"https:\\\/\\\/aigleshopping.ca\\\/#\\\/schema\\\/logo\\\/image\\\/\",\"url\":\"https:\\\/\\\/aigleshopping.ca\\\/wp-content\\\/uploads\\\/2025\\\/12\\\/logo_aigleshopping_ca.png\",\"contentUrl\":\"https:\\\/\\\/aigleshopping.ca\\\/wp-content\\\/uploads\\\/2025\\\/12\\\/logo_aigleshopping_ca.png\",\"width\":800,\"height\":233,\"caption\":\"Aigle Shopping Canada\"},\"image\":{\"@id\":\"https:\\\/\\\/aigleshopping.ca\\\/#\\\/schema\\\/logo\\\/image\\\/\"}}]}<\/script>\n<!-- \/ Yoast SEO plugin. -->","yoast_head_json":{"title":"Casque d'\u00e9coute Casque d'\u00e9coute Gaming Casque d'\u00e9coute Gaming Avec Microphone - Aigle Shopping Canada","robots":{"index":"index","follow":"follow","max-snippet":"max-snippet:-1","max-image-preview":"max-image-preview:large","max-video-preview":"max-video-preview:-1"},"canonical":"https:\/\/aigleshopping.ca\/fr\/produit\/casque-decoute-casque-decoute-gaming-casque-decoute-gaming-avec-microphone\/","og_locale":"fr_FR","og_type":"article","og_title":"Casque d'\u00e9coute Casque d'\u00e9coute Gaming Casque d'\u00e9coute Gaming Avec Microphone - Aigle Shopping Canada","og_description":"Informations sur le produit : Type : Casque Type de casque : Casque Style de port : mont\u00e9 sur la t\u00eate Source audio de sortie casque : ordinateur PC Diam\u00e8tre de la prise : 3,5 mm Type de prise : type de prise droite \u00c9couteur sans fil : \u00c9couteur filaire Avec ou sans microphone : [&hellip;]","og_url":"https:\/\/aigleshopping.ca\/fr\/produit\/casque-decoute-casque-decoute-gaming-casque-decoute-gaming-avec-microphone\/","og_site_name":"Aigle Shopping Canada","og_image":[{"width":800,"height":800,"url":"https:\/\/aigleshopping.ca\/wp-content\/uploads\/2025\/03\/1618984844258.jpg","type":"image\/jpeg"}],"twitter_card":"summary_large_image","twitter_misc":{"Dur\u00e9e de lecture estim\u00e9e":"1 minute"},"schema":{"@context":"https:\/\/schema.org","@graph":[{"@type":"WebPage","@id":"https:\/\/aigleshopping.ca\/fr\/produit\/casque-decoute-casque-decoute-gaming-casque-decoute-gaming-avec-microphone\/","url":"https:\/\/aigleshopping.ca\/fr\/produit\/casque-decoute-casque-decoute-gaming-casque-decoute-gaming-avec-microphone\/","name":"Casque d'\u00e9coute Casque d'\u00e9coute Gaming Casque d'\u00e9coute Gaming Avec Microphone - Aigle Shopping Canada","isPartOf":{"@id":"https:\/\/aigleshopping.ca\/#website"},"primaryImageOfPage":{"@id":"https:\/\/aigleshopping.ca\/fr\/produit\/casque-decoute-casque-decoute-gaming-casque-decoute-gaming-avec-microphone\/#primaryimage"},"image":{"@id":"https:\/\/aigleshopping.ca\/fr\/produit\/casque-decoute-casque-decoute-gaming-casque-decoute-gaming-avec-microphone\/#primaryimage"},"thumbnailUrl":"https:\/\/aigleshopping.ca\/wp-content\/uploads\/2025\/03\/1618984844258.jpg","datePublished":"2025-03-06T23:50:36+00:00","breadcrumb":{"@id":"https:\/\/aigleshopping.ca\/fr\/produit\/casque-decoute-casque-decoute-gaming-casque-decoute-gaming-avec-microphone\/#breadcrumb"},"inLanguage":"fr-FR","potentialAction":[{"@type":"ReadAction","target":["https:\/\/aigleshopping.ca\/fr\/produit\/casque-decoute-casque-decoute-gaming-casque-decoute-gaming-avec-microphone\/"]}]},{"@type":"ImageObject","inLanguage":"fr-FR","@id":"https:\/\/aigleshopping.ca\/fr\/produit\/casque-decoute-casque-decoute-gaming-casque-decoute-gaming-avec-microphone\/#primaryimage","url":"https:\/\/aigleshopping.ca\/wp-content\/uploads\/2025\/03\/1618984844258.jpg","contentUrl":"https:\/\/aigleshopping.ca\/wp-content\/uploads\/2025\/03\/1618984844258.jpg","width":800,"height":800},{"@type":"BreadcrumbList","@id":"https:\/\/aigleshopping.ca\/fr\/produit\/casque-decoute-casque-decoute-gaming-casque-decoute-gaming-avec-microphone\/#breadcrumb","itemListElement":[{"@type":"ListItem","position":1,"name":"Home","item":"https:\/\/aigleshopping.ca\/fr\/home\/"},{"@type":"ListItem","position":2,"name":"Products","item":"https:\/\/aigleshopping.ca\/shop\/"},{"@type":"ListItem","position":3,"name":"Casque d&#8217;\u00e9coute Casque d&#8217;\u00e9coute Gaming Casque d&#8217;\u00e9coute Gaming Avec Microphone"}]},{"@type":"WebSite","@id":"https:\/\/aigleshopping.ca\/#website","url":"https:\/\/aigleshopping.ca\/","name":"Aigle Shopping Canada","description":"Au-del\u00e0 des fronti\u00e8res, pour vous offrir le\u00a0meilleur!","publisher":{"@id":"https:\/\/aigleshopping.ca\/#organization"},"potentialAction":[{"@type":"SearchAction","target":{"@type":"EntryPoint","urlTemplate":"https:\/\/aigleshopping.ca\/?s={search_term_string}"},"query-input":{"@type":"PropertyValueSpecification","valueRequired":true,"valueName":"search_term_string"}}],"inLanguage":"fr-FR"},{"@type":"Organization","@id":"https:\/\/aigleshopping.ca\/#organization","name":"Aigle Shopping Canada","url":"https:\/\/aigleshopping.ca\/","logo":{"@type":"ImageObject","inLanguage":"fr-FR","@id":"https:\/\/aigleshopping.ca\/#\/schema\/logo\/image\/","url":"https:\/\/aigleshopping.ca\/wp-content\/uploads\/2025\/12\/logo_aigleshopping_ca.png","contentUrl":"https:\/\/aigleshopping.ca\/wp-content\/uploads\/2025\/12\/logo_aigleshopping_ca.png","width":800,"height":233,"caption":"Aigle Shopping Canada"},"image":{"@id":"https:\/\/aigleshopping.ca\/#\/schema\/logo\/image\/"}}]}},"jetpack_sharing_enabled":true,"_links":{"self":[{"href":"https:\/\/aigleshopping.ca\/fr\/wp-json\/wp\/v2\/product\/33278","targetHints":{"allow":["GET"]}}],"collection":[{"href":"https:\/\/aigleshopping.ca\/fr\/wp-json\/wp\/v2\/product"}],"about":[{"href":"https:\/\/aigleshopping.ca\/fr\/wp-json\/wp\/v2\/types\/product"}],"replies":[{"embeddable":true,"href":"https:\/\/aigleshopping.ca\/fr\/wp-json\/wp\/v2\/comments?post=33278"}],"wp:featuredmedia":[{"embeddable":true,"href":"https:\/\/aigleshopping.ca\/fr\/wp-json\/wp\/v2\/media\/11327"}],"wp:attachment":[{"href":"https:\/\/aigleshopping.ca\/fr\/wp-json\/wp\/v2\/media?parent=33278"}],"wp:term":[{"taxonomy":"product_brand","embeddable":true,"href":"https:\/\/aigleshopping.ca\/fr\/wp-json\/wp\/v2\/product_brand?post=33278"},{"taxonomy":"product_cat","embeddable":true,"href":"https:\/\/aigleshopping.ca\/fr\/wp-json\/wp\/v2\/product_cat?post=33278"},{"taxonomy":"product_tag","embeddable":true,"href":"https:\/\/aigleshopping.ca\/fr\/wp-json\/wp\/v2\/product_tag?post=33278"}],"curies":[{"name":"wp","href":"https:\/\/api.w.org\/{rel}","templated":true}]}}