{"id":33286,"date":"2025-03-06T23:27:47","date_gmt":"2025-03-06T23:27:47","guid":{"rendered":"https:\/\/aigleshopping.ca\/produit\/3d-led-moon-night-light-wireless-magnetic-levitating-rotating-ball-lamp-for-school-office-bookshop-home-decoration-lampe-a-boule-flottante-pour-lecole-le-bureau-la-librairie-et-la-maison\/"},"modified":"2025-03-06T23:27:47","modified_gmt":"2025-03-06T23:27:47","slug":"3d-led-moon-night-light-wireless-magnetic-levitating-rotating-ball-lamp-for-school-office-bookshop-home-decoration-lampe-a-boule-flottante-pour-lecole-le-bureau-la-librairie-et-la-maison","status":"publish","type":"product","link":"https:\/\/aigleshopping.ca\/fr\/produit\/3d-led-moon-night-light-wireless-magnetic-levitating-rotating-ball-lamp-for-school-office-bookshop-home-decoration-lampe-a-boule-flottante-pour-lecole-le-bureau-la-librairie-et-la-maison\/","title":{"rendered":"3D LED Moon Night Light Wireless Magnetic Levitating Rotating Ball Lamp For School Office Bookshop Home Decoration (Lampe \u00e0 boule flottante pour l&rsquo;\u00e9cole, le bureau, la librairie et la maison)"},"content":{"rendered":"<p> <b>Vue d&rsquo;ensemble :<\/b> <br \/> La lampe maglev n&rsquo;est pas seulement une petite lampe de nuit, une d\u00e9coration cr\u00e9ative pour la vie, mais aussi un cadeau parfait pour la famille et le bureau, c&rsquo;est un beau cadeau pour les \u00e9tudiants, les amis, les coll\u00e8gues, la famille, et ainsi de suite.  <\/p>\n<p> <b>Sp\u00e9cification : <\/b> <br \/> Mat\u00e9riau de la douille : Lron <br \/> Style : Moderne <br \/> Couleur : or, noir <br \/> Tension : 220 V <br \/> Sp\u00e9cification : Lumi\u00e8re trichromatique <br \/> Taille de l&#8217;emballage : 31 * 16.5 * 16.5cm <br \/> Poids : 0.76kg  <br \/> <b> <br \/> <\/b> <\/p>\n<p> <b>Contenu de l&#8217;emballage :<\/b> <br \/> 1*Lampe  <\/p>\n<p> <\/p>\n<p> <img decoding=\"async\" src=\"https:\/\/cf.cjdropshipping.com\/18c71cf9-9119-4d57-aa73-421f51e6db88.jpg\"> <img decoding=\"async\" src=\"https:\/\/cf.cjdropshipping.com\/3227f934-3eb9-44c1-8873-351f4db36ef9.jpg\"> <img decoding=\"async\" src=\"https:\/\/cf.cjdropshipping.com\/3f298d7c-0507-4111-bf82-d043494da90d.jpg\"> <img decoding=\"async\" src=\"https:\/\/cf.cjdropshipping.com\/23394a77-553b-4e4f-886d-7f33d0d9035d.jpg\"> <img decoding=\"async\" src=\"https:\/\/cf.cjdropshipping.com\/4763e97f-5a40-422f-ac14-cf55a8952e21.png\"> <img decoding=\"async\" src=\"https:\/\/cf.cjdropshipping.com\/55b94b99-414b-4743-8297-1a9d0383e1fe.png\" width=\"804\" height=\"521.93\">  <\/p>\n","protected":false},"excerpt":{"rendered":"<p>Vue d&rsquo;ensemble : La lampe maglev n&rsquo;est pas seulement une petite lampe de nuit, une d\u00e9coration cr\u00e9ative pour la vie, mais aussi un cadeau parfait pour la famille et le bureau, c&rsquo;est un beau cadeau pour les \u00e9tudiants, les amis, les coll\u00e8gues, la famille, et ainsi de suite. Sp\u00e9cification : Mat\u00e9riau de la douille : [&hellip;]<\/p>\n","protected":false},"featured_media":11055,"comment_status":"open","ping_status":"closed","template":"","meta":{"content-type":""},"product_brand":[],"product_cat":[853],"product_tag":[],"class_list":{"0":"post-33286","1":"product","2":"type-product","3":"status-publish","4":"has-post-thumbnail","6":"product_cat-lampes-de-table","8":"first","9":"instock","10":"taxable","11":"shipping-taxable","12":"purchasable","13":"product-type-variable","14":"add-to-wishlist-after_add_to_cart"},"yoast_head":"<!-- This site is optimized with the Yoast SEO plugin v27.5 - https:\/\/yoast.com\/product\/yoast-seo-wordpress\/ -->\n<title>3D LED Moon Night Light Wireless Magnetic Levitating Rotating Ball Lamp For School Office Bookshop Home Decoration (Lampe \u00e0 boule flottante pour l&#039;\u00e9cole, le bureau, la librairie et la maison) - Aigle Shopping Canada<\/title>\n<meta name=\"robots\" content=\"index, follow, max-snippet:-1, max-image-preview:large, max-video-preview:-1\" \/>\n<link rel=\"canonical\" href=\"https:\/\/aigleshopping.ca\/fr\/produit\/3d-led-moon-night-light-wireless-magnetic-levitating-rotating-ball-lamp-for-school-office-bookshop-home-decoration-lampe-a-boule-flottante-pour-lecole-le-bureau-la-librairie-et-la-maison\/\" \/>\n<meta property=\"og:locale\" content=\"fr_FR\" \/>\n<meta property=\"og:type\" content=\"article\" \/>\n<meta property=\"og:title\" content=\"3D LED Moon Night Light Wireless Magnetic Levitating Rotating Ball Lamp For School Office Bookshop Home Decoration (Lampe \u00e0 boule flottante pour l&#039;\u00e9cole, le bureau, la librairie et la maison) - Aigle Shopping Canada\" \/>\n<meta property=\"og:description\" content=\"Vue d&rsquo;ensemble : La lampe maglev n&rsquo;est pas seulement une petite lampe de nuit, une d\u00e9coration cr\u00e9ative pour la vie, mais aussi un cadeau parfait pour la famille et le bureau, c&rsquo;est un beau cadeau pour les \u00e9tudiants, les amis, les coll\u00e8gues, la famille, et ainsi de suite. Sp\u00e9cification : Mat\u00e9riau de la douille : [&hellip;]\" \/>\n<meta property=\"og:url\" content=\"https:\/\/aigleshopping.ca\/fr\/produit\/3d-led-moon-night-light-wireless-magnetic-levitating-rotating-ball-lamp-for-school-office-bookshop-home-decoration-lampe-a-boule-flottante-pour-lecole-le-bureau-la-librairie-et-la-maison\/\" \/>\n<meta property=\"og:site_name\" content=\"Aigle Shopping Canada\" \/>\n<meta property=\"og:image\" content=\"https:\/\/aigleshopping.ca\/wp-content\/uploads\/2025\/03\/951892006848.jpg\" \/>\n\t<meta property=\"og:image:width\" content=\"800\" \/>\n\t<meta property=\"og:image:height\" content=\"800\" \/>\n\t<meta property=\"og:image:type\" content=\"image\/jpeg\" \/>\n<meta name=\"twitter:card\" content=\"summary_large_image\" \/>\n<script type=\"application\/ld+json\" class=\"yoast-schema-graph\">{\"@context\":\"https:\\\/\\\/schema.org\",\"@graph\":[{\"@type\":\"WebPage\",\"@id\":\"https:\\\/\\\/aigleshopping.ca\\\/fr\\\/produit\\\/3d-led-moon-night-light-wireless-magnetic-levitating-rotating-ball-lamp-for-school-office-bookshop-home-decoration-lampe-a-boule-flottante-pour-lecole-le-bureau-la-librairie-et-la-maison\\\/\",\"url\":\"https:\\\/\\\/aigleshopping.ca\\\/fr\\\/produit\\\/3d-led-moon-night-light-wireless-magnetic-levitating-rotating-ball-lamp-for-school-office-bookshop-home-decoration-lampe-a-boule-flottante-pour-lecole-le-bureau-la-librairie-et-la-maison\\\/\",\"name\":\"3D LED Moon Night Light Wireless Magnetic Levitating Rotating Ball Lamp For School Office Bookshop Home Decoration (Lampe \u00e0 boule flottante pour l'\u00e9cole, le bureau, la librairie et la maison) - Aigle Shopping Canada\",\"isPartOf\":{\"@id\":\"https:\\\/\\\/aigleshopping.ca\\\/#website\"},\"primaryImageOfPage\":{\"@id\":\"https:\\\/\\\/aigleshopping.ca\\\/fr\\\/produit\\\/3d-led-moon-night-light-wireless-magnetic-levitating-rotating-ball-lamp-for-school-office-bookshop-home-decoration-lampe-a-boule-flottante-pour-lecole-le-bureau-la-librairie-et-la-maison\\\/#primaryimage\"},\"image\":{\"@id\":\"https:\\\/\\\/aigleshopping.ca\\\/fr\\\/produit\\\/3d-led-moon-night-light-wireless-magnetic-levitating-rotating-ball-lamp-for-school-office-bookshop-home-decoration-lampe-a-boule-flottante-pour-lecole-le-bureau-la-librairie-et-la-maison\\\/#primaryimage\"},\"thumbnailUrl\":\"https:\\\/\\\/aigleshopping.ca\\\/wp-content\\\/uploads\\\/2025\\\/03\\\/951892006848.jpg\",\"datePublished\":\"2025-03-06T23:27:47+00:00\",\"breadcrumb\":{\"@id\":\"https:\\\/\\\/aigleshopping.ca\\\/fr\\\/produit\\\/3d-led-moon-night-light-wireless-magnetic-levitating-rotating-ball-lamp-for-school-office-bookshop-home-decoration-lampe-a-boule-flottante-pour-lecole-le-bureau-la-librairie-et-la-maison\\\/#breadcrumb\"},\"inLanguage\":\"fr-FR\",\"potentialAction\":[{\"@type\":\"ReadAction\",\"target\":[\"https:\\\/\\\/aigleshopping.ca\\\/fr\\\/produit\\\/3d-led-moon-night-light-wireless-magnetic-levitating-rotating-ball-lamp-for-school-office-bookshop-home-decoration-lampe-a-boule-flottante-pour-lecole-le-bureau-la-librairie-et-la-maison\\\/\"]}]},{\"@type\":\"ImageObject\",\"inLanguage\":\"fr-FR\",\"@id\":\"https:\\\/\\\/aigleshopping.ca\\\/fr\\\/produit\\\/3d-led-moon-night-light-wireless-magnetic-levitating-rotating-ball-lamp-for-school-office-bookshop-home-decoration-lampe-a-boule-flottante-pour-lecole-le-bureau-la-librairie-et-la-maison\\\/#primaryimage\",\"url\":\"https:\\\/\\\/aigleshopping.ca\\\/wp-content\\\/uploads\\\/2025\\\/03\\\/951892006848.jpg\",\"contentUrl\":\"https:\\\/\\\/aigleshopping.ca\\\/wp-content\\\/uploads\\\/2025\\\/03\\\/951892006848.jpg\",\"width\":800,\"height\":800},{\"@type\":\"BreadcrumbList\",\"@id\":\"https:\\\/\\\/aigleshopping.ca\\\/fr\\\/produit\\\/3d-led-moon-night-light-wireless-magnetic-levitating-rotating-ball-lamp-for-school-office-bookshop-home-decoration-lampe-a-boule-flottante-pour-lecole-le-bureau-la-librairie-et-la-maison\\\/#breadcrumb\",\"itemListElement\":[{\"@type\":\"ListItem\",\"position\":1,\"name\":\"Home\",\"item\":\"https:\\\/\\\/aigleshopping.ca\\\/fr\\\/home\\\/\"},{\"@type\":\"ListItem\",\"position\":2,\"name\":\"Products\",\"item\":\"https:\\\/\\\/aigleshopping.ca\\\/shop\\\/\"},{\"@type\":\"ListItem\",\"position\":3,\"name\":\"3D LED Moon Night Light Wireless Magnetic Levitating Rotating Ball Lamp For School Office Bookshop Home Decoration (Lampe \u00e0 boule flottante pour l&#8217;\u00e9cole, le bureau, la librairie et la maison)\"}]},{\"@type\":\"WebSite\",\"@id\":\"https:\\\/\\\/aigleshopping.ca\\\/#website\",\"url\":\"https:\\\/\\\/aigleshopping.ca\\\/\",\"name\":\"Aigle Shopping Canada\",\"description\":\"Au-del\u00e0 des fronti\u00e8res, pour vous offrir le\u00a0meilleur!\",\"publisher\":{\"@id\":\"https:\\\/\\\/aigleshopping.ca\\\/#organization\"},\"potentialAction\":[{\"@type\":\"SearchAction\",\"target\":{\"@type\":\"EntryPoint\",\"urlTemplate\":\"https:\\\/\\\/aigleshopping.ca\\\/?s={search_term_string}\"},\"query-input\":{\"@type\":\"PropertyValueSpecification\",\"valueRequired\":true,\"valueName\":\"search_term_string\"}}],\"inLanguage\":\"fr-FR\"},{\"@type\":\"Organization\",\"@id\":\"https:\\\/\\\/aigleshopping.ca\\\/#organization\",\"name\":\"Aigle Shopping Canada\",\"url\":\"https:\\\/\\\/aigleshopping.ca\\\/\",\"logo\":{\"@type\":\"ImageObject\",\"inLanguage\":\"fr-FR\",\"@id\":\"https:\\\/\\\/aigleshopping.ca\\\/#\\\/schema\\\/logo\\\/image\\\/\",\"url\":\"https:\\\/\\\/aigleshopping.ca\\\/wp-content\\\/uploads\\\/2025\\\/12\\\/logo_aigleshopping_ca.png\",\"contentUrl\":\"https:\\\/\\\/aigleshopping.ca\\\/wp-content\\\/uploads\\\/2025\\\/12\\\/logo_aigleshopping_ca.png\",\"width\":800,\"height\":233,\"caption\":\"Aigle Shopping Canada\"},\"image\":{\"@id\":\"https:\\\/\\\/aigleshopping.ca\\\/#\\\/schema\\\/logo\\\/image\\\/\"}}]}<\/script>\n<!-- \/ Yoast SEO plugin. -->","yoast_head_json":{"title":"3D LED Moon Night Light Wireless Magnetic Levitating Rotating Ball Lamp For School Office Bookshop Home Decoration (Lampe \u00e0 boule flottante pour l'\u00e9cole, le bureau, la librairie et la maison) - Aigle Shopping Canada","robots":{"index":"index","follow":"follow","max-snippet":"max-snippet:-1","max-image-preview":"max-image-preview:large","max-video-preview":"max-video-preview:-1"},"canonical":"https:\/\/aigleshopping.ca\/fr\/produit\/3d-led-moon-night-light-wireless-magnetic-levitating-rotating-ball-lamp-for-school-office-bookshop-home-decoration-lampe-a-boule-flottante-pour-lecole-le-bureau-la-librairie-et-la-maison\/","og_locale":"fr_FR","og_type":"article","og_title":"3D LED Moon Night Light Wireless Magnetic Levitating Rotating Ball Lamp For School Office Bookshop Home Decoration (Lampe \u00e0 boule flottante pour l'\u00e9cole, le bureau, la librairie et la maison) - Aigle Shopping Canada","og_description":"Vue d&rsquo;ensemble : La lampe maglev n&rsquo;est pas seulement une petite lampe de nuit, une d\u00e9coration cr\u00e9ative pour la vie, mais aussi un cadeau parfait pour la famille et le bureau, c&rsquo;est un beau cadeau pour les \u00e9tudiants, les amis, les coll\u00e8gues, la famille, et ainsi de suite. Sp\u00e9cification : Mat\u00e9riau de la douille : [&hellip;]","og_url":"https:\/\/aigleshopping.ca\/fr\/produit\/3d-led-moon-night-light-wireless-magnetic-levitating-rotating-ball-lamp-for-school-office-bookshop-home-decoration-lampe-a-boule-flottante-pour-lecole-le-bureau-la-librairie-et-la-maison\/","og_site_name":"Aigle Shopping Canada","og_image":[{"width":800,"height":800,"url":"https:\/\/aigleshopping.ca\/wp-content\/uploads\/2025\/03\/951892006848.jpg","type":"image\/jpeg"}],"twitter_card":"summary_large_image","schema":{"@context":"https:\/\/schema.org","@graph":[{"@type":"WebPage","@id":"https:\/\/aigleshopping.ca\/fr\/produit\/3d-led-moon-night-light-wireless-magnetic-levitating-rotating-ball-lamp-for-school-office-bookshop-home-decoration-lampe-a-boule-flottante-pour-lecole-le-bureau-la-librairie-et-la-maison\/","url":"https:\/\/aigleshopping.ca\/fr\/produit\/3d-led-moon-night-light-wireless-magnetic-levitating-rotating-ball-lamp-for-school-office-bookshop-home-decoration-lampe-a-boule-flottante-pour-lecole-le-bureau-la-librairie-et-la-maison\/","name":"3D LED Moon Night Light Wireless Magnetic Levitating Rotating Ball Lamp For School Office Bookshop Home Decoration (Lampe \u00e0 boule flottante pour l'\u00e9cole, le bureau, la librairie et la maison) - Aigle Shopping Canada","isPartOf":{"@id":"https:\/\/aigleshopping.ca\/#website"},"primaryImageOfPage":{"@id":"https:\/\/aigleshopping.ca\/fr\/produit\/3d-led-moon-night-light-wireless-magnetic-levitating-rotating-ball-lamp-for-school-office-bookshop-home-decoration-lampe-a-boule-flottante-pour-lecole-le-bureau-la-librairie-et-la-maison\/#primaryimage"},"image":{"@id":"https:\/\/aigleshopping.ca\/fr\/produit\/3d-led-moon-night-light-wireless-magnetic-levitating-rotating-ball-lamp-for-school-office-bookshop-home-decoration-lampe-a-boule-flottante-pour-lecole-le-bureau-la-librairie-et-la-maison\/#primaryimage"},"thumbnailUrl":"https:\/\/aigleshopping.ca\/wp-content\/uploads\/2025\/03\/951892006848.jpg","datePublished":"2025-03-06T23:27:47+00:00","breadcrumb":{"@id":"https:\/\/aigleshopping.ca\/fr\/produit\/3d-led-moon-night-light-wireless-magnetic-levitating-rotating-ball-lamp-for-school-office-bookshop-home-decoration-lampe-a-boule-flottante-pour-lecole-le-bureau-la-librairie-et-la-maison\/#breadcrumb"},"inLanguage":"fr-FR","potentialAction":[{"@type":"ReadAction","target":["https:\/\/aigleshopping.ca\/fr\/produit\/3d-led-moon-night-light-wireless-magnetic-levitating-rotating-ball-lamp-for-school-office-bookshop-home-decoration-lampe-a-boule-flottante-pour-lecole-le-bureau-la-librairie-et-la-maison\/"]}]},{"@type":"ImageObject","inLanguage":"fr-FR","@id":"https:\/\/aigleshopping.ca\/fr\/produit\/3d-led-moon-night-light-wireless-magnetic-levitating-rotating-ball-lamp-for-school-office-bookshop-home-decoration-lampe-a-boule-flottante-pour-lecole-le-bureau-la-librairie-et-la-maison\/#primaryimage","url":"https:\/\/aigleshopping.ca\/wp-content\/uploads\/2025\/03\/951892006848.jpg","contentUrl":"https:\/\/aigleshopping.ca\/wp-content\/uploads\/2025\/03\/951892006848.jpg","width":800,"height":800},{"@type":"BreadcrumbList","@id":"https:\/\/aigleshopping.ca\/fr\/produit\/3d-led-moon-night-light-wireless-magnetic-levitating-rotating-ball-lamp-for-school-office-bookshop-home-decoration-lampe-a-boule-flottante-pour-lecole-le-bureau-la-librairie-et-la-maison\/#breadcrumb","itemListElement":[{"@type":"ListItem","position":1,"name":"Home","item":"https:\/\/aigleshopping.ca\/fr\/home\/"},{"@type":"ListItem","position":2,"name":"Products","item":"https:\/\/aigleshopping.ca\/shop\/"},{"@type":"ListItem","position":3,"name":"3D LED Moon Night Light Wireless Magnetic Levitating Rotating Ball Lamp For School Office Bookshop Home Decoration (Lampe \u00e0 boule flottante pour l&#8217;\u00e9cole, le bureau, la librairie et la maison)"}]},{"@type":"WebSite","@id":"https:\/\/aigleshopping.ca\/#website","url":"https:\/\/aigleshopping.ca\/","name":"Aigle Shopping Canada","description":"Au-del\u00e0 des fronti\u00e8res, pour vous offrir le\u00a0meilleur!","publisher":{"@id":"https:\/\/aigleshopping.ca\/#organization"},"potentialAction":[{"@type":"SearchAction","target":{"@type":"EntryPoint","urlTemplate":"https:\/\/aigleshopping.ca\/?s={search_term_string}"},"query-input":{"@type":"PropertyValueSpecification","valueRequired":true,"valueName":"search_term_string"}}],"inLanguage":"fr-FR"},{"@type":"Organization","@id":"https:\/\/aigleshopping.ca\/#organization","name":"Aigle Shopping Canada","url":"https:\/\/aigleshopping.ca\/","logo":{"@type":"ImageObject","inLanguage":"fr-FR","@id":"https:\/\/aigleshopping.ca\/#\/schema\/logo\/image\/","url":"https:\/\/aigleshopping.ca\/wp-content\/uploads\/2025\/12\/logo_aigleshopping_ca.png","contentUrl":"https:\/\/aigleshopping.ca\/wp-content\/uploads\/2025\/12\/logo_aigleshopping_ca.png","width":800,"height":233,"caption":"Aigle Shopping Canada"},"image":{"@id":"https:\/\/aigleshopping.ca\/#\/schema\/logo\/image\/"}}]}},"jetpack_sharing_enabled":true,"_links":{"self":[{"href":"https:\/\/aigleshopping.ca\/fr\/wp-json\/wp\/v2\/product\/33286","targetHints":{"allow":["GET"]}}],"collection":[{"href":"https:\/\/aigleshopping.ca\/fr\/wp-json\/wp\/v2\/product"}],"about":[{"href":"https:\/\/aigleshopping.ca\/fr\/wp-json\/wp\/v2\/types\/product"}],"replies":[{"embeddable":true,"href":"https:\/\/aigleshopping.ca\/fr\/wp-json\/wp\/v2\/comments?post=33286"}],"wp:featuredmedia":[{"embeddable":true,"href":"https:\/\/aigleshopping.ca\/fr\/wp-json\/wp\/v2\/media\/11055"}],"wp:attachment":[{"href":"https:\/\/aigleshopping.ca\/fr\/wp-json\/wp\/v2\/media?parent=33286"}],"wp:term":[{"taxonomy":"product_brand","embeddable":true,"href":"https:\/\/aigleshopping.ca\/fr\/wp-json\/wp\/v2\/product_brand?post=33286"},{"taxonomy":"product_cat","embeddable":true,"href":"https:\/\/aigleshopping.ca\/fr\/wp-json\/wp\/v2\/product_cat?post=33286"},{"taxonomy":"product_tag","embeddable":true,"href":"https:\/\/aigleshopping.ca\/fr\/wp-json\/wp\/v2\/product_tag?post=33286"}],"curies":[{"name":"wp","href":"https:\/\/api.w.org\/{rel}","templated":true}]}}