{"id":33304,"date":"2025-03-06T23:41:45","date_gmt":"2025-03-06T23:41:45","guid":{"rendered":"https:\/\/aigleshopping.ca\/produit\/casque-de-jeu-filaire-casque-de-musique-a-basses-intenses-casque-de-controle-filaire-ordinateur-telephone-mobile-casque-universel\/"},"modified":"2025-03-06T23:41:45","modified_gmt":"2025-03-06T23:41:45","slug":"casque-de-jeu-filaire-casque-de-musique-a-basses-intenses-casque-de-controle-filaire-ordinateur-telephone-mobile-casque-universel","status":"publish","type":"product","link":"https:\/\/aigleshopping.ca\/fr\/produit\/casque-de-jeu-filaire-casque-de-musique-a-basses-intenses-casque-de-controle-filaire-ordinateur-telephone-mobile-casque-universel\/","title":{"rendered":"Casque de jeu filaire Casque de musique \u00e0 basses intenses Casque de contr\u00f4le filaire Ordinateur T\u00e9l\u00e9phone mobile Casque universel"},"content":{"rendered":"<p> <b>Vue d&rsquo;ensemble :<\/b> <br \/> Un design unique, \u00e9l\u00e9gant et beau.  <br \/>  Bonne mati\u00e8re, port confortable.  <br \/>  A&nbsp;vari\u00e9t\u00e9 de couleurs, au choix.  <\/p>\n<p> <b>Informations sur le produit :<\/b> <\/p>\n<p>  Plateformes compatibles : Windows Phone iOS <br \/> Contr\u00f4le du fil : oui <br \/> Principe sonore du casque : bobine mobile <br \/> Type de musique applicable : Rock metal heavy bass type <br \/> M\u00e9thode de port : port de protections auditives <br \/> Type de casque : filaire <br \/> Avec ou sans microphone : avec casque \u00e0 bl\u00e9 <br \/> Diam\u00e8tre de la prise : \u00e9couteur 3,5 mm <br \/> Type de prise : Insertion droite <br \/> Source de sortie du casque : audio et vid\u00e9o portables <br \/> Cat\u00e9gorie de casque : Casque ordinaire Casque de sport <br \/> R\u00e9ponse en fr\u00e9quence : 20-20.000HZ   <\/p>\n<p>Longueur du c\u00e2ble : 1,2 m<\/p>\n<p>Accessoires : pas de ligne de bl\u00e9 plus une ligne de bl\u00e9<\/p>\n<p> <b> <br \/> <\/b> <\/p>\n<p> <b>Contenu de l&#8217;emballage :<\/b>  <\/p>\n<p>  Casque * 1 <br \/> <b> <br \/> Image du produit <\/b>:   <\/p>\n<p> <img decoding=\"async\" src=\"https:\/\/oss-cf.cjdropshipping.com\/product\/2024\/12\/31\/03\/41881f33-c878-407e-ae6d-5ebdcede49e3.jpg\"> <img decoding=\"async\" src=\"https:\/\/oss-cf.cjdropshipping.com\/product\/2024\/12\/31\/03\/acc26f6d-7d5e-457e-be30-b08ff8bcab25.jpg\"> <img decoding=\"async\" src=\"https:\/\/oss-cf.cjdropshipping.com\/product\/2024\/12\/31\/03\/45fc310f-b4c7-4ee6-bc5e-c66902429cc1.jpg\"> <img decoding=\"async\" src=\"https:\/\/oss-cf.cjdropshipping.com\/product\/2024\/12\/31\/03\/157818e2-d57f-4ecb-914a-47a3183abc55.jpg\"> <\/p>\n","protected":false},"excerpt":{"rendered":"<p>Vue d&rsquo;ensemble : Un design unique, \u00e9l\u00e9gant et beau. Bonne mati\u00e8re, port confortable. A&nbsp;vari\u00e9t\u00e9 de couleurs, au choix. Informations sur le produit : Plateformes compatibles : Windows Phone iOS Contr\u00f4le du fil : oui Principe sonore du casque : bobine mobile Type de musique applicable : Rock metal heavy bass type M\u00e9thode de port : [&hellip;]<\/p>\n","protected":false},"featured_media":11178,"comment_status":"open","ping_status":"closed","template":"","meta":{"content-type":""},"product_brand":[],"product_cat":[753],"product_tag":[],"class_list":{"0":"post-33304","1":"product","2":"type-product","3":"status-publish","4":"has-post-thumbnail","6":"product_cat-casques-decoute","8":"first","9":"instock","10":"taxable","11":"shipping-taxable","12":"purchasable","13":"product-type-variable","14":"add-to-wishlist-after_add_to_cart"},"yoast_head":"<!-- This site is optimized with the Yoast SEO plugin v27.4 - https:\/\/yoast.com\/product\/yoast-seo-wordpress\/ -->\n<title>Casque de jeu filaire Casque de musique \u00e0 basses intenses Casque de contr\u00f4le filaire Ordinateur T\u00e9l\u00e9phone mobile Casque universel - Aigle Shopping Canada<\/title>\n<meta name=\"robots\" content=\"index, follow, max-snippet:-1, max-image-preview:large, max-video-preview:-1\" \/>\n<link rel=\"canonical\" href=\"https:\/\/aigleshopping.ca\/fr\/produit\/casque-de-jeu-filaire-casque-de-musique-a-basses-intenses-casque-de-controle-filaire-ordinateur-telephone-mobile-casque-universel\/\" \/>\n<meta property=\"og:locale\" content=\"fr_FR\" \/>\n<meta property=\"og:type\" content=\"article\" \/>\n<meta property=\"og:title\" content=\"Casque de jeu filaire Casque de musique \u00e0 basses intenses Casque de contr\u00f4le filaire Ordinateur T\u00e9l\u00e9phone mobile Casque universel - Aigle Shopping Canada\" \/>\n<meta property=\"og:description\" content=\"Vue d&rsquo;ensemble : Un design unique, \u00e9l\u00e9gant et beau. Bonne mati\u00e8re, port confortable. A&nbsp;vari\u00e9t\u00e9 de couleurs, au choix. Informations sur le produit : Plateformes compatibles : Windows Phone iOS Contr\u00f4le du fil : oui Principe sonore du casque : bobine mobile Type de musique applicable : Rock metal heavy bass type M\u00e9thode de port : [&hellip;]\" \/>\n<meta property=\"og:url\" content=\"https:\/\/aigleshopping.ca\/fr\/produit\/casque-de-jeu-filaire-casque-de-musique-a-basses-intenses-casque-de-controle-filaire-ordinateur-telephone-mobile-casque-universel\/\" \/>\n<meta property=\"og:site_name\" content=\"Aigle Shopping Canada\" \/>\n<meta property=\"og:image\" content=\"https:\/\/aigleshopping.ca\/wp-content\/uploads\/2025\/03\/3324859246_688820326.jpg\" \/>\n\t<meta property=\"og:image:width\" content=\"800\" \/>\n\t<meta property=\"og:image:height\" content=\"800\" \/>\n\t<meta property=\"og:image:type\" content=\"image\/jpeg\" \/>\n<meta name=\"twitter:card\" content=\"summary_large_image\" \/>\n<meta name=\"twitter:label1\" content=\"Dur\u00e9e de lecture estim\u00e9e\" \/>\n\t<meta name=\"twitter:data1\" content=\"1 minute\" \/>\n<script type=\"application\/ld+json\" class=\"yoast-schema-graph\">{\"@context\":\"https:\\\/\\\/schema.org\",\"@graph\":[{\"@type\":\"WebPage\",\"@id\":\"https:\\\/\\\/aigleshopping.ca\\\/fr\\\/produit\\\/casque-de-jeu-filaire-casque-de-musique-a-basses-intenses-casque-de-controle-filaire-ordinateur-telephone-mobile-casque-universel\\\/\",\"url\":\"https:\\\/\\\/aigleshopping.ca\\\/fr\\\/produit\\\/casque-de-jeu-filaire-casque-de-musique-a-basses-intenses-casque-de-controle-filaire-ordinateur-telephone-mobile-casque-universel\\\/\",\"name\":\"Casque de jeu filaire Casque de musique \u00e0 basses intenses Casque de contr\u00f4le filaire Ordinateur T\u00e9l\u00e9phone mobile Casque universel - Aigle Shopping Canada\",\"isPartOf\":{\"@id\":\"https:\\\/\\\/aigleshopping.ca\\\/#website\"},\"primaryImageOfPage\":{\"@id\":\"https:\\\/\\\/aigleshopping.ca\\\/fr\\\/produit\\\/casque-de-jeu-filaire-casque-de-musique-a-basses-intenses-casque-de-controle-filaire-ordinateur-telephone-mobile-casque-universel\\\/#primaryimage\"},\"image\":{\"@id\":\"https:\\\/\\\/aigleshopping.ca\\\/fr\\\/produit\\\/casque-de-jeu-filaire-casque-de-musique-a-basses-intenses-casque-de-controle-filaire-ordinateur-telephone-mobile-casque-universel\\\/#primaryimage\"},\"thumbnailUrl\":\"https:\\\/\\\/aigleshopping.ca\\\/wp-content\\\/uploads\\\/2025\\\/03\\\/3324859246_688820326.jpg\",\"datePublished\":\"2025-03-06T23:41:45+00:00\",\"breadcrumb\":{\"@id\":\"https:\\\/\\\/aigleshopping.ca\\\/fr\\\/produit\\\/casque-de-jeu-filaire-casque-de-musique-a-basses-intenses-casque-de-controle-filaire-ordinateur-telephone-mobile-casque-universel\\\/#breadcrumb\"},\"inLanguage\":\"fr-FR\",\"potentialAction\":[{\"@type\":\"ReadAction\",\"target\":[\"https:\\\/\\\/aigleshopping.ca\\\/fr\\\/produit\\\/casque-de-jeu-filaire-casque-de-musique-a-basses-intenses-casque-de-controle-filaire-ordinateur-telephone-mobile-casque-universel\\\/\"]}]},{\"@type\":\"ImageObject\",\"inLanguage\":\"fr-FR\",\"@id\":\"https:\\\/\\\/aigleshopping.ca\\\/fr\\\/produit\\\/casque-de-jeu-filaire-casque-de-musique-a-basses-intenses-casque-de-controle-filaire-ordinateur-telephone-mobile-casque-universel\\\/#primaryimage\",\"url\":\"https:\\\/\\\/aigleshopping.ca\\\/wp-content\\\/uploads\\\/2025\\\/03\\\/3324859246_688820326.jpg\",\"contentUrl\":\"https:\\\/\\\/aigleshopping.ca\\\/wp-content\\\/uploads\\\/2025\\\/03\\\/3324859246_688820326.jpg\",\"width\":800,\"height\":800},{\"@type\":\"BreadcrumbList\",\"@id\":\"https:\\\/\\\/aigleshopping.ca\\\/fr\\\/produit\\\/casque-de-jeu-filaire-casque-de-musique-a-basses-intenses-casque-de-controle-filaire-ordinateur-telephone-mobile-casque-universel\\\/#breadcrumb\",\"itemListElement\":[{\"@type\":\"ListItem\",\"position\":1,\"name\":\"Home\",\"item\":\"https:\\\/\\\/aigleshopping.ca\\\/fr\\\/home\\\/\"},{\"@type\":\"ListItem\",\"position\":2,\"name\":\"Products\",\"item\":\"https:\\\/\\\/aigleshopping.ca\\\/shop\\\/\"},{\"@type\":\"ListItem\",\"position\":3,\"name\":\"Casque de jeu filaire Casque de musique \u00e0 basses intenses Casque de contr\u00f4le filaire Ordinateur T\u00e9l\u00e9phone mobile Casque universel\"}]},{\"@type\":\"WebSite\",\"@id\":\"https:\\\/\\\/aigleshopping.ca\\\/#website\",\"url\":\"https:\\\/\\\/aigleshopping.ca\\\/\",\"name\":\"Aigle Shopping Canada\",\"description\":\"Au-del\u00e0 des fronti\u00e8res, pour vous offrir le\u00a0meilleur!\",\"publisher\":{\"@id\":\"https:\\\/\\\/aigleshopping.ca\\\/#organization\"},\"potentialAction\":[{\"@type\":\"SearchAction\",\"target\":{\"@type\":\"EntryPoint\",\"urlTemplate\":\"https:\\\/\\\/aigleshopping.ca\\\/?s={search_term_string}\"},\"query-input\":{\"@type\":\"PropertyValueSpecification\",\"valueRequired\":true,\"valueName\":\"search_term_string\"}}],\"inLanguage\":\"fr-FR\"},{\"@type\":\"Organization\",\"@id\":\"https:\\\/\\\/aigleshopping.ca\\\/#organization\",\"name\":\"Aigle Shopping Canada\",\"url\":\"https:\\\/\\\/aigleshopping.ca\\\/\",\"logo\":{\"@type\":\"ImageObject\",\"inLanguage\":\"fr-FR\",\"@id\":\"https:\\\/\\\/aigleshopping.ca\\\/#\\\/schema\\\/logo\\\/image\\\/\",\"url\":\"https:\\\/\\\/aigleshopping.ca\\\/wp-content\\\/uploads\\\/2025\\\/12\\\/logo_aigleshopping_ca.png\",\"contentUrl\":\"https:\\\/\\\/aigleshopping.ca\\\/wp-content\\\/uploads\\\/2025\\\/12\\\/logo_aigleshopping_ca.png\",\"width\":800,\"height\":233,\"caption\":\"Aigle Shopping Canada\"},\"image\":{\"@id\":\"https:\\\/\\\/aigleshopping.ca\\\/#\\\/schema\\\/logo\\\/image\\\/\"}}]}<\/script>\n<!-- \/ Yoast SEO plugin. -->","yoast_head_json":{"title":"Casque de jeu filaire Casque de musique \u00e0 basses intenses Casque de contr\u00f4le filaire Ordinateur T\u00e9l\u00e9phone mobile Casque universel - Aigle Shopping Canada","robots":{"index":"index","follow":"follow","max-snippet":"max-snippet:-1","max-image-preview":"max-image-preview:large","max-video-preview":"max-video-preview:-1"},"canonical":"https:\/\/aigleshopping.ca\/fr\/produit\/casque-de-jeu-filaire-casque-de-musique-a-basses-intenses-casque-de-controle-filaire-ordinateur-telephone-mobile-casque-universel\/","og_locale":"fr_FR","og_type":"article","og_title":"Casque de jeu filaire Casque de musique \u00e0 basses intenses Casque de contr\u00f4le filaire Ordinateur T\u00e9l\u00e9phone mobile Casque universel - Aigle Shopping Canada","og_description":"Vue d&rsquo;ensemble : Un design unique, \u00e9l\u00e9gant et beau. Bonne mati\u00e8re, port confortable. A&nbsp;vari\u00e9t\u00e9 de couleurs, au choix. Informations sur le produit : Plateformes compatibles : Windows Phone iOS Contr\u00f4le du fil : oui Principe sonore du casque : bobine mobile Type de musique applicable : Rock metal heavy bass type M\u00e9thode de port : [&hellip;]","og_url":"https:\/\/aigleshopping.ca\/fr\/produit\/casque-de-jeu-filaire-casque-de-musique-a-basses-intenses-casque-de-controle-filaire-ordinateur-telephone-mobile-casque-universel\/","og_site_name":"Aigle Shopping Canada","og_image":[{"width":800,"height":800,"url":"https:\/\/aigleshopping.ca\/wp-content\/uploads\/2025\/03\/3324859246_688820326.jpg","type":"image\/jpeg"}],"twitter_card":"summary_large_image","twitter_misc":{"Dur\u00e9e de lecture estim\u00e9e":"1 minute"},"schema":{"@context":"https:\/\/schema.org","@graph":[{"@type":"WebPage","@id":"https:\/\/aigleshopping.ca\/fr\/produit\/casque-de-jeu-filaire-casque-de-musique-a-basses-intenses-casque-de-controle-filaire-ordinateur-telephone-mobile-casque-universel\/","url":"https:\/\/aigleshopping.ca\/fr\/produit\/casque-de-jeu-filaire-casque-de-musique-a-basses-intenses-casque-de-controle-filaire-ordinateur-telephone-mobile-casque-universel\/","name":"Casque de jeu filaire Casque de musique \u00e0 basses intenses Casque de contr\u00f4le filaire Ordinateur T\u00e9l\u00e9phone mobile Casque universel - Aigle Shopping Canada","isPartOf":{"@id":"https:\/\/aigleshopping.ca\/#website"},"primaryImageOfPage":{"@id":"https:\/\/aigleshopping.ca\/fr\/produit\/casque-de-jeu-filaire-casque-de-musique-a-basses-intenses-casque-de-controle-filaire-ordinateur-telephone-mobile-casque-universel\/#primaryimage"},"image":{"@id":"https:\/\/aigleshopping.ca\/fr\/produit\/casque-de-jeu-filaire-casque-de-musique-a-basses-intenses-casque-de-controle-filaire-ordinateur-telephone-mobile-casque-universel\/#primaryimage"},"thumbnailUrl":"https:\/\/aigleshopping.ca\/wp-content\/uploads\/2025\/03\/3324859246_688820326.jpg","datePublished":"2025-03-06T23:41:45+00:00","breadcrumb":{"@id":"https:\/\/aigleshopping.ca\/fr\/produit\/casque-de-jeu-filaire-casque-de-musique-a-basses-intenses-casque-de-controle-filaire-ordinateur-telephone-mobile-casque-universel\/#breadcrumb"},"inLanguage":"fr-FR","potentialAction":[{"@type":"ReadAction","target":["https:\/\/aigleshopping.ca\/fr\/produit\/casque-de-jeu-filaire-casque-de-musique-a-basses-intenses-casque-de-controle-filaire-ordinateur-telephone-mobile-casque-universel\/"]}]},{"@type":"ImageObject","inLanguage":"fr-FR","@id":"https:\/\/aigleshopping.ca\/fr\/produit\/casque-de-jeu-filaire-casque-de-musique-a-basses-intenses-casque-de-controle-filaire-ordinateur-telephone-mobile-casque-universel\/#primaryimage","url":"https:\/\/aigleshopping.ca\/wp-content\/uploads\/2025\/03\/3324859246_688820326.jpg","contentUrl":"https:\/\/aigleshopping.ca\/wp-content\/uploads\/2025\/03\/3324859246_688820326.jpg","width":800,"height":800},{"@type":"BreadcrumbList","@id":"https:\/\/aigleshopping.ca\/fr\/produit\/casque-de-jeu-filaire-casque-de-musique-a-basses-intenses-casque-de-controle-filaire-ordinateur-telephone-mobile-casque-universel\/#breadcrumb","itemListElement":[{"@type":"ListItem","position":1,"name":"Home","item":"https:\/\/aigleshopping.ca\/fr\/home\/"},{"@type":"ListItem","position":2,"name":"Products","item":"https:\/\/aigleshopping.ca\/shop\/"},{"@type":"ListItem","position":3,"name":"Casque de jeu filaire Casque de musique \u00e0 basses intenses Casque de contr\u00f4le filaire Ordinateur T\u00e9l\u00e9phone mobile Casque universel"}]},{"@type":"WebSite","@id":"https:\/\/aigleshopping.ca\/#website","url":"https:\/\/aigleshopping.ca\/","name":"Aigle Shopping Canada","description":"Au-del\u00e0 des fronti\u00e8res, pour vous offrir le\u00a0meilleur!","publisher":{"@id":"https:\/\/aigleshopping.ca\/#organization"},"potentialAction":[{"@type":"SearchAction","target":{"@type":"EntryPoint","urlTemplate":"https:\/\/aigleshopping.ca\/?s={search_term_string}"},"query-input":{"@type":"PropertyValueSpecification","valueRequired":true,"valueName":"search_term_string"}}],"inLanguage":"fr-FR"},{"@type":"Organization","@id":"https:\/\/aigleshopping.ca\/#organization","name":"Aigle Shopping Canada","url":"https:\/\/aigleshopping.ca\/","logo":{"@type":"ImageObject","inLanguage":"fr-FR","@id":"https:\/\/aigleshopping.ca\/#\/schema\/logo\/image\/","url":"https:\/\/aigleshopping.ca\/wp-content\/uploads\/2025\/12\/logo_aigleshopping_ca.png","contentUrl":"https:\/\/aigleshopping.ca\/wp-content\/uploads\/2025\/12\/logo_aigleshopping_ca.png","width":800,"height":233,"caption":"Aigle Shopping Canada"},"image":{"@id":"https:\/\/aigleshopping.ca\/#\/schema\/logo\/image\/"}}]}},"jetpack_sharing_enabled":true,"_links":{"self":[{"href":"https:\/\/aigleshopping.ca\/fr\/wp-json\/wp\/v2\/product\/33304","targetHints":{"allow":["GET"]}}],"collection":[{"href":"https:\/\/aigleshopping.ca\/fr\/wp-json\/wp\/v2\/product"}],"about":[{"href":"https:\/\/aigleshopping.ca\/fr\/wp-json\/wp\/v2\/types\/product"}],"replies":[{"embeddable":true,"href":"https:\/\/aigleshopping.ca\/fr\/wp-json\/wp\/v2\/comments?post=33304"}],"wp:featuredmedia":[{"embeddable":true,"href":"https:\/\/aigleshopping.ca\/fr\/wp-json\/wp\/v2\/media\/11178"}],"wp:attachment":[{"href":"https:\/\/aigleshopping.ca\/fr\/wp-json\/wp\/v2\/media?parent=33304"}],"wp:term":[{"taxonomy":"product_brand","embeddable":true,"href":"https:\/\/aigleshopping.ca\/fr\/wp-json\/wp\/v2\/product_brand?post=33304"},{"taxonomy":"product_cat","embeddable":true,"href":"https:\/\/aigleshopping.ca\/fr\/wp-json\/wp\/v2\/product_cat?post=33304"},{"taxonomy":"product_tag","embeddable":true,"href":"https:\/\/aigleshopping.ca\/fr\/wp-json\/wp\/v2\/product_tag?post=33304"}],"curies":[{"name":"wp","href":"https:\/\/api.w.org\/{rel}","templated":true}]}}