{"id":33310,"date":"2025-03-06T23:31:20","date_gmt":"2025-03-06T23:31:20","guid":{"rendered":"https:\/\/aigleshopping.ca\/produit\/casque-decoute-pour-les-jeux\/"},"modified":"2025-03-06T23:31:20","modified_gmt":"2025-03-06T23:31:20","slug":"casque-decoute-pour-les-jeux","status":"publish","type":"product","link":"https:\/\/aigleshopping.ca\/fr\/produit\/casque-decoute-pour-les-jeux\/","title":{"rendered":"Casque d&rsquo;\u00e9coute pour les jeux"},"content":{"rendered":"<p>Beexcellent Casque de jeu st\u00e9r\u00e9o Casque de jeu st\u00e9r\u00e9o \u00e0 basses profondes avec micro Lumi\u00e8re LED pour PS4 T\u00e9l\u00e9phone PC Ordinateur portable Gamer<\/p>\n<p>  Contenu du paquet : <br \/> 1 x Casque de jeu PS4 <br \/> 1 x C\u00e2ble de s\u00e9paration  <\/p>\n<p>  Vue d&rsquo;ensemble : <br \/> Le Beexcellent GM-1 est un casque de jeu de premier ordre, qui vous apporte un champ sonore vif, une clart\u00e9 sonore, une sensation de choc sonore, et qui est capable de jouer \u00e0 divers jeux. Ses coussinets super doux sont plus confortables pour un port prolong\u00e9, et c&rsquo;est un excellent casque pour les joueurs ! Casque de jeu professionnel pour votre choix. <\/p>\n<p> Avantages du produit\uff1a <br \/> \u3010Grande compatibilit\u00e9 et polyvalence\u3011 Ce casque de jeu est principalement con\u00e7u pour les joueurs PS4, mais vous pouvez \u00e9galement l&rsquo;utiliser sur Smart Phone\/PC\/iMac\/Laptop\/Tablet\/PSP\/New Xbox one. <br \/> \u3010High Precision Magnetic Driver\u3011 (Conducteur magn\u00e9tique de haute pr\u00e9cision) Son surround impressionnant, vous donne l&rsquo;impression d&rsquo;\u00eatre en plein milieu de vos jeux. <br \/> \u3010Confortable et l\u00e9ger\u3011 Le casque est rembourr\u00e9 sur le dessus et autour des oreilles, ce qui en fait une option appropri\u00e9e pour de longues heures de jeu, mais ne donne pas l&rsquo;impression d&rsquo;\u00eatre lourd. <br \/> \u3010Long cordon tress\u00e9 souple\u3011 Plus de 2 m\u00e8tres ! Ce qui pour un joueur de jeux vid\u00e9o est parfait, pas besoin de s&rsquo;asseoir juste en face de la t\u00e9l\u00e9vision. Avoir un cordon aussi long permet de bouger beaucoup plus et d&rsquo;\u00eatre confortablement. <br \/> \u3010Smooth Mic et Volume Control\u3011 Il y a un petit contr\u00f4leur sur le cordon, vous permettant d&rsquo;allumer et d&rsquo;\u00e9teindre le micro, et le volume vers le haut et vers le bas avec facilit\u00e9. <\/p>\n<p> Remarques : <br \/> 1. Un adaptateur suppl\u00e9mentaire (non inclus) est n\u00e9cessaire pour connecter le contr\u00f4leur de l&rsquo;ancienne version.       <br \/>  2. Un c\u00e2ble s\u00e9parateur est inclus si vous avez besoin de vous connecter \u00e0 un ordinateur de bureau.  <br \/>  3. La prise USB ne sert qu&rsquo;\u00e0 l&rsquo;\u00e9clairage LED, pas au signal.  <br \/>  4. Le casque n&rsquo;est pas compatible avec la PS3.  <\/p>\n<p> <img fetchpriority=\"high\" decoding=\"async\" alt=\"CM-1-\u7ebf03.JPG\" height=\"790\" src=\"https:\/\/cf.cjdropshipping.com\/16778016\/1631726593451888640.jpg\" width=\"790\"> <\/p>\n<p> <img decoding=\"async\" alt=\"CM-1-\u7ebf01.JPG\" height=\"721.9475655430712\" src=\"https:\/\/cf.cjdropshipping.com\/16778016\/1631726593569329152.jpg\" width=\"790\"> <\/p>\n<p> <img decoding=\"async\" alt=\"CM-1-\u7ebf02.JPG\" height=\"790\" src=\"https:\/\/cf.cjdropshipping.com\/16778016\/1631726593716129792.jpg\" width=\"790\"> <\/p>\n<p> <img decoding=\"async\" alt=\"7V0A0688-7.jpg\" height=\"790\" src=\"https:\/\/cf.cjdropshipping.com\/16778016\/1631726593934233601.jpg\" width=\"790\"> <\/p>\n<p> <img loading=\"lazy\" decoding=\"async\" alt=\"7V0A0688-5.jpg\" height=\"790\" src=\"https:\/\/cf.cjdropshipping.com\/16778016\/1631726594244612096.jpg\" width=\"790\"> <\/p>\n<p> <img loading=\"lazy\" decoding=\"async\" alt=\"7V0A0688-4.jpg\" height=\"790\" src=\"https:\/\/cf.cjdropshipping.com\/16778016\/1631726594433355776.jpg\" width=\"790\"> <\/p>\n<p> <img loading=\"lazy\" decoding=\"async\" alt=\"7V0A0688-3.jpg\" height=\"790\" src=\"https:\/\/cf.cjdropshipping.com\/16778016\/1631726594617905152.jpg\" width=\"790\"> <\/p>\n<p> <img loading=\"lazy\" decoding=\"async\" alt=\"7V0A0688-2.jpg\" height=\"790\" src=\"https:\/\/cf.cjdropshipping.com\/16778016\/1631726594932477952.jpg\" width=\"790\"> <\/p>\n<p> <img loading=\"lazy\" decoding=\"async\" alt=\"7V0A0688-1.jpg\" height=\"790\" src=\"https:\/\/cf.cjdropshipping.com\/16778016\/1631726595100250112.jpg\" width=\"790\"> <\/p>\n<p> <img loading=\"lazy\" decoding=\"async\" alt=\"7V0A0688-.jpg\" height=\"790\" src=\"https:\/\/cf.cjdropshipping.com\/16778016\/1631726595326742528.jpg\" width=\"790\"> <\/p>\n<p> <img loading=\"lazy\" decoding=\"async\" alt=\"CM-1-\u7ebf04-\u84dd.JPG\" height=\"790\" src=\"https:\/\/cf.cjdropshipping.com\/16778016\/1631726595590983680.jpg\" width=\"790\"> <\/p>\n<p> <img loading=\"lazy\" decoding=\"async\" alt=\"CM-1-\u7ebf05-\u84dd.JPG\" height=\"790\" src=\"https:\/\/cf.cjdropshipping.com\/16778016\/1631726595741978624.jpg\" width=\"790\"> <\/p>\n<p> <img loading=\"lazy\" decoding=\"async\" alt=\"7V0A0689-.jpg\" height=\"790\" src=\"https:\/\/cf.cjdropshipping.com\/16778016\/1631726595909750784.jpg\" width=\"790\"> <\/p>\n<p> <img loading=\"lazy\" decoding=\"async\" alt=\"7V0A0689-1.jpg\" height=\"790\" src=\"https:\/\/cf.cjdropshipping.com\/16778016\/1631726596073328640.jpg\" width=\"790\"> <\/p>\n<p> <img loading=\"lazy\" decoding=\"async\" alt=\"7V0A0689-2.jpg\" height=\"790\" src=\"https:\/\/cf.cjdropshipping.com\/16778016\/1631726596266266624.jpg\" width=\"790\"> <\/p>\n<p> <img loading=\"lazy\" decoding=\"async\" alt=\"7V0A0689-3.jpg\" height=\"790\" src=\"https:\/\/cf.cjdropshipping.com\/16778016\/1631726596534702080.jpg\" width=\"790\"> <\/p>\n<p> <img loading=\"lazy\" decoding=\"async\" alt=\"7V0A0689-4.jpg\" height=\"790\" src=\"https:\/\/cf.cjdropshipping.com\/16778016\/1631726596790554624.jpg\" width=\"790\"> <\/p>\n<p> <img loading=\"lazy\" decoding=\"async\" alt=\"7V0A0689-5.jpg\" height=\"790\" src=\"https:\/\/cf.cjdropshipping.com\/16778016\/1631726596987686912.jpg\" width=\"790\"> <\/p>\n<p> <img loading=\"lazy\" decoding=\"async\" alt=\"7V0A0689-6.jpg\" height=\"790\" src=\"https:\/\/cf.cjdropshipping.com\/16778016\/1631726597134487552.jpg\" width=\"790\"> <\/p>\n<p> <img loading=\"lazy\" decoding=\"async\" alt=\"CM-1-\u7ebf02-\u7ea2.JPG\" height=\"790\" src=\"https:\/\/cf.cjdropshipping.com\/16778016\/1631726597302259712.jpg\" width=\"790\"> <img decoding=\"async\" alt=\"GM-1\u84dd-03.jpg\" height=\"592.5\" src=\"https:\/\/cf.cjdropshipping.com\/16778016\/1631726597453254656.jpg\" width=\"790\">  <\/p>\n","protected":false},"excerpt":{"rendered":"<p>Beexcellent Casque de jeu st\u00e9r\u00e9o Casque de jeu st\u00e9r\u00e9o \u00e0 basses profondes avec micro Lumi\u00e8re LED pour PS4 T\u00e9l\u00e9phone PC Ordinateur portable Gamer Contenu du paquet : 1 x Casque de jeu PS4 1 x C\u00e2ble de s\u00e9paration Vue d&rsquo;ensemble : Le Beexcellent GM-1 est un casque de jeu de premier ordre, qui vous apporte [&hellip;]<\/p>\n","protected":false},"featured_media":11074,"comment_status":"open","ping_status":"closed","template":"","meta":{"content-type":""},"product_brand":[],"product_cat":[753],"product_tag":[],"class_list":{"0":"post-33310","1":"product","2":"type-product","3":"status-publish","4":"has-post-thumbnail","6":"product_cat-casques-decoute","8":"first","9":"instock","10":"taxable","11":"shipping-taxable","12":"purchasable","13":"product-type-variable","14":"add-to-wishlist-after_add_to_cart"},"yoast_head":"<!-- This site is optimized with the Yoast SEO plugin v27.4 - https:\/\/yoast.com\/product\/yoast-seo-wordpress\/ -->\n<title>Casque d&#039;\u00e9coute pour les jeux - Aigle Shopping Canada<\/title>\n<meta name=\"robots\" content=\"index, follow, max-snippet:-1, max-image-preview:large, max-video-preview:-1\" \/>\n<link rel=\"canonical\" href=\"https:\/\/aigleshopping.ca\/fr\/produit\/casque-decoute-pour-les-jeux\/\" \/>\n<meta property=\"og:locale\" content=\"fr_FR\" \/>\n<meta property=\"og:type\" content=\"article\" \/>\n<meta property=\"og:title\" content=\"Casque d&#039;\u00e9coute pour les jeux - Aigle Shopping Canada\" \/>\n<meta property=\"og:description\" content=\"Beexcellent Casque de jeu st\u00e9r\u00e9o Casque de jeu st\u00e9r\u00e9o \u00e0 basses profondes avec micro Lumi\u00e8re LED pour PS4 T\u00e9l\u00e9phone PC Ordinateur portable Gamer Contenu du paquet : 1 x Casque de jeu PS4 1 x C\u00e2ble de s\u00e9paration Vue d&rsquo;ensemble : Le Beexcellent GM-1 est un casque de jeu de premier ordre, qui vous apporte [&hellip;]\" \/>\n<meta property=\"og:url\" content=\"https:\/\/aigleshopping.ca\/fr\/produit\/casque-decoute-pour-les-jeux\/\" \/>\n<meta property=\"og:site_name\" content=\"Aigle Shopping Canada\" \/>\n<meta property=\"og:image\" content=\"https:\/\/aigleshopping.ca\/wp-content\/uploads\/2025\/03\/4308771404175.jpg\" \/>\n\t<meta property=\"og:image:width\" content=\"782\" \/>\n\t<meta property=\"og:image:height\" content=\"703\" \/>\n\t<meta property=\"og:image:type\" content=\"image\/jpeg\" \/>\n<meta name=\"twitter:card\" content=\"summary_large_image\" \/>\n<meta name=\"twitter:label1\" content=\"Dur\u00e9e de lecture estim\u00e9e\" \/>\n\t<meta name=\"twitter:data1\" content=\"2 minutes\" \/>\n<script type=\"application\/ld+json\" class=\"yoast-schema-graph\">{\"@context\":\"https:\\\/\\\/schema.org\",\"@graph\":[{\"@type\":\"WebPage\",\"@id\":\"https:\\\/\\\/aigleshopping.ca\\\/fr\\\/produit\\\/casque-decoute-pour-les-jeux\\\/\",\"url\":\"https:\\\/\\\/aigleshopping.ca\\\/fr\\\/produit\\\/casque-decoute-pour-les-jeux\\\/\",\"name\":\"Casque d'\u00e9coute pour les jeux - Aigle Shopping Canada\",\"isPartOf\":{\"@id\":\"https:\\\/\\\/aigleshopping.ca\\\/#website\"},\"primaryImageOfPage\":{\"@id\":\"https:\\\/\\\/aigleshopping.ca\\\/fr\\\/produit\\\/casque-decoute-pour-les-jeux\\\/#primaryimage\"},\"image\":{\"@id\":\"https:\\\/\\\/aigleshopping.ca\\\/fr\\\/produit\\\/casque-decoute-pour-les-jeux\\\/#primaryimage\"},\"thumbnailUrl\":\"https:\\\/\\\/aigleshopping.ca\\\/wp-content\\\/uploads\\\/2025\\\/03\\\/4308771404175.jpg\",\"datePublished\":\"2025-03-06T23:31:20+00:00\",\"breadcrumb\":{\"@id\":\"https:\\\/\\\/aigleshopping.ca\\\/fr\\\/produit\\\/casque-decoute-pour-les-jeux\\\/#breadcrumb\"},\"inLanguage\":\"fr-FR\",\"potentialAction\":[{\"@type\":\"ReadAction\",\"target\":[\"https:\\\/\\\/aigleshopping.ca\\\/fr\\\/produit\\\/casque-decoute-pour-les-jeux\\\/\"]}]},{\"@type\":\"ImageObject\",\"inLanguage\":\"fr-FR\",\"@id\":\"https:\\\/\\\/aigleshopping.ca\\\/fr\\\/produit\\\/casque-decoute-pour-les-jeux\\\/#primaryimage\",\"url\":\"https:\\\/\\\/aigleshopping.ca\\\/wp-content\\\/uploads\\\/2025\\\/03\\\/4308771404175.jpg\",\"contentUrl\":\"https:\\\/\\\/aigleshopping.ca\\\/wp-content\\\/uploads\\\/2025\\\/03\\\/4308771404175.jpg\",\"width\":782,\"height\":703},{\"@type\":\"BreadcrumbList\",\"@id\":\"https:\\\/\\\/aigleshopping.ca\\\/fr\\\/produit\\\/casque-decoute-pour-les-jeux\\\/#breadcrumb\",\"itemListElement\":[{\"@type\":\"ListItem\",\"position\":1,\"name\":\"Home\",\"item\":\"https:\\\/\\\/aigleshopping.ca\\\/fr\\\/home\\\/\"},{\"@type\":\"ListItem\",\"position\":2,\"name\":\"Products\",\"item\":\"https:\\\/\\\/aigleshopping.ca\\\/shop\\\/\"},{\"@type\":\"ListItem\",\"position\":3,\"name\":\"Casque d&#8217;\u00e9coute pour les jeux\"}]},{\"@type\":\"WebSite\",\"@id\":\"https:\\\/\\\/aigleshopping.ca\\\/#website\",\"url\":\"https:\\\/\\\/aigleshopping.ca\\\/\",\"name\":\"Aigle Shopping Canada\",\"description\":\"Au-del\u00e0 des fronti\u00e8res, pour vous offrir le\u00a0meilleur!\",\"publisher\":{\"@id\":\"https:\\\/\\\/aigleshopping.ca\\\/#organization\"},\"potentialAction\":[{\"@type\":\"SearchAction\",\"target\":{\"@type\":\"EntryPoint\",\"urlTemplate\":\"https:\\\/\\\/aigleshopping.ca\\\/?s={search_term_string}\"},\"query-input\":{\"@type\":\"PropertyValueSpecification\",\"valueRequired\":true,\"valueName\":\"search_term_string\"}}],\"inLanguage\":\"fr-FR\"},{\"@type\":\"Organization\",\"@id\":\"https:\\\/\\\/aigleshopping.ca\\\/#organization\",\"name\":\"Aigle Shopping Canada\",\"url\":\"https:\\\/\\\/aigleshopping.ca\\\/\",\"logo\":{\"@type\":\"ImageObject\",\"inLanguage\":\"fr-FR\",\"@id\":\"https:\\\/\\\/aigleshopping.ca\\\/#\\\/schema\\\/logo\\\/image\\\/\",\"url\":\"https:\\\/\\\/aigleshopping.ca\\\/wp-content\\\/uploads\\\/2025\\\/12\\\/logo_aigleshopping_ca.png\",\"contentUrl\":\"https:\\\/\\\/aigleshopping.ca\\\/wp-content\\\/uploads\\\/2025\\\/12\\\/logo_aigleshopping_ca.png\",\"width\":800,\"height\":233,\"caption\":\"Aigle Shopping Canada\"},\"image\":{\"@id\":\"https:\\\/\\\/aigleshopping.ca\\\/#\\\/schema\\\/logo\\\/image\\\/\"}}]}<\/script>\n<!-- \/ Yoast SEO plugin. -->","yoast_head_json":{"title":"Casque d'\u00e9coute pour les jeux - Aigle Shopping Canada","robots":{"index":"index","follow":"follow","max-snippet":"max-snippet:-1","max-image-preview":"max-image-preview:large","max-video-preview":"max-video-preview:-1"},"canonical":"https:\/\/aigleshopping.ca\/fr\/produit\/casque-decoute-pour-les-jeux\/","og_locale":"fr_FR","og_type":"article","og_title":"Casque d'\u00e9coute pour les jeux - Aigle Shopping Canada","og_description":"Beexcellent Casque de jeu st\u00e9r\u00e9o Casque de jeu st\u00e9r\u00e9o \u00e0 basses profondes avec micro Lumi\u00e8re LED pour PS4 T\u00e9l\u00e9phone PC Ordinateur portable Gamer Contenu du paquet : 1 x Casque de jeu PS4 1 x C\u00e2ble de s\u00e9paration Vue d&rsquo;ensemble : Le Beexcellent GM-1 est un casque de jeu de premier ordre, qui vous apporte [&hellip;]","og_url":"https:\/\/aigleshopping.ca\/fr\/produit\/casque-decoute-pour-les-jeux\/","og_site_name":"Aigle Shopping Canada","og_image":[{"width":782,"height":703,"url":"https:\/\/aigleshopping.ca\/wp-content\/uploads\/2025\/03\/4308771404175.jpg","type":"image\/jpeg"}],"twitter_card":"summary_large_image","twitter_misc":{"Dur\u00e9e de lecture estim\u00e9e":"2 minutes"},"schema":{"@context":"https:\/\/schema.org","@graph":[{"@type":"WebPage","@id":"https:\/\/aigleshopping.ca\/fr\/produit\/casque-decoute-pour-les-jeux\/","url":"https:\/\/aigleshopping.ca\/fr\/produit\/casque-decoute-pour-les-jeux\/","name":"Casque d'\u00e9coute pour les jeux - Aigle Shopping Canada","isPartOf":{"@id":"https:\/\/aigleshopping.ca\/#website"},"primaryImageOfPage":{"@id":"https:\/\/aigleshopping.ca\/fr\/produit\/casque-decoute-pour-les-jeux\/#primaryimage"},"image":{"@id":"https:\/\/aigleshopping.ca\/fr\/produit\/casque-decoute-pour-les-jeux\/#primaryimage"},"thumbnailUrl":"https:\/\/aigleshopping.ca\/wp-content\/uploads\/2025\/03\/4308771404175.jpg","datePublished":"2025-03-06T23:31:20+00:00","breadcrumb":{"@id":"https:\/\/aigleshopping.ca\/fr\/produit\/casque-decoute-pour-les-jeux\/#breadcrumb"},"inLanguage":"fr-FR","potentialAction":[{"@type":"ReadAction","target":["https:\/\/aigleshopping.ca\/fr\/produit\/casque-decoute-pour-les-jeux\/"]}]},{"@type":"ImageObject","inLanguage":"fr-FR","@id":"https:\/\/aigleshopping.ca\/fr\/produit\/casque-decoute-pour-les-jeux\/#primaryimage","url":"https:\/\/aigleshopping.ca\/wp-content\/uploads\/2025\/03\/4308771404175.jpg","contentUrl":"https:\/\/aigleshopping.ca\/wp-content\/uploads\/2025\/03\/4308771404175.jpg","width":782,"height":703},{"@type":"BreadcrumbList","@id":"https:\/\/aigleshopping.ca\/fr\/produit\/casque-decoute-pour-les-jeux\/#breadcrumb","itemListElement":[{"@type":"ListItem","position":1,"name":"Home","item":"https:\/\/aigleshopping.ca\/fr\/home\/"},{"@type":"ListItem","position":2,"name":"Products","item":"https:\/\/aigleshopping.ca\/shop\/"},{"@type":"ListItem","position":3,"name":"Casque d&#8217;\u00e9coute pour les jeux"}]},{"@type":"WebSite","@id":"https:\/\/aigleshopping.ca\/#website","url":"https:\/\/aigleshopping.ca\/","name":"Aigle Shopping Canada","description":"Au-del\u00e0 des fronti\u00e8res, pour vous offrir le\u00a0meilleur!","publisher":{"@id":"https:\/\/aigleshopping.ca\/#organization"},"potentialAction":[{"@type":"SearchAction","target":{"@type":"EntryPoint","urlTemplate":"https:\/\/aigleshopping.ca\/?s={search_term_string}"},"query-input":{"@type":"PropertyValueSpecification","valueRequired":true,"valueName":"search_term_string"}}],"inLanguage":"fr-FR"},{"@type":"Organization","@id":"https:\/\/aigleshopping.ca\/#organization","name":"Aigle Shopping Canada","url":"https:\/\/aigleshopping.ca\/","logo":{"@type":"ImageObject","inLanguage":"fr-FR","@id":"https:\/\/aigleshopping.ca\/#\/schema\/logo\/image\/","url":"https:\/\/aigleshopping.ca\/wp-content\/uploads\/2025\/12\/logo_aigleshopping_ca.png","contentUrl":"https:\/\/aigleshopping.ca\/wp-content\/uploads\/2025\/12\/logo_aigleshopping_ca.png","width":800,"height":233,"caption":"Aigle Shopping Canada"},"image":{"@id":"https:\/\/aigleshopping.ca\/#\/schema\/logo\/image\/"}}]}},"jetpack_sharing_enabled":true,"_links":{"self":[{"href":"https:\/\/aigleshopping.ca\/fr\/wp-json\/wp\/v2\/product\/33310","targetHints":{"allow":["GET"]}}],"collection":[{"href":"https:\/\/aigleshopping.ca\/fr\/wp-json\/wp\/v2\/product"}],"about":[{"href":"https:\/\/aigleshopping.ca\/fr\/wp-json\/wp\/v2\/types\/product"}],"replies":[{"embeddable":true,"href":"https:\/\/aigleshopping.ca\/fr\/wp-json\/wp\/v2\/comments?post=33310"}],"wp:featuredmedia":[{"embeddable":true,"href":"https:\/\/aigleshopping.ca\/fr\/wp-json\/wp\/v2\/media\/11074"}],"wp:attachment":[{"href":"https:\/\/aigleshopping.ca\/fr\/wp-json\/wp\/v2\/media?parent=33310"}],"wp:term":[{"taxonomy":"product_brand","embeddable":true,"href":"https:\/\/aigleshopping.ca\/fr\/wp-json\/wp\/v2\/product_brand?post=33310"},{"taxonomy":"product_cat","embeddable":true,"href":"https:\/\/aigleshopping.ca\/fr\/wp-json\/wp\/v2\/product_cat?post=33310"},{"taxonomy":"product_tag","embeddable":true,"href":"https:\/\/aigleshopping.ca\/fr\/wp-json\/wp\/v2\/product_tag?post=33310"}],"curies":[{"name":"wp","href":"https:\/\/api.w.org\/{rel}","templated":true}]}}