{"id":33313,"date":"2025-03-06T23:44:44","date_gmt":"2025-03-06T23:44:44","guid":{"rendered":"https:\/\/aigleshopping.ca\/produit\/chargeur-sans-fil-3-en-1-pour-telephone-portable-montre-ecouteurs-et-support-de-chargeur-sans-fil\/"},"modified":"2025-03-06T23:44:44","modified_gmt":"2025-03-06T23:44:44","slug":"chargeur-sans-fil-3-en-1-pour-telephone-portable-montre-ecouteurs-et-support-de-chargeur-sans-fil","status":"publish","type":"product","link":"https:\/\/aigleshopping.ca\/fr\/produit\/chargeur-sans-fil-3-en-1-pour-telephone-portable-montre-ecouteurs-et-support-de-chargeur-sans-fil\/","title":{"rendered":"Chargeur sans fil 3 en 1 pour t\u00e9l\u00e9phone portable, montre, \u00e9couteurs et support de chargeur sans fil"},"content":{"rendered":"<p> <b>Vue d&rsquo;ensemble :<\/b> <br \/> Le chargeur sans fil peut charger les t\u00e9l\u00e9phones portables, les Apple Watch, les \u00e9couteurs et les Airpods. Il convient aux \u00e9couteurs Apple AirPods 1\/2\/AirPods Pro\/Xiaomi Airdots Youth Edition, \u00e0 certains \u00e9couteurs Bluetooth TWS et \u00e0 l&rsquo;Apple Watch Series 5\/4\/3\/2\/1. Prise en charge de la charge hybride entre Apple et Android. (Remarque : lorsque vous chargez le t\u00e9l\u00e9phone, les \u00e9couteurs et la montre ensemble, vous devez utiliser un adaptateur 12V\/2A ou 9V\/2,7A. L&rsquo;adaptateur est inclus) <br \/> Touchez la lumi\u00e8re de l&rsquo;interrupteur du capteur. T\u00e9moin lumineux intelligent de l&rsquo;\u00e9tat de charge, la base s&rsquo;affiche en bleu lorsque le t\u00e9l\u00e9phone est en cours de charge, et en bleu-vert lorsqu&rsquo;elle d\u00e9tecte des objets \u00e9trangers. Lorsque le t\u00e9l\u00e9phone n&rsquo;est pas en charge, le voyant vert est toujours allum\u00e9. Pour ne pas perturber votre sommeil, vous pouvez \u00e9teindre les lumi\u00e8res de la base du chargeur sans fil. <\/p>\n<p> <b>Sp\u00e9cifications<\/b> <br \/> Mat\u00e9riau : Plastique <br \/> Taille : Environ 13,6&#215;10,1&#215;13,6 cm\/5,35&#215;3,98&#215;5,35 in <br \/> Interface : Type-c <br \/> Courant : 1500mAh <br \/> Tension : 12V <br \/> Puissance : 15W <br \/> <b> <br \/> Contenu de l&#8217;emballage : <\/b> <br \/> 1 X chargeur sans fil <br \/> 1 X c\u00e2ble de type C <br \/> 1 X manuel d&rsquo;utilisation      <\/p>\n<p> <\/p>\n<p> <\/p>\n<p> <\/p>\n<p> <img decoding=\"async\" src=\"https:\/\/cf.cjdropshipping.com\/adda418d-3a3e-4818-8a55-84298db8e0b2.jpg\"> <img decoding=\"async\" src=\"https:\/\/cf.cjdropshipping.com\/79230871-96e2-43c7-814e-c4c949446723.jpg\"> <img decoding=\"async\" src=\"https:\/\/cf.cjdropshipping.com\/f5cfe70c-36da-434a-89bb-8fababa261d8.jpg\">  <\/p>\n<p>PLUG UE<\/p>\n<p> <\/p>\n<p> <\/p>\n<p> <img decoding=\"async\" src=\"https:\/\/cf.cjdropshipping.com\/892233b5-89d3-44d8-82f2-7795c628bbb0.png\">  <\/p>\n<p> <img decoding=\"async\" src=\"https:\/\/cf.cjdropshipping.com\/47ea69df-d81a-4b99-8b53-2c8e24adfafd.png\">  <\/p>\n","protected":false},"excerpt":{"rendered":"<p>Vue d&rsquo;ensemble : Le chargeur sans fil peut charger les t\u00e9l\u00e9phones portables, les Apple Watch, les \u00e9couteurs et les Airpods. Il convient aux \u00e9couteurs Apple AirPods 1\/2\/AirPods Pro\/Xiaomi Airdots Youth Edition, \u00e0 certains \u00e9couteurs Bluetooth TWS et \u00e0 l&rsquo;Apple Watch Series 5\/4\/3\/2\/1. Prise en charge de la charge hybride entre Apple et Android. (Remarque : [&hellip;]<\/p>\n","protected":false},"featured_media":11247,"comment_status":"open","ping_status":"closed","template":"","meta":{"content-type":""},"product_brand":[],"product_cat":[736],"product_tag":[],"class_list":{"0":"post-33313","1":"product","2":"type-product","3":"status-publish","4":"has-post-thumbnail","6":"product_cat-chargeurs-et-cables-usb","8":"first","9":"instock","10":"taxable","11":"shipping-taxable","12":"purchasable","13":"product-type-variable","14":"add-to-wishlist-after_add_to_cart"},"yoast_head":"<!-- This site is optimized with the Yoast SEO plugin v27.4 - https:\/\/yoast.com\/product\/yoast-seo-wordpress\/ -->\n<title>Chargeur sans fil 3 en 1 pour t\u00e9l\u00e9phone portable, montre, \u00e9couteurs et support de chargeur sans fil - Aigle Shopping Canada<\/title>\n<meta name=\"robots\" content=\"index, follow, max-snippet:-1, max-image-preview:large, max-video-preview:-1\" \/>\n<link rel=\"canonical\" href=\"https:\/\/aigleshopping.ca\/fr\/produit\/chargeur-sans-fil-3-en-1-pour-telephone-portable-montre-ecouteurs-et-support-de-chargeur-sans-fil\/\" \/>\n<meta property=\"og:locale\" content=\"fr_FR\" \/>\n<meta property=\"og:type\" content=\"article\" \/>\n<meta property=\"og:title\" content=\"Chargeur sans fil 3 en 1 pour t\u00e9l\u00e9phone portable, montre, \u00e9couteurs et support de chargeur sans fil - Aigle Shopping Canada\" \/>\n<meta property=\"og:description\" content=\"Vue d&rsquo;ensemble : Le chargeur sans fil peut charger les t\u00e9l\u00e9phones portables, les Apple Watch, les \u00e9couteurs et les Airpods. Il convient aux \u00e9couteurs Apple AirPods 1\/2\/AirPods Pro\/Xiaomi Airdots Youth Edition, \u00e0 certains \u00e9couteurs Bluetooth TWS et \u00e0 l&rsquo;Apple Watch Series 5\/4\/3\/2\/1. Prise en charge de la charge hybride entre Apple et Android. (Remarque : [&hellip;]\" \/>\n<meta property=\"og:url\" content=\"https:\/\/aigleshopping.ca\/fr\/produit\/chargeur-sans-fil-3-en-1-pour-telephone-portable-montre-ecouteurs-et-support-de-chargeur-sans-fil\/\" \/>\n<meta property=\"og:site_name\" content=\"Aigle Shopping Canada\" \/>\n<meta property=\"og:image\" content=\"https:\/\/aigleshopping.ca\/wp-content\/uploads\/2025\/03\/8085fa75-832e-4d0d-b42d-ecd3e3fbc158.jpg\" \/>\n\t<meta property=\"og:image:width\" content=\"1000\" \/>\n\t<meta property=\"og:image:height\" content=\"1000\" \/>\n\t<meta property=\"og:image:type\" content=\"image\/jpeg\" \/>\n<meta name=\"twitter:card\" content=\"summary_large_image\" \/>\n<meta name=\"twitter:label1\" content=\"Dur\u00e9e de lecture estim\u00e9e\" \/>\n\t<meta name=\"twitter:data1\" content=\"1 minute\" \/>\n<script type=\"application\/ld+json\" class=\"yoast-schema-graph\">{\"@context\":\"https:\\\/\\\/schema.org\",\"@graph\":[{\"@type\":\"WebPage\",\"@id\":\"https:\\\/\\\/aigleshopping.ca\\\/fr\\\/produit\\\/chargeur-sans-fil-3-en-1-pour-telephone-portable-montre-ecouteurs-et-support-de-chargeur-sans-fil\\\/\",\"url\":\"https:\\\/\\\/aigleshopping.ca\\\/fr\\\/produit\\\/chargeur-sans-fil-3-en-1-pour-telephone-portable-montre-ecouteurs-et-support-de-chargeur-sans-fil\\\/\",\"name\":\"Chargeur sans fil 3 en 1 pour t\u00e9l\u00e9phone portable, montre, \u00e9couteurs et support de chargeur sans fil - Aigle Shopping Canada\",\"isPartOf\":{\"@id\":\"https:\\\/\\\/aigleshopping.ca\\\/#website\"},\"primaryImageOfPage\":{\"@id\":\"https:\\\/\\\/aigleshopping.ca\\\/fr\\\/produit\\\/chargeur-sans-fil-3-en-1-pour-telephone-portable-montre-ecouteurs-et-support-de-chargeur-sans-fil\\\/#primaryimage\"},\"image\":{\"@id\":\"https:\\\/\\\/aigleshopping.ca\\\/fr\\\/produit\\\/chargeur-sans-fil-3-en-1-pour-telephone-portable-montre-ecouteurs-et-support-de-chargeur-sans-fil\\\/#primaryimage\"},\"thumbnailUrl\":\"https:\\\/\\\/aigleshopping.ca\\\/wp-content\\\/uploads\\\/2025\\\/03\\\/8085fa75-832e-4d0d-b42d-ecd3e3fbc158.jpg\",\"datePublished\":\"2025-03-06T23:44:44+00:00\",\"breadcrumb\":{\"@id\":\"https:\\\/\\\/aigleshopping.ca\\\/fr\\\/produit\\\/chargeur-sans-fil-3-en-1-pour-telephone-portable-montre-ecouteurs-et-support-de-chargeur-sans-fil\\\/#breadcrumb\"},\"inLanguage\":\"fr-FR\",\"potentialAction\":[{\"@type\":\"ReadAction\",\"target\":[\"https:\\\/\\\/aigleshopping.ca\\\/fr\\\/produit\\\/chargeur-sans-fil-3-en-1-pour-telephone-portable-montre-ecouteurs-et-support-de-chargeur-sans-fil\\\/\"]}]},{\"@type\":\"ImageObject\",\"inLanguage\":\"fr-FR\",\"@id\":\"https:\\\/\\\/aigleshopping.ca\\\/fr\\\/produit\\\/chargeur-sans-fil-3-en-1-pour-telephone-portable-montre-ecouteurs-et-support-de-chargeur-sans-fil\\\/#primaryimage\",\"url\":\"https:\\\/\\\/aigleshopping.ca\\\/wp-content\\\/uploads\\\/2025\\\/03\\\/8085fa75-832e-4d0d-b42d-ecd3e3fbc158.jpg\",\"contentUrl\":\"https:\\\/\\\/aigleshopping.ca\\\/wp-content\\\/uploads\\\/2025\\\/03\\\/8085fa75-832e-4d0d-b42d-ecd3e3fbc158.jpg\",\"width\":1000,\"height\":1000},{\"@type\":\"BreadcrumbList\",\"@id\":\"https:\\\/\\\/aigleshopping.ca\\\/fr\\\/produit\\\/chargeur-sans-fil-3-en-1-pour-telephone-portable-montre-ecouteurs-et-support-de-chargeur-sans-fil\\\/#breadcrumb\",\"itemListElement\":[{\"@type\":\"ListItem\",\"position\":1,\"name\":\"Home\",\"item\":\"https:\\\/\\\/aigleshopping.ca\\\/fr\\\/home\\\/\"},{\"@type\":\"ListItem\",\"position\":2,\"name\":\"Products\",\"item\":\"https:\\\/\\\/aigleshopping.ca\\\/shop\\\/\"},{\"@type\":\"ListItem\",\"position\":3,\"name\":\"Chargeur sans fil 3 en 1 pour t\u00e9l\u00e9phone portable, montre, \u00e9couteurs et support de chargeur sans fil\"}]},{\"@type\":\"WebSite\",\"@id\":\"https:\\\/\\\/aigleshopping.ca\\\/#website\",\"url\":\"https:\\\/\\\/aigleshopping.ca\\\/\",\"name\":\"Aigle Shopping Canada\",\"description\":\"Au-del\u00e0 des fronti\u00e8res, pour vous offrir le\u00a0meilleur!\",\"publisher\":{\"@id\":\"https:\\\/\\\/aigleshopping.ca\\\/#organization\"},\"potentialAction\":[{\"@type\":\"SearchAction\",\"target\":{\"@type\":\"EntryPoint\",\"urlTemplate\":\"https:\\\/\\\/aigleshopping.ca\\\/?s={search_term_string}\"},\"query-input\":{\"@type\":\"PropertyValueSpecification\",\"valueRequired\":true,\"valueName\":\"search_term_string\"}}],\"inLanguage\":\"fr-FR\"},{\"@type\":\"Organization\",\"@id\":\"https:\\\/\\\/aigleshopping.ca\\\/#organization\",\"name\":\"Aigle Shopping Canada\",\"url\":\"https:\\\/\\\/aigleshopping.ca\\\/\",\"logo\":{\"@type\":\"ImageObject\",\"inLanguage\":\"fr-FR\",\"@id\":\"https:\\\/\\\/aigleshopping.ca\\\/#\\\/schema\\\/logo\\\/image\\\/\",\"url\":\"https:\\\/\\\/aigleshopping.ca\\\/wp-content\\\/uploads\\\/2025\\\/12\\\/logo_aigleshopping_ca.png\",\"contentUrl\":\"https:\\\/\\\/aigleshopping.ca\\\/wp-content\\\/uploads\\\/2025\\\/12\\\/logo_aigleshopping_ca.png\",\"width\":800,\"height\":233,\"caption\":\"Aigle Shopping Canada\"},\"image\":{\"@id\":\"https:\\\/\\\/aigleshopping.ca\\\/#\\\/schema\\\/logo\\\/image\\\/\"}}]}<\/script>\n<!-- \/ Yoast SEO plugin. -->","yoast_head_json":{"title":"Chargeur sans fil 3 en 1 pour t\u00e9l\u00e9phone portable, montre, \u00e9couteurs et support de chargeur sans fil - Aigle Shopping Canada","robots":{"index":"index","follow":"follow","max-snippet":"max-snippet:-1","max-image-preview":"max-image-preview:large","max-video-preview":"max-video-preview:-1"},"canonical":"https:\/\/aigleshopping.ca\/fr\/produit\/chargeur-sans-fil-3-en-1-pour-telephone-portable-montre-ecouteurs-et-support-de-chargeur-sans-fil\/","og_locale":"fr_FR","og_type":"article","og_title":"Chargeur sans fil 3 en 1 pour t\u00e9l\u00e9phone portable, montre, \u00e9couteurs et support de chargeur sans fil - Aigle Shopping Canada","og_description":"Vue d&rsquo;ensemble : Le chargeur sans fil peut charger les t\u00e9l\u00e9phones portables, les Apple Watch, les \u00e9couteurs et les Airpods. Il convient aux \u00e9couteurs Apple AirPods 1\/2\/AirPods Pro\/Xiaomi Airdots Youth Edition, \u00e0 certains \u00e9couteurs Bluetooth TWS et \u00e0 l&rsquo;Apple Watch Series 5\/4\/3\/2\/1. Prise en charge de la charge hybride entre Apple et Android. (Remarque : [&hellip;]","og_url":"https:\/\/aigleshopping.ca\/fr\/produit\/chargeur-sans-fil-3-en-1-pour-telephone-portable-montre-ecouteurs-et-support-de-chargeur-sans-fil\/","og_site_name":"Aigle Shopping Canada","og_image":[{"width":1000,"height":1000,"url":"https:\/\/aigleshopping.ca\/wp-content\/uploads\/2025\/03\/8085fa75-832e-4d0d-b42d-ecd3e3fbc158.jpg","type":"image\/jpeg"}],"twitter_card":"summary_large_image","twitter_misc":{"Dur\u00e9e de lecture estim\u00e9e":"1 minute"},"schema":{"@context":"https:\/\/schema.org","@graph":[{"@type":"WebPage","@id":"https:\/\/aigleshopping.ca\/fr\/produit\/chargeur-sans-fil-3-en-1-pour-telephone-portable-montre-ecouteurs-et-support-de-chargeur-sans-fil\/","url":"https:\/\/aigleshopping.ca\/fr\/produit\/chargeur-sans-fil-3-en-1-pour-telephone-portable-montre-ecouteurs-et-support-de-chargeur-sans-fil\/","name":"Chargeur sans fil 3 en 1 pour t\u00e9l\u00e9phone portable, montre, \u00e9couteurs et support de chargeur sans fil - Aigle Shopping Canada","isPartOf":{"@id":"https:\/\/aigleshopping.ca\/#website"},"primaryImageOfPage":{"@id":"https:\/\/aigleshopping.ca\/fr\/produit\/chargeur-sans-fil-3-en-1-pour-telephone-portable-montre-ecouteurs-et-support-de-chargeur-sans-fil\/#primaryimage"},"image":{"@id":"https:\/\/aigleshopping.ca\/fr\/produit\/chargeur-sans-fil-3-en-1-pour-telephone-portable-montre-ecouteurs-et-support-de-chargeur-sans-fil\/#primaryimage"},"thumbnailUrl":"https:\/\/aigleshopping.ca\/wp-content\/uploads\/2025\/03\/8085fa75-832e-4d0d-b42d-ecd3e3fbc158.jpg","datePublished":"2025-03-06T23:44:44+00:00","breadcrumb":{"@id":"https:\/\/aigleshopping.ca\/fr\/produit\/chargeur-sans-fil-3-en-1-pour-telephone-portable-montre-ecouteurs-et-support-de-chargeur-sans-fil\/#breadcrumb"},"inLanguage":"fr-FR","potentialAction":[{"@type":"ReadAction","target":["https:\/\/aigleshopping.ca\/fr\/produit\/chargeur-sans-fil-3-en-1-pour-telephone-portable-montre-ecouteurs-et-support-de-chargeur-sans-fil\/"]}]},{"@type":"ImageObject","inLanguage":"fr-FR","@id":"https:\/\/aigleshopping.ca\/fr\/produit\/chargeur-sans-fil-3-en-1-pour-telephone-portable-montre-ecouteurs-et-support-de-chargeur-sans-fil\/#primaryimage","url":"https:\/\/aigleshopping.ca\/wp-content\/uploads\/2025\/03\/8085fa75-832e-4d0d-b42d-ecd3e3fbc158.jpg","contentUrl":"https:\/\/aigleshopping.ca\/wp-content\/uploads\/2025\/03\/8085fa75-832e-4d0d-b42d-ecd3e3fbc158.jpg","width":1000,"height":1000},{"@type":"BreadcrumbList","@id":"https:\/\/aigleshopping.ca\/fr\/produit\/chargeur-sans-fil-3-en-1-pour-telephone-portable-montre-ecouteurs-et-support-de-chargeur-sans-fil\/#breadcrumb","itemListElement":[{"@type":"ListItem","position":1,"name":"Home","item":"https:\/\/aigleshopping.ca\/fr\/home\/"},{"@type":"ListItem","position":2,"name":"Products","item":"https:\/\/aigleshopping.ca\/shop\/"},{"@type":"ListItem","position":3,"name":"Chargeur sans fil 3 en 1 pour t\u00e9l\u00e9phone portable, montre, \u00e9couteurs et support de chargeur sans fil"}]},{"@type":"WebSite","@id":"https:\/\/aigleshopping.ca\/#website","url":"https:\/\/aigleshopping.ca\/","name":"Aigle Shopping Canada","description":"Au-del\u00e0 des fronti\u00e8res, pour vous offrir le\u00a0meilleur!","publisher":{"@id":"https:\/\/aigleshopping.ca\/#organization"},"potentialAction":[{"@type":"SearchAction","target":{"@type":"EntryPoint","urlTemplate":"https:\/\/aigleshopping.ca\/?s={search_term_string}"},"query-input":{"@type":"PropertyValueSpecification","valueRequired":true,"valueName":"search_term_string"}}],"inLanguage":"fr-FR"},{"@type":"Organization","@id":"https:\/\/aigleshopping.ca\/#organization","name":"Aigle Shopping Canada","url":"https:\/\/aigleshopping.ca\/","logo":{"@type":"ImageObject","inLanguage":"fr-FR","@id":"https:\/\/aigleshopping.ca\/#\/schema\/logo\/image\/","url":"https:\/\/aigleshopping.ca\/wp-content\/uploads\/2025\/12\/logo_aigleshopping_ca.png","contentUrl":"https:\/\/aigleshopping.ca\/wp-content\/uploads\/2025\/12\/logo_aigleshopping_ca.png","width":800,"height":233,"caption":"Aigle Shopping Canada"},"image":{"@id":"https:\/\/aigleshopping.ca\/#\/schema\/logo\/image\/"}}]}},"jetpack_sharing_enabled":true,"_links":{"self":[{"href":"https:\/\/aigleshopping.ca\/fr\/wp-json\/wp\/v2\/product\/33313","targetHints":{"allow":["GET"]}}],"collection":[{"href":"https:\/\/aigleshopping.ca\/fr\/wp-json\/wp\/v2\/product"}],"about":[{"href":"https:\/\/aigleshopping.ca\/fr\/wp-json\/wp\/v2\/types\/product"}],"replies":[{"embeddable":true,"href":"https:\/\/aigleshopping.ca\/fr\/wp-json\/wp\/v2\/comments?post=33313"}],"wp:featuredmedia":[{"embeddable":true,"href":"https:\/\/aigleshopping.ca\/fr\/wp-json\/wp\/v2\/media\/11247"}],"wp:attachment":[{"href":"https:\/\/aigleshopping.ca\/fr\/wp-json\/wp\/v2\/media?parent=33313"}],"wp:term":[{"taxonomy":"product_brand","embeddable":true,"href":"https:\/\/aigleshopping.ca\/fr\/wp-json\/wp\/v2\/product_brand?post=33313"},{"taxonomy":"product_cat","embeddable":true,"href":"https:\/\/aigleshopping.ca\/fr\/wp-json\/wp\/v2\/product_cat?post=33313"},{"taxonomy":"product_tag","embeddable":true,"href":"https:\/\/aigleshopping.ca\/fr\/wp-json\/wp\/v2\/product_tag?post=33313"}],"curies":[{"name":"wp","href":"https:\/\/api.w.org\/{rel}","templated":true}]}}